{"id":31570,"date":"2020-08-26T10:07:06","date_gmt":"2020-08-26T09:07:06","guid":{"rendered":"https:\/\/www.babcock-wanson.com\/perfil-corporativo\/sostenibilidad\/"},"modified":"2023-11-28T15:42:19","modified_gmt":"2023-11-28T15:42:19","slug":"sostenibilidad","status":"publish","type":"page","link":"https:\/\/www.babcock-wanson.com\/es\/perfil-corporativo\/sostenibilidad\/","title":{"rendered":"Sostenibilidad"},"content":{"rendered":"<div class=\"vgblk-rw-wrapper limit-wrapper\">\n<h2>\n\tBabcock Wanson es una sociedad totalmente comprometida con la incorporaci\u00f3n de la sostenibilidad a su estrategia empresarial global. El objetivo es ayudar a nuestros clientes a alcanzar sus objetivos ambientales.\n\t<\/h2>\n<h3>\n\tImpacto ambiental\n\t<\/h3>\n\t<p>Nuestras prestaciones respetuosas con el medioambiente son fundamentales para ayudar a que nuestros clientes reduzcan su impacto sobre el entorno.<\/p>\n<h3>\n\tEficiencia energ\u00e9tica\n\t<\/h3>\n\t<p>Ofrecemos numerosas opciones de optimizaci\u00f3n y estamos disponibles para colaborar estrechamente con nuestros clientes industriales para mostrarles los posibles ahorros.<\/p>\n<h3>\n\tConformidad reglamentaria\n\t<\/h3>\n\t<p>Las calderas de Babcock\u00a0Wanson cumplen y, a menudo, superan las reglamentaciones sobre rendimiento actuales.<\/p>\n<h3>\n\tEconom\u00eda circular\n\t<\/h3>\n\t<p>Siempre que sea posible, nuestra filosof\u00eda es colaborar con proveedores de bienes y servicios locales para reducir las distancias de transporte de todos los materiales.<\/p>\n<h2>\n\tEficiencia energ\u00e9tica\n\t<\/h2>\n\t<p>Uno de los principales factores para alcanzar un nivel de eficiencia energ\u00e9tica elevado de los sistemas es la capacidad de los productos de Babcock\u00a0Wanson para funcionar a temperaturas elevadas en un circuito cerrado de energ\u00eda lo m\u00e1s sencillo y completo que sea posible. Este enfoque permite optimizar la transferencia de energ\u00eda para alcanzar eficiencias de hasta un 97\u00a0% (dependiendo del producto y las condiciones de funcionamiento) a lo largo de todo el intervalo operativo de la caldera.<\/p>\n<p>Babcock\u00a0Wanson ofrece numerosas opciones de optimizaci\u00f3n y est\u00e1 disponible para colaborar estrechamente con sus clientes industriales para mostrarles los posibles ahorros y asesorarles acerca de las mejores soluciones para sus aplicaciones.<\/p>\n\t\t\t\t\t\t\t99%\t\t\t\t\n\t\t\t<style>\n\t\t\t\t.fl-node- .fl-number-bars-container {\n\t\t\t\t\tbackground-color: var( --vamtam-accent-color-7 );\n\t\t\t\t}\n\t\t\t\t.fl-node- .fl-number-bar {\n\t\t\t\t\tbackground-color: var( --vamtam-accent-color-1 );\n\t\t\t\t}\n\t\t\t<\/style>\n\t<p>Rendimiento t\u00edpico de las calderas el\u00e9ctricas nuevas<\/p>\n\t\t\t\t\t\t\t95%\t\t\t\t\n\t\t\t<style>\n\t\t\t\t.fl-node- .fl-number-bars-container {\n\t\t\t\t\tbackground-color: var( --vamtam-accent-color-7 );\n\t\t\t\t}\n\t\t\t\t.fl-node- .fl-number-bar {\n\t\t\t\t\tbackground-color: var( --vamtam-accent-color-1 );\n\t\t\t\t}\n\t\t\t<\/style>\n\t<p>Rendimiento t\u00edpico de las calderas de gas nuevas<\/p>\n\t\t\t\t\t\t\t75%\t\t\t\t\n\t\t\t<style>\n\t\t\t\t.fl-node- .fl-number-bars-container {\n\t\t\t\t\tbackground-color: var( --vamtam-accent-color-7 );\n\t\t\t\t}\n\t\t\t\t.fl-node- .fl-number-bar {\n\t\t\t\t\tbackground-color: var( --vamtam-accent-color-1 );\n\t\t\t\t}\n\t\t\t<\/style>\n\t<p>Aumento t\u00edpico de la tasa de purga mediante \u00f3smosis inversa<\/p>\n\t\t\t\t\t\t\t<img loading=\"lazy\" decoding=\"async\" src=\"https:\/\/www.babcock-wanson.com\/wp-content\/uploads\/2019\/02\/boiler-management-training-1.jpg\" alt=\"cursos-de-gesti\u00f3n-de-calderas\" itemprop=\"image\" height=\"400\" width=\"600\" title=\"cursos-de-gesti\u00f3n-de-calderas-1\" onerror=\"this.style.display='none'\"  sizes=\"auto, (max-width: 768px) 100vw, 100vw\" srcset=\"https:\/\/www.babcock-wanson.com\/wp-content\/uploads\/2019\/02\/boiler-management-training-1.jpg 600w, https:\/\/www.babcock-wanson.com\/wp-content\/uploads\/2019\/02\/boiler-management-training-1-300x200.jpg 300w, https:\/\/www.babcock-wanson.com\/wp-content\/uploads\/2019\/02\/boiler-management-training-1-420x280.jpg 420w, https:\/\/www.babcock-wanson.com\/wp-content\/uploads\/2019\/02\/boiler-management-training-1-315x210.jpg 315w\" \/>\t\t\t\t\t\t\t\n<h2>\n\t\tConformidad y reglamentaci\u00f3n\n\t<\/h2>\n\t<p>Las calderas de Babcock\u00a0Wanson cumplen y, a menudo, superan las reglamentaciones sobre rendimiento actuales.<\/p>\n<p>Babcock\u00a0Wanson tambi\u00e9n colabora con Carbon Trust en la optimizaci\u00f3n del consumo de energ\u00eda con sistemas de calentamiento por fluido t\u00e9rmico de alta calidad.\u00a0 Carbon\u00a0Trust es un especialista independiente internacional que colabora con organizaciones de primer nivel para ayudarles a contribuir a un futuro m\u00e1s sostenible del que disfrutar a trav\u00e9s de la reducci\u00f3n de carbono, las estrategias de eficiencia de recursos y la comercializaci\u00f3n de tecnolog\u00edas de baja emisi\u00f3n de carbono.<\/p>\n<p>DEMOXYA es un proyecto de Babcock\u00a0Wanson subvencionado por ADEME, la Agencia de Gesti\u00f3n Energ\u00e9tica y Ambiental de Francia, en el marco de una convocatoria de proyectos para respaldar los programas de I+D destinados a mejorar la calidad del aire tanto en interiores como en exteriores. El nombre del proyecto significa \u00abD\u00e9veloppement et d\u00e9monstration de br\u00fbleurs \u00e0 tr\u00e8s faibles \u00e9missions d&#8217;oxydes d&#8217;azote\u00bb (Desarrollo y demostraci\u00f3n de quemadores con unas emisiones de \u00f3xidos de nitr\u00f3geno muy bajas).<\/p>\n<h2>\n\t\tEficiencia de costes y tiempo\n\t<\/h2>\n\t<p>Con el objetivo de ayudar a identificar reducciones de costes y mejoras potenciales en el funcionamiento de una sala de calderas, Babcock\u00a0Wanson ha desarrollado una herramienta de an\u00e1lisis de salas de calderas capaz de cuantificar el posible ahorro en combustible antes de la inversi\u00f3n. Esta herramienta tiene en cuenta todos los par\u00e1metros operativos de las salas de calderas, desde el <a href=\"https:\/\/www.babcock-wanson.com\/es\/categoria-producto\/tratamiento-de-agua-industrial\/\" rel=\"noopener\" target=\"_blank\">tratamiento de agua<\/a> hasta la entrada de combustible y las emisiones de escape.<\/p>\n<p>Todos los productos de Babcock\u00a0Wanson se han dise\u00f1ado para un funcionamiento sencillo y nuestros clientes se benefician del control de costes asociado.<\/p>\n\t\t\t\t\t\t\t<img loading=\"lazy\" decoding=\"async\" src=\"https:\/\/www.babcock-wanson.com\/wp-content\/uploads\/2019\/02\/industrial-boiler-after-sales-service-2.jpg\" alt=\"servicio-posventa-calderas-industriales\" itemprop=\"image\" height=\"400\" width=\"600\" title=\"servicio-posventa-calderas-industriales-2\" onerror=\"this.style.display='none'\"  sizes=\"auto, (max-width: 768px) 100vw, 100vw\" srcset=\"https:\/\/www.babcock-wanson.com\/wp-content\/uploads\/2019\/02\/industrial-boiler-after-sales-service-2.jpg 600w, https:\/\/www.babcock-wanson.com\/wp-content\/uploads\/2019\/02\/industrial-boiler-after-sales-service-2-300x200.jpg 300w, https:\/\/www.babcock-wanson.com\/wp-content\/uploads\/2019\/02\/industrial-boiler-after-sales-service-2-420x280.jpg 420w, https:\/\/www.babcock-wanson.com\/wp-content\/uploads\/2019\/02\/industrial-boiler-after-sales-service-2-315x210.jpg 315w\" \/>\t\t\t\t\t\t\t\n\t\t\t\t\t\t\t<img loading=\"lazy\" decoding=\"async\" src=\"https:\/\/www.babcock-wanson.com\/wp-content\/uploads\/2018\/09\/Regenerative-Oxidisers-4.jpg\" alt=\"Oxidadores regenerativos\" itemprop=\"image\" height=\"400\" width=\"600\" title=\"Oxidadores regenerativos (4)\" onerror=\"this.style.display='none'\"  sizes=\"auto, (max-width: 768px) 100vw, 100vw\" srcset=\"https:\/\/www.babcock-wanson.com\/wp-content\/uploads\/2018\/09\/Regenerative-Oxidisers-4.jpg 600w, https:\/\/www.babcock-wanson.com\/wp-content\/uploads\/2018\/09\/Regenerative-Oxidisers-4-300x200.jpg 300w, https:\/\/www.babcock-wanson.com\/wp-content\/uploads\/2018\/09\/Regenerative-Oxidisers-4-420x280.jpg 420w, https:\/\/www.babcock-wanson.com\/wp-content\/uploads\/2018\/09\/Regenerative-Oxidisers-4-315x210.jpg 315w\" \/>\t\t\t\t\t\t\t\n<h2>\n\t\tReducci\u00f3n de los niveles de emisiones y NOx\n\t<\/h2>\n\t<p>La eficiencia energ\u00e9tica no es la \u00fanica ventaja que ofrecen los productos de Babcock\u00a0Wanson: sus prestaciones respetuosas con el medioambiente tambi\u00e9n son fundamentales para ayudar a que los clientes industriales reduzcan su impacto sobre el entorno.<\/p>\n<p>Los \u00f3xidos de nitr\u00f3geno (NOx) tienen un impacto significativo sobre la salud y el medioambiente. Generadas en plantas de combusti\u00f3n, las emisiones de NOx contribuyen a la acidificaci\u00f3n de los entornos naturales, a la contaminaci\u00f3n fotoqu\u00edmica (smog) y a la eutrofizaci\u00f3n (degradaci\u00f3n de los ecosistemas acu\u00e1ticos debido a un crecimiento vegetal excesivo).<\/p>\n<p>El objetivo del equipo de ingenieros de combusti\u00f3n de Babcock\u00a0Wanson es seguir reduciendo los NOx generados con la combusti\u00f3n, as\u00ed como mejorar la eficiencia energ\u00e9tica gracias a un aumento del intervalo de modulaci\u00f3n de nuestros quemadores. Cuanto m\u00e1s se acerque la potencia del quemador a la demanda del proceso, menos p\u00e9rdidas se producir\u00e1n y mayor ser\u00e1 la eficiencia total del proceso.<\/p>\n<p>Gracias a la provisi\u00f3n de soluciones de alta eficiencia energ\u00e9tica, las emisiones de CO2 tambi\u00e9n se reducen.<\/p>\n<h2>\n\t\tEconom\u00eda circular\n\t<\/h2>\n\t<p>Siempre que sea posible, la filosof\u00eda de Babcock\u00a0Wanson es colaborar con proveedores de bienes y servicios locales.<\/p>\n<p>Adem\u00e1s, perseguimos reducir las distancias de transporte de todos los materiales que se entregan en nuestras plantas de fabricaci\u00f3n.<\/p>\n<p>A trav\u00e9s del cumplimiento de estos objetivos, Babcock\u00a0Wanson se esfuerza por respetar el medioambiente.\u00a0 Nuestro prop\u00f3sito es promover una econom\u00eda circular que reduzca el impacto ambiental asociado con el ciclo de vida y la producci\u00f3n de todos nuestros productos.<\/p>\n\t\t\t\t\t\t\t<img loading=\"lazy\" decoding=\"async\" src=\"https:\/\/www.babcock-wanson.com\/wp-content\/uploads\/2018\/08\/HTV-Indirect-Process-Air-Heaters-4.jpg\" alt=\"Calentador de aire de proceso indirecto HTV-N\" itemprop=\"image\" height=\"400\" width=\"600\" title=\"Calentador de aire de proceso indirecto HTV-N (4)\" onerror=\"this.style.display='none'\"  sizes=\"auto, (max-width: 768px) 100vw, 100vw\" srcset=\"https:\/\/www.babcock-wanson.com\/wp-content\/uploads\/2018\/08\/HTV-Indirect-Process-Air-Heaters-4.jpg 600w, https:\/\/www.babcock-wanson.com\/wp-content\/uploads\/2018\/08\/HTV-Indirect-Process-Air-Heaters-4-300x200.jpg 300w, https:\/\/www.babcock-wanson.com\/wp-content\/uploads\/2018\/08\/HTV-Indirect-Process-Air-Heaters-4-420x280.jpg 420w, https:\/\/www.babcock-wanson.com\/wp-content\/uploads\/2018\/08\/HTV-Indirect-Process-Air-Heaters-4-315x210.jpg 315w\" \/>\t\t\t\t\t\t\t\n<h3>\n\tUna sociedad m\u00e1s limpia y ecol\u00f3gica\n\t<\/h3>\n\t<p>El aumento de los conocimientos y la mejora de la tecnolog\u00eda nos brindan oportunidades para mejorar nuestro funcionamiento y minimizar nuestros impactos ambientales de un modo m\u00e1s inteligente y cuantificado.<\/p>\n\t<a href=\"https:\/\/www.babcock-wanson.com\/es\/contacto\/\" target=\"_self\" role=\"button\" rel=\"noopener\">\n\t\t\t\t\tM\u00e1s informaci\u00f3n\n\t<\/a>\n<h3>\n\tIniciativas Smarter Green\n\t<\/h3>\n\t<p>Nuestro programa Smarter Green se centra en los impactos m\u00e1s importantes de nuestras operaciones sobre el medioambiente, entre ellos, el impacto del cambio clim\u00e1tico sobre nuestro negocio y nuestro consumo de energ\u00eda.<\/p>\n\t<a href=\"https:\/\/www.babcock-wanson.com\/es\/contacto\/\" target=\"_self\" role=\"button\" rel=\"noopener\">\n\t\t\t\t\tM\u00e1s informaci\u00f3n\n\t<\/a>\n\n<\/div><!-- .vgblk-rw-wrapper -->","protected":false},"excerpt":{"rendered":"<p>Babcock Wanson es una sociedad totalmente comprometida con la incorporaci\u00f3n de la sostenibilidad a su estrategia empresarial global. El objetivo es ayudar a nuestros clientes a alcanzar sus objetivos ambientales. Impacto ambiental Nuestras prestaciones respetuosas con el medioambiente son fundamentales para ayudar a que nuestros clientes reduzcan su impacto sobre el entorno. Eficiencia energ\u00e9tica Ofrecemos&#8230;<\/p>\n","protected":false},"author":1,"featured_media":0,"parent":31545,"menu_order":0,"comment_status":"closed","ping_status":"closed","template":"","meta":{"_acf_changed":false,"_relevanssi_hide_post":"","_relevanssi_hide_content":"","_relevanssi_pin_for_all":"","_relevanssi_pin_keywords":"","_relevanssi_unpin_keywords":"","_relevanssi_related_keywords":"","_relevanssi_related_include_ids":"","_relevanssi_related_exclude_ids":"","_relevanssi_related_no_append":"","_relevanssi_related_not_related":"","_relevanssi_related_posts":"","_relevanssi_noindex_reason":"","footnotes":""},"class_list":["post-31570","page","type-page","status-publish","hentry"],"acf":[],"yoast_head":"<!-- This site is optimized with the Yoast SEO Premium plugin v27.4 (Yoast SEO v27.4) - https:\/\/yoast.com\/product\/yoast-seo-premium-wordpress\/ -->\n<title>Sostenibilidad - Babcock Wanson<\/title>\n<meta name=\"description\" content=\"Babcock Wanson es una sociedad totalmente comprometida con la incorporaci\u00f3n de la sostenibilidad a su estrategia empresarial global.\" \/>\n<meta name=\"robots\" content=\"index, follow, max-snippet:-1, max-image-preview:large, max-video-preview:-1\" \/>\n<link rel=\"canonical\" href=\"https:\/\/www.babcock-wanson.com\/es\/perfil-corporativo\/sostenibilidad\/\" \/>\n<meta property=\"og:locale\" content=\"es_ES\" \/>\n<meta property=\"og:type\" content=\"article\" \/>\n<meta property=\"og:title\" content=\"Sostenibilidad\" \/>\n<meta property=\"og:description\" content=\"Babcock Wanson es una sociedad totalmente comprometida con la incorporaci\u00f3n de la sostenibilidad a su estrategia empresarial global.\" \/>\n<meta property=\"og:url\" content=\"https:\/\/www.babcock-wanson.com\/es\/perfil-corporativo\/sostenibilidad\/\" \/>\n<meta property=\"og:site_name\" content=\"Babcock Wanson\" \/>\n<meta property=\"article:modified_time\" content=\"2023-11-28T15:42:19+00:00\" \/>\n<meta property=\"og:image\" content=\"https:\/\/www.babcock-wanson.com\/wp-content\/uploads\/2019\/02\/boiler-management-training-1.jpg\" \/>\n<meta name=\"twitter:card\" content=\"summary_large_image\" \/>\n<meta name=\"twitter:label1\" content=\"Est. reading time\" \/>\n\t<meta name=\"twitter:data1\" content=\"5 minutos\" \/>\n<script type=\"application\/ld+json\" class=\"yoast-schema-graph\">{\"@context\":\"https:\\\/\\\/schema.org\",\"@graph\":[{\"@type\":\"WebPage\",\"@id\":\"https:\\\/\\\/www.babcock-wanson.com\\\/es\\\/perfil-corporativo\\\/sostenibilidad\\\/\",\"url\":\"https:\\\/\\\/www.babcock-wanson.com\\\/es\\\/perfil-corporativo\\\/sostenibilidad\\\/\",\"name\":\"Sostenibilidad - Babcock Wanson\",\"isPartOf\":{\"@id\":\"https:\\\/\\\/www.babcock-wanson.com\\\/es\\\/#website\"},\"primaryImageOfPage\":{\"@id\":\"https:\\\/\\\/www.babcock-wanson.com\\\/es\\\/perfil-corporativo\\\/sostenibilidad\\\/#primaryimage\"},\"image\":{\"@id\":\"https:\\\/\\\/www.babcock-wanson.com\\\/es\\\/perfil-corporativo\\\/sostenibilidad\\\/#primaryimage\"},\"thumbnailUrl\":\"https:\\\/\\\/www.babcock-wanson.com\\\/wp-content\\\/uploads\\\/2019\\\/02\\\/boiler-management-training-1.jpg\",\"datePublished\":\"2020-08-26T09:07:06+00:00\",\"dateModified\":\"2023-11-28T15:42:19+00:00\",\"description\":\"Babcock Wanson es una sociedad totalmente comprometida con la incorporaci\u00f3n de la sostenibilidad a su estrategia empresarial global.\",\"breadcrumb\":{\"@id\":\"https:\\\/\\\/www.babcock-wanson.com\\\/es\\\/perfil-corporativo\\\/sostenibilidad\\\/#breadcrumb\"},\"inLanguage\":\"es\",\"potentialAction\":[{\"@type\":\"ReadAction\",\"target\":[\"https:\\\/\\\/www.babcock-wanson.com\\\/es\\\/perfil-corporativo\\\/sostenibilidad\\\/\"]}]},{\"@type\":\"ImageObject\",\"inLanguage\":\"es\",\"@id\":\"https:\\\/\\\/www.babcock-wanson.com\\\/es\\\/perfil-corporativo\\\/sostenibilidad\\\/#primaryimage\",\"url\":\"https:\\\/\\\/www.babcock-wanson.com\\\/wp-content\\\/uploads\\\/2019\\\/02\\\/boiler-management-training-1.jpg\",\"contentUrl\":\"https:\\\/\\\/www.babcock-wanson.com\\\/wp-content\\\/uploads\\\/2019\\\/02\\\/boiler-management-training-1.jpg\"},{\"@type\":\"BreadcrumbList\",\"@id\":\"https:\\\/\\\/www.babcock-wanson.com\\\/es\\\/perfil-corporativo\\\/sostenibilidad\\\/#breadcrumb\",\"itemListElement\":[{\"@type\":\"ListItem\",\"position\":1,\"name\":\"Inicio\",\"item\":\"https:\\\/\\\/www.babcock-wanson.com\\\/es\\\/\"},{\"@type\":\"ListItem\",\"position\":2,\"name\":\"Perfil corporativo\",\"item\":\"https:\\\/\\\/www.babcock-wanson.com\\\/es\\\/perfil-corporativo\\\/\"},{\"@type\":\"ListItem\",\"position\":3,\"name\":\"Sostenibilidad\"}]},{\"@type\":\"WebSite\",\"@id\":\"https:\\\/\\\/www.babcock-wanson.com\\\/es\\\/#website\",\"url\":\"https:\\\/\\\/www.babcock-wanson.com\\\/es\\\/\",\"name\":\"Babcock Wanson\",\"description\":\"\",\"publisher\":{\"@id\":\"https:\\\/\\\/www.babcock-wanson.com\\\/es\\\/#organization\"},\"potentialAction\":[{\"@type\":\"SearchAction\",\"target\":{\"@type\":\"EntryPoint\",\"urlTemplate\":\"https:\\\/\\\/www.babcock-wanson.com\\\/es\\\/?s={search_term_string}\"},\"query-input\":{\"@type\":\"PropertyValueSpecification\",\"valueRequired\":true,\"valueName\":\"search_term_string\"}}],\"inLanguage\":\"es\"},{\"@type\":\"Organization\",\"@id\":\"https:\\\/\\\/www.babcock-wanson.com\\\/es\\\/#organization\",\"name\":\"Babcock Wanson\",\"url\":\"https:\\\/\\\/www.babcock-wanson.com\\\/es\\\/\",\"logo\":{\"@type\":\"ImageObject\",\"inLanguage\":\"es\",\"@id\":\"https:\\\/\\\/www.babcock-wanson.com\\\/es\\\/#\\\/schema\\\/logo\\\/image\\\/\",\"url\":\"https:\\\/\\\/www.babcock-wanson.com\\\/wp-content\\\/uploads\\\/2024\\\/02\\\/Babcock-Wanson-1200x1200-1.png\",\"contentUrl\":\"https:\\\/\\\/www.babcock-wanson.com\\\/wp-content\\\/uploads\\\/2024\\\/02\\\/Babcock-Wanson-1200x1200-1.png\",\"width\":1200,\"height\":1200,\"caption\":\"Babcock Wanson\"},\"image\":{\"@id\":\"https:\\\/\\\/www.babcock-wanson.com\\\/es\\\/#\\\/schema\\\/logo\\\/image\\\/\"},\"sameAs\":[\"https:\\\/\\\/www.linkedin.com\\\/company\\\/babcock-wanson\\\/\",\"https:\\\/\\\/www.youtube.com\\\/channel\\\/UCtxl25VieBBsP2kYmtlyv7A\"]}]}<\/script>\n<!-- \/ Yoast SEO Premium plugin. -->","yoast_head_json":{"title":"Sostenibilidad - Babcock Wanson","description":"Babcock Wanson es una sociedad totalmente comprometida con la incorporaci\u00f3n de la sostenibilidad a su estrategia empresarial global.","robots":{"index":"index","follow":"follow","max-snippet":"max-snippet:-1","max-image-preview":"max-image-preview:large","max-video-preview":"max-video-preview:-1"},"canonical":"https:\/\/www.babcock-wanson.com\/es\/perfil-corporativo\/sostenibilidad\/","og_locale":"es_ES","og_type":"article","og_title":"Sostenibilidad","og_description":"Babcock Wanson es una sociedad totalmente comprometida con la incorporaci\u00f3n de la sostenibilidad a su estrategia empresarial global.","og_url":"https:\/\/www.babcock-wanson.com\/es\/perfil-corporativo\/sostenibilidad\/","og_site_name":"Babcock Wanson","article_modified_time":"2023-11-28T15:42:19+00:00","og_image":[{"url":"https:\/\/www.babcock-wanson.com\/wp-content\/uploads\/2019\/02\/boiler-management-training-1.jpg","type":"","width":"","height":""}],"twitter_card":"summary_large_image","twitter_misc":{"Est. reading time":"5 minutos"},"schema":{"@context":"https:\/\/schema.org","@graph":[{"@type":"WebPage","@id":"https:\/\/www.babcock-wanson.com\/es\/perfil-corporativo\/sostenibilidad\/","url":"https:\/\/www.babcock-wanson.com\/es\/perfil-corporativo\/sostenibilidad\/","name":"Sostenibilidad - Babcock Wanson","isPartOf":{"@id":"https:\/\/www.babcock-wanson.com\/es\/#website"},"primaryImageOfPage":{"@id":"https:\/\/www.babcock-wanson.com\/es\/perfil-corporativo\/sostenibilidad\/#primaryimage"},"image":{"@id":"https:\/\/www.babcock-wanson.com\/es\/perfil-corporativo\/sostenibilidad\/#primaryimage"},"thumbnailUrl":"https:\/\/www.babcock-wanson.com\/wp-content\/uploads\/2019\/02\/boiler-management-training-1.jpg","datePublished":"2020-08-26T09:07:06+00:00","dateModified":"2023-11-28T15:42:19+00:00","description":"Babcock Wanson es una sociedad totalmente comprometida con la incorporaci\u00f3n de la sostenibilidad a su estrategia empresarial global.","breadcrumb":{"@id":"https:\/\/www.babcock-wanson.com\/es\/perfil-corporativo\/sostenibilidad\/#breadcrumb"},"inLanguage":"es","potentialAction":[{"@type":"ReadAction","target":["https:\/\/www.babcock-wanson.com\/es\/perfil-corporativo\/sostenibilidad\/"]}]},{"@type":"ImageObject","inLanguage":"es","@id":"https:\/\/www.babcock-wanson.com\/es\/perfil-corporativo\/sostenibilidad\/#primaryimage","url":"https:\/\/www.babcock-wanson.com\/wp-content\/uploads\/2019\/02\/boiler-management-training-1.jpg","contentUrl":"https:\/\/www.babcock-wanson.com\/wp-content\/uploads\/2019\/02\/boiler-management-training-1.jpg"},{"@type":"BreadcrumbList","@id":"https:\/\/www.babcock-wanson.com\/es\/perfil-corporativo\/sostenibilidad\/#breadcrumb","itemListElement":[{"@type":"ListItem","position":1,"name":"Inicio","item":"https:\/\/www.babcock-wanson.com\/es\/"},{"@type":"ListItem","position":2,"name":"Perfil corporativo","item":"https:\/\/www.babcock-wanson.com\/es\/perfil-corporativo\/"},{"@type":"ListItem","position":3,"name":"Sostenibilidad"}]},{"@type":"WebSite","@id":"https:\/\/www.babcock-wanson.com\/es\/#website","url":"https:\/\/www.babcock-wanson.com\/es\/","name":"Babcock Wanson","description":"","publisher":{"@id":"https:\/\/www.babcock-wanson.com\/es\/#organization"},"potentialAction":[{"@type":"SearchAction","target":{"@type":"EntryPoint","urlTemplate":"https:\/\/www.babcock-wanson.com\/es\/?s={search_term_string}"},"query-input":{"@type":"PropertyValueSpecification","valueRequired":true,"valueName":"search_term_string"}}],"inLanguage":"es"},{"@type":"Organization","@id":"https:\/\/www.babcock-wanson.com\/es\/#organization","name":"Babcock Wanson","url":"https:\/\/www.babcock-wanson.com\/es\/","logo":{"@type":"ImageObject","inLanguage":"es","@id":"https:\/\/www.babcock-wanson.com\/es\/#\/schema\/logo\/image\/","url":"https:\/\/www.babcock-wanson.com\/wp-content\/uploads\/2024\/02\/Babcock-Wanson-1200x1200-1.png","contentUrl":"https:\/\/www.babcock-wanson.com\/wp-content\/uploads\/2024\/02\/Babcock-Wanson-1200x1200-1.png","width":1200,"height":1200,"caption":"Babcock Wanson"},"image":{"@id":"https:\/\/www.babcock-wanson.com\/es\/#\/schema\/logo\/image\/"},"sameAs":["https:\/\/www.linkedin.com\/company\/babcock-wanson\/","https:\/\/www.youtube.com\/channel\/UCtxl25VieBBsP2kYmtlyv7A"]}]}},"jetpack_sharing_enabled":true,"_links":{"self":[{"href":"https:\/\/www.babcock-wanson.com\/es\/wp-json\/wp\/v2\/pages\/31570","targetHints":{"allow":["GET"]}}],"collection":[{"href":"https:\/\/www.babcock-wanson.com\/es\/wp-json\/wp\/v2\/pages"}],"about":[{"href":"https:\/\/www.babcock-wanson.com\/es\/wp-json\/wp\/v2\/types\/page"}],"author":[{"embeddable":true,"href":"https:\/\/www.babcock-wanson.com\/es\/wp-json\/wp\/v2\/users\/1"}],"replies":[{"embeddable":true,"href":"https:\/\/www.babcock-wanson.com\/es\/wp-json\/wp\/v2\/comments?post=31570"}],"version-history":[{"count":3,"href":"https:\/\/www.babcock-wanson.com\/es\/wp-json\/wp\/v2\/pages\/31570\/revisions"}],"predecessor-version":[{"id":46731,"href":"https:\/\/www.babcock-wanson.com\/es\/wp-json\/wp\/v2\/pages\/31570\/revisions\/46731"}],"up":[{"embeddable":true,"href":"https:\/\/www.babcock-wanson.com\/es\/wp-json\/wp\/v2\/pages\/31545"}],"wp:attachment":[{"href":"https:\/\/www.babcock-wanson.com\/es\/wp-json\/wp\/v2\/media?parent=31570"}],"curies":[{"name":"wp","href":"https:\/\/api.w.org\/{rel}","templated":true}]}}