{"id":31655,"date":"2020-08-26T13:29:57","date_gmt":"2020-08-26T12:29:57","guid":{"rendered":"https:\/\/www.babcock-wanson.com\/perfil-corporativo\/historia\/"},"modified":"2026-01-26T16:52:31","modified_gmt":"2026-01-26T16:52:31","slug":"historia","status":"publish","type":"page","link":"https:\/\/www.babcock-wanson.com\/es\/perfil-corporativo\/historia\/","title":{"rendered":"Historia"},"content":{"rendered":"<div class=\"vgblk-rw-wrapper limit-wrapper\">\n<h2>\n\tLos or\u00edgenes de <strong>Babcock Wanson<\/strong>\n\t<\/h2>\n\t<p>Tras una dilatada trayectoria de producci\u00f3n, Babcock Wanson ha adquirido una vasta experiencia gracias a la integraci\u00f3n de marcas de prestigio como Parent, Babcock, Bloctherm, Duquenne, Fluidothermus, Seum, Lardet, Goemine, Cobra, Vapor y Safmat.<\/p>\n<h2>\n\tPrimeros pasos\n\t<\/h2>\n\t<strong>1898<\/strong>\u00a0Constituci\u00f3n de la sociedad de construcci\u00f3n francesa Babcock &amp; Wilcox, filial de la empresa de producci\u00f3n de energ\u00eda estadounidense.<br \/>\n<strong>1929<\/strong> L\u00e9on Wanson crea Wanson Company (denominada originalmente C.M.T [construcci\u00f3n de equipos t\u00e9rmicos]).\n<h2>\n\tConstrucci\u00f3n sobre los cimientos\n\t<\/h2>\n\t<strong>1931<\/strong> L\u00e9on Wanson y su gran amigo Alfred Parent eligen un bisonte como emblema corporativo para reflejar la relevancia y la energ\u00eda de la sociedad.<br \/>\n<strong>1951<\/strong> Alfred Parent crea Parent, cuyas oficinas centrales se sit\u00faan en N\u00e9rac (Lot-et-Garonne, Francia).\n<h2>\n\tApertura en el Reino Unido\n\t<\/h2>\n\t<strong>1956<\/strong> Creaci\u00f3n de Wanson Company en el Reino Unido, que m\u00e1s adelante se convertir\u00eda en Babcock Wanson UK.<br \/>\n<strong>1987<\/strong> Parent se integra en Wanson Group.<br \/>\n<strong>1988<\/strong> Creaci\u00f3n de Babcock Entreprise mediante la fusi\u00f3n de la Divisi\u00f3n de Calderas de Babcock &amp; Wilcox y Lardet Babcock Company.\n<h2>\n\tEtapa dentro de CNIM Group\n\t<\/h2>\n\t<strong>1989<\/strong> Babcock Entreprise se convierte en una filial totalmente participada de CNIM Group.<br \/>\n<strong>1990<\/strong> Adquisici\u00f3n de Wanson por parte de CNIM y creaci\u00f3n de Babcock Wanson mediante la fusi\u00f3n con las actividades de Babcock.\n<h2>\n\tExpansi\u00f3n por toda Europa\n\t<\/h2>\n\t<strong>1992<\/strong> CNIM Group adquiere Italwanson, que se convierte en Babcock Wanson Italiana.<br \/>\n<strong>1998<\/strong> CNIM crea una filial en Europa Central, CNIM Babcock Central Europe, que m\u00e1s adelante se convertir\u00eda en Babcock Wanson Polska.<br \/>\n<strong>2008<\/strong> : CYP Babcock Wanson cambia su nombre a Babcock Wanson Espa\u00f1a.\n<h2>\n\tIndependencia de Babcock Wanson\n\t<\/h2>\n\t<strong>2016<\/strong> Babcock Wanson se independiza de CNIM con el respaldo de los FCDE (Fondos de Consolidaci\u00f3n y Desarrollo Empresarial) y cambia su imagen de marca con un enfoque m\u00e1s internacional.<br \/>\n<strong>2017<\/strong> Babcock Wanson adquiere Reputabel Warmtetechniek en los Pa\u00edses Bajos.<br \/>\n<strong>2020<\/strong> Babcock Wanson refuerza su estrategia de proximidad con la adquisici\u00f3n de Maes en B\u00e9lgica.<br \/>\n<strong>2021:<\/strong> Kart\u00e9sia se constituye en nuevo accionista mayoritario de Babcock Wanson en sustituci\u00f3n de la F.C.D.E.<br \/>\n<strong>2021 :<\/strong> Babcock Wanson aplica su pol\u00edtica de crecimiento externo. 3 nuevas empresas se unen al grupo: Thermigas (Francia), Steam Plant Engineering (Reino Unido) y Standard Fasel (Pa\u00edses Bajos).\n<h2>\n\tBabcock Wanson Group\n\t<\/h2>\n\t<strong>2022 :<\/strong> La pol\u00edtica de crecimiento y adquisiciones de Babcock Wanson conduce a la creaci\u00f3n del <strong>Babcock Wanson Group<\/strong>, estructurado en torno a 5 divisiones: Calderas y Quemadores, Tratamiento del Aire, Tratamiento del Agua, Soluciones Medioambientales, Servicios.<br \/>\n<strong>2022: <\/strong>Donau Carbon Technologies se une al Babcock Wanson Group, reforzando su oferta de soluciones medioambientales.<br \/>\n<strong>2022: <\/strong>Parat, actor clave en el campo de las calderas de electrodos, se une al Babcock Wanson Group.<br \/>\n<strong>2023: <\/strong>PBS Power Equipements, fabricante checo de calderas y quemadores, se une al grupo Babcock Wanson.<br \/>\n<strong>2024:<\/strong> El Grupo Babcock Wanson entra en el mercado alem\u00e1n con la adquisici\u00f3n del Grupo VKK, conocido por su experiencia en tecnolog\u00eda de calderas industriales.\n<h3>\n\t\t\t<a href=\"https:\/\/www.babcock-wanson-group.com\/\" title=\"En la actualidad, Babcock Wanson Group se compone de las unidades de negocio siguientes:\" target=\"_blank\" rel=\"noopener\">\n\tEn la actualidad, Babcock Wanson Group se compone de las unidades de negocio siguientes:\n\t\t\t<\/a>\n\t<\/h3>\n\t<ul>\n<li>\n<h5>Babcock Wanson (Francia)<\/h5>\n<\/li>\n<li>\n<h5>Thermigas (Francia)<\/h5>\n<\/li>\n<li>\n<h5>Babcock Wanson Italiana (Italia)<\/h5>\n<\/li>\n<li>\n<h5>Donau Carbon Technologies SRL (Italia)<\/h5>\n<\/li>\n<li>\n<h5>Reputabel Warmtetechniek (Pa\u00edses Bajos)<\/h5>\n<\/li>\n<li>\n<h5>Standard Fasel (Pa\u00edses Bajos)<\/h5>\n<\/li>\n<li>\n<h5>VKK Standard Kessel K\u00f6then Group (Alemania)<\/h5>\n<\/li>\n<li>\n<h5>Parat Halvorsen AS (Noruega)<\/h5>\n<\/li>\n<li>\n<h5>Maes BVBA (B\u00e9lgica)<\/h5>\n<\/li>\n<li>\n<h5>PBS Power Equipements (Rep\u00fablica Checa)<\/h5>\n<\/li>\n<li>\n<h5>Babcock Wanson Polska (Polonia)<\/h5>\n<\/li>\n<li>\n<h5>Babcock Wanson Caldeiras Lda (Portugal)<\/h5>\n<\/li>\n<li>\n<h5>Babcock Wanson Espa\u00f1a (Espa\u00f1a)<\/h5>\n<\/li>\n<li>\n<h5>Babcock Wanson Tunisie (T\u00fanez)<\/h5>\n<\/li>\n<li>\n<h5>Babcock Wanson UK (Reino Unido)<\/h5>\n<\/li>\n<li>\n<h5>Steam Plant Engineering Ltd (Reino Unido)<\/h5>\n<\/li>\n<li>\n<h5>Babcock Wanson USA LLC (EE. UU.)<\/h5>\n<\/li>\n<\/ul>\n<h5>Si quiere ponerse en contacto con una de nuestras unidades de negocio, no dude en visitar <a href=\"https:\/\/www.babcock-wanson.com\/es\/contacto\/emplazamientos\/\">la p\u00e1gina espec\u00edfica de nuestros emplazamientos<\/a>.<\/h5>\n\n<\/div><!-- .vgblk-rw-wrapper -->","protected":false},"excerpt":{"rendered":"<p>Los or\u00edgenes de Babcock Wanson Tras una dilatada trayectoria de producci\u00f3n, Babcock Wanson ha adquirido una vasta experiencia gracias a la integraci\u00f3n de marcas de prestigio como Parent, Babcock, Bloctherm, Duquenne, Fluidothermus, Seum, Lardet, Goemine, Cobra, Vapor y Safmat. Primeros pasos 1898\u00a0Constituci\u00f3n de la sociedad de construcci\u00f3n francesa Babcock &amp; Wilcox, filial de la empresa&#8230;<\/p>\n","protected":false},"author":1,"featured_media":0,"parent":31545,"menu_order":13,"comment_status":"closed","ping_status":"closed","template":"","meta":{"_acf_changed":false,"_relevanssi_hide_post":"","_relevanssi_hide_content":"","_relevanssi_pin_for_all":"","_relevanssi_pin_keywords":"","_relevanssi_unpin_keywords":"","_relevanssi_related_keywords":"","_relevanssi_related_include_ids":"","_relevanssi_related_exclude_ids":"","_relevanssi_related_no_append":"","_relevanssi_related_not_related":"","_relevanssi_related_posts":"","_relevanssi_noindex_reason":"","footnotes":""},"class_list":["post-31655","page","type-page","status-publish","hentry"],"acf":[],"yoast_head":"<!-- This site is optimized with the Yoast SEO Premium plugin v27.4 (Yoast SEO v27.4) - https:\/\/yoast.com\/product\/yoast-seo-premium-wordpress\/ -->\n<title>Historia - Babcock Wanson<\/title>\n<meta name=\"description\" content=\"El Babcock Wanson de hoy ha sido construido sobre cimientos que datan de 1898. Vis\u00edtenos hoy para leer sobre nuestra historia, experiencia y c\u00f3mo podemos ayudarle\" \/>\n<meta name=\"robots\" content=\"index, follow, max-snippet:-1, max-image-preview:large, max-video-preview:-1\" \/>\n<link rel=\"canonical\" href=\"https:\/\/www.babcock-wanson.com\/es\/perfil-corporativo\/historia\/\" \/>\n<meta property=\"og:locale\" content=\"es_ES\" \/>\n<meta property=\"og:type\" content=\"article\" \/>\n<meta property=\"og:title\" content=\"Historia\" \/>\n<meta property=\"og:description\" content=\"El Babcock Wanson de hoy ha sido construido sobre cimientos que datan de 1898. Vis\u00edtenos hoy para leer sobre nuestra historia, experiencia y c\u00f3mo podemos ayudarle\" \/>\n<meta property=\"og:url\" content=\"https:\/\/www.babcock-wanson.com\/es\/perfil-corporativo\/historia\/\" \/>\n<meta property=\"og:site_name\" content=\"Babcock Wanson\" \/>\n<meta property=\"article:modified_time\" content=\"2026-01-26T16:52:31+00:00\" \/>\n<meta property=\"og:image\" content=\"https:\/\/www.babcock-wanson.com\/wp-content\/uploads\/2024\/02\/Babcock-Wanson-1200x1200-1.png\" \/>\n\t<meta property=\"og:image:width\" content=\"1200\" \/>\n\t<meta property=\"og:image:height\" content=\"1200\" \/>\n\t<meta property=\"og:image:type\" content=\"image\/png\" \/>\n<meta name=\"twitter:card\" content=\"summary_large_image\" \/>\n<meta name=\"twitter:label1\" content=\"Est. reading time\" \/>\n\t<meta name=\"twitter:data1\" content=\"3 minutos\" \/>\n<script type=\"application\/ld+json\" class=\"yoast-schema-graph\">{\"@context\":\"https:\\\/\\\/schema.org\",\"@graph\":[{\"@type\":\"WebPage\",\"@id\":\"https:\\\/\\\/www.babcock-wanson.com\\\/es\\\/perfil-corporativo\\\/historia\\\/\",\"url\":\"https:\\\/\\\/www.babcock-wanson.com\\\/es\\\/perfil-corporativo\\\/historia\\\/\",\"name\":\"Historia - Babcock Wanson\",\"isPartOf\":{\"@id\":\"https:\\\/\\\/www.babcock-wanson.com\\\/es\\\/#website\"},\"datePublished\":\"2020-08-26T12:29:57+00:00\",\"dateModified\":\"2026-01-26T16:52:31+00:00\",\"description\":\"El Babcock Wanson de hoy ha sido construido sobre cimientos que datan de 1898. Vis\u00edtenos hoy para leer sobre nuestra historia, experiencia y c\u00f3mo podemos ayudarle\",\"breadcrumb\":{\"@id\":\"https:\\\/\\\/www.babcock-wanson.com\\\/es\\\/perfil-corporativo\\\/historia\\\/#breadcrumb\"},\"inLanguage\":\"es\",\"potentialAction\":[{\"@type\":\"ReadAction\",\"target\":[\"https:\\\/\\\/www.babcock-wanson.com\\\/es\\\/perfil-corporativo\\\/historia\\\/\"]}]},{\"@type\":\"BreadcrumbList\",\"@id\":\"https:\\\/\\\/www.babcock-wanson.com\\\/es\\\/perfil-corporativo\\\/historia\\\/#breadcrumb\",\"itemListElement\":[{\"@type\":\"ListItem\",\"position\":1,\"name\":\"Inicio\",\"item\":\"https:\\\/\\\/www.babcock-wanson.com\\\/es\\\/\"},{\"@type\":\"ListItem\",\"position\":2,\"name\":\"Perfil corporativo\",\"item\":\"https:\\\/\\\/www.babcock-wanson.com\\\/es\\\/perfil-corporativo\\\/\"},{\"@type\":\"ListItem\",\"position\":3,\"name\":\"Historia\"}]},{\"@type\":\"WebSite\",\"@id\":\"https:\\\/\\\/www.babcock-wanson.com\\\/es\\\/#website\",\"url\":\"https:\\\/\\\/www.babcock-wanson.com\\\/es\\\/\",\"name\":\"Babcock Wanson\",\"description\":\"\",\"publisher\":{\"@id\":\"https:\\\/\\\/www.babcock-wanson.com\\\/es\\\/#organization\"},\"potentialAction\":[{\"@type\":\"SearchAction\",\"target\":{\"@type\":\"EntryPoint\",\"urlTemplate\":\"https:\\\/\\\/www.babcock-wanson.com\\\/es\\\/?s={search_term_string}\"},\"query-input\":{\"@type\":\"PropertyValueSpecification\",\"valueRequired\":true,\"valueName\":\"search_term_string\"}}],\"inLanguage\":\"es\"},{\"@type\":\"Organization\",\"@id\":\"https:\\\/\\\/www.babcock-wanson.com\\\/es\\\/#organization\",\"name\":\"Babcock Wanson\",\"url\":\"https:\\\/\\\/www.babcock-wanson.com\\\/es\\\/\",\"logo\":{\"@type\":\"ImageObject\",\"inLanguage\":\"es\",\"@id\":\"https:\\\/\\\/www.babcock-wanson.com\\\/es\\\/#\\\/schema\\\/logo\\\/image\\\/\",\"url\":\"https:\\\/\\\/www.babcock-wanson.com\\\/wp-content\\\/uploads\\\/2024\\\/02\\\/Babcock-Wanson-1200x1200-1.png\",\"contentUrl\":\"https:\\\/\\\/www.babcock-wanson.com\\\/wp-content\\\/uploads\\\/2024\\\/02\\\/Babcock-Wanson-1200x1200-1.png\",\"width\":1200,\"height\":1200,\"caption\":\"Babcock Wanson\"},\"image\":{\"@id\":\"https:\\\/\\\/www.babcock-wanson.com\\\/es\\\/#\\\/schema\\\/logo\\\/image\\\/\"},\"sameAs\":[\"https:\\\/\\\/www.linkedin.com\\\/company\\\/babcock-wanson\\\/\",\"https:\\\/\\\/www.youtube.com\\\/channel\\\/UCtxl25VieBBsP2kYmtlyv7A\"]}]}<\/script>\n<!-- \/ Yoast SEO Premium plugin. -->","yoast_head_json":{"title":"Historia - Babcock Wanson","description":"El Babcock Wanson de hoy ha sido construido sobre cimientos que datan de 1898. Vis\u00edtenos hoy para leer sobre nuestra historia, experiencia y c\u00f3mo podemos ayudarle","robots":{"index":"index","follow":"follow","max-snippet":"max-snippet:-1","max-image-preview":"max-image-preview:large","max-video-preview":"max-video-preview:-1"},"canonical":"https:\/\/www.babcock-wanson.com\/es\/perfil-corporativo\/historia\/","og_locale":"es_ES","og_type":"article","og_title":"Historia","og_description":"El Babcock Wanson de hoy ha sido construido sobre cimientos que datan de 1898. Vis\u00edtenos hoy para leer sobre nuestra historia, experiencia y c\u00f3mo podemos ayudarle","og_url":"https:\/\/www.babcock-wanson.com\/es\/perfil-corporativo\/historia\/","og_site_name":"Babcock Wanson","article_modified_time":"2026-01-26T16:52:31+00:00","og_image":[{"width":1200,"height":1200,"url":"https:\/\/www.babcock-wanson.com\/wp-content\/uploads\/2024\/02\/Babcock-Wanson-1200x1200-1.png","type":"image\/png"}],"twitter_card":"summary_large_image","twitter_misc":{"Est. reading time":"3 minutos"},"schema":{"@context":"https:\/\/schema.org","@graph":[{"@type":"WebPage","@id":"https:\/\/www.babcock-wanson.com\/es\/perfil-corporativo\/historia\/","url":"https:\/\/www.babcock-wanson.com\/es\/perfil-corporativo\/historia\/","name":"Historia - Babcock Wanson","isPartOf":{"@id":"https:\/\/www.babcock-wanson.com\/es\/#website"},"datePublished":"2020-08-26T12:29:57+00:00","dateModified":"2026-01-26T16:52:31+00:00","description":"El Babcock Wanson de hoy ha sido construido sobre cimientos que datan de 1898. Vis\u00edtenos hoy para leer sobre nuestra historia, experiencia y c\u00f3mo podemos ayudarle","breadcrumb":{"@id":"https:\/\/www.babcock-wanson.com\/es\/perfil-corporativo\/historia\/#breadcrumb"},"inLanguage":"es","potentialAction":[{"@type":"ReadAction","target":["https:\/\/www.babcock-wanson.com\/es\/perfil-corporativo\/historia\/"]}]},{"@type":"BreadcrumbList","@id":"https:\/\/www.babcock-wanson.com\/es\/perfil-corporativo\/historia\/#breadcrumb","itemListElement":[{"@type":"ListItem","position":1,"name":"Inicio","item":"https:\/\/www.babcock-wanson.com\/es\/"},{"@type":"ListItem","position":2,"name":"Perfil corporativo","item":"https:\/\/www.babcock-wanson.com\/es\/perfil-corporativo\/"},{"@type":"ListItem","position":3,"name":"Historia"}]},{"@type":"WebSite","@id":"https:\/\/www.babcock-wanson.com\/es\/#website","url":"https:\/\/www.babcock-wanson.com\/es\/","name":"Babcock Wanson","description":"","publisher":{"@id":"https:\/\/www.babcock-wanson.com\/es\/#organization"},"potentialAction":[{"@type":"SearchAction","target":{"@type":"EntryPoint","urlTemplate":"https:\/\/www.babcock-wanson.com\/es\/?s={search_term_string}"},"query-input":{"@type":"PropertyValueSpecification","valueRequired":true,"valueName":"search_term_string"}}],"inLanguage":"es"},{"@type":"Organization","@id":"https:\/\/www.babcock-wanson.com\/es\/#organization","name":"Babcock Wanson","url":"https:\/\/www.babcock-wanson.com\/es\/","logo":{"@type":"ImageObject","inLanguage":"es","@id":"https:\/\/www.babcock-wanson.com\/es\/#\/schema\/logo\/image\/","url":"https:\/\/www.babcock-wanson.com\/wp-content\/uploads\/2024\/02\/Babcock-Wanson-1200x1200-1.png","contentUrl":"https:\/\/www.babcock-wanson.com\/wp-content\/uploads\/2024\/02\/Babcock-Wanson-1200x1200-1.png","width":1200,"height":1200,"caption":"Babcock Wanson"},"image":{"@id":"https:\/\/www.babcock-wanson.com\/es\/#\/schema\/logo\/image\/"},"sameAs":["https:\/\/www.linkedin.com\/company\/babcock-wanson\/","https:\/\/www.youtube.com\/channel\/UCtxl25VieBBsP2kYmtlyv7A"]}]}},"jetpack_sharing_enabled":true,"_links":{"self":[{"href":"https:\/\/www.babcock-wanson.com\/es\/wp-json\/wp\/v2\/pages\/31655","targetHints":{"allow":["GET"]}}],"collection":[{"href":"https:\/\/www.babcock-wanson.com\/es\/wp-json\/wp\/v2\/pages"}],"about":[{"href":"https:\/\/www.babcock-wanson.com\/es\/wp-json\/wp\/v2\/types\/page"}],"author":[{"embeddable":true,"href":"https:\/\/www.babcock-wanson.com\/es\/wp-json\/wp\/v2\/users\/1"}],"replies":[{"embeddable":true,"href":"https:\/\/www.babcock-wanson.com\/es\/wp-json\/wp\/v2\/comments?post=31655"}],"version-history":[{"count":6,"href":"https:\/\/www.babcock-wanson.com\/es\/wp-json\/wp\/v2\/pages\/31655\/revisions"}],"predecessor-version":[{"id":53454,"href":"https:\/\/www.babcock-wanson.com\/es\/wp-json\/wp\/v2\/pages\/31655\/revisions\/53454"}],"up":[{"embeddable":true,"href":"https:\/\/www.babcock-wanson.com\/es\/wp-json\/wp\/v2\/pages\/31545"}],"wp:attachment":[{"href":"https:\/\/www.babcock-wanson.com\/es\/wp-json\/wp\/v2\/media?parent=31655"}],"curies":[{"name":"wp","href":"https:\/\/api.w.org\/{rel}","templated":true}]}}