{"id":31851,"date":"2020-08-26T18:11:05","date_gmt":"2020-08-26T17:11:05","guid":{"rendered":"https:\/\/www.babcock-wanson.com\/productos\/"},"modified":"2020-09-25T10:01:34","modified_gmt":"2020-09-25T09:01:34","slug":"productos","status":"publish","type":"page","link":"https:\/\/www.babcock-wanson.com\/es\/productos\/","title":{"rendered":"Productos"},"content":{"rendered":"<div class=\"vgblk-rw-wrapper limit-wrapper\">\n\t<h2>Una gama completa de productos para <strong>salas de calderas industriales<\/strong><\/h2>\n<h4>Nuestra gama de productos se ha concebido para garantizar que nuestros clientes reciban la mejor caldera para sus necesidades, tanto si requieren una caldera de vapor como un calentador de fluido t\u00e9rmico, un quemador industrial o una soluci\u00f3n\/sistema llave en mano integral.<br \/>\n<\/h4>\n\t<h4>Nuestro objetivo es velar por que sus equipos <strong>Babcock Wanson<\/strong> funcionen de la manera m\u00e1s eficiente posible, durante el mayor tiempo posible y con el menor tiempo de inactividad posible.<\/h4>\n<h4>Adem\u00e1s, ofrecemos un innovador servicio de alquiler de calderas que satisfar\u00e1n todas sus necesidades energ\u00e9ticas en cualquier situaci\u00f3n.<\/h4>\n<h4>Ponemos a su disposici\u00f3n una gran variedad de calderas de hasta 12 000 kW e, incluso, sistemas de calentamiento de fluido t\u00e9rmico.<\/h4>\n<h2>\n\tLa gama de productos de <b>Babcock Wanson<\/b> \n\t<\/h2>\n<h2>\n\t\t\t<a href=\"\/?product_cat=calderas-de-vapor\" title=\"Calderas de vapor\" target=\"_self\" rel=\"noopener noreferrer\">\n\tCalderas de vapor\n\t\t\t<\/a>\n\t<\/h2>\n\t<a href=\"\/?product_cat=calderas-de-vapor\" target=\"_self\" role=\"button\" rel=\"noopener noreferrer\">\n\t\t\t\t\tLeer m\u00e1s\n\t<\/a>\n<h2>\n\t\t\t<a href=\"\/?product_cat=calentadores-de-fluido-termico\" title=\"Calentadores de fluido t\u00e9rmico\" target=\"_self\" rel=\"noopener noreferrer\">\n\tCalentadores de fluido t\u00e9rmico\n\t\t\t<\/a>\n\t<\/h2>\n\t<a href=\"\/?product_cat=calentadores-de-fluido-termico\" target=\"_self\" role=\"button\" rel=\"noopener noreferrer\">\n\t\t\t\t\tLeer m\u00e1s\n\t<\/a>\n<h2>\n\t\t\t<a href=\"https:\/\/www.babcock-wanson.com\/es\/categoria-producto\/calderas-de-agua-caliente-industriales\/\" title=\"Calderas de agua caliente industriales\" target=\"_self\" rel=\"noopener noreferrer\">\n\tCalderas de agua caliente industriales\n\t\t\t<\/a>\n\t<\/h2>\n\t<a href=\"https:\/\/www.babcock-wanson.com\/es\/categoria-producto\/calderas-de-agua-caliente-industriales\/\" target=\"_self\" role=\"button\" rel=\"noopener noreferrer\">\n\t\t\t\t\tLeer m\u00e1s\n\t<\/a>\n<h2>\n\t\t\t<a href=\"\/?product_cat=sistema-de-recuperacion-de-calor\" title=\"Sistema de recuperaci\u00f3n de calor\" target=\"_self\" rel=\"noopener noreferrer\">\n\tSistema de recuperaci\u00f3n de calor\n\t\t\t<\/a>\n\t<\/h2>\n\t<a href=\"\/?product_cat=sistema-de-recuperacion-de-calor\" target=\"_self\" role=\"button\" rel=\"noopener noreferrer\">\n\t\t\t\t\tLeer m\u00e1s\n\t<\/a>\n<h2>\n\t\t\t<a href=\"https:\/\/www.babcock-wanson.com\/es\/categoria-producto\/calentadores-de-aire-industriales\/\" title=\"Calentadores de aire industriales\" target=\"_self\" rel=\"noopener noreferrer\">\n\tCalentadores de aire industriales\n\t\t\t<\/a>\n\t<\/h2>\n\t<a href=\"https:\/\/www.babcock-wanson.com\/es\/categoria-producto\/calentadores-de-aire-industriales\/\" target=\"_self\" role=\"button\" rel=\"noopener noreferrer\">\n\t\t\t\t\tLeer m\u00e1s\n\t<\/a>\n<h2>\n\t\t\t<a href=\"https:\/\/www.babcock-wanson.com\/es\/categoria-producto\/quemadores-industriales\/\/\" title=\"Quemadores industriales\" target=\"_self\" rel=\"noopener noreferrer\">\n\tQuemadores industriales\n\t\t\t<\/a>\n\t<\/h2>\n\t<a href=\"https:\/\/www.babcock-wanson.com\/es\/categoria-producto\/quemadores-industriales\/\/\" target=\"_self\" role=\"button\" rel=\"noopener noreferrer\">\n\t\t\t\t\tLeer m\u00e1s\n\t<\/a>\n<h2>\n\t\t\t<a href=\"https:\/\/www.babcock-wanson.com\/es\/categoria-producto\/tratamiento-de-agua-industrial\/\/\" title=\"Tratamiento de agua industrial\" target=\"_self\" rel=\"noopener noreferrer\">\n\tTratamiento de agua industrial\n\t\t\t<\/a>\n\t<\/h2>\n\t<a href=\"https:\/\/www.babcock-wanson.com\/es\/categoria-producto\/tratamiento-de-agua-industrial\/\/\" target=\"_self\" role=\"button\" rel=\"noopener noreferrer\">\n\t\t\t\t\tLeer m\u00e1s\n\t<\/a>\n<h2>\n\t\t\t<a href=\"\/?product_cat=oxidadores-termicos-es\" title=\"Oxidadores t\u00e9rmicos\" target=\"_self\" rel=\"noopener noreferrer\">\n\tOxidadores t\u00e9rmicos\n\t\t\t<\/a>\n\t<\/h2>\n\t<a href=\"\/?product_cat=oxidadores-termicos-es\" target=\"_self\" role=\"button\" rel=\"noopener noreferrer\">\n\t\t\t\t\tLeer m\u00e1s\n\t<\/a>\n<h2>\n\t\t\t<a href=\"https:\/\/www.babcock-wanson.com\/es\/productos\/soluciones-y-sistemas-llave-en-mano\/\" title=\"Soluciones y sistemas llave en mano\" target=\"_self\" rel=\"noopener noreferrer\">\n\tSoluciones y sistemas llave en mano\n\t\t\t<\/a>\n\t<\/h2>\n\t<a href=\"https:\/\/www.babcock-wanson.com\/es\/productos\/soluciones-y-sistemas-llave-en-mano\/\" target=\"_self\" role=\"button\" rel=\"noopener noreferrer\">\n\t\t\t\t\tLeer m\u00e1s\n\t<\/a>\n<h5>\n\tTAMBI\u00c9N DISPONEMOS DE\n\t<\/h5>\n<h2>\n\t<strong>Servicios<\/strong> Complementarios<br \/>\n\t<\/h2>\n<h4>\n\t\t\t<a href=\"https:\/\/www.babcock-wanson.com\/es\/nuestros-servicios\/alquiler-de-calderas\/\" title=\"Alquiler de calderas\" target=\"_self\" rel=\"noopener noreferrer\">\n\tAlquiler de calderas\n\t\t\t<\/a>\n\t<\/h4>\n\t<p><strong>Babcock Wanson<\/strong> ofrece una amplia variedad de calderas de alquiler para satisfacer todas sus necesidades energ\u00e9ticas en cualquier situaci\u00f3n.<\/p>\n\t<a href=\"https:\/\/www.babcock-wanson.com\/es\/nuestros-servicios\/alquiler-de-calderas\/\" target=\"_self\" role=\"button\" rel=\"noopener noreferrer\">\n\t\t\t\t\tLeer m\u00e1s\n\t<\/a>\n<h4>\n\t\t\t<a href=\"https:\/\/www.babcock-wanson.com\/es\/nuestros-servicios\/cursos-de-gestion-de-calderas\/\" title=\"Cursos de gesti\u00f3n de calderas\" target=\"_self\" rel=\"noopener noreferrer\">\n\tCursos de gesti\u00f3n de calderas\n\t\t\t<\/a>\n\t<\/h4>\n\t<p>Nuestra amplia oferta de opciones de formaci\u00f3n flexibles sobre calderas industriales ayuda a sacar el m\u00e1ximo partido a los equipos de <strong>Babcock Wanson<\/strong>.<\/p>\n\t<a href=\"https:\/\/www.babcock-wanson.com\/es\/nuestros-servicios\/cursos-de-gestion-de-calderas\/\" target=\"_self\" role=\"button\" rel=\"noopener noreferrer\">\n\t\t\t\t\tLeer m\u00e1s\n\t<\/a>\n<h4>\n\t\t\t<a href=\"https:\/\/www.babcock-wanson.com\/es\/nuestros-servicios\/reacondicionamiento-y-mejora\/optimizacion-de-salas-de-calderas\/\" title=\"Optimizaci\u00f3n de salas de calderas\" target=\"_self\" rel=\"noopener noreferrer\">\n\tOptimizaci\u00f3n de salas de calderas\n\t\t\t<\/a>\n\t<\/h4>\n\t<p>Los t\u00e9cnicos de <strong>Babcock Wanson<\/strong> elaboran un informe detallado sobre c\u00f3mo optimizarlas para que funcionen y rindan al m\u00e1ximo nivel.<\/p>\n\t<a href=\"https:\/\/www.babcock-wanson.com\/es\/nuestros-servicios\/reacondicionamiento-y-mejora\/optimizacion-de-salas-de-calderas\/\" target=\"_self\" role=\"button\" rel=\"noopener noreferrer\">\n\t\t\t\t\tLeer m\u00e1s\n\t<\/a>\n<h4>\n\t\t\t<a href=\"https:\/\/www.babcock-wanson.com\/es\/contacto\/\" title=\"\u00bfNecesita ayuda?\" target=\"_self\" rel=\"noopener noreferrer\">\n\t\u00bfNecesita ayuda?\n\t\t\t<\/a>\n\t<\/h4>\n\t<p>Para obtener asistencia pre o posventa, p\u00f3ngase en contacto con la oficina de Babcock\u00a0Wanson m\u00e1s cercana dentro de su <a href=\"https:\/\/www.babcock-wanson.com\/es\/contacto\/emplazamientos\/\">regi\u00f3n geogr\u00e1fica<\/a>. <\/p>\n\t<a href=\"https:\/\/www.babcock-wanson.com\/es\/contacto\/emplazamientos\/\" target=\"_self\" role=\"button\" rel=\"noopener noreferrer\">\n\t\t\t\t\tLeer m\u00e1s\n\t<\/a>\n<h2>\n\t<b>Ll\u00e1mame&#8230;<\/b>\n\t<\/h2>\n<h4>\n\tTodos los aspectos del dise\u00f1o de nuestros productos, nuestra organizaci\u00f3n y nuestros servicios est\u00e1n pensados para satisfacer las necesidades de nuestros clientes.\n\t<\/h4>\n    Aviso: Se requiere JavaScript para este contenido.\n        <!-- TODO: Move to Template File. -->\n        <h4>\n\t\tLa innovaci\u00f3n por bandera\n\t<\/h4>\n<h2>\n\t\t<strong>Objetivos<\/strong> de sostenibilidad\n\t<\/h2>\n\t<p>En <strong>Babcock Wanson<\/strong>, nos esforzamos por construir un negocio y un futuro sostenibles a largo plazo para nuestro mundo.<\/p>\n\t\t\t<a href=\"https:\/\/www.babcock-wanson.com\/es\/perfil-corporativo\/sostenibilidad\/\" target=\"_self\" role=\"button\" rel=\"noopener noreferrer\">\n\t\t\t\t\t\t\tLeer m\u00e1s\n\t\t\t<\/a>\n<\/div><!-- .vgblk-rw-wrapper -->","protected":false},"excerpt":{"rendered":"<p>Una gama completa de productos para salas de calderas industriales Nuestra gama de productos se ha concebido para garantizar que nuestros clientes reciban la mejor caldera para sus necesidades, tanto si requieren una caldera de vapor como un calentador de fluido t\u00e9rmico, un quemador industrial o una soluci\u00f3n\/sistema llave en mano integral. Nuestro objetivo es&#8230;<\/p>\n","protected":false},"author":1,"featured_media":0,"parent":0,"menu_order":0,"comment_status":"closed","ping_status":"closed","template":"","meta":{"_acf_changed":false,"_relevanssi_hide_post":"","_relevanssi_hide_content":"","_relevanssi_pin_for_all":"","_relevanssi_pin_keywords":"","_relevanssi_unpin_keywords":"","_relevanssi_related_keywords":"","_relevanssi_related_include_ids":"","_relevanssi_related_exclude_ids":"","_relevanssi_related_no_append":"","_relevanssi_related_not_related":"","_relevanssi_related_posts":"","_relevanssi_noindex_reason":"","footnotes":""},"class_list":["post-31851","page","type-page","status-publish","hentry"],"acf":[],"yoast_head":"<!-- This site is optimized with the Yoast SEO Premium plugin v27.4 (Yoast SEO v27.4) - https:\/\/yoast.com\/product\/yoast-seo-premium-wordpress\/ -->\n<title>Productos - Babcock Wanson<\/title>\n<meta name=\"description\" content=\"Nuestra gama de productos se ha concebido para garantizar que nuestros clientes reciban la mejor caldera para sus necesidades.\" \/>\n<meta name=\"robots\" content=\"index, follow, max-snippet:-1, max-image-preview:large, max-video-preview:-1\" \/>\n<link rel=\"canonical\" href=\"https:\/\/www.babcock-wanson.com\/es\/productos\/\" \/>\n<meta property=\"og:locale\" content=\"es_ES\" \/>\n<meta property=\"og:type\" content=\"article\" \/>\n<meta property=\"og:title\" content=\"Productos\" \/>\n<meta property=\"og:description\" content=\"Nuestra gama de productos se ha concebido para garantizar que nuestros clientes reciban la mejor caldera para sus necesidades.\" \/>\n<meta property=\"og:url\" content=\"https:\/\/www.babcock-wanson.com\/es\/productos\/\" \/>\n<meta property=\"og:site_name\" content=\"Babcock Wanson\" \/>\n<meta property=\"article:modified_time\" content=\"2020-09-25T09:01:34+00:00\" \/>\n<meta property=\"og:image\" content=\"https:\/\/www.babcock-wanson.com\/wp-content\/uploads\/2024\/02\/Babcock-Wanson-1200x1200-1.png\" \/>\n\t<meta property=\"og:image:width\" content=\"1200\" \/>\n\t<meta property=\"og:image:height\" content=\"1200\" \/>\n\t<meta property=\"og:image:type\" content=\"image\/png\" \/>\n<meta name=\"twitter:card\" content=\"summary_large_image\" \/>\n<meta name=\"twitter:label1\" content=\"Est. reading time\" \/>\n\t<meta name=\"twitter:data1\" content=\"2 minutos\" \/>\n<script type=\"application\/ld+json\" class=\"yoast-schema-graph\">{\"@context\":\"https:\\\/\\\/schema.org\",\"@graph\":[{\"@type\":\"WebPage\",\"@id\":\"https:\\\/\\\/www.babcock-wanson.com\\\/es\\\/productos\\\/\",\"url\":\"https:\\\/\\\/www.babcock-wanson.com\\\/es\\\/productos\\\/\",\"name\":\"Productos - Babcock Wanson\",\"isPartOf\":{\"@id\":\"https:\\\/\\\/www.babcock-wanson.com\\\/es\\\/#website\"},\"datePublished\":\"2020-08-26T17:11:05+00:00\",\"dateModified\":\"2020-09-25T09:01:34+00:00\",\"description\":\"Nuestra gama de productos se ha concebido para garantizar que nuestros clientes reciban la mejor caldera para sus necesidades.\",\"breadcrumb\":{\"@id\":\"https:\\\/\\\/www.babcock-wanson.com\\\/es\\\/productos\\\/#breadcrumb\"},\"inLanguage\":\"es\",\"potentialAction\":[{\"@type\":\"ReadAction\",\"target\":[\"https:\\\/\\\/www.babcock-wanson.com\\\/es\\\/productos\\\/\"]}]},{\"@type\":\"BreadcrumbList\",\"@id\":\"https:\\\/\\\/www.babcock-wanson.com\\\/es\\\/productos\\\/#breadcrumb\",\"itemListElement\":[{\"@type\":\"ListItem\",\"position\":1,\"name\":\"Inicio\",\"item\":\"https:\\\/\\\/www.babcock-wanson.com\\\/es\\\/\"},{\"@type\":\"ListItem\",\"position\":2,\"name\":\"Productos\"}]},{\"@type\":\"WebSite\",\"@id\":\"https:\\\/\\\/www.babcock-wanson.com\\\/es\\\/#website\",\"url\":\"https:\\\/\\\/www.babcock-wanson.com\\\/es\\\/\",\"name\":\"Babcock Wanson\",\"description\":\"\",\"publisher\":{\"@id\":\"https:\\\/\\\/www.babcock-wanson.com\\\/es\\\/#organization\"},\"potentialAction\":[{\"@type\":\"SearchAction\",\"target\":{\"@type\":\"EntryPoint\",\"urlTemplate\":\"https:\\\/\\\/www.babcock-wanson.com\\\/es\\\/?s={search_term_string}\"},\"query-input\":{\"@type\":\"PropertyValueSpecification\",\"valueRequired\":true,\"valueName\":\"search_term_string\"}}],\"inLanguage\":\"es\"},{\"@type\":\"Organization\",\"@id\":\"https:\\\/\\\/www.babcock-wanson.com\\\/es\\\/#organization\",\"name\":\"Babcock Wanson\",\"url\":\"https:\\\/\\\/www.babcock-wanson.com\\\/es\\\/\",\"logo\":{\"@type\":\"ImageObject\",\"inLanguage\":\"es\",\"@id\":\"https:\\\/\\\/www.babcock-wanson.com\\\/es\\\/#\\\/schema\\\/logo\\\/image\\\/\",\"url\":\"https:\\\/\\\/www.babcock-wanson.com\\\/wp-content\\\/uploads\\\/2024\\\/02\\\/Babcock-Wanson-1200x1200-1.png\",\"contentUrl\":\"https:\\\/\\\/www.babcock-wanson.com\\\/wp-content\\\/uploads\\\/2024\\\/02\\\/Babcock-Wanson-1200x1200-1.png\",\"width\":1200,\"height\":1200,\"caption\":\"Babcock Wanson\"},\"image\":{\"@id\":\"https:\\\/\\\/www.babcock-wanson.com\\\/es\\\/#\\\/schema\\\/logo\\\/image\\\/\"},\"sameAs\":[\"https:\\\/\\\/www.linkedin.com\\\/company\\\/babcock-wanson\\\/\",\"https:\\\/\\\/www.youtube.com\\\/channel\\\/UCtxl25VieBBsP2kYmtlyv7A\"]}]}<\/script>\n<!-- \/ Yoast SEO Premium plugin. -->","yoast_head_json":{"title":"Productos - Babcock Wanson","description":"Nuestra gama de productos se ha concebido para garantizar que nuestros clientes reciban la mejor caldera para sus necesidades.","robots":{"index":"index","follow":"follow","max-snippet":"max-snippet:-1","max-image-preview":"max-image-preview:large","max-video-preview":"max-video-preview:-1"},"canonical":"https:\/\/www.babcock-wanson.com\/es\/productos\/","og_locale":"es_ES","og_type":"article","og_title":"Productos","og_description":"Nuestra gama de productos se ha concebido para garantizar que nuestros clientes reciban la mejor caldera para sus necesidades.","og_url":"https:\/\/www.babcock-wanson.com\/es\/productos\/","og_site_name":"Babcock Wanson","article_modified_time":"2020-09-25T09:01:34+00:00","og_image":[{"width":1200,"height":1200,"url":"https:\/\/www.babcock-wanson.com\/wp-content\/uploads\/2024\/02\/Babcock-Wanson-1200x1200-1.png","type":"image\/png"}],"twitter_card":"summary_large_image","twitter_misc":{"Est. reading time":"2 minutos"},"schema":{"@context":"https:\/\/schema.org","@graph":[{"@type":"WebPage","@id":"https:\/\/www.babcock-wanson.com\/es\/productos\/","url":"https:\/\/www.babcock-wanson.com\/es\/productos\/","name":"Productos - Babcock Wanson","isPartOf":{"@id":"https:\/\/www.babcock-wanson.com\/es\/#website"},"datePublished":"2020-08-26T17:11:05+00:00","dateModified":"2020-09-25T09:01:34+00:00","description":"Nuestra gama de productos se ha concebido para garantizar que nuestros clientes reciban la mejor caldera para sus necesidades.","breadcrumb":{"@id":"https:\/\/www.babcock-wanson.com\/es\/productos\/#breadcrumb"},"inLanguage":"es","potentialAction":[{"@type":"ReadAction","target":["https:\/\/www.babcock-wanson.com\/es\/productos\/"]}]},{"@type":"BreadcrumbList","@id":"https:\/\/www.babcock-wanson.com\/es\/productos\/#breadcrumb","itemListElement":[{"@type":"ListItem","position":1,"name":"Inicio","item":"https:\/\/www.babcock-wanson.com\/es\/"},{"@type":"ListItem","position":2,"name":"Productos"}]},{"@type":"WebSite","@id":"https:\/\/www.babcock-wanson.com\/es\/#website","url":"https:\/\/www.babcock-wanson.com\/es\/","name":"Babcock Wanson","description":"","publisher":{"@id":"https:\/\/www.babcock-wanson.com\/es\/#organization"},"potentialAction":[{"@type":"SearchAction","target":{"@type":"EntryPoint","urlTemplate":"https:\/\/www.babcock-wanson.com\/es\/?s={search_term_string}"},"query-input":{"@type":"PropertyValueSpecification","valueRequired":true,"valueName":"search_term_string"}}],"inLanguage":"es"},{"@type":"Organization","@id":"https:\/\/www.babcock-wanson.com\/es\/#organization","name":"Babcock Wanson","url":"https:\/\/www.babcock-wanson.com\/es\/","logo":{"@type":"ImageObject","inLanguage":"es","@id":"https:\/\/www.babcock-wanson.com\/es\/#\/schema\/logo\/image\/","url":"https:\/\/www.babcock-wanson.com\/wp-content\/uploads\/2024\/02\/Babcock-Wanson-1200x1200-1.png","contentUrl":"https:\/\/www.babcock-wanson.com\/wp-content\/uploads\/2024\/02\/Babcock-Wanson-1200x1200-1.png","width":1200,"height":1200,"caption":"Babcock Wanson"},"image":{"@id":"https:\/\/www.babcock-wanson.com\/es\/#\/schema\/logo\/image\/"},"sameAs":["https:\/\/www.linkedin.com\/company\/babcock-wanson\/","https:\/\/www.youtube.com\/channel\/UCtxl25VieBBsP2kYmtlyv7A"]}]}},"jetpack_sharing_enabled":true,"_links":{"self":[{"href":"https:\/\/www.babcock-wanson.com\/es\/wp-json\/wp\/v2\/pages\/31851","targetHints":{"allow":["GET"]}}],"collection":[{"href":"https:\/\/www.babcock-wanson.com\/es\/wp-json\/wp\/v2\/pages"}],"about":[{"href":"https:\/\/www.babcock-wanson.com\/es\/wp-json\/wp\/v2\/types\/page"}],"author":[{"embeddable":true,"href":"https:\/\/www.babcock-wanson.com\/es\/wp-json\/wp\/v2\/users\/1"}],"replies":[{"embeddable":true,"href":"https:\/\/www.babcock-wanson.com\/es\/wp-json\/wp\/v2\/comments?post=31851"}],"version-history":[{"count":1,"href":"https:\/\/www.babcock-wanson.com\/es\/wp-json\/wp\/v2\/pages\/31851\/revisions"}],"predecessor-version":[{"id":34046,"href":"https:\/\/www.babcock-wanson.com\/es\/wp-json\/wp\/v2\/pages\/31851\/revisions\/34046"}],"wp:attachment":[{"href":"https:\/\/www.babcock-wanson.com\/es\/wp-json\/wp\/v2\/media?parent=31851"}],"curies":[{"name":"wp","href":"https:\/\/api.w.org\/{rel}","templated":true}]}}