{"id":32123,"date":"2020-08-26T19:19:18","date_gmt":"2020-08-26T18:19:18","guid":{"rendered":"https:\/\/www.babcock-wanson.com\/nuestros-servicios\/contratos-de-servicio-de-mantenimiento\/"},"modified":"2022-01-12T15:37:22","modified_gmt":"2022-01-12T15:37:22","slug":"contratos-de-servicio-de-mantenimiento","status":"publish","type":"page","link":"https:\/\/www.babcock-wanson.com\/es\/nuestros-servicios\/contratos-de-servicio-de-mantenimiento\/","title":{"rendered":"Contratos de servicio de mantenimiento"},"content":{"rendered":"<div class=\"vgblk-rw-wrapper limit-wrapper\"><h2>\n\t\u00bfPor qu\u00e9 <strong>Babcock Wanson<\/strong>?\n\t<\/h2>\n\t<p>Babcock\u00a0Wanson ofrece una gama completa de contratos de mantenimiento preventivos y correctivos que se adaptan a las necesidades espec\u00edficas de nuestros clientes.<\/p>\n<p>Nuestra red de t\u00e9cnicos de servicio especializados y altamente cualificados conoce a la perfecci\u00f3n todos los equipos de Babcock\u00a0Wanson. Estos profesionales han visto cientos de sistemas de calentamiento de procesos id\u00e9nticos a lo largo de los a\u00f1os y han sido testigos de primera mano de todos los problemas que podr\u00edan surgir. Esta experiencia los convierte en las personas m\u00e1s cualificadas para identificar r\u00e1pidamente los problemas y solucionarlos con sus conocimientos. Los t\u00e9cnicos de Babcock\u00a0Wanson son experimentados a la par que eficientes, dos cualidades que si se combinan se traducen en un tiempo de inactividad m\u00ednimo para el usuario.<\/p>\n<p>Los contratos de servicio de mantenimiento industrial de Babcock\u00a0Wanson ofrecen:<\/p>\n<ul>\n<li>Un mantenimiento programado rentable.<\/li>\n<li>Una mejora de la seguridad.<\/li>\n<li>Un aumento de la fiabilidad de los equipos.<\/li>\n<li>Una prolongada vida \u00fatil.<\/li>\n<li>Una reducci\u00f3n de los costes operativos de la planta de la caldera.<\/li>\n<\/ul>\n<p>\u00a1M\u00e1s de 4000\u00a0contratos de mantenimiento en todo el mundo!<\/p>\n<h3>\n\tCumplimiento de los <strong>requisitos jur\u00eddicos<\/strong>\n\t<\/h3>\n\t<p>Cuando se gestiona una sala de calderas o una planta equipada con cualquier tipo de sistema de calentamiento de procesos, existe la obligaci\u00f3n de gestionar los riesgos asociados con ese emplazamiento y garantizar que los equipos de su interior sean seguros en todo momento.<\/p>\n<p>Son muchos los factores que contribuyen al funcionamiento seguro de una caldera, entre ellos:<\/p>\n<ul>\n<li>El dise\u00f1o de la caldera, su estado y la planta asociada.<\/li>\n<li>El funcionamiento y el mantenimiento de la caldera.<\/li>\n<li>Los sistemas de trabajo seguros, entre ellos, los de gesti\u00f3n y supervisi\u00f3n.<\/li>\n<li>La cualificaci\u00f3n del personal y la <a href=\"https:\/\/www.babcock-wanson.com\/es\/nuestros-servicios\/contratos-de-servicio-de-mantenimiento\/\" rel=\"noopener\" target=\"_blank\">formaci\u00f3n<\/a> que hayan recibido.<\/li>\n<li>La fiabilidad de su sistema de control electr\u00f3nico.<\/li>\n<li>La periodicidad con que se examina y se comprueba la caldera.<\/li>\n<li>La sala de calderas en general.<\/li>\n<\/ul>\n<p>El mantenimiento de la planta es esencial para garantizar un manejo seguro y un funcionamiento sin incidentes. Los contratos de servicio de mantenimiento de Babcock\u00a0Wanson se redactan a medida para satisfacer los requisitos jur\u00eddicos locales. Adem\u00e1s de ofrecer ventajas desde un punto de vista operativo al asegurar que las tareas se desarrollen a intervalos peri\u00f3dicos, tambi\u00e9n demuestra un compromiso por garantizar un lugar de trabajo seguro y el cumplimiento de las reglamentaciones.<\/p>\n<h3>\n\t<strong>Contratos de servicio de mantenimiento industrial<\/strong> de Babcock Wanson\n\t<\/h3>\n\t<p>La configuraci\u00f3n de la instalaci\u00f3n y los requisitos de mantenimiento de cada cliente son diferentes, motivo por el que los contratos de servicio de mantenimiento industrial de Babcock\u00a0Wanson son personalizados. En funci\u00f3n de los requisitos, podemos ofrecer:<\/p>\n<ul>\n<li>Visitas de mantenimiento peri\u00f3dico de nuestros t\u00e9cnicos de campo expertos.<\/li>\n<li><a href=\"https:\/\/www.babcock-wanson.com\/es\/nuestros-servicios\/repuestos\/\" rel=\"noopener\" target=\"_blank\">Sustituci\u00f3n de piezas<\/a> de desgaste y consumibles.<\/li>\n<li><a href=\"https:\/\/www.babcock-wanson.com\/es\/categoria-producto\/tratamiento-de-agua-industrial\/\" rel=\"noopener\" target=\"_blank\">Tratamiento de agua<\/a>, incluido el suministro de productos qu\u00edmicos y el seguimiento de la calidad del agua.<\/li>\n<li>Servicios de guardia.<\/li>\n<li>Asistencia digital a distancia, incluida la supervisi\u00f3n de la caldera (control de umbrales y alertas), el control de la eficiencia energ\u00e9tica, el an\u00e1lisis de la calidad del agua mediante una aplicaci\u00f3n espec\u00edfica (e-Water) y un portal cliente para el acceso inmediato a la informaci\u00f3n.<\/li>\n<li>Adem\u00e1s, un completo abanico de servicios adicionales en funci\u00f3n de las necesidades, entre ellos, termograf\u00edas y an\u00e1lisis de fluidos t\u00e9rmicos.<\/li>\n<\/ul>\n<h3>\n\t<strong>Ampliaci\u00f3n de la garant\u00eda<\/strong>\n\t<\/h3>\n\t<p>Conjuntamente con los contratos de servicio, Babcock\u00a0Wanson puede ofrecer garant\u00edas ampliadas para:<\/p>\n<ul>\n<li>Quemador: el quemador es una combinaci\u00f3n de tecnolog\u00edas complementarias de las que depende el rendimiento de la sala de calderas. Con un contrato de servicio, podemos garantizar el rendimiento a largo plazo del quemador (hasta 10\u00a0a\u00f1os de garant\u00eda ampliada).<\/li>\n<li>Quemador + caldera: al emplear nuestro servicio de tratamiento de agua, podemos ofrecer una garant\u00eda ampliada de hasta 10\u00a0a\u00f1os para las <a href=\"https:\/\/www.babcock-wanson.com\/es\/categoria-producto\/calderas-de-vapor-pirotubulares\/\" rel=\"noopener\" target=\"_blank\">calderas pirotubulares<\/a> y de tipo serpent\u00edn.<\/li>\n<li><a href=\"https:\/\/www.babcock-wanson.com\/es\/categoria-producto\/calderas-de-fluido-termico\/\" rel=\"noopener\" target=\"_blank\">Calentadores de fluido t\u00e9rmico<\/a> TPC: garant\u00eda de fabricaci\u00f3n flexible durante cinco a\u00f1os que cubre el calentador y los equipos auxiliares seleccionados, entre ellos, la bomba de circulaci\u00f3n y los sistemas auxiliares, junto con an\u00e1lisis rutinarios del fluido de transferencia de calor.<\/li>\n<\/ul>\n<h3>\n\tEstamos <strong>comprometidos con el rendimiento de nuestros clientes<\/strong>\n\t<\/h3>\n\t<p>Por todos es sabido que una aver\u00eda en la caldera a menudo implica una p\u00e9rdida de producci\u00f3n. Sin embargo, estamos convencidos de que nuestros contratos de servicio de alto rendimiento ayudar\u00e1n a lograr unos tiempos de inactividad m\u00ednimos.<\/p>\n<ul>\n<li>El mantenimiento preventivo, el servicio de guardia o el seguimiento a distancia de su planta nos permiten ofrecerle un nivel elevado de disponibilidad de su instalaci\u00f3n, adem\u00e1s de reducir al m\u00ednimo los problemas derivados de la sala de calderas.<\/li>\n<\/ul>\n<p>Tambi\u00e9n aseguramos un excelente nivel de rendimiento en t\u00e9rminos de eficiencia energ\u00e9tica e impacto ambiental. Con el paso del tiempo, los par\u00e1metros operativos de una sala de calderas pueden desviarse de los ajustes iniciales, lo que podr\u00eda provocar un aumento del consumo de combustible o las emisiones de contaminantes. Las inspecciones y los ajustes que realizamos con arreglo a su contrato de servicio nos permiten asegurar en todo momento un rendimiento fiable dentro de la sala de calderas.<\/p>\n<h5>\n\tTAMBI\u00c9N DISPONEMOS DE\n\t<\/h5>\n<h2>\n\t<strong>Servicios<\/strong> Complementarios<br \/>\n\t<\/h2>\n<h4>\n\t\t\t<a href=\"https:\/\/www.babcock-wanson.com\/es\/nuestros-servicios\/alquiler-de-calderas\/\" title=\"Alquiler de calderas\" target=\"_self\" rel=\"noopener\">\n\tAlquiler de calderas\n\t\t\t<\/a>\n\t<\/h4>\n\t<p><strong>Babcock Wanson<\/strong> ofrece una amplia variedad de calderas de alquiler para satisfacer todas sus necesidades energ\u00e9ticas en cualquier situaci\u00f3n.<\/p>\n<h4>\n\t\t\t<a href=\"https:\/\/www.babcock-wanson.com\/es\/nuestros-servicios\/cursos-de-gestion-de-calderas\/\" title=\"Cursos de gesti\u00f3n de calderas\" target=\"_self\" rel=\"noopener\">\n\tCursos de gesti\u00f3n de calderas\n\t\t\t<\/a>\n\t<\/h4>\n\t<p>Nuestra amplia oferta de opciones de formaci\u00f3n flexibles sobre calderas industriales ayuda a sacar el m\u00e1ximo partido a los equipos de <strong>Babcock Wanson<\/strong>.<\/p>\n<h4>\n\t\t\t<a href=\"https:\/\/www.babcock-wanson.com\/es\/nuestros-servicios\/reacondicionamiento-y-mejora\/optimizacion-de-salas-de-calderas\/\" title=\"Optimizaci\u00f3n de salas de calderas\" target=\"_self\" rel=\"noopener\">\n\tOptimizaci\u00f3n de salas de calderas\n\t\t\t<\/a>\n\t<\/h4>\n\t<p>Los t\u00e9cnicos de <strong>Babcock Wanson<\/strong> elaboran un informe detallado sobre c\u00f3mo optimizarlas para que funcionen y rindan al m\u00e1ximo nivel.<\/p>\n<\/div><!-- .vgblk-rw-wrapper -->","protected":false},"excerpt":{"rendered":"<p>\u00bfPor qu\u00e9 Babcock Wanson? Babcock\u00a0Wanson ofrece una gama completa de contratos de mantenimiento preventivos y correctivos que se adaptan a las necesidades espec\u00edficas de nuestros clientes. Nuestra red de t\u00e9cnicos de servicio especializados y altamente cualificados conoce a la perfecci\u00f3n todos los equipos de Babcock\u00a0Wanson. Estos profesionales han visto cientos de sistemas de calentamiento de&#8230;<\/p>\n","protected":false},"author":1,"featured_media":0,"parent":31917,"menu_order":0,"comment_status":"closed","ping_status":"closed","template":"","meta":{"_acf_changed":false,"_relevanssi_hide_post":"","_relevanssi_hide_content":"","_relevanssi_pin_for_all":"","_relevanssi_pin_keywords":"","_relevanssi_unpin_keywords":"","_relevanssi_related_keywords":"","_relevanssi_related_include_ids":"","_relevanssi_related_exclude_ids":"","_relevanssi_related_no_append":"","_relevanssi_related_not_related":"","_relevanssi_related_posts":"","_relevanssi_noindex_reason":"","footnotes":""},"class_list":["post-32123","page","type-page","status-publish","hentry"],"acf":[],"yoast_head":"<!-- This site is optimized with the Yoast SEO Premium plugin v27.4 (Yoast SEO v27.4) - https:\/\/yoast.com\/product\/yoast-seo-premium-wordpress\/ -->\n<title>Contratos de servicio de mantenimiento - Babcock Wanson<\/title>\n<meta name=\"description\" content=\"Babcock Wanson ofrece una completa gama de contratos de servicio de mantenimiento preventivo y correctivo, adaptados a sus necesidades. Vis\u00edtenos para saber m\u00e1s\" \/>\n<meta name=\"robots\" content=\"index, follow, max-snippet:-1, max-image-preview:large, max-video-preview:-1\" \/>\n<link rel=\"canonical\" href=\"https:\/\/www.babcock-wanson.com\/es\/nuestros-servicios\/contratos-de-servicio-de-mantenimiento\/\" \/>\n<meta property=\"og:locale\" content=\"es_ES\" \/>\n<meta property=\"og:type\" content=\"article\" \/>\n<meta property=\"og:title\" content=\"Contratos de servicio de mantenimiento\" \/>\n<meta property=\"og:description\" content=\"Babcock Wanson ofrece una completa gama de contratos de servicio de mantenimiento preventivo y correctivo, adaptados a sus necesidades. Vis\u00edtenos para saber m\u00e1s\" \/>\n<meta property=\"og:url\" content=\"https:\/\/www.babcock-wanson.com\/es\/nuestros-servicios\/contratos-de-servicio-de-mantenimiento\/\" \/>\n<meta property=\"og:site_name\" content=\"Babcock Wanson\" \/>\n<meta property=\"article:modified_time\" content=\"2022-01-12T15:37:22+00:00\" \/>\n<meta property=\"og:image\" content=\"https:\/\/www.babcock-wanson.com\/wp-content\/uploads\/2024\/02\/Babcock-Wanson-1200x1200-1.png\" \/>\n\t<meta property=\"og:image:width\" content=\"1200\" \/>\n\t<meta property=\"og:image:height\" content=\"1200\" \/>\n\t<meta property=\"og:image:type\" content=\"image\/png\" \/>\n<meta name=\"twitter:card\" content=\"summary_large_image\" \/>\n<meta name=\"twitter:label1\" content=\"Est. reading time\" \/>\n\t<meta name=\"twitter:data1\" content=\"5 minutos\" \/>\n<script type=\"application\/ld+json\" class=\"yoast-schema-graph\">{\"@context\":\"https:\\\/\\\/schema.org\",\"@graph\":[{\"@type\":\"WebPage\",\"@id\":\"https:\\\/\\\/www.babcock-wanson.com\\\/es\\\/nuestros-servicios\\\/contratos-de-servicio-de-mantenimiento\\\/\",\"url\":\"https:\\\/\\\/www.babcock-wanson.com\\\/es\\\/nuestros-servicios\\\/contratos-de-servicio-de-mantenimiento\\\/\",\"name\":\"Contratos de servicio de mantenimiento - Babcock Wanson\",\"isPartOf\":{\"@id\":\"https:\\\/\\\/www.babcock-wanson.com\\\/es\\\/#website\"},\"datePublished\":\"2020-08-26T18:19:18+00:00\",\"dateModified\":\"2022-01-12T15:37:22+00:00\",\"description\":\"Babcock Wanson ofrece una completa gama de contratos de servicio de mantenimiento preventivo y correctivo, adaptados a sus necesidades. Vis\u00edtenos para saber m\u00e1s\",\"breadcrumb\":{\"@id\":\"https:\\\/\\\/www.babcock-wanson.com\\\/es\\\/nuestros-servicios\\\/contratos-de-servicio-de-mantenimiento\\\/#breadcrumb\"},\"inLanguage\":\"es\",\"potentialAction\":[{\"@type\":\"ReadAction\",\"target\":[\"https:\\\/\\\/www.babcock-wanson.com\\\/es\\\/nuestros-servicios\\\/contratos-de-servicio-de-mantenimiento\\\/\"]}]},{\"@type\":\"BreadcrumbList\",\"@id\":\"https:\\\/\\\/www.babcock-wanson.com\\\/es\\\/nuestros-servicios\\\/contratos-de-servicio-de-mantenimiento\\\/#breadcrumb\",\"itemListElement\":[{\"@type\":\"ListItem\",\"position\":1,\"name\":\"Inicio\",\"item\":\"https:\\\/\\\/www.babcock-wanson.com\\\/es\\\/\"},{\"@type\":\"ListItem\",\"position\":2,\"name\":\"Nuestros servicios\",\"item\":\"https:\\\/\\\/www.babcock-wanson.com\\\/es\\\/nuestros-servicios\\\/\"},{\"@type\":\"ListItem\",\"position\":3,\"name\":\"Contratos de servicio de mantenimiento\"}]},{\"@type\":\"WebSite\",\"@id\":\"https:\\\/\\\/www.babcock-wanson.com\\\/es\\\/#website\",\"url\":\"https:\\\/\\\/www.babcock-wanson.com\\\/es\\\/\",\"name\":\"Babcock Wanson\",\"description\":\"\",\"publisher\":{\"@id\":\"https:\\\/\\\/www.babcock-wanson.com\\\/es\\\/#organization\"},\"potentialAction\":[{\"@type\":\"SearchAction\",\"target\":{\"@type\":\"EntryPoint\",\"urlTemplate\":\"https:\\\/\\\/www.babcock-wanson.com\\\/es\\\/?s={search_term_string}\"},\"query-input\":{\"@type\":\"PropertyValueSpecification\",\"valueRequired\":true,\"valueName\":\"search_term_string\"}}],\"inLanguage\":\"es\"},{\"@type\":\"Organization\",\"@id\":\"https:\\\/\\\/www.babcock-wanson.com\\\/es\\\/#organization\",\"name\":\"Babcock Wanson\",\"url\":\"https:\\\/\\\/www.babcock-wanson.com\\\/es\\\/\",\"logo\":{\"@type\":\"ImageObject\",\"inLanguage\":\"es\",\"@id\":\"https:\\\/\\\/www.babcock-wanson.com\\\/es\\\/#\\\/schema\\\/logo\\\/image\\\/\",\"url\":\"https:\\\/\\\/www.babcock-wanson.com\\\/wp-content\\\/uploads\\\/2024\\\/02\\\/Babcock-Wanson-1200x1200-1.png\",\"contentUrl\":\"https:\\\/\\\/www.babcock-wanson.com\\\/wp-content\\\/uploads\\\/2024\\\/02\\\/Babcock-Wanson-1200x1200-1.png\",\"width\":1200,\"height\":1200,\"caption\":\"Babcock Wanson\"},\"image\":{\"@id\":\"https:\\\/\\\/www.babcock-wanson.com\\\/es\\\/#\\\/schema\\\/logo\\\/image\\\/\"},\"sameAs\":[\"https:\\\/\\\/www.linkedin.com\\\/company\\\/babcock-wanson\\\/\",\"https:\\\/\\\/www.youtube.com\\\/channel\\\/UCtxl25VieBBsP2kYmtlyv7A\"]}]}<\/script>\n<!-- \/ Yoast SEO Premium plugin. -->","yoast_head_json":{"title":"Contratos de servicio de mantenimiento - Babcock Wanson","description":"Babcock Wanson ofrece una completa gama de contratos de servicio de mantenimiento preventivo y correctivo, adaptados a sus necesidades. Vis\u00edtenos para saber m\u00e1s","robots":{"index":"index","follow":"follow","max-snippet":"max-snippet:-1","max-image-preview":"max-image-preview:large","max-video-preview":"max-video-preview:-1"},"canonical":"https:\/\/www.babcock-wanson.com\/es\/nuestros-servicios\/contratos-de-servicio-de-mantenimiento\/","og_locale":"es_ES","og_type":"article","og_title":"Contratos de servicio de mantenimiento","og_description":"Babcock Wanson ofrece una completa gama de contratos de servicio de mantenimiento preventivo y correctivo, adaptados a sus necesidades. Vis\u00edtenos para saber m\u00e1s","og_url":"https:\/\/www.babcock-wanson.com\/es\/nuestros-servicios\/contratos-de-servicio-de-mantenimiento\/","og_site_name":"Babcock Wanson","article_modified_time":"2022-01-12T15:37:22+00:00","og_image":[{"width":1200,"height":1200,"url":"https:\/\/www.babcock-wanson.com\/wp-content\/uploads\/2024\/02\/Babcock-Wanson-1200x1200-1.png","type":"image\/png"}],"twitter_card":"summary_large_image","twitter_misc":{"Est. reading time":"5 minutos"},"schema":{"@context":"https:\/\/schema.org","@graph":[{"@type":"WebPage","@id":"https:\/\/www.babcock-wanson.com\/es\/nuestros-servicios\/contratos-de-servicio-de-mantenimiento\/","url":"https:\/\/www.babcock-wanson.com\/es\/nuestros-servicios\/contratos-de-servicio-de-mantenimiento\/","name":"Contratos de servicio de mantenimiento - Babcock Wanson","isPartOf":{"@id":"https:\/\/www.babcock-wanson.com\/es\/#website"},"datePublished":"2020-08-26T18:19:18+00:00","dateModified":"2022-01-12T15:37:22+00:00","description":"Babcock Wanson ofrece una completa gama de contratos de servicio de mantenimiento preventivo y correctivo, adaptados a sus necesidades. Vis\u00edtenos para saber m\u00e1s","breadcrumb":{"@id":"https:\/\/www.babcock-wanson.com\/es\/nuestros-servicios\/contratos-de-servicio-de-mantenimiento\/#breadcrumb"},"inLanguage":"es","potentialAction":[{"@type":"ReadAction","target":["https:\/\/www.babcock-wanson.com\/es\/nuestros-servicios\/contratos-de-servicio-de-mantenimiento\/"]}]},{"@type":"BreadcrumbList","@id":"https:\/\/www.babcock-wanson.com\/es\/nuestros-servicios\/contratos-de-servicio-de-mantenimiento\/#breadcrumb","itemListElement":[{"@type":"ListItem","position":1,"name":"Inicio","item":"https:\/\/www.babcock-wanson.com\/es\/"},{"@type":"ListItem","position":2,"name":"Nuestros servicios","item":"https:\/\/www.babcock-wanson.com\/es\/nuestros-servicios\/"},{"@type":"ListItem","position":3,"name":"Contratos de servicio de mantenimiento"}]},{"@type":"WebSite","@id":"https:\/\/www.babcock-wanson.com\/es\/#website","url":"https:\/\/www.babcock-wanson.com\/es\/","name":"Babcock Wanson","description":"","publisher":{"@id":"https:\/\/www.babcock-wanson.com\/es\/#organization"},"potentialAction":[{"@type":"SearchAction","target":{"@type":"EntryPoint","urlTemplate":"https:\/\/www.babcock-wanson.com\/es\/?s={search_term_string}"},"query-input":{"@type":"PropertyValueSpecification","valueRequired":true,"valueName":"search_term_string"}}],"inLanguage":"es"},{"@type":"Organization","@id":"https:\/\/www.babcock-wanson.com\/es\/#organization","name":"Babcock Wanson","url":"https:\/\/www.babcock-wanson.com\/es\/","logo":{"@type":"ImageObject","inLanguage":"es","@id":"https:\/\/www.babcock-wanson.com\/es\/#\/schema\/logo\/image\/","url":"https:\/\/www.babcock-wanson.com\/wp-content\/uploads\/2024\/02\/Babcock-Wanson-1200x1200-1.png","contentUrl":"https:\/\/www.babcock-wanson.com\/wp-content\/uploads\/2024\/02\/Babcock-Wanson-1200x1200-1.png","width":1200,"height":1200,"caption":"Babcock Wanson"},"image":{"@id":"https:\/\/www.babcock-wanson.com\/es\/#\/schema\/logo\/image\/"},"sameAs":["https:\/\/www.linkedin.com\/company\/babcock-wanson\/","https:\/\/www.youtube.com\/channel\/UCtxl25VieBBsP2kYmtlyv7A"]}]}},"jetpack_sharing_enabled":true,"_links":{"self":[{"href":"https:\/\/www.babcock-wanson.com\/es\/wp-json\/wp\/v2\/pages\/32123","targetHints":{"allow":["GET"]}}],"collection":[{"href":"https:\/\/www.babcock-wanson.com\/es\/wp-json\/wp\/v2\/pages"}],"about":[{"href":"https:\/\/www.babcock-wanson.com\/es\/wp-json\/wp\/v2\/types\/page"}],"author":[{"embeddable":true,"href":"https:\/\/www.babcock-wanson.com\/es\/wp-json\/wp\/v2\/users\/1"}],"replies":[{"embeddable":true,"href":"https:\/\/www.babcock-wanson.com\/es\/wp-json\/wp\/v2\/comments?post=32123"}],"version-history":[{"count":3,"href":"https:\/\/www.babcock-wanson.com\/es\/wp-json\/wp\/v2\/pages\/32123\/revisions"}],"predecessor-version":[{"id":41581,"href":"https:\/\/www.babcock-wanson.com\/es\/wp-json\/wp\/v2\/pages\/32123\/revisions\/41581"}],"up":[{"embeddable":true,"href":"https:\/\/www.babcock-wanson.com\/es\/wp-json\/wp\/v2\/pages\/31917"}],"wp:attachment":[{"href":"https:\/\/www.babcock-wanson.com\/es\/wp-json\/wp\/v2\/media?parent=32123"}],"curies":[{"name":"wp","href":"https:\/\/api.w.org\/{rel}","templated":true}]}}