{"id":32235,"date":"2020-08-26T23:19:36","date_gmt":"2020-08-26T22:19:36","guid":{"rendered":"https:\/\/www.babcock-wanson.com\/recursos\/"},"modified":"2022-05-16T17:11:31","modified_gmt":"2022-05-16T16:11:31","slug":"recursos","status":"publish","type":"page","link":"https:\/\/www.babcock-wanson.com\/es\/recursos\/","title":{"rendered":"Recursos"},"content":{"rendered":"<div class=\"vgblk-rw-wrapper limit-wrapper\"><h2>\n\t<br>Descargas<\/br> de folletos\n\t<\/h2>\n\t<p>Nuestro Centro de Descargas le permite descargar una selecci\u00f3n de fichas t\u00e9cnicas y folletos de productos en PDF seg\u00fan sus necesidades.<\/p>\n\t<a href=\"https:\/\/www.babcock-wanson.com\/resources\/brochures\/\" target=\"_self\" role=\"button\" rel=\"noopener\">\n\t\t\t\t\tSaber m\u00e1s\n\t<\/a>\n<h2>\n\t<br>Actualizaciones<\/br> reglamentarias\n\t<\/h2>\n\t<p>Las reglamentaciones que deben cumplirse antes de la comercializaci\u00f3n o la puesta en servicio de cualquier sistema o equipo a presi\u00f3n dentro de la UE.<\/p>\n\t<a href=\"https:\/\/www.babcock-wanson.com\/es\/recursos\/reglamentaciones\/\" target=\"_self\" role=\"button\" rel=\"noopener\">\n\t\t\t\t\tSaber m\u00e1s\n\t<\/a>\n<h2>\n\t<br>Blog<\/br> t\u00e9cnico\n\t<\/h2>\n\t<p>Acceso a una selecci\u00f3n de publicaciones t\u00e9cnicas elaboradas por nuestros ingenieros y equipos de dise\u00f1o sobre una gran variedad de cuestiones operativas.<\/p>\n\t<a href=\"https:\/\/www.babcock-wanson.com\/es\/recursos\/blog-tecnico\/\" target=\"_self\" role=\"button\" rel=\"noopener\">\n\t\t\t\t\tSaber m\u00e1s\n\t<\/a>\n<h2>\n\tNuestros productos\n\t<\/h2>\n\t<p><strong>Babcock Wanson<\/strong> ofrece una gama completa de productos para salas de calderas.<\/p>\n<p>Desde calderas de vapor, calentadores de fluido t\u00e9rmico, generadores de vapor r\u00e1pidos y calderas de agua caliente, pasando por soluciones de tratamiento de agua o calentamiento de aire, hasta eliminaci\u00f3n de COV y olores mediante oxidaci\u00f3n t\u00e9rmica.<\/p>\n\t<a href=\"https:\/\/www.babcock-wanson.com\/es\/productos\/\" target=\"_self\" role=\"button\" rel=\"noopener\">\n\t\t\t\t\tSaber m\u00e1s\n\t<\/a>\n<h2>\n\t\t\t<a href=\"https:\/\/www.babcock-wanson.com\/es\/nuestros-servicios\/\" title=\"Nuestros servicios\" target=\"_self\" rel=\"noopener\">\n\tNuestros servicios\n\t\t\t<\/a>\n\t<\/h2>\n\t<p><strong>Babcock\u00a0Wanson<\/strong> ofrece una gama completa de servicios para salas de calderas.<\/p>\n<p>Ayudamos a nuestros clientes a optimizar su producci\u00f3n de energ\u00eda con productos de alta calidad y un servicio eficiente. Nuestro amplio equipo de t\u00e9cnicos de servicio est\u00e1 plenamente capacitado y formado para responder a cualquier necesidad de servicio relacionada con su sala de calderas.<\/p>\n\t<a href=\"https:\/\/www.babcock-wanson.com\/es\/nuestros-servicios\/\" target=\"_self\" role=\"button\" rel=\"noopener\">\n\t\t\t\t\tSaber m\u00e1s\n\t<\/a>\n\t\t\tCOMERCIAL\n\t\tNuestros asesores t\u00e9cnicos de ventas est\u00e1n a su disposici\u00f3n para aconsejarle y guiarle durante todo el proceso de dise\u00f1o y adquisici\u00f3n. Nuestro equipo de ventas se esfuerza por garantizar que cada proyecto e instalaci\u00f3n se desarrolle sin incidencias, desde el dise\u00f1o hasta la entrega y la implantaci\u00f3n.\n<strong>Babcock Wanson<\/strong> es una empresa reconocida por la calidad de sus soluciones de calentamiento para procesos industriales, desde la fabricaci\u00f3n hasta el mantenimiento, pasando por una asistencia continua.\nUna de las claves del \u00e9xito de <strong>Babcock Wanson<\/strong> reside en su capacidad para ofrecer un cat\u00e1logo completo de <a href=\"https:\/\/www.babcock-wanson.com\/es\/productos\/\">productos<\/a> y <a href=\"https:\/\/www.babcock-wanson.com\/es\/nuestros-servicios\/\">servicios<\/a> para salas de calderas y otras necesidades de calentamiento de procesos, todos ellos adaptados para satisfacer las necesidades individuales de cada cliente.\nTodos los productos que comercializa <strong>Babcock Wanson<\/strong> se acompa\u00f1an de una asistencia integral, en la que se incluyen <a href=\"https:\/\/www.babcock-wanson.com\/es\/nuestros-servicios\/contratos-de-servicio-de-mantenimiento\/\">contratos de mantenimiento y un servicio a medida<\/a>.\nAdem\u00e1s de su cat\u00e1logo de productos de ingenier\u00eda de calidad, <strong>Babcock Wanson<\/strong> tambi\u00e9n ofrece soluciones llave en mano. Nuestros conocimientos y experiencia en ingenier\u00eda nos permiten adaptar los dise\u00f1os de nuestros productos y sistemas para el desarrollo de soluciones innovadoras.\n\t\t\tT\u00c9CNICA\n\t\tTrabajamos muy duro para dar lo mejor de nosotros y nos sentimos orgullosos de ser uno de los principales proveedores de equipos de calentamiento para procesos industriales del mundo. Los clientes de <strong>Babcock\u00a0Wanson<\/strong> se benefician de:\n<ul>\n<li>Un rendimiento altamente eficiente y respetuoso con el medioambiente.<\/li>\n<li>Una tecnolog\u00eda siempre a la vanguardia de la innovaci\u00f3n.<\/li>\n<li>La solidez de una red internacional respaldada por un servicio local.<\/li>\n<li>Una gama excepcionalmente amplia de soluciones de calentamiento para procesos que satisfacen las necesidades de los clientes.<\/li>\n<li>M\u00e1s de un siglo atesorando conocimientos y experiencia en ingenier\u00eda.<\/li>\n<li>Soluciones a medida: desde productos y formaci\u00f3n hasta contratos de mantenimiento.<\/li>\n<li>Asistencia posventa integral.<\/li>\n<li>Un enfoque basado en la b\u00fasqueda de soluciones.<\/li>\n<li>Miles de instalaciones y clientes satisfechos.<\/li>\n<\/ul>\n\t\t\tEMPLAZAMIENTO\n\t\tDesde su constituci\u00f3n a finales del siglo XIX, <strong>Babcock\u00a0Wanson<\/strong> ha crecido hasta convertirse en uno de los principales proveedores internacionales de equipos y soluciones de calentamiento para procesos industriales.\n<ul>\n<li>Una organizaci\u00f3n internacional con ocho sociedades operativas en Europa<\/li>\n<li>Dos plantas de fabricaci\u00f3n principales en Europa, junto con otras plantas de ingenier\u00eda y montaje<\/li>\n<li>+600 empleados en plantilla, de los que m\u00e1s de la mitad se dedican a prestar servicio y atenci\u00f3n posventa<\/li>\n<li>Una red mundial de socios comerciales y t\u00e9cnicos<\/li>\n<li>+300 t\u00e9cnicos de servicio en toda Europa<\/li>\n<\/ul>\n\t\t\t\t10,000+\n<h3>\n\tInstalaciones en todo el mundo\n\t<\/h3>\n\t<p>+600 empleados en plantilla, de los que m\u00e1s de la mitad se dedican a prestar servicio y atenci\u00f3n posventa. +300 t\u00e9cnicos de servicio en toda Europa. Una red mundial de socios comerciales y t\u00e9cnicos.<\/p>\n\t\t\t\t100+\n<h3>\n\tPa\u00edses\n\t<\/h3>\n\t<p>Una organizaci\u00f3n internacional con ocho empresas operativas en Europa y su entorno.\u00a0Dos plantas de fabricaci\u00f3n principales en Europa, junto con otras plantas de ingenier\u00eda y montaje.<\/p>\n<h2>\n\t\t<strong>Blog<\/strong> t\u00e9cnico\n\t<\/h2>\n<\/div><!-- .vgblk-rw-wrapper -->","protected":false},"excerpt":{"rendered":"<p>Descargas de folletos Nuestro Centro de Descargas le permite descargar una selecci\u00f3n de fichas t\u00e9cnicas y folletos de productos en PDF seg\u00fan sus necesidades. Saber m\u00e1s Actualizaciones reglamentarias Las reglamentaciones que deben cumplirse antes de la comercializaci\u00f3n o la puesta en servicio de cualquier sistema o equipo a presi\u00f3n dentro de la UE. Saber m\u00e1s&#8230;<\/p>\n","protected":false},"author":1,"featured_media":0,"parent":0,"menu_order":0,"comment_status":"closed","ping_status":"closed","template":"","meta":{"_acf_changed":false,"_relevanssi_hide_post":"","_relevanssi_hide_content":"","_relevanssi_pin_for_all":"","_relevanssi_pin_keywords":"","_relevanssi_unpin_keywords":"","_relevanssi_related_keywords":"","_relevanssi_related_include_ids":"","_relevanssi_related_exclude_ids":"","_relevanssi_related_no_append":"","_relevanssi_related_not_related":"","_relevanssi_related_posts":"","_relevanssi_noindex_reason":"","footnotes":""},"class_list":["post-32235","page","type-page","status-publish","hentry"],"acf":[],"yoast_head":"<!-- This site is optimized with the Yoast SEO Premium plugin v27.4 (Yoast SEO v27.4) - https:\/\/yoast.com\/product\/yoast-seo-premium-wordpress\/ -->\n<title>Recursos sobre calderas industriales - Babcock Wanson<\/title>\n<meta name=\"description\" content=\"Babcock Wanson cree que un buen equipo debe estar respaldado por un buen soporte. Vis\u00edtenos hoy para ver nuestros recursos sobre calderas industriales o para contactarnos\" \/>\n<meta name=\"robots\" content=\"index, follow, max-snippet:-1, max-image-preview:large, max-video-preview:-1\" \/>\n<link rel=\"canonical\" href=\"https:\/\/www.babcock-wanson.com\/es\/recursos\/\" \/>\n<meta property=\"og:locale\" content=\"es_ES\" \/>\n<meta property=\"og:type\" content=\"article\" \/>\n<meta property=\"og:title\" content=\"Recursos\" \/>\n<meta property=\"og:description\" content=\"Babcock Wanson cree que un buen equipo debe estar respaldado por un buen soporte. Vis\u00edtenos hoy para ver nuestros recursos sobre calderas industriales o para contactarnos\" \/>\n<meta property=\"og:url\" content=\"https:\/\/www.babcock-wanson.com\/es\/recursos\/\" \/>\n<meta property=\"og:site_name\" content=\"Babcock Wanson\" \/>\n<meta property=\"article:modified_time\" content=\"2022-05-16T16:11:31+00:00\" \/>\n<meta property=\"og:image\" content=\"https:\/\/www.babcock-wanson.com\/wp-content\/uploads\/2024\/02\/Babcock-Wanson-1200x1200-1.png\" \/>\n\t<meta property=\"og:image:width\" content=\"1200\" \/>\n\t<meta property=\"og:image:height\" content=\"1200\" \/>\n\t<meta property=\"og:image:type\" content=\"image\/png\" \/>\n<meta name=\"twitter:card\" content=\"summary_large_image\" \/>\n<meta name=\"twitter:label1\" content=\"Est. reading time\" \/>\n\t<meta name=\"twitter:data1\" content=\"4 minutos\" \/>\n<script type=\"application\/ld+json\" class=\"yoast-schema-graph\">{\"@context\":\"https:\\\/\\\/schema.org\",\"@graph\":[{\"@type\":\"WebPage\",\"@id\":\"https:\\\/\\\/www.babcock-wanson.com\\\/es\\\/recursos\\\/\",\"url\":\"https:\\\/\\\/www.babcock-wanson.com\\\/es\\\/recursos\\\/\",\"name\":\"Recursos sobre calderas industriales - Babcock Wanson\",\"isPartOf\":{\"@id\":\"https:\\\/\\\/www.babcock-wanson.com\\\/es\\\/#website\"},\"datePublished\":\"2020-08-26T22:19:36+00:00\",\"dateModified\":\"2022-05-16T16:11:31+00:00\",\"description\":\"Babcock Wanson cree que un buen equipo debe estar respaldado por un buen soporte. Vis\u00edtenos hoy para ver nuestros recursos sobre calderas industriales o para contactarnos\",\"breadcrumb\":{\"@id\":\"https:\\\/\\\/www.babcock-wanson.com\\\/es\\\/recursos\\\/#breadcrumb\"},\"inLanguage\":\"es\",\"potentialAction\":[{\"@type\":\"ReadAction\",\"target\":[\"https:\\\/\\\/www.babcock-wanson.com\\\/es\\\/recursos\\\/\"]}]},{\"@type\":\"BreadcrumbList\",\"@id\":\"https:\\\/\\\/www.babcock-wanson.com\\\/es\\\/recursos\\\/#breadcrumb\",\"itemListElement\":[{\"@type\":\"ListItem\",\"position\":1,\"name\":\"Inicio\",\"item\":\"https:\\\/\\\/www.babcock-wanson.com\\\/es\\\/\"},{\"@type\":\"ListItem\",\"position\":2,\"name\":\"Recursos\"}]},{\"@type\":\"WebSite\",\"@id\":\"https:\\\/\\\/www.babcock-wanson.com\\\/es\\\/#website\",\"url\":\"https:\\\/\\\/www.babcock-wanson.com\\\/es\\\/\",\"name\":\"Babcock Wanson\",\"description\":\"\",\"publisher\":{\"@id\":\"https:\\\/\\\/www.babcock-wanson.com\\\/es\\\/#organization\"},\"potentialAction\":[{\"@type\":\"SearchAction\",\"target\":{\"@type\":\"EntryPoint\",\"urlTemplate\":\"https:\\\/\\\/www.babcock-wanson.com\\\/es\\\/?s={search_term_string}\"},\"query-input\":{\"@type\":\"PropertyValueSpecification\",\"valueRequired\":true,\"valueName\":\"search_term_string\"}}],\"inLanguage\":\"es\"},{\"@type\":\"Organization\",\"@id\":\"https:\\\/\\\/www.babcock-wanson.com\\\/es\\\/#organization\",\"name\":\"Babcock Wanson\",\"url\":\"https:\\\/\\\/www.babcock-wanson.com\\\/es\\\/\",\"logo\":{\"@type\":\"ImageObject\",\"inLanguage\":\"es\",\"@id\":\"https:\\\/\\\/www.babcock-wanson.com\\\/es\\\/#\\\/schema\\\/logo\\\/image\\\/\",\"url\":\"https:\\\/\\\/www.babcock-wanson.com\\\/wp-content\\\/uploads\\\/2024\\\/02\\\/Babcock-Wanson-1200x1200-1.png\",\"contentUrl\":\"https:\\\/\\\/www.babcock-wanson.com\\\/wp-content\\\/uploads\\\/2024\\\/02\\\/Babcock-Wanson-1200x1200-1.png\",\"width\":1200,\"height\":1200,\"caption\":\"Babcock Wanson\"},\"image\":{\"@id\":\"https:\\\/\\\/www.babcock-wanson.com\\\/es\\\/#\\\/schema\\\/logo\\\/image\\\/\"},\"sameAs\":[\"https:\\\/\\\/www.linkedin.com\\\/company\\\/babcock-wanson\\\/\",\"https:\\\/\\\/www.youtube.com\\\/channel\\\/UCtxl25VieBBsP2kYmtlyv7A\"]}]}<\/script>\n<!-- \/ Yoast SEO Premium plugin. -->","yoast_head_json":{"title":"Recursos sobre calderas industriales - Babcock Wanson","description":"Babcock Wanson cree que un buen equipo debe estar respaldado por un buen soporte. Vis\u00edtenos hoy para ver nuestros recursos sobre calderas industriales o para contactarnos","robots":{"index":"index","follow":"follow","max-snippet":"max-snippet:-1","max-image-preview":"max-image-preview:large","max-video-preview":"max-video-preview:-1"},"canonical":"https:\/\/www.babcock-wanson.com\/es\/recursos\/","og_locale":"es_ES","og_type":"article","og_title":"Recursos","og_description":"Babcock Wanson cree que un buen equipo debe estar respaldado por un buen soporte. Vis\u00edtenos hoy para ver nuestros recursos sobre calderas industriales o para contactarnos","og_url":"https:\/\/www.babcock-wanson.com\/es\/recursos\/","og_site_name":"Babcock Wanson","article_modified_time":"2022-05-16T16:11:31+00:00","og_image":[{"width":1200,"height":1200,"url":"https:\/\/www.babcock-wanson.com\/wp-content\/uploads\/2024\/02\/Babcock-Wanson-1200x1200-1.png","type":"image\/png"}],"twitter_card":"summary_large_image","twitter_misc":{"Est. reading time":"4 minutos"},"schema":{"@context":"https:\/\/schema.org","@graph":[{"@type":"WebPage","@id":"https:\/\/www.babcock-wanson.com\/es\/recursos\/","url":"https:\/\/www.babcock-wanson.com\/es\/recursos\/","name":"Recursos sobre calderas industriales - Babcock Wanson","isPartOf":{"@id":"https:\/\/www.babcock-wanson.com\/es\/#website"},"datePublished":"2020-08-26T22:19:36+00:00","dateModified":"2022-05-16T16:11:31+00:00","description":"Babcock Wanson cree que un buen equipo debe estar respaldado por un buen soporte. Vis\u00edtenos hoy para ver nuestros recursos sobre calderas industriales o para contactarnos","breadcrumb":{"@id":"https:\/\/www.babcock-wanson.com\/es\/recursos\/#breadcrumb"},"inLanguage":"es","potentialAction":[{"@type":"ReadAction","target":["https:\/\/www.babcock-wanson.com\/es\/recursos\/"]}]},{"@type":"BreadcrumbList","@id":"https:\/\/www.babcock-wanson.com\/es\/recursos\/#breadcrumb","itemListElement":[{"@type":"ListItem","position":1,"name":"Inicio","item":"https:\/\/www.babcock-wanson.com\/es\/"},{"@type":"ListItem","position":2,"name":"Recursos"}]},{"@type":"WebSite","@id":"https:\/\/www.babcock-wanson.com\/es\/#website","url":"https:\/\/www.babcock-wanson.com\/es\/","name":"Babcock Wanson","description":"","publisher":{"@id":"https:\/\/www.babcock-wanson.com\/es\/#organization"},"potentialAction":[{"@type":"SearchAction","target":{"@type":"EntryPoint","urlTemplate":"https:\/\/www.babcock-wanson.com\/es\/?s={search_term_string}"},"query-input":{"@type":"PropertyValueSpecification","valueRequired":true,"valueName":"search_term_string"}}],"inLanguage":"es"},{"@type":"Organization","@id":"https:\/\/www.babcock-wanson.com\/es\/#organization","name":"Babcock Wanson","url":"https:\/\/www.babcock-wanson.com\/es\/","logo":{"@type":"ImageObject","inLanguage":"es","@id":"https:\/\/www.babcock-wanson.com\/es\/#\/schema\/logo\/image\/","url":"https:\/\/www.babcock-wanson.com\/wp-content\/uploads\/2024\/02\/Babcock-Wanson-1200x1200-1.png","contentUrl":"https:\/\/www.babcock-wanson.com\/wp-content\/uploads\/2024\/02\/Babcock-Wanson-1200x1200-1.png","width":1200,"height":1200,"caption":"Babcock Wanson"},"image":{"@id":"https:\/\/www.babcock-wanson.com\/es\/#\/schema\/logo\/image\/"},"sameAs":["https:\/\/www.linkedin.com\/company\/babcock-wanson\/","https:\/\/www.youtube.com\/channel\/UCtxl25VieBBsP2kYmtlyv7A"]}]}},"jetpack_sharing_enabled":true,"_links":{"self":[{"href":"https:\/\/www.babcock-wanson.com\/es\/wp-json\/wp\/v2\/pages\/32235","targetHints":{"allow":["GET"]}}],"collection":[{"href":"https:\/\/www.babcock-wanson.com\/es\/wp-json\/wp\/v2\/pages"}],"about":[{"href":"https:\/\/www.babcock-wanson.com\/es\/wp-json\/wp\/v2\/types\/page"}],"author":[{"embeddable":true,"href":"https:\/\/www.babcock-wanson.com\/es\/wp-json\/wp\/v2\/users\/1"}],"replies":[{"embeddable":true,"href":"https:\/\/www.babcock-wanson.com\/es\/wp-json\/wp\/v2\/comments?post=32235"}],"version-history":[{"count":2,"href":"https:\/\/www.babcock-wanson.com\/es\/wp-json\/wp\/v2\/pages\/32235\/revisions"}],"predecessor-version":[{"id":42595,"href":"https:\/\/www.babcock-wanson.com\/es\/wp-json\/wp\/v2\/pages\/32235\/revisions\/42595"}],"wp:attachment":[{"href":"https:\/\/www.babcock-wanson.com\/es\/wp-json\/wp\/v2\/media?parent=32235"}],"curies":[{"name":"wp","href":"https:\/\/api.w.org\/{rel}","templated":true}]}}