{"id":32260,"date":"2020-08-26T23:31:33","date_gmt":"2020-08-26T22:31:33","guid":{"rendered":"https:\/\/www.babcock-wanson.com\/recursos\/folletos\/"},"modified":"2024-07-03T16:55:10","modified_gmt":"2024-07-03T15:55:10","slug":"catalogos","status":"publish","type":"page","link":"https:\/\/www.babcock-wanson.com\/es\/recursos\/catalogos\/","title":{"rendered":"Cat\u00e1logos"},"content":{"rendered":"<div class=\"vgblk-rw-wrapper limit-wrapper\">\n\n\t<h2>El compromiso de <strong>Babcock Wanson<\/strong> con la calidad va mucho m\u00e1s all\u00e1 del producto.<\/h2>\n<h4>Nuestra gama de servicios est\u00e1 dise\u00f1ada para garantizar que reciba la mejor asistencia posventa posible, ya sea que simplemente necesite una pieza de repuesto, un contrato de servicio de mantenimiento o formaci\u00f3n, hasta una renovaci\u00f3n completa de la sala de calderas.<\/h4>\n\t<h4>Nuestra gama de servicios se ha concebido para garantizar que nuestros clientes reciban la mejor asistencia posventa posible, as\u00ed como para asegurar que sus equipos de Babcock Wanson funcionen de la manera m\u00e1s eficiente posible garantizando la m\u00e1xima disponibilidad para todos nuestros clientes, siempre con un tiempo de inactividad m\u00ednimo.<\/h4>\n<h4>Babcock Wanson pone a su disposici\u00f3n una selecci\u00f3n de folletos para descargar. Solo tiene que pulsar el enlace inferior para descargar el PDF que necesita.<\/h4>\n<h3>\n\tFolletos\n\t<\/h3>\n\t<h4>Soluciones para las salas de calderas<\/h4>\n<ul>\n<li><a href=\"https:\/\/www.babcock-wanson.com\/wp-content\/uploads\/2022\/12\/Soluciones-de-Vapor-Oct-2022-issue-1.pdf\" target=\"_blank\" rel=\"noopener\">Soluciones de Vapor (PDF)<\/a><\/li>\n<\/ul>\n\t<h4>Calderas de fluido t\u00e9rmico<\/h4>\n<ul>\n<li><a href=\"https:\/\/www.babcock-wanson.com\/wp-content\/uploads\/2021\/10\/Folleto-Soluciones-para-Sistemas-de-Fluido-Termico-Marzo-2022-issue1.pdf\" target=\"_blank\" rel=\"noopener\">Folleto Soluciones para Fluido T\u00e9rmico (PDF)<\/a><\/li>\n<li><a href=\"https:\/\/www.babcock-wanson.com\/wp-content\/uploads\/2020\/09\/Caldera-de-fluido-t\u00e9rmico_TPC-B.pdf\" target=\"_blank\" rel=\"noopener\">Calderas de fluido t\u00e9rmico TPC-B (PDF)<\/a><\/li>\n<li><a href=\"https:\/\/www.babcock-wanson.com\/wp-content\/uploads\/2020\/09\/Caldera-de-fluido-t\u00e9rmico_EPC-ES-HRV.pdf\" target=\"_blank\" rel=\"noopener\">Calderas de fluido t\u00e9rmico EPC-ES Thermal (PDF)<\/a><\/li>\n<\/ul>\n\t<h4>Calderas de tipo serpent\u00edn<\/h4>\n<ul>\n<li><a href=\"https:\/\/www.babcock-wanson.com\/wp-content\/uploads\/2021\/09\/Folleto-Generador-de-vapor-rapido-VAP-Premium-issue-1.pdf\" target=\"_blank\" rel=\"noopener\">Calderas de tipo serpent\u00edn VAP Premium (PDF)<\/a><\/li>\n<li><a href=\"https:\/\/www.babcock-wanson.com\/wp-content\/uploads\/2021\/03\/VAP_RR_Rapid_Steam_Generator_nov_19_issue2.pdf\" target=\"_blank\" rel=\"noopener\">Calderas de tipo serpent\u00edn VAP RR (PDF)<\/a><\/li>\n<li><a href=\"https:\/\/www.babcock-wanson.com\/wp-content\/uploads\/2023\/03\/E-VAP-November-2022-issue-1-Spanish.pdf\" target=\"_blank\" rel=\"noopener\">Calderas de tipo serpent\u00edn E-VAP (PDF)<\/a><\/li>\n<\/ul>\n\t<h4>Calentadores de aire industriales<\/h4>\n<ul>\n<li><a href=\"https:\/\/www.babcock-wanson.com\/wp-content\/uploads\/2021\/09\/Folleto-Soluciones-Aire-Caliente-Sep-2021-issue2.pdf\" target=\"_blank\" rel=\"noopener\">Calentadores de aire industriales (PDF)<\/a><\/li>\n<\/ul>\n\t<h4>Calderas de vapor<\/h4>\n<ul>\n<li><a href=\"https:\/\/www.babcock-wanson.com\/wp-content\/uploads\/2020\/09\/Folleto-Calderas-de-vapor-pirotubulares-NBWB-Aug-2021-issue-2.pdf\" target=\"_blank\" rel=\"noopener\">Calderas de vapor NBWB (PDF)<\/a><\/li>\n<li><a href=\"https:\/\/www.babcock-wanson.com\/wp-content\/uploads\/2020\/09\/Calderas-de-vapor-pirotubulares_BWR.pdf\" target=\"_blank\" rel=\"noopener\">Calderas de vapor BWR (PDF)<\/a><\/li>\n<li><a href=\"https:\/\/www.babcock-wanson.com\/wp-content\/uploads\/2020\/09\/BWD-Calderas-de-vapor-pirotubulares-ES-Aug-2021-Issue-2-no-cropmarks.pdf\" target=\"_blank\" rel=\"noopener\">Calderas de vapor BWD (PDF)<\/a><\/li>\n<li><a href=\"https:\/\/www.babcock-wanson.com\/wp-content\/uploads\/2020\/10\/caldera-de-vapor-pirotubular_STEAMPACK-REV2.pdf\" target=\"_blank\" rel=\"noopener\">Calderas de vapor SteamPack (PDF)<\/a><\/li>\n<li><a href=\"https:\/\/www.babcock-wanson.com\/wp-content\/uploads\/2023\/10\/Calderas-de-vapor-pirotubulares-Powerpack-Mayo-2024-issue-1.pdf\" target=\"_blank\" rel=\"noopener\">Calderas de vapor PowerPack (PDF)<\/a><\/li>\n<li><a href=\"https:\/\/www.babcock-wanson.com\/wp-content\/uploads\/2021\/09\/Folleto-Calderas-de-vapor-pirotubulares-TwinPack-issue1.pdf\" target=\"_blank\" rel=\"noopener\">Calderas de vapor TwinPack (PDF)<\/a><\/li>\n<\/ul>\n\t<h4>Calderas industriales el\u00e9ctricas<\/h4>\n<ul>\n<li><a href=\"https:\/\/www.babcock-wanson.com\/wp-content\/uploads\/2021\/11\/Calderas-industriales-electricas-e-Pack-Octubre-2021-Issue-2.pdf\" target=\"_blank\" rel=\"noopener\">Calderas industriales el\u00e9ctricas e-Pack (PDF)<\/a><\/li>\n<li><a href=\"https:\/\/www.babcock-wanson.com\/wp-content\/uploads\/2024\/03\/Calderas-Electricas-LV-Pack-Marzo-2024-issue-2-web.pdf\" target=\"_blank\" rel=\"noopener\">Calderas industriales el\u00e9ctricas LV-Pack (PDF)<\/a><\/li>\n<\/ul>\n\t<h4>Quemadores industriales<\/h4>\n<ul>\n<li><a href=\"https:\/\/www.babcock-wanson.com\/wp-content\/uploads\/2022\/06\/Combustion-brochure-May-2022-ES.pdf\" target=\"_blank\" rel=\"noopener\">Soluciones para la combusti\u00f3n (PDF)<\/a><\/li>\n<\/ul>\n\t<h4>Tratamiento de agua industrial<\/h4>\n<ul>\n<li><a href=\"https:\/\/www.babcock-wanson.com\/wp-content\/uploads\/2023\/03\/Soluciones-Tratamiento-Del-Agua-Issue-1-2023.pdf\" target=\"_blank\" rel=\"noopener\">Soluciones Tratamiento Del Agua (PDF)<\/a><\/li>\n<\/ul>\n<h5>\n\tTAMBI\u00c9N DISPONEMOS DE\n\t<\/h5>\n<h2>\n\t<strong>Servicios<\/strong> Complementarios<br \/>\n\t<\/h2>\n<h4>\n\t\t\t<a href=\"https:\/\/www.babcock-wanson.com\/es\/nuestros-servicios\/alquiler-de-calderas\/\" title=\"Alquiler de calderas\" target=\"_self\" rel=\"noopener\">\n\tAlquiler de calderas\n\t\t\t<\/a>\n\t<\/h4>\n\t<p><strong>Babcock Wanson<\/strong> ofrece una amplia variedad de calderas de alquiler para satisfacer todas sus necesidades energ\u00e9ticas en cualquier situaci\u00f3n.<\/p>\n\t<a href=\"https:\/\/www.babcock-wanson.com\/es\/nuestros-servicios\/alquiler-de-calderas\/\" target=\"_self\" role=\"button\" rel=\"noopener\">\n\t\t\t\t\tLeer m\u00e1s\n\t<\/a>\n<h4>\n\t\t\t<a href=\"https:\/\/www.babcock-wanson.com\/es\/nuestros-servicios\/cursos-de-gestion-de-calderas\/\" title=\"Cursos de gesti\u00f3n de calderas\" target=\"_self\" rel=\"noopener\">\n\tCursos de gesti\u00f3n de calderas\n\t\t\t<\/a>\n\t<\/h4>\n\t<p>Nuestra amplia oferta de opciones de formaci\u00f3n flexibles sobre calderas industriales ayuda a sacar el m\u00e1ximo partido a los equipos de <strong>Babcock Wanson<\/strong>.<\/p>\n\t<a href=\"https:\/\/www.babcock-wanson.com\/es\/nuestros-servicios\/cursos-de-gestion-de-calderas\/\" target=\"_self\" role=\"button\" rel=\"noopener\">\n\t\t\t\t\tLeer m\u00e1s\n\t<\/a>\n<h4>\n\t\t\t<a href=\"https:\/\/www.babcock-wanson.com\/es\/nuestros-servicios\/reacondicionamiento-y-mejora\/optimizacion-de-salas-de-calderas\/\" title=\"Optimizaci\u00f3n de salas de calderas\" target=\"_self\" rel=\"noopener\">\n\tOptimizaci\u00f3n de salas de calderas\n\t\t\t<\/a>\n\t<\/h4>\n\t<p>Los t\u00e9cnicos de <strong>Babcock Wanson<\/strong> elaboran un informe detallado sobre c\u00f3mo optimizarlas para que funcionen y rindan al m\u00e1ximo nivel.<\/p>\n\t<a href=\"https:\/\/www.babcock-wanson.com\/es\/nuestros-servicios\/reacondicionamiento-y-mejora\/optimizacion-de-salas-de-calderas\/\" target=\"_self\" role=\"button\" rel=\"noopener\">\n\t\t\t\t\tLeer m\u00e1s\n\t<\/a>\n<h4>\n\t\t\t<a href=\"https:\/\/www.babcock-wanson.com\/es\/contacto\/\" title=\"\u00bfNecesita ayuda?\" target=\"_self\" rel=\"noopener\">\n\t\u00bfNecesita ayuda?\n\t\t\t<\/a>\n\t<\/h4>\n\t<p>Para obtener asistencia pre o posventa, p\u00f3ngase en contacto con la oficina de Babcock\u00a0Wanson m\u00e1s cercana dentro de su <a href=\"https:\/\/www.babcock-wanson.com\/es\/contacto\/emplazamientos\/\">regi\u00f3n geogr\u00e1fica<\/a>. <\/p>\n\t<a href=\"https:\/\/www.babcock-wanson.com\/es\/contacto\/emplazamientos\/\" target=\"_self\" role=\"button\" rel=\"noopener\">\n\t\t\t\t\tLeer m\u00e1s\n\t<\/a>\n<h2>\n\t<b>Ll\u00e1mame&#8230;<\/b>\n\t<\/h2>\n<h4>\n\tTodos los aspectos del dise\u00f1o de nuestros productos, nuestra organizaci\u00f3n y nuestros servicios est\u00e1n pensados para satisfacer las necesidades de nuestros clientes.\n\t<\/h4>\n\tAviso: Se requiere JavaScript para este contenido.\n        <!-- That data is being printed as a workaround to page builders reordering the order of the scripts loaded-->\n        \n<\/div><!-- .vgblk-rw-wrapper -->","protected":false},"excerpt":{"rendered":"<p>El compromiso de Babcock Wanson con la calidad va mucho m\u00e1s all\u00e1 del producto. Nuestra gama de servicios est\u00e1 dise\u00f1ada para garantizar que reciba la mejor asistencia posventa posible, ya sea que simplemente necesite una pieza de repuesto, un contrato de servicio de mantenimiento o formaci\u00f3n, hasta una renovaci\u00f3n completa de la sala de calderas&#8230;.<\/p>\n","protected":false},"author":1,"featured_media":0,"parent":32235,"menu_order":0,"comment_status":"closed","ping_status":"closed","template":"","meta":{"_acf_changed":false,"_relevanssi_hide_post":"","_relevanssi_hide_content":"","_relevanssi_pin_for_all":"","_relevanssi_pin_keywords":"","_relevanssi_unpin_keywords":"","_relevanssi_related_keywords":"","_relevanssi_related_include_ids":"","_relevanssi_related_exclude_ids":"","_relevanssi_related_no_append":"","_relevanssi_related_not_related":"","_relevanssi_related_posts":"","_relevanssi_noindex_reason":"","footnotes":""},"class_list":["post-32260","page","type-page","status-publish","hentry"],"acf":[],"yoast_head":"<!-- This site is optimized with the Yoast SEO Premium plugin v27.4 (Yoast SEO v27.4) - https:\/\/yoast.com\/product\/yoast-seo-premium-wordpress\/ -->\n<title>Cat\u00e1logos - Babcock Wanson<\/title>\n<meta name=\"description\" content=\"Tenemos una serie de catalogos sobre calderas industriales disponibles para su descarga.\" \/>\n<meta name=\"robots\" content=\"index, follow, max-snippet:-1, max-image-preview:large, max-video-preview:-1\" \/>\n<link rel=\"canonical\" href=\"https:\/\/www.babcock-wanson.com\/es\/recursos\/catalogos\/\" \/>\n<meta property=\"og:locale\" content=\"es_ES\" \/>\n<meta property=\"og:type\" content=\"article\" \/>\n<meta property=\"og:title\" content=\"Cat\u00e1logos\" \/>\n<meta property=\"og:description\" content=\"Tenemos una serie de catalogos sobre calderas industriales disponibles para su descarga.\" \/>\n<meta property=\"og:url\" content=\"https:\/\/www.babcock-wanson.com\/es\/recursos\/catalogos\/\" \/>\n<meta property=\"og:site_name\" content=\"Babcock Wanson\" \/>\n<meta property=\"article:modified_time\" content=\"2024-07-03T15:55:10+00:00\" \/>\n<meta property=\"og:image\" content=\"https:\/\/www.babcock-wanson.com\/wp-content\/uploads\/2024\/02\/Babcock-Wanson-1200x1200-1.png\" \/>\n\t<meta property=\"og:image:width\" content=\"1200\" \/>\n\t<meta property=\"og:image:height\" content=\"1200\" \/>\n\t<meta property=\"og:image:type\" content=\"image\/png\" \/>\n<meta name=\"twitter:card\" content=\"summary_large_image\" \/>\n<meta name=\"twitter:label1\" content=\"Est. reading time\" \/>\n\t<meta name=\"twitter:data1\" content=\"2 minutos\" \/>\n<script type=\"application\/ld+json\" class=\"yoast-schema-graph\">{\"@context\":\"https:\\\/\\\/schema.org\",\"@graph\":[{\"@type\":\"WebPage\",\"@id\":\"https:\\\/\\\/www.babcock-wanson.com\\\/es\\\/recursos\\\/catalogos\\\/\",\"url\":\"https:\\\/\\\/www.babcock-wanson.com\\\/es\\\/recursos\\\/catalogos\\\/\",\"name\":\"Cat\u00e1logos - Babcock Wanson\",\"isPartOf\":{\"@id\":\"https:\\\/\\\/www.babcock-wanson.com\\\/es\\\/#website\"},\"datePublished\":\"2020-08-26T22:31:33+00:00\",\"dateModified\":\"2024-07-03T15:55:10+00:00\",\"description\":\"Tenemos una serie de catalogos sobre calderas industriales disponibles para su descarga.\",\"breadcrumb\":{\"@id\":\"https:\\\/\\\/www.babcock-wanson.com\\\/es\\\/recursos\\\/catalogos\\\/#breadcrumb\"},\"inLanguage\":\"es\",\"potentialAction\":[{\"@type\":\"ReadAction\",\"target\":[\"https:\\\/\\\/www.babcock-wanson.com\\\/es\\\/recursos\\\/catalogos\\\/\"]}]},{\"@type\":\"BreadcrumbList\",\"@id\":\"https:\\\/\\\/www.babcock-wanson.com\\\/es\\\/recursos\\\/catalogos\\\/#breadcrumb\",\"itemListElement\":[{\"@type\":\"ListItem\",\"position\":1,\"name\":\"Inicio\",\"item\":\"https:\\\/\\\/www.babcock-wanson.com\\\/es\\\/\"},{\"@type\":\"ListItem\",\"position\":2,\"name\":\"Recursos\",\"item\":\"https:\\\/\\\/www.babcock-wanson.com\\\/es\\\/recursos\\\/\"},{\"@type\":\"ListItem\",\"position\":3,\"name\":\"Cat\u00e1logos\"}]},{\"@type\":\"WebSite\",\"@id\":\"https:\\\/\\\/www.babcock-wanson.com\\\/es\\\/#website\",\"url\":\"https:\\\/\\\/www.babcock-wanson.com\\\/es\\\/\",\"name\":\"Babcock Wanson\",\"description\":\"\",\"publisher\":{\"@id\":\"https:\\\/\\\/www.babcock-wanson.com\\\/es\\\/#organization\"},\"potentialAction\":[{\"@type\":\"SearchAction\",\"target\":{\"@type\":\"EntryPoint\",\"urlTemplate\":\"https:\\\/\\\/www.babcock-wanson.com\\\/es\\\/?s={search_term_string}\"},\"query-input\":{\"@type\":\"PropertyValueSpecification\",\"valueRequired\":true,\"valueName\":\"search_term_string\"}}],\"inLanguage\":\"es\"},{\"@type\":\"Organization\",\"@id\":\"https:\\\/\\\/www.babcock-wanson.com\\\/es\\\/#organization\",\"name\":\"Babcock Wanson\",\"url\":\"https:\\\/\\\/www.babcock-wanson.com\\\/es\\\/\",\"logo\":{\"@type\":\"ImageObject\",\"inLanguage\":\"es\",\"@id\":\"https:\\\/\\\/www.babcock-wanson.com\\\/es\\\/#\\\/schema\\\/logo\\\/image\\\/\",\"url\":\"https:\\\/\\\/www.babcock-wanson.com\\\/wp-content\\\/uploads\\\/2024\\\/02\\\/Babcock-Wanson-1200x1200-1.png\",\"contentUrl\":\"https:\\\/\\\/www.babcock-wanson.com\\\/wp-content\\\/uploads\\\/2024\\\/02\\\/Babcock-Wanson-1200x1200-1.png\",\"width\":1200,\"height\":1200,\"caption\":\"Babcock Wanson\"},\"image\":{\"@id\":\"https:\\\/\\\/www.babcock-wanson.com\\\/es\\\/#\\\/schema\\\/logo\\\/image\\\/\"},\"sameAs\":[\"https:\\\/\\\/www.linkedin.com\\\/company\\\/babcock-wanson\\\/\",\"https:\\\/\\\/www.youtube.com\\\/channel\\\/UCtxl25VieBBsP2kYmtlyv7A\"]}]}<\/script>\n<!-- \/ Yoast SEO Premium plugin. -->","yoast_head_json":{"title":"Cat\u00e1logos - Babcock Wanson","description":"Tenemos una serie de catalogos sobre calderas industriales disponibles para su descarga.","robots":{"index":"index","follow":"follow","max-snippet":"max-snippet:-1","max-image-preview":"max-image-preview:large","max-video-preview":"max-video-preview:-1"},"canonical":"https:\/\/www.babcock-wanson.com\/es\/recursos\/catalogos\/","og_locale":"es_ES","og_type":"article","og_title":"Cat\u00e1logos","og_description":"Tenemos una serie de catalogos sobre calderas industriales disponibles para su descarga.","og_url":"https:\/\/www.babcock-wanson.com\/es\/recursos\/catalogos\/","og_site_name":"Babcock Wanson","article_modified_time":"2024-07-03T15:55:10+00:00","og_image":[{"width":1200,"height":1200,"url":"https:\/\/www.babcock-wanson.com\/wp-content\/uploads\/2024\/02\/Babcock-Wanson-1200x1200-1.png","type":"image\/png"}],"twitter_card":"summary_large_image","twitter_misc":{"Est. reading time":"2 minutos"},"schema":{"@context":"https:\/\/schema.org","@graph":[{"@type":"WebPage","@id":"https:\/\/www.babcock-wanson.com\/es\/recursos\/catalogos\/","url":"https:\/\/www.babcock-wanson.com\/es\/recursos\/catalogos\/","name":"Cat\u00e1logos - Babcock Wanson","isPartOf":{"@id":"https:\/\/www.babcock-wanson.com\/es\/#website"},"datePublished":"2020-08-26T22:31:33+00:00","dateModified":"2024-07-03T15:55:10+00:00","description":"Tenemos una serie de catalogos sobre calderas industriales disponibles para su descarga.","breadcrumb":{"@id":"https:\/\/www.babcock-wanson.com\/es\/recursos\/catalogos\/#breadcrumb"},"inLanguage":"es","potentialAction":[{"@type":"ReadAction","target":["https:\/\/www.babcock-wanson.com\/es\/recursos\/catalogos\/"]}]},{"@type":"BreadcrumbList","@id":"https:\/\/www.babcock-wanson.com\/es\/recursos\/catalogos\/#breadcrumb","itemListElement":[{"@type":"ListItem","position":1,"name":"Inicio","item":"https:\/\/www.babcock-wanson.com\/es\/"},{"@type":"ListItem","position":2,"name":"Recursos","item":"https:\/\/www.babcock-wanson.com\/es\/recursos\/"},{"@type":"ListItem","position":3,"name":"Cat\u00e1logos"}]},{"@type":"WebSite","@id":"https:\/\/www.babcock-wanson.com\/es\/#website","url":"https:\/\/www.babcock-wanson.com\/es\/","name":"Babcock Wanson","description":"","publisher":{"@id":"https:\/\/www.babcock-wanson.com\/es\/#organization"},"potentialAction":[{"@type":"SearchAction","target":{"@type":"EntryPoint","urlTemplate":"https:\/\/www.babcock-wanson.com\/es\/?s={search_term_string}"},"query-input":{"@type":"PropertyValueSpecification","valueRequired":true,"valueName":"search_term_string"}}],"inLanguage":"es"},{"@type":"Organization","@id":"https:\/\/www.babcock-wanson.com\/es\/#organization","name":"Babcock Wanson","url":"https:\/\/www.babcock-wanson.com\/es\/","logo":{"@type":"ImageObject","inLanguage":"es","@id":"https:\/\/www.babcock-wanson.com\/es\/#\/schema\/logo\/image\/","url":"https:\/\/www.babcock-wanson.com\/wp-content\/uploads\/2024\/02\/Babcock-Wanson-1200x1200-1.png","contentUrl":"https:\/\/www.babcock-wanson.com\/wp-content\/uploads\/2024\/02\/Babcock-Wanson-1200x1200-1.png","width":1200,"height":1200,"caption":"Babcock Wanson"},"image":{"@id":"https:\/\/www.babcock-wanson.com\/es\/#\/schema\/logo\/image\/"},"sameAs":["https:\/\/www.linkedin.com\/company\/babcock-wanson\/","https:\/\/www.youtube.com\/channel\/UCtxl25VieBBsP2kYmtlyv7A"]}]}},"jetpack_sharing_enabled":true,"_links":{"self":[{"href":"https:\/\/www.babcock-wanson.com\/es\/wp-json\/wp\/v2\/pages\/32260","targetHints":{"allow":["GET"]}}],"collection":[{"href":"https:\/\/www.babcock-wanson.com\/es\/wp-json\/wp\/v2\/pages"}],"about":[{"href":"https:\/\/www.babcock-wanson.com\/es\/wp-json\/wp\/v2\/types\/page"}],"author":[{"embeddable":true,"href":"https:\/\/www.babcock-wanson.com\/es\/wp-json\/wp\/v2\/users\/1"}],"replies":[{"embeddable":true,"href":"https:\/\/www.babcock-wanson.com\/es\/wp-json\/wp\/v2\/comments?post=32260"}],"version-history":[{"count":25,"href":"https:\/\/www.babcock-wanson.com\/es\/wp-json\/wp\/v2\/pages\/32260\/revisions"}],"predecessor-version":[{"id":48662,"href":"https:\/\/www.babcock-wanson.com\/es\/wp-json\/wp\/v2\/pages\/32260\/revisions\/48662"}],"up":[{"embeddable":true,"href":"https:\/\/www.babcock-wanson.com\/es\/wp-json\/wp\/v2\/pages\/32235"}],"wp:attachment":[{"href":"https:\/\/www.babcock-wanson.com\/es\/wp-json\/wp\/v2\/media?parent=32260"}],"curies":[{"name":"wp","href":"https:\/\/api.w.org\/{rel}","templated":true}]}}