{"id":32507,"date":"2020-08-27T15:41:03","date_gmt":"2020-08-27T14:41:03","guid":{"rendered":"https:\/\/www.babcock-wanson.com\/empleo\/"},"modified":"2023-07-07T13:38:24","modified_gmt":"2023-07-07T12:38:24","slug":"empleos","status":"publish","type":"page","link":"https:\/\/www.babcock-wanson.com\/es\/empleos\/","title":{"rendered":"Empleo"},"content":{"rendered":"<div class=\"vgblk-rw-wrapper limit-wrapper\">\n\t<h3>Babcock Wanson, fabricante a la par que proveedor de servicios, comercializa sus propios productos y, actualmente, se considera uno de los actores internacionales m\u00e1s importantes en el segmento de las salas de calderas industriales.<\/h3>\n<h4>Nuestra posici\u00f3n \u00fanica en la industria nos permite ofrecer empleo a numerosas profesiones.<\/h4>\n\t<h4>Babcock Wanson ofrece todo tipo de soluciones para calderas, quemadores, tratamiento de agua, sistemas de control y regulaci\u00f3n, asistencia operativa, seguimiento reglamentario, gesti\u00f3n de energ\u00eda, mantenimiento, auditor\u00eda, formaci\u00f3n y alquiler siguiendo un enfoque global de eficiencia energ\u00e9tica.<\/h4>\n<h4>Desde puestos t\u00e9cnicos, comerciales o de servicio, en Babcock Wanson encontrar\u00e1 un lugar para trabajar, sea cual sea su perfil.<\/h4>\n<h4>\u00a1Descubra nuestras profesiones!<\/h4>\n\t\t\t\t\t\t\t<img decoding=\"async\" src=\"https:\/\/www.babcock-wanson.com\/wp-content\/uploads\/2023\/07\/0.jpg\" alt=\"\" \/>\n\t<blockquote>\n<h5><em>\u00danase a nuestro equipo de hombres y mujeres especializados que no dejan de progresar y avanzar en una atm\u00f3sfera laboral distendida.<\/em><\/h5>\n<\/blockquote>\n<p><strong>Astrid Manquin, <\/strong>Directora de Recursos Humanos<\/p>\n<h2>\n\tProfesiones de Babcock Wanson\n\t<\/h2>\n\t\t\t\t<a href=\"https:\/\/www.babcock-wanson.com\/careers\/products-projects\/\" target=\"_self\" title=\"Beautiful girl at factory in a vest and helmet smiling going for a handshake. Shallow DOF. Developed from RAW; retouched with special care and attention; Small amount of grain added for best final impression. 16 bit Adobe RGB color profile.\" rel=\"noopener\">\n\t\t\t\t\t\t\t<img loading=\"lazy\" decoding=\"async\" src=\"https:\/\/www.babcock-wanson.com\/wp-content\/uploads\/2019\/04\/iStock-682443590-1.jpg\" alt=\"Beautiful girl at factory in a vest and helmet smiling going for a handshake. Shallow DOF. Developed from RAW; retouched with special care and attention; Small amount of grain added for best final impression. 16 bit Adobe RGB color profile.\" height=\"304\" width=\"271\" data-link-type=\"url\" title=\"Beautiful girl at factory in a vest and helmet smiling going for a handshake\" data-srcset=\"https:\/\/www.babcock-wanson.com\/wp-content\/uploads\/2019\/04\/iStock-682443590-1.jpg 271w, https:\/\/www.babcock-wanson.com\/wp-content\/uploads\/2019\/04\/iStock-682443590-1-267x300.jpg 267w\" \/>\t\t\t\t\t\t<\/a>\n<h5>\n\t\t\t<a href=\"https:\/\/www.babcock-wanson.com\/careers\/products-projects\/\" title=\"Productos\" target=\"_self\" rel=\"noopener\">\n\tProductos\n\t\t\t<\/a>\n\t<\/h5>\n\t\t\t\t<a href=\"https:\/\/www.babcock-wanson.com\/careers\/sales\/\" target=\"_self\" title=\"Businessman holding documents and talking on the phone\" rel=\"noopener\">\n\t\t\t\t\t\t\t<img loading=\"lazy\" decoding=\"async\" src=\"https:\/\/www.babcock-wanson.com\/wp-content\/uploads\/2019\/04\/iStock-672506870-1.jpg\" alt=\"Businessman holding documents and talking on the phone\" height=\"304\" width=\"271\" data-link-type=\"url\" title=\"Close-up of a smiling businessman with smart phone\" data-srcset=\"https:\/\/www.babcock-wanson.com\/wp-content\/uploads\/2019\/04\/iStock-672506870-1.jpg 271w, https:\/\/www.babcock-wanson.com\/wp-content\/uploads\/2019\/04\/iStock-672506870-1-267x300.jpg 267w\" \/>\t\t\t\t\t\t<\/a>\n<h5>\n\t\t\t<a href=\"https:\/\/www.babcock-wanson.com\/careers\/sales\/\" title=\"Ventas\" target=\"_self\" rel=\"noopener\">\n\tVentas\n\t\t\t<\/a>\n\t<\/h5>\n\t\t\t\t<a href=\"https:\/\/www.babcock-wanson.com\/careers\/services\/\" target=\"_self\" title=\"OLYMPUS DIGITAL CAMERA\" rel=\"noopener\">\n\t\t\t\t\t\t\t<img loading=\"lazy\" decoding=\"async\" src=\"https:\/\/www.babcock-wanson.com\/wp-content\/uploads\/2019\/04\/iStock-531159761-1.jpg\" alt=\"OLYMPUS DIGITAL CAMERA\" height=\"304\" width=\"271\" data-link-type=\"url\" title=\"asian engineer working in factory\" data-srcset=\"https:\/\/www.babcock-wanson.com\/wp-content\/uploads\/2019\/04\/iStock-531159761-1.jpg 271w, https:\/\/www.babcock-wanson.com\/wp-content\/uploads\/2019\/04\/iStock-531159761-1-267x300.jpg 267w\" \/>\t\t\t\t\t\t<\/a>\n<h5>\n\t\t\t<a href=\"https:\/\/www.babcock-wanson.com\/careers\/services\/\" title=\"Servicios\" target=\"_self\" rel=\"noopener\">\n\tServicios\n\t\t\t<\/a>\n\t<\/h5>\n\t\t\t\t<a href=\"https:\/\/www.babcock-wanson.com\/careers\/manufacturing\/\" target=\"_self\" title=\"Male worker writing on clipboard in factory\" rel=\"noopener\">\n\t\t\t\t\t\t\t<img loading=\"lazy\" decoding=\"async\" src=\"https:\/\/www.babcock-wanson.com\/wp-content\/uploads\/2019\/04\/iStock-896264102-1.jpg\" alt=\"Male worker writing on clipboard in factory\" height=\"304\" width=\"271\" data-link-type=\"url\" title=\"Steel factory supervisor with clipboard\" data-srcset=\"https:\/\/www.babcock-wanson.com\/wp-content\/uploads\/2019\/04\/iStock-896264102-1.jpg 271w, https:\/\/www.babcock-wanson.com\/wp-content\/uploads\/2019\/04\/iStock-896264102-1-267x300.jpg 267w\" \/>\t\t\t\t\t\t<\/a>\n<h5>\n\t\t\t<a href=\"https:\/\/www.babcock-wanson.com\/careers\/manufacturing\/\" title=\"Fabricaci\u00f3n\" target=\"_self\" rel=\"noopener\">\n\tFabricaci\u00f3n\n\t\t\t<\/a>\n\t<\/h5>\n\t\t\t\t<a href=\"https:\/\/www.babcock-wanson.com\/careers\/support\/\" target=\"_self\" title=\"Shot of call centre agents working in an office\" rel=\"noopener\">\n\t\t\t\t\t\t\t<img loading=\"lazy\" decoding=\"async\" src=\"https:\/\/www.babcock-wanson.com\/wp-content\/uploads\/2019\/04\/iStock-912491876-1.jpg\" alt=\"Shot of call centre agents working in an office\" height=\"304\" width=\"271\" data-link-type=\"url\" title=\"Taking calls and inquiries\" data-srcset=\"https:\/\/www.babcock-wanson.com\/wp-content\/uploads\/2019\/04\/iStock-912491876-1.jpg 271w, https:\/\/www.babcock-wanson.com\/wp-content\/uploads\/2019\/04\/iStock-912491876-1-267x300.jpg 267w\" \/>\t\t\t\t\t\t<\/a>\n<h5>\n\t\t\t<a href=\"https:\/\/www.babcock-wanson.com\/careers\/support\/\" title=\"Equipo de asistencia\" target=\"_self\" rel=\"noopener\">\n\tEquipo de asistencia\n\t\t\t<\/a>\n\t<\/h5>\n\t\n\t\n\t\n<h2>\n\t<strong>Ver las posiciones abiertas<\/strong>\n\t<\/h2>\n<h2>\n\tCinco buenos motivos para <strong>unirse a Babcock Wanson<\/strong>\n\t<\/h2>\n<h3>\n\t1. Una <strong>empresa<\/strong> en r\u00e1pido crecimiento\n\t<\/h3>\n\t<p>Babcock\u00a0Wanson lleva creciendo varios a\u00f1os.<\/p>\n<ul>\n<li>Expansi\u00f3n internacional y crecimiento externo<\/li>\n<li>56 nuevos empleados se unieron a nosotros en 2020<\/li>\n<li>Innovaci\u00f3n, digitalizaci\u00f3n y proyectos innovadores<\/li>\n<\/ul>\n\t<h5>Crecimiento anual superior al 5% y ventas de m\u00e1s de 105 millones de euros<\/h5>\n<h3>\n\t2. Un entorno laboral estimulante\n\t<\/h3>\n\t<p>Nuestra posici\u00f3n \u00fanica en el mercado le permitir\u00e1 ejercer una profesi\u00f3n valiosa y participar en proyectos variados en t\u00e9rminos de especificaci\u00f3n t\u00e9cnica, tama\u00f1o y localizaci\u00f3n.<\/p>\n<ul>\n<li>Amplio abanico de profesiones: I+D, Oficina de Dise\u00f1o, proyectos, ventas, etc<\/li>\n<li>Intervenci\u00f3n a lo largo de todo el ciclo de vida \u00fatil de los productos<\/li>\n<li>Autonom\u00eda y asunci\u00f3n de responsabilidades en las tareas, con el apoyo experto de todos los compa\u00f1eros<\/li>\n<\/ul>\n\t<h5>Gran diversidad de clientes: desde microempresas hasta empresas del CAC 40<\/h5>\n<h3>\n\t3. Una <strong>aventura humana<\/strong> \u00fanica y enriquecedora\n\t<\/h3>\n\t<p>En Babcock\u00a0Wanson, contamos con una s\u00f3lida cultura corporativa, un verdadero esp\u00edritu de familia y un fuerte sentimiento de pertenencia.<\/p>\n<ul>\n<li>Equipos apasionados<\/li>\n<li>Gesti\u00f3n basada en la comunidad<\/li>\n<li>Atm\u00f3sfera distendida (Saint \u00c9loi, seminarios, etc.)<\/li>\n<\/ul>\n\t<h5>Empleados fieles con un \u00edndice de rotaci\u00f3n bajo: 5 %<\/h5>\n<h3>\n\t4. Una <strong>pol\u00edtica salarial<\/strong> din\u00e1mica\n\t<\/h3>\n\t<p>Una pol\u00edtica de prestaciones sociales y salariales atractivas y valoradas (puede variar en funci\u00f3n de la agencia).<\/p>\n<ul>\n<li>Reducci\u00f3n de la jornada laboral, seguro de previsi\u00f3n y mutua de seguros de calidad, cupones de restaurante, dietas, bonos de transporte<\/li>\n<li>Un comit\u00e9 de empresa activo<\/li>\n<li>Gesti\u00f3n basada en la comunidad<\/li>\n<li>Atm\u00f3sfera distendida (Saint \u00c9loi, seminarios, etc.)<\/li>\n<\/ul>\n\t<h5>Revisi\u00f3n salarial anual, 13 pagas, distribuci\u00f3n de beneficios y acuerdo de incentivos<\/h5>\n<h3>\n\t5. Una <strong>carrera<\/strong> en auge\n\t<\/h3>\n\t<p>Desarrolle sus competencias y haga despegar su carrera.<\/p>\n<ul>\n<li>Cada a\u00f1o, m\u00e1s del 4\u00a0% de la n\u00f3mina se destina a formaci\u00f3n y 2\/3 de nuestros empleados reciben formaci\u00f3n (en Francia)<\/li>\n<li>Babcock\u00a0Wanson es una organizaci\u00f3n de formaci\u00f3n reconocida entre nuestros clientes. Tambi\u00e9n impartimos cursos espec\u00edficos para nuestros empleados<\/li>\n<\/ul>\n\t<h5>Una pol\u00edtica de movilidad interna activa &gt;&gt;<\/h5>\n<h3>\n\t<strong>Testimonios<\/strong> de empleados\n\t<\/h3>\n\t\t\tFabrice\n\t\t<strong><i><img loading=\"lazy\" decoding=\"async\" src=\"https:\/\/www.babcock-wanson.com\/wp-content\/uploads\/2019\/11\/Fabrice.jpg\" alt=\"\" width=\"150\" height=\"185\" \/>Francia<\/i><\/strong>\n<strong><i>T\u00e9cnico de mantenimiento<\/i> <i>\u2192<\/i><i> Jefe de zona <\/i><i>\u2192<\/i><i> Director regional (Oeste)\n<\/i><\/strong>\nLa empresa favorece en gran medida el cambio de puesto; de hecho, muchos de nuestros empleados cuentan con una espectacular trayectoria evolutiva.\nEn mi caso, entr\u00e9 a formar parte de Babcock Wanson en junio de 1996 como t\u00e9cnico de servicio al cliente de la regi\u00f3n oeste.\nEn enero de 2001, en el marco del proceso de reorganizaci\u00f3n de regiones \u00abventa 2000\u00bb, propuse mi candidatura para el puesto de director de la zona de Breta\u00f1a, por aquel entonces en proceso de creaci\u00f3n.\nEsta decisi\u00f3n estuvo motivada por mi deseo de darle un giro comercial a mi carrera.\nTras diez a\u00f1os de actividad en la zona, empez\u00f3 a interesarme la gesti\u00f3n y comenc\u00e9 mi formaci\u00f3n.\nAs\u00ed, cuando qued\u00f3 vacante el puesto de director regional para la zona oeste, me present\u00e9 a la plaza y, desde agosto de 2015, ocupo este cargo.\nLa progresi\u00f3n de mi carrera con el desempe\u00f1o de tres profesiones distintas dentro de Babcock Wanson me permiti\u00f3 cumplir mis aspiraciones de cambio y evoluci\u00f3n.\nPara ello, pude beneficiarme de un proceso de selecci\u00f3n que presta mucha atenci\u00f3n a las candidaturas internas.\n\t\t\tRaoul\n\t\t<i><img loading=\"lazy\" decoding=\"async\" src=\"https:\/\/www.babcock-wanson.com\/wp-content\/uploads\/2019\/11\/Raoul.jpg\" alt=\"\" width=\"150\" height=\"182\" \/><strong>Francia<\/strong><\/i>\n<strong><i>T\u00e9cnico de mantenimiento<\/i> <i>\u2192<\/i><i> Director de ventas<\/i><i>\u2192<\/i><\/strong><i><strong> Jefe de zona<\/strong>\n<\/i>\nMe un\u00ed a Babcock Wanson en junio de 2007 como t\u00e9cnico de servicio al cliente en la regi\u00f3n de Centro Par\u00eds Norte. En ese momento, no pod\u00eda ni imaginar c\u00f3mo evolucionar\u00eda mi carrera&#8230;\nTras varios a\u00f1os en este puesto, expres\u00e9 a la empresa mi deseo de movilidad. Fue en 2015, con motivo de una jubilaci\u00f3n, cuando tuve la oportunidad de acceder al puesto de director de ventas.\nEsto me permiti\u00f3 descubrir una nueva profesi\u00f3n y, en especial, adquirir una visi\u00f3n m\u00e1s amplia de todas las actividades del grupo. Tras aprender y evolucionar gracias al desempe\u00f1o de este cargo, 4 a\u00f1os m\u00e1s tarde, mi director regional me propuso el puesto que ocupo en la actualidad, jefe de zona. Se trata de todo un desaf\u00edo para m\u00ed, puesto que me obliga a salir de mi zona de confort, pero eso me gusta especialmente.\n\t\t\tBarbara\n\t\t<i><img loading=\"lazy\" decoding=\"async\" src=\"https:\/\/www.babcock-wanson.com\/wp-content\/uploads\/2019\/11\/Barbara.jpg\" alt=\"\" width=\"150\" height=\"197\" \/><strong>Italia<\/strong><\/i>\n<strong><i>Oficina de Control de Gesti\u00f3n <\/i><i>\u2192<\/i><i> Directora de mantenimiento\u00a0<\/i>\u2192<\/strong><i><strong> Directora de producci\u00f3n<\/strong>\n<\/i>\nMi aventura en Babcock Wanson comenz\u00f3 en el a\u00f1o 2006, reci\u00e9n graduada, en la Oficina de Control de Gesti\u00f3n, que por aquel entonces formaba parte del segmento industrial. \nDesde ese momento, adquir\u00ed una variada experiencia como encargada del mantenimiento de la planta y la maquinaria, as\u00ed como del servicio de protecci\u00f3n y prevenci\u00f3n, hasta que finalmente me designaron como responsable. Con el paso de los a\u00f1os, las distintas tareas me han permitido mantener un contacto continuo con el coraz\u00f3n palpitante de la empresa: el taller, donde nuestros trabajadores transforman cada d\u00eda materias primas en productos acabados con pasi\u00f3n y compromiso. Finalmente, en el a\u00f1o 2015, tras una reorganizaci\u00f3n interna, comenc\u00e9 a formar parte de \u00e9l al asumir la responsabilidad de la planificaci\u00f3n de la producci\u00f3n hasta que logr\u00e9 convertirme, en 2018, en directora de producci\u00f3n. \nLa flexibilidad y el dinamismo est\u00e1n a la orden del d\u00eda, pero eso es lo bonito.\n<h2>\n\tUna mirada al interior de <br><b>Babcock Wanson<b><\/b>\n\t<\/h2>\n\t\t\t600+\n\templeados en toda Europa<br \/>\ny el resto del mundo\n\t\t\t100+\n\tpa\u00edses servidos por<br \/>\nnuestro equipo internacional\n<\/div><!-- .vgblk-rw-wrapper -->","protected":false},"excerpt":{"rendered":"<p>Babcock Wanson, fabricante a la par que proveedor de servicios, comercializa sus propios productos y, actualmente, se considera uno de los actores internacionales m\u00e1s importantes en el segmento de las salas de calderas industriales. Nuestra posici\u00f3n \u00fanica en la industria nos permite ofrecer empleo a numerosas profesiones. Babcock Wanson ofrece todo tipo de soluciones para&#8230;<\/p>\n","protected":false},"author":1,"featured_media":0,"parent":0,"menu_order":0,"comment_status":"closed","ping_status":"closed","template":"","meta":{"_acf_changed":false,"_relevanssi_hide_post":"","_relevanssi_hide_content":"","_relevanssi_pin_for_all":"","_relevanssi_pin_keywords":"","_relevanssi_unpin_keywords":"","_relevanssi_related_keywords":"","_relevanssi_related_include_ids":"","_relevanssi_related_exclude_ids":"","_relevanssi_related_no_append":"","_relevanssi_related_not_related":"","_relevanssi_related_posts":"","_relevanssi_noindex_reason":"","footnotes":""},"class_list":["post-32507","page","type-page","status-publish","hentry"],"acf":[],"yoast_head":"<!-- This site is optimized with the Yoast SEO Premium plugin v27.4 (Yoast SEO v27.4) - https:\/\/yoast.com\/product\/yoast-seo-premium-wordpress\/ -->\n<title>Empleo - Babcock Wanson<\/title>\n<meta name=\"description\" content=\"Empleos en Babcock Wanson. \u00danase a nuestro equipo de hombres y mujeres que no dejan de progresar en una atm\u00f3sfera laboral distendida.\" \/>\n<meta name=\"robots\" content=\"index, follow, max-snippet:-1, max-image-preview:large, max-video-preview:-1\" \/>\n<link rel=\"canonical\" href=\"https:\/\/www.babcock-wanson.com\/es\/empleos\/\" \/>\n<meta property=\"og:locale\" content=\"es_ES\" \/>\n<meta property=\"og:type\" content=\"article\" \/>\n<meta property=\"og:title\" content=\"Empleo\" \/>\n<meta property=\"og:description\" content=\"Empleos en Babcock Wanson. \u00danase a nuestro equipo de hombres y mujeres que no dejan de progresar en una atm\u00f3sfera laboral distendida.\" \/>\n<meta property=\"og:url\" content=\"https:\/\/www.babcock-wanson.com\/es\/empleos\/\" \/>\n<meta property=\"og:site_name\" content=\"Babcock Wanson\" \/>\n<meta property=\"article:modified_time\" content=\"2023-07-07T12:38:24+00:00\" \/>\n<meta property=\"og:image\" content=\"https:\/\/www.babcock-wanson.com\/wp-content\/uploads\/2023\/07\/0.jpg\" \/>\n<meta name=\"twitter:card\" content=\"summary_large_image\" \/>\n<meta name=\"twitter:label1\" content=\"Est. reading time\" \/>\n\t<meta name=\"twitter:data1\" content=\"5 minutos\" \/>\n<script type=\"application\/ld+json\" class=\"yoast-schema-graph\">{\"@context\":\"https:\\\/\\\/schema.org\",\"@graph\":[{\"@type\":\"WebPage\",\"@id\":\"https:\\\/\\\/www.babcock-wanson.com\\\/es\\\/empleos\\\/\",\"url\":\"https:\\\/\\\/www.babcock-wanson.com\\\/es\\\/empleos\\\/\",\"name\":\"Empleo - Babcock Wanson\",\"isPartOf\":{\"@id\":\"https:\\\/\\\/www.babcock-wanson.com\\\/es\\\/#website\"},\"primaryImageOfPage\":{\"@id\":\"https:\\\/\\\/www.babcock-wanson.com\\\/es\\\/empleos\\\/#primaryimage\"},\"image\":{\"@id\":\"https:\\\/\\\/www.babcock-wanson.com\\\/es\\\/empleos\\\/#primaryimage\"},\"thumbnailUrl\":\"https:\\\/\\\/www.babcock-wanson.com\\\/wp-content\\\/uploads\\\/2023\\\/07\\\/0.jpg\",\"datePublished\":\"2020-08-27T14:41:03+00:00\",\"dateModified\":\"2023-07-07T12:38:24+00:00\",\"description\":\"Empleos en Babcock Wanson. \u00danase a nuestro equipo de hombres y mujeres que no dejan de progresar en una atm\u00f3sfera laboral distendida.\",\"breadcrumb\":{\"@id\":\"https:\\\/\\\/www.babcock-wanson.com\\\/es\\\/empleos\\\/#breadcrumb\"},\"inLanguage\":\"es\",\"potentialAction\":[{\"@type\":\"ReadAction\",\"target\":[\"https:\\\/\\\/www.babcock-wanson.com\\\/es\\\/empleos\\\/\"]}]},{\"@type\":\"ImageObject\",\"inLanguage\":\"es\",\"@id\":\"https:\\\/\\\/www.babcock-wanson.com\\\/es\\\/empleos\\\/#primaryimage\",\"url\":\"https:\\\/\\\/www.babcock-wanson.com\\\/wp-content\\\/uploads\\\/2023\\\/07\\\/0.jpg\",\"contentUrl\":\"https:\\\/\\\/www.babcock-wanson.com\\\/wp-content\\\/uploads\\\/2023\\\/07\\\/0.jpg\"},{\"@type\":\"BreadcrumbList\",\"@id\":\"https:\\\/\\\/www.babcock-wanson.com\\\/es\\\/empleos\\\/#breadcrumb\",\"itemListElement\":[{\"@type\":\"ListItem\",\"position\":1,\"name\":\"Inicio\",\"item\":\"https:\\\/\\\/www.babcock-wanson.com\\\/es\\\/\"},{\"@type\":\"ListItem\",\"position\":2,\"name\":\"Empleo\"}]},{\"@type\":\"WebSite\",\"@id\":\"https:\\\/\\\/www.babcock-wanson.com\\\/es\\\/#website\",\"url\":\"https:\\\/\\\/www.babcock-wanson.com\\\/es\\\/\",\"name\":\"Babcock Wanson\",\"description\":\"\",\"publisher\":{\"@id\":\"https:\\\/\\\/www.babcock-wanson.com\\\/es\\\/#organization\"},\"potentialAction\":[{\"@type\":\"SearchAction\",\"target\":{\"@type\":\"EntryPoint\",\"urlTemplate\":\"https:\\\/\\\/www.babcock-wanson.com\\\/es\\\/?s={search_term_string}\"},\"query-input\":{\"@type\":\"PropertyValueSpecification\",\"valueRequired\":true,\"valueName\":\"search_term_string\"}}],\"inLanguage\":\"es\"},{\"@type\":\"Organization\",\"@id\":\"https:\\\/\\\/www.babcock-wanson.com\\\/es\\\/#organization\",\"name\":\"Babcock Wanson\",\"url\":\"https:\\\/\\\/www.babcock-wanson.com\\\/es\\\/\",\"logo\":{\"@type\":\"ImageObject\",\"inLanguage\":\"es\",\"@id\":\"https:\\\/\\\/www.babcock-wanson.com\\\/es\\\/#\\\/schema\\\/logo\\\/image\\\/\",\"url\":\"https:\\\/\\\/www.babcock-wanson.com\\\/wp-content\\\/uploads\\\/2024\\\/02\\\/Babcock-Wanson-1200x1200-1.png\",\"contentUrl\":\"https:\\\/\\\/www.babcock-wanson.com\\\/wp-content\\\/uploads\\\/2024\\\/02\\\/Babcock-Wanson-1200x1200-1.png\",\"width\":1200,\"height\":1200,\"caption\":\"Babcock Wanson\"},\"image\":{\"@id\":\"https:\\\/\\\/www.babcock-wanson.com\\\/es\\\/#\\\/schema\\\/logo\\\/image\\\/\"},\"sameAs\":[\"https:\\\/\\\/www.linkedin.com\\\/company\\\/babcock-wanson\\\/\",\"https:\\\/\\\/www.youtube.com\\\/channel\\\/UCtxl25VieBBsP2kYmtlyv7A\"]}]}<\/script>\n<!-- \/ Yoast SEO Premium plugin. -->","yoast_head_json":{"title":"Empleo - Babcock Wanson","description":"Empleos en Babcock Wanson. \u00danase a nuestro equipo de hombres y mujeres que no dejan de progresar en una atm\u00f3sfera laboral distendida.","robots":{"index":"index","follow":"follow","max-snippet":"max-snippet:-1","max-image-preview":"max-image-preview:large","max-video-preview":"max-video-preview:-1"},"canonical":"https:\/\/www.babcock-wanson.com\/es\/empleos\/","og_locale":"es_ES","og_type":"article","og_title":"Empleo","og_description":"Empleos en Babcock Wanson. \u00danase a nuestro equipo de hombres y mujeres que no dejan de progresar en una atm\u00f3sfera laboral distendida.","og_url":"https:\/\/www.babcock-wanson.com\/es\/empleos\/","og_site_name":"Babcock Wanson","article_modified_time":"2023-07-07T12:38:24+00:00","og_image":[{"url":"https:\/\/www.babcock-wanson.com\/wp-content\/uploads\/2023\/07\/0.jpg","type":"","width":"","height":""}],"twitter_card":"summary_large_image","twitter_misc":{"Est. reading time":"5 minutos"},"schema":{"@context":"https:\/\/schema.org","@graph":[{"@type":"WebPage","@id":"https:\/\/www.babcock-wanson.com\/es\/empleos\/","url":"https:\/\/www.babcock-wanson.com\/es\/empleos\/","name":"Empleo - Babcock Wanson","isPartOf":{"@id":"https:\/\/www.babcock-wanson.com\/es\/#website"},"primaryImageOfPage":{"@id":"https:\/\/www.babcock-wanson.com\/es\/empleos\/#primaryimage"},"image":{"@id":"https:\/\/www.babcock-wanson.com\/es\/empleos\/#primaryimage"},"thumbnailUrl":"https:\/\/www.babcock-wanson.com\/wp-content\/uploads\/2023\/07\/0.jpg","datePublished":"2020-08-27T14:41:03+00:00","dateModified":"2023-07-07T12:38:24+00:00","description":"Empleos en Babcock Wanson. \u00danase a nuestro equipo de hombres y mujeres que no dejan de progresar en una atm\u00f3sfera laboral distendida.","breadcrumb":{"@id":"https:\/\/www.babcock-wanson.com\/es\/empleos\/#breadcrumb"},"inLanguage":"es","potentialAction":[{"@type":"ReadAction","target":["https:\/\/www.babcock-wanson.com\/es\/empleos\/"]}]},{"@type":"ImageObject","inLanguage":"es","@id":"https:\/\/www.babcock-wanson.com\/es\/empleos\/#primaryimage","url":"https:\/\/www.babcock-wanson.com\/wp-content\/uploads\/2023\/07\/0.jpg","contentUrl":"https:\/\/www.babcock-wanson.com\/wp-content\/uploads\/2023\/07\/0.jpg"},{"@type":"BreadcrumbList","@id":"https:\/\/www.babcock-wanson.com\/es\/empleos\/#breadcrumb","itemListElement":[{"@type":"ListItem","position":1,"name":"Inicio","item":"https:\/\/www.babcock-wanson.com\/es\/"},{"@type":"ListItem","position":2,"name":"Empleo"}]},{"@type":"WebSite","@id":"https:\/\/www.babcock-wanson.com\/es\/#website","url":"https:\/\/www.babcock-wanson.com\/es\/","name":"Babcock Wanson","description":"","publisher":{"@id":"https:\/\/www.babcock-wanson.com\/es\/#organization"},"potentialAction":[{"@type":"SearchAction","target":{"@type":"EntryPoint","urlTemplate":"https:\/\/www.babcock-wanson.com\/es\/?s={search_term_string}"},"query-input":{"@type":"PropertyValueSpecification","valueRequired":true,"valueName":"search_term_string"}}],"inLanguage":"es"},{"@type":"Organization","@id":"https:\/\/www.babcock-wanson.com\/es\/#organization","name":"Babcock Wanson","url":"https:\/\/www.babcock-wanson.com\/es\/","logo":{"@type":"ImageObject","inLanguage":"es","@id":"https:\/\/www.babcock-wanson.com\/es\/#\/schema\/logo\/image\/","url":"https:\/\/www.babcock-wanson.com\/wp-content\/uploads\/2024\/02\/Babcock-Wanson-1200x1200-1.png","contentUrl":"https:\/\/www.babcock-wanson.com\/wp-content\/uploads\/2024\/02\/Babcock-Wanson-1200x1200-1.png","width":1200,"height":1200,"caption":"Babcock Wanson"},"image":{"@id":"https:\/\/www.babcock-wanson.com\/es\/#\/schema\/logo\/image\/"},"sameAs":["https:\/\/www.linkedin.com\/company\/babcock-wanson\/","https:\/\/www.youtube.com\/channel\/UCtxl25VieBBsP2kYmtlyv7A"]}]}},"jetpack_sharing_enabled":true,"_links":{"self":[{"href":"https:\/\/www.babcock-wanson.com\/es\/wp-json\/wp\/v2\/pages\/32507","targetHints":{"allow":["GET"]}}],"collection":[{"href":"https:\/\/www.babcock-wanson.com\/es\/wp-json\/wp\/v2\/pages"}],"about":[{"href":"https:\/\/www.babcock-wanson.com\/es\/wp-json\/wp\/v2\/types\/page"}],"author":[{"embeddable":true,"href":"https:\/\/www.babcock-wanson.com\/es\/wp-json\/wp\/v2\/users\/1"}],"replies":[{"embeddable":true,"href":"https:\/\/www.babcock-wanson.com\/es\/wp-json\/wp\/v2\/comments?post=32507"}],"version-history":[{"count":6,"href":"https:\/\/www.babcock-wanson.com\/es\/wp-json\/wp\/v2\/pages\/32507\/revisions"}],"predecessor-version":[{"id":45843,"href":"https:\/\/www.babcock-wanson.com\/es\/wp-json\/wp\/v2\/pages\/32507\/revisions\/45843"}],"wp:attachment":[{"href":"https:\/\/www.babcock-wanson.com\/es\/wp-json\/wp\/v2\/media?parent=32507"}],"curies":[{"name":"wp","href":"https:\/\/api.w.org\/{rel}","templated":true}]}}