{"id":32535,"date":"2020-08-27T22:43:22","date_gmt":"2020-08-27T21:43:22","guid":{"rendered":"https:\/\/www.babcock-wanson.com\/empleo\/ventas\/"},"modified":"2022-01-13T22:44:28","modified_gmt":"2022-01-13T22:44:28","slug":"equipo-de-ventas","status":"publish","type":"page","link":"https:\/\/www.babcock-wanson.com\/es\/empleos\/equipo-de-ventas\/","title":{"rendered":"Ventas"},"content":{"rendered":"<div class=\"vgblk-rw-wrapper limit-wrapper\">\r\n<h3>Creaci\u00f3n de valor y fidelizaci\u00f3n de clientes.<\/h3>\r\n<h4>Nuestro equipo local de ventas coordina todo el conocimiento de Babcock Wanson para ofrecer diariamente a nuestros clientes soluciones t\u00e9cnicas consistentes.<\/h4>\r\n<p>Venta de equipos, renovaci\u00f3n, alquiler, <a href=\"https:\/\/www.babcock-wanson.com\/es\/nuestros-servicios\/repuestos\/\" target=\"_blank\" rel=\"noopener\">repuestos<\/a>, etc. La amplia gama de productos y servicios que ofrece Babcock Wanson obliga a nuestro personal de ventas a actuar como verdaderos expertos t\u00e9cnicos, capaces de proporcionar la soluci\u00f3n que mejor se adapta a las necesidades de los clientes.<\/p>\r\n<p>Protagonistas de nuestra estrategia comercial, estos hombres y mujeres especialistas en su sector ponen de relieve nuestra capacidad para innovar y ofrecer siempre a nuestros clientes un amplio cat\u00e1logo de productos y servicios con un gran valor a\u00f1adido.<\/p>\r\n<h2>Nuestras <b>actividades<\/b> principales<\/h2>\r\n<p>Jefe\/a de zona<\/p>\r\n<h4>Cometidos m\u00e1s importantes<\/h4>\r\n<p><i>Se encarga de aplicar sobre el terreno la estrategia comercial de la empresa a trav\u00e9s de la promoci\u00f3n y el desarrollo de las ventas y el servicio de los equipos en su zona.<\/i><\/p>\r\n<ul>\r\n<li>Fidelizaci\u00f3n de los clientes existentes y detecci\u00f3n de nuevos proyectos para conseguir nuevos clientes y clientes potenciales.<\/li>\r\n<li>Desarrollo de ofertas de equipos est\u00e1ndares y supervisi\u00f3n de la satisfacci\u00f3n de los clientes.<\/li>\r\n<li>Informaci\u00f3n peri\u00f3dica de los avances a su director\/a regional.<\/li>\r\n<li>Colaboraci\u00f3n estrecha con la direcci\u00f3n de proyectos comerciales sobre proyectos espec\u00edficos e importantes que se hayan identificado entre los clientes.<\/li>\r\n<li>Desarrollo de una cartera de servicios, entre ellos: contratos de mantenimiento; productos de tratamiento de agua; trabajos de reparaci\u00f3n o conformidad reglamentaria; quemadores; diagn\u00f3sticos energ\u00e9ticos y repuestos con ayuda del equipo regional (t\u00e9cnicos de servicio de campo, gestor de proyectos) y las l\u00edneas de productos.<\/li>\r\n<\/ul>\r\n<h4>Perfil requerido<\/h4>\r\n<ul>\r\n<li>Formaci\u00f3n t\u00e9cnica de posgrado (ingenier\u00eda el\u00e9ctrica, automatizaci\u00f3n, energ\u00eda t\u00e9rmica).<\/li>\r\n<li>Dominio de las t\u00e9cnicas de ventas de equipos industriales y contratos de servicio en el sector del calentamiento industrial (calderas, quemadores, tratamiento de aire y calentamiento de aire industriales).<\/li>\r\n<\/ul>\r\n<h3>\u00a0<\/h3>\r\n<h3>Fr\u00e9d\u00e9ric<\/h3>\r\n<p><img loading=\"lazy\" decoding=\"async\" src=\"https:\/\/www.babcock-wanson.com\/wp-content\/uploads\/2019\/12\/Frederic.jpg\" alt=\"Fr\u00e9d\u00e9ric\" width=\"150\" height=\"192\" \/><\/p>\r\n<h4>Jefe de zona en Francia<\/h4>\r\n<p><em>\u00abComo jefe de zona de Babcock Wanson desde hace 2 a\u00f1os, me encargo de asistir a los clientes existentes y potenciales a lo largo de sus proyectos. Soy el responsable de defender todos los productos de la gama, la organizaci\u00f3n de nuestros servicios, la imagen y la pol\u00edtica de Babcock Wanson, incluso en situaciones conflictivas.<\/em> <em>Es fundamental y emocionante actuar sobre el terreno para entender las expectativas de los clientes e involucrarse en el proceso.<\/em> <em>Un an\u00e1lisis y una transmisi\u00f3n de informaci\u00f3n adecuados permitir\u00e1n a nuestros equipos proporcionar ofertas precisas y puntuales. Saber escuchar, el sentido de la comunicaci\u00f3n y la adaptaci\u00f3n, el dinamismo, la combatividad y un poco de humildad son, entre otras muchas, las cualidades que caracterizan a los jefes de zona de Babcock Wanson.\u00bb<\/em> T\u00e9cnico\/a de ventas de tratamiento de agua &#8211; Francia<\/p>\r\n<h3>S\u00e9verine<\/h3>\r\n<h4>T\u00e9cnica de ventas de tratamiento de agua &#8211; Francia<\/h4>\r\n<p><em><img loading=\"lazy\" decoding=\"async\" src=\"https:\/\/www.babcock-wanson.com\/wp-content\/uploads\/2019\/12\/Severine.jpg\" alt=\"S\u00e9verine\" width=\"150\" height=\"200\" \/>\u201cCon m\u00e1s de 16 a\u00f1os de experiencia en el sector del tratamiento de agua, hace ya 3 a\u00f1os y medio que trabajo en Babcock Wanson como t\u00e9cnica comercial de tratamiento de agua para la agencia este.<\/em> <em>Este trabajo es muy activo, por lo que exige dinamismo y capacidad de adaptaci\u00f3n. En un mismo d\u00eda, tratamos gran variedad de asuntos: desde aspectos tecnol\u00f3gicos a comerciales o administrativos, pasando por la incentivaci\u00f3n de los t\u00e9cnicos, hasta la visita al Sr. Durand, un peque\u00f1o productor de quesos del Jura, o al Sr. Dupont, jefe de mantenimiento de una plataforma petroqu\u00edmica.<\/em> <em>\u00a1No hay tiempo para aburrirse! En especial, me gusta el esp\u00edritu de equipo de la agencia y nuestro sentido del \u00e9xito conjunto.\u00bb<\/em> T\u00e9cnico\/a de ventas Bajo la responsabilidad de la direcci\u00f3n regional, se encarga de apoyar la supervisi\u00f3n comercial de los equipos en su regi\u00f3n geogr\u00e1fica.<\/p>\r\n<h4>Cometidos m\u00e1s importantes<\/h4>\r\n<ul>\r\n<li>Ejecuci\u00f3n de estudios t\u00e9cnicos y econ\u00f3micos que se ajusten a las caracter\u00edsticas espec\u00edficas del cliente.<\/li>\r\n<li>Elaboraci\u00f3n de ofertas t\u00e9cnico-comerciales con el respaldo del Departamento de L\u00edneas de Productos.<\/li>\r\n<li>Participaci\u00f3n en el desarrollo y el despliegue de un plan de acci\u00f3n comercial.<\/li>\r\n<li>Ejecuci\u00f3n de las acciones telef\u00f3nicas y f\u00edsicas de prospecci\u00f3n necesarias.<\/li>\r\n<\/ul>\r\n<h4>Perfil requerido<\/h4>\r\n<ul>\r\n<li>Formaci\u00f3n t\u00e9cnica de posgrado (ingenier\u00eda el\u00e9ctrica, automatizaci\u00f3n, energ\u00eda t\u00e9rmica o qu\u00edmica, en funci\u00f3n de la l\u00ednea de productos).<\/li>\r\n<li>Aptitudes electrot\u00e9cnicas \/ de automatizaci\u00f3n.<\/li>\r\n<li>Muy buena relaci\u00f3n con los clientes, aptitudes comerciales, disponibilidad y buen conocimiento del tejido industrial de la zona geogr\u00e1fica designada.<\/li>\r\n<\/ul>\r\n<p>Director\/a de ventas de la Divisi\u00f3n de Proyectos Especiales &#8211; Italia<\/p>\r\n<h3>Emmanuele<\/h3>\r\n<h4>Director de ventas de la Divisi\u00f3n de Proyectos Especiales &#8211; Italia<\/h4>\r\n<p><em><img loading=\"lazy\" decoding=\"async\" src=\"https:\/\/www.babcock-wanson.com\/wp-content\/uploads\/2019\/12\/Emmanuele.jpg\" alt=\"Emmanuele\" width=\"150\" height=\"199\" \/><em>\u201cMe un\u00ed a Babcock Wanson en 2015 despu\u00e9s de haber trabajado anteriormente como t\u00e9cnico de ventas en el mismo segmento de negocio. La empresa afrontaba un importante periodo de cambio y la propuesta era emocionante: encontrar nuevas oportunidades de negocio.<\/em> <em>Actualmente, soy responsable de una divisi\u00f3n encargada de proyectos que se caracterizan por un importante grado de personalizaci\u00f3n y que, generalmente, implican la colaboraci\u00f3n con clientes o contratistas EPC en aplicaciones del sector de la generaci\u00f3n de energ\u00eda y la industria del petr\u00f3leo y el gas<\/em><\/em> <em>La oportunidad de asumir nuevos desaf\u00edos con autonom\u00eda en la toma de decisiones y un trabajo estrecho con personas de distintos pa\u00edses y culturas hacen que me sienta orgulloso de formar parte de esta empresa.\u201d<\/em><\/p>\r\n<h2>Una mirada al interior de <br \/><b>Babcock Wanson<b><\/b> <\/b><\/h2>\r\n<p>100+<\/p>\r\n<h4>mill.\u20ac de facturaci\u00f3n<\/h4>\r\n<p>100,000+<\/p>\r\n<h4>Equipo de calentamiento<\/h4>\r\n<h2>Profesiones de Babcock Wanson<\/h2>\r\n<p><a title=\"Beautiful girl at factory in a vest and helmet smiling going for a handshake. Shallow DOF. Developed from RAW; retouched with special care and attention; Small amount of grain added for best final impression. 16 bit Adobe RGB color profile.\" href=\"https:\/\/www.babcock-wanson.com\/careers\/products-projects\/\" target=\"_self\" rel=\"noopener\"> <img loading=\"lazy\" decoding=\"async\" title=\"Beautiful girl at factory in a vest and helmet smiling going for a handshake\" src=\"https:\/\/www.babcock-wanson.com\/wp-content\/uploads\/2019\/04\/iStock-682443590-1.jpg\" alt=\"Beautiful girl at factory in a vest and helmet smiling going for a handshake. Shallow DOF. Developed from RAW; retouched with special care and attention; Small amount of grain added for best final impression. 16 bit Adobe RGB color profile.\" width=\"271\" height=\"304\" data-link-type=\"url\" data-srcset=\"https:\/\/www.babcock-wanson.com\/wp-content\/uploads\/2019\/04\/iStock-682443590-1.jpg 271w, https:\/\/www.babcock-wanson.com\/wp-content\/uploads\/2019\/04\/iStock-682443590-1-267x300.jpg 267w\" \/> <\/a><\/p>\r\n<h5><a title=\"Productos\" href=\"https:\/\/www.babcock-wanson.com\/careers\/products-projects\/\" target=\"_self\" rel=\"noopener\"> Productos <\/a><\/h5>\r\n<p><a title=\"Businessman holding documents and talking on the phone\" href=\"https:\/\/www.babcock-wanson.com\/careers\/sales\/\" target=\"_self\" rel=\"noopener\"> <img loading=\"lazy\" decoding=\"async\" title=\"Close-up of a smiling businessman with smart phone\" src=\"https:\/\/www.babcock-wanson.com\/wp-content\/uploads\/2019\/04\/iStock-672506870-1.jpg\" alt=\"Businessman holding documents and talking on the phone\" width=\"271\" height=\"304\" data-link-type=\"url\" data-srcset=\"https:\/\/www.babcock-wanson.com\/wp-content\/uploads\/2019\/04\/iStock-672506870-1.jpg 271w, https:\/\/www.babcock-wanson.com\/wp-content\/uploads\/2019\/04\/iStock-672506870-1-267x300.jpg 267w\" \/> <\/a><\/p>\r\n<h5><a title=\"Ventas\" href=\"https:\/\/www.babcock-wanson.com\/careers\/sales\/\" target=\"_self\" rel=\"noopener\"> Ventas <\/a><\/h5>\r\n<p><a title=\"OLYMPUS DIGITAL CAMERA\" href=\"https:\/\/www.babcock-wanson.com\/careers\/services\/\" target=\"_self\" rel=\"noopener\"> <img loading=\"lazy\" decoding=\"async\" title=\"asian engineer working in factory\" src=\"https:\/\/www.babcock-wanson.com\/wp-content\/uploads\/2019\/04\/iStock-531159761-1.jpg\" alt=\"OLYMPUS DIGITAL CAMERA\" width=\"271\" height=\"304\" data-link-type=\"url\" data-srcset=\"https:\/\/www.babcock-wanson.com\/wp-content\/uploads\/2019\/04\/iStock-531159761-1.jpg 271w, https:\/\/www.babcock-wanson.com\/wp-content\/uploads\/2019\/04\/iStock-531159761-1-267x300.jpg 267w\" \/> <\/a><\/p>\r\n<h5><a title=\"Servicios\" href=\"https:\/\/www.babcock-wanson.com\/careers\/services\/\" target=\"_self\" rel=\"noopener\"> Servicios <\/a><\/h5>\r\n<p><a title=\"Male worker writing on clipboard in factory\" href=\"https:\/\/www.babcock-wanson.com\/careers\/manufacturing\/\" target=\"_self\" rel=\"noopener\"> <img loading=\"lazy\" decoding=\"async\" title=\"Steel factory supervisor with clipboard\" src=\"https:\/\/www.babcock-wanson.com\/wp-content\/uploads\/2019\/04\/iStock-896264102-1.jpg\" alt=\"Male worker writing on clipboard in factory\" width=\"271\" height=\"304\" data-link-type=\"url\" data-srcset=\"https:\/\/www.babcock-wanson.com\/wp-content\/uploads\/2019\/04\/iStock-896264102-1.jpg 271w, https:\/\/www.babcock-wanson.com\/wp-content\/uploads\/2019\/04\/iStock-896264102-1-267x300.jpg 267w\" \/> <\/a><\/p>\r\n<h5><a title=\"Fabricaci\u00f3n\" href=\"https:\/\/www.babcock-wanson.com\/careers\/manufacturing\/\" target=\"_self\" rel=\"noopener\"> Fabricaci\u00f3n <\/a><\/h5>\r\n<p><a title=\"Shot of call centre agents working in an office\" href=\"https:\/\/www.babcock-wanson.com\/careers\/support\/\" target=\"_self\" rel=\"noopener\"> <img loading=\"lazy\" decoding=\"async\" title=\"Taking calls and inquiries\" src=\"https:\/\/www.babcock-wanson.com\/wp-content\/uploads\/2019\/04\/iStock-912491876-1.jpg\" alt=\"Shot of call centre agents working in an office\" width=\"271\" height=\"304\" data-link-type=\"url\" data-srcset=\"https:\/\/www.babcock-wanson.com\/wp-content\/uploads\/2019\/04\/iStock-912491876-1.jpg 271w, https:\/\/www.babcock-wanson.com\/wp-content\/uploads\/2019\/04\/iStock-912491876-1-267x300.jpg 267w\" \/> <\/a><\/p>\r\n<h5><a title=\"Equipo de asistencia\" href=\"https:\/\/www.babcock-wanson.com\/careers\/support\/\" target=\"_self\" rel=\"noopener\"> Equipo de asistencia <\/a><\/h5>\r\n<\/div><!-- .vgblk-rw-wrapper -->","protected":false},"excerpt":{"rendered":"<p>Creaci\u00f3n de valor y fidelizaci\u00f3n de clientes. Nuestro equipo local de ventas coordina todo el conocimiento de Babcock Wanson para ofrecer diariamente a nuestros clientes soluciones t\u00e9cnicas consistentes. Venta de equipos, renovaci\u00f3n, alquiler, repuestos, etc. La amplia gama de productos y servicios que ofrece Babcock Wanson obliga a nuestro personal de ventas a actuar como&#8230;<\/p>\n","protected":false},"author":1,"featured_media":0,"parent":32507,"menu_order":0,"comment_status":"closed","ping_status":"closed","template":"","meta":{"_acf_changed":false,"_relevanssi_hide_post":"","_relevanssi_hide_content":"","_relevanssi_pin_for_all":"","_relevanssi_pin_keywords":"","_relevanssi_unpin_keywords":"","_relevanssi_related_keywords":"","_relevanssi_related_include_ids":"","_relevanssi_related_exclude_ids":"","_relevanssi_related_no_append":"","_relevanssi_related_not_related":"","_relevanssi_related_posts":"","_relevanssi_noindex_reason":"","footnotes":""},"class_list":["post-32535","page","type-page","status-publish","hentry"],"acf":[],"yoast_head":"<!-- This site is optimized with the Yoast SEO Premium plugin v27.4 (Yoast SEO v27.4) - https:\/\/yoast.com\/product\/yoast-seo-premium-wordpress\/ -->\n<title>Ventas - Babcock Wanson<\/title>\n<meta name=\"description\" content=\"Nuestro equipo de ventas coordina todo el conocimiento de Babcock Wanson para ofrecer diariamente a nuestros clientes soluciones t\u00e9cnicas consistentes.\" \/>\n<meta name=\"robots\" content=\"index, follow, max-snippet:-1, max-image-preview:large, max-video-preview:-1\" \/>\n<link rel=\"canonical\" href=\"https:\/\/www.babcock-wanson.com\/es\/empleos\/equipo-de-ventas\/\" \/>\n<meta property=\"og:locale\" content=\"es_ES\" \/>\n<meta property=\"og:type\" content=\"article\" \/>\n<meta property=\"og:title\" content=\"Ventas\" \/>\n<meta property=\"og:description\" content=\"Nuestro equipo de ventas coordina todo el conocimiento de Babcock Wanson para ofrecer diariamente a nuestros clientes soluciones t\u00e9cnicas consistentes.\" \/>\n<meta property=\"og:url\" content=\"https:\/\/www.babcock-wanson.com\/es\/empleos\/equipo-de-ventas\/\" \/>\n<meta property=\"og:site_name\" content=\"Babcock Wanson\" \/>\n<meta property=\"article:modified_time\" content=\"2022-01-13T22:44:28+00:00\" \/>\n<meta property=\"og:image\" content=\"https:\/\/www.babcock-wanson.com\/wp-content\/uploads\/2019\/12\/Frederic.jpg\" \/>\n<meta name=\"twitter:card\" content=\"summary_large_image\" \/>\n<meta name=\"twitter:label1\" content=\"Est. reading time\" \/>\n\t<meta name=\"twitter:data1\" content=\"5 minutos\" \/>\n<script type=\"application\/ld+json\" class=\"yoast-schema-graph\">{\"@context\":\"https:\\\/\\\/schema.org\",\"@graph\":[{\"@type\":\"WebPage\",\"@id\":\"https:\\\/\\\/www.babcock-wanson.com\\\/es\\\/empleos\\\/equipo-de-ventas\\\/\",\"url\":\"https:\\\/\\\/www.babcock-wanson.com\\\/es\\\/empleos\\\/equipo-de-ventas\\\/\",\"name\":\"Ventas - Babcock Wanson\",\"isPartOf\":{\"@id\":\"https:\\\/\\\/www.babcock-wanson.com\\\/es\\\/#website\"},\"primaryImageOfPage\":{\"@id\":\"https:\\\/\\\/www.babcock-wanson.com\\\/es\\\/empleos\\\/equipo-de-ventas\\\/#primaryimage\"},\"image\":{\"@id\":\"https:\\\/\\\/www.babcock-wanson.com\\\/es\\\/empleos\\\/equipo-de-ventas\\\/#primaryimage\"},\"thumbnailUrl\":\"https:\\\/\\\/www.babcock-wanson.com\\\/wp-content\\\/uploads\\\/2019\\\/12\\\/Frederic.jpg\",\"datePublished\":\"2020-08-27T21:43:22+00:00\",\"dateModified\":\"2022-01-13T22:44:28+00:00\",\"description\":\"Nuestro equipo de ventas coordina todo el conocimiento de Babcock Wanson para ofrecer diariamente a nuestros clientes soluciones t\u00e9cnicas consistentes.\",\"breadcrumb\":{\"@id\":\"https:\\\/\\\/www.babcock-wanson.com\\\/es\\\/empleos\\\/equipo-de-ventas\\\/#breadcrumb\"},\"inLanguage\":\"es\",\"potentialAction\":[{\"@type\":\"ReadAction\",\"target\":[\"https:\\\/\\\/www.babcock-wanson.com\\\/es\\\/empleos\\\/equipo-de-ventas\\\/\"]}]},{\"@type\":\"ImageObject\",\"inLanguage\":\"es\",\"@id\":\"https:\\\/\\\/www.babcock-wanson.com\\\/es\\\/empleos\\\/equipo-de-ventas\\\/#primaryimage\",\"url\":\"https:\\\/\\\/www.babcock-wanson.com\\\/wp-content\\\/uploads\\\/2019\\\/12\\\/Frederic.jpg\",\"contentUrl\":\"https:\\\/\\\/www.babcock-wanson.com\\\/wp-content\\\/uploads\\\/2019\\\/12\\\/Frederic.jpg\"},{\"@type\":\"BreadcrumbList\",\"@id\":\"https:\\\/\\\/www.babcock-wanson.com\\\/es\\\/empleos\\\/equipo-de-ventas\\\/#breadcrumb\",\"itemListElement\":[{\"@type\":\"ListItem\",\"position\":1,\"name\":\"Inicio\",\"item\":\"https:\\\/\\\/www.babcock-wanson.com\\\/es\\\/\"},{\"@type\":\"ListItem\",\"position\":2,\"name\":\"Empleo\",\"item\":\"https:\\\/\\\/www.babcock-wanson.com\\\/es\\\/empleos\\\/\"},{\"@type\":\"ListItem\",\"position\":3,\"name\":\"Ventas\"}]},{\"@type\":\"WebSite\",\"@id\":\"https:\\\/\\\/www.babcock-wanson.com\\\/es\\\/#website\",\"url\":\"https:\\\/\\\/www.babcock-wanson.com\\\/es\\\/\",\"name\":\"Babcock Wanson\",\"description\":\"\",\"publisher\":{\"@id\":\"https:\\\/\\\/www.babcock-wanson.com\\\/es\\\/#organization\"},\"potentialAction\":[{\"@type\":\"SearchAction\",\"target\":{\"@type\":\"EntryPoint\",\"urlTemplate\":\"https:\\\/\\\/www.babcock-wanson.com\\\/es\\\/?s={search_term_string}\"},\"query-input\":{\"@type\":\"PropertyValueSpecification\",\"valueRequired\":true,\"valueName\":\"search_term_string\"}}],\"inLanguage\":\"es\"},{\"@type\":\"Organization\",\"@id\":\"https:\\\/\\\/www.babcock-wanson.com\\\/es\\\/#organization\",\"name\":\"Babcock Wanson\",\"url\":\"https:\\\/\\\/www.babcock-wanson.com\\\/es\\\/\",\"logo\":{\"@type\":\"ImageObject\",\"inLanguage\":\"es\",\"@id\":\"https:\\\/\\\/www.babcock-wanson.com\\\/es\\\/#\\\/schema\\\/logo\\\/image\\\/\",\"url\":\"https:\\\/\\\/www.babcock-wanson.com\\\/wp-content\\\/uploads\\\/2024\\\/02\\\/Babcock-Wanson-1200x1200-1.png\",\"contentUrl\":\"https:\\\/\\\/www.babcock-wanson.com\\\/wp-content\\\/uploads\\\/2024\\\/02\\\/Babcock-Wanson-1200x1200-1.png\",\"width\":1200,\"height\":1200,\"caption\":\"Babcock Wanson\"},\"image\":{\"@id\":\"https:\\\/\\\/www.babcock-wanson.com\\\/es\\\/#\\\/schema\\\/logo\\\/image\\\/\"},\"sameAs\":[\"https:\\\/\\\/www.linkedin.com\\\/company\\\/babcock-wanson\\\/\",\"https:\\\/\\\/www.youtube.com\\\/channel\\\/UCtxl25VieBBsP2kYmtlyv7A\"]}]}<\/script>\n<!-- \/ Yoast SEO Premium plugin. -->","yoast_head_json":{"title":"Ventas - Babcock Wanson","description":"Nuestro equipo de ventas coordina todo el conocimiento de Babcock Wanson para ofrecer diariamente a nuestros clientes soluciones t\u00e9cnicas consistentes.","robots":{"index":"index","follow":"follow","max-snippet":"max-snippet:-1","max-image-preview":"max-image-preview:large","max-video-preview":"max-video-preview:-1"},"canonical":"https:\/\/www.babcock-wanson.com\/es\/empleos\/equipo-de-ventas\/","og_locale":"es_ES","og_type":"article","og_title":"Ventas","og_description":"Nuestro equipo de ventas coordina todo el conocimiento de Babcock Wanson para ofrecer diariamente a nuestros clientes soluciones t\u00e9cnicas consistentes.","og_url":"https:\/\/www.babcock-wanson.com\/es\/empleos\/equipo-de-ventas\/","og_site_name":"Babcock Wanson","article_modified_time":"2022-01-13T22:44:28+00:00","og_image":[{"url":"https:\/\/www.babcock-wanson.com\/wp-content\/uploads\/2019\/12\/Frederic.jpg","type":"","width":"","height":""}],"twitter_card":"summary_large_image","twitter_misc":{"Est. reading time":"5 minutos"},"schema":{"@context":"https:\/\/schema.org","@graph":[{"@type":"WebPage","@id":"https:\/\/www.babcock-wanson.com\/es\/empleos\/equipo-de-ventas\/","url":"https:\/\/www.babcock-wanson.com\/es\/empleos\/equipo-de-ventas\/","name":"Ventas - Babcock Wanson","isPartOf":{"@id":"https:\/\/www.babcock-wanson.com\/es\/#website"},"primaryImageOfPage":{"@id":"https:\/\/www.babcock-wanson.com\/es\/empleos\/equipo-de-ventas\/#primaryimage"},"image":{"@id":"https:\/\/www.babcock-wanson.com\/es\/empleos\/equipo-de-ventas\/#primaryimage"},"thumbnailUrl":"https:\/\/www.babcock-wanson.com\/wp-content\/uploads\/2019\/12\/Frederic.jpg","datePublished":"2020-08-27T21:43:22+00:00","dateModified":"2022-01-13T22:44:28+00:00","description":"Nuestro equipo de ventas coordina todo el conocimiento de Babcock Wanson para ofrecer diariamente a nuestros clientes soluciones t\u00e9cnicas consistentes.","breadcrumb":{"@id":"https:\/\/www.babcock-wanson.com\/es\/empleos\/equipo-de-ventas\/#breadcrumb"},"inLanguage":"es","potentialAction":[{"@type":"ReadAction","target":["https:\/\/www.babcock-wanson.com\/es\/empleos\/equipo-de-ventas\/"]}]},{"@type":"ImageObject","inLanguage":"es","@id":"https:\/\/www.babcock-wanson.com\/es\/empleos\/equipo-de-ventas\/#primaryimage","url":"https:\/\/www.babcock-wanson.com\/wp-content\/uploads\/2019\/12\/Frederic.jpg","contentUrl":"https:\/\/www.babcock-wanson.com\/wp-content\/uploads\/2019\/12\/Frederic.jpg"},{"@type":"BreadcrumbList","@id":"https:\/\/www.babcock-wanson.com\/es\/empleos\/equipo-de-ventas\/#breadcrumb","itemListElement":[{"@type":"ListItem","position":1,"name":"Inicio","item":"https:\/\/www.babcock-wanson.com\/es\/"},{"@type":"ListItem","position":2,"name":"Empleo","item":"https:\/\/www.babcock-wanson.com\/es\/empleos\/"},{"@type":"ListItem","position":3,"name":"Ventas"}]},{"@type":"WebSite","@id":"https:\/\/www.babcock-wanson.com\/es\/#website","url":"https:\/\/www.babcock-wanson.com\/es\/","name":"Babcock Wanson","description":"","publisher":{"@id":"https:\/\/www.babcock-wanson.com\/es\/#organization"},"potentialAction":[{"@type":"SearchAction","target":{"@type":"EntryPoint","urlTemplate":"https:\/\/www.babcock-wanson.com\/es\/?s={search_term_string}"},"query-input":{"@type":"PropertyValueSpecification","valueRequired":true,"valueName":"search_term_string"}}],"inLanguage":"es"},{"@type":"Organization","@id":"https:\/\/www.babcock-wanson.com\/es\/#organization","name":"Babcock Wanson","url":"https:\/\/www.babcock-wanson.com\/es\/","logo":{"@type":"ImageObject","inLanguage":"es","@id":"https:\/\/www.babcock-wanson.com\/es\/#\/schema\/logo\/image\/","url":"https:\/\/www.babcock-wanson.com\/wp-content\/uploads\/2024\/02\/Babcock-Wanson-1200x1200-1.png","contentUrl":"https:\/\/www.babcock-wanson.com\/wp-content\/uploads\/2024\/02\/Babcock-Wanson-1200x1200-1.png","width":1200,"height":1200,"caption":"Babcock Wanson"},"image":{"@id":"https:\/\/www.babcock-wanson.com\/es\/#\/schema\/logo\/image\/"},"sameAs":["https:\/\/www.linkedin.com\/company\/babcock-wanson\/","https:\/\/www.youtube.com\/channel\/UCtxl25VieBBsP2kYmtlyv7A"]}]}},"jetpack_sharing_enabled":true,"_links":{"self":[{"href":"https:\/\/www.babcock-wanson.com\/es\/wp-json\/wp\/v2\/pages\/32535","targetHints":{"allow":["GET"]}}],"collection":[{"href":"https:\/\/www.babcock-wanson.com\/es\/wp-json\/wp\/v2\/pages"}],"about":[{"href":"https:\/\/www.babcock-wanson.com\/es\/wp-json\/wp\/v2\/types\/page"}],"author":[{"embeddable":true,"href":"https:\/\/www.babcock-wanson.com\/es\/wp-json\/wp\/v2\/users\/1"}],"replies":[{"embeddable":true,"href":"https:\/\/www.babcock-wanson.com\/es\/wp-json\/wp\/v2\/comments?post=32535"}],"version-history":[{"count":2,"href":"https:\/\/www.babcock-wanson.com\/es\/wp-json\/wp\/v2\/pages\/32535\/revisions"}],"predecessor-version":[{"id":41567,"href":"https:\/\/www.babcock-wanson.com\/es\/wp-json\/wp\/v2\/pages\/32535\/revisions\/41567"}],"up":[{"embeddable":true,"href":"https:\/\/www.babcock-wanson.com\/es\/wp-json\/wp\/v2\/pages\/32507"}],"wp:attachment":[{"href":"https:\/\/www.babcock-wanson.com\/es\/wp-json\/wp\/v2\/media?parent=32535"}],"curies":[{"name":"wp","href":"https:\/\/api.w.org\/{rel}","templated":true}]}}