{"id":32590,"date":"2020-08-28T09:09:06","date_gmt":"2020-08-28T08:09:06","guid":{"rendered":"https:\/\/www.babcock-wanson.com\/industrias\/bebidas\/"},"modified":"2021-12-12T23:12:47","modified_gmt":"2021-12-12T23:12:47","slug":"bebidas","status":"publish","type":"page","link":"https:\/\/www.babcock-wanson.com\/es\/industrias\/bebidas\/","title":{"rendered":"Bebidas"},"content":{"rendered":"<div class=\"vgblk-rw-wrapper limit-wrapper\"><h2>\n\t\tCalderas destinadas a la <strong>industria de las bebidas<\/strong>\n\t<\/h2>\n\t<p>La industria de las bebidas se divide en dos categor\u00edas:<\/p>\n<ul>\n<li>Bebidas no alcoh\u00f3licas: refrescos y agua en botella o lata; zumos de frutas en botella, lata o cart\u00f3n; la industria del caf\u00e9 y la industria del t\u00e9.<\/li>\n<li>Bebidas alcoh\u00f3licas: destilados, vino y cerveza.<\/li>\n<\/ul>\n<p>Este sector requiere un control preciso y cargas de calor muy variables. El suministro de calor debe poder ajustarse para hacer frente a las variaciones repentinas en la carga del proceso.<\/p>\n<p>Otro aspecto importante del proceso de fabricaci\u00f3n de bebidas es evitar la contaminaci\u00f3n del proceso y los productos. Por tanto, para garantizar la calidad del producto, se necesitan tanto una supervisi\u00f3n precisa como un control de la seguridad.<\/p>\n<h3>Recomendaciones de productos<\/h3>\n<p>Babcock\u00a0Wanson suministra los equipos, las tecnolog\u00edas y la experiencia que se necesitan para lograr que cualquier proceso de fabricaci\u00f3n de bebidas resulte m\u00e1s seguro y eficiente.<\/p>\n<p>Gracias a sus conocimientos internos y a la fabricaci\u00f3n propia de las calderas y los quemadores, Babcock\u00a0Wanson ofrece equipos fiables y robustos para esta industria. Tanto los <a href=\"https:\/\/www.babcock-wanson.com\/es\/productos\/calderas-de-vapor-industriales\/calderas-acuotubulares\/\" rel=\"noopener\" target=\"_blank\">generadores de vapor acuotubulares<\/a> como las <a href=\"https:\/\/www.babcock-wanson.com\/es\/categoria-producto\/calderas-de-vapor-pirotubulares\/\" rel=\"noopener\" target=\"_blank\">calderas pirotubulares<\/a> se adaptan a la perfecci\u00f3n al proceso de fabricaci\u00f3n de bebidas.<\/p>\n<p>En el sector de la fabricaci\u00f3n de cerveza, el m\u00e9todo tradicional de calentamiento empleado es el vapor. El vapor tambi\u00e9n se emplea en aplicaciones de lavado de botellas y limpieza de equipos. Estos procesos requieren un consumo de vapor elevado y, por tanto, el agua de alta calidad que las soluciones de tratamiento de agua de Babcock\u00a0Wanson pueden garantizar. Babcock\u00a0Wanson ofrece una amplia gama de equipos integrales de <a href=\"https:\/\/www.babcock-wanson.com\/es\/categoria-producto\/tratamiento-de-agua-industrial\/\" rel=\"noopener\" target=\"_blank\">tratamiento de agua<\/a> que permiten aclarar, filtrar, esterilizar y declorar el agua para ofrecer agua de alimentaci\u00f3n de alta calidad.<\/p>\n<p>La experiencia de Babcock\u00a0Wanson garantiza unos costes de mantenimiento m\u00ednimos, a la vez que un control de la corrosi\u00f3n y los dep\u00f3sitos qu\u00edmicos en la caldera y el circuito.<\/p>\n<p>Las calderas de aceite t\u00e9rmico es una alternativa a los sistemas de vapor cl\u00e1sicos. Los procesos de aceite t\u00e9rmico funcionan a temperaturas elevadas (hasta 350\u00a0\u00b0C en su formato est\u00e1ndar) dentro de un circuito cerrado simple. Estas soluciones se han empleado con \u00e9xito y de manera muy rentable en procesos como la cocci\u00f3n de mosto, en vez de los equipos de vapor m\u00e1s tradicionales.<\/p>\n<h3>Servicios disponibles<\/h3>\n<p>Babcock\u00a0Wanson puede ofrecer servicios a medida y asistencia t\u00e9cnica personalizada para satisfacer las necesidades individuales de cada cliente y cada aplicaci\u00f3n.<\/p>\n<ul>\n<li><strong>Asistencia por tel\u00e9fono y plazos de respuesta cortos:<\/strong> la implantaci\u00f3n de un plan de mantenimiento y servicio programado riguroso garantizar\u00e1 una mayor fiabilidad y eficiencia de los equipos.<\/li>\n<li><strong>Compromiso de disponibilidad:<\/strong> la amplia red de t\u00e9cnicos de servicio de Babcock\u00a0Wanson est\u00e1 plenamente capacitada y formada para responder a cualquier necesidad de servicio relacionada con su caldera.<\/li>\n<\/ul>\n<h3>\n\t\t<strong>Clientes<\/strong> de calderas destinadas a la industria de las bebidas\n\t<\/h3>\n\t\t\t\t\t\t\t<img loading=\"lazy\" decoding=\"async\" src=\"https:\/\/www.babcock-wanson.com\/wp-content\/uploads\/2019\/02\/Remy_Cointreau_logo.png\" data-srcset=\"https:\/\/www.babcock-wanson.com\/wp-content\/uploads\/2019\/02\/Remy_Cointreau_logo.png\" alt=\"Remy_Cointreau_logo\" height=\"50\" width=\"126\" title=\"Remy_Cointreau_logo\" \/>\t\t\t\t\t\t\t\n\t\t\t\t\t\t\t<img loading=\"lazy\" decoding=\"async\" src=\"https:\/\/www.babcock-wanson.com\/wp-content\/uploads\/2019\/02\/roxane-water-logo.png\" data-srcset=\"https:\/\/www.babcock-wanson.com\/wp-content\/uploads\/2019\/02\/roxane-water-logo.png\" alt=\"roxane-water-logo\" height=\"50\" width=\"64\" title=\"roxane-water-logo\" \/>\t\t\t\t\t\t\t\n\t\t\t\t\t\t\t<img loading=\"lazy\" decoding=\"async\" src=\"https:\/\/www.babcock-wanson.com\/wp-content\/uploads\/2019\/02\/bacardi-martini-logo.png\" alt=\"bacardi-martini-logo\" height=\"50\" width=\"154\" title=\"bacardi-martini-logo\" data-srcset=\"https:\/\/www.babcock-wanson.com\/wp-content\/uploads\/2019\/02\/bacardi-martini-logo.png 154w, https:\/\/www.babcock-wanson.com\/wp-content\/uploads\/2019\/02\/bacardi-martini-logo-150x50.png 150w\" \/>\t\t\t\t\t\t\t\n\t\t\t\t\t\t\t<img loading=\"lazy\" decoding=\"async\" src=\"https:\/\/www.babcock-wanson.com\/wp-content\/uploads\/2019\/02\/Coca-Cola_logo.png\" alt=\"Coca-Cola_logo\" height=\"50\" width=\"151\" title=\"Coca-Cola_logo\" data-srcset=\"https:\/\/www.babcock-wanson.com\/wp-content\/uploads\/2019\/02\/Coca-Cola_logo.png 151w, https:\/\/www.babcock-wanson.com\/wp-content\/uploads\/2019\/02\/Coca-Cola_logo-150x50.png 150w\" \/>\t\t\t\t\t\t\t\n\t\t\t\t\t\t\t<img loading=\"lazy\" decoding=\"async\" src=\"https:\/\/www.babcock-wanson.com\/wp-content\/uploads\/2019\/02\/Heineken-Logo.png\" data-srcset=\"https:\/\/www.babcock-wanson.com\/wp-content\/uploads\/2019\/02\/Heineken-Logo.png\" alt=\"Heineken-Logo\" height=\"50\" width=\"88\" title=\"Heineken-Logo\" \/>\t\t\t\t\t\t\t\n\t\t\t\t\t\t\t<img loading=\"lazy\" decoding=\"async\" src=\"https:\/\/www.babcock-wanson.com\/wp-content\/uploads\/2019\/02\/nestle-waters-logo.png\" data-srcset=\"https:\/\/www.babcock-wanson.com\/wp-content\/uploads\/2019\/02\/nestle-waters-logo.png\" alt=\"nestle-waters-logo\" height=\"50\" width=\"78\" title=\"nestle-waters-logo\" \/>\t\t\t\t\t\t\t\n<h2>\n\t<b>Productos<\/b> relacionados\n\t<\/h2>\n\t\t\t\t\t\t<a href=\"https:\/\/www.babcock-wanson.com\/es\/productos\/calderas-de-vapor-pirotubulares\/nbwb\/\"><img loading=\"lazy\" decoding=\"async\" width=\"315\" height=\"210\" src=\"https:\/\/www.babcock-wanson.com\/wp-content\/uploads\/2018\/08\/NBWB-Fire-Tube-Boiler-3-315x210.png\" alt=\"NBWB Calderas pirotubulares de vapor\" data-attachment-id=\"32611\" data-permalink=\"https:\/\/www.babcock-wanson.com\/es\/?attachment_id=32611\" data-orig-file=\"https:\/\/www.babcock-wanson.com\/wp-content\/uploads\/2018\/08\/NBWB-Fire-Tube-Boiler-3.png\" data-orig-size=\"600,400\" data-comments-opened=\"0\" data-image-meta=\"{&quot;aperture&quot;:&quot;0&quot;,&quot;credit&quot;:&quot;&quot;,&quot;camera&quot;:&quot;&quot;,&quot;caption&quot;:&quot;&quot;,&quot;created_timestamp&quot;:&quot;0&quot;,&quot;copyright&quot;:&quot;&quot;,&quot;focal_length&quot;:&quot;0&quot;,&quot;iso&quot;:&quot;0&quot;,&quot;shutter_speed&quot;:&quot;0&quot;,&quot;title&quot;:&quot;&quot;,&quot;orientation&quot;:&quot;0&quot;}\" data-image-title=\"NBWB-calderas-pirotubulares-de-vapor-3\" data-image-description=\"\" data-medium-file=\"https:\/\/www.babcock-wanson.com\/wp-content\/uploads\/2018\/08\/NBWB-Fire-Tube-Boiler-3-300x200.png\" data-large-file=\"https:\/\/www.babcock-wanson.com\/wp-content\/uploads\/2018\/08\/NBWB-Fire-Tube-Boiler-3.png\" \/><\/a><a href=\"https:\/\/www.babcock-wanson.com\/es\/productos\/calderas-de-vapor-pirotubulares\/nbwb\/\" data-quantity=\"1\" data-product_id=\"33634\" data-product_sku=\"\" aria-label=\"Lee m\u00e1s sobre &ldquo;NBWB&rdquo;\" rel=\"nofollow\">Leer m\u00e1s<\/a><a href=\"https:\/\/www.babcock-wanson.com\/es\/productos\/calderas-de-vapor-pirotubulares\/nbwb\/\"><h3>NBWB<\/h3>\n\t\t<\/a>\n\t\t\t\t\t\t<a href=\"https:\/\/www.babcock-wanson.com\/es\/productos\/calderas-de-fluido-termico\/tpc-b\/\"><img loading=\"lazy\" decoding=\"async\" width=\"315\" height=\"211\" src=\"https:\/\/www.babcock-wanson.com\/wp-content\/uploads\/2018\/08\/TC-B-Series-side-by-side-315x211.jpg\" alt=\"\" data-attachment-id=\"32605\" data-permalink=\"https:\/\/www.babcock-wanson.com\/es\/?attachment_id=32605\" data-orig-file=\"https:\/\/www.babcock-wanson.com\/wp-content\/uploads\/2018\/08\/TC-B-Series-side-by-side.jpg\" data-orig-size=\"600,401\" data-comments-opened=\"0\" data-image-meta=\"{&quot;aperture&quot;:&quot;0&quot;,&quot;credit&quot;:&quot;&quot;,&quot;camera&quot;:&quot;&quot;,&quot;caption&quot;:&quot;&quot;,&quot;created_timestamp&quot;:&quot;0&quot;,&quot;copyright&quot;:&quot;&quot;,&quot;focal_length&quot;:&quot;0&quot;,&quot;iso&quot;:&quot;0&quot;,&quot;shutter_speed&quot;:&quot;0&quot;,&quot;title&quot;:&quot;&quot;,&quot;orientation&quot;:&quot;1&quot;}\" data-image-title=\"Calderas TPC-B juntas\" data-image-description=\"\" data-medium-file=\"https:\/\/www.babcock-wanson.com\/wp-content\/uploads\/2018\/08\/TC-B-Series-side-by-side-300x201.jpg\" data-large-file=\"https:\/\/www.babcock-wanson.com\/wp-content\/uploads\/2018\/08\/TC-B-Series-side-by-side.jpg\" \/><\/a><a href=\"https:\/\/www.babcock-wanson.com\/es\/productos\/calderas-de-fluido-termico\/tpc-b\/\" data-quantity=\"1\" data-product_id=\"33777\" data-product_sku=\"TPC-B Series\" aria-label=\"Lee m\u00e1s sobre &ldquo;TPC-B&rdquo;\" rel=\"nofollow\">Leer m\u00e1s<\/a><a href=\"https:\/\/www.babcock-wanson.com\/es\/productos\/calderas-de-fluido-termico\/tpc-b\/\"><h3>TPC-B<\/h3>\n\t\t<\/a>\n\t\t\t\t\t\t<a href=\"https:\/\/www.babcock-wanson.com\/es\/productos\/calderas-de-vapor-pirotubulares\/bwd\/\"><img loading=\"lazy\" decoding=\"async\" width=\"315\" height=\"210\" src=\"https:\/\/www.babcock-wanson.com\/wp-content\/uploads\/2018\/08\/BWD-Fire-Tube-Boilers-4-315x210.png\" alt=\"BWD Calderas pirotubulares de vapor\" data-attachment-id=\"32674\" data-permalink=\"https:\/\/www.babcock-wanson.com\/es\/?attachment_id=32674\" data-orig-file=\"https:\/\/www.babcock-wanson.com\/wp-content\/uploads\/2018\/08\/BWD-Fire-Tube-Boilers-4.png\" data-orig-size=\"600,400\" data-comments-opened=\"0\" data-image-meta=\"{&quot;aperture&quot;:&quot;0&quot;,&quot;credit&quot;:&quot;&quot;,&quot;camera&quot;:&quot;&quot;,&quot;caption&quot;:&quot;&quot;,&quot;created_timestamp&quot;:&quot;0&quot;,&quot;copyright&quot;:&quot;&quot;,&quot;focal_length&quot;:&quot;0&quot;,&quot;iso&quot;:&quot;0&quot;,&quot;shutter_speed&quot;:&quot;0&quot;,&quot;title&quot;:&quot;&quot;,&quot;orientation&quot;:&quot;0&quot;}\" data-image-title=\"BWD-calderas-pirotubulares-de-vapor-4\" data-image-description=\"\" data-medium-file=\"https:\/\/www.babcock-wanson.com\/wp-content\/uploads\/2018\/08\/BWD-Fire-Tube-Boilers-4-300x200.png\" data-large-file=\"https:\/\/www.babcock-wanson.com\/wp-content\/uploads\/2018\/08\/BWD-Fire-Tube-Boilers-4.png\" \/><\/a><a href=\"https:\/\/www.babcock-wanson.com\/es\/productos\/calderas-de-vapor-pirotubulares\/bwd\/\" data-quantity=\"1\" data-product_id=\"33630\" data-product_sku=\"\" aria-label=\"Lee m\u00e1s sobre &ldquo;BWD&rdquo;\" rel=\"nofollow\">Leer m\u00e1s<\/a><a href=\"https:\/\/www.babcock-wanson.com\/es\/productos\/calderas-de-vapor-pirotubulares\/bwd\/\"><h3>BWD<\/h3>\n\t\t<\/a>\n\t\t\t\t\t\t<a href=\"https:\/\/www.babcock-wanson.com\/es\/productos\/calderas-de-fluido-termico\/epc-es\/\"><img loading=\"lazy\" decoding=\"async\" width=\"315\" height=\"210\" src=\"https:\/\/www.babcock-wanson.com\/wp-content\/uploads\/2018\/08\/EPC-ES-Thermal-Fluid-Heater-2-315x210.png\" alt=\"EPC-ES Calentadores de fluido t\u00e9rmico\" data-attachment-id=\"32195\" data-permalink=\"https:\/\/www.babcock-wanson.com\/es\/?attachment_id=32195\" data-orig-file=\"https:\/\/www.babcock-wanson.com\/wp-content\/uploads\/2018\/08\/EPC-ES-Thermal-Fluid-Heater-2.png\" data-orig-size=\"600,400\" data-comments-opened=\"0\" data-image-meta=\"{&quot;aperture&quot;:&quot;0&quot;,&quot;credit&quot;:&quot;&quot;,&quot;camera&quot;:&quot;&quot;,&quot;caption&quot;:&quot;&quot;,&quot;created_timestamp&quot;:&quot;0&quot;,&quot;copyright&quot;:&quot;&quot;,&quot;focal_length&quot;:&quot;0&quot;,&quot;iso&quot;:&quot;0&quot;,&quot;shutter_speed&quot;:&quot;0&quot;,&quot;title&quot;:&quot;&quot;,&quot;orientation&quot;:&quot;0&quot;}\" data-image-title=\"EPC-ES-Calentadores-de-fluido-t\u00e9rmico-2\" data-image-description=\"\" data-medium-file=\"https:\/\/www.babcock-wanson.com\/wp-content\/uploads\/2018\/08\/EPC-ES-Thermal-Fluid-Heater-2-300x200.png\" data-large-file=\"https:\/\/www.babcock-wanson.com\/wp-content\/uploads\/2018\/08\/EPC-ES-Thermal-Fluid-Heater-2.png\" \/><\/a><a href=\"https:\/\/www.babcock-wanson.com\/es\/productos\/calderas-de-fluido-termico\/epc-es\/\" data-quantity=\"1\" data-product_id=\"33776\" data-product_sku=\"\" aria-label=\"Lee m\u00e1s sobre &ldquo;EPC-ES&rdquo;\" rel=\"nofollow\">Leer m\u00e1s<\/a><a href=\"https:\/\/www.babcock-wanson.com\/es\/productos\/calderas-de-fluido-termico\/epc-es\/\"><h3>EPC-ES<\/h3>\n\t\t<\/a>\n<\/div><!-- .vgblk-rw-wrapper -->","protected":false},"excerpt":{"rendered":"<p>Calderas destinadas a la industria de las bebidas La industria de las bebidas se divide en dos categor\u00edas: Bebidas no alcoh\u00f3licas: refrescos y agua en botella o lata; zumos de frutas en botella, lata o cart\u00f3n; la industria del caf\u00e9 y la industria del t\u00e9. Bebidas alcoh\u00f3licas: destilados, vino y cerveza. Este sector requiere un&#8230;<\/p>\n","protected":false},"author":1,"featured_media":0,"parent":32210,"menu_order":0,"comment_status":"closed","ping_status":"closed","template":"","meta":{"_acf_changed":false,"_relevanssi_hide_post":"","_relevanssi_hide_content":"","_relevanssi_pin_for_all":"","_relevanssi_pin_keywords":"","_relevanssi_unpin_keywords":"","_relevanssi_related_keywords":"","_relevanssi_related_include_ids":"","_relevanssi_related_exclude_ids":"","_relevanssi_related_no_append":"","_relevanssi_related_not_related":"","_relevanssi_related_posts":"","_relevanssi_noindex_reason":"","footnotes":""},"class_list":["post-32590","page","type-page","status-publish","hentry"],"acf":[],"yoast_head":"<!-- This site is optimized with the Yoast SEO Premium plugin v27.4 (Yoast SEO v27.4) - https:\/\/yoast.com\/product\/yoast-seo-premium-wordpress\/ -->\n<title>Bebidas - Babcock Wanson<\/title>\n<meta name=\"description\" content=\"El proceso de fabricaci\u00f3n de bebidas requiere un control preciso y cargas de calor muy variables. Nuestras calderas industriales para bebidas proporcionan este control.\" \/>\n<meta name=\"robots\" content=\"index, follow, max-snippet:-1, max-image-preview:large, max-video-preview:-1\" \/>\n<link rel=\"canonical\" href=\"https:\/\/www.babcock-wanson.com\/es\/industrias\/bebidas\/\" \/>\n<meta property=\"og:locale\" content=\"es_ES\" \/>\n<meta property=\"og:type\" content=\"article\" \/>\n<meta property=\"og:title\" content=\"Bebidas\" \/>\n<meta property=\"og:description\" content=\"El proceso de fabricaci\u00f3n de bebidas requiere un control preciso y cargas de calor muy variables. Nuestras calderas industriales para bebidas proporcionan este control.\" \/>\n<meta property=\"og:url\" content=\"https:\/\/www.babcock-wanson.com\/es\/industrias\/bebidas\/\" \/>\n<meta property=\"og:site_name\" content=\"Babcock Wanson\" \/>\n<meta property=\"article:modified_time\" content=\"2021-12-12T23:12:47+00:00\" \/>\n<meta property=\"og:image\" content=\"https:\/\/www.babcock-wanson.com\/wp-content\/uploads\/2019\/02\/Remy_Cointreau_logo.png\" \/>\n<meta name=\"twitter:card\" content=\"summary_large_image\" \/>\n<meta name=\"twitter:label1\" content=\"Est. reading time\" \/>\n\t<meta name=\"twitter:data1\" content=\"3 minutos\" \/>\n<script type=\"application\/ld+json\" class=\"yoast-schema-graph\">{\"@context\":\"https:\\\/\\\/schema.org\",\"@graph\":[{\"@type\":\"WebPage\",\"@id\":\"https:\\\/\\\/www.babcock-wanson.com\\\/es\\\/industrias\\\/bebidas\\\/\",\"url\":\"https:\\\/\\\/www.babcock-wanson.com\\\/es\\\/industrias\\\/bebidas\\\/\",\"name\":\"Bebidas - Babcock Wanson\",\"isPartOf\":{\"@id\":\"https:\\\/\\\/www.babcock-wanson.com\\\/es\\\/#website\"},\"primaryImageOfPage\":{\"@id\":\"https:\\\/\\\/www.babcock-wanson.com\\\/es\\\/industrias\\\/bebidas\\\/#primaryimage\"},\"image\":{\"@id\":\"https:\\\/\\\/www.babcock-wanson.com\\\/es\\\/industrias\\\/bebidas\\\/#primaryimage\"},\"thumbnailUrl\":\"https:\\\/\\\/www.babcock-wanson.com\\\/wp-content\\\/uploads\\\/2019\\\/02\\\/Remy_Cointreau_logo.png\",\"datePublished\":\"2020-08-28T08:09:06+00:00\",\"dateModified\":\"2021-12-12T23:12:47+00:00\",\"description\":\"El proceso de fabricaci\u00f3n de bebidas requiere un control preciso y cargas de calor muy variables. Nuestras calderas industriales para bebidas proporcionan este control.\",\"breadcrumb\":{\"@id\":\"https:\\\/\\\/www.babcock-wanson.com\\\/es\\\/industrias\\\/bebidas\\\/#breadcrumb\"},\"inLanguage\":\"es\",\"potentialAction\":[{\"@type\":\"ReadAction\",\"target\":[\"https:\\\/\\\/www.babcock-wanson.com\\\/es\\\/industrias\\\/bebidas\\\/\"]}]},{\"@type\":\"ImageObject\",\"inLanguage\":\"es\",\"@id\":\"https:\\\/\\\/www.babcock-wanson.com\\\/es\\\/industrias\\\/bebidas\\\/#primaryimage\",\"url\":\"https:\\\/\\\/www.babcock-wanson.com\\\/wp-content\\\/uploads\\\/2019\\\/02\\\/Remy_Cointreau_logo.png\",\"contentUrl\":\"https:\\\/\\\/www.babcock-wanson.com\\\/wp-content\\\/uploads\\\/2019\\\/02\\\/Remy_Cointreau_logo.png\"},{\"@type\":\"BreadcrumbList\",\"@id\":\"https:\\\/\\\/www.babcock-wanson.com\\\/es\\\/industrias\\\/bebidas\\\/#breadcrumb\",\"itemListElement\":[{\"@type\":\"ListItem\",\"position\":1,\"name\":\"Inicio\",\"item\":\"https:\\\/\\\/www.babcock-wanson.com\\\/es\\\/\"},{\"@type\":\"ListItem\",\"position\":2,\"name\":\"Industrias\",\"item\":\"https:\\\/\\\/www.babcock-wanson.com\\\/es\\\/industrias\\\/\"},{\"@type\":\"ListItem\",\"position\":3,\"name\":\"Bebidas\"}]},{\"@type\":\"WebSite\",\"@id\":\"https:\\\/\\\/www.babcock-wanson.com\\\/es\\\/#website\",\"url\":\"https:\\\/\\\/www.babcock-wanson.com\\\/es\\\/\",\"name\":\"Babcock Wanson\",\"description\":\"\",\"publisher\":{\"@id\":\"https:\\\/\\\/www.babcock-wanson.com\\\/es\\\/#organization\"},\"potentialAction\":[{\"@type\":\"SearchAction\",\"target\":{\"@type\":\"EntryPoint\",\"urlTemplate\":\"https:\\\/\\\/www.babcock-wanson.com\\\/es\\\/?s={search_term_string}\"},\"query-input\":{\"@type\":\"PropertyValueSpecification\",\"valueRequired\":true,\"valueName\":\"search_term_string\"}}],\"inLanguage\":\"es\"},{\"@type\":\"Organization\",\"@id\":\"https:\\\/\\\/www.babcock-wanson.com\\\/es\\\/#organization\",\"name\":\"Babcock Wanson\",\"url\":\"https:\\\/\\\/www.babcock-wanson.com\\\/es\\\/\",\"logo\":{\"@type\":\"ImageObject\",\"inLanguage\":\"es\",\"@id\":\"https:\\\/\\\/www.babcock-wanson.com\\\/es\\\/#\\\/schema\\\/logo\\\/image\\\/\",\"url\":\"https:\\\/\\\/www.babcock-wanson.com\\\/wp-content\\\/uploads\\\/2024\\\/02\\\/Babcock-Wanson-1200x1200-1.png\",\"contentUrl\":\"https:\\\/\\\/www.babcock-wanson.com\\\/wp-content\\\/uploads\\\/2024\\\/02\\\/Babcock-Wanson-1200x1200-1.png\",\"width\":1200,\"height\":1200,\"caption\":\"Babcock Wanson\"},\"image\":{\"@id\":\"https:\\\/\\\/www.babcock-wanson.com\\\/es\\\/#\\\/schema\\\/logo\\\/image\\\/\"},\"sameAs\":[\"https:\\\/\\\/www.linkedin.com\\\/company\\\/babcock-wanson\\\/\",\"https:\\\/\\\/www.youtube.com\\\/channel\\\/UCtxl25VieBBsP2kYmtlyv7A\"]}]}<\/script>\n<!-- \/ Yoast SEO Premium plugin. -->","yoast_head_json":{"title":"Bebidas - Babcock Wanson","description":"El proceso de fabricaci\u00f3n de bebidas requiere un control preciso y cargas de calor muy variables. Nuestras calderas industriales para bebidas proporcionan este control.","robots":{"index":"index","follow":"follow","max-snippet":"max-snippet:-1","max-image-preview":"max-image-preview:large","max-video-preview":"max-video-preview:-1"},"canonical":"https:\/\/www.babcock-wanson.com\/es\/industrias\/bebidas\/","og_locale":"es_ES","og_type":"article","og_title":"Bebidas","og_description":"El proceso de fabricaci\u00f3n de bebidas requiere un control preciso y cargas de calor muy variables. Nuestras calderas industriales para bebidas proporcionan este control.","og_url":"https:\/\/www.babcock-wanson.com\/es\/industrias\/bebidas\/","og_site_name":"Babcock Wanson","article_modified_time":"2021-12-12T23:12:47+00:00","og_image":[{"url":"https:\/\/www.babcock-wanson.com\/wp-content\/uploads\/2019\/02\/Remy_Cointreau_logo.png","type":"","width":"","height":""}],"twitter_card":"summary_large_image","twitter_misc":{"Est. reading time":"3 minutos"},"schema":{"@context":"https:\/\/schema.org","@graph":[{"@type":"WebPage","@id":"https:\/\/www.babcock-wanson.com\/es\/industrias\/bebidas\/","url":"https:\/\/www.babcock-wanson.com\/es\/industrias\/bebidas\/","name":"Bebidas - Babcock Wanson","isPartOf":{"@id":"https:\/\/www.babcock-wanson.com\/es\/#website"},"primaryImageOfPage":{"@id":"https:\/\/www.babcock-wanson.com\/es\/industrias\/bebidas\/#primaryimage"},"image":{"@id":"https:\/\/www.babcock-wanson.com\/es\/industrias\/bebidas\/#primaryimage"},"thumbnailUrl":"https:\/\/www.babcock-wanson.com\/wp-content\/uploads\/2019\/02\/Remy_Cointreau_logo.png","datePublished":"2020-08-28T08:09:06+00:00","dateModified":"2021-12-12T23:12:47+00:00","description":"El proceso de fabricaci\u00f3n de bebidas requiere un control preciso y cargas de calor muy variables. Nuestras calderas industriales para bebidas proporcionan este control.","breadcrumb":{"@id":"https:\/\/www.babcock-wanson.com\/es\/industrias\/bebidas\/#breadcrumb"},"inLanguage":"es","potentialAction":[{"@type":"ReadAction","target":["https:\/\/www.babcock-wanson.com\/es\/industrias\/bebidas\/"]}]},{"@type":"ImageObject","inLanguage":"es","@id":"https:\/\/www.babcock-wanson.com\/es\/industrias\/bebidas\/#primaryimage","url":"https:\/\/www.babcock-wanson.com\/wp-content\/uploads\/2019\/02\/Remy_Cointreau_logo.png","contentUrl":"https:\/\/www.babcock-wanson.com\/wp-content\/uploads\/2019\/02\/Remy_Cointreau_logo.png"},{"@type":"BreadcrumbList","@id":"https:\/\/www.babcock-wanson.com\/es\/industrias\/bebidas\/#breadcrumb","itemListElement":[{"@type":"ListItem","position":1,"name":"Inicio","item":"https:\/\/www.babcock-wanson.com\/es\/"},{"@type":"ListItem","position":2,"name":"Industrias","item":"https:\/\/www.babcock-wanson.com\/es\/industrias\/"},{"@type":"ListItem","position":3,"name":"Bebidas"}]},{"@type":"WebSite","@id":"https:\/\/www.babcock-wanson.com\/es\/#website","url":"https:\/\/www.babcock-wanson.com\/es\/","name":"Babcock Wanson","description":"","publisher":{"@id":"https:\/\/www.babcock-wanson.com\/es\/#organization"},"potentialAction":[{"@type":"SearchAction","target":{"@type":"EntryPoint","urlTemplate":"https:\/\/www.babcock-wanson.com\/es\/?s={search_term_string}"},"query-input":{"@type":"PropertyValueSpecification","valueRequired":true,"valueName":"search_term_string"}}],"inLanguage":"es"},{"@type":"Organization","@id":"https:\/\/www.babcock-wanson.com\/es\/#organization","name":"Babcock Wanson","url":"https:\/\/www.babcock-wanson.com\/es\/","logo":{"@type":"ImageObject","inLanguage":"es","@id":"https:\/\/www.babcock-wanson.com\/es\/#\/schema\/logo\/image\/","url":"https:\/\/www.babcock-wanson.com\/wp-content\/uploads\/2024\/02\/Babcock-Wanson-1200x1200-1.png","contentUrl":"https:\/\/www.babcock-wanson.com\/wp-content\/uploads\/2024\/02\/Babcock-Wanson-1200x1200-1.png","width":1200,"height":1200,"caption":"Babcock Wanson"},"image":{"@id":"https:\/\/www.babcock-wanson.com\/es\/#\/schema\/logo\/image\/"},"sameAs":["https:\/\/www.linkedin.com\/company\/babcock-wanson\/","https:\/\/www.youtube.com\/channel\/UCtxl25VieBBsP2kYmtlyv7A"]}]}},"jetpack_sharing_enabled":true,"_links":{"self":[{"href":"https:\/\/www.babcock-wanson.com\/es\/wp-json\/wp\/v2\/pages\/32590","targetHints":{"allow":["GET"]}}],"collection":[{"href":"https:\/\/www.babcock-wanson.com\/es\/wp-json\/wp\/v2\/pages"}],"about":[{"href":"https:\/\/www.babcock-wanson.com\/es\/wp-json\/wp\/v2\/types\/page"}],"author":[{"embeddable":true,"href":"https:\/\/www.babcock-wanson.com\/es\/wp-json\/wp\/v2\/users\/1"}],"replies":[{"embeddable":true,"href":"https:\/\/www.babcock-wanson.com\/es\/wp-json\/wp\/v2\/comments?post=32590"}],"version-history":[{"count":2,"href":"https:\/\/www.babcock-wanson.com\/es\/wp-json\/wp\/v2\/pages\/32590\/revisions"}],"predecessor-version":[{"id":41302,"href":"https:\/\/www.babcock-wanson.com\/es\/wp-json\/wp\/v2\/pages\/32590\/revisions\/41302"}],"up":[{"embeddable":true,"href":"https:\/\/www.babcock-wanson.com\/es\/wp-json\/wp\/v2\/pages\/32210"}],"wp:attachment":[{"href":"https:\/\/www.babcock-wanson.com\/es\/wp-json\/wp\/v2\/media?parent=32590"}],"curies":[{"name":"wp","href":"https:\/\/api.w.org\/{rel}","templated":true}]}}