{"id":32943,"date":"2020-08-28T10:38:44","date_gmt":"2020-08-28T09:38:44","guid":{"rendered":"https:\/\/www.babcock-wanson.com\/industrias\/petroquimicos-y-centrales-electricas\/"},"modified":"2025-12-11T14:38:48","modified_gmt":"2025-12-11T14:38:48","slug":"petroquimicas-y-centrales-electricas","status":"publish","type":"page","link":"https:\/\/www.babcock-wanson.com\/es\/industrias\/petroquimicas-y-centrales-electricas\/","title":{"rendered":"Petroqu\u00edmicas y centrales el\u00e9ctricas"},"content":{"rendered":"<div class=\"vgblk-rw-wrapper limit-wrapper\">\n<h2>\n\t\tCalderas destinadas a la <strong>industria de las petroqu\u00edmicas y las centrales el\u00e9ctricas<\/strong>\n\t<\/h2>\n\t<p>La industria petroqu\u00edmica se basa en hidrocarburos derivados de fuentes de combustibles f\u00f3siles y biomasa. Los procesos de este sector generan materiales intermedios que sirven de base para la fabricaci\u00f3n de numerosos objetos de uso diario. Entre las fuentes de energ\u00eda almacenadas se incluyen petr\u00f3leo, gas natural, carb\u00f3n, combustibles renovables y energ\u00eda nuclear, energ\u00eda cin\u00e9tica derivada de aerogeneradores y centrales hidroel\u00e9ctricas, otras fuentes de energ\u00eda como las tecnolog\u00edas fotovoltaicas y todas las empleadas para la generaci\u00f3n de energ\u00eda el\u00e9ctrica en centrales el\u00e9ctricas.<\/p>\n<h3>Recomendaciones de productos<\/h3>\n<p>Babcock\u00a0Wanson ofrece productos que se adaptan a la industria petroqu\u00edmica y las centrales el\u00e9ctricas; como calderas acuotubulares, calderas pirotubulares, sobrecalentadores de vapor y quemadores industriales.<\/p>\n<p>Babcock\u00a0Wanson cuenta con la tecnolog\u00eda necesaria para dise\u00f1ar y fabricar plantas de vapor industriales de gran rendimiento a altas presiones tanto para nuevas construcciones como para mejoras de plantas que necesitan calderas acuotubulares o pirotubulares de alta capacidad.<\/p>\n<h3>Servicios disponibles<\/h3>\n<ul>\n<li><strong>Reparaci\u00f3n y renovaci\u00f3n<\/strong> de calderas y quemadores: disponemos de la experiencia y los conocimientos necesarios para inspeccionar los equipos y procesos de su sala de calderas actual con el objetivo de facilitarle la soluci\u00f3n tecnol\u00f3gica m\u00e1s adecuada y moderna para actualizar su planta.<\/li>\n<li>Babcock\u00a0Wanson tiene experiencia en la reparaci\u00f3n de calderas y la <strong>optimizaci\u00f3n de calderas<\/strong> de gran potencia. Nuestra empresa puede realizar auditor\u00edas energ\u00e9ticas como paso previo para optimizar o mantener las instalaciones y, a continuaci\u00f3n, llevar a cabo mejoras o trabajos de mantenimiento en las condiciones m\u00e1s exigentes.<\/li>\n<li><strong>Calderas de alquiler:<\/strong> Babcock\u00a0Wanson cuenta con una flota de calderas de vapor para alquilar que permite satisfacer las necesidades espec\u00edficas de su suministro de vapor durante los trabajos de mantenimiento o el paro de la planta. Desde una producci\u00f3n de vapor b\u00e1sica hasta el suministro de vapor sobrecalentado, Babcock\u00a0Wanson puede ofrecerle una soluci\u00f3n temporal a su medida.<\/li>\n<\/ul>\n<h3>\n\t\t<strong>Clientes<\/strong> de calderas destinadas a la industria de las petroqu\u00edmicas y las centrales el\u00e9ctricas\n\t<\/h3>\n\t\t\t\t\t\t\t<img loading=\"lazy\" decoding=\"async\" src=\"https:\/\/www.babcock-wanson.com\/wp-content\/uploads\/2019\/02\/schneider-logo.png\" alt=\"schneider-logo\" itemprop=\"image\" height=\"50\" width=\"125\" title=\"schneider-logo\" onerror=\"this.style.display='none'\"  sizes=\"auto, (max-width: 768px) 100vw, 100vw\"\/>\t\t\t\t\t\t\t\n\t\t\t\t\t\t\t<img loading=\"lazy\" decoding=\"async\" src=\"https:\/\/www.babcock-wanson.com\/wp-content\/uploads\/2019\/02\/shell-logo1.png\" alt=\"shell-logo\" itemprop=\"image\" height=\"50\" width=\"169\" title=\"shell-logo1\" onerror=\"this.style.display='none'\"  sizes=\"auto, (max-width: 768px) 100vw, 100vw\"\/>\t\t\t\t\t\t\t\n\t\t\t\t\t\t\t<img loading=\"lazy\" decoding=\"async\" src=\"https:\/\/www.babcock-wanson.com\/wp-content\/uploads\/2019\/02\/veolia-logo.png\" alt=\"veolia-logo\" itemprop=\"image\" height=\"50\" width=\"178\" title=\"veolia-logo\" onerror=\"this.style.display='none'\"  sizes=\"auto, (max-width: 768px) 100vw, 100vw\"\/>\t\t\t\t\t\t\t\n\t\t\t\t\t\t\t<img loading=\"lazy\" decoding=\"async\" src=\"https:\/\/www.babcock-wanson.com\/wp-content\/uploads\/2019\/02\/engie-cofely-logo.png\" alt=\"engie-cofely-logo\" itemprop=\"image\" height=\"50\" width=\"106\" title=\"engie-cofely-logo\" onerror=\"this.style.display='none'\"  sizes=\"auto, (max-width: 768px) 100vw, 100vw\"\/>\t\t\t\t\t\t\t\n\t\t\t\t\t\t\t<img loading=\"lazy\" decoding=\"async\" src=\"https:\/\/www.babcock-wanson.com\/wp-content\/uploads\/2019\/02\/sara-logo.png\" alt=\"sara-logo\" itemprop=\"image\" height=\"50\" width=\"74\" title=\"sara-logo\" onerror=\"this.style.display='none'\" \/>\t\t\t\t\t\t\t\n<h2>\n\t<b>Productos<\/b> relacionados\n\t<\/h2>\n\t\t\t\t\t\t<a href=\"https:\/\/www.babcock-wanson.com\/es\/productos\/calderas-de-vapor-pirotubulares\/bwd\/\"><img width=\"420\" height=\"280\" src=\"https:\/\/www.babcock-wanson.com\/wp-content\/uploads\/2018\/08\/BWD-Fire-Tube-Boilers-4-420x280.png\" alt=\"BWD Calderas pirotubulares de vapor\" decoding=\"async\" loading=\"lazy\" srcset=\"https:\/\/www.babcock-wanson.com\/wp-content\/uploads\/2018\/08\/BWD-Fire-Tube-Boilers-4-420x280.png 420w, https:\/\/www.babcock-wanson.com\/wp-content\/uploads\/2018\/08\/BWD-Fire-Tube-Boilers-4-300x200.png 300w, https:\/\/www.babcock-wanson.com\/wp-content\/uploads\/2018\/08\/BWD-Fire-Tube-Boilers-4-315x210.png 315w, https:\/\/www.babcock-wanson.com\/wp-content\/uploads\/2018\/08\/BWD-Fire-Tube-Boilers-4-350x233.png 350w, https:\/\/www.babcock-wanson.com\/wp-content\/uploads\/2018\/08\/BWD-Fire-Tube-Boilers-4.png 600w\" sizes=\"auto, (min-width: 900px) 50vw, 100vw\" data-attachment-id=\"32674\" data-permalink=\"https:\/\/www.babcock-wanson.com\/es\/?attachment_id=32674\" data-orig-file=\"https:\/\/www.babcock-wanson.com\/wp-content\/uploads\/2018\/08\/BWD-Fire-Tube-Boilers-4.png\" data-orig-size=\"600,400\" data-comments-opened=\"0\" data-image-meta=\"{&quot;aperture&quot;:&quot;0&quot;,&quot;credit&quot;:&quot;&quot;,&quot;camera&quot;:&quot;&quot;,&quot;caption&quot;:&quot;&quot;,&quot;created_timestamp&quot;:&quot;0&quot;,&quot;copyright&quot;:&quot;&quot;,&quot;focal_length&quot;:&quot;0&quot;,&quot;iso&quot;:&quot;0&quot;,&quot;shutter_speed&quot;:&quot;0&quot;,&quot;title&quot;:&quot;&quot;,&quot;orientation&quot;:&quot;0&quot;}\" data-image-title=\"BWD-calderas-pirotubulares-de-vapor-4\" data-image-description=\"\" data-image-caption=\"\" data-medium-file=\"https:\/\/www.babcock-wanson.com\/wp-content\/uploads\/2018\/08\/BWD-Fire-Tube-Boilers-4-300x200.png\" data-large-file=\"https:\/\/www.babcock-wanson.com\/wp-content\/uploads\/2018\/08\/BWD-Fire-Tube-Boilers-4.png\" tabindex=\"0\" role=\"button\" \/><\/a><a href=\"https:\/\/www.babcock-wanson.com\/es\/productos\/calderas-de-vapor-pirotubulares\/bwd\/\" data-quantity=\"1\" data-product_id=\"33630\" data-product_sku=\"\" aria-label=\"Lee m\u00e1s sobre &ldquo;BWD&rdquo;\" rel=\"nofollow\" data-success_message=\"\">Leer m\u00e1s<\/a><a href=\"https:\/\/www.babcock-wanson.com\/es\/productos\/calderas-de-vapor-pirotubulares\/bwd\/\"><h3>BWD<\/h3>\n\t\t<\/a>\n\t\t\t\t\t\t<a href=\"https:\/\/www.babcock-wanson.com\/es\/productos\/calderas-de-fluido-termico\/epc-es\/\"><img width=\"420\" height=\"280\" src=\"https:\/\/www.babcock-wanson.com\/wp-content\/uploads\/2018\/08\/EPC-ES-Thermal-Fluid-Heater-2-420x280.png\" alt=\"EPC-ES Calentadores de fluido t\u00e9rmico\" decoding=\"async\" loading=\"lazy\" srcset=\"https:\/\/www.babcock-wanson.com\/wp-content\/uploads\/2018\/08\/EPC-ES-Thermal-Fluid-Heater-2-420x280.png 420w, https:\/\/www.babcock-wanson.com\/wp-content\/uploads\/2018\/08\/EPC-ES-Thermal-Fluid-Heater-2-300x200.png 300w, https:\/\/www.babcock-wanson.com\/wp-content\/uploads\/2018\/08\/EPC-ES-Thermal-Fluid-Heater-2-315x210.png 315w, https:\/\/www.babcock-wanson.com\/wp-content\/uploads\/2018\/08\/EPC-ES-Thermal-Fluid-Heater-2.png 600w\" sizes=\"auto, (min-width: 900px) 50vw, 100vw\" data-attachment-id=\"32195\" data-permalink=\"https:\/\/www.babcock-wanson.com\/es\/?attachment_id=32195\" data-orig-file=\"https:\/\/www.babcock-wanson.com\/wp-content\/uploads\/2018\/08\/EPC-ES-Thermal-Fluid-Heater-2.png\" data-orig-size=\"600,400\" data-comments-opened=\"0\" data-image-meta=\"{&quot;aperture&quot;:&quot;0&quot;,&quot;credit&quot;:&quot;&quot;,&quot;camera&quot;:&quot;&quot;,&quot;caption&quot;:&quot;&quot;,&quot;created_timestamp&quot;:&quot;0&quot;,&quot;copyright&quot;:&quot;&quot;,&quot;focal_length&quot;:&quot;0&quot;,&quot;iso&quot;:&quot;0&quot;,&quot;shutter_speed&quot;:&quot;0&quot;,&quot;title&quot;:&quot;&quot;,&quot;orientation&quot;:&quot;0&quot;}\" data-image-title=\"EPC-ES-Calentadores-de-fluido-t\u00e9rmico-2\" data-image-description=\"\" data-image-caption=\"\" data-medium-file=\"https:\/\/www.babcock-wanson.com\/wp-content\/uploads\/2018\/08\/EPC-ES-Thermal-Fluid-Heater-2-300x200.png\" data-large-file=\"https:\/\/www.babcock-wanson.com\/wp-content\/uploads\/2018\/08\/EPC-ES-Thermal-Fluid-Heater-2.png\" tabindex=\"0\" role=\"button\" \/><\/a><a href=\"https:\/\/www.babcock-wanson.com\/es\/productos\/calderas-de-fluido-termico\/epc-es\/\" data-quantity=\"1\" data-product_id=\"33776\" data-product_sku=\"\" aria-label=\"Lee m\u00e1s sobre &ldquo;EPC-ES&rdquo;\" rel=\"nofollow\" data-success_message=\"\">Leer m\u00e1s<\/a><a href=\"https:\/\/www.babcock-wanson.com\/es\/productos\/calderas-de-fluido-termico\/epc-es\/\"><h3>EPC-ES<\/h3>\n\t\t<\/a>\n\t\t\t\t\t\t<a href=\"https:\/\/www.babcock-wanson.com\/es\/productos\/calderas-de-vapor-pirotubulares\/bwr\/\"><img width=\"420\" height=\"280\" src=\"https:\/\/www.babcock-wanson.com\/wp-content\/uploads\/2018\/08\/BWR-Fire-Tube-Boilers-2-420x280.png\" alt=\"BWR\" decoding=\"async\" loading=\"lazy\" srcset=\"https:\/\/www.babcock-wanson.com\/wp-content\/uploads\/2018\/08\/BWR-Fire-Tube-Boilers-2-420x280.png 420w, https:\/\/www.babcock-wanson.com\/wp-content\/uploads\/2018\/08\/BWR-Fire-Tube-Boilers-2-300x200.png 300w, https:\/\/www.babcock-wanson.com\/wp-content\/uploads\/2018\/08\/BWR-Fire-Tube-Boilers-2-315x210.png 315w, https:\/\/www.babcock-wanson.com\/wp-content\/uploads\/2018\/08\/BWR-Fire-Tube-Boilers-2.png 600w\" sizes=\"auto, (min-width: 900px) 50vw, 100vw\" data-attachment-id=\"33629\" data-permalink=\"https:\/\/www.babcock-wanson.com\/es\/?attachment_id=33629\" data-orig-file=\"https:\/\/www.babcock-wanson.com\/wp-content\/uploads\/2018\/08\/BWR-Fire-Tube-Boilers-2.png\" data-orig-size=\"600,400\" data-comments-opened=\"0\" data-image-meta=\"{&quot;aperture&quot;:&quot;0&quot;,&quot;credit&quot;:&quot;&quot;,&quot;camera&quot;:&quot;&quot;,&quot;caption&quot;:&quot;&quot;,&quot;created_timestamp&quot;:&quot;0&quot;,&quot;copyright&quot;:&quot;&quot;,&quot;focal_length&quot;:&quot;0&quot;,&quot;iso&quot;:&quot;0&quot;,&quot;shutter_speed&quot;:&quot;0&quot;,&quot;title&quot;:&quot;&quot;,&quot;orientation&quot;:&quot;0&quot;}\" data-image-title=\"BWR-Fire-Tube-Boilers-2\" data-image-description=\"\" data-image-caption=\"\" data-medium-file=\"https:\/\/www.babcock-wanson.com\/wp-content\/uploads\/2018\/08\/BWR-Fire-Tube-Boilers-2-300x200.png\" data-large-file=\"https:\/\/www.babcock-wanson.com\/wp-content\/uploads\/2018\/08\/BWR-Fire-Tube-Boilers-2.png\" tabindex=\"0\" role=\"button\" \/><\/a><a href=\"https:\/\/www.babcock-wanson.com\/es\/productos\/calderas-de-vapor-pirotubulares\/bwr\/\" data-quantity=\"1\" data-product_id=\"33625\" data-product_sku=\"\" aria-label=\"Lee m\u00e1s sobre &ldquo;BWR&rdquo;\" rel=\"nofollow\" data-success_message=\"\">Leer m\u00e1s<\/a><a href=\"https:\/\/www.babcock-wanson.com\/es\/productos\/calderas-de-vapor-pirotubulares\/bwr\/\"><h3>BWR<\/h3>\n\t\t<\/a>\n\t\t\t\t\t\t<a href=\"https:\/\/www.babcock-wanson.com\/es\/productos\/calderas-de-fluido-termico\/epc-h\/\"><img width=\"420\" height=\"280\" src=\"https:\/\/www.babcock-wanson.com\/wp-content\/uploads\/2018\/08\/EPC-H-Thermal-Fluid-Heater-3-420x280.jpg\" alt=\"EPC-H-Calentadores-de-fluido-termico\" decoding=\"async\" loading=\"lazy\" srcset=\"https:\/\/www.babcock-wanson.com\/wp-content\/uploads\/2018\/08\/EPC-H-Thermal-Fluid-Heater-3-420x280.jpg 420w, https:\/\/www.babcock-wanson.com\/wp-content\/uploads\/2018\/08\/EPC-H-Thermal-Fluid-Heater-3-300x200.jpg 300w, https:\/\/www.babcock-wanson.com\/wp-content\/uploads\/2018\/08\/EPC-H-Thermal-Fluid-Heater-3-315x210.jpg 315w, https:\/\/www.babcock-wanson.com\/wp-content\/uploads\/2018\/08\/EPC-H-Thermal-Fluid-Heater-3.jpg 600w\" sizes=\"auto, (min-width: 900px) 50vw, 100vw\" data-attachment-id=\"32980\" data-permalink=\"https:\/\/www.babcock-wanson.com\/es\/?attachment_id=32980\" data-orig-file=\"https:\/\/www.babcock-wanson.com\/wp-content\/uploads\/2018\/08\/EPC-H-Thermal-Fluid-Heater-3.jpg\" data-orig-size=\"600,400\" data-comments-opened=\"0\" data-image-meta=\"{&quot;aperture&quot;:&quot;0&quot;,&quot;credit&quot;:&quot;&quot;,&quot;camera&quot;:&quot;&quot;,&quot;caption&quot;:&quot;&quot;,&quot;created_timestamp&quot;:&quot;0&quot;,&quot;copyright&quot;:&quot;&quot;,&quot;focal_length&quot;:&quot;0&quot;,&quot;iso&quot;:&quot;0&quot;,&quot;shutter_speed&quot;:&quot;0&quot;,&quot;title&quot;:&quot;&quot;,&quot;orientation&quot;:&quot;0&quot;}\" data-image-title=\"EPC-H-Calentadores-de-fluido-termico-3\" data-image-description=\"\" data-image-caption=\"\" data-medium-file=\"https:\/\/www.babcock-wanson.com\/wp-content\/uploads\/2018\/08\/EPC-H-Thermal-Fluid-Heater-3-300x200.jpg\" data-large-file=\"https:\/\/www.babcock-wanson.com\/wp-content\/uploads\/2018\/08\/EPC-H-Thermal-Fluid-Heater-3.jpg\" tabindex=\"0\" role=\"button\" \/><\/a><a href=\"https:\/\/www.babcock-wanson.com\/es\/productos\/calderas-de-fluido-termico\/epc-h\/\" data-quantity=\"1\" data-product_id=\"33767\" data-product_sku=\"\" aria-label=\"Lee m\u00e1s sobre &ldquo;EPC-H&rdquo;\" rel=\"nofollow\" data-success_message=\"\">Leer m\u00e1s<\/a><a href=\"https:\/\/www.babcock-wanson.com\/es\/productos\/calderas-de-fluido-termico\/epc-h\/\"><h3>EPC-H<\/h3>\n\t\t<\/a>\n\n<\/div><!-- .vgblk-rw-wrapper -->","protected":false},"excerpt":{"rendered":"<p>Calderas destinadas a la industria de las petroqu\u00edmicas y las centrales el\u00e9ctricas La industria petroqu\u00edmica se basa en hidrocarburos derivados de fuentes de combustibles f\u00f3siles y biomasa. Los procesos de este sector generan materiales intermedios que sirven de base para la fabricaci\u00f3n de numerosos objetos de uso diario. Entre las fuentes de energ\u00eda almacenadas se&#8230;<\/p>\n","protected":false},"author":1,"featured_media":0,"parent":32210,"menu_order":0,"comment_status":"closed","ping_status":"closed","template":"","meta":{"_acf_changed":false,"_relevanssi_hide_post":"","_relevanssi_hide_content":"","_relevanssi_pin_for_all":"","_relevanssi_pin_keywords":"","_relevanssi_unpin_keywords":"","_relevanssi_related_keywords":"","_relevanssi_related_include_ids":"","_relevanssi_related_exclude_ids":"","_relevanssi_related_no_append":"","_relevanssi_related_not_related":"","_relevanssi_related_posts":"","_relevanssi_noindex_reason":"","footnotes":""},"class_list":["post-32943","page","type-page","status-publish","hentry"],"acf":[],"yoast_head":"<!-- This site is optimized with the Yoast SEO Premium plugin v27.4 (Yoast SEO v27.4) - https:\/\/yoast.com\/product\/yoast-seo-premium-wordpress\/ -->\n<title>Petroqu\u00edmicas y centrales el\u00e9ctricas - Babcock Wanson<\/title>\n<meta name=\"description\" content=\"Babcock Wanson ofrece productos que se adaptan a la industria petroqu\u00edmica.\" \/>\n<meta name=\"robots\" content=\"index, follow, max-snippet:-1, max-image-preview:large, max-video-preview:-1\" \/>\n<link rel=\"canonical\" href=\"https:\/\/www.babcock-wanson.com\/es\/industrias\/petroquimicas-y-centrales-electricas\/\" \/>\n<meta property=\"og:locale\" content=\"es_ES\" \/>\n<meta property=\"og:type\" content=\"article\" \/>\n<meta property=\"og:title\" content=\"Petroqu\u00edmicas y centrales el\u00e9ctricas\" \/>\n<meta property=\"og:description\" content=\"Babcock Wanson ofrece productos que se adaptan a la industria petroqu\u00edmica.\" \/>\n<meta property=\"og:url\" content=\"https:\/\/www.babcock-wanson.com\/es\/industrias\/petroquimicas-y-centrales-electricas\/\" \/>\n<meta property=\"og:site_name\" content=\"Babcock Wanson\" \/>\n<meta property=\"article:modified_time\" content=\"2025-12-11T14:38:48+00:00\" \/>\n<meta property=\"og:image\" content=\"https:\/\/www.babcock-wanson.com\/wp-content\/uploads\/2019\/02\/schneider-logo.png\" \/>\n<meta name=\"twitter:card\" content=\"summary_large_image\" \/>\n<meta name=\"twitter:label1\" content=\"Est. reading time\" \/>\n\t<meta name=\"twitter:data1\" content=\"2 minutos\" \/>\n<script type=\"application\/ld+json\" class=\"yoast-schema-graph\">{\"@context\":\"https:\\\/\\\/schema.org\",\"@graph\":[{\"@type\":\"WebPage\",\"@id\":\"https:\\\/\\\/www.babcock-wanson.com\\\/es\\\/industrias\\\/petroquimicas-y-centrales-electricas\\\/\",\"url\":\"https:\\\/\\\/www.babcock-wanson.com\\\/es\\\/industrias\\\/petroquimicas-y-centrales-electricas\\\/\",\"name\":\"Petroqu\u00edmicas y centrales el\u00e9ctricas - Babcock Wanson\",\"isPartOf\":{\"@id\":\"https:\\\/\\\/www.babcock-wanson.com\\\/es\\\/#website\"},\"primaryImageOfPage\":{\"@id\":\"https:\\\/\\\/www.babcock-wanson.com\\\/es\\\/industrias\\\/petroquimicas-y-centrales-electricas\\\/#primaryimage\"},\"image\":{\"@id\":\"https:\\\/\\\/www.babcock-wanson.com\\\/es\\\/industrias\\\/petroquimicas-y-centrales-electricas\\\/#primaryimage\"},\"thumbnailUrl\":\"https:\\\/\\\/www.babcock-wanson.com\\\/wp-content\\\/uploads\\\/2019\\\/02\\\/schneider-logo.png\",\"datePublished\":\"2020-08-28T09:38:44+00:00\",\"dateModified\":\"2025-12-11T14:38:48+00:00\",\"description\":\"Babcock Wanson ofrece productos que se adaptan a la industria petroqu\u00edmica.\",\"breadcrumb\":{\"@id\":\"https:\\\/\\\/www.babcock-wanson.com\\\/es\\\/industrias\\\/petroquimicas-y-centrales-electricas\\\/#breadcrumb\"},\"inLanguage\":\"es\",\"potentialAction\":[{\"@type\":\"ReadAction\",\"target\":[\"https:\\\/\\\/www.babcock-wanson.com\\\/es\\\/industrias\\\/petroquimicas-y-centrales-electricas\\\/\"]}]},{\"@type\":\"ImageObject\",\"inLanguage\":\"es\",\"@id\":\"https:\\\/\\\/www.babcock-wanson.com\\\/es\\\/industrias\\\/petroquimicas-y-centrales-electricas\\\/#primaryimage\",\"url\":\"https:\\\/\\\/www.babcock-wanson.com\\\/wp-content\\\/uploads\\\/2019\\\/02\\\/schneider-logo.png\",\"contentUrl\":\"https:\\\/\\\/www.babcock-wanson.com\\\/wp-content\\\/uploads\\\/2019\\\/02\\\/schneider-logo.png\"},{\"@type\":\"BreadcrumbList\",\"@id\":\"https:\\\/\\\/www.babcock-wanson.com\\\/es\\\/industrias\\\/petroquimicas-y-centrales-electricas\\\/#breadcrumb\",\"itemListElement\":[{\"@type\":\"ListItem\",\"position\":1,\"name\":\"Inicio\",\"item\":\"https:\\\/\\\/www.babcock-wanson.com\\\/es\\\/\"},{\"@type\":\"ListItem\",\"position\":2,\"name\":\"Industrias\",\"item\":\"https:\\\/\\\/www.babcock-wanson.com\\\/es\\\/industrias\\\/\"},{\"@type\":\"ListItem\",\"position\":3,\"name\":\"Petroqu\u00edmicas y centrales el\u00e9ctricas\"}]},{\"@type\":\"WebSite\",\"@id\":\"https:\\\/\\\/www.babcock-wanson.com\\\/es\\\/#website\",\"url\":\"https:\\\/\\\/www.babcock-wanson.com\\\/es\\\/\",\"name\":\"Babcock Wanson\",\"description\":\"\",\"publisher\":{\"@id\":\"https:\\\/\\\/www.babcock-wanson.com\\\/es\\\/#organization\"},\"potentialAction\":[{\"@type\":\"SearchAction\",\"target\":{\"@type\":\"EntryPoint\",\"urlTemplate\":\"https:\\\/\\\/www.babcock-wanson.com\\\/es\\\/?s={search_term_string}\"},\"query-input\":{\"@type\":\"PropertyValueSpecification\",\"valueRequired\":true,\"valueName\":\"search_term_string\"}}],\"inLanguage\":\"es\"},{\"@type\":\"Organization\",\"@id\":\"https:\\\/\\\/www.babcock-wanson.com\\\/es\\\/#organization\",\"name\":\"Babcock Wanson\",\"url\":\"https:\\\/\\\/www.babcock-wanson.com\\\/es\\\/\",\"logo\":{\"@type\":\"ImageObject\",\"inLanguage\":\"es\",\"@id\":\"https:\\\/\\\/www.babcock-wanson.com\\\/es\\\/#\\\/schema\\\/logo\\\/image\\\/\",\"url\":\"https:\\\/\\\/www.babcock-wanson.com\\\/wp-content\\\/uploads\\\/2024\\\/02\\\/Babcock-Wanson-1200x1200-1.png\",\"contentUrl\":\"https:\\\/\\\/www.babcock-wanson.com\\\/wp-content\\\/uploads\\\/2024\\\/02\\\/Babcock-Wanson-1200x1200-1.png\",\"width\":1200,\"height\":1200,\"caption\":\"Babcock Wanson\"},\"image\":{\"@id\":\"https:\\\/\\\/www.babcock-wanson.com\\\/es\\\/#\\\/schema\\\/logo\\\/image\\\/\"},\"sameAs\":[\"https:\\\/\\\/www.linkedin.com\\\/company\\\/babcock-wanson\\\/\",\"https:\\\/\\\/www.youtube.com\\\/channel\\\/UCtxl25VieBBsP2kYmtlyv7A\"]}]}<\/script>\n<!-- \/ Yoast SEO Premium plugin. -->","yoast_head_json":{"title":"Petroqu\u00edmicas y centrales el\u00e9ctricas - Babcock Wanson","description":"Babcock Wanson ofrece productos que se adaptan a la industria petroqu\u00edmica.","robots":{"index":"index","follow":"follow","max-snippet":"max-snippet:-1","max-image-preview":"max-image-preview:large","max-video-preview":"max-video-preview:-1"},"canonical":"https:\/\/www.babcock-wanson.com\/es\/industrias\/petroquimicas-y-centrales-electricas\/","og_locale":"es_ES","og_type":"article","og_title":"Petroqu\u00edmicas y centrales el\u00e9ctricas","og_description":"Babcock Wanson ofrece productos que se adaptan a la industria petroqu\u00edmica.","og_url":"https:\/\/www.babcock-wanson.com\/es\/industrias\/petroquimicas-y-centrales-electricas\/","og_site_name":"Babcock Wanson","article_modified_time":"2025-12-11T14:38:48+00:00","og_image":[{"url":"https:\/\/www.babcock-wanson.com\/wp-content\/uploads\/2019\/02\/schneider-logo.png","type":"","width":"","height":""}],"twitter_card":"summary_large_image","twitter_misc":{"Est. reading time":"2 minutos"},"schema":{"@context":"https:\/\/schema.org","@graph":[{"@type":"WebPage","@id":"https:\/\/www.babcock-wanson.com\/es\/industrias\/petroquimicas-y-centrales-electricas\/","url":"https:\/\/www.babcock-wanson.com\/es\/industrias\/petroquimicas-y-centrales-electricas\/","name":"Petroqu\u00edmicas y centrales el\u00e9ctricas - Babcock Wanson","isPartOf":{"@id":"https:\/\/www.babcock-wanson.com\/es\/#website"},"primaryImageOfPage":{"@id":"https:\/\/www.babcock-wanson.com\/es\/industrias\/petroquimicas-y-centrales-electricas\/#primaryimage"},"image":{"@id":"https:\/\/www.babcock-wanson.com\/es\/industrias\/petroquimicas-y-centrales-electricas\/#primaryimage"},"thumbnailUrl":"https:\/\/www.babcock-wanson.com\/wp-content\/uploads\/2019\/02\/schneider-logo.png","datePublished":"2020-08-28T09:38:44+00:00","dateModified":"2025-12-11T14:38:48+00:00","description":"Babcock Wanson ofrece productos que se adaptan a la industria petroqu\u00edmica.","breadcrumb":{"@id":"https:\/\/www.babcock-wanson.com\/es\/industrias\/petroquimicas-y-centrales-electricas\/#breadcrumb"},"inLanguage":"es","potentialAction":[{"@type":"ReadAction","target":["https:\/\/www.babcock-wanson.com\/es\/industrias\/petroquimicas-y-centrales-electricas\/"]}]},{"@type":"ImageObject","inLanguage":"es","@id":"https:\/\/www.babcock-wanson.com\/es\/industrias\/petroquimicas-y-centrales-electricas\/#primaryimage","url":"https:\/\/www.babcock-wanson.com\/wp-content\/uploads\/2019\/02\/schneider-logo.png","contentUrl":"https:\/\/www.babcock-wanson.com\/wp-content\/uploads\/2019\/02\/schneider-logo.png"},{"@type":"BreadcrumbList","@id":"https:\/\/www.babcock-wanson.com\/es\/industrias\/petroquimicas-y-centrales-electricas\/#breadcrumb","itemListElement":[{"@type":"ListItem","position":1,"name":"Inicio","item":"https:\/\/www.babcock-wanson.com\/es\/"},{"@type":"ListItem","position":2,"name":"Industrias","item":"https:\/\/www.babcock-wanson.com\/es\/industrias\/"},{"@type":"ListItem","position":3,"name":"Petroqu\u00edmicas y centrales el\u00e9ctricas"}]},{"@type":"WebSite","@id":"https:\/\/www.babcock-wanson.com\/es\/#website","url":"https:\/\/www.babcock-wanson.com\/es\/","name":"Babcock Wanson","description":"","publisher":{"@id":"https:\/\/www.babcock-wanson.com\/es\/#organization"},"potentialAction":[{"@type":"SearchAction","target":{"@type":"EntryPoint","urlTemplate":"https:\/\/www.babcock-wanson.com\/es\/?s={search_term_string}"},"query-input":{"@type":"PropertyValueSpecification","valueRequired":true,"valueName":"search_term_string"}}],"inLanguage":"es"},{"@type":"Organization","@id":"https:\/\/www.babcock-wanson.com\/es\/#organization","name":"Babcock Wanson","url":"https:\/\/www.babcock-wanson.com\/es\/","logo":{"@type":"ImageObject","inLanguage":"es","@id":"https:\/\/www.babcock-wanson.com\/es\/#\/schema\/logo\/image\/","url":"https:\/\/www.babcock-wanson.com\/wp-content\/uploads\/2024\/02\/Babcock-Wanson-1200x1200-1.png","contentUrl":"https:\/\/www.babcock-wanson.com\/wp-content\/uploads\/2024\/02\/Babcock-Wanson-1200x1200-1.png","width":1200,"height":1200,"caption":"Babcock Wanson"},"image":{"@id":"https:\/\/www.babcock-wanson.com\/es\/#\/schema\/logo\/image\/"},"sameAs":["https:\/\/www.linkedin.com\/company\/babcock-wanson\/","https:\/\/www.youtube.com\/channel\/UCtxl25VieBBsP2kYmtlyv7A"]}]}},"jetpack_sharing_enabled":true,"_links":{"self":[{"href":"https:\/\/www.babcock-wanson.com\/es\/wp-json\/wp\/v2\/pages\/32943","targetHints":{"allow":["GET"]}}],"collection":[{"href":"https:\/\/www.babcock-wanson.com\/es\/wp-json\/wp\/v2\/pages"}],"about":[{"href":"https:\/\/www.babcock-wanson.com\/es\/wp-json\/wp\/v2\/types\/page"}],"author":[{"embeddable":true,"href":"https:\/\/www.babcock-wanson.com\/es\/wp-json\/wp\/v2\/users\/1"}],"replies":[{"embeddable":true,"href":"https:\/\/www.babcock-wanson.com\/es\/wp-json\/wp\/v2\/comments?post=32943"}],"version-history":[{"count":2,"href":"https:\/\/www.babcock-wanson.com\/es\/wp-json\/wp\/v2\/pages\/32943\/revisions"}],"predecessor-version":[{"id":53200,"href":"https:\/\/www.babcock-wanson.com\/es\/wp-json\/wp\/v2\/pages\/32943\/revisions\/53200"}],"up":[{"embeddable":true,"href":"https:\/\/www.babcock-wanson.com\/es\/wp-json\/wp\/v2\/pages\/32210"}],"wp:attachment":[{"href":"https:\/\/www.babcock-wanson.com\/es\/wp-json\/wp\/v2\/media?parent=32943"}],"curies":[{"name":"wp","href":"https:\/\/api.w.org\/{rel}","templated":true}]}}