{"id":33618,"date":"2019-03-25T08:25:27","date_gmt":"2019-03-25T08:25:27","guid":{"rendered":"https:\/\/www.babcock-wanson.com\/products\/sin%20categor\u00eda\/twin-furnace\/"},"modified":"2025-04-15T17:14:49","modified_gmt":"2025-04-15T16:14:49","slug":"calderas-de-doble-hogar-twinpack","status":"publish","type":"product","link":"https:\/\/www.babcock-wanson.com\/es\/productos\/calderas-de-vapor-pirotubulares\/calderas-de-doble-hogar-twinpack\/","title":{"rendered":"Calderas de doble hogar TwinPack"},"content":{"rendered":"<div class=\"vgblk-rw-wrapper limit-wrapper\">\n<h2>Alto rendimiento<\/h2>\n<p><strong>Eficiencia energ\u00e9tica<\/strong> La alta eficiencia de funcionamiento es una caracter\u00edstica clave de las calderas Babcock Wanson. Cuando se especifica una caldera TwinPack junto con un <a href=\"https:\/\/www.babcock-wanson.com\/es\/productos\/sistemas-de-recuperacion-de-calor\/economizadores\/\" target=\"_blank\" rel=\"noopener\">economizador<\/a> y un sistema de recuperaci\u00f3n de calor de Babcock Wanson, se pueden alcanzar eficiencias netas de hasta el 98% (con el <a href=\"https:\/\/www.babcock-wanson.com\/es\/productos\/sistemas-de-recuperacion-de-calor\/precalentamiento-de-aire-r-eco\/\" target=\"_blank\" rel=\"noopener\">sistema R-Eco<\/a>) y del 105% (con un economizador de condensaci\u00f3n). El sistema de gesti\u00f3n del quemador de Babcock Wanson y la cabeza de combusti\u00f3n adaptada han sido dise\u00f1ados espec\u00edficamente para un control perfecto del exceso de aire en todo el rango de modulaci\u00f3n y un funcionamiento sin degradaci\u00f3n a muy baja carga. El funcionamiento simult\u00e1neo de los quemadores garantiza una perfecta distribuci\u00f3n de la carga t\u00e9rmica, asegurando al mismo tiempo la m\u00e1xima flexibilidad de funcionamiento y relaciones de modulaci\u00f3n del quemador de hasta 30:1 con gas natural.<\/p>\n<p><strong>Respetuoso con el medio ambiente<\/strong> La perfecta combinaci\u00f3n entre la caldera y los quemadores garantiza una combusti\u00f3n \u00f3ptima y unas emisiones perfectamente controladas. El rendimiento \u00f3ptimo y la alta modulaci\u00f3n del quemador dan como resultado las emisiones de CO2 m\u00e1s bajas posibles y la tecnolog\u00eda especializada de los quemadores garantiza unas emisiones de \u00f3xido de nitr\u00f3geno (NOx) muy bajas para satisfacer todas las exigencias y normativas medioambientales.<\/p>\n<p><strong>Dise\u00f1o fiable y seguro<\/strong> Las calderas TwinPack se benefician del sistema de regulaci\u00f3n y control m\u00e1s avanzado de Babcock Wanson. Para obtener el mejor rendimiento, el sistema Navinergy permite el funcionamiento local a trav\u00e9s de la HMI de la caldera, adem\u00e1s de la supervisi\u00f3n remota a trav\u00e9s de una interfaz web.<\/p>\n<h2>Reducci\u00f3n de los costes de explotaci\u00f3n<\/h2>\n<p><strong>Dise\u00f1o robusto para una vida \u00fatil muy larga<\/strong> Las calderas TwinPack incluyen una c\u00e1mara de inversi\u00f3n de gases de combusti\u00f3n de construcci\u00f3n acuatubular. Esta tecnolog\u00eda, exclusiva de Babcock Wanson, elimina cualquier necesidad de tirantes en los tubos de la caldera y permite altas variaciones de la demanda de vapor, minimizando al mismo tiempo la tensi\u00f3n mec\u00e1nica en el cuerpo de presi\u00f3n. La c\u00e1mara de inversi\u00f3n de tubos de agua TwinPack tambi\u00e9n minimiza los requisitos de refractarios de la caldera.<\/p>\n<p><strong>F\u00e1cil acceso<\/strong> El acceso a la placa tubular y a los tubos del hogar se realiza de forma sencilla mediante grandes puertas de f\u00e1cil uso en la parte frontal de la caldera y en las aberturas laterales. Una puerta de inspecci\u00f3n trasera tambi\u00e9n proporciona un mejor acceso. Una plataforma superior incorporada proporciona un acceso seguro a los soportes de la caldera y facilita el mantenimiento y el funcionamiento.<\/p>\n<p><strong>Funcionamiento econ\u00f3mico<\/strong> Las calderas TwinPack est\u00e1n equipadas con una completa instrumentaci\u00f3n y controles que incluyen los exclusivos modos de funcionamiento sin supervisi\u00f3n de Babcock Wanson.<\/p>\n<h3>\u00bfPor qu\u00e9 elegir la caldera twinpack de Babcock Wanson?<\/h3>\n<ul>\n<li>Alta eficiencia y muy bajas emisiones.<\/li>\n<li>Dise\u00f1o compacto.<\/li>\n<li>Acceso sencillo para facilitar el mantenimiento.<\/li>\n<li>Dise\u00f1o robusto para una vida \u00fatil muy larga.<\/li>\n<li>Gama completa de economizadores<\/li>\n<li>Conectividad con nuestro sistema <a href=\"https:\/\/www.babcock-wanson.com\/es\/2024\/04\/30\/navinergy-la-sala-de-calderas-conectada\/\" target=\"_blank\" rel=\"noopener\">Navinergy<\/a>.<\/li>\n<li>Opciones de precalentamiento del aire de combusti\u00f3n.<\/li>\n<li>Opciones de combusti\u00f3n mixta y dual.<\/li>\n<li>Opciones de ajuste de O2 y CO.<\/li>\n<li>Funcionamiento sencillo sin supervisi\u00f3n durante 3 y 7 d\u00edas.<\/li>\n<li>Soluciones completas de sistemas de vapor.<\/li>\n<li>Opciones de sobrecalentamiento.<\/li>\n<\/ul>\n<p>&nbsp;<\/p>\n<h2>Twinpack Calderas pirotubulares de doble hogar<\/h2>\n<div class=\"table-responsive\">\n<table style=\"height: 368px;\" width=\"1071\">\n<tbody>\n<tr>\n<th class=\"bg-primary text-white\">TwinPack<\/th>\n<th class=\"bg-primary text-white\">Modelo<\/th>\n<th>30.0<\/th>\n<th>34.0<\/th>\n<th>38.0<\/th>\n<th>42.0<\/th>\n<th>46.0<\/th>\n<th>50.0<\/th>\n<th>54.0<\/th>\n<th>58.0<\/th>\n<\/tr>\n<tr>\n<th>Salida de vapor (1)<\/th>\n<th>Kg\/h<\/th>\n<td>30 000<\/td>\n<td>34 000<\/td>\n<td>38 000<\/td>\n<td>42 000<\/td>\n<td>46 000<\/td>\n<td>50 000<\/td>\n<td>54 000<\/td>\n<td>58 000<\/td>\n<\/tr>\n<tr>\n<th>Potencia de salida (1)<\/th>\n<th>kW<\/th>\n<td>20 600<\/td>\n<td>23 450<\/td>\n<td>26 225<\/td>\n<td>28 950<\/td>\n<td>31 715<\/td>\n<td>34 330<\/td>\n<td>37 000<\/td>\n<td>39 600<\/td>\n<\/tr>\n<tr class=\"table-secondary\">\n<th class=\"bg-secondary text-white\">Anchura A (2)<\/th>\n<th class=\"bg-secondary text-white\">mm<\/th>\n<td>5 700<\/td>\n<td>5 750<\/td>\n<td>5 900<\/td>\n<td>5 950<\/td>\n<td>6 050<\/td>\n<td>6 150<\/td>\n<td>6 250<\/td>\n<td>6 350<\/td>\n<\/tr>\n<tr class=\"table-dark\">\n<th class=\"bg-dark text-white\">Longitud B (2)<\/th>\n<th class=\"bg-dark text-white\">mm<\/th>\n<td>12 750<\/td>\n<td>13 200<\/td>\n<td>13 300<\/td>\n<td>13 500<\/td>\n<td>13 800<\/td>\n<td>14 050<\/td>\n<td>14 100<\/td>\n<td>14 500<\/td>\n<\/tr>\n<tr class=\"table-primary\">\n<th class=\"bg-primary text-white\">Altura C (2)<\/th>\n<th class=\"bg-primary text-white\">mm<\/th>\n<td>5 400<\/td>\n<td>5 450<\/td>\n<td>5 600<\/td>\n<td>5 650<\/td>\n<td>5 750<\/td>\n<td>5 850<\/td>\n<td>6 100<\/td>\n<td>6 200<\/td>\n<\/tr>\n<tr>\n<th>Peso en orden de marcha<\/th>\n<th>Kg<\/th>\n<td>90 350<\/td>\n<td>100 800<\/td>\n<td>106 900<\/td>\n<td>110 800<\/td>\n<td>118 000<\/td>\n<td>122 200<\/td>\n<td>136 200<\/td>\n<td>141 200<\/td>\n<\/tr>\n<\/tbody>\n<\/table>\n<\/div>\n<p>(1) A 15 barg y agua de alimentaci\u00f3n a 80 \u00b0 C. (2) Las dimensiones totales incluyen el quemador montado y los accesorios de la caldera.<\/p><\/div>\n<p><!-- .vgblk-rw-wrapper --><\/p>\n","protected":false},"excerpt":{"rendered":"<p><strong>Producci\u00f3n de vapor desde 35 hasta 58 t\/h <\/strong><br \/>\nLa gama de calderas TwinPack es el \u00faltimo dise\u00f1o y se ha desarrollado utilizando una combinaci\u00f3n de las mejores tecnolog\u00edas disponibles para ofrecer una alta fiabilidad y m\u00e1xima eficiencia.<\/p>\n<p>A lo largo de m\u00e1s de 50 a\u00f1os, Babcock Wanson se ha forjado una reputaci\u00f3n excelente en el dise\u00f1o y la fabricaci\u00f3n de calderas de doble hogar. Estas calderas fueron dise\u00f1adas originalmente para satisfacer las demandas de los usuarios de alta producci\u00f3n de vapor y para satisfacer los requisitos del mercado europeo para la sustituci\u00f3n de calderas de tubos de agua.<\/p>\n","protected":false},"featured_media":38758,"comment_status":"closed","ping_status":"closed","template":"","meta":{"_acf_changed":false,"_relevanssi_hide_post":"","_relevanssi_hide_content":"","_relevanssi_pin_for_all":"","_relevanssi_pin_keywords":"","_relevanssi_unpin_keywords":"","_relevanssi_related_keywords":"","_relevanssi_related_include_ids":"","_relevanssi_related_exclude_ids":"","_relevanssi_related_no_append":"","_relevanssi_related_not_related":"","_relevanssi_related_posts":"","_relevanssi_noindex_reason":""},"product_brand":[],"product_cat":[5817,5822],"product_tag":[],"class_list":{"0":"post-33618","1":"product","2":"type-product","3":"status-publish","4":"has-post-thumbnail","6":"product_cat-calderas-de-vapor-industriales","7":"product_cat-calderas-de-vapor-pirotubulares","9":"first","10":"instock","11":"shipping-taxable","12":"product-type-simple"},"acf":[],"yoast_head":"<!-- This site is optimized with the Yoast SEO Premium plugin v27.4 (Yoast SEO v27.4) - https:\/\/yoast.com\/product\/yoast-seo-premium-wordpress\/ -->\n<title>Calderas de doble hogar TwinPack - Babcock Wanson<\/title>\n<meta name=\"description\" content=\"La gama de calderas de doble hogar TwinPack es el \u00faltimo dise\u00f1o y se ha desarrollado utilizando una combinaci\u00f3n de las mejores tecnolog\u00edas disponibles para ofrecer una alta fiabilidad y m\u00e1xima eficiencia.\" \/>\n<meta name=\"robots\" content=\"index, follow, max-snippet:-1, max-image-preview:large, max-video-preview:-1\" \/>\n<link rel=\"canonical\" href=\"https:\/\/www.babcock-wanson.com\/es\/productos\/calderas-de-vapor-pirotubulares\/calderas-de-doble-hogar-twinpack\/\" \/>\n<meta property=\"og:locale\" content=\"es_ES\" \/>\n<meta property=\"og:type\" content=\"article\" \/>\n<meta property=\"og:title\" content=\"Calderas de doble hogar TwinPack\" \/>\n<meta property=\"og:description\" content=\"La gama de calderas de doble hogar TwinPack es el \u00faltimo dise\u00f1o y se ha desarrollado utilizando una combinaci\u00f3n de las mejores tecnolog\u00edas disponibles para ofrecer una alta fiabilidad y m\u00e1xima eficiencia.\" \/>\n<meta property=\"og:url\" content=\"https:\/\/www.babcock-wanson.com\/es\/productos\/calderas-de-vapor-pirotubulares\/calderas-de-doble-hogar-twinpack\/\" \/>\n<meta property=\"og:site_name\" content=\"Babcock Wanson\" \/>\n<meta property=\"article:modified_time\" content=\"2025-04-15T16:14:49+00:00\" \/>\n<meta property=\"og:image\" content=\"https:\/\/www.babcock-wanson.com\/wp-content\/uploads\/2019\/03\/Chaudiere-bi-foyer-TwinPack-1.jpg\" \/>\n\t<meta property=\"og:image:width\" content=\"600\" \/>\n\t<meta property=\"og:image:height\" content=\"400\" \/>\n\t<meta property=\"og:image:type\" content=\"image\/jpeg\" \/>\n<meta name=\"twitter:card\" content=\"summary_large_image\" \/>\n<meta name=\"twitter:label1\" content=\"Est. reading time\" \/>\n\t<meta name=\"twitter:data1\" content=\"5 minutos\" \/>\n<script type=\"application\/ld+json\" class=\"yoast-schema-graph\">{\"@context\":\"https:\\\/\\\/schema.org\",\"@graph\":[{\"@type\":\"WebPage\",\"@id\":\"https:\\\/\\\/www.babcock-wanson.com\\\/es\\\/productos\\\/calderas-de-vapor-pirotubulares\\\/calderas-de-doble-hogar-twinpack\\\/\",\"url\":\"https:\\\/\\\/www.babcock-wanson.com\\\/es\\\/productos\\\/calderas-de-vapor-pirotubulares\\\/calderas-de-doble-hogar-twinpack\\\/\",\"name\":\"Calderas de doble hogar TwinPack - Babcock Wanson\",\"isPartOf\":{\"@id\":\"https:\\\/\\\/www.babcock-wanson.com\\\/es\\\/#website\"},\"primaryImageOfPage\":{\"@id\":\"https:\\\/\\\/www.babcock-wanson.com\\\/es\\\/productos\\\/calderas-de-vapor-pirotubulares\\\/calderas-de-doble-hogar-twinpack\\\/#primaryimage\"},\"image\":{\"@id\":\"https:\\\/\\\/www.babcock-wanson.com\\\/es\\\/productos\\\/calderas-de-vapor-pirotubulares\\\/calderas-de-doble-hogar-twinpack\\\/#primaryimage\"},\"thumbnailUrl\":\"https:\\\/\\\/www.babcock-wanson.com\\\/wp-content\\\/uploads\\\/2019\\\/03\\\/Chaudiere-bi-foyer-TwinPack-1.jpg\",\"datePublished\":\"2019-03-25T08:25:27+00:00\",\"dateModified\":\"2025-04-15T16:14:49+00:00\",\"description\":\"La gama de calderas de doble hogar TwinPack es el \u00faltimo dise\u00f1o y se ha desarrollado utilizando una combinaci\u00f3n de las mejores tecnolog\u00edas disponibles para ofrecer una alta fiabilidad y m\u00e1xima eficiencia.\",\"breadcrumb\":{\"@id\":\"https:\\\/\\\/www.babcock-wanson.com\\\/es\\\/productos\\\/calderas-de-vapor-pirotubulares\\\/calderas-de-doble-hogar-twinpack\\\/#breadcrumb\"},\"inLanguage\":\"es\",\"potentialAction\":[{\"@type\":\"ReadAction\",\"target\":[\"https:\\\/\\\/www.babcock-wanson.com\\\/es\\\/productos\\\/calderas-de-vapor-pirotubulares\\\/calderas-de-doble-hogar-twinpack\\\/\"]}]},{\"@type\":\"ImageObject\",\"inLanguage\":\"es\",\"@id\":\"https:\\\/\\\/www.babcock-wanson.com\\\/es\\\/productos\\\/calderas-de-vapor-pirotubulares\\\/calderas-de-doble-hogar-twinpack\\\/#primaryimage\",\"url\":\"https:\\\/\\\/www.babcock-wanson.com\\\/wp-content\\\/uploads\\\/2019\\\/03\\\/Chaudiere-bi-foyer-TwinPack-1.jpg\",\"contentUrl\":\"https:\\\/\\\/www.babcock-wanson.com\\\/wp-content\\\/uploads\\\/2019\\\/03\\\/Chaudiere-bi-foyer-TwinPack-1.jpg\",\"width\":600,\"height\":400,\"caption\":\"Chaudi\u00e8re bi-foyer TwinPack 1\"},{\"@type\":\"BreadcrumbList\",\"@id\":\"https:\\\/\\\/www.babcock-wanson.com\\\/es\\\/productos\\\/calderas-de-vapor-pirotubulares\\\/calderas-de-doble-hogar-twinpack\\\/#breadcrumb\",\"itemListElement\":[{\"@type\":\"ListItem\",\"position\":1,\"name\":\"Inicio\",\"item\":\"https:\\\/\\\/www.babcock-wanson.com\\\/es\\\/\"},{\"@type\":\"ListItem\",\"position\":2,\"name\":\"Productos\",\"item\":\"https:\\\/\\\/www.babcock-wanson.com\\\/es\\\/shop\\\/\"},{\"@type\":\"ListItem\",\"position\":3,\"name\":\"Calderas de vapor pirotubulares\",\"item\":\"https:\\\/\\\/www.babcock-wanson.com\\\/es\\\/categoria-producto\\\/calderas-de-vapor-pirotubulares\\\/\"},{\"@type\":\"ListItem\",\"position\":4,\"name\":\"Calderas de doble hogar TwinPack\"}]},{\"@type\":\"WebSite\",\"@id\":\"https:\\\/\\\/www.babcock-wanson.com\\\/es\\\/#website\",\"url\":\"https:\\\/\\\/www.babcock-wanson.com\\\/es\\\/\",\"name\":\"Babcock Wanson\",\"description\":\"\",\"publisher\":{\"@id\":\"https:\\\/\\\/www.babcock-wanson.com\\\/es\\\/#organization\"},\"potentialAction\":[{\"@type\":\"SearchAction\",\"target\":{\"@type\":\"EntryPoint\",\"urlTemplate\":\"https:\\\/\\\/www.babcock-wanson.com\\\/es\\\/?s={search_term_string}\"},\"query-input\":{\"@type\":\"PropertyValueSpecification\",\"valueRequired\":true,\"valueName\":\"search_term_string\"}}],\"inLanguage\":\"es\"},{\"@type\":\"Organization\",\"@id\":\"https:\\\/\\\/www.babcock-wanson.com\\\/es\\\/#organization\",\"name\":\"Babcock Wanson\",\"url\":\"https:\\\/\\\/www.babcock-wanson.com\\\/es\\\/\",\"logo\":{\"@type\":\"ImageObject\",\"inLanguage\":\"es\",\"@id\":\"https:\\\/\\\/www.babcock-wanson.com\\\/es\\\/#\\\/schema\\\/logo\\\/image\\\/\",\"url\":\"https:\\\/\\\/www.babcock-wanson.com\\\/wp-content\\\/uploads\\\/2024\\\/02\\\/Babcock-Wanson-1200x1200-1.png\",\"contentUrl\":\"https:\\\/\\\/www.babcock-wanson.com\\\/wp-content\\\/uploads\\\/2024\\\/02\\\/Babcock-Wanson-1200x1200-1.png\",\"width\":1200,\"height\":1200,\"caption\":\"Babcock Wanson\"},\"image\":{\"@id\":\"https:\\\/\\\/www.babcock-wanson.com\\\/es\\\/#\\\/schema\\\/logo\\\/image\\\/\"},\"sameAs\":[\"https:\\\/\\\/www.linkedin.com\\\/company\\\/babcock-wanson\\\/\",\"https:\\\/\\\/www.youtube.com\\\/channel\\\/UCtxl25VieBBsP2kYmtlyv7A\"]}]}<\/script>\n<!-- \/ Yoast SEO Premium plugin. -->","yoast_head_json":{"title":"Calderas de doble hogar TwinPack - Babcock Wanson","description":"La gama de calderas de doble hogar TwinPack es el \u00faltimo dise\u00f1o y se ha desarrollado utilizando una combinaci\u00f3n de las mejores tecnolog\u00edas disponibles para ofrecer una alta fiabilidad y m\u00e1xima eficiencia.","robots":{"index":"index","follow":"follow","max-snippet":"max-snippet:-1","max-image-preview":"max-image-preview:large","max-video-preview":"max-video-preview:-1"},"canonical":"https:\/\/www.babcock-wanson.com\/es\/productos\/calderas-de-vapor-pirotubulares\/calderas-de-doble-hogar-twinpack\/","og_locale":"es_ES","og_type":"article","og_title":"Calderas de doble hogar TwinPack","og_description":"La gama de calderas de doble hogar TwinPack es el \u00faltimo dise\u00f1o y se ha desarrollado utilizando una combinaci\u00f3n de las mejores tecnolog\u00edas disponibles para ofrecer una alta fiabilidad y m\u00e1xima eficiencia.","og_url":"https:\/\/www.babcock-wanson.com\/es\/productos\/calderas-de-vapor-pirotubulares\/calderas-de-doble-hogar-twinpack\/","og_site_name":"Babcock Wanson","article_modified_time":"2025-04-15T16:14:49+00:00","og_image":[{"width":600,"height":400,"url":"https:\/\/www.babcock-wanson.com\/wp-content\/uploads\/2019\/03\/Chaudiere-bi-foyer-TwinPack-1.jpg","type":"image\/jpeg"}],"twitter_card":"summary_large_image","twitter_misc":{"Est. reading time":"5 minutos"},"schema":{"@context":"https:\/\/schema.org","@graph":[{"@type":"WebPage","@id":"https:\/\/www.babcock-wanson.com\/es\/productos\/calderas-de-vapor-pirotubulares\/calderas-de-doble-hogar-twinpack\/","url":"https:\/\/www.babcock-wanson.com\/es\/productos\/calderas-de-vapor-pirotubulares\/calderas-de-doble-hogar-twinpack\/","name":"Calderas de doble hogar TwinPack - Babcock Wanson","isPartOf":{"@id":"https:\/\/www.babcock-wanson.com\/es\/#website"},"primaryImageOfPage":{"@id":"https:\/\/www.babcock-wanson.com\/es\/productos\/calderas-de-vapor-pirotubulares\/calderas-de-doble-hogar-twinpack\/#primaryimage"},"image":{"@id":"https:\/\/www.babcock-wanson.com\/es\/productos\/calderas-de-vapor-pirotubulares\/calderas-de-doble-hogar-twinpack\/#primaryimage"},"thumbnailUrl":"https:\/\/www.babcock-wanson.com\/wp-content\/uploads\/2019\/03\/Chaudiere-bi-foyer-TwinPack-1.jpg","datePublished":"2019-03-25T08:25:27+00:00","dateModified":"2025-04-15T16:14:49+00:00","description":"La gama de calderas de doble hogar TwinPack es el \u00faltimo dise\u00f1o y se ha desarrollado utilizando una combinaci\u00f3n de las mejores tecnolog\u00edas disponibles para ofrecer una alta fiabilidad y m\u00e1xima eficiencia.","breadcrumb":{"@id":"https:\/\/www.babcock-wanson.com\/es\/productos\/calderas-de-vapor-pirotubulares\/calderas-de-doble-hogar-twinpack\/#breadcrumb"},"inLanguage":"es","potentialAction":[{"@type":"ReadAction","target":["https:\/\/www.babcock-wanson.com\/es\/productos\/calderas-de-vapor-pirotubulares\/calderas-de-doble-hogar-twinpack\/"]}]},{"@type":"ImageObject","inLanguage":"es","@id":"https:\/\/www.babcock-wanson.com\/es\/productos\/calderas-de-vapor-pirotubulares\/calderas-de-doble-hogar-twinpack\/#primaryimage","url":"https:\/\/www.babcock-wanson.com\/wp-content\/uploads\/2019\/03\/Chaudiere-bi-foyer-TwinPack-1.jpg","contentUrl":"https:\/\/www.babcock-wanson.com\/wp-content\/uploads\/2019\/03\/Chaudiere-bi-foyer-TwinPack-1.jpg","width":600,"height":400,"caption":"Chaudi\u00e8re bi-foyer TwinPack 1"},{"@type":"BreadcrumbList","@id":"https:\/\/www.babcock-wanson.com\/es\/productos\/calderas-de-vapor-pirotubulares\/calderas-de-doble-hogar-twinpack\/#breadcrumb","itemListElement":[{"@type":"ListItem","position":1,"name":"Inicio","item":"https:\/\/www.babcock-wanson.com\/es\/"},{"@type":"ListItem","position":2,"name":"Productos","item":"https:\/\/www.babcock-wanson.com\/es\/shop\/"},{"@type":"ListItem","position":3,"name":"Calderas de vapor pirotubulares","item":"https:\/\/www.babcock-wanson.com\/es\/categoria-producto\/calderas-de-vapor-pirotubulares\/"},{"@type":"ListItem","position":4,"name":"Calderas de doble hogar TwinPack"}]},{"@type":"WebSite","@id":"https:\/\/www.babcock-wanson.com\/es\/#website","url":"https:\/\/www.babcock-wanson.com\/es\/","name":"Babcock Wanson","description":"","publisher":{"@id":"https:\/\/www.babcock-wanson.com\/es\/#organization"},"potentialAction":[{"@type":"SearchAction","target":{"@type":"EntryPoint","urlTemplate":"https:\/\/www.babcock-wanson.com\/es\/?s={search_term_string}"},"query-input":{"@type":"PropertyValueSpecification","valueRequired":true,"valueName":"search_term_string"}}],"inLanguage":"es"},{"@type":"Organization","@id":"https:\/\/www.babcock-wanson.com\/es\/#organization","name":"Babcock Wanson","url":"https:\/\/www.babcock-wanson.com\/es\/","logo":{"@type":"ImageObject","inLanguage":"es","@id":"https:\/\/www.babcock-wanson.com\/es\/#\/schema\/logo\/image\/","url":"https:\/\/www.babcock-wanson.com\/wp-content\/uploads\/2024\/02\/Babcock-Wanson-1200x1200-1.png","contentUrl":"https:\/\/www.babcock-wanson.com\/wp-content\/uploads\/2024\/02\/Babcock-Wanson-1200x1200-1.png","width":1200,"height":1200,"caption":"Babcock Wanson"},"image":{"@id":"https:\/\/www.babcock-wanson.com\/es\/#\/schema\/logo\/image\/"},"sameAs":["https:\/\/www.linkedin.com\/company\/babcock-wanson\/","https:\/\/www.youtube.com\/channel\/UCtxl25VieBBsP2kYmtlyv7A"]}]}},"jetpack_sharing_enabled":true,"_links":{"self":[{"href":"https:\/\/www.babcock-wanson.com\/es\/wp-json\/wp\/v2\/product\/33618","targetHints":{"allow":["GET"]}}],"collection":[{"href":"https:\/\/www.babcock-wanson.com\/es\/wp-json\/wp\/v2\/product"}],"about":[{"href":"https:\/\/www.babcock-wanson.com\/es\/wp-json\/wp\/v2\/types\/product"}],"replies":[{"embeddable":true,"href":"https:\/\/www.babcock-wanson.com\/es\/wp-json\/wp\/v2\/comments?post=33618"}],"wp:featuredmedia":[{"embeddable":true,"href":"https:\/\/www.babcock-wanson.com\/es\/wp-json\/wp\/v2\/media\/38758"}],"wp:attachment":[{"href":"https:\/\/www.babcock-wanson.com\/es\/wp-json\/wp\/v2\/media?parent=33618"}],"wp:term":[{"taxonomy":"product_brand","embeddable":true,"href":"https:\/\/www.babcock-wanson.com\/es\/wp-json\/wp\/v2\/product_brand?post=33618"},{"taxonomy":"product_cat","embeddable":true,"href":"https:\/\/www.babcock-wanson.com\/es\/wp-json\/wp\/v2\/product_cat?post=33618"},{"taxonomy":"product_tag","embeddable":true,"href":"https:\/\/www.babcock-wanson.com\/es\/wp-json\/wp\/v2\/product_tag?post=33618"}],"curies":[{"name":"wp","href":"https:\/\/api.w.org\/{rel}","templated":true}]}}