{"id":33621,"date":"2019-02-12T11:14:04","date_gmt":"2019-02-12T11:14:04","guid":{"rendered":"https:\/\/www.babcock-wanson.com\/products\/sin%20categor\u00eda\/vap-bp\/"},"modified":"2022-06-29T13:37:17","modified_gmt":"2022-06-29T12:37:17","slug":"vap-bp","status":"publish","type":"product","link":"https:\/\/www.babcock-wanson.com\/es\/productos\/calderas-de-vapor-pirotubulares\/vap-bp\/","title":{"rendered":"VAP-BP"},"content":{"rendered":"<div class=\"vgblk-rw-wrapper limit-wrapper\">\r\n<h3>Producci\u00f3n de vapor a baja presi\u00f3n<\/h3>\r\n<p>La serie VAP-BP se ha dise\u00f1ado para producir vapor a baja presi\u00f3n (&lt;0,5\u00a0barg) con el que satisfacer las necesidades de diversos procesos industriales que no requieren altas presiones. Los generadores VAP-BP evitan el consumo innecesario de energ\u00eda suministrando vapor a la presi\u00f3n de uso deseada, sin necesidad de invertir en costosos equipos de reducci\u00f3n de <span style=\"text-decoration: line-through\">la<\/span> presi\u00f3n de vapor.<\/p>\r\n<p>La caldera de tres pasos VAP-BP presenta una amplia c\u00e1mara de combusti\u00f3n y un gran contenido total en agua que le permiten absorber los cambios r\u00e1pidos en la carga de vapor y los picos de demanda elevada. Posibilidad de alcanzar una excelente eficiencia operativa de hasta un 92\u00a0%, en funci\u00f3n del poder calor\u00edfico del combustible. Esto se consigue gracias a la baja temperatura de servicio de vapor y una amplia superficie de calentamiento.<\/p>\r\n<p>Se ha incorporado la \u00faltima tecnolog\u00eda en quemadores para garantizar que la gama VAP-BP cumpla con todas las normativas aplicables a las emisiones.<\/p>\r\n<h3>Caracter\u00edsticas de la serie VAP-BP<\/h3>\r\n<ul>\r\n<li>Presi\u00f3n\u00a0\/\u00a0temperatura de funcionamiento: &lt;0,5\u00a0bar \/ 110\u00a0\u00b0C.<\/li>\r\n<li>P\u00e9rdidas de calor muy bajas.<\/li>\r\n<li>Dise\u00f1o con un gran volumen de agua para absorber cargas de vapor continuas e intermitentes.<\/li>\r\n<li>Sencillez de instalaci\u00f3n y uso gracias al funcionamiento a baja presi\u00f3n.<\/li>\r\n<li>Equipo excluido del control normativo aplicable al vapor en numerosos pa\u00edses europeos.<\/li>\r\n<li>Dise\u00f1o de hogar amplio para un funcionamiento sin esfuerzos.<\/li>\r\n<li>Dise\u00f1o para un funcionamiento con combustibles gaseosos y fuel ligero.<\/li>\r\n<li>Emisiones reducidas de NOx y CO.<\/li>\r\n<li>Capacidad de funcionamiento sin bomba: directamente a partir de la presi\u00f3n del suministro de agua potable.<\/li>\r\n<li>Requisitos de mantenimiento simplificados.<\/li>\r\n<\/ul>\r\n<p>La gama VAP-BP se adapta a la perfecci\u00f3n a procesos como los de lavander\u00edas industriales, ciertos procesos con alimentos o cualquier demanda sencilla de vapor a baja presi\u00f3n.<\/p>\r\n<h2>Caldera de vapor VAP BP<\/h2>\r\n<table>\r\n<tbody>\r\n<tr>\r\n<th>Modelo<\/th>\r\n<th>\u00a0<\/th>\r\n<th>140<\/th>\r\n<th>200<\/th>\r\n<th>300<\/th>\r\n<th>400<\/th>\r\n<th>500<\/th>\r\n<th>700<\/th>\r\n<th>800<\/th>\r\n<th>1000<\/th>\r\n<\/tr>\r\n<tr>\r\n<th>Salida de vapor (1)<\/th>\r\n<th>Kg\/h<\/th>\r\n<td>140<\/td>\r\n<td>200<\/td>\r\n<td>300<\/td>\r\n<td>400<\/td>\r\n<td>500<\/td>\r\n<td>700<\/td>\r\n<td>800<\/td>\r\n<td>1000<\/td>\r\n<\/tr>\r\n<tr>\r\n<th>Potencia de salida<\/th>\r\n<th>kW<\/th>\r\n<td>94<\/td>\r\n<td>134<\/td>\r\n<td>201<\/td>\r\n<td>268<\/td>\r\n<td>335<\/td>\r\n<td>469<\/td>\r\n<td>536<\/td>\r\n<td>670<\/td>\r\n<\/tr>\r\n<tr>\r\n<th>Anchura A<\/th>\r\n<th>mm<\/th>\r\n<td>1658<\/td>\r\n<td>1658<\/td>\r\n<td>1743<\/td>\r\n<td>1743<\/td>\r\n<td>1865<\/td>\r\n<td>1865<\/td>\r\n<td>2050<\/td>\r\n<td>2050<\/td>\r\n<\/tr>\r\n<tr>\r\n<th>Longitud B (2)<\/th>\r\n<th>mm<\/th>\r\n<td>1739<\/td>\r\n<td>1809<\/td>\r\n<td>2057<\/td>\r\n<td>2057<\/td>\r\n<td>2061<\/td>\r\n<td>2361<\/td>\r\n<td>2359<\/td>\r\n<td>2559<\/td>\r\n<\/tr>\r\n<tr>\r\n<th>Altura C<\/th>\r\n<th>mm<\/th>\r\n<td>1794<\/td>\r\n<td>1794<\/td>\r\n<td>1886<\/td>\r\n<td>1886<\/td>\r\n<td>2030<\/td>\r\n<td>2060<\/td>\r\n<td>2333<\/td>\r\n<td>2333<\/td>\r\n<\/tr>\r\n<tr>\r\n<th>Peso en orden de marcha(2)<\/th>\r\n<th>kg<\/th>\r\n<td>850<\/td>\r\n<td>850<\/td>\r\n<td>1220<\/td>\r\n<td>1220<\/td>\r\n<td>1470<\/td>\r\n<td>1650<\/td>\r\n<td>1820<\/td>\r\n<td>1970<\/td>\r\n<\/tr>\r\n<\/tbody>\r\n<\/table>\r\n<p>(1) Todas las producciones de vapor se refieren a agua de alimentaci\u00f3n a 70\u00b0C<\/p>\r\n<p>(2) Sin incluir el quemador<\/p>\r\n<h2>Caldera de vapor VAP BP+<\/h2>\r\n<table>\r\n<tbody>\r\n<tr>\r\n<th>Modelo<\/th>\r\n<th>\u00a0<\/th>\r\n<th>1250<\/th>\r\n<th>1500<\/th>\r\n<th>1750<\/th>\r\n<th>2000<\/th>\r\n<th>2500<\/th>\r\n<th>3000<\/th>\r\n<th>3500<\/th>\r\n<th>4000<\/th>\r\n<\/tr>\r\n<tr>\r\n<th>Salida de vapor (1)<\/th>\r\n<th>Kg\/h<\/th>\r\n<td>1250<\/td>\r\n<td>1500<\/td>\r\n<td>1750<\/td>\r\n<td>2000<\/td>\r\n<td>2500<\/td>\r\n<td>3000<\/td>\r\n<td>3500<\/td>\r\n<td>4000<\/td>\r\n<\/tr>\r\n<tr>\r\n<th>Potencia de salida<\/th>\r\n<th>kW<\/th>\r\n<td>837<\/td>\r\n<td>1005<\/td>\r\n<td>1172<\/td>\r\n<td>1339<\/td>\r\n<td>1674<\/td>\r\n<td>2009<\/td>\r\n<td>2343<\/td>\r\n<td>2678<\/td>\r\n<\/tr>\r\n<tr>\r\n<th>Anchura A<\/th>\r\n<th>mm<\/th>\r\n<td>2195<\/td>\r\n<td>2195<\/td>\r\n<td>2195<\/td>\r\n<td>2305<\/td>\r\n<td>2520<\/td>\r\n<td>2600<\/td>\r\n<td>2600<\/td>\r\n<td>2768<\/td>\r\n<\/tr>\r\n<tr>\r\n<th>Longitud B (2)<\/th>\r\n<th>mm<\/th>\r\n<td>2560<\/td>\r\n<td>2810<\/td>\r\n<td>3060<\/td>\r\n<td>3060<\/td>\r\n<td>3370<\/td>\r\n<td>3367<\/td>\r\n<td>3567<\/td>\r\n<td>3861<\/td>\r\n<\/tr>\r\n<tr>\r\n<th>Altura C<\/th>\r\n<th>mm<\/th>\r\n<td>2614<\/td>\r\n<td>2614<\/td>\r\n<td>2614<\/td>\r\n<td>2843<\/td>\r\n<td>2884<\/td>\r\n<td>3004<\/td>\r\n<td>3004<\/td>\r\n<td>3230<\/td>\r\n<\/tr>\r\n<tr>\r\n<th>Peso en orden de marcha (2)<\/th>\r\n<th>kg<\/th>\r\n<td>2230<\/td>\r\n<td>2530<\/td>\r\n<td>3150<\/td>\r\n<td>3470<\/td>\r\n<td>4650<\/td>\r\n<td>5150<\/td>\r\n<td>5150<\/td>\r\n<td>7190<\/td>\r\n<\/tr>\r\n<\/tbody>\r\n<\/table>\r\n<p>(1) Todas las producciones de vapor se refieren a agua de alimentaci\u00f3n a 70\u00b0C<\/p>\r\n<p>(2) Sin incluir el quemador<\/p>\r\n<\/div><!-- .vgblk-rw-wrapper -->","protected":false},"excerpt":{"rendered":"<p><strong>Producci\u00f3n de vapor desde 160 hasta 5300 kg\/h<\/strong> <br \/>La Calderas de vapor VAP-BP, desarrollada espec\u00edficamente para la producci\u00f3n econ\u00f3mica y segura de vapor a baja presi\u00f3n, dise\u00f1ada para funcionar con independencia de la reglamentaci\u00f3n habitual aplicable a los sistemas a presi\u00f3n en muchos pa\u00edses europeos. Esto simplifica tanto los requisitos de instalaci\u00f3n como de funcionamiento, adem\u00e1s de reducir el coste de instalaci\u00f3n y funcionamiento para procesos que no necesitan temperaturas o presiones de vapor elevadas.<\/p>\n","protected":false},"featured_media":33624,"comment_status":"closed","ping_status":"closed","template":"","meta":{"_acf_changed":false,"_relevanssi_hide_post":"","_relevanssi_hide_content":"","_relevanssi_pin_for_all":"","_relevanssi_pin_keywords":"","_relevanssi_unpin_keywords":"","_relevanssi_related_keywords":"","_relevanssi_related_include_ids":"","_relevanssi_related_exclude_ids":"","_relevanssi_related_no_append":"","_relevanssi_related_not_related":"","_relevanssi_related_posts":"","_relevanssi_noindex_reason":""},"product_brand":[],"product_cat":[5817,5822],"product_tag":[],"class_list":{"0":"post-33621","1":"product","2":"type-product","3":"status-publish","4":"has-post-thumbnail","6":"product_cat-calderas-de-vapor-industriales","7":"product_cat-calderas-de-vapor-pirotubulares","9":"first","10":"instock","11":"shipping-taxable","12":"product-type-simple"},"acf":[],"yoast_head":"<!-- This site is optimized with the Yoast SEO Premium plugin v27.4 (Yoast SEO v27.4) - https:\/\/yoast.com\/product\/yoast-seo-premium-wordpress\/ -->\n<title>VAP-BP - Babcock Wanson<\/title>\n<meta name=\"description\" content=\"La serie VAP-BP, desarrollada espec\u00edficamente para la producci\u00f3n econ\u00f3mica y segura de vapor a baja presi\u00f3n, dise\u00f1ada para funcionar con independencia de la reglamentaci\u00f3n habitual aplicable a los sistemas a presi\u00f3n en muchos pa\u00edses europeos.\" \/>\n<meta name=\"robots\" content=\"index, follow, max-snippet:-1, max-image-preview:large, max-video-preview:-1\" \/>\n<link rel=\"canonical\" href=\"https:\/\/www.babcock-wanson.com\/es\/productos\/calderas-de-vapor-pirotubulares\/vap-bp\/\" \/>\n<meta property=\"og:locale\" content=\"es_ES\" \/>\n<meta property=\"og:type\" content=\"article\" \/>\n<meta property=\"og:title\" content=\"VAP-BP\" \/>\n<meta property=\"og:description\" content=\"La serie VAP-BP, desarrollada espec\u00edficamente para la producci\u00f3n econ\u00f3mica y segura de vapor a baja presi\u00f3n, dise\u00f1ada para funcionar con independencia de la reglamentaci\u00f3n habitual aplicable a los sistemas a presi\u00f3n en muchos pa\u00edses europeos.\" \/>\n<meta property=\"og:url\" content=\"https:\/\/www.babcock-wanson.com\/es\/productos\/calderas-de-vapor-pirotubulares\/vap-bp\/\" \/>\n<meta property=\"og:site_name\" content=\"Babcock Wanson\" \/>\n<meta property=\"article:modified_time\" content=\"2022-06-29T12:37:17+00:00\" \/>\n<meta property=\"og:image\" content=\"https:\/\/www.babcock-wanson.com\/wp-content\/uploads\/2019\/02\/Vap_BP_new_1.jpg\" \/>\n\t<meta property=\"og:image:width\" content=\"600\" \/>\n\t<meta property=\"og:image:height\" content=\"400\" \/>\n\t<meta property=\"og:image:type\" content=\"image\/jpeg\" \/>\n<meta name=\"twitter:card\" content=\"summary_large_image\" \/>\n<meta name=\"twitter:label1\" content=\"Est. reading time\" \/>\n\t<meta name=\"twitter:data1\" content=\"2 minutos\" \/>\n<script type=\"application\/ld+json\" class=\"yoast-schema-graph\">{\"@context\":\"https:\\\/\\\/schema.org\",\"@graph\":[{\"@type\":\"WebPage\",\"@id\":\"https:\\\/\\\/www.babcock-wanson.com\\\/es\\\/productos\\\/calderas-de-vapor-pirotubulares\\\/vap-bp\\\/\",\"url\":\"https:\\\/\\\/www.babcock-wanson.com\\\/es\\\/productos\\\/calderas-de-vapor-pirotubulares\\\/vap-bp\\\/\",\"name\":\"VAP-BP - Babcock Wanson\",\"isPartOf\":{\"@id\":\"https:\\\/\\\/www.babcock-wanson.com\\\/es\\\/#website\"},\"primaryImageOfPage\":{\"@id\":\"https:\\\/\\\/www.babcock-wanson.com\\\/es\\\/productos\\\/calderas-de-vapor-pirotubulares\\\/vap-bp\\\/#primaryimage\"},\"image\":{\"@id\":\"https:\\\/\\\/www.babcock-wanson.com\\\/es\\\/productos\\\/calderas-de-vapor-pirotubulares\\\/vap-bp\\\/#primaryimage\"},\"thumbnailUrl\":\"https:\\\/\\\/www.babcock-wanson.com\\\/wp-content\\\/uploads\\\/2019\\\/02\\\/Vap_BP_new_1.jpg\",\"datePublished\":\"2019-02-12T11:14:04+00:00\",\"dateModified\":\"2022-06-29T12:37:17+00:00\",\"description\":\"La serie VAP-BP, desarrollada espec\u00edficamente para la producci\u00f3n econ\u00f3mica y segura de vapor a baja presi\u00f3n, dise\u00f1ada para funcionar con independencia de la reglamentaci\u00f3n habitual aplicable a los sistemas a presi\u00f3n en muchos pa\u00edses europeos.\",\"breadcrumb\":{\"@id\":\"https:\\\/\\\/www.babcock-wanson.com\\\/es\\\/productos\\\/calderas-de-vapor-pirotubulares\\\/vap-bp\\\/#breadcrumb\"},\"inLanguage\":\"es\",\"potentialAction\":[{\"@type\":\"ReadAction\",\"target\":[\"https:\\\/\\\/www.babcock-wanson.com\\\/es\\\/productos\\\/calderas-de-vapor-pirotubulares\\\/vap-bp\\\/\"]}]},{\"@type\":\"ImageObject\",\"inLanguage\":\"es\",\"@id\":\"https:\\\/\\\/www.babcock-wanson.com\\\/es\\\/productos\\\/calderas-de-vapor-pirotubulares\\\/vap-bp\\\/#primaryimage\",\"url\":\"https:\\\/\\\/www.babcock-wanson.com\\\/wp-content\\\/uploads\\\/2019\\\/02\\\/Vap_BP_new_1.jpg\",\"contentUrl\":\"https:\\\/\\\/www.babcock-wanson.com\\\/wp-content\\\/uploads\\\/2019\\\/02\\\/Vap_BP_new_1.jpg\",\"width\":600,\"height\":400},{\"@type\":\"BreadcrumbList\",\"@id\":\"https:\\\/\\\/www.babcock-wanson.com\\\/es\\\/productos\\\/calderas-de-vapor-pirotubulares\\\/vap-bp\\\/#breadcrumb\",\"itemListElement\":[{\"@type\":\"ListItem\",\"position\":1,\"name\":\"Inicio\",\"item\":\"https:\\\/\\\/www.babcock-wanson.com\\\/es\\\/\"},{\"@type\":\"ListItem\",\"position\":2,\"name\":\"Productos\",\"item\":\"https:\\\/\\\/www.babcock-wanson.com\\\/es\\\/shop\\\/\"},{\"@type\":\"ListItem\",\"position\":3,\"name\":\"Calderas de vapor pirotubulares\",\"item\":\"https:\\\/\\\/www.babcock-wanson.com\\\/es\\\/categoria-producto\\\/calderas-de-vapor-pirotubulares\\\/\"},{\"@type\":\"ListItem\",\"position\":4,\"name\":\"VAP-BP\"}]},{\"@type\":\"WebSite\",\"@id\":\"https:\\\/\\\/www.babcock-wanson.com\\\/es\\\/#website\",\"url\":\"https:\\\/\\\/www.babcock-wanson.com\\\/es\\\/\",\"name\":\"Babcock Wanson\",\"description\":\"\",\"publisher\":{\"@id\":\"https:\\\/\\\/www.babcock-wanson.com\\\/es\\\/#organization\"},\"potentialAction\":[{\"@type\":\"SearchAction\",\"target\":{\"@type\":\"EntryPoint\",\"urlTemplate\":\"https:\\\/\\\/www.babcock-wanson.com\\\/es\\\/?s={search_term_string}\"},\"query-input\":{\"@type\":\"PropertyValueSpecification\",\"valueRequired\":true,\"valueName\":\"search_term_string\"}}],\"inLanguage\":\"es\"},{\"@type\":\"Organization\",\"@id\":\"https:\\\/\\\/www.babcock-wanson.com\\\/es\\\/#organization\",\"name\":\"Babcock Wanson\",\"url\":\"https:\\\/\\\/www.babcock-wanson.com\\\/es\\\/\",\"logo\":{\"@type\":\"ImageObject\",\"inLanguage\":\"es\",\"@id\":\"https:\\\/\\\/www.babcock-wanson.com\\\/es\\\/#\\\/schema\\\/logo\\\/image\\\/\",\"url\":\"https:\\\/\\\/www.babcock-wanson.com\\\/wp-content\\\/uploads\\\/2024\\\/02\\\/Babcock-Wanson-1200x1200-1.png\",\"contentUrl\":\"https:\\\/\\\/www.babcock-wanson.com\\\/wp-content\\\/uploads\\\/2024\\\/02\\\/Babcock-Wanson-1200x1200-1.png\",\"width\":1200,\"height\":1200,\"caption\":\"Babcock Wanson\"},\"image\":{\"@id\":\"https:\\\/\\\/www.babcock-wanson.com\\\/es\\\/#\\\/schema\\\/logo\\\/image\\\/\"},\"sameAs\":[\"https:\\\/\\\/www.linkedin.com\\\/company\\\/babcock-wanson\\\/\",\"https:\\\/\\\/www.youtube.com\\\/channel\\\/UCtxl25VieBBsP2kYmtlyv7A\"]}]}<\/script>\n<!-- \/ Yoast SEO Premium plugin. -->","yoast_head_json":{"title":"VAP-BP - Babcock Wanson","description":"La serie VAP-BP, desarrollada espec\u00edficamente para la producci\u00f3n econ\u00f3mica y segura de vapor a baja presi\u00f3n, dise\u00f1ada para funcionar con independencia de la reglamentaci\u00f3n habitual aplicable a los sistemas a presi\u00f3n en muchos pa\u00edses europeos.","robots":{"index":"index","follow":"follow","max-snippet":"max-snippet:-1","max-image-preview":"max-image-preview:large","max-video-preview":"max-video-preview:-1"},"canonical":"https:\/\/www.babcock-wanson.com\/es\/productos\/calderas-de-vapor-pirotubulares\/vap-bp\/","og_locale":"es_ES","og_type":"article","og_title":"VAP-BP","og_description":"La serie VAP-BP, desarrollada espec\u00edficamente para la producci\u00f3n econ\u00f3mica y segura de vapor a baja presi\u00f3n, dise\u00f1ada para funcionar con independencia de la reglamentaci\u00f3n habitual aplicable a los sistemas a presi\u00f3n en muchos pa\u00edses europeos.","og_url":"https:\/\/www.babcock-wanson.com\/es\/productos\/calderas-de-vapor-pirotubulares\/vap-bp\/","og_site_name":"Babcock Wanson","article_modified_time":"2022-06-29T12:37:17+00:00","og_image":[{"width":600,"height":400,"url":"https:\/\/www.babcock-wanson.com\/wp-content\/uploads\/2019\/02\/Vap_BP_new_1.jpg","type":"image\/jpeg"}],"twitter_card":"summary_large_image","twitter_misc":{"Est. reading time":"2 minutos"},"schema":{"@context":"https:\/\/schema.org","@graph":[{"@type":"WebPage","@id":"https:\/\/www.babcock-wanson.com\/es\/productos\/calderas-de-vapor-pirotubulares\/vap-bp\/","url":"https:\/\/www.babcock-wanson.com\/es\/productos\/calderas-de-vapor-pirotubulares\/vap-bp\/","name":"VAP-BP - Babcock Wanson","isPartOf":{"@id":"https:\/\/www.babcock-wanson.com\/es\/#website"},"primaryImageOfPage":{"@id":"https:\/\/www.babcock-wanson.com\/es\/productos\/calderas-de-vapor-pirotubulares\/vap-bp\/#primaryimage"},"image":{"@id":"https:\/\/www.babcock-wanson.com\/es\/productos\/calderas-de-vapor-pirotubulares\/vap-bp\/#primaryimage"},"thumbnailUrl":"https:\/\/www.babcock-wanson.com\/wp-content\/uploads\/2019\/02\/Vap_BP_new_1.jpg","datePublished":"2019-02-12T11:14:04+00:00","dateModified":"2022-06-29T12:37:17+00:00","description":"La serie VAP-BP, desarrollada espec\u00edficamente para la producci\u00f3n econ\u00f3mica y segura de vapor a baja presi\u00f3n, dise\u00f1ada para funcionar con independencia de la reglamentaci\u00f3n habitual aplicable a los sistemas a presi\u00f3n en muchos pa\u00edses europeos.","breadcrumb":{"@id":"https:\/\/www.babcock-wanson.com\/es\/productos\/calderas-de-vapor-pirotubulares\/vap-bp\/#breadcrumb"},"inLanguage":"es","potentialAction":[{"@type":"ReadAction","target":["https:\/\/www.babcock-wanson.com\/es\/productos\/calderas-de-vapor-pirotubulares\/vap-bp\/"]}]},{"@type":"ImageObject","inLanguage":"es","@id":"https:\/\/www.babcock-wanson.com\/es\/productos\/calderas-de-vapor-pirotubulares\/vap-bp\/#primaryimage","url":"https:\/\/www.babcock-wanson.com\/wp-content\/uploads\/2019\/02\/Vap_BP_new_1.jpg","contentUrl":"https:\/\/www.babcock-wanson.com\/wp-content\/uploads\/2019\/02\/Vap_BP_new_1.jpg","width":600,"height":400},{"@type":"BreadcrumbList","@id":"https:\/\/www.babcock-wanson.com\/es\/productos\/calderas-de-vapor-pirotubulares\/vap-bp\/#breadcrumb","itemListElement":[{"@type":"ListItem","position":1,"name":"Inicio","item":"https:\/\/www.babcock-wanson.com\/es\/"},{"@type":"ListItem","position":2,"name":"Productos","item":"https:\/\/www.babcock-wanson.com\/es\/shop\/"},{"@type":"ListItem","position":3,"name":"Calderas de vapor pirotubulares","item":"https:\/\/www.babcock-wanson.com\/es\/categoria-producto\/calderas-de-vapor-pirotubulares\/"},{"@type":"ListItem","position":4,"name":"VAP-BP"}]},{"@type":"WebSite","@id":"https:\/\/www.babcock-wanson.com\/es\/#website","url":"https:\/\/www.babcock-wanson.com\/es\/","name":"Babcock Wanson","description":"","publisher":{"@id":"https:\/\/www.babcock-wanson.com\/es\/#organization"},"potentialAction":[{"@type":"SearchAction","target":{"@type":"EntryPoint","urlTemplate":"https:\/\/www.babcock-wanson.com\/es\/?s={search_term_string}"},"query-input":{"@type":"PropertyValueSpecification","valueRequired":true,"valueName":"search_term_string"}}],"inLanguage":"es"},{"@type":"Organization","@id":"https:\/\/www.babcock-wanson.com\/es\/#organization","name":"Babcock Wanson","url":"https:\/\/www.babcock-wanson.com\/es\/","logo":{"@type":"ImageObject","inLanguage":"es","@id":"https:\/\/www.babcock-wanson.com\/es\/#\/schema\/logo\/image\/","url":"https:\/\/www.babcock-wanson.com\/wp-content\/uploads\/2024\/02\/Babcock-Wanson-1200x1200-1.png","contentUrl":"https:\/\/www.babcock-wanson.com\/wp-content\/uploads\/2024\/02\/Babcock-Wanson-1200x1200-1.png","width":1200,"height":1200,"caption":"Babcock Wanson"},"image":{"@id":"https:\/\/www.babcock-wanson.com\/es\/#\/schema\/logo\/image\/"},"sameAs":["https:\/\/www.linkedin.com\/company\/babcock-wanson\/","https:\/\/www.youtube.com\/channel\/UCtxl25VieBBsP2kYmtlyv7A"]}]}},"jetpack_sharing_enabled":true,"_links":{"self":[{"href":"https:\/\/www.babcock-wanson.com\/es\/wp-json\/wp\/v2\/product\/33621","targetHints":{"allow":["GET"]}}],"collection":[{"href":"https:\/\/www.babcock-wanson.com\/es\/wp-json\/wp\/v2\/product"}],"about":[{"href":"https:\/\/www.babcock-wanson.com\/es\/wp-json\/wp\/v2\/types\/product"}],"replies":[{"embeddable":true,"href":"https:\/\/www.babcock-wanson.com\/es\/wp-json\/wp\/v2\/comments?post=33621"}],"wp:featuredmedia":[{"embeddable":true,"href":"https:\/\/www.babcock-wanson.com\/es\/wp-json\/wp\/v2\/media\/33624"}],"wp:attachment":[{"href":"https:\/\/www.babcock-wanson.com\/es\/wp-json\/wp\/v2\/media?parent=33621"}],"wp:term":[{"taxonomy":"product_brand","embeddable":true,"href":"https:\/\/www.babcock-wanson.com\/es\/wp-json\/wp\/v2\/product_brand?post=33621"},{"taxonomy":"product_cat","embeddable":true,"href":"https:\/\/www.babcock-wanson.com\/es\/wp-json\/wp\/v2\/product_cat?post=33621"},{"taxonomy":"product_tag","embeddable":true,"href":"https:\/\/www.babcock-wanson.com\/es\/wp-json\/wp\/v2\/product_tag?post=33621"}],"curies":[{"name":"wp","href":"https:\/\/api.w.org\/{rel}","templated":true}]}}