{"id":33625,"date":"2018-08-15T10:39:48","date_gmt":"2018-08-15T09:39:48","guid":{"rendered":"https:\/\/www.babcock-wanson.com\/products\/sin%20categor\u00eda\/bwr-series\/"},"modified":"2022-01-13T23:17:40","modified_gmt":"2022-01-13T23:17:40","slug":"bwr","status":"publish","type":"product","link":"https:\/\/www.babcock-wanson.com\/es\/productos\/calderas-de-vapor-pirotubulares\/bwr\/","title":{"rendered":"BWR"},"content":{"rendered":"<div class=\"vgblk-rw-wrapper limit-wrapper\">\r\n<h3>Consumo reducido de combustible<\/h3>\r\n<ul>\r\n<li>La compatibilidad perfecta entre el cuerpo de la caldera y el quemador garantiza un funcionamiento fiable y eficiente. De hecho, cuando la instalaci\u00f3n se equipa con un <a href=\"\/?product_cat=sistema-de-recuperacion-de-calor\" target=\"_blank\" rel=\"noopener\">sistema de recuperaci\u00f3n de calor<\/a> y un <a href=\"https:\/\/www.babcock-wanson.com\/es\/productos\/sistemas-de-recuperacion-de-calor\/economizadores\/\" target=\"_blank\" rel=\"noopener\">economizador<\/a> Babcock\u00a0Wanson compatible, la eficiencia puede superar el 98\u00a0% (R-Eco) y el 105\u00a0% (condensaci\u00f3n).<\/li>\r\n<li>Otra caracter\u00edstica importante es una elevada eficiencia t\u00e9rmica en la combusti\u00f3n. El control digital por micro modulaci\u00f3n junto con una geometr\u00eda del cabezal del quemador espec\u00edficamente dise\u00f1ada para adaptarse a la caldera BWD garantiza un control preciso del exceso de aire y unos costes operativos lo m\u00e1s bajos posibles.<\/li>\r\n<li>El consumo el\u00e9ctrico puede reducirse entre un 30-50\u00a0% mediante la implantaci\u00f3n de variadores de velocidad tanto en el ventilador de aire de combusti\u00f3n como en el motor de la bomba de agua de alimentaci\u00f3n, cuando corresponda.<\/li>\r\n<\/ul>\r\n<h3>Costes operativos reducidos<\/h3>\r\n<ul>\r\n<li>Construcci\u00f3n robusta para una prolongada vida \u00fatil.<\/li>\r\n<li>Ausencia de riesgo de ensuciamiento interno.<\/li>\r\n<li>La c\u00e1mara de inversi\u00f3n de gases de combusti\u00f3n est\u00e1 totalmente refrigerada con agua para garantizar una elevada eficiencia y unos requisitos de mantenimiento m\u00ednimos. La facilidad de acceso a la c\u00e1mara simplifica la inspecci\u00f3n.<\/li>\r\n<\/ul>\r\n<h3>\u00bfPor qu\u00e9 elegir una caldera de vapor pirotubular BWR?<\/h3>\r\n<ul>\r\n<li>Gran eficiencia: quemador con bajos niveles de NOx<\/li>\r\n<li>Amplio campo de regulaci\u00f3n del quemador<\/li>\r\n<li>Acceso sencillo que facilita el mantenimiento<\/li>\r\n<li>Dise\u00f1o robusto para una prolongada vida \u00fatil<\/li>\r\n<li>Recuperaci\u00f3n del calor de los gases de combusti\u00f3n<\/li>\r\n<li>Precalentadores de aire de combusti\u00f3n<\/li>\r\n<li>Opciones de doble combustible o mezcla de combustible<\/li>\r\n<li>Opciones de correcci\u00f3n de O2 y CO<\/li>\r\n<li>Funcionamiento sencillo y desatendido<\/li>\r\n<li>Soluciones completas para sistemas de vapor<\/li>\r\n<\/ul>\r\n<h2>Calderas de vapor BWR<\/h2>\r\n<table>\r\n<tbody>\r\n<tr>\r\n<th>BWR<\/th>\r\n<th>modelo<\/th>\r\n<th>100<\/th>\r\n<th>120<\/th>\r\n<th>150<\/th>\r\n<th>170<\/th>\r\n<th>210<\/th>\r\n<th>250<\/th>\r\n<th>270<\/th>\r\n<\/tr>\r\n<tr>\r\n<th>Salida de vapor (1)<\/th>\r\n<th>Kg\/h<\/th>\r\n<td>10000<\/td>\r\n<td>12000<\/td>\r\n<td>15000<\/td>\r\n<td>17000<\/td>\r\n<td>21000<\/td>\r\n<td>25000<\/td>\r\n<td>27000 (3)<\/td>\r\n<\/tr>\r\n<tr>\r\n<th>Potencia de salida (1)<\/th>\r\n<th>kW<\/th>\r\n<td>6545<\/td>\r\n<td>7862<\/td>\r\n<td>9827<\/td>\r\n<td>11136<\/td>\r\n<td>13754<\/td>\r\n<td>16372<\/td>\r\n<td>17685<\/td>\r\n<\/tr>\r\n<tr>\r\n<th>Anchura A (2)<\/th>\r\n<th>mm<\/th>\r\n<td>3820<\/td>\r\n<td>3020<\/td>\r\n<td>3175<\/td>\r\n<td>3525<\/td>\r\n<td>3800<\/td>\r\n<td>4200<\/td>\r\n<td>4500<\/td>\r\n<\/tr>\r\n<tr>\r\n<th>Longitud B (2)<\/th>\r\n<th>mm<\/th>\r\n<td>8630<\/td>\r\n<td>10640<\/td>\r\n<td>10890<\/td>\r\n<td>11300<\/td>\r\n<td>12430<\/td>\r\n<td>13880<\/td>\r\n<td>14130<\/td>\r\n<\/tr>\r\n<tr>\r\n<th>Altura C (2)<\/th>\r\n<th>mm<\/th>\r\n<td>3890<\/td>\r\n<td>4050<\/td>\r\n<td>4287<\/td>\r\n<td>4330<\/td>\r\n<td>4530<\/td>\r\n<td>4900<\/td>\r\n<td>5100<\/td>\r\n<\/tr>\r\n<tr>\r\n<th>Peso en orden de marcha<\/th>\r\n<th>Kg<\/th>\r\n<td>39550<\/td>\r\n<td>45900<\/td>\r\n<td>49800<\/td>\r\n<td>57600<\/td>\r\n<td>74900<\/td>\r\n<td>80050<\/td>\r\n<td>92150<\/td>\r\n<\/tr>\r\n<\/tbody>\r\n<\/table>\r\n<p>(1) A 15 barg y con agua de alimentaci\u00f3n a 105\u00ba<\/p>\r\n<p>(2) Las dimensiones totales incluyen el quemador montado y los accesorios de la caldera<\/p>\r\n<p>(3) 30.000 kg\/h con un economizador con ciertas condiciones de funcionamiento<\/p>\r\n<\/div><!-- .vgblk-rw-wrapper -->","protected":false},"excerpt":{"rendered":"<p><strong>Producci\u00f3n de vapor desde 10 000 hasta 30 000 kg\/h<\/strong> <br \/>Las <a href=\"https:\/\/www.babcock-wanson.com\/es\/categoria-producto\/calderas-de-vapor-pirotubulares\/\" target=\"_blank\" rel=\"noopener\">calderas de vapor pirotubulares<\/a> de la serie BWR presentan un dise\u00f1o de tres pasos e incluyen una c\u00e1mara acuotubular de inversi\u00f3n de gases de combusti\u00f3n. Esta caracter\u00edstica probada, exclusiva de Babcock Wanson, mejora la circulaci\u00f3n del agua y, por tanto, reduce en gran medida el riesgo de ensuciamiento interno (acumulaci\u00f3n de lodo en el fondo de la caldera). Los tirantes de hogar no son necesarios y la expansi\u00f3n uniforme del cuerpo de la caldera proporciona la flexibilidad necesaria para absorber grandes cambios de carga de vapor con un esfuerzo operativo m\u00ednimo. El vapor seco de alta calidad se obtiene gracias a una amplia c\u00e1mara de vapor y un separador integral.<\/p>\n","protected":false},"featured_media":33629,"comment_status":"closed","ping_status":"closed","template":"","meta":{"_acf_changed":false,"_relevanssi_hide_post":"","_relevanssi_hide_content":"","_relevanssi_pin_for_all":"","_relevanssi_pin_keywords":"","_relevanssi_unpin_keywords":"","_relevanssi_related_keywords":"","_relevanssi_related_include_ids":"","_relevanssi_related_exclude_ids":"","_relevanssi_related_no_append":"","_relevanssi_related_not_related":"","_relevanssi_related_posts":"","_relevanssi_noindex_reason":""},"product_brand":[],"product_cat":[5817,5822],"product_tag":[],"class_list":{"0":"post-33625","1":"product","2":"type-product","3":"status-publish","4":"has-post-thumbnail","6":"product_cat-calderas-de-vapor-industriales","7":"product_cat-calderas-de-vapor-pirotubulares","9":"first","10":"instock","11":"shipping-taxable","12":"product-type-simple"},"acf":[],"yoast_head":"<!-- This site is optimized with the Yoast SEO Premium plugin v27.4 (Yoast SEO v27.4) - https:\/\/yoast.com\/product\/yoast-seo-premium-wordpress\/ -->\n<title>Calderas de vapor pirotubulares BWR<\/title>\n<meta name=\"description\" content=\"Las calderas de vapor pirotubulares BWR presentan un dise\u00f1o de tres pasos e incluyen una c\u00e1mara acuotubular de inversi\u00f3n de gases de combusti\u00f3n.\" \/>\n<meta name=\"robots\" content=\"index, follow, max-snippet:-1, max-image-preview:large, max-video-preview:-1\" \/>\n<link rel=\"canonical\" href=\"https:\/\/www.babcock-wanson.com\/es\/productos\/calderas-de-vapor-pirotubulares\/bwr\/\" \/>\n<meta property=\"og:locale\" content=\"es_ES\" \/>\n<meta property=\"og:type\" content=\"article\" \/>\n<meta property=\"og:title\" content=\"BWR\" \/>\n<meta property=\"og:description\" content=\"Las calderas de vapor pirotubulares BWR presentan un dise\u00f1o de tres pasos e incluyen una c\u00e1mara acuotubular de inversi\u00f3n de gases de combusti\u00f3n.\" \/>\n<meta property=\"og:url\" content=\"https:\/\/www.babcock-wanson.com\/es\/productos\/calderas-de-vapor-pirotubulares\/bwr\/\" \/>\n<meta property=\"og:site_name\" content=\"Babcock Wanson\" \/>\n<meta property=\"article:modified_time\" content=\"2022-01-13T23:17:40+00:00\" \/>\n<meta property=\"og:image\" content=\"https:\/\/www.babcock-wanson.com\/wp-content\/uploads\/2018\/08\/BWR-Fire-Tube-Boilers-2.png\" \/>\n\t<meta property=\"og:image:width\" content=\"600\" \/>\n\t<meta property=\"og:image:height\" content=\"400\" \/>\n\t<meta property=\"og:image:type\" content=\"image\/png\" \/>\n<meta name=\"twitter:card\" content=\"summary_large_image\" \/>\n<meta name=\"twitter:label1\" content=\"Est. reading time\" \/>\n\t<meta name=\"twitter:data1\" content=\"2 minutos\" \/>\n<script type=\"application\/ld+json\" class=\"yoast-schema-graph\">{\"@context\":\"https:\\\/\\\/schema.org\",\"@graph\":[{\"@type\":\"WebPage\",\"@id\":\"https:\\\/\\\/www.babcock-wanson.com\\\/es\\\/productos\\\/calderas-de-vapor-pirotubulares\\\/bwr\\\/\",\"url\":\"https:\\\/\\\/www.babcock-wanson.com\\\/es\\\/productos\\\/calderas-de-vapor-pirotubulares\\\/bwr\\\/\",\"name\":\"Calderas de vapor pirotubulares BWR\",\"isPartOf\":{\"@id\":\"https:\\\/\\\/www.babcock-wanson.com\\\/es\\\/#website\"},\"primaryImageOfPage\":{\"@id\":\"https:\\\/\\\/www.babcock-wanson.com\\\/es\\\/productos\\\/calderas-de-vapor-pirotubulares\\\/bwr\\\/#primaryimage\"},\"image\":{\"@id\":\"https:\\\/\\\/www.babcock-wanson.com\\\/es\\\/productos\\\/calderas-de-vapor-pirotubulares\\\/bwr\\\/#primaryimage\"},\"thumbnailUrl\":\"https:\\\/\\\/www.babcock-wanson.com\\\/wp-content\\\/uploads\\\/2018\\\/08\\\/BWR-Fire-Tube-Boilers-2.png\",\"datePublished\":\"2018-08-15T09:39:48+00:00\",\"dateModified\":\"2022-01-13T23:17:40+00:00\",\"description\":\"Las calderas de vapor pirotubulares BWR presentan un dise\u00f1o de tres pasos e incluyen una c\u00e1mara acuotubular de inversi\u00f3n de gases de combusti\u00f3n.\",\"breadcrumb\":{\"@id\":\"https:\\\/\\\/www.babcock-wanson.com\\\/es\\\/productos\\\/calderas-de-vapor-pirotubulares\\\/bwr\\\/#breadcrumb\"},\"inLanguage\":\"es\",\"potentialAction\":[{\"@type\":\"ReadAction\",\"target\":[\"https:\\\/\\\/www.babcock-wanson.com\\\/es\\\/productos\\\/calderas-de-vapor-pirotubulares\\\/bwr\\\/\"]}]},{\"@type\":\"ImageObject\",\"inLanguage\":\"es\",\"@id\":\"https:\\\/\\\/www.babcock-wanson.com\\\/es\\\/productos\\\/calderas-de-vapor-pirotubulares\\\/bwr\\\/#primaryimage\",\"url\":\"https:\\\/\\\/www.babcock-wanson.com\\\/wp-content\\\/uploads\\\/2018\\\/08\\\/BWR-Fire-Tube-Boilers-2.png\",\"contentUrl\":\"https:\\\/\\\/www.babcock-wanson.com\\\/wp-content\\\/uploads\\\/2018\\\/08\\\/BWR-Fire-Tube-Boilers-2.png\",\"width\":600,\"height\":400},{\"@type\":\"BreadcrumbList\",\"@id\":\"https:\\\/\\\/www.babcock-wanson.com\\\/es\\\/productos\\\/calderas-de-vapor-pirotubulares\\\/bwr\\\/#breadcrumb\",\"itemListElement\":[{\"@type\":\"ListItem\",\"position\":1,\"name\":\"Inicio\",\"item\":\"https:\\\/\\\/www.babcock-wanson.com\\\/es\\\/\"},{\"@type\":\"ListItem\",\"position\":2,\"name\":\"Productos\",\"item\":\"https:\\\/\\\/www.babcock-wanson.com\\\/es\\\/shop\\\/\"},{\"@type\":\"ListItem\",\"position\":3,\"name\":\"Calderas de vapor pirotubulares\",\"item\":\"https:\\\/\\\/www.babcock-wanson.com\\\/es\\\/categoria-producto\\\/calderas-de-vapor-pirotubulares\\\/\"},{\"@type\":\"ListItem\",\"position\":4,\"name\":\"BWR\"}]},{\"@type\":\"WebSite\",\"@id\":\"https:\\\/\\\/www.babcock-wanson.com\\\/es\\\/#website\",\"url\":\"https:\\\/\\\/www.babcock-wanson.com\\\/es\\\/\",\"name\":\"Babcock Wanson\",\"description\":\"\",\"publisher\":{\"@id\":\"https:\\\/\\\/www.babcock-wanson.com\\\/es\\\/#organization\"},\"potentialAction\":[{\"@type\":\"SearchAction\",\"target\":{\"@type\":\"EntryPoint\",\"urlTemplate\":\"https:\\\/\\\/www.babcock-wanson.com\\\/es\\\/?s={search_term_string}\"},\"query-input\":{\"@type\":\"PropertyValueSpecification\",\"valueRequired\":true,\"valueName\":\"search_term_string\"}}],\"inLanguage\":\"es\"},{\"@type\":\"Organization\",\"@id\":\"https:\\\/\\\/www.babcock-wanson.com\\\/es\\\/#organization\",\"name\":\"Babcock Wanson\",\"url\":\"https:\\\/\\\/www.babcock-wanson.com\\\/es\\\/\",\"logo\":{\"@type\":\"ImageObject\",\"inLanguage\":\"es\",\"@id\":\"https:\\\/\\\/www.babcock-wanson.com\\\/es\\\/#\\\/schema\\\/logo\\\/image\\\/\",\"url\":\"https:\\\/\\\/www.babcock-wanson.com\\\/wp-content\\\/uploads\\\/2024\\\/02\\\/Babcock-Wanson-1200x1200-1.png\",\"contentUrl\":\"https:\\\/\\\/www.babcock-wanson.com\\\/wp-content\\\/uploads\\\/2024\\\/02\\\/Babcock-Wanson-1200x1200-1.png\",\"width\":1200,\"height\":1200,\"caption\":\"Babcock Wanson\"},\"image\":{\"@id\":\"https:\\\/\\\/www.babcock-wanson.com\\\/es\\\/#\\\/schema\\\/logo\\\/image\\\/\"},\"sameAs\":[\"https:\\\/\\\/www.linkedin.com\\\/company\\\/babcock-wanson\\\/\",\"https:\\\/\\\/www.youtube.com\\\/channel\\\/UCtxl25VieBBsP2kYmtlyv7A\"]}]}<\/script>\n<!-- \/ Yoast SEO Premium plugin. -->","yoast_head_json":{"title":"Calderas de vapor pirotubulares BWR","description":"Las calderas de vapor pirotubulares BWR presentan un dise\u00f1o de tres pasos e incluyen una c\u00e1mara acuotubular de inversi\u00f3n de gases de combusti\u00f3n.","robots":{"index":"index","follow":"follow","max-snippet":"max-snippet:-1","max-image-preview":"max-image-preview:large","max-video-preview":"max-video-preview:-1"},"canonical":"https:\/\/www.babcock-wanson.com\/es\/productos\/calderas-de-vapor-pirotubulares\/bwr\/","og_locale":"es_ES","og_type":"article","og_title":"BWR","og_description":"Las calderas de vapor pirotubulares BWR presentan un dise\u00f1o de tres pasos e incluyen una c\u00e1mara acuotubular de inversi\u00f3n de gases de combusti\u00f3n.","og_url":"https:\/\/www.babcock-wanson.com\/es\/productos\/calderas-de-vapor-pirotubulares\/bwr\/","og_site_name":"Babcock Wanson","article_modified_time":"2022-01-13T23:17:40+00:00","og_image":[{"width":600,"height":400,"url":"https:\/\/www.babcock-wanson.com\/wp-content\/uploads\/2018\/08\/BWR-Fire-Tube-Boilers-2.png","type":"image\/png"}],"twitter_card":"summary_large_image","twitter_misc":{"Est. reading time":"2 minutos"},"schema":{"@context":"https:\/\/schema.org","@graph":[{"@type":"WebPage","@id":"https:\/\/www.babcock-wanson.com\/es\/productos\/calderas-de-vapor-pirotubulares\/bwr\/","url":"https:\/\/www.babcock-wanson.com\/es\/productos\/calderas-de-vapor-pirotubulares\/bwr\/","name":"Calderas de vapor pirotubulares BWR","isPartOf":{"@id":"https:\/\/www.babcock-wanson.com\/es\/#website"},"primaryImageOfPage":{"@id":"https:\/\/www.babcock-wanson.com\/es\/productos\/calderas-de-vapor-pirotubulares\/bwr\/#primaryimage"},"image":{"@id":"https:\/\/www.babcock-wanson.com\/es\/productos\/calderas-de-vapor-pirotubulares\/bwr\/#primaryimage"},"thumbnailUrl":"https:\/\/www.babcock-wanson.com\/wp-content\/uploads\/2018\/08\/BWR-Fire-Tube-Boilers-2.png","datePublished":"2018-08-15T09:39:48+00:00","dateModified":"2022-01-13T23:17:40+00:00","description":"Las calderas de vapor pirotubulares BWR presentan un dise\u00f1o de tres pasos e incluyen una c\u00e1mara acuotubular de inversi\u00f3n de gases de combusti\u00f3n.","breadcrumb":{"@id":"https:\/\/www.babcock-wanson.com\/es\/productos\/calderas-de-vapor-pirotubulares\/bwr\/#breadcrumb"},"inLanguage":"es","potentialAction":[{"@type":"ReadAction","target":["https:\/\/www.babcock-wanson.com\/es\/productos\/calderas-de-vapor-pirotubulares\/bwr\/"]}]},{"@type":"ImageObject","inLanguage":"es","@id":"https:\/\/www.babcock-wanson.com\/es\/productos\/calderas-de-vapor-pirotubulares\/bwr\/#primaryimage","url":"https:\/\/www.babcock-wanson.com\/wp-content\/uploads\/2018\/08\/BWR-Fire-Tube-Boilers-2.png","contentUrl":"https:\/\/www.babcock-wanson.com\/wp-content\/uploads\/2018\/08\/BWR-Fire-Tube-Boilers-2.png","width":600,"height":400},{"@type":"BreadcrumbList","@id":"https:\/\/www.babcock-wanson.com\/es\/productos\/calderas-de-vapor-pirotubulares\/bwr\/#breadcrumb","itemListElement":[{"@type":"ListItem","position":1,"name":"Inicio","item":"https:\/\/www.babcock-wanson.com\/es\/"},{"@type":"ListItem","position":2,"name":"Productos","item":"https:\/\/www.babcock-wanson.com\/es\/shop\/"},{"@type":"ListItem","position":3,"name":"Calderas de vapor pirotubulares","item":"https:\/\/www.babcock-wanson.com\/es\/categoria-producto\/calderas-de-vapor-pirotubulares\/"},{"@type":"ListItem","position":4,"name":"BWR"}]},{"@type":"WebSite","@id":"https:\/\/www.babcock-wanson.com\/es\/#website","url":"https:\/\/www.babcock-wanson.com\/es\/","name":"Babcock Wanson","description":"","publisher":{"@id":"https:\/\/www.babcock-wanson.com\/es\/#organization"},"potentialAction":[{"@type":"SearchAction","target":{"@type":"EntryPoint","urlTemplate":"https:\/\/www.babcock-wanson.com\/es\/?s={search_term_string}"},"query-input":{"@type":"PropertyValueSpecification","valueRequired":true,"valueName":"search_term_string"}}],"inLanguage":"es"},{"@type":"Organization","@id":"https:\/\/www.babcock-wanson.com\/es\/#organization","name":"Babcock Wanson","url":"https:\/\/www.babcock-wanson.com\/es\/","logo":{"@type":"ImageObject","inLanguage":"es","@id":"https:\/\/www.babcock-wanson.com\/es\/#\/schema\/logo\/image\/","url":"https:\/\/www.babcock-wanson.com\/wp-content\/uploads\/2024\/02\/Babcock-Wanson-1200x1200-1.png","contentUrl":"https:\/\/www.babcock-wanson.com\/wp-content\/uploads\/2024\/02\/Babcock-Wanson-1200x1200-1.png","width":1200,"height":1200,"caption":"Babcock Wanson"},"image":{"@id":"https:\/\/www.babcock-wanson.com\/es\/#\/schema\/logo\/image\/"},"sameAs":["https:\/\/www.linkedin.com\/company\/babcock-wanson\/","https:\/\/www.youtube.com\/channel\/UCtxl25VieBBsP2kYmtlyv7A"]}]}},"jetpack_sharing_enabled":true,"_links":{"self":[{"href":"https:\/\/www.babcock-wanson.com\/es\/wp-json\/wp\/v2\/product\/33625","targetHints":{"allow":["GET"]}}],"collection":[{"href":"https:\/\/www.babcock-wanson.com\/es\/wp-json\/wp\/v2\/product"}],"about":[{"href":"https:\/\/www.babcock-wanson.com\/es\/wp-json\/wp\/v2\/types\/product"}],"replies":[{"embeddable":true,"href":"https:\/\/www.babcock-wanson.com\/es\/wp-json\/wp\/v2\/comments?post=33625"}],"wp:featuredmedia":[{"embeddable":true,"href":"https:\/\/www.babcock-wanson.com\/es\/wp-json\/wp\/v2\/media\/33629"}],"wp:attachment":[{"href":"https:\/\/www.babcock-wanson.com\/es\/wp-json\/wp\/v2\/media?parent=33625"}],"wp:term":[{"taxonomy":"product_brand","embeddable":true,"href":"https:\/\/www.babcock-wanson.com\/es\/wp-json\/wp\/v2\/product_brand?post=33625"},{"taxonomy":"product_cat","embeddable":true,"href":"https:\/\/www.babcock-wanson.com\/es\/wp-json\/wp\/v2\/product_cat?post=33625"},{"taxonomy":"product_tag","embeddable":true,"href":"https:\/\/www.babcock-wanson.com\/es\/wp-json\/wp\/v2\/product_tag?post=33625"}],"curies":[{"name":"wp","href":"https:\/\/api.w.org\/{rel}","templated":true}]}}