{"id":33630,"date":"2018-08-15T10:36:04","date_gmt":"2018-08-15T09:36:04","guid":{"rendered":"https:\/\/www.babcock-wanson.com\/products\/sin%20categor\u00eda\/bwd-series\/"},"modified":"2022-01-13T23:15:59","modified_gmt":"2022-01-13T23:15:59","slug":"bwd","status":"publish","type":"product","link":"https:\/\/www.babcock-wanson.com\/es\/productos\/calderas-de-vapor-pirotubulares\/bwd\/","title":{"rendered":"BWD"},"content":{"rendered":"<div class=\"vgblk-rw-wrapper limit-wrapper\">\r\n<h3>Consumo reducido de combustible<\/h3>\r\n<ul>\r\n<li>La compatibilidad perfecta entre el cuerpo de la caldera y el quemador garantiza un funcionamiento fiable y eficiente. El dise\u00f1o de esta gama de calderas permite la implantaci\u00f3n de economizadores para el aprovechamiento de los humos procedentes de la combusti\u00f3n alcanzando o superarando el 95\u00a0% de rendimiento garantizado.<\/li>\r\n<li>Otra caracter\u00edstica importante es una elevada eficiencia t\u00e9rmica en la combusti\u00f3n<span style=\"text-decoration: line-through\">. <\/span>El control digital por micromodulaci\u00f3n junto con una geometr\u00eda del cabezal del quemador espec\u00edficamente dise\u00f1ada para adaptarse a la caldera BWD garantiza un control preciso del exceso de aire y unos costes operativos lo m\u00e1s bajos posibles.<\/li>\r\n<li>El consumo el\u00e9ctrico puede reducirse entre un 30-50\u00a0% mediante el uso de un variador de velocidad en el ventilador de aire de combusti\u00f3n y la bomba de agua de alimentaci\u00f3n, cuando corresponda.<\/li>\r\n<\/ul>\r\n<h3>Costes operativos reducidos<\/h3>\r\n<ul>\r\n<li>Construcci\u00f3n robusta para una prolongada vida \u00fatil.<\/li>\r\n<li>El acceso directo a la c\u00e1mara de inversi\u00f3n y la facilidad de supervisi\u00f3n del tubo hogar simplifican la inspecci\u00f3n obligatoria.<\/li>\r\n<li>Las paredes externas de la c\u00e1mara de inversi\u00f3n de gases de combusti\u00f3n se refrigeran con agua y ofrecen una elevada eficiencia sin necesidad de emplear tirantes de hogar, que suelen ser uno de los puntos d\u00e9biles de las calderas tradicionales<span style=\"text-decoration: line-through\">. <\/span><\/li>\r\n<li>En la gama BWD ofrecemos la posibilidad de implementar el equipamiento garantizando siempre unos est\u00e1ndares de seguridad elevados. Para la supervisi\u00f3n mediante vigilancias directas o bihorarias, vigilancias indirectas 24 o 72h o incluso llegando a homologarse vigilancias de hasta 720h en algunos de nuestros clientes.<\/li>\r\n<\/ul>\r\n<h3>\u00bfPor qu\u00e9 elegir una caldera de vapor pirotubular BWD?<\/h3>\r\n<ul>\r\n<li>Eficiencia: quemador con bajos niveles de NOx<\/li>\r\n<li>Amplio campo de regulaci\u00f3n del quemador<\/li>\r\n<li>Acceso sencillo que facilita el mantenimiento<\/li>\r\n<li>Dise\u00f1o robusto para una prolongada vida \u00fatil<\/li>\r\n<li><a href=\"https:\/\/www.babcock-wanson.com\/es\/productos\/sistemas-de-recuperacion-de-calor\/economizadores\/\" target=\"_blank\" rel=\"noopener\">Economizadores<\/a> de condensaci\u00f3n y gases de combusti\u00f3n<\/li>\r\n<li>Precalentadores de aire de combusti\u00f3n<\/li>\r\n<li>Opciones de doble combustible o mezcla de combustible<\/li>\r\n<li>Opciones de correcci\u00f3n de O2 y CO<\/li>\r\n<li>Funcionamiento sencillo y desatendido<\/li>\r\n<li>Soluciones completas para sistemas de vapor<\/li>\r\n<\/ul>\r\n<h2>Calderas de vapor pirotubulares BWD<\/h2>\r\n<table>\r\n<tbody>\r\n<tr>\r\n<th>BWD<\/th>\r\n<th>modelo<\/th>\r\n<th>15<\/th>\r\n<th>20<\/th>\r\n<th>25<\/th>\r\n<th>30<\/th>\r\n<th>35<\/th>\r\n<th>40<\/th>\r\n<th>50<\/th>\r\n<th>60<\/th>\r\n<th>70<\/th>\r\n<th>80<\/th>\r\n<\/tr>\r\n<tr>\r\n<th>Salida de vapor (1)<\/th>\r\n<th>Kg\/h<\/th>\r\n<td>1500<\/td>\r\n<td>2000<\/td>\r\n<td>2500<\/td>\r\n<td>3000<\/td>\r\n<td>3500<\/td>\r\n<td>4000<\/td>\r\n<td>5000<\/td>\r\n<td>6000<\/td>\r\n<td>7000<\/td>\r\n<td>8000<\/td>\r\n<\/tr>\r\n<tr>\r\n<th>Potencia de salida (1)<\/th>\r\n<th>kW<\/th>\r\n<td>2025<\/td>\r\n<td>1366<\/td>\r\n<td>1707<\/td>\r\n<td>2049<\/td>\r\n<td>2390<\/td>\r\n<td>2732<\/td>\r\n<td>3415<\/td>\r\n<td>4097<\/td>\r\n<td>4780<\/td>\r\n<td>5445<\/td>\r\n<\/tr>\r\n<tr>\r\n<th>Anchura A (2)<\/th>\r\n<th>mm<\/th>\r\n<td>2145<\/td>\r\n<td>2145<\/td>\r\n<td>2230<\/td>\r\n<td>2230<\/td>\r\n<td>2360<\/td>\r\n<td>2360<\/td>\r\n<td>2660<\/td>\r\n<td>2660<\/td>\r\n<td>2890<\/td>\r\n<td>2890<\/td>\r\n<\/tr>\r\n<tr>\r\n<th>Longitud B (2)<\/th>\r\n<th>mm<\/th>\r\n<td>4630<\/td>\r\n<td>4630<\/td>\r\n<td>5950<\/td>\r\n<td>5950<\/td>\r\n<td>6980<\/td>\r\n<td>6980<\/td>\r\n<td>8030<\/td>\r\n<td>8030<\/td>\r\n<td>8640<\/td>\r\n<td>8640<\/td>\r\n<\/tr>\r\n<tr>\r\n<th>Altura C (2)<\/th>\r\n<th>mm<\/th>\r\n<td>2450<\/td>\r\n<td>2450<\/td>\r\n<td>2630<\/td>\r\n<td>2630<\/td>\r\n<td>2730<\/td>\r\n<td>2730<\/td>\r\n<td>3090<\/td>\r\n<td>3090<\/td>\r\n<td>3515<\/td>\r\n<td>3515<\/td>\r\n<\/tr>\r\n<tr>\r\n<th>Peso en orden de marcha<\/th>\r\n<th>Kg<\/th>\r\n<td>10200<\/td>\r\n<td>10200<\/td>\r\n<td>12500<\/td>\r\n<td>12500<\/td>\r\n<td>16300<\/td>\r\n<td>16300<\/td>\r\n<td>24800<\/td>\r\n<td>24800<\/td>\r\n<td>33700<\/td>\r\n<td>33700<\/td>\r\n<\/tr>\r\n<\/tbody>\r\n<\/table>\r\n<p>(1) A 15 barg y con agua de alimentaci\u00f3n a 80\u00ba<\/p>\r\n<p>(2) Las dimensiones totales incluyen el quemador montado y los accesorios de la caldera<\/p>\r\n<\/div><!-- .vgblk-rw-wrapper -->","protected":false},"excerpt":{"rendered":"<p><strong>Producci\u00f3n de vapor desde 1500 hasta 8000 kg\/h<\/strong> <br \/>Las <a href=\"https:\/\/www.babcock-wanson.com\/es\/categoria-producto\/calderas-de-vapor-pirotubulares\/\" target=\"_blank\" rel=\"noopener\">calderas de vapor<\/a> pirotubulares de la serie BWD presentan un dise\u00f1o de tres pasos y emplean un tubo de hogar instalado de manera coaxial para ofrecer una distribuci\u00f3n \u00f3ptima del esfuerzo mec\u00e1nico durante el funcionamiento. Adem\u00e1s es esta una caracter\u00edstica importante para las calderas que funcionan con cargas de vapor bajas y variables, garantizando as\u00ed una prolongada vida \u00fatil de nuestros equipos. El vapor seco de alta calidad se obtiene gracias a una amplia c\u00e1mara de vapor y un separador integral.<\/p>\n","protected":false},"featured_media":32674,"comment_status":"closed","ping_status":"closed","template":"","meta":{"_acf_changed":false,"_relevanssi_hide_post":"","_relevanssi_hide_content":"","_relevanssi_pin_for_all":"","_relevanssi_pin_keywords":"","_relevanssi_unpin_keywords":"","_relevanssi_related_keywords":"","_relevanssi_related_include_ids":"","_relevanssi_related_exclude_ids":"","_relevanssi_related_no_append":"","_relevanssi_related_not_related":"","_relevanssi_related_posts":"","_relevanssi_noindex_reason":""},"product_brand":[],"product_cat":[5817,5822],"product_tag":[],"class_list":{"0":"post-33630","1":"product","2":"type-product","3":"status-publish","4":"has-post-thumbnail","6":"product_cat-calderas-de-vapor-industriales","7":"product_cat-calderas-de-vapor-pirotubulares","9":"first","10":"instock","11":"shipping-taxable","12":"product-type-simple"},"acf":[],"yoast_head":"<!-- This site is optimized with the Yoast SEO Premium plugin v27.4 (Yoast SEO v27.4) - https:\/\/yoast.com\/product\/yoast-seo-premium-wordpress\/ -->\n<title>Calderas de vapor pirotubulares BWD<\/title>\n<meta name=\"description\" content=\"Las calderas de vapor pirotubulares BWD presentan un dise\u00f1o de tres pasos.\" \/>\n<meta name=\"robots\" content=\"index, follow, max-snippet:-1, max-image-preview:large, max-video-preview:-1\" \/>\n<link rel=\"canonical\" href=\"https:\/\/www.babcock-wanson.com\/es\/productos\/calderas-de-vapor-pirotubulares\/bwd\/\" \/>\n<meta property=\"og:locale\" content=\"es_ES\" \/>\n<meta property=\"og:type\" content=\"article\" \/>\n<meta property=\"og:title\" content=\"BWD\" \/>\n<meta property=\"og:description\" content=\"Las calderas de vapor pirotubulares BWD presentan un dise\u00f1o de tres pasos.\" \/>\n<meta property=\"og:url\" content=\"https:\/\/www.babcock-wanson.com\/es\/productos\/calderas-de-vapor-pirotubulares\/bwd\/\" \/>\n<meta property=\"og:site_name\" content=\"Babcock Wanson\" \/>\n<meta property=\"article:modified_time\" content=\"2022-01-13T23:15:59+00:00\" \/>\n<meta property=\"og:image\" content=\"https:\/\/www.babcock-wanson.com\/wp-content\/uploads\/2018\/08\/BWD-Fire-Tube-Boilers-4.png\" \/>\n\t<meta property=\"og:image:width\" content=\"600\" \/>\n\t<meta property=\"og:image:height\" content=\"400\" \/>\n\t<meta property=\"og:image:type\" content=\"image\/png\" \/>\n<meta name=\"twitter:card\" content=\"summary_large_image\" \/>\n<meta name=\"twitter:label1\" content=\"Est. reading time\" \/>\n\t<meta name=\"twitter:data1\" content=\"2 minutos\" \/>\n<script type=\"application\/ld+json\" class=\"yoast-schema-graph\">{\"@context\":\"https:\\\/\\\/schema.org\",\"@graph\":[{\"@type\":\"WebPage\",\"@id\":\"https:\\\/\\\/www.babcock-wanson.com\\\/es\\\/productos\\\/calderas-de-vapor-pirotubulares\\\/bwd\\\/\",\"url\":\"https:\\\/\\\/www.babcock-wanson.com\\\/es\\\/productos\\\/calderas-de-vapor-pirotubulares\\\/bwd\\\/\",\"name\":\"Calderas de vapor pirotubulares BWD\",\"isPartOf\":{\"@id\":\"https:\\\/\\\/www.babcock-wanson.com\\\/es\\\/#website\"},\"primaryImageOfPage\":{\"@id\":\"https:\\\/\\\/www.babcock-wanson.com\\\/es\\\/productos\\\/calderas-de-vapor-pirotubulares\\\/bwd\\\/#primaryimage\"},\"image\":{\"@id\":\"https:\\\/\\\/www.babcock-wanson.com\\\/es\\\/productos\\\/calderas-de-vapor-pirotubulares\\\/bwd\\\/#primaryimage\"},\"thumbnailUrl\":\"https:\\\/\\\/www.babcock-wanson.com\\\/wp-content\\\/uploads\\\/2018\\\/08\\\/BWD-Fire-Tube-Boilers-4.png\",\"datePublished\":\"2018-08-15T09:36:04+00:00\",\"dateModified\":\"2022-01-13T23:15:59+00:00\",\"description\":\"Las calderas de vapor pirotubulares BWD presentan un dise\u00f1o de tres pasos.\",\"breadcrumb\":{\"@id\":\"https:\\\/\\\/www.babcock-wanson.com\\\/es\\\/productos\\\/calderas-de-vapor-pirotubulares\\\/bwd\\\/#breadcrumb\"},\"inLanguage\":\"es\",\"potentialAction\":[{\"@type\":\"ReadAction\",\"target\":[\"https:\\\/\\\/www.babcock-wanson.com\\\/es\\\/productos\\\/calderas-de-vapor-pirotubulares\\\/bwd\\\/\"]}]},{\"@type\":\"ImageObject\",\"inLanguage\":\"es\",\"@id\":\"https:\\\/\\\/www.babcock-wanson.com\\\/es\\\/productos\\\/calderas-de-vapor-pirotubulares\\\/bwd\\\/#primaryimage\",\"url\":\"https:\\\/\\\/www.babcock-wanson.com\\\/wp-content\\\/uploads\\\/2018\\\/08\\\/BWD-Fire-Tube-Boilers-4.png\",\"contentUrl\":\"https:\\\/\\\/www.babcock-wanson.com\\\/wp-content\\\/uploads\\\/2018\\\/08\\\/BWD-Fire-Tube-Boilers-4.png\",\"width\":600,\"height\":400,\"caption\":\"BWD Calderas pirotubulares de vapor\"},{\"@type\":\"BreadcrumbList\",\"@id\":\"https:\\\/\\\/www.babcock-wanson.com\\\/es\\\/productos\\\/calderas-de-vapor-pirotubulares\\\/bwd\\\/#breadcrumb\",\"itemListElement\":[{\"@type\":\"ListItem\",\"position\":1,\"name\":\"Inicio\",\"item\":\"https:\\\/\\\/www.babcock-wanson.com\\\/es\\\/\"},{\"@type\":\"ListItem\",\"position\":2,\"name\":\"Productos\",\"item\":\"https:\\\/\\\/www.babcock-wanson.com\\\/es\\\/shop\\\/\"},{\"@type\":\"ListItem\",\"position\":3,\"name\":\"Calderas de vapor pirotubulares\",\"item\":\"https:\\\/\\\/www.babcock-wanson.com\\\/es\\\/categoria-producto\\\/calderas-de-vapor-pirotubulares\\\/\"},{\"@type\":\"ListItem\",\"position\":4,\"name\":\"BWD\"}]},{\"@type\":\"WebSite\",\"@id\":\"https:\\\/\\\/www.babcock-wanson.com\\\/es\\\/#website\",\"url\":\"https:\\\/\\\/www.babcock-wanson.com\\\/es\\\/\",\"name\":\"Babcock Wanson\",\"description\":\"\",\"publisher\":{\"@id\":\"https:\\\/\\\/www.babcock-wanson.com\\\/es\\\/#organization\"},\"potentialAction\":[{\"@type\":\"SearchAction\",\"target\":{\"@type\":\"EntryPoint\",\"urlTemplate\":\"https:\\\/\\\/www.babcock-wanson.com\\\/es\\\/?s={search_term_string}\"},\"query-input\":{\"@type\":\"PropertyValueSpecification\",\"valueRequired\":true,\"valueName\":\"search_term_string\"}}],\"inLanguage\":\"es\"},{\"@type\":\"Organization\",\"@id\":\"https:\\\/\\\/www.babcock-wanson.com\\\/es\\\/#organization\",\"name\":\"Babcock Wanson\",\"url\":\"https:\\\/\\\/www.babcock-wanson.com\\\/es\\\/\",\"logo\":{\"@type\":\"ImageObject\",\"inLanguage\":\"es\",\"@id\":\"https:\\\/\\\/www.babcock-wanson.com\\\/es\\\/#\\\/schema\\\/logo\\\/image\\\/\",\"url\":\"https:\\\/\\\/www.babcock-wanson.com\\\/wp-content\\\/uploads\\\/2024\\\/02\\\/Babcock-Wanson-1200x1200-1.png\",\"contentUrl\":\"https:\\\/\\\/www.babcock-wanson.com\\\/wp-content\\\/uploads\\\/2024\\\/02\\\/Babcock-Wanson-1200x1200-1.png\",\"width\":1200,\"height\":1200,\"caption\":\"Babcock Wanson\"},\"image\":{\"@id\":\"https:\\\/\\\/www.babcock-wanson.com\\\/es\\\/#\\\/schema\\\/logo\\\/image\\\/\"},\"sameAs\":[\"https:\\\/\\\/www.linkedin.com\\\/company\\\/babcock-wanson\\\/\",\"https:\\\/\\\/www.youtube.com\\\/channel\\\/UCtxl25VieBBsP2kYmtlyv7A\"]}]}<\/script>\n<!-- \/ Yoast SEO Premium plugin. -->","yoast_head_json":{"title":"Calderas de vapor pirotubulares BWD","description":"Las calderas de vapor pirotubulares BWD presentan un dise\u00f1o de tres pasos.","robots":{"index":"index","follow":"follow","max-snippet":"max-snippet:-1","max-image-preview":"max-image-preview:large","max-video-preview":"max-video-preview:-1"},"canonical":"https:\/\/www.babcock-wanson.com\/es\/productos\/calderas-de-vapor-pirotubulares\/bwd\/","og_locale":"es_ES","og_type":"article","og_title":"BWD","og_description":"Las calderas de vapor pirotubulares BWD presentan un dise\u00f1o de tres pasos.","og_url":"https:\/\/www.babcock-wanson.com\/es\/productos\/calderas-de-vapor-pirotubulares\/bwd\/","og_site_name":"Babcock Wanson","article_modified_time":"2022-01-13T23:15:59+00:00","og_image":[{"width":600,"height":400,"url":"https:\/\/www.babcock-wanson.com\/wp-content\/uploads\/2018\/08\/BWD-Fire-Tube-Boilers-4.png","type":"image\/png"}],"twitter_card":"summary_large_image","twitter_misc":{"Est. reading time":"2 minutos"},"schema":{"@context":"https:\/\/schema.org","@graph":[{"@type":"WebPage","@id":"https:\/\/www.babcock-wanson.com\/es\/productos\/calderas-de-vapor-pirotubulares\/bwd\/","url":"https:\/\/www.babcock-wanson.com\/es\/productos\/calderas-de-vapor-pirotubulares\/bwd\/","name":"Calderas de vapor pirotubulares BWD","isPartOf":{"@id":"https:\/\/www.babcock-wanson.com\/es\/#website"},"primaryImageOfPage":{"@id":"https:\/\/www.babcock-wanson.com\/es\/productos\/calderas-de-vapor-pirotubulares\/bwd\/#primaryimage"},"image":{"@id":"https:\/\/www.babcock-wanson.com\/es\/productos\/calderas-de-vapor-pirotubulares\/bwd\/#primaryimage"},"thumbnailUrl":"https:\/\/www.babcock-wanson.com\/wp-content\/uploads\/2018\/08\/BWD-Fire-Tube-Boilers-4.png","datePublished":"2018-08-15T09:36:04+00:00","dateModified":"2022-01-13T23:15:59+00:00","description":"Las calderas de vapor pirotubulares BWD presentan un dise\u00f1o de tres pasos.","breadcrumb":{"@id":"https:\/\/www.babcock-wanson.com\/es\/productos\/calderas-de-vapor-pirotubulares\/bwd\/#breadcrumb"},"inLanguage":"es","potentialAction":[{"@type":"ReadAction","target":["https:\/\/www.babcock-wanson.com\/es\/productos\/calderas-de-vapor-pirotubulares\/bwd\/"]}]},{"@type":"ImageObject","inLanguage":"es","@id":"https:\/\/www.babcock-wanson.com\/es\/productos\/calderas-de-vapor-pirotubulares\/bwd\/#primaryimage","url":"https:\/\/www.babcock-wanson.com\/wp-content\/uploads\/2018\/08\/BWD-Fire-Tube-Boilers-4.png","contentUrl":"https:\/\/www.babcock-wanson.com\/wp-content\/uploads\/2018\/08\/BWD-Fire-Tube-Boilers-4.png","width":600,"height":400,"caption":"BWD Calderas pirotubulares de vapor"},{"@type":"BreadcrumbList","@id":"https:\/\/www.babcock-wanson.com\/es\/productos\/calderas-de-vapor-pirotubulares\/bwd\/#breadcrumb","itemListElement":[{"@type":"ListItem","position":1,"name":"Inicio","item":"https:\/\/www.babcock-wanson.com\/es\/"},{"@type":"ListItem","position":2,"name":"Productos","item":"https:\/\/www.babcock-wanson.com\/es\/shop\/"},{"@type":"ListItem","position":3,"name":"Calderas de vapor pirotubulares","item":"https:\/\/www.babcock-wanson.com\/es\/categoria-producto\/calderas-de-vapor-pirotubulares\/"},{"@type":"ListItem","position":4,"name":"BWD"}]},{"@type":"WebSite","@id":"https:\/\/www.babcock-wanson.com\/es\/#website","url":"https:\/\/www.babcock-wanson.com\/es\/","name":"Babcock Wanson","description":"","publisher":{"@id":"https:\/\/www.babcock-wanson.com\/es\/#organization"},"potentialAction":[{"@type":"SearchAction","target":{"@type":"EntryPoint","urlTemplate":"https:\/\/www.babcock-wanson.com\/es\/?s={search_term_string}"},"query-input":{"@type":"PropertyValueSpecification","valueRequired":true,"valueName":"search_term_string"}}],"inLanguage":"es"},{"@type":"Organization","@id":"https:\/\/www.babcock-wanson.com\/es\/#organization","name":"Babcock Wanson","url":"https:\/\/www.babcock-wanson.com\/es\/","logo":{"@type":"ImageObject","inLanguage":"es","@id":"https:\/\/www.babcock-wanson.com\/es\/#\/schema\/logo\/image\/","url":"https:\/\/www.babcock-wanson.com\/wp-content\/uploads\/2024\/02\/Babcock-Wanson-1200x1200-1.png","contentUrl":"https:\/\/www.babcock-wanson.com\/wp-content\/uploads\/2024\/02\/Babcock-Wanson-1200x1200-1.png","width":1200,"height":1200,"caption":"Babcock Wanson"},"image":{"@id":"https:\/\/www.babcock-wanson.com\/es\/#\/schema\/logo\/image\/"},"sameAs":["https:\/\/www.linkedin.com\/company\/babcock-wanson\/","https:\/\/www.youtube.com\/channel\/UCtxl25VieBBsP2kYmtlyv7A"]}]}},"jetpack_sharing_enabled":true,"_links":{"self":[{"href":"https:\/\/www.babcock-wanson.com\/es\/wp-json\/wp\/v2\/product\/33630","targetHints":{"allow":["GET"]}}],"collection":[{"href":"https:\/\/www.babcock-wanson.com\/es\/wp-json\/wp\/v2\/product"}],"about":[{"href":"https:\/\/www.babcock-wanson.com\/es\/wp-json\/wp\/v2\/types\/product"}],"replies":[{"embeddable":true,"href":"https:\/\/www.babcock-wanson.com\/es\/wp-json\/wp\/v2\/comments?post=33630"}],"wp:featuredmedia":[{"embeddable":true,"href":"https:\/\/www.babcock-wanson.com\/es\/wp-json\/wp\/v2\/media\/32674"}],"wp:attachment":[{"href":"https:\/\/www.babcock-wanson.com\/es\/wp-json\/wp\/v2\/media?parent=33630"}],"wp:term":[{"taxonomy":"product_brand","embeddable":true,"href":"https:\/\/www.babcock-wanson.com\/es\/wp-json\/wp\/v2\/product_brand?post=33630"},{"taxonomy":"product_cat","embeddable":true,"href":"https:\/\/www.babcock-wanson.com\/es\/wp-json\/wp\/v2\/product_cat?post=33630"},{"taxonomy":"product_tag","embeddable":true,"href":"https:\/\/www.babcock-wanson.com\/es\/wp-json\/wp\/v2\/product_tag?post=33630"}],"curies":[{"name":"wp","href":"https:\/\/api.w.org\/{rel}","templated":true}]}}