{"id":33634,"date":"2018-08-15T10:32:59","date_gmt":"2018-08-15T09:32:59","guid":{"rendered":"https:\/\/www.babcock-wanson.com\/products\/sin%20categor\u00eda\/nbwb-series\/"},"modified":"2022-01-13T23:27:22","modified_gmt":"2022-01-13T23:27:22","slug":"nbwb","status":"publish","type":"product","link":"https:\/\/www.babcock-wanson.com\/es\/productos\/calderas-de-vapor-pirotubulares\/nbwb\/","title":{"rendered":"NBWB"},"content":{"rendered":"<div class=\"vgblk-rw-wrapper limit-wrapper\">\r\n<h3>Consumo reducido de combustible<\/h3>\r\n<ul>\r\n<li>Totalmente optimizadas y muy eficientes en su formato est\u00e1ndar gracias al uso de anillos helicoidales pirotubulares optimizando as\u00ed una perfecta combusti\u00f3n.<\/li>\r\n<li>Cuando la instalaci\u00f3n se equipa con un <a href=\"\/?product_cat=sistema-de-recuperacion-de-calor\" target=\"_blank\" rel=\"noopener\">sistema de recuperaci\u00f3n de calor<\/a> y un economizador de Babcock\u00a0Wanson compatible, la eficiencia puede alcanzar o superar el 95\u00a0%.<\/li>\r\n<li>El consumo de energ\u00eda el\u00e9ctrica puede reducirse entre un 30-50\u00a0% la implantaci\u00f3n de variadores de velocidad tanto en el ventilador de aire de combusti\u00f3n como la bomba de agua de alimentaci\u00f3n, cuando corresponda.<\/li>\r\n<\/ul>\r\n<h3>Costes operativos reducidos<\/h3>\r\n<ul>\r\n<li>Construcci\u00f3n robusta para una prolongada vida \u00fatil.<\/li>\r\n<li>Facilidad de acceso que simplifica la inspecci\u00f3n y el mantenimiento.<\/li>\r\n<li>Entre las opciones se encuentran controles plenamente homologados para un funcionamiento mediante vigilancia directa, supervisado en el emplazamiento, o sistemas de vigilancia indirectas 24h, 72h y en casos espec\u00edficos hasta 720h garantizando la rentabilidad operativa y la facilidad de uso.<\/li>\r\n<\/ul>\r\n<h3>\u00bfPor qu\u00e9 elegir una caldera de vapor pirotubular NBWB?<\/h3>\r\n<ul>\r\n<li>Gran eficiencia: quemador con bajos niveles de NOx<\/li>\r\n<li>Amplio campo de regulaci\u00f3n del quemador<\/li>\r\n<li>Acceso sencillo que facilita el mantenimiento<\/li>\r\n<li>Dise\u00f1o robusto para una prolongada vida \u00fatil<\/li>\r\n<li><a href=\"https:\/\/www.babcock-wanson.com\/es\/productos\/sistemas-de-recuperacion-de-calor\/economizadores\/\" target=\"_blank\" rel=\"noopener\">Economizadores de gases de combusti\u00f3n<\/a><\/li>\r\n<li>Opciones de funcionamiento con gas natural, GLP o fuel ligero<\/li>\r\n<li>Opciones de doble combustible<\/li>\r\n<li>Opciones de correcci\u00f3n de O2 y CO<\/li>\r\n<li>Funcionamiento sencillo y desatendido<\/li>\r\n<li>Soluci\u00f3n completa para sistemas de vapor<\/li>\r\n<\/ul>\r\n<h2>Calderas de vapor pirotubulares NBWB<\/h2>\r\n<table>\r\n<tbody>\r\n<tr>\r\n<th>NBWB<\/th>\r\n<th>modelo<\/th>\r\n<th>25<\/th>\r\n<th>43<\/th>\r\n<th>65<\/th>\r\n<th>100<\/th>\r\n<th>150<\/th>\r\n<th>200<\/th>\r\n<th>250<\/th>\r\n<\/tr>\r\n<tr>\r\n<th>Salida de vapor (1)<\/th>\r\n<th>Kg\/h<\/th>\r\n<td>250<\/td>\r\n<td>430<\/td>\r\n<td>650<\/td>\r\n<td>1000<\/td>\r\n<td>1500<\/td>\r\n<td>2000<\/td>\r\n<td>2500<\/td>\r\n<\/tr>\r\n<tr>\r\n<th>Potencia de salida (1)<\/th>\r\n<th>kW<\/th>\r\n<td>176<\/td>\r\n<td>303<\/td>\r\n<td>457<\/td>\r\n<td>703<\/td>\r\n<td>1055<\/td>\r\n<td>1407<\/td>\r\n<td>1758<\/td>\r\n<\/tr>\r\n<tr>\r\n<th>Anchura A (2)<\/th>\r\n<th>mm<\/th>\r\n<td>1390<\/td>\r\n<td>1470<\/td>\r\n<td>1520<\/td>\r\n<td>1680<\/td>\r\n<td>1750<\/td>\r\n<td>1790<\/td>\r\n<td>1950<\/td>\r\n<\/tr>\r\n<tr>\r\n<th>Longitud B (2)<\/th>\r\n<th>mm<\/th>\r\n<td>3090<\/td>\r\n<td>3280<\/td>\r\n<td>3380<\/td>\r\n<td>4240<\/td>\r\n<td>4300<\/td>\r\n<td>4710<\/td>\r\n<td>4980<\/td>\r\n<\/tr>\r\n<tr>\r\n<th>Altura C (2)<\/th>\r\n<th>mm<\/th>\r\n<td>1640<\/td>\r\n<td>1730<\/td>\r\n<td>1800<\/td>\r\n<td>1980<\/td>\r\n<td>2070<\/td>\r\n<td>220<\/td>\r\n<td>2270<\/td>\r\n<\/tr>\r\n<tr>\r\n<th>Peso en orden de marcha<\/th>\r\n<th>Kg<\/th>\r\n<td>2300<\/td>\r\n<td>2820<\/td>\r\n<td>3250<\/td>\r\n<td>5070<\/td>\r\n<td>5870<\/td>\r\n<td>6870<\/td>\r\n<td>7470<\/td>\r\n<\/tr>\r\n<\/tbody>\r\n<\/table>\r\n<p>(1) A 10 barg y con agua de alimentaci\u00f3n a 60\u00ba<\/p>\r\n<p>(2) Las dimensiones totales incluyen el quemador montado y los accesorios de la caldera<\/p>\r\n<\/div><!-- .vgblk-rw-wrapper -->","protected":false},"excerpt":{"rendered":"<p><strong>Producci\u00f3n de vapor desde 250 hasta 2500 kg\/h<\/strong> <br \/>Las <a href=\"https:\/\/www.babcock-wanson.com\/es\/categoria-producto\/calderas-de-vapor-pirotubulares\/\" target=\"_blank\" rel=\"noopener\">calderas de vapor pirotubulares<\/a> de la serie NBWB suministran a los usuarios hasta 2500 kg\/h de vapor seco de alta calidad, a la vez que garantizan unos niveles bajos de consumo de combustible y costes de explotaci\u00f3n.<\/p>\n","protected":false},"featured_media":32611,"comment_status":"closed","ping_status":"closed","template":"","meta":{"_acf_changed":false,"_relevanssi_hide_post":"","_relevanssi_hide_content":"","_relevanssi_pin_for_all":"","_relevanssi_pin_keywords":"","_relevanssi_unpin_keywords":"","_relevanssi_related_keywords":"","_relevanssi_related_include_ids":"","_relevanssi_related_exclude_ids":"","_relevanssi_related_no_append":"","_relevanssi_related_not_related":"","_relevanssi_related_posts":"","_relevanssi_noindex_reason":""},"product_brand":[],"product_cat":[5817,5822],"product_tag":[],"class_list":{"0":"post-33634","1":"product","2":"type-product","3":"status-publish","4":"has-post-thumbnail","6":"product_cat-calderas-de-vapor-industriales","7":"product_cat-calderas-de-vapor-pirotubulares","9":"first","10":"instock","11":"shipping-taxable","12":"product-type-simple"},"acf":[],"yoast_head":"<!-- This site is optimized with the Yoast SEO Premium plugin v27.4 (Yoast SEO v27.4) - https:\/\/yoast.com\/product\/yoast-seo-premium-wordpress\/ -->\n<title>NBWB Calderas de vapor pirotubulares<\/title>\n<meta name=\"description\" content=\"Las calderas de vapor pirotubulares NBWB suministran a los usuarios hasta 2500 kg\/h de vapor seco de alta calidad, a la vez que garantizan unos niveles bajos de consumo de combustible y costes de explotaci\u00f3n.\" \/>\n<meta name=\"robots\" content=\"index, follow, max-snippet:-1, max-image-preview:large, max-video-preview:-1\" \/>\n<link rel=\"canonical\" href=\"https:\/\/www.babcock-wanson.com\/es\/productos\/calderas-de-vapor-pirotubulares\/nbwb\/\" \/>\n<meta property=\"og:locale\" content=\"es_ES\" \/>\n<meta property=\"og:type\" content=\"article\" \/>\n<meta property=\"og:title\" content=\"NBWB\" \/>\n<meta property=\"og:description\" content=\"Las calderas de vapor pirotubulares NBWB suministran a los usuarios hasta 2500 kg\/h de vapor seco de alta calidad, a la vez que garantizan unos niveles bajos de consumo de combustible y costes de explotaci\u00f3n.\" \/>\n<meta property=\"og:url\" content=\"https:\/\/www.babcock-wanson.com\/es\/productos\/calderas-de-vapor-pirotubulares\/nbwb\/\" \/>\n<meta property=\"og:site_name\" content=\"Babcock Wanson\" \/>\n<meta property=\"article:modified_time\" content=\"2022-01-13T23:27:22+00:00\" \/>\n<meta property=\"og:image\" content=\"https:\/\/www.babcock-wanson.com\/wp-content\/uploads\/2018\/08\/NBWB-Fire-Tube-Boiler-3.png\" \/>\n\t<meta property=\"og:image:width\" content=\"600\" \/>\n\t<meta property=\"og:image:height\" content=\"400\" \/>\n\t<meta property=\"og:image:type\" content=\"image\/png\" \/>\n<meta name=\"twitter:card\" content=\"summary_large_image\" \/>\n<meta name=\"twitter:label1\" content=\"Est. reading time\" \/>\n\t<meta name=\"twitter:data1\" content=\"2 minutos\" \/>\n<script type=\"application\/ld+json\" class=\"yoast-schema-graph\">{\"@context\":\"https:\\\/\\\/schema.org\",\"@graph\":[{\"@type\":\"WebPage\",\"@id\":\"https:\\\/\\\/www.babcock-wanson.com\\\/es\\\/productos\\\/calderas-de-vapor-pirotubulares\\\/nbwb\\\/\",\"url\":\"https:\\\/\\\/www.babcock-wanson.com\\\/es\\\/productos\\\/calderas-de-vapor-pirotubulares\\\/nbwb\\\/\",\"name\":\"NBWB Calderas de vapor pirotubulares\",\"isPartOf\":{\"@id\":\"https:\\\/\\\/www.babcock-wanson.com\\\/es\\\/#website\"},\"primaryImageOfPage\":{\"@id\":\"https:\\\/\\\/www.babcock-wanson.com\\\/es\\\/productos\\\/calderas-de-vapor-pirotubulares\\\/nbwb\\\/#primaryimage\"},\"image\":{\"@id\":\"https:\\\/\\\/www.babcock-wanson.com\\\/es\\\/productos\\\/calderas-de-vapor-pirotubulares\\\/nbwb\\\/#primaryimage\"},\"thumbnailUrl\":\"https:\\\/\\\/www.babcock-wanson.com\\\/wp-content\\\/uploads\\\/2018\\\/08\\\/NBWB-Fire-Tube-Boiler-3.png\",\"datePublished\":\"2018-08-15T09:32:59+00:00\",\"dateModified\":\"2022-01-13T23:27:22+00:00\",\"description\":\"Las calderas de vapor pirotubulares NBWB suministran a los usuarios hasta 2500 kg\\\/h de vapor seco de alta calidad, a la vez que garantizan unos niveles bajos de consumo de combustible y costes de explotaci\u00f3n.\",\"breadcrumb\":{\"@id\":\"https:\\\/\\\/www.babcock-wanson.com\\\/es\\\/productos\\\/calderas-de-vapor-pirotubulares\\\/nbwb\\\/#breadcrumb\"},\"inLanguage\":\"es\",\"potentialAction\":[{\"@type\":\"ReadAction\",\"target\":[\"https:\\\/\\\/www.babcock-wanson.com\\\/es\\\/productos\\\/calderas-de-vapor-pirotubulares\\\/nbwb\\\/\"]}]},{\"@type\":\"ImageObject\",\"inLanguage\":\"es\",\"@id\":\"https:\\\/\\\/www.babcock-wanson.com\\\/es\\\/productos\\\/calderas-de-vapor-pirotubulares\\\/nbwb\\\/#primaryimage\",\"url\":\"https:\\\/\\\/www.babcock-wanson.com\\\/wp-content\\\/uploads\\\/2018\\\/08\\\/NBWB-Fire-Tube-Boiler-3.png\",\"contentUrl\":\"https:\\\/\\\/www.babcock-wanson.com\\\/wp-content\\\/uploads\\\/2018\\\/08\\\/NBWB-Fire-Tube-Boiler-3.png\",\"width\":600,\"height\":400,\"caption\":\"NBWB Calderas pirotubulares de vapor\"},{\"@type\":\"BreadcrumbList\",\"@id\":\"https:\\\/\\\/www.babcock-wanson.com\\\/es\\\/productos\\\/calderas-de-vapor-pirotubulares\\\/nbwb\\\/#breadcrumb\",\"itemListElement\":[{\"@type\":\"ListItem\",\"position\":1,\"name\":\"Inicio\",\"item\":\"https:\\\/\\\/www.babcock-wanson.com\\\/es\\\/\"},{\"@type\":\"ListItem\",\"position\":2,\"name\":\"Productos\",\"item\":\"https:\\\/\\\/www.babcock-wanson.com\\\/es\\\/shop\\\/\"},{\"@type\":\"ListItem\",\"position\":3,\"name\":\"Calderas de vapor pirotubulares\",\"item\":\"https:\\\/\\\/www.babcock-wanson.com\\\/es\\\/categoria-producto\\\/calderas-de-vapor-pirotubulares\\\/\"},{\"@type\":\"ListItem\",\"position\":4,\"name\":\"NBWB\"}]},{\"@type\":\"WebSite\",\"@id\":\"https:\\\/\\\/www.babcock-wanson.com\\\/es\\\/#website\",\"url\":\"https:\\\/\\\/www.babcock-wanson.com\\\/es\\\/\",\"name\":\"Babcock Wanson\",\"description\":\"\",\"publisher\":{\"@id\":\"https:\\\/\\\/www.babcock-wanson.com\\\/es\\\/#organization\"},\"potentialAction\":[{\"@type\":\"SearchAction\",\"target\":{\"@type\":\"EntryPoint\",\"urlTemplate\":\"https:\\\/\\\/www.babcock-wanson.com\\\/es\\\/?s={search_term_string}\"},\"query-input\":{\"@type\":\"PropertyValueSpecification\",\"valueRequired\":true,\"valueName\":\"search_term_string\"}}],\"inLanguage\":\"es\"},{\"@type\":\"Organization\",\"@id\":\"https:\\\/\\\/www.babcock-wanson.com\\\/es\\\/#organization\",\"name\":\"Babcock Wanson\",\"url\":\"https:\\\/\\\/www.babcock-wanson.com\\\/es\\\/\",\"logo\":{\"@type\":\"ImageObject\",\"inLanguage\":\"es\",\"@id\":\"https:\\\/\\\/www.babcock-wanson.com\\\/es\\\/#\\\/schema\\\/logo\\\/image\\\/\",\"url\":\"https:\\\/\\\/www.babcock-wanson.com\\\/wp-content\\\/uploads\\\/2024\\\/02\\\/Babcock-Wanson-1200x1200-1.png\",\"contentUrl\":\"https:\\\/\\\/www.babcock-wanson.com\\\/wp-content\\\/uploads\\\/2024\\\/02\\\/Babcock-Wanson-1200x1200-1.png\",\"width\":1200,\"height\":1200,\"caption\":\"Babcock Wanson\"},\"image\":{\"@id\":\"https:\\\/\\\/www.babcock-wanson.com\\\/es\\\/#\\\/schema\\\/logo\\\/image\\\/\"},\"sameAs\":[\"https:\\\/\\\/www.linkedin.com\\\/company\\\/babcock-wanson\\\/\",\"https:\\\/\\\/www.youtube.com\\\/channel\\\/UCtxl25VieBBsP2kYmtlyv7A\"]}]}<\/script>\n<!-- \/ Yoast SEO Premium plugin. -->","yoast_head_json":{"title":"NBWB Calderas de vapor pirotubulares","description":"Las calderas de vapor pirotubulares NBWB suministran a los usuarios hasta 2500 kg\/h de vapor seco de alta calidad, a la vez que garantizan unos niveles bajos de consumo de combustible y costes de explotaci\u00f3n.","robots":{"index":"index","follow":"follow","max-snippet":"max-snippet:-1","max-image-preview":"max-image-preview:large","max-video-preview":"max-video-preview:-1"},"canonical":"https:\/\/www.babcock-wanson.com\/es\/productos\/calderas-de-vapor-pirotubulares\/nbwb\/","og_locale":"es_ES","og_type":"article","og_title":"NBWB","og_description":"Las calderas de vapor pirotubulares NBWB suministran a los usuarios hasta 2500 kg\/h de vapor seco de alta calidad, a la vez que garantizan unos niveles bajos de consumo de combustible y costes de explotaci\u00f3n.","og_url":"https:\/\/www.babcock-wanson.com\/es\/productos\/calderas-de-vapor-pirotubulares\/nbwb\/","og_site_name":"Babcock Wanson","article_modified_time":"2022-01-13T23:27:22+00:00","og_image":[{"width":600,"height":400,"url":"https:\/\/www.babcock-wanson.com\/wp-content\/uploads\/2018\/08\/NBWB-Fire-Tube-Boiler-3.png","type":"image\/png"}],"twitter_card":"summary_large_image","twitter_misc":{"Est. reading time":"2 minutos"},"schema":{"@context":"https:\/\/schema.org","@graph":[{"@type":"WebPage","@id":"https:\/\/www.babcock-wanson.com\/es\/productos\/calderas-de-vapor-pirotubulares\/nbwb\/","url":"https:\/\/www.babcock-wanson.com\/es\/productos\/calderas-de-vapor-pirotubulares\/nbwb\/","name":"NBWB Calderas de vapor pirotubulares","isPartOf":{"@id":"https:\/\/www.babcock-wanson.com\/es\/#website"},"primaryImageOfPage":{"@id":"https:\/\/www.babcock-wanson.com\/es\/productos\/calderas-de-vapor-pirotubulares\/nbwb\/#primaryimage"},"image":{"@id":"https:\/\/www.babcock-wanson.com\/es\/productos\/calderas-de-vapor-pirotubulares\/nbwb\/#primaryimage"},"thumbnailUrl":"https:\/\/www.babcock-wanson.com\/wp-content\/uploads\/2018\/08\/NBWB-Fire-Tube-Boiler-3.png","datePublished":"2018-08-15T09:32:59+00:00","dateModified":"2022-01-13T23:27:22+00:00","description":"Las calderas de vapor pirotubulares NBWB suministran a los usuarios hasta 2500 kg\/h de vapor seco de alta calidad, a la vez que garantizan unos niveles bajos de consumo de combustible y costes de explotaci\u00f3n.","breadcrumb":{"@id":"https:\/\/www.babcock-wanson.com\/es\/productos\/calderas-de-vapor-pirotubulares\/nbwb\/#breadcrumb"},"inLanguage":"es","potentialAction":[{"@type":"ReadAction","target":["https:\/\/www.babcock-wanson.com\/es\/productos\/calderas-de-vapor-pirotubulares\/nbwb\/"]}]},{"@type":"ImageObject","inLanguage":"es","@id":"https:\/\/www.babcock-wanson.com\/es\/productos\/calderas-de-vapor-pirotubulares\/nbwb\/#primaryimage","url":"https:\/\/www.babcock-wanson.com\/wp-content\/uploads\/2018\/08\/NBWB-Fire-Tube-Boiler-3.png","contentUrl":"https:\/\/www.babcock-wanson.com\/wp-content\/uploads\/2018\/08\/NBWB-Fire-Tube-Boiler-3.png","width":600,"height":400,"caption":"NBWB Calderas pirotubulares de vapor"},{"@type":"BreadcrumbList","@id":"https:\/\/www.babcock-wanson.com\/es\/productos\/calderas-de-vapor-pirotubulares\/nbwb\/#breadcrumb","itemListElement":[{"@type":"ListItem","position":1,"name":"Inicio","item":"https:\/\/www.babcock-wanson.com\/es\/"},{"@type":"ListItem","position":2,"name":"Productos","item":"https:\/\/www.babcock-wanson.com\/es\/shop\/"},{"@type":"ListItem","position":3,"name":"Calderas de vapor pirotubulares","item":"https:\/\/www.babcock-wanson.com\/es\/categoria-producto\/calderas-de-vapor-pirotubulares\/"},{"@type":"ListItem","position":4,"name":"NBWB"}]},{"@type":"WebSite","@id":"https:\/\/www.babcock-wanson.com\/es\/#website","url":"https:\/\/www.babcock-wanson.com\/es\/","name":"Babcock Wanson","description":"","publisher":{"@id":"https:\/\/www.babcock-wanson.com\/es\/#organization"},"potentialAction":[{"@type":"SearchAction","target":{"@type":"EntryPoint","urlTemplate":"https:\/\/www.babcock-wanson.com\/es\/?s={search_term_string}"},"query-input":{"@type":"PropertyValueSpecification","valueRequired":true,"valueName":"search_term_string"}}],"inLanguage":"es"},{"@type":"Organization","@id":"https:\/\/www.babcock-wanson.com\/es\/#organization","name":"Babcock Wanson","url":"https:\/\/www.babcock-wanson.com\/es\/","logo":{"@type":"ImageObject","inLanguage":"es","@id":"https:\/\/www.babcock-wanson.com\/es\/#\/schema\/logo\/image\/","url":"https:\/\/www.babcock-wanson.com\/wp-content\/uploads\/2024\/02\/Babcock-Wanson-1200x1200-1.png","contentUrl":"https:\/\/www.babcock-wanson.com\/wp-content\/uploads\/2024\/02\/Babcock-Wanson-1200x1200-1.png","width":1200,"height":1200,"caption":"Babcock Wanson"},"image":{"@id":"https:\/\/www.babcock-wanson.com\/es\/#\/schema\/logo\/image\/"},"sameAs":["https:\/\/www.linkedin.com\/company\/babcock-wanson\/","https:\/\/www.youtube.com\/channel\/UCtxl25VieBBsP2kYmtlyv7A"]}]}},"jetpack_sharing_enabled":true,"_links":{"self":[{"href":"https:\/\/www.babcock-wanson.com\/es\/wp-json\/wp\/v2\/product\/33634","targetHints":{"allow":["GET"]}}],"collection":[{"href":"https:\/\/www.babcock-wanson.com\/es\/wp-json\/wp\/v2\/product"}],"about":[{"href":"https:\/\/www.babcock-wanson.com\/es\/wp-json\/wp\/v2\/types\/product"}],"replies":[{"embeddable":true,"href":"https:\/\/www.babcock-wanson.com\/es\/wp-json\/wp\/v2\/comments?post=33634"}],"wp:featuredmedia":[{"embeddable":true,"href":"https:\/\/www.babcock-wanson.com\/es\/wp-json\/wp\/v2\/media\/32611"}],"wp:attachment":[{"href":"https:\/\/www.babcock-wanson.com\/es\/wp-json\/wp\/v2\/media?parent=33634"}],"wp:term":[{"taxonomy":"product_brand","embeddable":true,"href":"https:\/\/www.babcock-wanson.com\/es\/wp-json\/wp\/v2\/product_brand?post=33634"},{"taxonomy":"product_cat","embeddable":true,"href":"https:\/\/www.babcock-wanson.com\/es\/wp-json\/wp\/v2\/product_cat?post=33634"},{"taxonomy":"product_tag","embeddable":true,"href":"https:\/\/www.babcock-wanson.com\/es\/wp-json\/wp\/v2\/product_tag?post=33634"}],"curies":[{"name":"wp","href":"https:\/\/api.w.org\/{rel}","templated":true}]}}