{"id":33698,"date":"2018-08-15T11:25:57","date_gmt":"2018-08-15T10:25:57","guid":{"rendered":"https:\/\/www.babcock-wanson.com\/products\/sin%20categor\u00eda\/vap-ln-series\/"},"modified":"2022-01-13T23:54:37","modified_gmt":"2022-01-13T23:54:37","slug":"vap-ln","status":"publish","type":"product","link":"https:\/\/www.babcock-wanson.com\/es\/productos\/calderas-de-tipo-serpentin\/vap-ln\/","title":{"rendered":"VAP-LN"},"content":{"rendered":"<div class=\"vgblk-rw-wrapper limit-wrapper\">\r\n<h3>Gran eficiencia<\/h3>\r\n<ul>\r\n<li>El bajo contenido en agua garantiza un arranque r\u00e1pido que se combina con unas p\u00e9rdidas de calor y unos costes operativos reducidos.<\/li>\r\n<li>Los generadores de vapor VAP-LN funcionan en condiciones de carga t\u00e9rmica muy bajas, lo que genera una eficiencia t\u00e9rmica neta superior al 90\u00a0%. Cuando el generador se equipa con un <a href=\"https:\/\/www.babcock-wanson.com\/es\/productos\/sistemas-de-recuperacion-de-calor\/economizadores\/\" target=\"_blank\" rel=\"noopener\">economizador de gases de combusti\u00f3n<\/a> de Babcock\u00a0Wanson, la eficiencia t\u00e9rmica puede incrementarse hasta el 95\u00a0%.<\/li>\r\n<\/ul>\r\n<h3>Funcionamiento sencillo y fiable<\/h3>\r\n<ul>\r\n<li>El generador de vapor VAP-LN incorpora de serie un quemador compatible y un sistema de control perfectamente integrado y probado en f\u00e1brica, adem\u00e1s de suministrarse totalmente acondicionado para facilitar la instalaci\u00f3n en el emplazamiento.<\/li>\r\n<li>Construido con tres pasos de gas completos y una c\u00e1mara de combusti\u00f3n generosamente amplia, el dise\u00f1o VAP-LN ofrece una carga t\u00e9rmica reducida, una eficiencia elevada y emisiones muy bajas.<\/li>\r\n<li>Cuando as\u00ed lo exija la normativa nacional, el generador VAP-LN puede equiparse con los controles del modo operativo de 72\u00a0h de Babcock\u00a0Wanson, que permiten una configuraci\u00f3n sencilla y unos costes operativos reducidos.<\/li>\r\n<\/ul>\r\n<h3>Respetuoso con el medioambiente<\/h3>\r\n<ul>\r\n<li>Dise\u00f1ado para funcionar con gas natural, GLP, fuel ligero y diferentes biocombustibles espec\u00edficos sin poner en riesgo el rendimiento en cuanto a emisiones.<\/li>\r\n<li>Las emisiones de NOx de la gama VAP-LN se sit\u00faan, de serie, por debajo de 100\u00a0mg\/Nm\u00b3. Es posible alcanzar valores m\u00e1s bajos para satisfacer requisitos especiales.<\/li>\r\n<\/ul>\r\n<h3>Una gama completa de equipos auxiliares<\/h3>\r\n<ul>\r\n<li><a href=\"https:\/\/www.babcock-wanson.com\/es\/categoria-producto\/tratamiento-de-agua-industrial\/\" target=\"_blank\" rel=\"noopener\">Tratamiento de agua<\/a>, incluidos <a href=\"https:\/\/www.babcock-wanson.com\/es\/productos\/tratamiento-de-agua-industrial\/descalcificador-de-agua-industrial\/\" target=\"_blank\" rel=\"noopener\">descalcificadores<\/a>, plantas de \u00f3smosis inversa o equipos de dosificaci\u00f3n qu\u00edmica.<\/li>\r\n<li>Tanques de agua de alimentaci\u00f3n y <a href=\"https:\/\/www.babcock-wanson.com\/es\/productos\/tratamiento-de-agua-industrial\/desgasificacion-termica\/\" target=\"_blank\" rel=\"noopener\">desgasificadores t\u00e9rmicos<\/a> atmosf\u00e9ricos y presurizados de Babcock Wanson.<\/li>\r\n<li>Estaciones reductoras de presi\u00f3n y v\u00e1lvulas de control de vapor.<\/li>\r\n<li>Separadores de vapor, recipientes de purga e intercambiadores de calor.<\/li>\r\n<\/ul>\r\n<h2>Calderas de tipo serpent\u00edn VAP-LN<\/h2>\r\n<table>\r\n<tbody>\r\n<tr>\r\n<th>VAP-LN<\/th>\r\n<th>Modelo<\/th>\r\n<th>250<\/th>\r\n<th>750<\/th>\r\n<th>1250<\/th>\r\n<th>1750<\/th>\r\n<th>2250<\/th>\r\n<th>2750<\/th>\r\n<th>3500<\/th>\r\n<\/tr>\r\n<tr>\r\n<th>Salida de vapor<\/th>\r\n<th>Kg\/h<\/th>\r\n<td>250<\/td>\r\n<td>750<\/td>\r\n<td>1250<\/td>\r\n<td>1750<\/td>\r\n<td>2250<\/td>\r\n<td>2750<\/td>\r\n<td>3500<\/td>\r\n<\/tr>\r\n<tr>\r\n<th>Potencia de salida<\/th>\r\n<th>kW<\/th>\r\n<td>174<\/td>\r\n<td>523<\/td>\r\n<td>872<\/td>\r\n<td>1221<\/td>\r\n<td>1570<\/td>\r\n<td>1919<\/td>\r\n<td>2442<\/td>\r\n<\/tr>\r\n<tr>\r\n<th>Anchura<\/th>\r\n<th>mm<\/th>\r\n<td>1700<\/td>\r\n<td>1900<\/td>\r\n<td>2050<\/td>\r\n<td>2100<\/td>\r\n<td>2400<\/td>\r\n<td>3000<\/td>\r\n<td>3350<\/td>\r\n<\/tr>\r\n<tr>\r\n<th>Longitud<\/th>\r\n<th>mm<\/th>\r\n<td>2755<\/td>\r\n<td>3070<\/td>\r\n<td>3390<\/td>\r\n<td>3885<\/td>\r\n<td>4105<\/td>\r\n<td>4560<\/td>\r\n<td>4650<\/td>\r\n<\/tr>\r\n<tr>\r\n<th>Altura<\/th>\r\n<th>mm<\/th>\r\n<td>1402<\/td>\r\n<td>1500<\/td>\r\n<td>1734<\/td>\r\n<td>1640<\/td>\r\n<td>1970<\/td>\r\n<td>2630<\/td>\r\n<td>2656<\/td>\r\n<\/tr>\r\n<\/tbody>\r\n<\/table>\r\n<p>* Los datos mencionados no son vinculantes y pueden modificarse sin previo aviso.<\/p>\r\n<\/div><!-- .vgblk-rw-wrapper -->","protected":false},"excerpt":{"rendered":"<p><strong>Desde 250 hasta 3500 kg\/h (desde 174 hasta 2442 kW)<br \/><\/strong>La gama VAP-LN de Babcock Wanson est\u00e1 formada por generadores de vapor r\u00e1pidos de alta eficiencia que se han dise\u00f1ado para cumplir con las normas internacionales m\u00e1s restrictivas en cuanto a emisiones de NOx y CO. Concebida a partir de nuestro dise\u00f1o de serpent\u00edn probado, la gama VAP-LN ofrece un generador de vapor robusto, energ\u00e9ticamente eficiente y respetuoso con el medioambiente, capaz de producir vapor desde un arranque en fr\u00edo en tan solo tres minutos.<\/p>\n<p>Los generadores VAP-LN presentan un bajo contenido en agua, lo que asegura una seguridad excepcional, incluso cuando funcionan a altas presiones. Disponible tanto para una configuraci\u00f3n vertical como horizontal, la gama VAP-LN puede suministrar una producci\u00f3n de vapor desde 250 hasta 3500 kg\/h con presiones de funcionamiento est\u00e1ndares desde 10 hasta 29 bar. Est\u00e1n disponibles presiones superiores por encargo, con modelos capaces de funcionar a 100 bar como m\u00e1ximo.<\/p>\n","protected":false},"featured_media":32183,"comment_status":"closed","ping_status":"closed","template":"","meta":{"_acf_changed":false,"_relevanssi_hide_post":"","_relevanssi_hide_content":"","_relevanssi_pin_for_all":"","_relevanssi_pin_keywords":"","_relevanssi_unpin_keywords":"","_relevanssi_related_keywords":"","_relevanssi_related_include_ids":"","_relevanssi_related_exclude_ids":"","_relevanssi_related_no_append":"","_relevanssi_related_not_related":"","_relevanssi_related_posts":"","_relevanssi_noindex_reason":""},"product_brand":[],"product_cat":[5821,5817],"product_tag":[],"class_list":{"0":"post-33698","1":"product","2":"type-product","3":"status-publish","4":"has-post-thumbnail","6":"product_cat-calderas-de-tipo-serpentin","7":"product_cat-calderas-de-vapor-industriales","9":"first","10":"instock","11":"shipping-taxable","12":"product-type-simple"},"acf":[],"yoast_head":"<!-- This site is optimized with the Yoast SEO Premium plugin v27.4 (Yoast SEO v27.4) - https:\/\/yoast.com\/product\/yoast-seo-premium-wordpress\/ -->\n<title>Calderas de tipo serpent\u00edn VAP-LN<\/title>\n<meta name=\"description\" content=\"La gama de calderas de tipo serpent\u00edn VAP-LN est\u00e1 formada por generadores de vapor r\u00e1pidos de alta eficiencia para cumplir con las normas m\u00e1s restrictivas en cuanto a emisiones de NOx y CO.\" \/>\n<meta name=\"robots\" content=\"index, follow, max-snippet:-1, max-image-preview:large, max-video-preview:-1\" \/>\n<link rel=\"canonical\" href=\"https:\/\/www.babcock-wanson.com\/es\/productos\/calderas-de-tipo-serpentin\/vap-ln\/\" \/>\n<meta property=\"og:locale\" content=\"es_ES\" \/>\n<meta property=\"og:type\" content=\"article\" \/>\n<meta property=\"og:title\" content=\"VAP-LN\" \/>\n<meta property=\"og:description\" content=\"La gama de calderas de tipo serpent\u00edn VAP-LN est\u00e1 formada por generadores de vapor r\u00e1pidos de alta eficiencia para cumplir con las normas m\u00e1s restrictivas en cuanto a emisiones de NOx y CO.\" \/>\n<meta property=\"og:url\" content=\"https:\/\/www.babcock-wanson.com\/es\/productos\/calderas-de-tipo-serpentin\/vap-ln\/\" \/>\n<meta property=\"og:site_name\" content=\"Babcock Wanson\" \/>\n<meta property=\"article:modified_time\" content=\"2022-01-13T23:54:37+00:00\" \/>\n<meta property=\"og:image\" content=\"https:\/\/www.babcock-wanson.com\/wp-content\/uploads\/2018\/08\/VAP-LN-Steam-Generator.jpg\" \/>\n\t<meta property=\"og:image:width\" content=\"600\" \/>\n\t<meta property=\"og:image:height\" content=\"400\" \/>\n\t<meta property=\"og:image:type\" content=\"image\/jpeg\" \/>\n<meta name=\"twitter:card\" content=\"summary_large_image\" \/>\n<meta name=\"twitter:label1\" content=\"Est. reading time\" \/>\n\t<meta name=\"twitter:data1\" content=\"2 minutos\" \/>\n<script type=\"application\/ld+json\" class=\"yoast-schema-graph\">{\"@context\":\"https:\\\/\\\/schema.org\",\"@graph\":[{\"@type\":\"WebPage\",\"@id\":\"https:\\\/\\\/www.babcock-wanson.com\\\/es\\\/productos\\\/calderas-de-tipo-serpentin\\\/vap-ln\\\/\",\"url\":\"https:\\\/\\\/www.babcock-wanson.com\\\/es\\\/productos\\\/calderas-de-tipo-serpentin\\\/vap-ln\\\/\",\"name\":\"Calderas de tipo serpent\u00edn VAP-LN\",\"isPartOf\":{\"@id\":\"https:\\\/\\\/www.babcock-wanson.com\\\/es\\\/#website\"},\"primaryImageOfPage\":{\"@id\":\"https:\\\/\\\/www.babcock-wanson.com\\\/es\\\/productos\\\/calderas-de-tipo-serpentin\\\/vap-ln\\\/#primaryimage\"},\"image\":{\"@id\":\"https:\\\/\\\/www.babcock-wanson.com\\\/es\\\/productos\\\/calderas-de-tipo-serpentin\\\/vap-ln\\\/#primaryimage\"},\"thumbnailUrl\":\"https:\\\/\\\/www.babcock-wanson.com\\\/wp-content\\\/uploads\\\/2018\\\/08\\\/VAP-LN-Steam-Generator.jpg\",\"datePublished\":\"2018-08-15T10:25:57+00:00\",\"dateModified\":\"2022-01-13T23:54:37+00:00\",\"description\":\"La gama de calderas de tipo serpent\u00edn VAP-LN est\u00e1 formada por generadores de vapor r\u00e1pidos de alta eficiencia para cumplir con las normas m\u00e1s restrictivas en cuanto a emisiones de NOx y CO.\",\"breadcrumb\":{\"@id\":\"https:\\\/\\\/www.babcock-wanson.com\\\/es\\\/productos\\\/calderas-de-tipo-serpentin\\\/vap-ln\\\/#breadcrumb\"},\"inLanguage\":\"es\",\"potentialAction\":[{\"@type\":\"ReadAction\",\"target\":[\"https:\\\/\\\/www.babcock-wanson.com\\\/es\\\/productos\\\/calderas-de-tipo-serpentin\\\/vap-ln\\\/\"]}]},{\"@type\":\"ImageObject\",\"inLanguage\":\"es\",\"@id\":\"https:\\\/\\\/www.babcock-wanson.com\\\/es\\\/productos\\\/calderas-de-tipo-serpentin\\\/vap-ln\\\/#primaryimage\",\"url\":\"https:\\\/\\\/www.babcock-wanson.com\\\/wp-content\\\/uploads\\\/2018\\\/08\\\/VAP-LN-Steam-Generator.jpg\",\"contentUrl\":\"https:\\\/\\\/www.babcock-wanson.com\\\/wp-content\\\/uploads\\\/2018\\\/08\\\/VAP-LN-Steam-Generator.jpg\",\"width\":600,\"height\":400,\"caption\":\"VAP-LN-Generador-de-vapor\"},{\"@type\":\"BreadcrumbList\",\"@id\":\"https:\\\/\\\/www.babcock-wanson.com\\\/es\\\/productos\\\/calderas-de-tipo-serpentin\\\/vap-ln\\\/#breadcrumb\",\"itemListElement\":[{\"@type\":\"ListItem\",\"position\":1,\"name\":\"Inicio\",\"item\":\"https:\\\/\\\/www.babcock-wanson.com\\\/es\\\/\"},{\"@type\":\"ListItem\",\"position\":2,\"name\":\"Productos\",\"item\":\"https:\\\/\\\/www.babcock-wanson.com\\\/es\\\/shop\\\/\"},{\"@type\":\"ListItem\",\"position\":3,\"name\":\"Calderas de tipo serpent\u00edn\",\"item\":\"https:\\\/\\\/www.babcock-wanson.com\\\/es\\\/categoria-producto\\\/calderas-de-tipo-serpentin\\\/\"},{\"@type\":\"ListItem\",\"position\":4,\"name\":\"VAP-LN\"}]},{\"@type\":\"WebSite\",\"@id\":\"https:\\\/\\\/www.babcock-wanson.com\\\/es\\\/#website\",\"url\":\"https:\\\/\\\/www.babcock-wanson.com\\\/es\\\/\",\"name\":\"Babcock Wanson\",\"description\":\"\",\"publisher\":{\"@id\":\"https:\\\/\\\/www.babcock-wanson.com\\\/es\\\/#organization\"},\"potentialAction\":[{\"@type\":\"SearchAction\",\"target\":{\"@type\":\"EntryPoint\",\"urlTemplate\":\"https:\\\/\\\/www.babcock-wanson.com\\\/es\\\/?s={search_term_string}\"},\"query-input\":{\"@type\":\"PropertyValueSpecification\",\"valueRequired\":true,\"valueName\":\"search_term_string\"}}],\"inLanguage\":\"es\"},{\"@type\":\"Organization\",\"@id\":\"https:\\\/\\\/www.babcock-wanson.com\\\/es\\\/#organization\",\"name\":\"Babcock Wanson\",\"url\":\"https:\\\/\\\/www.babcock-wanson.com\\\/es\\\/\",\"logo\":{\"@type\":\"ImageObject\",\"inLanguage\":\"es\",\"@id\":\"https:\\\/\\\/www.babcock-wanson.com\\\/es\\\/#\\\/schema\\\/logo\\\/image\\\/\",\"url\":\"https:\\\/\\\/www.babcock-wanson.com\\\/wp-content\\\/uploads\\\/2024\\\/02\\\/Babcock-Wanson-1200x1200-1.png\",\"contentUrl\":\"https:\\\/\\\/www.babcock-wanson.com\\\/wp-content\\\/uploads\\\/2024\\\/02\\\/Babcock-Wanson-1200x1200-1.png\",\"width\":1200,\"height\":1200,\"caption\":\"Babcock Wanson\"},\"image\":{\"@id\":\"https:\\\/\\\/www.babcock-wanson.com\\\/es\\\/#\\\/schema\\\/logo\\\/image\\\/\"},\"sameAs\":[\"https:\\\/\\\/www.linkedin.com\\\/company\\\/babcock-wanson\\\/\",\"https:\\\/\\\/www.youtube.com\\\/channel\\\/UCtxl25VieBBsP2kYmtlyv7A\"]}]}<\/script>\n<!-- \/ Yoast SEO Premium plugin. -->","yoast_head_json":{"title":"Calderas de tipo serpent\u00edn VAP-LN","description":"La gama de calderas de tipo serpent\u00edn VAP-LN est\u00e1 formada por generadores de vapor r\u00e1pidos de alta eficiencia para cumplir con las normas m\u00e1s restrictivas en cuanto a emisiones de NOx y CO.","robots":{"index":"index","follow":"follow","max-snippet":"max-snippet:-1","max-image-preview":"max-image-preview:large","max-video-preview":"max-video-preview:-1"},"canonical":"https:\/\/www.babcock-wanson.com\/es\/productos\/calderas-de-tipo-serpentin\/vap-ln\/","og_locale":"es_ES","og_type":"article","og_title":"VAP-LN","og_description":"La gama de calderas de tipo serpent\u00edn VAP-LN est\u00e1 formada por generadores de vapor r\u00e1pidos de alta eficiencia para cumplir con las normas m\u00e1s restrictivas en cuanto a emisiones de NOx y CO.","og_url":"https:\/\/www.babcock-wanson.com\/es\/productos\/calderas-de-tipo-serpentin\/vap-ln\/","og_site_name":"Babcock Wanson","article_modified_time":"2022-01-13T23:54:37+00:00","og_image":[{"width":600,"height":400,"url":"https:\/\/www.babcock-wanson.com\/wp-content\/uploads\/2018\/08\/VAP-LN-Steam-Generator.jpg","type":"image\/jpeg"}],"twitter_card":"summary_large_image","twitter_misc":{"Est. reading time":"2 minutos"},"schema":{"@context":"https:\/\/schema.org","@graph":[{"@type":"WebPage","@id":"https:\/\/www.babcock-wanson.com\/es\/productos\/calderas-de-tipo-serpentin\/vap-ln\/","url":"https:\/\/www.babcock-wanson.com\/es\/productos\/calderas-de-tipo-serpentin\/vap-ln\/","name":"Calderas de tipo serpent\u00edn VAP-LN","isPartOf":{"@id":"https:\/\/www.babcock-wanson.com\/es\/#website"},"primaryImageOfPage":{"@id":"https:\/\/www.babcock-wanson.com\/es\/productos\/calderas-de-tipo-serpentin\/vap-ln\/#primaryimage"},"image":{"@id":"https:\/\/www.babcock-wanson.com\/es\/productos\/calderas-de-tipo-serpentin\/vap-ln\/#primaryimage"},"thumbnailUrl":"https:\/\/www.babcock-wanson.com\/wp-content\/uploads\/2018\/08\/VAP-LN-Steam-Generator.jpg","datePublished":"2018-08-15T10:25:57+00:00","dateModified":"2022-01-13T23:54:37+00:00","description":"La gama de calderas de tipo serpent\u00edn VAP-LN est\u00e1 formada por generadores de vapor r\u00e1pidos de alta eficiencia para cumplir con las normas m\u00e1s restrictivas en cuanto a emisiones de NOx y CO.","breadcrumb":{"@id":"https:\/\/www.babcock-wanson.com\/es\/productos\/calderas-de-tipo-serpentin\/vap-ln\/#breadcrumb"},"inLanguage":"es","potentialAction":[{"@type":"ReadAction","target":["https:\/\/www.babcock-wanson.com\/es\/productos\/calderas-de-tipo-serpentin\/vap-ln\/"]}]},{"@type":"ImageObject","inLanguage":"es","@id":"https:\/\/www.babcock-wanson.com\/es\/productos\/calderas-de-tipo-serpentin\/vap-ln\/#primaryimage","url":"https:\/\/www.babcock-wanson.com\/wp-content\/uploads\/2018\/08\/VAP-LN-Steam-Generator.jpg","contentUrl":"https:\/\/www.babcock-wanson.com\/wp-content\/uploads\/2018\/08\/VAP-LN-Steam-Generator.jpg","width":600,"height":400,"caption":"VAP-LN-Generador-de-vapor"},{"@type":"BreadcrumbList","@id":"https:\/\/www.babcock-wanson.com\/es\/productos\/calderas-de-tipo-serpentin\/vap-ln\/#breadcrumb","itemListElement":[{"@type":"ListItem","position":1,"name":"Inicio","item":"https:\/\/www.babcock-wanson.com\/es\/"},{"@type":"ListItem","position":2,"name":"Productos","item":"https:\/\/www.babcock-wanson.com\/es\/shop\/"},{"@type":"ListItem","position":3,"name":"Calderas de tipo serpent\u00edn","item":"https:\/\/www.babcock-wanson.com\/es\/categoria-producto\/calderas-de-tipo-serpentin\/"},{"@type":"ListItem","position":4,"name":"VAP-LN"}]},{"@type":"WebSite","@id":"https:\/\/www.babcock-wanson.com\/es\/#website","url":"https:\/\/www.babcock-wanson.com\/es\/","name":"Babcock Wanson","description":"","publisher":{"@id":"https:\/\/www.babcock-wanson.com\/es\/#organization"},"potentialAction":[{"@type":"SearchAction","target":{"@type":"EntryPoint","urlTemplate":"https:\/\/www.babcock-wanson.com\/es\/?s={search_term_string}"},"query-input":{"@type":"PropertyValueSpecification","valueRequired":true,"valueName":"search_term_string"}}],"inLanguage":"es"},{"@type":"Organization","@id":"https:\/\/www.babcock-wanson.com\/es\/#organization","name":"Babcock Wanson","url":"https:\/\/www.babcock-wanson.com\/es\/","logo":{"@type":"ImageObject","inLanguage":"es","@id":"https:\/\/www.babcock-wanson.com\/es\/#\/schema\/logo\/image\/","url":"https:\/\/www.babcock-wanson.com\/wp-content\/uploads\/2024\/02\/Babcock-Wanson-1200x1200-1.png","contentUrl":"https:\/\/www.babcock-wanson.com\/wp-content\/uploads\/2024\/02\/Babcock-Wanson-1200x1200-1.png","width":1200,"height":1200,"caption":"Babcock Wanson"},"image":{"@id":"https:\/\/www.babcock-wanson.com\/es\/#\/schema\/logo\/image\/"},"sameAs":["https:\/\/www.linkedin.com\/company\/babcock-wanson\/","https:\/\/www.youtube.com\/channel\/UCtxl25VieBBsP2kYmtlyv7A"]}]}},"jetpack_sharing_enabled":true,"_links":{"self":[{"href":"https:\/\/www.babcock-wanson.com\/es\/wp-json\/wp\/v2\/product\/33698","targetHints":{"allow":["GET"]}}],"collection":[{"href":"https:\/\/www.babcock-wanson.com\/es\/wp-json\/wp\/v2\/product"}],"about":[{"href":"https:\/\/www.babcock-wanson.com\/es\/wp-json\/wp\/v2\/types\/product"}],"replies":[{"embeddable":true,"href":"https:\/\/www.babcock-wanson.com\/es\/wp-json\/wp\/v2\/comments?post=33698"}],"wp:featuredmedia":[{"embeddable":true,"href":"https:\/\/www.babcock-wanson.com\/es\/wp-json\/wp\/v2\/media\/32183"}],"wp:attachment":[{"href":"https:\/\/www.babcock-wanson.com\/es\/wp-json\/wp\/v2\/media?parent=33698"}],"wp:term":[{"taxonomy":"product_brand","embeddable":true,"href":"https:\/\/www.babcock-wanson.com\/es\/wp-json\/wp\/v2\/product_brand?post=33698"},{"taxonomy":"product_cat","embeddable":true,"href":"https:\/\/www.babcock-wanson.com\/es\/wp-json\/wp\/v2\/product_cat?post=33698"},{"taxonomy":"product_tag","embeddable":true,"href":"https:\/\/www.babcock-wanson.com\/es\/wp-json\/wp\/v2\/product_tag?post=33698"}],"curies":[{"name":"wp","href":"https:\/\/api.w.org\/{rel}","templated":true}]}}