{"id":33737,"date":"2019-02-12T11:35:38","date_gmt":"2019-02-12T11:35:38","guid":{"rendered":"https:\/\/www.babcock-wanson.com\/products\/sin%20categor\u00eda\/fired-steam-superheaters\/"},"modified":"2022-01-13T23:28:24","modified_gmt":"2022-01-13T23:28:24","slug":"sobrecalentador-de-vapor","status":"publish","type":"product","link":"https:\/\/www.babcock-wanson.com\/es\/productos\/calderas-de-vapor-industriales\/sobrecalentador-de-vapor\/","title":{"rendered":"Sobrecalentador de vapor"},"content":{"rendered":"<div class=\"vgblk-rw-wrapper limit-wrapper\">\r\n<h3>Ventajas del uso de un sobrecalentador de vapor<\/h3>\r\n<ul>\r\n<li>Optimizaci\u00f3n de la eficiencia del sistema de calentamiento del proceso.<\/li>\r\n<li>Reducci\u00f3n de la formaci\u00f3n de condensaci\u00f3n en el sistema de distribuci\u00f3n de vapor.<\/li>\r\n<li>Mitigaci\u00f3n del riesgo de golpes de ariete o da\u00f1os mec\u00e1nicos.<\/li>\r\n<li>Optimizaci\u00f3n del tama\u00f1o de las tuber\u00edas.<\/li>\r\n<li>Aumento de la vida \u00fatil de los equipos del sistema de calentamiento.<\/li>\r\n<li>Optimizaci\u00f3n del consumo de combustible.<\/li>\r\n<\/ul>\r\n<h3>Seguros y eficientes<\/h3>\r\n<ul>\r\n<li>Los sobrecalentadores de Babcock\u00a0Wanson incluyen sistemas de supervisi\u00f3n y regulaci\u00f3n integrales para garantizar la seguridad durante el funcionamiento y una prolongada vida \u00fatil del calentador.<\/li>\r\n<li>La presi\u00f3n de funcionamiento \u00f3ptima se garantiza con ayuda de un sistema de control perfectamente integrado y probado en f\u00e1brica.<\/li>\r\n<\/ul>\r\n<h3>Respetuosos con el medioambiente<\/h3>\r\n<ul>\r\n<li>Los sobrecalentadores de Babcock\u00a0Wanson ofrecen un consumo total de combustible reducido y, por tanto, ayudan a conseguir unos niveles bajos de emisiones y otras ventajas asociadas.<\/li>\r\n<li>La instalaci\u00f3n de un sobrecalentador con quemador independiente despu\u00e9s de la planta de generaci\u00f3n de vapor principal implica que dicho sobrecalentador \u00fanicamente tratar\u00e1 aquella porci\u00f3n de la producci\u00f3n de vapor que sea necesario sobrecalentar. Esto reduce los requisitos de atemperamiento y mejora la eficiencia global del proceso.<\/li>\r\n<\/ul>\r\n<\/div><!-- .vgblk-rw-wrapper -->","protected":false},"excerpt":{"rendered":"<p>El sobrecalentador de vapor de Babcock Wanson es un sistema de calentamiento de tipo serpent\u00edn con quemador independiente que aporta calor adicional al vapor saturado en vapor sobrecalentado. Las razones m\u00e1s habituales por las que se necesita vapor sobrecalentado son para reducir el riesgo de condensaci\u00f3n del vapor al transferirlo al punto de uso, o cuando la energ\u00eda cin\u00e9tica del vapor a alta presi\u00f3n deba utilizarse para maximizar la energ\u00eda del vapor y evitar la condensaci\u00f3n.<\/p>\n<p>Son numerosas las industrias que han venido empleando el vapor sobrecalentado durante muchos a\u00f1os para aumentar la eficiencia t\u00e9rmica global. La aparici\u00f3n de condensaci\u00f3n en una parte incorrecta del proceso tambi\u00e9n puede da\u00f1ar los equipos de usuario, de modo que mantener la temperatura del vapor por encima del punto condensaci\u00f3n en que esto ocurre tambi\u00e9n es fundamental.<\/p>\n<p>El sobrecalentador de Babcock Wanson ofrece multitud de ventajas con respecto a los equipos sin quemador o los sobrecalentadores de caldera integrados, cuando menos, un control preciso de la entrada de energ\u00eda al desconectar el sobrecalentamiento del vapor de la velocidad de alimentaci\u00f3n de la caldera y, por tanto, una temperatura del vapor final uniforme en todo el intervalo operativo del proceso.<\/p>\n","protected":false},"featured_media":33741,"comment_status":"closed","ping_status":"closed","template":"","meta":{"_acf_changed":false,"_relevanssi_hide_post":"","_relevanssi_hide_content":"","_relevanssi_pin_for_all":"","_relevanssi_pin_keywords":"","_relevanssi_unpin_keywords":"","_relevanssi_related_keywords":"","_relevanssi_related_include_ids":"","_relevanssi_related_exclude_ids":"","_relevanssi_related_no_append":"","_relevanssi_related_not_related":"","_relevanssi_related_posts":"","_relevanssi_noindex_reason":""},"product_brand":[],"product_cat":[5817],"product_tag":[],"class_list":{"0":"post-33737","1":"product","2":"type-product","3":"status-publish","4":"has-post-thumbnail","6":"product_cat-calderas-de-vapor-industriales","8":"first","9":"instock","10":"shipping-taxable","11":"product-type-simple"},"acf":[],"yoast_head":"<!-- This site is optimized with the Yoast SEO Premium plugin v27.4 (Yoast SEO v27.4) - https:\/\/yoast.com\/product\/yoast-seo-premium-wordpress\/ -->\n<title>Sobrecalentador de vapor - Babcock Wanson<\/title>\n<meta name=\"description\" content=\"El sobrecalentador de vapor de Babcock Wanson es un sistema de calentamiento de tipo serpent\u00edn con quemador independiente que aporta calor adicional al vapor saturado en vapor sobrecalentado.\" \/>\n<meta name=\"robots\" content=\"index, follow, max-snippet:-1, max-image-preview:large, max-video-preview:-1\" \/>\n<link rel=\"canonical\" href=\"https:\/\/www.babcock-wanson.com\/es\/productos\/calderas-de-vapor-industriales\/sobrecalentador-de-vapor\/\" \/>\n<meta property=\"og:locale\" content=\"es_ES\" \/>\n<meta property=\"og:type\" content=\"article\" \/>\n<meta property=\"og:title\" content=\"Sobrecalentador de vapor\" \/>\n<meta property=\"og:description\" content=\"El sobrecalentador de vapor de Babcock Wanson es un sistema de calentamiento de tipo serpent\u00edn con quemador independiente que aporta calor adicional al vapor saturado en vapor sobrecalentado.\" \/>\n<meta property=\"og:url\" content=\"https:\/\/www.babcock-wanson.com\/es\/productos\/calderas-de-vapor-industriales\/sobrecalentador-de-vapor\/\" \/>\n<meta property=\"og:site_name\" content=\"Babcock Wanson\" \/>\n<meta property=\"article:modified_time\" content=\"2022-01-13T23:28:24+00:00\" \/>\n<meta property=\"og:image\" content=\"https:\/\/www.babcock-wanson.com\/wp-content\/uploads\/2019\/02\/superheaters-2.jpg\" \/>\n\t<meta property=\"og:image:width\" content=\"600\" \/>\n\t<meta property=\"og:image:height\" content=\"400\" \/>\n\t<meta property=\"og:image:type\" content=\"image\/jpeg\" \/>\n<meta name=\"twitter:card\" content=\"summary_large_image\" \/>\n<meta name=\"twitter:label1\" content=\"Est. reading time\" \/>\n\t<meta name=\"twitter:data1\" content=\"1 minuto\" \/>\n<script type=\"application\/ld+json\" class=\"yoast-schema-graph\">{\"@context\":\"https:\\\/\\\/schema.org\",\"@graph\":[{\"@type\":\"WebPage\",\"@id\":\"https:\\\/\\\/www.babcock-wanson.com\\\/es\\\/productos\\\/calderas-de-vapor-industriales\\\/sobrecalentador-de-vapor\\\/\",\"url\":\"https:\\\/\\\/www.babcock-wanson.com\\\/es\\\/productos\\\/calderas-de-vapor-industriales\\\/sobrecalentador-de-vapor\\\/\",\"name\":\"Sobrecalentador de vapor - Babcock Wanson\",\"isPartOf\":{\"@id\":\"https:\\\/\\\/www.babcock-wanson.com\\\/es\\\/#website\"},\"primaryImageOfPage\":{\"@id\":\"https:\\\/\\\/www.babcock-wanson.com\\\/es\\\/productos\\\/calderas-de-vapor-industriales\\\/sobrecalentador-de-vapor\\\/#primaryimage\"},\"image\":{\"@id\":\"https:\\\/\\\/www.babcock-wanson.com\\\/es\\\/productos\\\/calderas-de-vapor-industriales\\\/sobrecalentador-de-vapor\\\/#primaryimage\"},\"thumbnailUrl\":\"https:\\\/\\\/www.babcock-wanson.com\\\/wp-content\\\/uploads\\\/2019\\\/02\\\/superheaters-2.jpg\",\"datePublished\":\"2019-02-12T11:35:38+00:00\",\"dateModified\":\"2022-01-13T23:28:24+00:00\",\"description\":\"El sobrecalentador de vapor de Babcock Wanson es un sistema de calentamiento de tipo serpent\u00edn con quemador independiente que aporta calor adicional al vapor saturado en vapor sobrecalentado.\",\"breadcrumb\":{\"@id\":\"https:\\\/\\\/www.babcock-wanson.com\\\/es\\\/productos\\\/calderas-de-vapor-industriales\\\/sobrecalentador-de-vapor\\\/#breadcrumb\"},\"inLanguage\":\"es\",\"potentialAction\":[{\"@type\":\"ReadAction\",\"target\":[\"https:\\\/\\\/www.babcock-wanson.com\\\/es\\\/productos\\\/calderas-de-vapor-industriales\\\/sobrecalentador-de-vapor\\\/\"]}]},{\"@type\":\"ImageObject\",\"inLanguage\":\"es\",\"@id\":\"https:\\\/\\\/www.babcock-wanson.com\\\/es\\\/productos\\\/calderas-de-vapor-industriales\\\/sobrecalentador-de-vapor\\\/#primaryimage\",\"url\":\"https:\\\/\\\/www.babcock-wanson.com\\\/wp-content\\\/uploads\\\/2019\\\/02\\\/superheaters-2.jpg\",\"contentUrl\":\"https:\\\/\\\/www.babcock-wanson.com\\\/wp-content\\\/uploads\\\/2019\\\/02\\\/superheaters-2.jpg\",\"width\":600,\"height\":400},{\"@type\":\"BreadcrumbList\",\"@id\":\"https:\\\/\\\/www.babcock-wanson.com\\\/es\\\/productos\\\/calderas-de-vapor-industriales\\\/sobrecalentador-de-vapor\\\/#breadcrumb\",\"itemListElement\":[{\"@type\":\"ListItem\",\"position\":1,\"name\":\"Inicio\",\"item\":\"https:\\\/\\\/www.babcock-wanson.com\\\/es\\\/\"},{\"@type\":\"ListItem\",\"position\":2,\"name\":\"Productos\",\"item\":\"https:\\\/\\\/www.babcock-wanson.com\\\/es\\\/shop\\\/\"},{\"@type\":\"ListItem\",\"position\":3,\"name\":\"Calderas de vapor\",\"item\":\"https:\\\/\\\/www.babcock-wanson.com\\\/es\\\/categoria-producto\\\/calderas-de-vapor-industriales\\\/\"},{\"@type\":\"ListItem\",\"position\":4,\"name\":\"Sobrecalentador de vapor\"}]},{\"@type\":\"WebSite\",\"@id\":\"https:\\\/\\\/www.babcock-wanson.com\\\/es\\\/#website\",\"url\":\"https:\\\/\\\/www.babcock-wanson.com\\\/es\\\/\",\"name\":\"Babcock Wanson\",\"description\":\"\",\"publisher\":{\"@id\":\"https:\\\/\\\/www.babcock-wanson.com\\\/es\\\/#organization\"},\"potentialAction\":[{\"@type\":\"SearchAction\",\"target\":{\"@type\":\"EntryPoint\",\"urlTemplate\":\"https:\\\/\\\/www.babcock-wanson.com\\\/es\\\/?s={search_term_string}\"},\"query-input\":{\"@type\":\"PropertyValueSpecification\",\"valueRequired\":true,\"valueName\":\"search_term_string\"}}],\"inLanguage\":\"es\"},{\"@type\":\"Organization\",\"@id\":\"https:\\\/\\\/www.babcock-wanson.com\\\/es\\\/#organization\",\"name\":\"Babcock Wanson\",\"url\":\"https:\\\/\\\/www.babcock-wanson.com\\\/es\\\/\",\"logo\":{\"@type\":\"ImageObject\",\"inLanguage\":\"es\",\"@id\":\"https:\\\/\\\/www.babcock-wanson.com\\\/es\\\/#\\\/schema\\\/logo\\\/image\\\/\",\"url\":\"https:\\\/\\\/www.babcock-wanson.com\\\/wp-content\\\/uploads\\\/2024\\\/02\\\/Babcock-Wanson-1200x1200-1.png\",\"contentUrl\":\"https:\\\/\\\/www.babcock-wanson.com\\\/wp-content\\\/uploads\\\/2024\\\/02\\\/Babcock-Wanson-1200x1200-1.png\",\"width\":1200,\"height\":1200,\"caption\":\"Babcock Wanson\"},\"image\":{\"@id\":\"https:\\\/\\\/www.babcock-wanson.com\\\/es\\\/#\\\/schema\\\/logo\\\/image\\\/\"},\"sameAs\":[\"https:\\\/\\\/www.linkedin.com\\\/company\\\/babcock-wanson\\\/\",\"https:\\\/\\\/www.youtube.com\\\/channel\\\/UCtxl25VieBBsP2kYmtlyv7A\"]}]}<\/script>\n<!-- \/ Yoast SEO Premium plugin. -->","yoast_head_json":{"title":"Sobrecalentador de vapor - Babcock Wanson","description":"El sobrecalentador de vapor de Babcock Wanson es un sistema de calentamiento de tipo serpent\u00edn con quemador independiente que aporta calor adicional al vapor saturado en vapor sobrecalentado.","robots":{"index":"index","follow":"follow","max-snippet":"max-snippet:-1","max-image-preview":"max-image-preview:large","max-video-preview":"max-video-preview:-1"},"canonical":"https:\/\/www.babcock-wanson.com\/es\/productos\/calderas-de-vapor-industriales\/sobrecalentador-de-vapor\/","og_locale":"es_ES","og_type":"article","og_title":"Sobrecalentador de vapor","og_description":"El sobrecalentador de vapor de Babcock Wanson es un sistema de calentamiento de tipo serpent\u00edn con quemador independiente que aporta calor adicional al vapor saturado en vapor sobrecalentado.","og_url":"https:\/\/www.babcock-wanson.com\/es\/productos\/calderas-de-vapor-industriales\/sobrecalentador-de-vapor\/","og_site_name":"Babcock Wanson","article_modified_time":"2022-01-13T23:28:24+00:00","og_image":[{"width":600,"height":400,"url":"https:\/\/www.babcock-wanson.com\/wp-content\/uploads\/2019\/02\/superheaters-2.jpg","type":"image\/jpeg"}],"twitter_card":"summary_large_image","twitter_misc":{"Est. reading time":"1 minuto"},"schema":{"@context":"https:\/\/schema.org","@graph":[{"@type":"WebPage","@id":"https:\/\/www.babcock-wanson.com\/es\/productos\/calderas-de-vapor-industriales\/sobrecalentador-de-vapor\/","url":"https:\/\/www.babcock-wanson.com\/es\/productos\/calderas-de-vapor-industriales\/sobrecalentador-de-vapor\/","name":"Sobrecalentador de vapor - Babcock Wanson","isPartOf":{"@id":"https:\/\/www.babcock-wanson.com\/es\/#website"},"primaryImageOfPage":{"@id":"https:\/\/www.babcock-wanson.com\/es\/productos\/calderas-de-vapor-industriales\/sobrecalentador-de-vapor\/#primaryimage"},"image":{"@id":"https:\/\/www.babcock-wanson.com\/es\/productos\/calderas-de-vapor-industriales\/sobrecalentador-de-vapor\/#primaryimage"},"thumbnailUrl":"https:\/\/www.babcock-wanson.com\/wp-content\/uploads\/2019\/02\/superheaters-2.jpg","datePublished":"2019-02-12T11:35:38+00:00","dateModified":"2022-01-13T23:28:24+00:00","description":"El sobrecalentador de vapor de Babcock Wanson es un sistema de calentamiento de tipo serpent\u00edn con quemador independiente que aporta calor adicional al vapor saturado en vapor sobrecalentado.","breadcrumb":{"@id":"https:\/\/www.babcock-wanson.com\/es\/productos\/calderas-de-vapor-industriales\/sobrecalentador-de-vapor\/#breadcrumb"},"inLanguage":"es","potentialAction":[{"@type":"ReadAction","target":["https:\/\/www.babcock-wanson.com\/es\/productos\/calderas-de-vapor-industriales\/sobrecalentador-de-vapor\/"]}]},{"@type":"ImageObject","inLanguage":"es","@id":"https:\/\/www.babcock-wanson.com\/es\/productos\/calderas-de-vapor-industriales\/sobrecalentador-de-vapor\/#primaryimage","url":"https:\/\/www.babcock-wanson.com\/wp-content\/uploads\/2019\/02\/superheaters-2.jpg","contentUrl":"https:\/\/www.babcock-wanson.com\/wp-content\/uploads\/2019\/02\/superheaters-2.jpg","width":600,"height":400},{"@type":"BreadcrumbList","@id":"https:\/\/www.babcock-wanson.com\/es\/productos\/calderas-de-vapor-industriales\/sobrecalentador-de-vapor\/#breadcrumb","itemListElement":[{"@type":"ListItem","position":1,"name":"Inicio","item":"https:\/\/www.babcock-wanson.com\/es\/"},{"@type":"ListItem","position":2,"name":"Productos","item":"https:\/\/www.babcock-wanson.com\/es\/shop\/"},{"@type":"ListItem","position":3,"name":"Calderas de vapor","item":"https:\/\/www.babcock-wanson.com\/es\/categoria-producto\/calderas-de-vapor-industriales\/"},{"@type":"ListItem","position":4,"name":"Sobrecalentador de vapor"}]},{"@type":"WebSite","@id":"https:\/\/www.babcock-wanson.com\/es\/#website","url":"https:\/\/www.babcock-wanson.com\/es\/","name":"Babcock Wanson","description":"","publisher":{"@id":"https:\/\/www.babcock-wanson.com\/es\/#organization"},"potentialAction":[{"@type":"SearchAction","target":{"@type":"EntryPoint","urlTemplate":"https:\/\/www.babcock-wanson.com\/es\/?s={search_term_string}"},"query-input":{"@type":"PropertyValueSpecification","valueRequired":true,"valueName":"search_term_string"}}],"inLanguage":"es"},{"@type":"Organization","@id":"https:\/\/www.babcock-wanson.com\/es\/#organization","name":"Babcock Wanson","url":"https:\/\/www.babcock-wanson.com\/es\/","logo":{"@type":"ImageObject","inLanguage":"es","@id":"https:\/\/www.babcock-wanson.com\/es\/#\/schema\/logo\/image\/","url":"https:\/\/www.babcock-wanson.com\/wp-content\/uploads\/2024\/02\/Babcock-Wanson-1200x1200-1.png","contentUrl":"https:\/\/www.babcock-wanson.com\/wp-content\/uploads\/2024\/02\/Babcock-Wanson-1200x1200-1.png","width":1200,"height":1200,"caption":"Babcock Wanson"},"image":{"@id":"https:\/\/www.babcock-wanson.com\/es\/#\/schema\/logo\/image\/"},"sameAs":["https:\/\/www.linkedin.com\/company\/babcock-wanson\/","https:\/\/www.youtube.com\/channel\/UCtxl25VieBBsP2kYmtlyv7A"]}]}},"jetpack_sharing_enabled":true,"_links":{"self":[{"href":"https:\/\/www.babcock-wanson.com\/es\/wp-json\/wp\/v2\/product\/33737","targetHints":{"allow":["GET"]}}],"collection":[{"href":"https:\/\/www.babcock-wanson.com\/es\/wp-json\/wp\/v2\/product"}],"about":[{"href":"https:\/\/www.babcock-wanson.com\/es\/wp-json\/wp\/v2\/types\/product"}],"replies":[{"embeddable":true,"href":"https:\/\/www.babcock-wanson.com\/es\/wp-json\/wp\/v2\/comments?post=33737"}],"wp:featuredmedia":[{"embeddable":true,"href":"https:\/\/www.babcock-wanson.com\/es\/wp-json\/wp\/v2\/media\/33741"}],"wp:attachment":[{"href":"https:\/\/www.babcock-wanson.com\/es\/wp-json\/wp\/v2\/media?parent=33737"}],"wp:term":[{"taxonomy":"product_brand","embeddable":true,"href":"https:\/\/www.babcock-wanson.com\/es\/wp-json\/wp\/v2\/product_brand?post=33737"},{"taxonomy":"product_cat","embeddable":true,"href":"https:\/\/www.babcock-wanson.com\/es\/wp-json\/wp\/v2\/product_cat?post=33737"},{"taxonomy":"product_tag","embeddable":true,"href":"https:\/\/www.babcock-wanson.com\/es\/wp-json\/wp\/v2\/product_tag?post=33737"}],"curies":[{"name":"wp","href":"https:\/\/api.w.org\/{rel}","templated":true}]}}