{"id":33744,"date":"2018-11-27T16:17:22","date_gmt":"2018-11-27T16:17:22","guid":{"rendered":"https:\/\/www.babcock-wanson.com\/products\/sin%20categor\u00eda\/vap-el\/"},"modified":"2023-05-22T16:35:11","modified_gmt":"2023-05-22T15:35:11","slug":"vap-el","status":"publish","type":"product","link":"https:\/\/www.babcock-wanson.com\/es\/productos\/calderas-electricas-industriales\/vap-el\/","title":{"rendered":"VAP-EL"},"content":{"rendered":"<div class=\"vgblk-rw-wrapper limit-wrapper\">\r\n<h3>Instalaci\u00f3n sencilla<\/h3>\r\n<ul>\r\n<li>La caldera el\u00e9ctrica es muy f\u00e1cil de instalar y no requiere ning\u00fan espacio de almacenamiento de combustible ni complejas tuber\u00edas de gas.<\/li>\r\n<li>Su construcci\u00f3n robusta garantiza un funcionamiento seguro y una prolongada vida \u00fatil.<\/li>\r\n<li>El sistema de control perfectamente integrado y probado en f\u00e1brica proporciona un funcionamiento sencillo y fiable.<\/li>\r\n<li>Certificaci\u00f3n integral por parte de Babcock\u00a0Wanson de acuerdo con la Directiva de Equipos a Presi\u00f3n (PED) para su funcionamiento en toda Europa.<\/li>\r\n<\/ul>\r\n<h3>Gran eficiencia<\/h3>\r\n<ul>\r\n<li>La caldera arranca r\u00e1pidamente cuando existe demanda y reacciona bien ante los cambios en la carga. La producci\u00f3n de vapor puede iniciarse en cuesti\u00f3n de minutos, dependiendo de la capacidad de la caldera.<\/li>\r\n<li>Ausencia de despilfarro de energ\u00eda. La p\u00e9rdida de calor en el proceso de calentamiento es m\u00ednima.<\/li>\r\n<li>Eficiencia pr\u00f3xima al 100\u00a0%, \u00fanicamente con peque\u00f1as p\u00e9rdidas de energ\u00eda en r\u00e9gimen de reserva.<\/li>\r\n<\/ul>\r\n<h3>Respetuosa con el medioambiente<\/h3>\r\n<ul>\r\n<li>La caldera el\u00e9ctrica no genera gases de combusti\u00f3n residuales, pero s\u00ed numerosas ventajas ambientales y un nivel total de emisiones muy bajo.<\/li>\r\n<li>La caldera el\u00e9ctrica funciona de manera silenciosa.<\/li>\r\n<\/ul>\r\n<h3>Gama completa de equipos auxiliares<\/h3>\r\n<ul>\r\n<li>Equipo y <a href=\"https:\/\/www.babcock-wanson.com\/es\/categoria-producto\/tratamiento-de-agua-industrial\/\" target=\"_blank\" rel=\"noopener\">servicio de tratamiento de agua<\/a><\/li>\r\n<li>Dep\u00f3sitos de alimentaci\u00f3n de agua presurizados y atmosf\u00e9ricos y <a href=\"https:\/\/www.babcock-wanson.com\/es\/productos\/tratamiento-de-agua-industrial\/desgasificacion-termica\/\" target=\"_blank\" rel=\"noopener\">desgasificadores t\u00e9rmicos<\/a><\/li>\r\n<li>Estaciones reguladoras de presi\u00f3n y v\u00e1lvulas de control de vapor<\/li>\r\n<li>Servicio completo de dise\u00f1o e instalaci\u00f3n llave en mano<\/li>\r\n<li>Puesta en marcha y <a href=\"https:\/\/www.babcock-wanson.com\/es\/nuestros-servicios\/servicio-posventa\/\" target=\"_blank\" rel=\"noopener\">servicio postventa<\/a> completo<\/li>\r\n<\/ul>\r\n<h2>Calderas el\u00e9ctricas VAP-EL<\/h2>\r\n<table>\r\n<tbody>\r\n<tr>\r\n<th>Modelo<br \/>VAP-EL<\/th>\r\n<th>Vapor (kg\/h) agua a 70\u00b0C<\/th>\r\n<th>Presi\u00f3n de vapor (bar)<\/th>\r\n<th>Potencia (kW)<\/th>\r\n<th>Capacidad de agua (l)<\/th>\r\n<th>Peso (kg)<\/th>\r\n<th>Anchura (mm)<\/th>\r\n<th>Altura (mm)<\/th>\r\n<th>Longitud (mm)<\/th>\r\n<\/tr>\r\n<tr>\r\n<th>16<\/th>\r\n<td>20<\/td>\r\n<td>4.5<\/td>\r\n<td>15<\/td>\r\n<td>16<\/td>\r\n<td>72<\/td>\r\n<td>445<\/td>\r\n<td>983<\/td>\r\n<td>615<\/td>\r\n<\/tr>\r\n<tr>\r\n<th>24<\/th>\r\n<td>32<\/td>\r\n<td>4.5 or 7<\/td>\r\n<td>24<\/td>\r\n<td>24<\/td>\r\n<td>85<\/td>\r\n<td>586<\/td>\r\n<td>776<\/td>\r\n<td>752<\/td>\r\n<\/tr>\r\n<tr>\r\n<th>60<\/th>\r\n<td>80<\/td>\r\n<td>4.5, 7 or 8.5<\/td>\r\n<td>60<\/td>\r\n<td>55<\/td>\r\n<td>114<\/td>\r\n<td>835<\/td>\r\n<td>629<\/td>\r\n<td>844<\/td>\r\n<\/tr>\r\n<tr>\r\n<th>120<\/th>\r\n<td>160<\/td>\r\n<td>4.5, 7 or 8.5<\/td>\r\n<td>120<\/td>\r\n<td>2 x 55<\/td>\r\n<td>237<\/td>\r\n<td>1155<\/td>\r\n<td>1158<\/td>\r\n<td>948<\/td>\r\n<\/tr>\r\n<tr>\r\n<th>180<\/th>\r\n<td>240<\/td>\r\n<td>4.5, 7 or 8.5<\/td>\r\n<td>180<\/td>\r\n<td>3 x 55<\/td>\r\n<td>325<\/td>\r\n<td>1155<\/td>\r\n<td>1718<\/td>\r\n<td>948<\/td>\r\n<\/tr>\r\n<tr>\r\n<th>240<\/th>\r\n<td>320<\/td>\r\n<td>4.5, 7 or 8.5<\/td>\r\n<td>240<\/td>\r\n<td>4 x 55<\/td>\r\n<td>237 x 2<\/td>\r\n<td>1155 x 2<\/td>\r\n<td>1158<\/td>\r\n<td>948 x 2<\/td>\r\n<\/tr>\r\n<tr>\r\n<th>360<\/th>\r\n<td>480<\/td>\r\n<td>4.5, 7 or 8.5<\/td>\r\n<td>360<\/td>\r\n<td>6 x 55<\/td>\r\n<td>325 x 2<\/td>\r\n<td>1155 x 2<\/td>\r\n<td>1718<\/td>\r\n<td>948 x 2<\/td>\r\n<\/tr>\r\n<\/tbody>\r\n<\/table>\r\n<\/div><!-- .vgblk-rw-wrapper -->","protected":false},"excerpt":{"rendered":"<p><strong>Desde 16 hasta 360 kW \u2013 400 V trif\u00e1sico \u2013 50 Hz<\/strong> <br \/>La caldera de vapor el\u00e9ctrica del modelo VAP EL emplea energ\u00eda el\u00e9ctrica para calentar agua y transformar esta en vapor utilizado en diferentes aplicaciones de calentamiento de procesos. La configuraci\u00f3n de una caldera el\u00e9ctrica garantiza un proceso de calentamiento rentable, con una eficiencia excelente. Este tipo de caldera de vapor puede ser una soluci\u00f3n perfecta para satisfacer los requisitos de calentamiento del proceso, especialmente, en aquellos lugares donde la electricidad es un recurso de bajo coste y de f\u00e1cil acceso. Estas calderas tambi\u00e9n son pr\u00e1cticas porque su tama\u00f1o total no requiere demasiado espacio de instalaci\u00f3n.<\/p>\n<p>Babcock Wanson ofrece una amplia selecci\u00f3n de soluciones de calderas el\u00e9ctricas que pueden adaptarse a las necesidades de nuestros clientes. Este modelo de caldera el\u00e9ctrica se ha dise\u00f1ado para funcionar en distintas industrias de procesos, entre otras, procesado de alimentos, secado, productos qu\u00edmicos, cosm\u00e9tica, farmacia o alimentaci\u00f3n. De hecho, esta tecnolog\u00eda es v\u00e1lida para cualquier industria que necesite vapor y disponga de una fuente econ\u00f3mica de energ\u00eda el\u00e9ctrica o no pueda instalar una caldera convencional alimentada por combustibles f\u00f3siles.<\/p>\n<p>Se f\u00e1brica de serie para una presi\u00f3n de funcionamiento m\u00e1xima de 4,5, 7 u 8,5 barg, si bien est\u00e1n disponibles presiones m\u00e1s elevadas por encargo y con un estudio previo por parte de nuestra oficina t\u00e9cnica.<\/p>\n","protected":false},"featured_media":41381,"comment_status":"closed","ping_status":"closed","template":"","meta":{"_acf_changed":false,"_relevanssi_hide_post":"","_relevanssi_hide_content":"","_relevanssi_pin_for_all":"","_relevanssi_pin_keywords":"","_relevanssi_unpin_keywords":"","_relevanssi_related_keywords":"","_relevanssi_related_include_ids":"","_relevanssi_related_exclude_ids":"","_relevanssi_related_no_append":"","_relevanssi_related_not_related":"","_relevanssi_related_posts":"","_relevanssi_noindex_reason":""},"product_brand":[],"product_cat":[5817,5823],"product_tag":[],"class_list":{"0":"post-33744","1":"product","2":"type-product","3":"status-publish","4":"has-post-thumbnail","6":"product_cat-calderas-de-vapor-industriales","7":"product_cat-calderas-electricas-industriales","9":"first","10":"instock","11":"shipping-taxable","12":"product-type-simple"},"acf":[],"yoast_head":"<!-- This site is optimized with the Yoast SEO Premium plugin v27.4 (Yoast SEO v27.4) - https:\/\/yoast.com\/product\/yoast-seo-premium-wordpress\/ -->\n<title>VAP-EL - Babcock Wanson<\/title>\n<meta name=\"description\" content=\"La caldera de vapor el\u00e9ctrica VAP EL emplea energ\u00eda el\u00e9ctrica para calentar agua y transformar esta en vapor utilizado en diferentes aplicaciones de calentamiento de procesos.\" \/>\n<meta name=\"robots\" content=\"index, follow, max-snippet:-1, max-image-preview:large, max-video-preview:-1\" \/>\n<link rel=\"canonical\" href=\"https:\/\/www.babcock-wanson.com\/es\/productos\/calderas-electricas-industriales\/vap-el\/\" \/>\n<meta property=\"og:locale\" content=\"es_ES\" \/>\n<meta property=\"og:type\" content=\"article\" \/>\n<meta property=\"og:title\" content=\"VAP-EL\" \/>\n<meta property=\"og:description\" content=\"La caldera de vapor el\u00e9ctrica VAP EL emplea energ\u00eda el\u00e9ctrica para calentar agua y transformar esta en vapor utilizado en diferentes aplicaciones de calentamiento de procesos.\" \/>\n<meta property=\"og:url\" content=\"https:\/\/www.babcock-wanson.com\/es\/productos\/calderas-electricas-industriales\/vap-el\/\" \/>\n<meta property=\"og:site_name\" content=\"Babcock Wanson\" \/>\n<meta property=\"article:modified_time\" content=\"2023-05-22T15:35:11+00:00\" \/>\n<meta property=\"og:image\" content=\"https:\/\/www.babcock-wanson.com\/wp-content\/uploads\/2021\/12\/VAP-El-Category_image_2021.jpg\" \/>\n\t<meta property=\"og:image:width\" content=\"600\" \/>\n\t<meta property=\"og:image:height\" content=\"400\" \/>\n\t<meta property=\"og:image:type\" content=\"image\/jpeg\" \/>\n<meta name=\"twitter:card\" content=\"summary_large_image\" \/>\n<meta name=\"twitter:label1\" content=\"Est. reading time\" \/>\n\t<meta name=\"twitter:data1\" content=\"2 minutos\" \/>\n<script type=\"application\/ld+json\" class=\"yoast-schema-graph\">{\"@context\":\"https:\\\/\\\/schema.org\",\"@graph\":[{\"@type\":\"WebPage\",\"@id\":\"https:\\\/\\\/www.babcock-wanson.com\\\/es\\\/productos\\\/calderas-electricas-industriales\\\/vap-el\\\/\",\"url\":\"https:\\\/\\\/www.babcock-wanson.com\\\/es\\\/productos\\\/calderas-electricas-industriales\\\/vap-el\\\/\",\"name\":\"VAP-EL - Babcock Wanson\",\"isPartOf\":{\"@id\":\"https:\\\/\\\/www.babcock-wanson.com\\\/es\\\/#website\"},\"primaryImageOfPage\":{\"@id\":\"https:\\\/\\\/www.babcock-wanson.com\\\/es\\\/productos\\\/calderas-electricas-industriales\\\/vap-el\\\/#primaryimage\"},\"image\":{\"@id\":\"https:\\\/\\\/www.babcock-wanson.com\\\/es\\\/productos\\\/calderas-electricas-industriales\\\/vap-el\\\/#primaryimage\"},\"thumbnailUrl\":\"https:\\\/\\\/www.babcock-wanson.com\\\/wp-content\\\/uploads\\\/2021\\\/12\\\/VAP-El-Category_image_2021.jpg\",\"datePublished\":\"2018-11-27T16:17:22+00:00\",\"dateModified\":\"2023-05-22T15:35:11+00:00\",\"description\":\"La caldera de vapor el\u00e9ctrica VAP EL emplea energ\u00eda el\u00e9ctrica para calentar agua y transformar esta en vapor utilizado en diferentes aplicaciones de calentamiento de procesos.\",\"breadcrumb\":{\"@id\":\"https:\\\/\\\/www.babcock-wanson.com\\\/es\\\/productos\\\/calderas-electricas-industriales\\\/vap-el\\\/#breadcrumb\"},\"inLanguage\":\"es\",\"potentialAction\":[{\"@type\":\"ReadAction\",\"target\":[\"https:\\\/\\\/www.babcock-wanson.com\\\/es\\\/productos\\\/calderas-electricas-industriales\\\/vap-el\\\/\"]}]},{\"@type\":\"ImageObject\",\"inLanguage\":\"es\",\"@id\":\"https:\\\/\\\/www.babcock-wanson.com\\\/es\\\/productos\\\/calderas-electricas-industriales\\\/vap-el\\\/#primaryimage\",\"url\":\"https:\\\/\\\/www.babcock-wanson.com\\\/wp-content\\\/uploads\\\/2021\\\/12\\\/VAP-El-Category_image_2021.jpg\",\"contentUrl\":\"https:\\\/\\\/www.babcock-wanson.com\\\/wp-content\\\/uploads\\\/2021\\\/12\\\/VAP-El-Category_image_2021.jpg\",\"width\":600,\"height\":400,\"caption\":\"VAP El Category_image_2021\"},{\"@type\":\"BreadcrumbList\",\"@id\":\"https:\\\/\\\/www.babcock-wanson.com\\\/es\\\/productos\\\/calderas-electricas-industriales\\\/vap-el\\\/#breadcrumb\",\"itemListElement\":[{\"@type\":\"ListItem\",\"position\":1,\"name\":\"Inicio\",\"item\":\"https:\\\/\\\/www.babcock-wanson.com\\\/es\\\/\"},{\"@type\":\"ListItem\",\"position\":2,\"name\":\"Productos\",\"item\":\"https:\\\/\\\/www.babcock-wanson.com\\\/es\\\/shop\\\/\"},{\"@type\":\"ListItem\",\"position\":3,\"name\":\"Calderas el\u00e9ctricas industriales\",\"item\":\"https:\\\/\\\/www.babcock-wanson.com\\\/es\\\/categoria-producto\\\/calderas-electricas-industriales\\\/\"},{\"@type\":\"ListItem\",\"position\":4,\"name\":\"VAP-EL\"}]},{\"@type\":\"WebSite\",\"@id\":\"https:\\\/\\\/www.babcock-wanson.com\\\/es\\\/#website\",\"url\":\"https:\\\/\\\/www.babcock-wanson.com\\\/es\\\/\",\"name\":\"Babcock Wanson\",\"description\":\"\",\"publisher\":{\"@id\":\"https:\\\/\\\/www.babcock-wanson.com\\\/es\\\/#organization\"},\"potentialAction\":[{\"@type\":\"SearchAction\",\"target\":{\"@type\":\"EntryPoint\",\"urlTemplate\":\"https:\\\/\\\/www.babcock-wanson.com\\\/es\\\/?s={search_term_string}\"},\"query-input\":{\"@type\":\"PropertyValueSpecification\",\"valueRequired\":true,\"valueName\":\"search_term_string\"}}],\"inLanguage\":\"es\"},{\"@type\":\"Organization\",\"@id\":\"https:\\\/\\\/www.babcock-wanson.com\\\/es\\\/#organization\",\"name\":\"Babcock Wanson\",\"url\":\"https:\\\/\\\/www.babcock-wanson.com\\\/es\\\/\",\"logo\":{\"@type\":\"ImageObject\",\"inLanguage\":\"es\",\"@id\":\"https:\\\/\\\/www.babcock-wanson.com\\\/es\\\/#\\\/schema\\\/logo\\\/image\\\/\",\"url\":\"https:\\\/\\\/www.babcock-wanson.com\\\/wp-content\\\/uploads\\\/2024\\\/02\\\/Babcock-Wanson-1200x1200-1.png\",\"contentUrl\":\"https:\\\/\\\/www.babcock-wanson.com\\\/wp-content\\\/uploads\\\/2024\\\/02\\\/Babcock-Wanson-1200x1200-1.png\",\"width\":1200,\"height\":1200,\"caption\":\"Babcock Wanson\"},\"image\":{\"@id\":\"https:\\\/\\\/www.babcock-wanson.com\\\/es\\\/#\\\/schema\\\/logo\\\/image\\\/\"},\"sameAs\":[\"https:\\\/\\\/www.linkedin.com\\\/company\\\/babcock-wanson\\\/\",\"https:\\\/\\\/www.youtube.com\\\/channel\\\/UCtxl25VieBBsP2kYmtlyv7A\"]}]}<\/script>\n<!-- \/ Yoast SEO Premium plugin. -->","yoast_head_json":{"title":"VAP-EL - Babcock Wanson","description":"La caldera de vapor el\u00e9ctrica VAP EL emplea energ\u00eda el\u00e9ctrica para calentar agua y transformar esta en vapor utilizado en diferentes aplicaciones de calentamiento de procesos.","robots":{"index":"index","follow":"follow","max-snippet":"max-snippet:-1","max-image-preview":"max-image-preview:large","max-video-preview":"max-video-preview:-1"},"canonical":"https:\/\/www.babcock-wanson.com\/es\/productos\/calderas-electricas-industriales\/vap-el\/","og_locale":"es_ES","og_type":"article","og_title":"VAP-EL","og_description":"La caldera de vapor el\u00e9ctrica VAP EL emplea energ\u00eda el\u00e9ctrica para calentar agua y transformar esta en vapor utilizado en diferentes aplicaciones de calentamiento de procesos.","og_url":"https:\/\/www.babcock-wanson.com\/es\/productos\/calderas-electricas-industriales\/vap-el\/","og_site_name":"Babcock Wanson","article_modified_time":"2023-05-22T15:35:11+00:00","og_image":[{"width":600,"height":400,"url":"https:\/\/www.babcock-wanson.com\/wp-content\/uploads\/2021\/12\/VAP-El-Category_image_2021.jpg","type":"image\/jpeg"}],"twitter_card":"summary_large_image","twitter_misc":{"Est. reading time":"2 minutos"},"schema":{"@context":"https:\/\/schema.org","@graph":[{"@type":"WebPage","@id":"https:\/\/www.babcock-wanson.com\/es\/productos\/calderas-electricas-industriales\/vap-el\/","url":"https:\/\/www.babcock-wanson.com\/es\/productos\/calderas-electricas-industriales\/vap-el\/","name":"VAP-EL - Babcock Wanson","isPartOf":{"@id":"https:\/\/www.babcock-wanson.com\/es\/#website"},"primaryImageOfPage":{"@id":"https:\/\/www.babcock-wanson.com\/es\/productos\/calderas-electricas-industriales\/vap-el\/#primaryimage"},"image":{"@id":"https:\/\/www.babcock-wanson.com\/es\/productos\/calderas-electricas-industriales\/vap-el\/#primaryimage"},"thumbnailUrl":"https:\/\/www.babcock-wanson.com\/wp-content\/uploads\/2021\/12\/VAP-El-Category_image_2021.jpg","datePublished":"2018-11-27T16:17:22+00:00","dateModified":"2023-05-22T15:35:11+00:00","description":"La caldera de vapor el\u00e9ctrica VAP EL emplea energ\u00eda el\u00e9ctrica para calentar agua y transformar esta en vapor utilizado en diferentes aplicaciones de calentamiento de procesos.","breadcrumb":{"@id":"https:\/\/www.babcock-wanson.com\/es\/productos\/calderas-electricas-industriales\/vap-el\/#breadcrumb"},"inLanguage":"es","potentialAction":[{"@type":"ReadAction","target":["https:\/\/www.babcock-wanson.com\/es\/productos\/calderas-electricas-industriales\/vap-el\/"]}]},{"@type":"ImageObject","inLanguage":"es","@id":"https:\/\/www.babcock-wanson.com\/es\/productos\/calderas-electricas-industriales\/vap-el\/#primaryimage","url":"https:\/\/www.babcock-wanson.com\/wp-content\/uploads\/2021\/12\/VAP-El-Category_image_2021.jpg","contentUrl":"https:\/\/www.babcock-wanson.com\/wp-content\/uploads\/2021\/12\/VAP-El-Category_image_2021.jpg","width":600,"height":400,"caption":"VAP El Category_image_2021"},{"@type":"BreadcrumbList","@id":"https:\/\/www.babcock-wanson.com\/es\/productos\/calderas-electricas-industriales\/vap-el\/#breadcrumb","itemListElement":[{"@type":"ListItem","position":1,"name":"Inicio","item":"https:\/\/www.babcock-wanson.com\/es\/"},{"@type":"ListItem","position":2,"name":"Productos","item":"https:\/\/www.babcock-wanson.com\/es\/shop\/"},{"@type":"ListItem","position":3,"name":"Calderas el\u00e9ctricas industriales","item":"https:\/\/www.babcock-wanson.com\/es\/categoria-producto\/calderas-electricas-industriales\/"},{"@type":"ListItem","position":4,"name":"VAP-EL"}]},{"@type":"WebSite","@id":"https:\/\/www.babcock-wanson.com\/es\/#website","url":"https:\/\/www.babcock-wanson.com\/es\/","name":"Babcock Wanson","description":"","publisher":{"@id":"https:\/\/www.babcock-wanson.com\/es\/#organization"},"potentialAction":[{"@type":"SearchAction","target":{"@type":"EntryPoint","urlTemplate":"https:\/\/www.babcock-wanson.com\/es\/?s={search_term_string}"},"query-input":{"@type":"PropertyValueSpecification","valueRequired":true,"valueName":"search_term_string"}}],"inLanguage":"es"},{"@type":"Organization","@id":"https:\/\/www.babcock-wanson.com\/es\/#organization","name":"Babcock Wanson","url":"https:\/\/www.babcock-wanson.com\/es\/","logo":{"@type":"ImageObject","inLanguage":"es","@id":"https:\/\/www.babcock-wanson.com\/es\/#\/schema\/logo\/image\/","url":"https:\/\/www.babcock-wanson.com\/wp-content\/uploads\/2024\/02\/Babcock-Wanson-1200x1200-1.png","contentUrl":"https:\/\/www.babcock-wanson.com\/wp-content\/uploads\/2024\/02\/Babcock-Wanson-1200x1200-1.png","width":1200,"height":1200,"caption":"Babcock Wanson"},"image":{"@id":"https:\/\/www.babcock-wanson.com\/es\/#\/schema\/logo\/image\/"},"sameAs":["https:\/\/www.linkedin.com\/company\/babcock-wanson\/","https:\/\/www.youtube.com\/channel\/UCtxl25VieBBsP2kYmtlyv7A"]}]}},"jetpack_sharing_enabled":true,"_links":{"self":[{"href":"https:\/\/www.babcock-wanson.com\/es\/wp-json\/wp\/v2\/product\/33744","targetHints":{"allow":["GET"]}}],"collection":[{"href":"https:\/\/www.babcock-wanson.com\/es\/wp-json\/wp\/v2\/product"}],"about":[{"href":"https:\/\/www.babcock-wanson.com\/es\/wp-json\/wp\/v2\/types\/product"}],"replies":[{"embeddable":true,"href":"https:\/\/www.babcock-wanson.com\/es\/wp-json\/wp\/v2\/comments?post=33744"}],"wp:featuredmedia":[{"embeddable":true,"href":"https:\/\/www.babcock-wanson.com\/es\/wp-json\/wp\/v2\/media\/41381"}],"wp:attachment":[{"href":"https:\/\/www.babcock-wanson.com\/es\/wp-json\/wp\/v2\/media?parent=33744"}],"wp:term":[{"taxonomy":"product_brand","embeddable":true,"href":"https:\/\/www.babcock-wanson.com\/es\/wp-json\/wp\/v2\/product_brand?post=33744"},{"taxonomy":"product_cat","embeddable":true,"href":"https:\/\/www.babcock-wanson.com\/es\/wp-json\/wp\/v2\/product_cat?post=33744"},{"taxonomy":"product_tag","embeddable":true,"href":"https:\/\/www.babcock-wanson.com\/es\/wp-json\/wp\/v2\/product_tag?post=33744"}],"curies":[{"name":"wp","href":"https:\/\/api.w.org\/{rel}","templated":true}]}}