{"id":33767,"date":"2018-08-15T11:32:09","date_gmt":"2018-08-15T10:32:09","guid":{"rendered":"https:\/\/www.babcock-wanson.com\/products\/sin%20categor\u00eda\/epc-h-series\/"},"modified":"2020-09-03T11:42:18","modified_gmt":"2020-09-03T10:42:18","slug":"epc-h","status":"publish","type":"product","link":"https:\/\/www.babcock-wanson.com\/es\/productos\/calderas-de-fluido-termico\/epc-h\/","title":{"rendered":"EPC-H"},"content":{"rendered":"<div class=\"vgblk-rw-wrapper limit-wrapper\">\r\n<h3>Gran eficiencia<\/h3>\r\n<p>La c\u00e1mara de combusti\u00f3n se ha concebido para una carga t\u00e9rmica reducida y presenta una amplia superficie de intercambio de calor que permite alcanzar una excelente eficiencia t\u00e9rmica de hasta el 92\u00a0%. El dise\u00f1o del intercambio de calor tambi\u00e9n genera una ca\u00edda de presi\u00f3n \u00f3ptima en el lado del fluido y, de este modo, reduce la demanda de potencia de la bomba de circulaci\u00f3n, un factor que es importante optimizar en aquellos sistemas con flujos elevados.<\/p>\r\n<h3>Funcionamiento sencillo y fiable<\/h3>\r\n<ul>\r\n<li>La gama EPC-H se suministra lista para su conexi\u00f3n al circuito de fluido t\u00e9rmico, el suministro de combustible y los sistemas de alimentaci\u00f3n y escape, lo que permite una instalaci\u00f3n r\u00e1pida y directa.<\/li>\r\n<li>El quemador de Babcock\u00a0Wanson, de dise\u00f1o robusto y eficacia demostrada, se ha desarrollado en paralelo a la c\u00e1mara de combusti\u00f3n y los pasos de gases de escape. Con un funcionamiento de alto rendimiento, este dise\u00f1o optimizado garantiza una mayor vida \u00fatil.<\/li>\r\n<li>A pesar de funcionar con potencias elevadas, la gama EPC-H logra cumplir las exigencias ambientales m\u00e1s restrictivas en t\u00e9rminos de emisiones de gases de escape.<\/li>\r\n<li>Los sistemas de supervisi\u00f3n del flujo dise\u00f1ados para este calentador aseguran una vida \u00fatil del fluido fiable y sin problemas.<\/li>\r\n<li>Gracias a su sencillez de funcionamiento y mantenimiento, la gama EPC-H es la opci\u00f3n ideal para proyectos de mayor demanda y emisiones muy bajas.<\/li>\r\n<\/ul>\r\n<h3>Respetuoso con el medioambiente<\/h3>\r\n<ul>\r\n<li>Dise\u00f1os basados en tecnolog\u00eda probada para garantizar un consumo de combustible reducido y un funcionamiento sencillo.<\/li>\r\n<li>Refractario interno m\u00ednimo que facilita el funcionamiento y el mantenimiento durante un largo periodo de tiempo.<\/li>\r\n<li>Los sistemas de calentamiento por fluido t\u00e9rmico de alto rendimiento con flujo de gases de escape reducido proporcionan ventajas ambientales significativas.<\/li>\r\n<\/ul>\r\n<h3>Una gama completa de equipos auxiliares<\/h3>\r\n<ul>\r\n<li>Bombas de fluido de transferencia de calor<\/li>\r\n<li>Desgasificador y tanque de expansi\u00f3n combinados de Babcock\u00a0Wanson<\/li>\r\n<li>V\u00e1lvulas y controles de sistemas<\/li>\r\n<li>Intercambiadores de calor y equipos auxiliares + proyectos llave en mano por encargo<\/li>\r\n<\/ul>\r\n<h2>Calderas de fluido t\u00e9rmico EPC-H<\/h2>\r\n<table>\r\n<tbody>\r\n<tr>\r\n<th>EPC-H<\/th>\r\n<th>Modelo<\/th>\r\n<th>2000<\/th>\r\n<th>3000<\/th>\r\n<th>4000<\/th>\r\n<th>5000<\/th>\r\n<th>6000<\/th>\r\n<th>7000<\/th>\r\n<th>8000<\/th>\r\n<th>10000<\/th>\r\n<th>12000<\/th>\r\n<\/tr>\r\n<tr>\r\n<th>Producci\u00f3n<\/th>\r\n<th>kCal\/hx1000<\/th>\r\n<td>2000<\/td>\r\n<td>3000<\/td>\r\n<td>4000<\/td>\r\n<td>5000<\/td>\r\n<td>6000<\/td>\r\n<td>7000<\/td>\r\n<td>8000<\/td>\r\n<td>10000<\/td>\r\n<td>12000<\/td>\r\n<\/tr>\r\n<tr>\r\n<th>\u00a0<\/th>\r\n<th>Kw<\/th>\r\n<td>2326<\/td>\r\n<td>3488<\/td>\r\n<td>4651<\/td>\r\n<td>5814<\/td>\r\n<td>6977<\/td>\r\n<td>8140<\/td>\r\n<td>9302<\/td>\r\n<td>11628<\/td>\r\n<td>13953<\/td>\r\n<\/tr>\r\n<tr>\r\n<th>Anchura<\/th>\r\n<th>mm<\/th>\r\n<td>2368<\/td>\r\n<td>2472<\/td>\r\n<td>2668<\/td>\r\n<td>2768<\/td>\r\n<td>3096<\/td>\r\n<td>3268<\/td>\r\n<td>3268<\/td>\r\n<td>3668<\/td>\r\n<td>3668<\/td>\r\n<\/tr>\r\n<tr>\r\n<th>Longitud<\/th>\r\n<th>mm<\/th>\r\n<td>5744<\/td>\r\n<td>6557<\/td>\r\n<td>6921<\/td>\r\n<td>7191<\/td>\r\n<td>7391<\/td>\r\n<td>8450<\/td>\r\n<td>9058<\/td>\r\n<td>9595<\/td>\r\n<td>9595<\/td>\r\n<\/tr>\r\n<tr>\r\n<th>Altura<\/th>\r\n<th>mm<\/th>\r\n<td>2413<\/td>\r\n<td>2543<\/td>\r\n<td>2795<\/td>\r\n<td>2901<\/td>\r\n<td>3216<\/td>\r\n<td>3462<\/td>\r\n<td>3512<\/td>\r\n<td>3797<\/td>\r\n<td>4091<\/td>\r\n<\/tr>\r\n<\/tbody>\r\n<\/table>\r\n<\/div><!-- .vgblk-rw-wrapper -->","protected":false},"excerpt":{"rendered":"<p><strong>Desde 2.000.000 hasta 12.000.000 kCal\/h (desde 2326 hasta 13 953 kW)<\/strong> <br \/>La caldera EPC-H de Babcock Wanson es un sistema de fluido t\u00e9rmico multipaso con quemador y construcci\u00f3n tubular horizontal que garantiza un funcionamiento de alto rendimiento con gas natural, GLP, fueles ligeros y diferentes biocombustibles espec\u00edficos. La caldera EPC-H se ha dise\u00f1ado para su compatibilidad con una gran variedad de industrias de procesos, as\u00ed como para ofrecer un funcionamiento eficiente, sencillo, seguro y fiable.<\/p>\n","protected":false},"featured_media":32980,"comment_status":"closed","ping_status":"closed","template":"","meta":{"_acf_changed":false,"_relevanssi_hide_post":"","_relevanssi_hide_content":"","_relevanssi_pin_for_all":"","_relevanssi_pin_keywords":"","_relevanssi_unpin_keywords":"","_relevanssi_related_keywords":"","_relevanssi_related_include_ids":"","_relevanssi_related_exclude_ids":"","_relevanssi_related_no_append":"","_relevanssi_related_not_related":"","_relevanssi_related_posts":"","_relevanssi_noindex_reason":""},"product_brand":[],"product_cat":[5824],"product_tag":[],"class_list":{"0":"post-33767","1":"product","2":"type-product","3":"status-publish","4":"has-post-thumbnail","6":"product_cat-calderas-de-fluido-termico","8":"first","9":"instock","10":"shipping-taxable","11":"product-type-simple"},"acf":[],"yoast_head":"<!-- This site is optimized with the Yoast SEO Premium plugin v27.4 (Yoast SEO v27.4) - https:\/\/yoast.com\/product\/yoast-seo-premium-wordpress\/ -->\n<title>EPC-H Series Thermal Fluid Heaters - Babcock Wanson<\/title>\n<meta name=\"description\" content=\"The EPC-H Heater has been designed to be suitable for a wide range of process industries and to be efficient, simple, safe and reliable in operation. Click here to learn more\" \/>\n<meta name=\"robots\" content=\"index, follow, max-snippet:-1, max-image-preview:large, max-video-preview:-1\" \/>\n<link rel=\"canonical\" href=\"https:\/\/www.babcock-wanson.com\/es\/productos\/calderas-de-fluido-termico\/epc-h\/\" \/>\n<meta property=\"og:locale\" content=\"es_ES\" \/>\n<meta property=\"og:type\" content=\"article\" \/>\n<meta property=\"og:title\" content=\"EPC-H\" \/>\n<meta property=\"og:description\" content=\"The EPC-H Heater has been designed to be suitable for a wide range of process industries and to be efficient, simple, safe and reliable in operation. Click here to learn more\" \/>\n<meta property=\"og:url\" content=\"https:\/\/www.babcock-wanson.com\/es\/productos\/calderas-de-fluido-termico\/epc-h\/\" \/>\n<meta property=\"og:site_name\" content=\"Babcock Wanson\" \/>\n<meta property=\"article:modified_time\" content=\"2020-09-03T10:42:18+00:00\" \/>\n<meta property=\"og:image\" content=\"https:\/\/www.babcock-wanson.com\/wp-content\/uploads\/2018\/08\/EPC-H-Thermal-Fluid-Heater-3.jpg\" \/>\n\t<meta property=\"og:image:width\" content=\"600\" \/>\n\t<meta property=\"og:image:height\" content=\"400\" \/>\n\t<meta property=\"og:image:type\" content=\"image\/jpeg\" \/>\n<meta name=\"twitter:card\" content=\"summary_large_image\" \/>\n<meta name=\"twitter:label1\" content=\"Est. reading time\" \/>\n\t<meta name=\"twitter:data1\" content=\"2 minutos\" \/>\n<script type=\"application\/ld+json\" class=\"yoast-schema-graph\">{\"@context\":\"https:\\\/\\\/schema.org\",\"@graph\":[{\"@type\":\"WebPage\",\"@id\":\"https:\\\/\\\/www.babcock-wanson.com\\\/es\\\/productos\\\/calderas-de-fluido-termico\\\/epc-h\\\/\",\"url\":\"https:\\\/\\\/www.babcock-wanson.com\\\/es\\\/productos\\\/calderas-de-fluido-termico\\\/epc-h\\\/\",\"name\":\"EPC-H Series Thermal Fluid Heaters - Babcock Wanson\",\"isPartOf\":{\"@id\":\"https:\\\/\\\/www.babcock-wanson.com\\\/es\\\/#website\"},\"primaryImageOfPage\":{\"@id\":\"https:\\\/\\\/www.babcock-wanson.com\\\/es\\\/productos\\\/calderas-de-fluido-termico\\\/epc-h\\\/#primaryimage\"},\"image\":{\"@id\":\"https:\\\/\\\/www.babcock-wanson.com\\\/es\\\/productos\\\/calderas-de-fluido-termico\\\/epc-h\\\/#primaryimage\"},\"thumbnailUrl\":\"https:\\\/\\\/www.babcock-wanson.com\\\/wp-content\\\/uploads\\\/2018\\\/08\\\/EPC-H-Thermal-Fluid-Heater-3.jpg\",\"datePublished\":\"2018-08-15T10:32:09+00:00\",\"dateModified\":\"2020-09-03T10:42:18+00:00\",\"description\":\"The EPC-H Heater has been designed to be suitable for a wide range of process industries and to be efficient, simple, safe and reliable in operation. Click here to learn more\",\"breadcrumb\":{\"@id\":\"https:\\\/\\\/www.babcock-wanson.com\\\/es\\\/productos\\\/calderas-de-fluido-termico\\\/epc-h\\\/#breadcrumb\"},\"inLanguage\":\"es\",\"potentialAction\":[{\"@type\":\"ReadAction\",\"target\":[\"https:\\\/\\\/www.babcock-wanson.com\\\/es\\\/productos\\\/calderas-de-fluido-termico\\\/epc-h\\\/\"]}]},{\"@type\":\"ImageObject\",\"inLanguage\":\"es\",\"@id\":\"https:\\\/\\\/www.babcock-wanson.com\\\/es\\\/productos\\\/calderas-de-fluido-termico\\\/epc-h\\\/#primaryimage\",\"url\":\"https:\\\/\\\/www.babcock-wanson.com\\\/wp-content\\\/uploads\\\/2018\\\/08\\\/EPC-H-Thermal-Fluid-Heater-3.jpg\",\"contentUrl\":\"https:\\\/\\\/www.babcock-wanson.com\\\/wp-content\\\/uploads\\\/2018\\\/08\\\/EPC-H-Thermal-Fluid-Heater-3.jpg\",\"width\":600,\"height\":400,\"caption\":\"EPC-H-Calentadores-de-fluido-termico\"},{\"@type\":\"BreadcrumbList\",\"@id\":\"https:\\\/\\\/www.babcock-wanson.com\\\/es\\\/productos\\\/calderas-de-fluido-termico\\\/epc-h\\\/#breadcrumb\",\"itemListElement\":[{\"@type\":\"ListItem\",\"position\":1,\"name\":\"Inicio\",\"item\":\"https:\\\/\\\/www.babcock-wanson.com\\\/es\\\/\"},{\"@type\":\"ListItem\",\"position\":2,\"name\":\"Productos\",\"item\":\"https:\\\/\\\/www.babcock-wanson.com\\\/es\\\/shop\\\/\"},{\"@type\":\"ListItem\",\"position\":3,\"name\":\"Calderas de fluido t\u00e9rmico\",\"item\":\"https:\\\/\\\/www.babcock-wanson.com\\\/es\\\/categoria-producto\\\/calderas-de-fluido-termico\\\/\"},{\"@type\":\"ListItem\",\"position\":4,\"name\":\"EPC-H\"}]},{\"@type\":\"WebSite\",\"@id\":\"https:\\\/\\\/www.babcock-wanson.com\\\/es\\\/#website\",\"url\":\"https:\\\/\\\/www.babcock-wanson.com\\\/es\\\/\",\"name\":\"Babcock Wanson\",\"description\":\"\",\"publisher\":{\"@id\":\"https:\\\/\\\/www.babcock-wanson.com\\\/es\\\/#organization\"},\"potentialAction\":[{\"@type\":\"SearchAction\",\"target\":{\"@type\":\"EntryPoint\",\"urlTemplate\":\"https:\\\/\\\/www.babcock-wanson.com\\\/es\\\/?s={search_term_string}\"},\"query-input\":{\"@type\":\"PropertyValueSpecification\",\"valueRequired\":true,\"valueName\":\"search_term_string\"}}],\"inLanguage\":\"es\"},{\"@type\":\"Organization\",\"@id\":\"https:\\\/\\\/www.babcock-wanson.com\\\/es\\\/#organization\",\"name\":\"Babcock Wanson\",\"url\":\"https:\\\/\\\/www.babcock-wanson.com\\\/es\\\/\",\"logo\":{\"@type\":\"ImageObject\",\"inLanguage\":\"es\",\"@id\":\"https:\\\/\\\/www.babcock-wanson.com\\\/es\\\/#\\\/schema\\\/logo\\\/image\\\/\",\"url\":\"https:\\\/\\\/www.babcock-wanson.com\\\/wp-content\\\/uploads\\\/2024\\\/02\\\/Babcock-Wanson-1200x1200-1.png\",\"contentUrl\":\"https:\\\/\\\/www.babcock-wanson.com\\\/wp-content\\\/uploads\\\/2024\\\/02\\\/Babcock-Wanson-1200x1200-1.png\",\"width\":1200,\"height\":1200,\"caption\":\"Babcock Wanson\"},\"image\":{\"@id\":\"https:\\\/\\\/www.babcock-wanson.com\\\/es\\\/#\\\/schema\\\/logo\\\/image\\\/\"},\"sameAs\":[\"https:\\\/\\\/www.linkedin.com\\\/company\\\/babcock-wanson\\\/\",\"https:\\\/\\\/www.youtube.com\\\/channel\\\/UCtxl25VieBBsP2kYmtlyv7A\"]}]}<\/script>\n<!-- \/ Yoast SEO Premium plugin. -->","yoast_head_json":{"title":"EPC-H Series Thermal Fluid Heaters - Babcock Wanson","description":"The EPC-H Heater has been designed to be suitable for a wide range of process industries and to be efficient, simple, safe and reliable in operation. Click here to learn more","robots":{"index":"index","follow":"follow","max-snippet":"max-snippet:-1","max-image-preview":"max-image-preview:large","max-video-preview":"max-video-preview:-1"},"canonical":"https:\/\/www.babcock-wanson.com\/es\/productos\/calderas-de-fluido-termico\/epc-h\/","og_locale":"es_ES","og_type":"article","og_title":"EPC-H","og_description":"The EPC-H Heater has been designed to be suitable for a wide range of process industries and to be efficient, simple, safe and reliable in operation. Click here to learn more","og_url":"https:\/\/www.babcock-wanson.com\/es\/productos\/calderas-de-fluido-termico\/epc-h\/","og_site_name":"Babcock Wanson","article_modified_time":"2020-09-03T10:42:18+00:00","og_image":[{"width":600,"height":400,"url":"https:\/\/www.babcock-wanson.com\/wp-content\/uploads\/2018\/08\/EPC-H-Thermal-Fluid-Heater-3.jpg","type":"image\/jpeg"}],"twitter_card":"summary_large_image","twitter_misc":{"Est. reading time":"2 minutos"},"schema":{"@context":"https:\/\/schema.org","@graph":[{"@type":"WebPage","@id":"https:\/\/www.babcock-wanson.com\/es\/productos\/calderas-de-fluido-termico\/epc-h\/","url":"https:\/\/www.babcock-wanson.com\/es\/productos\/calderas-de-fluido-termico\/epc-h\/","name":"EPC-H Series Thermal Fluid Heaters - Babcock Wanson","isPartOf":{"@id":"https:\/\/www.babcock-wanson.com\/es\/#website"},"primaryImageOfPage":{"@id":"https:\/\/www.babcock-wanson.com\/es\/productos\/calderas-de-fluido-termico\/epc-h\/#primaryimage"},"image":{"@id":"https:\/\/www.babcock-wanson.com\/es\/productos\/calderas-de-fluido-termico\/epc-h\/#primaryimage"},"thumbnailUrl":"https:\/\/www.babcock-wanson.com\/wp-content\/uploads\/2018\/08\/EPC-H-Thermal-Fluid-Heater-3.jpg","datePublished":"2018-08-15T10:32:09+00:00","dateModified":"2020-09-03T10:42:18+00:00","description":"The EPC-H Heater has been designed to be suitable for a wide range of process industries and to be efficient, simple, safe and reliable in operation. Click here to learn more","breadcrumb":{"@id":"https:\/\/www.babcock-wanson.com\/es\/productos\/calderas-de-fluido-termico\/epc-h\/#breadcrumb"},"inLanguage":"es","potentialAction":[{"@type":"ReadAction","target":["https:\/\/www.babcock-wanson.com\/es\/productos\/calderas-de-fluido-termico\/epc-h\/"]}]},{"@type":"ImageObject","inLanguage":"es","@id":"https:\/\/www.babcock-wanson.com\/es\/productos\/calderas-de-fluido-termico\/epc-h\/#primaryimage","url":"https:\/\/www.babcock-wanson.com\/wp-content\/uploads\/2018\/08\/EPC-H-Thermal-Fluid-Heater-3.jpg","contentUrl":"https:\/\/www.babcock-wanson.com\/wp-content\/uploads\/2018\/08\/EPC-H-Thermal-Fluid-Heater-3.jpg","width":600,"height":400,"caption":"EPC-H-Calentadores-de-fluido-termico"},{"@type":"BreadcrumbList","@id":"https:\/\/www.babcock-wanson.com\/es\/productos\/calderas-de-fluido-termico\/epc-h\/#breadcrumb","itemListElement":[{"@type":"ListItem","position":1,"name":"Inicio","item":"https:\/\/www.babcock-wanson.com\/es\/"},{"@type":"ListItem","position":2,"name":"Productos","item":"https:\/\/www.babcock-wanson.com\/es\/shop\/"},{"@type":"ListItem","position":3,"name":"Calderas de fluido t\u00e9rmico","item":"https:\/\/www.babcock-wanson.com\/es\/categoria-producto\/calderas-de-fluido-termico\/"},{"@type":"ListItem","position":4,"name":"EPC-H"}]},{"@type":"WebSite","@id":"https:\/\/www.babcock-wanson.com\/es\/#website","url":"https:\/\/www.babcock-wanson.com\/es\/","name":"Babcock Wanson","description":"","publisher":{"@id":"https:\/\/www.babcock-wanson.com\/es\/#organization"},"potentialAction":[{"@type":"SearchAction","target":{"@type":"EntryPoint","urlTemplate":"https:\/\/www.babcock-wanson.com\/es\/?s={search_term_string}"},"query-input":{"@type":"PropertyValueSpecification","valueRequired":true,"valueName":"search_term_string"}}],"inLanguage":"es"},{"@type":"Organization","@id":"https:\/\/www.babcock-wanson.com\/es\/#organization","name":"Babcock Wanson","url":"https:\/\/www.babcock-wanson.com\/es\/","logo":{"@type":"ImageObject","inLanguage":"es","@id":"https:\/\/www.babcock-wanson.com\/es\/#\/schema\/logo\/image\/","url":"https:\/\/www.babcock-wanson.com\/wp-content\/uploads\/2024\/02\/Babcock-Wanson-1200x1200-1.png","contentUrl":"https:\/\/www.babcock-wanson.com\/wp-content\/uploads\/2024\/02\/Babcock-Wanson-1200x1200-1.png","width":1200,"height":1200,"caption":"Babcock Wanson"},"image":{"@id":"https:\/\/www.babcock-wanson.com\/es\/#\/schema\/logo\/image\/"},"sameAs":["https:\/\/www.linkedin.com\/company\/babcock-wanson\/","https:\/\/www.youtube.com\/channel\/UCtxl25VieBBsP2kYmtlyv7A"]}]}},"jetpack_sharing_enabled":true,"_links":{"self":[{"href":"https:\/\/www.babcock-wanson.com\/es\/wp-json\/wp\/v2\/product\/33767","targetHints":{"allow":["GET"]}}],"collection":[{"href":"https:\/\/www.babcock-wanson.com\/es\/wp-json\/wp\/v2\/product"}],"about":[{"href":"https:\/\/www.babcock-wanson.com\/es\/wp-json\/wp\/v2\/types\/product"}],"replies":[{"embeddable":true,"href":"https:\/\/www.babcock-wanson.com\/es\/wp-json\/wp\/v2\/comments?post=33767"}],"wp:featuredmedia":[{"embeddable":true,"href":"https:\/\/www.babcock-wanson.com\/es\/wp-json\/wp\/v2\/media\/32980"}],"wp:attachment":[{"href":"https:\/\/www.babcock-wanson.com\/es\/wp-json\/wp\/v2\/media?parent=33767"}],"wp:term":[{"taxonomy":"product_brand","embeddable":true,"href":"https:\/\/www.babcock-wanson.com\/es\/wp-json\/wp\/v2\/product_brand?post=33767"},{"taxonomy":"product_cat","embeddable":true,"href":"https:\/\/www.babcock-wanson.com\/es\/wp-json\/wp\/v2\/product_cat?post=33767"},{"taxonomy":"product_tag","embeddable":true,"href":"https:\/\/www.babcock-wanson.com\/es\/wp-json\/wp\/v2\/product_tag?post=33767"}],"curies":[{"name":"wp","href":"https:\/\/api.w.org\/{rel}","templated":true}]}}