{"id":33777,"date":"2018-08-15T11:32:18","date_gmt":"2018-08-15T10:32:18","guid":{"rendered":"https:\/\/www.babcock-wanson.com\/products\/sin%20categor\u00eda\/tpc-b-series\/"},"modified":"2022-01-13T23:11:24","modified_gmt":"2022-01-13T23:11:24","slug":"tpc-b","status":"publish","type":"product","link":"https:\/\/www.babcock-wanson.com\/es\/productos\/calderas-de-fluido-termico\/tpc-b\/","title":{"rendered":"TPC-B"},"content":{"rendered":"<div class=\"vgblk-rw-wrapper limit-wrapper\">\r\n<h3>Funcionamiento sencillo y fiable<\/h3>\r\n<ul>\r\n<li>La gama TPC-B incluye una carcasa externa integral refrigerada por aire que cumple una doble funci\u00f3n: por un lado, la de <a href=\"https:\/\/www.babcock-wanson.com\/es\/productos\/sistemas-de-recuperacion-de-calor\/economizadores\/\" target=\"_blank\" rel=\"noopener\">economizador<\/a> \/ precalentador de aire de combusti\u00f3n y, por el otro, la de aislamiento constante entre los gases de combusti\u00f3n calientes y la estructura externa. Esta caracter\u00edstica asegura un funcionamiento de m\u00e1xima seguridad y una prolongada vida \u00fatil del calentador.<\/li>\r\n<li>El sistema de control perfectamente integrado y probado en f\u00e1brica garantiza una instalaci\u00f3n sencilla en el emplazamiento.<\/li>\r\n<\/ul>\r\n<h3>Respetuoso con el medioambiente<\/h3>\r\n<ul>\r\n<li>El quemador integrado de Babcock\u00a0Wanson garantiza un consumo eficiente de combustible, un mantenimiento sencillo y el cumplimiento de la normativa sobre emisiones.<\/li>\r\n<li>Los sistemas de fluido t\u00e9rmico de alto rendimiento ofrecen ventajas ambientales significativas y unas emisiones totales reducidas.<\/li>\r\n<\/ul>\r\n<h3>Una gama completa de equipos auxiliares<\/h3>\r\n<ul>\r\n<li>Bombas de fluido de transferencia de calor<\/li>\r\n<li>Desgasificador y tanque de expansi\u00f3n combinados de Babcock Wanson<\/li>\r\n<li>V\u00e1lvulas y controles<\/li>\r\n<li>Accesorios del sistema e intercambiadores de calor<\/li>\r\n<\/ul>\r\n<h2>Calderas de fluido t\u00e9rmico TPC-B<\/h2>\r\n<table>\r\n<tbody>\r\n<tr>\r\n<th>TPC- B<\/th>\r\n<th>modelo<\/th>\r\n<th>100 B<\/th>\r\n<th>200 B<\/th>\r\n<th>400 B<\/th>\r\n<th>600 B<\/th>\r\n<th>1000 B<\/th>\r\n<th>1500 B<\/th>\r\n<th>2000 B<\/th>\r\n<th>2500 SC<\/th>\r\n<th>3000 SC<\/th>\r\n<th>3000 B<\/th>\r\n<th>4000 B<\/th>\r\n<th>5000 B<\/th>\r\n<th>6000 B<\/th>\r\n<\/tr>\r\n<tr>\r\n<th rowspan=\"2\">Salida<\/th>\r\n<th>kcal\/h x 1000<\/th>\r\n<td>100<\/td>\r\n<td>200<\/td>\r\n<td>400<\/td>\r\n<td>600<\/td>\r\n<td>1000<\/td>\r\n<td>1500<\/td>\r\n<td>2000<\/td>\r\n<td>2500<\/td>\r\n<td>3000<\/td>\r\n<td>3000<\/td>\r\n<td>4000<\/td>\r\n<td>5000<\/td>\r\n<td>6000<\/td>\r\n<\/tr>\r\n<tr>\r\n<th>kW<\/th>\r\n<td>116<\/td>\r\n<td>232<\/td>\r\n<td>465<\/td>\r\n<td>698<\/td>\r\n<td>1163<\/td>\r\n<td>1745<\/td>\r\n<td>2326<\/td>\r\n<td>2908<\/td>\r\n<td>3489<\/td>\r\n<td>3489<\/td>\r\n<td>4652<\/td>\r\n<td>5815<\/td>\r\n<td>6978<\/td>\r\n<\/tr>\r\n<tr>\r\n<th>Anchura A<\/th>\r\n<th>mm<\/th>\r\n<td>650<\/td>\r\n<td>650<\/td>\r\n<td>850<\/td>\r\n<td>1025<\/td>\r\n<td>1255<\/td>\r\n<td>1450<\/td>\r\n<td>1790<\/td>\r\n<td>2300<\/td>\r\n<td>2770<\/td>\r\n<td>2355<\/td>\r\n<td>2355<\/td>\r\n<td>2430<\/td>\r\n<td>2725<\/td>\r\n<\/tr>\r\n<tr>\r\n<th>Longitud B<\/th>\r\n<th>mm<\/th>\r\n<td>1250<\/td>\r\n<td>1250<\/td>\r\n<td>1380<\/td>\r\n<td>1550<\/td>\r\n<td>2110<\/td>\r\n<td>2400<\/td>\r\n<td>2730<\/td>\r\n<td>3440<\/td>\r\n<td>3905<\/td>\r\n<td>3490<\/td>\r\n<td>3630<\/td>\r\n<td>3660<\/td>\r\n<td>3960<\/td>\r\n<\/tr>\r\n<tr>\r\n<th>Altura C<\/th>\r\n<th>mm<\/th>\r\n<td>1800<\/td>\r\n<td>1800<\/td>\r\n<td>1900<\/td>\r\n<td>1980<\/td>\r\n<td>2620<\/td>\r\n<td>3240<\/td>\r\n<td>3260<\/td>\r\n<td>3360<\/td>\r\n<td>3330<\/td>\r\n<td>4195<\/td>\r\n<td>5155<\/td>\r\n<td>5870<\/td>\r\n<td>6280<\/td>\r\n<\/tr>\r\n<\/tbody>\r\n<\/table>\r\n<\/div><!-- .vgblk-rw-wrapper -->","protected":false},"excerpt":{"rendered":"<p><strong>Desde 100.000 hasta 6.000.000 kCal\/h (desde 116 hasta 6978 kW).<\/strong> <br \/>La caldera de fluido t\u00e9rmico TPC-B es un equipo multipaso con quemador vertical que cuenta con una larga trayectoria de dise\u00f1o y construcci\u00f3n. La configuraci\u00f3n con quemador de llama descendente garantiza un funcionamiento libre de tensiones y una expansi\u00f3n sin restricciones de los serpentines del calentador durante el funcionamiento normal. Esta caldera se ha dise\u00f1ado para funcionar en una amplia variedad de industrias y con diferentes fluidos de transferencia de calor. Adem\u00e1s, es posible emplear varios combustibles gaseosos o l\u00edquidos distintos.<\/p>\n","protected":false},"featured_media":32605,"comment_status":"closed","ping_status":"closed","template":"","meta":{"_acf_changed":false,"_relevanssi_hide_post":"","_relevanssi_hide_content":"","_relevanssi_pin_for_all":"","_relevanssi_pin_keywords":"","_relevanssi_unpin_keywords":"","_relevanssi_related_keywords":"","_relevanssi_related_include_ids":"","_relevanssi_related_exclude_ids":"","_relevanssi_related_no_append":"","_relevanssi_related_not_related":"","_relevanssi_related_posts":"","_relevanssi_noindex_reason":""},"product_brand":[],"product_cat":[5824],"product_tag":[],"class_list":{"0":"post-33777","1":"product","2":"type-product","3":"status-publish","4":"has-post-thumbnail","6":"product_cat-calderas-de-fluido-termico","8":"first","9":"instock","10":"shipping-taxable","11":"product-type-simple"},"acf":[],"yoast_head":"<!-- This site is optimized with the Yoast SEO Premium plugin v27.4 (Yoast SEO v27.4) - https:\/\/yoast.com\/product\/yoast-seo-premium-wordpress\/ -->\n<title>Caldera de fluido t\u00e9rmico TPC-B<\/title>\n<meta name=\"description\" content=\"La caldera de fluido t\u00e9rmico TPC-B es un equipo multipaso con quemador vertical que cuenta con una larga trayectoria de dise\u00f1o y construcci\u00f3n.\" \/>\n<meta name=\"robots\" content=\"index, follow, max-snippet:-1, max-image-preview:large, max-video-preview:-1\" \/>\n<link rel=\"canonical\" href=\"https:\/\/www.babcock-wanson.com\/es\/productos\/calderas-de-fluido-termico\/tpc-b\/\" \/>\n<meta property=\"og:locale\" content=\"es_ES\" \/>\n<meta property=\"og:type\" content=\"article\" \/>\n<meta property=\"og:title\" content=\"TPC-B\" \/>\n<meta property=\"og:description\" content=\"La caldera de fluido t\u00e9rmico TPC-B es un equipo multipaso con quemador vertical que cuenta con una larga trayectoria de dise\u00f1o y construcci\u00f3n.\" \/>\n<meta property=\"og:url\" content=\"https:\/\/www.babcock-wanson.com\/es\/productos\/calderas-de-fluido-termico\/tpc-b\/\" \/>\n<meta property=\"og:site_name\" content=\"Babcock Wanson\" \/>\n<meta property=\"article:modified_time\" content=\"2022-01-13T23:11:24+00:00\" \/>\n<meta property=\"og:image\" content=\"https:\/\/www.babcock-wanson.com\/wp-content\/uploads\/2018\/08\/TC-B-Series-side-by-side.jpg\" \/>\n\t<meta property=\"og:image:width\" content=\"600\" \/>\n\t<meta property=\"og:image:height\" content=\"401\" \/>\n\t<meta property=\"og:image:type\" content=\"image\/jpeg\" \/>\n<meta name=\"twitter:card\" content=\"summary_large_image\" \/>\n<meta name=\"twitter:label1\" content=\"Est. reading time\" \/>\n\t<meta name=\"twitter:data1\" content=\"2 minutos\" \/>\n<script type=\"application\/ld+json\" class=\"yoast-schema-graph\">{\"@context\":\"https:\\\/\\\/schema.org\",\"@graph\":[{\"@type\":\"WebPage\",\"@id\":\"https:\\\/\\\/www.babcock-wanson.com\\\/es\\\/productos\\\/calderas-de-fluido-termico\\\/tpc-b\\\/\",\"url\":\"https:\\\/\\\/www.babcock-wanson.com\\\/es\\\/productos\\\/calderas-de-fluido-termico\\\/tpc-b\\\/\",\"name\":\"Caldera de fluido t\u00e9rmico TPC-B\",\"isPartOf\":{\"@id\":\"https:\\\/\\\/www.babcock-wanson.com\\\/es\\\/#website\"},\"primaryImageOfPage\":{\"@id\":\"https:\\\/\\\/www.babcock-wanson.com\\\/es\\\/productos\\\/calderas-de-fluido-termico\\\/tpc-b\\\/#primaryimage\"},\"image\":{\"@id\":\"https:\\\/\\\/www.babcock-wanson.com\\\/es\\\/productos\\\/calderas-de-fluido-termico\\\/tpc-b\\\/#primaryimage\"},\"thumbnailUrl\":\"https:\\\/\\\/www.babcock-wanson.com\\\/wp-content\\\/uploads\\\/2018\\\/08\\\/TC-B-Series-side-by-side.jpg\",\"datePublished\":\"2018-08-15T10:32:18+00:00\",\"dateModified\":\"2022-01-13T23:11:24+00:00\",\"description\":\"La caldera de fluido t\u00e9rmico TPC-B es un equipo multipaso con quemador vertical que cuenta con una larga trayectoria de dise\u00f1o y construcci\u00f3n.\",\"breadcrumb\":{\"@id\":\"https:\\\/\\\/www.babcock-wanson.com\\\/es\\\/productos\\\/calderas-de-fluido-termico\\\/tpc-b\\\/#breadcrumb\"},\"inLanguage\":\"es\",\"potentialAction\":[{\"@type\":\"ReadAction\",\"target\":[\"https:\\\/\\\/www.babcock-wanson.com\\\/es\\\/productos\\\/calderas-de-fluido-termico\\\/tpc-b\\\/\"]}]},{\"@type\":\"ImageObject\",\"inLanguage\":\"es\",\"@id\":\"https:\\\/\\\/www.babcock-wanson.com\\\/es\\\/productos\\\/calderas-de-fluido-termico\\\/tpc-b\\\/#primaryimage\",\"url\":\"https:\\\/\\\/www.babcock-wanson.com\\\/wp-content\\\/uploads\\\/2018\\\/08\\\/TC-B-Series-side-by-side.jpg\",\"contentUrl\":\"https:\\\/\\\/www.babcock-wanson.com\\\/wp-content\\\/uploads\\\/2018\\\/08\\\/TC-B-Series-side-by-side.jpg\",\"width\":600,\"height\":401},{\"@type\":\"BreadcrumbList\",\"@id\":\"https:\\\/\\\/www.babcock-wanson.com\\\/es\\\/productos\\\/calderas-de-fluido-termico\\\/tpc-b\\\/#breadcrumb\",\"itemListElement\":[{\"@type\":\"ListItem\",\"position\":1,\"name\":\"Inicio\",\"item\":\"https:\\\/\\\/www.babcock-wanson.com\\\/es\\\/\"},{\"@type\":\"ListItem\",\"position\":2,\"name\":\"Productos\",\"item\":\"https:\\\/\\\/www.babcock-wanson.com\\\/es\\\/shop\\\/\"},{\"@type\":\"ListItem\",\"position\":3,\"name\":\"Calderas de fluido t\u00e9rmico\",\"item\":\"https:\\\/\\\/www.babcock-wanson.com\\\/es\\\/categoria-producto\\\/calderas-de-fluido-termico\\\/\"},{\"@type\":\"ListItem\",\"position\":4,\"name\":\"TPC-B\"}]},{\"@type\":\"WebSite\",\"@id\":\"https:\\\/\\\/www.babcock-wanson.com\\\/es\\\/#website\",\"url\":\"https:\\\/\\\/www.babcock-wanson.com\\\/es\\\/\",\"name\":\"Babcock Wanson\",\"description\":\"\",\"publisher\":{\"@id\":\"https:\\\/\\\/www.babcock-wanson.com\\\/es\\\/#organization\"},\"potentialAction\":[{\"@type\":\"SearchAction\",\"target\":{\"@type\":\"EntryPoint\",\"urlTemplate\":\"https:\\\/\\\/www.babcock-wanson.com\\\/es\\\/?s={search_term_string}\"},\"query-input\":{\"@type\":\"PropertyValueSpecification\",\"valueRequired\":true,\"valueName\":\"search_term_string\"}}],\"inLanguage\":\"es\"},{\"@type\":\"Organization\",\"@id\":\"https:\\\/\\\/www.babcock-wanson.com\\\/es\\\/#organization\",\"name\":\"Babcock Wanson\",\"url\":\"https:\\\/\\\/www.babcock-wanson.com\\\/es\\\/\",\"logo\":{\"@type\":\"ImageObject\",\"inLanguage\":\"es\",\"@id\":\"https:\\\/\\\/www.babcock-wanson.com\\\/es\\\/#\\\/schema\\\/logo\\\/image\\\/\",\"url\":\"https:\\\/\\\/www.babcock-wanson.com\\\/wp-content\\\/uploads\\\/2024\\\/02\\\/Babcock-Wanson-1200x1200-1.png\",\"contentUrl\":\"https:\\\/\\\/www.babcock-wanson.com\\\/wp-content\\\/uploads\\\/2024\\\/02\\\/Babcock-Wanson-1200x1200-1.png\",\"width\":1200,\"height\":1200,\"caption\":\"Babcock Wanson\"},\"image\":{\"@id\":\"https:\\\/\\\/www.babcock-wanson.com\\\/es\\\/#\\\/schema\\\/logo\\\/image\\\/\"},\"sameAs\":[\"https:\\\/\\\/www.linkedin.com\\\/company\\\/babcock-wanson\\\/\",\"https:\\\/\\\/www.youtube.com\\\/channel\\\/UCtxl25VieBBsP2kYmtlyv7A\"]}]}<\/script>\n<!-- \/ Yoast SEO Premium plugin. -->","yoast_head_json":{"title":"Caldera de fluido t\u00e9rmico TPC-B","description":"La caldera de fluido t\u00e9rmico TPC-B es un equipo multipaso con quemador vertical que cuenta con una larga trayectoria de dise\u00f1o y construcci\u00f3n.","robots":{"index":"index","follow":"follow","max-snippet":"max-snippet:-1","max-image-preview":"max-image-preview:large","max-video-preview":"max-video-preview:-1"},"canonical":"https:\/\/www.babcock-wanson.com\/es\/productos\/calderas-de-fluido-termico\/tpc-b\/","og_locale":"es_ES","og_type":"article","og_title":"TPC-B","og_description":"La caldera de fluido t\u00e9rmico TPC-B es un equipo multipaso con quemador vertical que cuenta con una larga trayectoria de dise\u00f1o y construcci\u00f3n.","og_url":"https:\/\/www.babcock-wanson.com\/es\/productos\/calderas-de-fluido-termico\/tpc-b\/","og_site_name":"Babcock Wanson","article_modified_time":"2022-01-13T23:11:24+00:00","og_image":[{"width":600,"height":401,"url":"https:\/\/www.babcock-wanson.com\/wp-content\/uploads\/2018\/08\/TC-B-Series-side-by-side.jpg","type":"image\/jpeg"}],"twitter_card":"summary_large_image","twitter_misc":{"Est. reading time":"2 minutos"},"schema":{"@context":"https:\/\/schema.org","@graph":[{"@type":"WebPage","@id":"https:\/\/www.babcock-wanson.com\/es\/productos\/calderas-de-fluido-termico\/tpc-b\/","url":"https:\/\/www.babcock-wanson.com\/es\/productos\/calderas-de-fluido-termico\/tpc-b\/","name":"Caldera de fluido t\u00e9rmico TPC-B","isPartOf":{"@id":"https:\/\/www.babcock-wanson.com\/es\/#website"},"primaryImageOfPage":{"@id":"https:\/\/www.babcock-wanson.com\/es\/productos\/calderas-de-fluido-termico\/tpc-b\/#primaryimage"},"image":{"@id":"https:\/\/www.babcock-wanson.com\/es\/productos\/calderas-de-fluido-termico\/tpc-b\/#primaryimage"},"thumbnailUrl":"https:\/\/www.babcock-wanson.com\/wp-content\/uploads\/2018\/08\/TC-B-Series-side-by-side.jpg","datePublished":"2018-08-15T10:32:18+00:00","dateModified":"2022-01-13T23:11:24+00:00","description":"La caldera de fluido t\u00e9rmico TPC-B es un equipo multipaso con quemador vertical que cuenta con una larga trayectoria de dise\u00f1o y construcci\u00f3n.","breadcrumb":{"@id":"https:\/\/www.babcock-wanson.com\/es\/productos\/calderas-de-fluido-termico\/tpc-b\/#breadcrumb"},"inLanguage":"es","potentialAction":[{"@type":"ReadAction","target":["https:\/\/www.babcock-wanson.com\/es\/productos\/calderas-de-fluido-termico\/tpc-b\/"]}]},{"@type":"ImageObject","inLanguage":"es","@id":"https:\/\/www.babcock-wanson.com\/es\/productos\/calderas-de-fluido-termico\/tpc-b\/#primaryimage","url":"https:\/\/www.babcock-wanson.com\/wp-content\/uploads\/2018\/08\/TC-B-Series-side-by-side.jpg","contentUrl":"https:\/\/www.babcock-wanson.com\/wp-content\/uploads\/2018\/08\/TC-B-Series-side-by-side.jpg","width":600,"height":401},{"@type":"BreadcrumbList","@id":"https:\/\/www.babcock-wanson.com\/es\/productos\/calderas-de-fluido-termico\/tpc-b\/#breadcrumb","itemListElement":[{"@type":"ListItem","position":1,"name":"Inicio","item":"https:\/\/www.babcock-wanson.com\/es\/"},{"@type":"ListItem","position":2,"name":"Productos","item":"https:\/\/www.babcock-wanson.com\/es\/shop\/"},{"@type":"ListItem","position":3,"name":"Calderas de fluido t\u00e9rmico","item":"https:\/\/www.babcock-wanson.com\/es\/categoria-producto\/calderas-de-fluido-termico\/"},{"@type":"ListItem","position":4,"name":"TPC-B"}]},{"@type":"WebSite","@id":"https:\/\/www.babcock-wanson.com\/es\/#website","url":"https:\/\/www.babcock-wanson.com\/es\/","name":"Babcock Wanson","description":"","publisher":{"@id":"https:\/\/www.babcock-wanson.com\/es\/#organization"},"potentialAction":[{"@type":"SearchAction","target":{"@type":"EntryPoint","urlTemplate":"https:\/\/www.babcock-wanson.com\/es\/?s={search_term_string}"},"query-input":{"@type":"PropertyValueSpecification","valueRequired":true,"valueName":"search_term_string"}}],"inLanguage":"es"},{"@type":"Organization","@id":"https:\/\/www.babcock-wanson.com\/es\/#organization","name":"Babcock Wanson","url":"https:\/\/www.babcock-wanson.com\/es\/","logo":{"@type":"ImageObject","inLanguage":"es","@id":"https:\/\/www.babcock-wanson.com\/es\/#\/schema\/logo\/image\/","url":"https:\/\/www.babcock-wanson.com\/wp-content\/uploads\/2024\/02\/Babcock-Wanson-1200x1200-1.png","contentUrl":"https:\/\/www.babcock-wanson.com\/wp-content\/uploads\/2024\/02\/Babcock-Wanson-1200x1200-1.png","width":1200,"height":1200,"caption":"Babcock Wanson"},"image":{"@id":"https:\/\/www.babcock-wanson.com\/es\/#\/schema\/logo\/image\/"},"sameAs":["https:\/\/www.linkedin.com\/company\/babcock-wanson\/","https:\/\/www.youtube.com\/channel\/UCtxl25VieBBsP2kYmtlyv7A"]}]}},"jetpack_sharing_enabled":true,"_links":{"self":[{"href":"https:\/\/www.babcock-wanson.com\/es\/wp-json\/wp\/v2\/product\/33777","targetHints":{"allow":["GET"]}}],"collection":[{"href":"https:\/\/www.babcock-wanson.com\/es\/wp-json\/wp\/v2\/product"}],"about":[{"href":"https:\/\/www.babcock-wanson.com\/es\/wp-json\/wp\/v2\/types\/product"}],"replies":[{"embeddable":true,"href":"https:\/\/www.babcock-wanson.com\/es\/wp-json\/wp\/v2\/comments?post=33777"}],"wp:featuredmedia":[{"embeddable":true,"href":"https:\/\/www.babcock-wanson.com\/es\/wp-json\/wp\/v2\/media\/32605"}],"wp:attachment":[{"href":"https:\/\/www.babcock-wanson.com\/es\/wp-json\/wp\/v2\/media?parent=33777"}],"wp:term":[{"taxonomy":"product_brand","embeddable":true,"href":"https:\/\/www.babcock-wanson.com\/es\/wp-json\/wp\/v2\/product_brand?post=33777"},{"taxonomy":"product_cat","embeddable":true,"href":"https:\/\/www.babcock-wanson.com\/es\/wp-json\/wp\/v2\/product_cat?post=33777"},{"taxonomy":"product_tag","embeddable":true,"href":"https:\/\/www.babcock-wanson.com\/es\/wp-json\/wp\/v2\/product_tag?post=33777"}],"curies":[{"name":"wp","href":"https:\/\/api.w.org\/{rel}","templated":true}]}}