{"id":33796,"date":"2018-08-15T11:34:43","date_gmt":"2018-08-15T10:34:43","guid":{"rendered":"https:\/\/www.babcock-wanson.com\/products\/sin%20categor\u00eda\/heb-series\/"},"modified":"2022-01-13T23:01:40","modified_gmt":"2022-01-13T23:01:40","slug":"heb","status":"publish","type":"product","link":"https:\/\/www.babcock-wanson.com\/es\/productos\/calderas-de-agua-caliente-industriales\/heb\/","title":{"rendered":"HEB"},"content":{"rendered":"<div class=\"vgblk-rw-wrapper limit-wrapper\">\r\n<h3>Gran eficiencia<\/h3>\r\n<ul>\r\n<li>El sistema de control perfectamente integrado y probado en f\u00e1brica garantiza un funcionamiento de gran eficiencia.<\/li>\r\n<li>Una construcci\u00f3n innovadora y plenamente comtrastada garantiza la solidez del equipo.<\/li>\r\n<li>El dise\u00f1o HEB permite una elevada eficiencia global, aproximadamente, el 96\u00a0% en condiciones de funcionamiento normales y con formato est\u00e1ndar.<\/li>\r\n<\/ul>\r\n<h3>Funcionamiento sencillo y fiable<\/h3>\r\n<ul>\r\n<li>Una combinaci\u00f3n de caldera y quemador perfectamente compatibles facilita la instalaci\u00f3n en el emplazamiento.<\/li>\r\n<li>Babcock\u00a0Wanson ofrece el sistema completo: caldera, aislamiento y revestimiento, conjunto de quemador y rampa de combustible, cuadro de control multifunci\u00f3n, puesta en servicio integral y servicio posventa.<\/li>\r\n<li>Ensamblaje completo opcional con todos los montajes para reducir al m\u00ednimo el tiempo de instalaci\u00f3n en el emplazamiento.<\/li>\r\n<li>El acceso completo al hogar sin necesidad de desmontar el quemador garantiza un mantenimiento sencillo <em>in situ<\/em> y un tiempo de inactividad m\u00ednimo.<\/li>\r\n<\/ul>\r\n<h3>Respetuoso con el medioambiente<\/h3>\r\n<ul>\r\n<li>El quemador totalmente compatible de Babcock\u00a0Wanson garantiza unas emisiones bajas y una elevada eficiencia de combusti\u00f3n que, a su vez, favorece unas emisiones globales reducidas.<\/li>\r\n<li>La caldera de agua caliente de alta eficiencia HEB ofrece ventajas ambientales significativas y cumple con el conjunto de la normativa sobre emisiones.<\/li>\r\n<\/ul>\r\n<\/div><!-- .vgblk-rw-wrapper -->","protected":false},"excerpt":{"rendered":"<p><strong>Desde 90 hasta 2.300 kW<br \/><\/strong>La caldera de agua caliente HEB de Babcock Wanson es una unidad de elevada eficiencia dise\u00f1ada, principalmente, para aplicaciones de calentamiento de procesos que requieren temperaturas bajas. Compuesta por 18 modelos que ofrecen potencias calor\u00edficas de 90 a 2.300 kW y presiones de funcionamiento m\u00e1ximas de 5 a 6 barg, la gama HEB se ha dise\u00f1ado para funcionar en una gran variedad de aplicaciones industriales.<\/p>\n<p>Los modelos HEB suministran una temperatura m\u00e1xima de salida del agua de 100 \u00b0C y, a menudo, se equipan con un quemador de modulaci\u00f3n total para permitir un control muy preciso de la temperatura del agua de proceso.<\/p>\n<p>La configuraci\u00f3n de la c\u00e1mara de combusti\u00f3n y las superficies de intercambio de calor de la serie HEB se han optimizado plenamente para adaptarlas a la geometr\u00eda de la llama del quemador asociado. El quemador HEB permite emplear diversos combustibles como gas, gasoleo, mixtos o biog\u00e1s.<\/p>\n","protected":false},"featured_media":33182,"comment_status":"closed","ping_status":"closed","template":"","meta":{"_acf_changed":false,"_relevanssi_hide_post":"","_relevanssi_hide_content":"","_relevanssi_pin_for_all":"","_relevanssi_pin_keywords":"","_relevanssi_unpin_keywords":"","_relevanssi_related_keywords":"","_relevanssi_related_include_ids":"","_relevanssi_related_exclude_ids":"","_relevanssi_related_no_append":"","_relevanssi_related_not_related":"","_relevanssi_related_posts":"","_relevanssi_noindex_reason":""},"product_brand":[],"product_cat":[5825],"product_tag":[],"class_list":{"0":"post-33796","1":"product","2":"type-product","3":"status-publish","4":"has-post-thumbnail","6":"product_cat-calderas-de-agua-caliente-industriales","8":"first","9":"instock","10":"shipping-taxable","11":"product-type-simple"},"acf":[],"yoast_head":"<!-- This site is optimized with the Yoast SEO Premium plugin v27.4 (Yoast SEO v27.4) - https:\/\/yoast.com\/product\/yoast-seo-premium-wordpress\/ -->\n<title>Caldera de agua caliente HEB<\/title>\n<meta name=\"description\" content=\"La caldera de agua caliente HEB de Babcock Wanson es una unidad de elevada eficiencia dise\u00f1ada, principalmente, para aplicaciones de calentamiento de procesos que requieren temperaturas bajas\" \/>\n<meta name=\"robots\" content=\"index, follow, max-snippet:-1, max-image-preview:large, max-video-preview:-1\" \/>\n<link rel=\"canonical\" href=\"https:\/\/www.babcock-wanson.com\/es\/productos\/calderas-de-agua-caliente-industriales\/heb\/\" \/>\n<meta property=\"og:locale\" content=\"es_ES\" \/>\n<meta property=\"og:type\" content=\"article\" \/>\n<meta property=\"og:title\" content=\"HEB\" \/>\n<meta property=\"og:description\" content=\"La caldera de agua caliente HEB de Babcock Wanson es una unidad de elevada eficiencia dise\u00f1ada, principalmente, para aplicaciones de calentamiento de procesos que requieren temperaturas bajas\" \/>\n<meta property=\"og:url\" content=\"https:\/\/www.babcock-wanson.com\/es\/productos\/calderas-de-agua-caliente-industriales\/heb\/\" \/>\n<meta property=\"og:site_name\" content=\"Babcock Wanson\" \/>\n<meta property=\"article:modified_time\" content=\"2022-01-13T23:01:40+00:00\" \/>\n<meta property=\"og:image\" content=\"https:\/\/www.babcock-wanson.com\/wp-content\/uploads\/2018\/08\/HEB-Hot-Water-Boiler-1.jpg\" \/>\n\t<meta property=\"og:image:width\" content=\"600\" \/>\n\t<meta property=\"og:image:height\" content=\"400\" \/>\n\t<meta property=\"og:image:type\" content=\"image\/jpeg\" \/>\n<meta name=\"twitter:card\" content=\"summary_large_image\" \/>\n<meta name=\"twitter:label1\" content=\"Est. reading time\" \/>\n\t<meta name=\"twitter:data1\" content=\"1 minuto\" \/>\n<script type=\"application\/ld+json\" class=\"yoast-schema-graph\">{\"@context\":\"https:\\\/\\\/schema.org\",\"@graph\":[{\"@type\":\"WebPage\",\"@id\":\"https:\\\/\\\/www.babcock-wanson.com\\\/es\\\/productos\\\/calderas-de-agua-caliente-industriales\\\/heb\\\/\",\"url\":\"https:\\\/\\\/www.babcock-wanson.com\\\/es\\\/productos\\\/calderas-de-agua-caliente-industriales\\\/heb\\\/\",\"name\":\"Caldera de agua caliente HEB\",\"isPartOf\":{\"@id\":\"https:\\\/\\\/www.babcock-wanson.com\\\/es\\\/#website\"},\"primaryImageOfPage\":{\"@id\":\"https:\\\/\\\/www.babcock-wanson.com\\\/es\\\/productos\\\/calderas-de-agua-caliente-industriales\\\/heb\\\/#primaryimage\"},\"image\":{\"@id\":\"https:\\\/\\\/www.babcock-wanson.com\\\/es\\\/productos\\\/calderas-de-agua-caliente-industriales\\\/heb\\\/#primaryimage\"},\"thumbnailUrl\":\"https:\\\/\\\/www.babcock-wanson.com\\\/wp-content\\\/uploads\\\/2018\\\/08\\\/HEB-Hot-Water-Boiler-1.jpg\",\"datePublished\":\"2018-08-15T10:34:43+00:00\",\"dateModified\":\"2022-01-13T23:01:40+00:00\",\"description\":\"La caldera de agua caliente HEB de Babcock Wanson es una unidad de elevada eficiencia dise\u00f1ada, principalmente, para aplicaciones de calentamiento de procesos que requieren temperaturas bajas\",\"breadcrumb\":{\"@id\":\"https:\\\/\\\/www.babcock-wanson.com\\\/es\\\/productos\\\/calderas-de-agua-caliente-industriales\\\/heb\\\/#breadcrumb\"},\"inLanguage\":\"es\",\"potentialAction\":[{\"@type\":\"ReadAction\",\"target\":[\"https:\\\/\\\/www.babcock-wanson.com\\\/es\\\/productos\\\/calderas-de-agua-caliente-industriales\\\/heb\\\/\"]}]},{\"@type\":\"ImageObject\",\"inLanguage\":\"es\",\"@id\":\"https:\\\/\\\/www.babcock-wanson.com\\\/es\\\/productos\\\/calderas-de-agua-caliente-industriales\\\/heb\\\/#primaryimage\",\"url\":\"https:\\\/\\\/www.babcock-wanson.com\\\/wp-content\\\/uploads\\\/2018\\\/08\\\/HEB-Hot-Water-Boiler-1.jpg\",\"contentUrl\":\"https:\\\/\\\/www.babcock-wanson.com\\\/wp-content\\\/uploads\\\/2018\\\/08\\\/HEB-Hot-Water-Boiler-1.jpg\",\"width\":600,\"height\":400,\"caption\":\"HEB-Calderas-de-agua-caliente\"},{\"@type\":\"BreadcrumbList\",\"@id\":\"https:\\\/\\\/www.babcock-wanson.com\\\/es\\\/productos\\\/calderas-de-agua-caliente-industriales\\\/heb\\\/#breadcrumb\",\"itemListElement\":[{\"@type\":\"ListItem\",\"position\":1,\"name\":\"Inicio\",\"item\":\"https:\\\/\\\/www.babcock-wanson.com\\\/es\\\/\"},{\"@type\":\"ListItem\",\"position\":2,\"name\":\"Productos\",\"item\":\"https:\\\/\\\/www.babcock-wanson.com\\\/es\\\/shop\\\/\"},{\"@type\":\"ListItem\",\"position\":3,\"name\":\"Calderas de agua caliente industriales\",\"item\":\"https:\\\/\\\/www.babcock-wanson.com\\\/es\\\/categoria-producto\\\/calderas-de-agua-caliente-industriales\\\/\"},{\"@type\":\"ListItem\",\"position\":4,\"name\":\"HEB\"}]},{\"@type\":\"WebSite\",\"@id\":\"https:\\\/\\\/www.babcock-wanson.com\\\/es\\\/#website\",\"url\":\"https:\\\/\\\/www.babcock-wanson.com\\\/es\\\/\",\"name\":\"Babcock Wanson\",\"description\":\"\",\"publisher\":{\"@id\":\"https:\\\/\\\/www.babcock-wanson.com\\\/es\\\/#organization\"},\"potentialAction\":[{\"@type\":\"SearchAction\",\"target\":{\"@type\":\"EntryPoint\",\"urlTemplate\":\"https:\\\/\\\/www.babcock-wanson.com\\\/es\\\/?s={search_term_string}\"},\"query-input\":{\"@type\":\"PropertyValueSpecification\",\"valueRequired\":true,\"valueName\":\"search_term_string\"}}],\"inLanguage\":\"es\"},{\"@type\":\"Organization\",\"@id\":\"https:\\\/\\\/www.babcock-wanson.com\\\/es\\\/#organization\",\"name\":\"Babcock Wanson\",\"url\":\"https:\\\/\\\/www.babcock-wanson.com\\\/es\\\/\",\"logo\":{\"@type\":\"ImageObject\",\"inLanguage\":\"es\",\"@id\":\"https:\\\/\\\/www.babcock-wanson.com\\\/es\\\/#\\\/schema\\\/logo\\\/image\\\/\",\"url\":\"https:\\\/\\\/www.babcock-wanson.com\\\/wp-content\\\/uploads\\\/2024\\\/02\\\/Babcock-Wanson-1200x1200-1.png\",\"contentUrl\":\"https:\\\/\\\/www.babcock-wanson.com\\\/wp-content\\\/uploads\\\/2024\\\/02\\\/Babcock-Wanson-1200x1200-1.png\",\"width\":1200,\"height\":1200,\"caption\":\"Babcock Wanson\"},\"image\":{\"@id\":\"https:\\\/\\\/www.babcock-wanson.com\\\/es\\\/#\\\/schema\\\/logo\\\/image\\\/\"},\"sameAs\":[\"https:\\\/\\\/www.linkedin.com\\\/company\\\/babcock-wanson\\\/\",\"https:\\\/\\\/www.youtube.com\\\/channel\\\/UCtxl25VieBBsP2kYmtlyv7A\"]}]}<\/script>\n<!-- \/ Yoast SEO Premium plugin. -->","yoast_head_json":{"title":"Caldera de agua caliente HEB","description":"La caldera de agua caliente HEB de Babcock Wanson es una unidad de elevada eficiencia dise\u00f1ada, principalmente, para aplicaciones de calentamiento de procesos que requieren temperaturas bajas","robots":{"index":"index","follow":"follow","max-snippet":"max-snippet:-1","max-image-preview":"max-image-preview:large","max-video-preview":"max-video-preview:-1"},"canonical":"https:\/\/www.babcock-wanson.com\/es\/productos\/calderas-de-agua-caliente-industriales\/heb\/","og_locale":"es_ES","og_type":"article","og_title":"HEB","og_description":"La caldera de agua caliente HEB de Babcock Wanson es una unidad de elevada eficiencia dise\u00f1ada, principalmente, para aplicaciones de calentamiento de procesos que requieren temperaturas bajas","og_url":"https:\/\/www.babcock-wanson.com\/es\/productos\/calderas-de-agua-caliente-industriales\/heb\/","og_site_name":"Babcock Wanson","article_modified_time":"2022-01-13T23:01:40+00:00","og_image":[{"width":600,"height":400,"url":"https:\/\/www.babcock-wanson.com\/wp-content\/uploads\/2018\/08\/HEB-Hot-Water-Boiler-1.jpg","type":"image\/jpeg"}],"twitter_card":"summary_large_image","twitter_misc":{"Est. reading time":"1 minuto"},"schema":{"@context":"https:\/\/schema.org","@graph":[{"@type":"WebPage","@id":"https:\/\/www.babcock-wanson.com\/es\/productos\/calderas-de-agua-caliente-industriales\/heb\/","url":"https:\/\/www.babcock-wanson.com\/es\/productos\/calderas-de-agua-caliente-industriales\/heb\/","name":"Caldera de agua caliente HEB","isPartOf":{"@id":"https:\/\/www.babcock-wanson.com\/es\/#website"},"primaryImageOfPage":{"@id":"https:\/\/www.babcock-wanson.com\/es\/productos\/calderas-de-agua-caliente-industriales\/heb\/#primaryimage"},"image":{"@id":"https:\/\/www.babcock-wanson.com\/es\/productos\/calderas-de-agua-caliente-industriales\/heb\/#primaryimage"},"thumbnailUrl":"https:\/\/www.babcock-wanson.com\/wp-content\/uploads\/2018\/08\/HEB-Hot-Water-Boiler-1.jpg","datePublished":"2018-08-15T10:34:43+00:00","dateModified":"2022-01-13T23:01:40+00:00","description":"La caldera de agua caliente HEB de Babcock Wanson es una unidad de elevada eficiencia dise\u00f1ada, principalmente, para aplicaciones de calentamiento de procesos que requieren temperaturas bajas","breadcrumb":{"@id":"https:\/\/www.babcock-wanson.com\/es\/productos\/calderas-de-agua-caliente-industriales\/heb\/#breadcrumb"},"inLanguage":"es","potentialAction":[{"@type":"ReadAction","target":["https:\/\/www.babcock-wanson.com\/es\/productos\/calderas-de-agua-caliente-industriales\/heb\/"]}]},{"@type":"ImageObject","inLanguage":"es","@id":"https:\/\/www.babcock-wanson.com\/es\/productos\/calderas-de-agua-caliente-industriales\/heb\/#primaryimage","url":"https:\/\/www.babcock-wanson.com\/wp-content\/uploads\/2018\/08\/HEB-Hot-Water-Boiler-1.jpg","contentUrl":"https:\/\/www.babcock-wanson.com\/wp-content\/uploads\/2018\/08\/HEB-Hot-Water-Boiler-1.jpg","width":600,"height":400,"caption":"HEB-Calderas-de-agua-caliente"},{"@type":"BreadcrumbList","@id":"https:\/\/www.babcock-wanson.com\/es\/productos\/calderas-de-agua-caliente-industriales\/heb\/#breadcrumb","itemListElement":[{"@type":"ListItem","position":1,"name":"Inicio","item":"https:\/\/www.babcock-wanson.com\/es\/"},{"@type":"ListItem","position":2,"name":"Productos","item":"https:\/\/www.babcock-wanson.com\/es\/shop\/"},{"@type":"ListItem","position":3,"name":"Calderas de agua caliente industriales","item":"https:\/\/www.babcock-wanson.com\/es\/categoria-producto\/calderas-de-agua-caliente-industriales\/"},{"@type":"ListItem","position":4,"name":"HEB"}]},{"@type":"WebSite","@id":"https:\/\/www.babcock-wanson.com\/es\/#website","url":"https:\/\/www.babcock-wanson.com\/es\/","name":"Babcock Wanson","description":"","publisher":{"@id":"https:\/\/www.babcock-wanson.com\/es\/#organization"},"potentialAction":[{"@type":"SearchAction","target":{"@type":"EntryPoint","urlTemplate":"https:\/\/www.babcock-wanson.com\/es\/?s={search_term_string}"},"query-input":{"@type":"PropertyValueSpecification","valueRequired":true,"valueName":"search_term_string"}}],"inLanguage":"es"},{"@type":"Organization","@id":"https:\/\/www.babcock-wanson.com\/es\/#organization","name":"Babcock Wanson","url":"https:\/\/www.babcock-wanson.com\/es\/","logo":{"@type":"ImageObject","inLanguage":"es","@id":"https:\/\/www.babcock-wanson.com\/es\/#\/schema\/logo\/image\/","url":"https:\/\/www.babcock-wanson.com\/wp-content\/uploads\/2024\/02\/Babcock-Wanson-1200x1200-1.png","contentUrl":"https:\/\/www.babcock-wanson.com\/wp-content\/uploads\/2024\/02\/Babcock-Wanson-1200x1200-1.png","width":1200,"height":1200,"caption":"Babcock Wanson"},"image":{"@id":"https:\/\/www.babcock-wanson.com\/es\/#\/schema\/logo\/image\/"},"sameAs":["https:\/\/www.linkedin.com\/company\/babcock-wanson\/","https:\/\/www.youtube.com\/channel\/UCtxl25VieBBsP2kYmtlyv7A"]}]}},"jetpack_sharing_enabled":true,"_links":{"self":[{"href":"https:\/\/www.babcock-wanson.com\/es\/wp-json\/wp\/v2\/product\/33796","targetHints":{"allow":["GET"]}}],"collection":[{"href":"https:\/\/www.babcock-wanson.com\/es\/wp-json\/wp\/v2\/product"}],"about":[{"href":"https:\/\/www.babcock-wanson.com\/es\/wp-json\/wp\/v2\/types\/product"}],"replies":[{"embeddable":true,"href":"https:\/\/www.babcock-wanson.com\/es\/wp-json\/wp\/v2\/comments?post=33796"}],"wp:featuredmedia":[{"embeddable":true,"href":"https:\/\/www.babcock-wanson.com\/es\/wp-json\/wp\/v2\/media\/33182"}],"wp:attachment":[{"href":"https:\/\/www.babcock-wanson.com\/es\/wp-json\/wp\/v2\/media?parent=33796"}],"wp:term":[{"taxonomy":"product_brand","embeddable":true,"href":"https:\/\/www.babcock-wanson.com\/es\/wp-json\/wp\/v2\/product_brand?post=33796"},{"taxonomy":"product_cat","embeddable":true,"href":"https:\/\/www.babcock-wanson.com\/es\/wp-json\/wp\/v2\/product_cat?post=33796"},{"taxonomy":"product_tag","embeddable":true,"href":"https:\/\/www.babcock-wanson.com\/es\/wp-json\/wp\/v2\/product_tag?post=33796"}],"curies":[{"name":"wp","href":"https:\/\/api.w.org\/{rel}","templated":true}]}}