{"id":33802,"date":"2018-08-15T11:34:39","date_gmt":"2018-08-15T10:34:39","guid":{"rendered":"https:\/\/www.babcock-wanson.com\/products\/sin%20categor\u00eda\/hw3p-series\/"},"modified":"2022-01-13T23:05:07","modified_gmt":"2022-01-13T23:05:07","slug":"hw3p","status":"publish","type":"product","link":"https:\/\/www.babcock-wanson.com\/es\/productos\/calderas-de-agua-caliente-industriales\/hw3p\/","title":{"rendered":"HW3P"},"content":{"rendered":"<div class=\"vgblk-rw-wrapper limit-wrapper\">\r\n<h3>Calderas de agua caliente de la serie HW3P<\/h3>\r\n<p>Las calderas de agua caliente HW3P est\u00e1n disponibles en 14\u00a0modelos con potencias calor\u00edficas de 1.165 a 10.560\u00a0kW y presiones de funcionamiento de 5 a 8\u00a0barg, dependiendo del dise\u00f1o del modelo. La gran variedad de calderas de agua caliente HW3P garantiza la r\u00e1pida disponibilidad de un tama\u00f1o y una potencia calor\u00edfica adaptados a los procesos industriales m\u00e1s exigentes.<\/p>\r\n<p>Babcock\u00a0Wanson puede suministrar una soluci\u00f3n integral para satisfacer las necesidades de su caldera de agua caliente, entre otros componentes, el cuerpo de la caldera con aislamiento y revestimiento, un quemador compatible, un cuadro de control multifunci\u00f3n y todos los equipos auxiliares necesarios, incluidas bombas anticondensaci\u00f3n y de circulaci\u00f3n primaria, equipos de presurizaci\u00f3n o un sistema completo de radiador y v\u00e1lvulas de proceso, sin olvidar la puesta en servicio de la caldera. Todos los equipos suministrados cuentan con el respaldo de nuestro servicio posventa local.<\/p>\r\n<h3>Rendimiento garantizado<\/h3>\r\n<ul>\r\n<li>La caldera HW3P es una unidad altamente eficiente dise\u00f1ada para proporcionar un rendimiento excepcional y una eficiencia operativa de hasta el 93,4\u00a0%* en su formato est\u00e1ndar.<\/li>\r\n<li>El sistema de control perfectamente integrado y probado en f\u00e1brica garantiza un funcionamiento sencillo y fiable.<\/li>\r\n<li>La puesta en servicio y el mantenimiento corren a cargo de los t\u00e9cnicos e ingenieros de servicio de Babcock\u00a0Wanson en su regi\u00f3n.<\/li>\r\n<\/ul>\r\n<h3>Un equipo robusto<\/h3>\r\n<ul>\r\n<li>La caldera HW3P ofrece una construcci\u00f3n robusta para el suministro de temperaturas m\u00e1ximas de funcionamiento del agua de hasta 106\u00a0\u00b0C y presiones de hasta 8\u00a0barg.<\/li>\r\n<li>Los modelos HW3P incluyen tres pasos de humos completos y est\u00e1n equipados con puertas de apertura frontales aisladas de los pasos de humos que facilitan la inspecci\u00f3n y la limpieza en caso necesario.<\/li>\r\n<\/ul>\r\n<h3>Respetuoso con el medioambiente<\/h3>\r\n<ul>\r\n<li>El dise\u00f1o de los modelos HW3P de Babcock\u00a0Wanson ofrece una compatibilidad perfecta entre el cuerpo de la caldera y el quemador para garantizar un consumo eficiente de combustible, un mantenimiento sencillo y la conformidad con la normativa sobre emisiones.<\/li>\r\n<li>El dise\u00f1o del quemador y el cuerpo de la caldera de agua caliente HW3P garantiza un funcionamiento con bajos niveles de NOx.<\/li>\r\n<\/ul>\r\n<h3>Una gama completa de equipos auxiliares<\/h3>\r\n<ul>\r\n<li>Quemadores de Babcock\u00a0Wanson<\/li>\r\n<li>Dise\u00f1o de sistemas a medida<\/li>\r\n<li>Equipos de presurizaci\u00f3n<\/li>\r\n<li>V\u00e1lvulas y controles<\/li>\r\n<li>Accesorios del sistema e intercambiadores de calor<\/li>\r\n<\/ul>\r\n<h3>Una gama completa de servicios<\/h3>\r\n<ul>\r\n<li>Dise\u00f1o de sistemas y gesti\u00f3n de proyectos.<\/li>\r\n<li>Servicios de instalaci\u00f3n y canalizaci\u00f3n.<\/li>\r\n<li>Conjuntos de presurizaci\u00f3n de sistemas.<\/li>\r\n<li>Suministro y puesta en servicio.<\/li>\r\n<li>Mantenimiento y servicio posventa integral.<\/li>\r\n<\/ul>\r\n<p>* Estos valores dependen exclusivamente de las condiciones operativas de la caldera.<\/p>\r\n<\/div><!-- .vgblk-rw-wrapper -->","protected":false},"excerpt":{"rendered":"<p><strong>Desde 1,1 hasta 10,5 MW<\/strong><br \/>La <a href=\"https:\/\/www.babcock-wanson.com\/es\/categoria-producto\/calderas-de-agua-caliente-industriales\/\" target=\"_blank\" rel=\"noopener\">caldera de agua caliente<\/a> HW3P es una unidad de tres pasos dise\u00f1ada para su funcionamiento con gas natural, GLP, gasoleo y diferentes biocombustibles espec\u00edficos. La configuraci\u00f3n robusta y probada de la serie HW3P garantiza un rendimiento fiable de la caldera en cualquier aplicaci\u00f3n de calentamiento industrial.<\/p>\n<p>Los modelos HW3P se fabrican con quemadores espec\u00edficos dise\u00f1ados para funcionar con bajos niveles de NOx, plenamente conformes con la directiva aplicable a las instalaciones de combusti\u00f3n medianas, a la vez que ofrecen una elevada eficiencia operativa y, por tanto, unas emisiones globales muy bajas.<\/p>\n<p>La caldera HW3P de Babcock Wanson suministra una temperatura m\u00e1xima de salida del agua de 106 \u00b0C y se instala con un quemador multietapa o de modulaci\u00f3n total para adaptarse a la carga de proceso y permitir un control muy preciso de la temperatura del agua de proceso.<\/p>\n","protected":false},"featured_media":33805,"comment_status":"closed","ping_status":"closed","template":"","meta":{"_acf_changed":false,"_relevanssi_hide_post":"","_relevanssi_hide_content":"","_relevanssi_pin_for_all":"","_relevanssi_pin_keywords":"","_relevanssi_unpin_keywords":"","_relevanssi_related_keywords":"","_relevanssi_related_include_ids":"","_relevanssi_related_exclude_ids":"","_relevanssi_related_no_append":"","_relevanssi_related_not_related":"","_relevanssi_related_posts":"","_relevanssi_noindex_reason":""},"product_brand":[],"product_cat":[5825],"product_tag":[],"class_list":{"0":"post-33802","1":"product","2":"type-product","3":"status-publish","4":"has-post-thumbnail","6":"product_cat-calderas-de-agua-caliente-industriales","8":"first","9":"instock","10":"shipping-taxable","11":"product-type-simple"},"acf":[],"yoast_head":"<!-- This site is optimized with the Yoast SEO Premium plugin v27.1 (Yoast SEO v27.1.1) - https:\/\/yoast.com\/product\/yoast-seo-premium-wordpress\/ -->\n<title>caldera de agua caliente HW3P<\/title>\n<meta name=\"description\" content=\"La caldera de agua caliente HW3P es una unidad de tres pasos dise\u00f1ada para su funcionamiento con gas natural, GLP, gasoleo y diferentes biocombustibles espec\u00edficos.\" \/>\n<meta name=\"robots\" content=\"index, follow, max-snippet:-1, max-image-preview:large, max-video-preview:-1\" \/>\n<link rel=\"canonical\" href=\"https:\/\/www.babcock-wanson.com\/es\/productos\/calderas-de-agua-caliente-industriales\/hw3p\/\" \/>\n<meta property=\"og:locale\" content=\"es_ES\" \/>\n<meta property=\"og:type\" content=\"article\" \/>\n<meta property=\"og:title\" content=\"HW3P\" \/>\n<meta property=\"og:description\" content=\"La caldera de agua caliente HW3P es una unidad de tres pasos dise\u00f1ada para su funcionamiento con gas natural, GLP, gasoleo y diferentes biocombustibles espec\u00edficos.\" \/>\n<meta property=\"og:url\" content=\"https:\/\/www.babcock-wanson.com\/es\/productos\/calderas-de-agua-caliente-industriales\/hw3p\/\" \/>\n<meta property=\"og:site_name\" content=\"Babcock Wanson\" \/>\n<meta property=\"article:modified_time\" content=\"2022-01-13T23:05:07+00:00\" \/>\n<meta property=\"og:image\" content=\"https:\/\/www.babcock-wanson.com\/wp-content\/uploads\/2018\/08\/hw3p-1.jpg\" \/>\n\t<meta property=\"og:image:width\" content=\"600\" \/>\n\t<meta property=\"og:image:height\" content=\"400\" \/>\n\t<meta property=\"og:image:type\" content=\"image\/jpeg\" \/>\n<meta name=\"twitter:card\" content=\"summary_large_image\" \/>\n<meta name=\"twitter:label1\" content=\"Est. reading time\" \/>\n\t<meta name=\"twitter:data1\" content=\"2 minutos\" \/>\n<script type=\"application\/ld+json\" class=\"yoast-schema-graph\">{\"@context\":\"https:\/\/schema.org\",\"@graph\":[{\"@type\":\"WebPage\",\"@id\":\"https:\/\/www.babcock-wanson.com\/es\/productos\/calderas-de-agua-caliente-industriales\/hw3p\/\",\"url\":\"https:\/\/www.babcock-wanson.com\/es\/productos\/calderas-de-agua-caliente-industriales\/hw3p\/\",\"name\":\"caldera de agua caliente HW3P\",\"isPartOf\":{\"@id\":\"https:\/\/www.babcock-wanson.com\/es\/#website\"},\"primaryImageOfPage\":{\"@id\":\"https:\/\/www.babcock-wanson.com\/es\/productos\/calderas-de-agua-caliente-industriales\/hw3p\/#primaryimage\"},\"image\":{\"@id\":\"https:\/\/www.babcock-wanson.com\/es\/productos\/calderas-de-agua-caliente-industriales\/hw3p\/#primaryimage\"},\"thumbnailUrl\":\"https:\/\/www.babcock-wanson.com\/wp-content\/uploads\/2018\/08\/hw3p-1.jpg\",\"datePublished\":\"2018-08-15T10:34:39+00:00\",\"dateModified\":\"2022-01-13T23:05:07+00:00\",\"description\":\"La caldera de agua caliente HW3P es una unidad de tres pasos dise\u00f1ada para su funcionamiento con gas natural, GLP, gasoleo y diferentes biocombustibles espec\u00edficos.\",\"breadcrumb\":{\"@id\":\"https:\/\/www.babcock-wanson.com\/es\/productos\/calderas-de-agua-caliente-industriales\/hw3p\/#breadcrumb\"},\"inLanguage\":\"es\",\"potentialAction\":[{\"@type\":\"ReadAction\",\"target\":[\"https:\/\/www.babcock-wanson.com\/es\/productos\/calderas-de-agua-caliente-industriales\/hw3p\/\"]}]},{\"@type\":\"ImageObject\",\"inLanguage\":\"es\",\"@id\":\"https:\/\/www.babcock-wanson.com\/es\/productos\/calderas-de-agua-caliente-industriales\/hw3p\/#primaryimage\",\"url\":\"https:\/\/www.babcock-wanson.com\/wp-content\/uploads\/2018\/08\/hw3p-1.jpg\",\"contentUrl\":\"https:\/\/www.babcock-wanson.com\/wp-content\/uploads\/2018\/08\/hw3p-1.jpg\",\"width\":600,\"height\":400},{\"@type\":\"BreadcrumbList\",\"@id\":\"https:\/\/www.babcock-wanson.com\/es\/productos\/calderas-de-agua-caliente-industriales\/hw3p\/#breadcrumb\",\"itemListElement\":[{\"@type\":\"ListItem\",\"position\":1,\"name\":\"Inicio\",\"item\":\"https:\/\/www.babcock-wanson.com\/es\/\"},{\"@type\":\"ListItem\",\"position\":2,\"name\":\"Productos\",\"item\":\"https:\/\/www.babcock-wanson.com\/es\/shop\/\"},{\"@type\":\"ListItem\",\"position\":3,\"name\":\"Calderas de agua caliente industriales\",\"item\":\"https:\/\/www.babcock-wanson.com\/es\/categoria-producto\/calderas-de-agua-caliente-industriales\/\"},{\"@type\":\"ListItem\",\"position\":4,\"name\":\"HW3P\"}]},{\"@type\":\"WebSite\",\"@id\":\"https:\/\/www.babcock-wanson.com\/es\/#website\",\"url\":\"https:\/\/www.babcock-wanson.com\/es\/\",\"name\":\"Babcock Wanson\",\"description\":\"\",\"publisher\":{\"@id\":\"https:\/\/www.babcock-wanson.com\/es\/#organization\"},\"potentialAction\":[{\"@type\":\"SearchAction\",\"target\":{\"@type\":\"EntryPoint\",\"urlTemplate\":\"https:\/\/www.babcock-wanson.com\/es\/?s={search_term_string}\"},\"query-input\":{\"@type\":\"PropertyValueSpecification\",\"valueRequired\":true,\"valueName\":\"search_term_string\"}}],\"inLanguage\":\"es\"},{\"@type\":\"Organization\",\"@id\":\"https:\/\/www.babcock-wanson.com\/es\/#organization\",\"name\":\"Babcock Wanson\",\"url\":\"https:\/\/www.babcock-wanson.com\/es\/\",\"logo\":{\"@type\":\"ImageObject\",\"inLanguage\":\"es\",\"@id\":\"https:\/\/www.babcock-wanson.com\/es\/#\/schema\/logo\/image\/\",\"url\":\"https:\/\/www.babcock-wanson.com\/wp-content\/uploads\/2024\/02\/Babcock-Wanson-1200x1200-1.png\",\"contentUrl\":\"https:\/\/www.babcock-wanson.com\/wp-content\/uploads\/2024\/02\/Babcock-Wanson-1200x1200-1.png\",\"width\":1200,\"height\":1200,\"caption\":\"Babcock Wanson\"},\"image\":{\"@id\":\"https:\/\/www.babcock-wanson.com\/es\/#\/schema\/logo\/image\/\"},\"sameAs\":[\"https:\/\/www.linkedin.com\/company\/babcock-wanson\/\",\"https:\/\/www.youtube.com\/channel\/UCtxl25VieBBsP2kYmtlyv7A\"]}]}<\/script>\n<!-- \/ Yoast SEO Premium plugin. -->","yoast_head_json":{"title":"caldera de agua caliente HW3P","description":"La caldera de agua caliente HW3P es una unidad de tres pasos dise\u00f1ada para su funcionamiento con gas natural, GLP, gasoleo y diferentes biocombustibles espec\u00edficos.","robots":{"index":"index","follow":"follow","max-snippet":"max-snippet:-1","max-image-preview":"max-image-preview:large","max-video-preview":"max-video-preview:-1"},"canonical":"https:\/\/www.babcock-wanson.com\/es\/productos\/calderas-de-agua-caliente-industriales\/hw3p\/","og_locale":"es_ES","og_type":"article","og_title":"HW3P","og_description":"La caldera de agua caliente HW3P es una unidad de tres pasos dise\u00f1ada para su funcionamiento con gas natural, GLP, gasoleo y diferentes biocombustibles espec\u00edficos.","og_url":"https:\/\/www.babcock-wanson.com\/es\/productos\/calderas-de-agua-caliente-industriales\/hw3p\/","og_site_name":"Babcock Wanson","article_modified_time":"2022-01-13T23:05:07+00:00","og_image":[{"width":600,"height":400,"url":"https:\/\/www.babcock-wanson.com\/wp-content\/uploads\/2018\/08\/hw3p-1.jpg","type":"image\/jpeg"}],"twitter_card":"summary_large_image","twitter_misc":{"Est. reading time":"2 minutos"},"schema":{"@context":"https:\/\/schema.org","@graph":[{"@type":"WebPage","@id":"https:\/\/www.babcock-wanson.com\/es\/productos\/calderas-de-agua-caliente-industriales\/hw3p\/","url":"https:\/\/www.babcock-wanson.com\/es\/productos\/calderas-de-agua-caliente-industriales\/hw3p\/","name":"caldera de agua caliente HW3P","isPartOf":{"@id":"https:\/\/www.babcock-wanson.com\/es\/#website"},"primaryImageOfPage":{"@id":"https:\/\/www.babcock-wanson.com\/es\/productos\/calderas-de-agua-caliente-industriales\/hw3p\/#primaryimage"},"image":{"@id":"https:\/\/www.babcock-wanson.com\/es\/productos\/calderas-de-agua-caliente-industriales\/hw3p\/#primaryimage"},"thumbnailUrl":"https:\/\/www.babcock-wanson.com\/wp-content\/uploads\/2018\/08\/hw3p-1.jpg","datePublished":"2018-08-15T10:34:39+00:00","dateModified":"2022-01-13T23:05:07+00:00","description":"La caldera de agua caliente HW3P es una unidad de tres pasos dise\u00f1ada para su funcionamiento con gas natural, GLP, gasoleo y diferentes biocombustibles espec\u00edficos.","breadcrumb":{"@id":"https:\/\/www.babcock-wanson.com\/es\/productos\/calderas-de-agua-caliente-industriales\/hw3p\/#breadcrumb"},"inLanguage":"es","potentialAction":[{"@type":"ReadAction","target":["https:\/\/www.babcock-wanson.com\/es\/productos\/calderas-de-agua-caliente-industriales\/hw3p\/"]}]},{"@type":"ImageObject","inLanguage":"es","@id":"https:\/\/www.babcock-wanson.com\/es\/productos\/calderas-de-agua-caliente-industriales\/hw3p\/#primaryimage","url":"https:\/\/www.babcock-wanson.com\/wp-content\/uploads\/2018\/08\/hw3p-1.jpg","contentUrl":"https:\/\/www.babcock-wanson.com\/wp-content\/uploads\/2018\/08\/hw3p-1.jpg","width":600,"height":400},{"@type":"BreadcrumbList","@id":"https:\/\/www.babcock-wanson.com\/es\/productos\/calderas-de-agua-caliente-industriales\/hw3p\/#breadcrumb","itemListElement":[{"@type":"ListItem","position":1,"name":"Inicio","item":"https:\/\/www.babcock-wanson.com\/es\/"},{"@type":"ListItem","position":2,"name":"Productos","item":"https:\/\/www.babcock-wanson.com\/es\/shop\/"},{"@type":"ListItem","position":3,"name":"Calderas de agua caliente industriales","item":"https:\/\/www.babcock-wanson.com\/es\/categoria-producto\/calderas-de-agua-caliente-industriales\/"},{"@type":"ListItem","position":4,"name":"HW3P"}]},{"@type":"WebSite","@id":"https:\/\/www.babcock-wanson.com\/es\/#website","url":"https:\/\/www.babcock-wanson.com\/es\/","name":"Babcock Wanson","description":"","publisher":{"@id":"https:\/\/www.babcock-wanson.com\/es\/#organization"},"potentialAction":[{"@type":"SearchAction","target":{"@type":"EntryPoint","urlTemplate":"https:\/\/www.babcock-wanson.com\/es\/?s={search_term_string}"},"query-input":{"@type":"PropertyValueSpecification","valueRequired":true,"valueName":"search_term_string"}}],"inLanguage":"es"},{"@type":"Organization","@id":"https:\/\/www.babcock-wanson.com\/es\/#organization","name":"Babcock Wanson","url":"https:\/\/www.babcock-wanson.com\/es\/","logo":{"@type":"ImageObject","inLanguage":"es","@id":"https:\/\/www.babcock-wanson.com\/es\/#\/schema\/logo\/image\/","url":"https:\/\/www.babcock-wanson.com\/wp-content\/uploads\/2024\/02\/Babcock-Wanson-1200x1200-1.png","contentUrl":"https:\/\/www.babcock-wanson.com\/wp-content\/uploads\/2024\/02\/Babcock-Wanson-1200x1200-1.png","width":1200,"height":1200,"caption":"Babcock Wanson"},"image":{"@id":"https:\/\/www.babcock-wanson.com\/es\/#\/schema\/logo\/image\/"},"sameAs":["https:\/\/www.linkedin.com\/company\/babcock-wanson\/","https:\/\/www.youtube.com\/channel\/UCtxl25VieBBsP2kYmtlyv7A"]}]}},"jetpack_sharing_enabled":true,"_links":{"self":[{"href":"https:\/\/www.babcock-wanson.com\/es\/wp-json\/wp\/v2\/product\/33802","targetHints":{"allow":["GET"]}}],"collection":[{"href":"https:\/\/www.babcock-wanson.com\/es\/wp-json\/wp\/v2\/product"}],"about":[{"href":"https:\/\/www.babcock-wanson.com\/es\/wp-json\/wp\/v2\/types\/product"}],"replies":[{"embeddable":true,"href":"https:\/\/www.babcock-wanson.com\/es\/wp-json\/wp\/v2\/comments?post=33802"}],"wp:featuredmedia":[{"embeddable":true,"href":"https:\/\/www.babcock-wanson.com\/es\/wp-json\/wp\/v2\/media\/33805"}],"wp:attachment":[{"href":"https:\/\/www.babcock-wanson.com\/es\/wp-json\/wp\/v2\/media?parent=33802"}],"wp:term":[{"taxonomy":"product_brand","embeddable":true,"href":"https:\/\/www.babcock-wanson.com\/es\/wp-json\/wp\/v2\/product_brand?post=33802"},{"taxonomy":"product_cat","embeddable":true,"href":"https:\/\/www.babcock-wanson.com\/es\/wp-json\/wp\/v2\/product_cat?post=33802"},{"taxonomy":"product_tag","embeddable":true,"href":"https:\/\/www.babcock-wanson.com\/es\/wp-json\/wp\/v2\/product_tag?post=33802"}],"curies":[{"name":"wp","href":"https:\/\/api.w.org\/{rel}","templated":true}]}}