{"id":33806,"date":"2018-08-15T11:34:35","date_gmt":"2018-08-15T10:34:35","guid":{"rendered":"https:\/\/www.babcock-wanson.com\/products\/sin%20categor\u00eda\/tpc-as-series\/"},"modified":"2022-01-13T23:06:56","modified_gmt":"2022-01-13T23:06:56","slug":"tpc-as","status":"publish","type":"product","link":"https:\/\/www.babcock-wanson.com\/es\/productos\/calderas-de-agua-caliente-industriales\/tpc-as\/","title":{"rendered":"TPC-AS"},"content":{"rendered":"<div class=\"vgblk-rw-wrapper limit-wrapper\">\r\n<h3>Una caldera de agua sobrecalentada de tipo serpent\u00edn de gran eficiencia<\/h3>\r\n<ul>\r\n<li>La configuraci\u00f3n de la serie TPC-AS, con una amplia superficie de intercambio de calor y un precalentador de aire de combusti\u00f3n integral, garantiza una eficiencia t\u00e9rmica de hasta el 90\u00a0% en su formato est\u00e1ndar.<\/li>\r\n<li>La caldera TPC-AS incluye una virola externa integral refrigerada por aire que act\u00faa a modo de <a href=\"https:\/\/www.babcock-wanson.com\/es\/productos\/sistemas-de-recuperacion-de-calor\/economizadores\/\" target=\"_blank\" rel=\"noopener\">economizador<\/a> \/ precalentador de aire de combusti\u00f3n. Este dise\u00f1o tambi\u00e9n ofrece un aislamiento eficaz del cuerpo de la caldera.<\/li>\r\n<\/ul>\r\n<h3>Un equipo robusto<\/h3>\r\n<ul>\r\n<li>La caldera de agua caliente TPC-AS se ha fabricado de manera robusta para una vida \u00fatil prolongada y un funcionamiento fiable.<\/li>\r\n<li>Presi\u00f3n de prueba hasta 25\u00a0barg y temperatura de funcionamiento del agua hasta 220\u00a0\u00b0C.<\/li>\r\n<li>La configuraci\u00f3n TPC-AS garantiza un funcionamiento seguro y sencillo en los entornos m\u00e1s exigentes.<\/li>\r\n<\/ul>\r\n<h3>Funcionamiento sencillo y fiable<\/h3>\r\n<ul>\r\n<li>La serie TPC-AS incluye un quemador monobloc integral, controles tanto para la combusti\u00f3n como para el sistema y un equipo de seguridad de serie, todos ellos montados y precableados.<\/li>\r\n<li>La caldera de agua caliente TPC-AS se suministra en el emplazamiento lista para su conexi\u00f3n al sistema de combustible, la alimentaci\u00f3n el\u00e9ctrica, la chimenea y el sistema de agua para una r\u00e1pida instalaci\u00f3n <em>in situ<\/em>.<\/li>\r\n<li>El componente refractario del interior de la c\u00e1mara de combusti\u00f3n se ha reducido al m\u00ednimo para prolongar la vida \u00fatil y facilitar el mantenimiento.<\/li>\r\n<\/ul>\r\n<h3>Respetuoso con el medioambiente<\/h3>\r\n<ul>\r\n<li>Los quemadores Babcock\u00a0Wanson se han dise\u00f1ado para satisfacer todas las normativas ambientales habituales. Adem\u00e1s de optimizar el consumo de combustible, su mantenimiento es sencillo.<\/li>\r\n<li>Emisiones de gases de combusti\u00f3n conformes con la reglamentaci\u00f3n europea.<\/li>\r\n<\/ul>\r\n<h3>Una gama completa de equipos auxiliares<\/h3>\r\n<ul>\r\n<li>Dise\u00f1o de sistemas y gesti\u00f3n de proyectos<\/li>\r\n<li>Accesorios del sistema e intercambiadores de calor<\/li>\r\n<li>Servicios de instalaci\u00f3n y canalizaci\u00f3n<\/li>\r\n<li>Suministro y puesta en servicio<\/li>\r\n<\/ul>\r\n<h2>Calderas de agua sobrecalentada TPC-AS<\/h2>\r\n<table>\r\n<tbody>\r\n<tr>\r\n<th>TPC-AS<\/th>\r\n<th>Modelo<\/th>\r\n<th>500<\/th>\r\n<th>1000<\/th>\r\n<th>1250<\/th>\r\n<th>1500<\/th>\r\n<th>2000<\/th>\r\n<\/tr>\r\n<tr>\r\n<th>Potencia<\/th>\r\n<th>kW<\/th>\r\n<td>581<\/td>\r\n<td>1,163<\/td>\r\n<td>1,453<\/td>\r\n<td>1,744<\/td>\r\n<td>2,326<\/td>\r\n<\/tr>\r\n<tr>\r\n<th>Capacidad de agua<\/th>\r\n<th>Litros<\/th>\r\n<td>135<\/td>\r\n<td>248<\/td>\r\n<td>298<\/td>\r\n<td>298<\/td>\r\n<td>353<\/td>\r\n<\/tr>\r\n<\/tbody>\r\n<\/table>\r\n<\/div><!-- .vgblk-rw-wrapper -->","protected":false},"excerpt":{"rendered":"<p><strong>Potencias entre 500.000 y 2.000.000 kCal\/h (de 581 a 2326 kW)<\/strong><br \/>La TPC-AS es una caldera de agua sobrecalentada de tipo serpent\u00edn vertical dise\u00f1ada para su funcionamiento con agua a alta presi\u00f3n y temperaturas elevadas. La configuraci\u00f3n con serpentines conc\u00e9ntricos, c\u00e1mara de combusti\u00f3n de llama invertida y tres pasos de gases completos garantiza una elevada eficiencia y un funcionamiento muy seguro a la vez que sencillo.<\/p>\n<p>La serie TPC-AS est\u00e1 equipada con un quemador de Babcock Wanson espec\u00edficamente dise\u00f1ado para esta caldera y perfectamente adaptado a su c\u00e1mara de combusti\u00f3n para garantizar un funcionamiento muy eficiente y con unas emisiones reducidas. La modulaci\u00f2n del quemador puede ser de dos marchas o modulaci\u00f3n total, dependiendo de los requisitos del proceso.<\/p>\n","protected":false},"featured_media":33807,"comment_status":"closed","ping_status":"closed","template":"","meta":{"_acf_changed":false,"_relevanssi_hide_post":"","_relevanssi_hide_content":"","_relevanssi_pin_for_all":"","_relevanssi_pin_keywords":"","_relevanssi_unpin_keywords":"","_relevanssi_related_keywords":"","_relevanssi_related_include_ids":"","_relevanssi_related_exclude_ids":"","_relevanssi_related_no_append":"","_relevanssi_related_not_related":"","_relevanssi_related_posts":"","_relevanssi_noindex_reason":""},"product_brand":[],"product_cat":[5825],"product_tag":[],"class_list":{"0":"post-33806","1":"product","2":"type-product","3":"status-publish","4":"has-post-thumbnail","6":"product_cat-calderas-de-agua-caliente-industriales","8":"first","9":"instock","10":"shipping-taxable","11":"product-type-simple"},"acf":[],"yoast_head":"<!-- This site is optimized with the Yoast SEO Premium plugin v27.4 (Yoast SEO v27.4) - https:\/\/yoast.com\/product\/yoast-seo-premium-wordpress\/ -->\n<title>Caldera de agua sobrecalentada TPC-AS<\/title>\n<meta name=\"description\" content=\"La TPC-AS es una caldera de agua sobrecalentada de tipo serpent\u00edn vertical dise\u00f1ada para su funcionamiento con agua a alta presi\u00f3n y temperaturas elevadas.\" \/>\n<meta name=\"robots\" content=\"index, follow, max-snippet:-1, max-image-preview:large, max-video-preview:-1\" \/>\n<link rel=\"canonical\" href=\"https:\/\/www.babcock-wanson.com\/es\/productos\/calderas-de-agua-caliente-industriales\/tpc-as\/\" \/>\n<meta property=\"og:locale\" content=\"es_ES\" \/>\n<meta property=\"og:type\" content=\"article\" \/>\n<meta property=\"og:title\" content=\"TPC-AS\" \/>\n<meta property=\"og:description\" content=\"La TPC-AS es una caldera de agua sobrecalentada de tipo serpent\u00edn vertical dise\u00f1ada para su funcionamiento con agua a alta presi\u00f3n y temperaturas elevadas.\" \/>\n<meta property=\"og:url\" content=\"https:\/\/www.babcock-wanson.com\/es\/productos\/calderas-de-agua-caliente-industriales\/tpc-as\/\" \/>\n<meta property=\"og:site_name\" content=\"Babcock Wanson\" \/>\n<meta property=\"article:modified_time\" content=\"2022-01-13T23:06:56+00:00\" \/>\n<meta property=\"og:image\" content=\"https:\/\/www.babcock-wanson.com\/wp-content\/uploads\/2018\/08\/TPC-AS-Industrial-Hot-Water-Boiler.jpg\" \/>\n\t<meta property=\"og:image:width\" content=\"400\" \/>\n\t<meta property=\"og:image:height\" content=\"600\" \/>\n\t<meta property=\"og:image:type\" content=\"image\/jpeg\" \/>\n<meta name=\"twitter:card\" content=\"summary_large_image\" \/>\n<meta name=\"twitter:label1\" content=\"Est. reading time\" \/>\n\t<meta name=\"twitter:data1\" content=\"2 minutos\" \/>\n<script type=\"application\/ld+json\" class=\"yoast-schema-graph\">{\"@context\":\"https:\\\/\\\/schema.org\",\"@graph\":[{\"@type\":\"WebPage\",\"@id\":\"https:\\\/\\\/www.babcock-wanson.com\\\/es\\\/productos\\\/calderas-de-agua-caliente-industriales\\\/tpc-as\\\/\",\"url\":\"https:\\\/\\\/www.babcock-wanson.com\\\/es\\\/productos\\\/calderas-de-agua-caliente-industriales\\\/tpc-as\\\/\",\"name\":\"Caldera de agua sobrecalentada TPC-AS\",\"isPartOf\":{\"@id\":\"https:\\\/\\\/www.babcock-wanson.com\\\/es\\\/#website\"},\"primaryImageOfPage\":{\"@id\":\"https:\\\/\\\/www.babcock-wanson.com\\\/es\\\/productos\\\/calderas-de-agua-caliente-industriales\\\/tpc-as\\\/#primaryimage\"},\"image\":{\"@id\":\"https:\\\/\\\/www.babcock-wanson.com\\\/es\\\/productos\\\/calderas-de-agua-caliente-industriales\\\/tpc-as\\\/#primaryimage\"},\"thumbnailUrl\":\"https:\\\/\\\/www.babcock-wanson.com\\\/wp-content\\\/uploads\\\/2018\\\/08\\\/TPC-AS-Industrial-Hot-Water-Boiler.jpg\",\"datePublished\":\"2018-08-15T10:34:35+00:00\",\"dateModified\":\"2022-01-13T23:06:56+00:00\",\"description\":\"La TPC-AS es una caldera de agua sobrecalentada de tipo serpent\u00edn vertical dise\u00f1ada para su funcionamiento con agua a alta presi\u00f3n y temperaturas elevadas.\",\"breadcrumb\":{\"@id\":\"https:\\\/\\\/www.babcock-wanson.com\\\/es\\\/productos\\\/calderas-de-agua-caliente-industriales\\\/tpc-as\\\/#breadcrumb\"},\"inLanguage\":\"es\",\"potentialAction\":[{\"@type\":\"ReadAction\",\"target\":[\"https:\\\/\\\/www.babcock-wanson.com\\\/es\\\/productos\\\/calderas-de-agua-caliente-industriales\\\/tpc-as\\\/\"]}]},{\"@type\":\"ImageObject\",\"inLanguage\":\"es\",\"@id\":\"https:\\\/\\\/www.babcock-wanson.com\\\/es\\\/productos\\\/calderas-de-agua-caliente-industriales\\\/tpc-as\\\/#primaryimage\",\"url\":\"https:\\\/\\\/www.babcock-wanson.com\\\/wp-content\\\/uploads\\\/2018\\\/08\\\/TPC-AS-Industrial-Hot-Water-Boiler.jpg\",\"contentUrl\":\"https:\\\/\\\/www.babcock-wanson.com\\\/wp-content\\\/uploads\\\/2018\\\/08\\\/TPC-AS-Industrial-Hot-Water-Boiler.jpg\",\"width\":400,\"height\":600},{\"@type\":\"BreadcrumbList\",\"@id\":\"https:\\\/\\\/www.babcock-wanson.com\\\/es\\\/productos\\\/calderas-de-agua-caliente-industriales\\\/tpc-as\\\/#breadcrumb\",\"itemListElement\":[{\"@type\":\"ListItem\",\"position\":1,\"name\":\"Inicio\",\"item\":\"https:\\\/\\\/www.babcock-wanson.com\\\/es\\\/\"},{\"@type\":\"ListItem\",\"position\":2,\"name\":\"Productos\",\"item\":\"https:\\\/\\\/www.babcock-wanson.com\\\/es\\\/shop\\\/\"},{\"@type\":\"ListItem\",\"position\":3,\"name\":\"Calderas de agua caliente industriales\",\"item\":\"https:\\\/\\\/www.babcock-wanson.com\\\/es\\\/categoria-producto\\\/calderas-de-agua-caliente-industriales\\\/\"},{\"@type\":\"ListItem\",\"position\":4,\"name\":\"TPC-AS\"}]},{\"@type\":\"WebSite\",\"@id\":\"https:\\\/\\\/www.babcock-wanson.com\\\/es\\\/#website\",\"url\":\"https:\\\/\\\/www.babcock-wanson.com\\\/es\\\/\",\"name\":\"Babcock Wanson\",\"description\":\"\",\"publisher\":{\"@id\":\"https:\\\/\\\/www.babcock-wanson.com\\\/es\\\/#organization\"},\"potentialAction\":[{\"@type\":\"SearchAction\",\"target\":{\"@type\":\"EntryPoint\",\"urlTemplate\":\"https:\\\/\\\/www.babcock-wanson.com\\\/es\\\/?s={search_term_string}\"},\"query-input\":{\"@type\":\"PropertyValueSpecification\",\"valueRequired\":true,\"valueName\":\"search_term_string\"}}],\"inLanguage\":\"es\"},{\"@type\":\"Organization\",\"@id\":\"https:\\\/\\\/www.babcock-wanson.com\\\/es\\\/#organization\",\"name\":\"Babcock Wanson\",\"url\":\"https:\\\/\\\/www.babcock-wanson.com\\\/es\\\/\",\"logo\":{\"@type\":\"ImageObject\",\"inLanguage\":\"es\",\"@id\":\"https:\\\/\\\/www.babcock-wanson.com\\\/es\\\/#\\\/schema\\\/logo\\\/image\\\/\",\"url\":\"https:\\\/\\\/www.babcock-wanson.com\\\/wp-content\\\/uploads\\\/2024\\\/02\\\/Babcock-Wanson-1200x1200-1.png\",\"contentUrl\":\"https:\\\/\\\/www.babcock-wanson.com\\\/wp-content\\\/uploads\\\/2024\\\/02\\\/Babcock-Wanson-1200x1200-1.png\",\"width\":1200,\"height\":1200,\"caption\":\"Babcock Wanson\"},\"image\":{\"@id\":\"https:\\\/\\\/www.babcock-wanson.com\\\/es\\\/#\\\/schema\\\/logo\\\/image\\\/\"},\"sameAs\":[\"https:\\\/\\\/www.linkedin.com\\\/company\\\/babcock-wanson\\\/\",\"https:\\\/\\\/www.youtube.com\\\/channel\\\/UCtxl25VieBBsP2kYmtlyv7A\"]}]}<\/script>\n<!-- \/ Yoast SEO Premium plugin. -->","yoast_head_json":{"title":"Caldera de agua sobrecalentada TPC-AS","description":"La TPC-AS es una caldera de agua sobrecalentada de tipo serpent\u00edn vertical dise\u00f1ada para su funcionamiento con agua a alta presi\u00f3n y temperaturas elevadas.","robots":{"index":"index","follow":"follow","max-snippet":"max-snippet:-1","max-image-preview":"max-image-preview:large","max-video-preview":"max-video-preview:-1"},"canonical":"https:\/\/www.babcock-wanson.com\/es\/productos\/calderas-de-agua-caliente-industriales\/tpc-as\/","og_locale":"es_ES","og_type":"article","og_title":"TPC-AS","og_description":"La TPC-AS es una caldera de agua sobrecalentada de tipo serpent\u00edn vertical dise\u00f1ada para su funcionamiento con agua a alta presi\u00f3n y temperaturas elevadas.","og_url":"https:\/\/www.babcock-wanson.com\/es\/productos\/calderas-de-agua-caliente-industriales\/tpc-as\/","og_site_name":"Babcock Wanson","article_modified_time":"2022-01-13T23:06:56+00:00","og_image":[{"width":400,"height":600,"url":"https:\/\/www.babcock-wanson.com\/wp-content\/uploads\/2018\/08\/TPC-AS-Industrial-Hot-Water-Boiler.jpg","type":"image\/jpeg"}],"twitter_card":"summary_large_image","twitter_misc":{"Est. reading time":"2 minutos"},"schema":{"@context":"https:\/\/schema.org","@graph":[{"@type":"WebPage","@id":"https:\/\/www.babcock-wanson.com\/es\/productos\/calderas-de-agua-caliente-industriales\/tpc-as\/","url":"https:\/\/www.babcock-wanson.com\/es\/productos\/calderas-de-agua-caliente-industriales\/tpc-as\/","name":"Caldera de agua sobrecalentada TPC-AS","isPartOf":{"@id":"https:\/\/www.babcock-wanson.com\/es\/#website"},"primaryImageOfPage":{"@id":"https:\/\/www.babcock-wanson.com\/es\/productos\/calderas-de-agua-caliente-industriales\/tpc-as\/#primaryimage"},"image":{"@id":"https:\/\/www.babcock-wanson.com\/es\/productos\/calderas-de-agua-caliente-industriales\/tpc-as\/#primaryimage"},"thumbnailUrl":"https:\/\/www.babcock-wanson.com\/wp-content\/uploads\/2018\/08\/TPC-AS-Industrial-Hot-Water-Boiler.jpg","datePublished":"2018-08-15T10:34:35+00:00","dateModified":"2022-01-13T23:06:56+00:00","description":"La TPC-AS es una caldera de agua sobrecalentada de tipo serpent\u00edn vertical dise\u00f1ada para su funcionamiento con agua a alta presi\u00f3n y temperaturas elevadas.","breadcrumb":{"@id":"https:\/\/www.babcock-wanson.com\/es\/productos\/calderas-de-agua-caliente-industriales\/tpc-as\/#breadcrumb"},"inLanguage":"es","potentialAction":[{"@type":"ReadAction","target":["https:\/\/www.babcock-wanson.com\/es\/productos\/calderas-de-agua-caliente-industriales\/tpc-as\/"]}]},{"@type":"ImageObject","inLanguage":"es","@id":"https:\/\/www.babcock-wanson.com\/es\/productos\/calderas-de-agua-caliente-industriales\/tpc-as\/#primaryimage","url":"https:\/\/www.babcock-wanson.com\/wp-content\/uploads\/2018\/08\/TPC-AS-Industrial-Hot-Water-Boiler.jpg","contentUrl":"https:\/\/www.babcock-wanson.com\/wp-content\/uploads\/2018\/08\/TPC-AS-Industrial-Hot-Water-Boiler.jpg","width":400,"height":600},{"@type":"BreadcrumbList","@id":"https:\/\/www.babcock-wanson.com\/es\/productos\/calderas-de-agua-caliente-industriales\/tpc-as\/#breadcrumb","itemListElement":[{"@type":"ListItem","position":1,"name":"Inicio","item":"https:\/\/www.babcock-wanson.com\/es\/"},{"@type":"ListItem","position":2,"name":"Productos","item":"https:\/\/www.babcock-wanson.com\/es\/shop\/"},{"@type":"ListItem","position":3,"name":"Calderas de agua caliente industriales","item":"https:\/\/www.babcock-wanson.com\/es\/categoria-producto\/calderas-de-agua-caliente-industriales\/"},{"@type":"ListItem","position":4,"name":"TPC-AS"}]},{"@type":"WebSite","@id":"https:\/\/www.babcock-wanson.com\/es\/#website","url":"https:\/\/www.babcock-wanson.com\/es\/","name":"Babcock Wanson","description":"","publisher":{"@id":"https:\/\/www.babcock-wanson.com\/es\/#organization"},"potentialAction":[{"@type":"SearchAction","target":{"@type":"EntryPoint","urlTemplate":"https:\/\/www.babcock-wanson.com\/es\/?s={search_term_string}"},"query-input":{"@type":"PropertyValueSpecification","valueRequired":true,"valueName":"search_term_string"}}],"inLanguage":"es"},{"@type":"Organization","@id":"https:\/\/www.babcock-wanson.com\/es\/#organization","name":"Babcock Wanson","url":"https:\/\/www.babcock-wanson.com\/es\/","logo":{"@type":"ImageObject","inLanguage":"es","@id":"https:\/\/www.babcock-wanson.com\/es\/#\/schema\/logo\/image\/","url":"https:\/\/www.babcock-wanson.com\/wp-content\/uploads\/2024\/02\/Babcock-Wanson-1200x1200-1.png","contentUrl":"https:\/\/www.babcock-wanson.com\/wp-content\/uploads\/2024\/02\/Babcock-Wanson-1200x1200-1.png","width":1200,"height":1200,"caption":"Babcock Wanson"},"image":{"@id":"https:\/\/www.babcock-wanson.com\/es\/#\/schema\/logo\/image\/"},"sameAs":["https:\/\/www.linkedin.com\/company\/babcock-wanson\/","https:\/\/www.youtube.com\/channel\/UCtxl25VieBBsP2kYmtlyv7A"]}]}},"jetpack_sharing_enabled":true,"_links":{"self":[{"href":"https:\/\/www.babcock-wanson.com\/es\/wp-json\/wp\/v2\/product\/33806","targetHints":{"allow":["GET"]}}],"collection":[{"href":"https:\/\/www.babcock-wanson.com\/es\/wp-json\/wp\/v2\/product"}],"about":[{"href":"https:\/\/www.babcock-wanson.com\/es\/wp-json\/wp\/v2\/types\/product"}],"replies":[{"embeddable":true,"href":"https:\/\/www.babcock-wanson.com\/es\/wp-json\/wp\/v2\/comments?post=33806"}],"wp:featuredmedia":[{"embeddable":true,"href":"https:\/\/www.babcock-wanson.com\/es\/wp-json\/wp\/v2\/media\/33807"}],"wp:attachment":[{"href":"https:\/\/www.babcock-wanson.com\/es\/wp-json\/wp\/v2\/media?parent=33806"}],"wp:term":[{"taxonomy":"product_brand","embeddable":true,"href":"https:\/\/www.babcock-wanson.com\/es\/wp-json\/wp\/v2\/product_brand?post=33806"},{"taxonomy":"product_cat","embeddable":true,"href":"https:\/\/www.babcock-wanson.com\/es\/wp-json\/wp\/v2\/product_cat?post=33806"},{"taxonomy":"product_tag","embeddable":true,"href":"https:\/\/www.babcock-wanson.com\/es\/wp-json\/wp\/v2\/product_tag?post=33806"}],"curies":[{"name":"wp","href":"https:\/\/api.w.org\/{rel}","templated":true}]}}