{"id":33814,"date":"2018-10-23T15:00:15","date_gmt":"2018-10-23T14:00:15","guid":{"rendered":"https:\/\/www.babcock-wanson.com\/products\/sin%20categor\u00eda\/mixbloc\/"},"modified":"2022-01-14T00:00:18","modified_gmt":"2022-01-14T00:00:18","slug":"calentador-de-aire-de-proceso-directo-mixbloc","status":"publish","type":"product","link":"https:\/\/www.babcock-wanson.com\/es\/productos\/calentadores-de-aire-industriales\/calentador-de-aire-de-proceso-directo-mixbloc\/","title":{"rendered":"MIXBLOC"},"content":{"rendered":"<div class=\"vgblk-rw-wrapper limit-wrapper\">\r\n<h3>Caracter\u00edsticas del calentador de aire de proceso directo MIXBLOC<\/h3>\r\n<ul>\r\n<li>Calentamiento por gas natural o GLP<\/li>\r\n<li>Puede instalarse en espacios reducidos y adaptarse a una configuraci\u00f3n de tuber\u00edas existente<\/li>\r\n<li>El flujo de aire puede oscilar entre 50-100 % o hasta un 90 % si se emplea un ventilador de aire de combusti\u00f3n espec\u00edfico<\/li>\r\n<li>El control de modulaci\u00f3n permite campos de regulaci\u00f3n de hasta 20:1<\/li>\r\n<li>Fabricaci\u00f3n para un funcionamiento horizontal o vertical<\/li>\r\n<li>Posibilidad de funcionamiento antes o despu\u00e9s del ventilador de aire de proceso bajo presiones positivas o negativas<\/li>\r\n<\/ul>\r\n<\/div><!-- .vgblk-rw-wrapper -->","protected":false},"excerpt":{"rendered":"<p><strong>Potencias de 50 kW a 20 MW<br \/><\/strong>El calentador de aire de proceso directo MIXBLOC se ha dise\u00f1ado para ofrecer aire a una temperatura elevada \u2014hasta 800 \u00b0C en su formato est\u00e1ndar\u2014 sin p\u00e9rdidas de gases de combusti\u00f3n. El modelo MIXBLOC puede funcionar utilizando el flujo de aire de proceso como fuente de aire de combusti\u00f3n, o bien un ventilador de aire de combusti\u00f3n independiente. Los quemadores se componen de m\u00faltiples elementos en \u00abV\u00bb montados siguiendo distintas configuraciones para adaptarlos a la entrada de calor requerida y al dise\u00f1o de las tuber\u00edas de proceso.<\/p>\n","protected":false},"featured_media":32986,"comment_status":"closed","ping_status":"closed","template":"","meta":{"_acf_changed":false,"_relevanssi_hide_post":"","_relevanssi_hide_content":"","_relevanssi_pin_for_all":"","_relevanssi_pin_keywords":"","_relevanssi_unpin_keywords":"","_relevanssi_related_keywords":"","_relevanssi_related_include_ids":"","_relevanssi_related_exclude_ids":"","_relevanssi_related_no_append":"","_relevanssi_related_not_related":"","_relevanssi_related_posts":"","_relevanssi_noindex_reason":""},"product_brand":[],"product_cat":[5827,5828],"product_tag":[],"class_list":{"0":"post-33814","1":"product","2":"type-product","3":"status-publish","4":"has-post-thumbnail","6":"product_cat-calentadores-de-aire-industriales","7":"product_cat-quemadores-industriales","9":"first","10":"instock","11":"shipping-taxable","12":"product-type-simple"},"acf":[],"yoast_head":"<!-- This site is optimized with the Yoast SEO Premium plugin v27.1 (Yoast SEO v27.1.1) - https:\/\/yoast.com\/product\/yoast-seo-premium-wordpress\/ -->\n<title>Calentador de aire de proceso directo MIXBLOC - Babcock Wanson<\/title>\n<meta name=\"description\" content=\"El calentador de aire de proceso directo MIXBLOC se ha dise\u00f1ado para ofrecer aire a una temperatura elevada \u2014hasta 800 \u00b0C en su formato est\u00e1ndar\u2014 sin p\u00e9rdidas de gases de combusti\u00f3n.\" \/>\n<meta name=\"robots\" content=\"index, follow, max-snippet:-1, max-image-preview:large, max-video-preview:-1\" \/>\n<link rel=\"canonical\" href=\"https:\/\/www.babcock-wanson.com\/es\/productos\/calentadores-de-aire-industriales\/calentador-de-aire-de-proceso-directo-mixbloc\/\" \/>\n<meta property=\"og:locale\" content=\"es_ES\" \/>\n<meta property=\"og:type\" content=\"article\" \/>\n<meta property=\"og:title\" content=\"MIXBLOC\" \/>\n<meta property=\"og:description\" content=\"El calentador de aire de proceso directo MIXBLOC se ha dise\u00f1ado para ofrecer aire a una temperatura elevada \u2014hasta 800 \u00b0C en su formato est\u00e1ndar\u2014 sin p\u00e9rdidas de gases de combusti\u00f3n.\" \/>\n<meta property=\"og:url\" content=\"https:\/\/www.babcock-wanson.com\/es\/productos\/calentadores-de-aire-industriales\/calentador-de-aire-de-proceso-directo-mixbloc\/\" \/>\n<meta property=\"og:site_name\" content=\"Babcock Wanson\" \/>\n<meta property=\"article:modified_time\" content=\"2022-01-14T00:00:18+00:00\" \/>\n<meta property=\"og:image\" content=\"https:\/\/www.babcock-wanson.com\/wp-content\/uploads\/2018\/10\/Mlxbloc-1.png\" \/>\n\t<meta property=\"og:image:width\" content=\"600\" \/>\n\t<meta property=\"og:image:height\" content=\"400\" \/>\n\t<meta property=\"og:image:type\" content=\"image\/png\" \/>\n<meta name=\"twitter:card\" content=\"summary_large_image\" \/>\n<script type=\"application\/ld+json\" class=\"yoast-schema-graph\">{\"@context\":\"https:\/\/schema.org\",\"@graph\":[{\"@type\":\"WebPage\",\"@id\":\"https:\/\/www.babcock-wanson.com\/es\/productos\/calentadores-de-aire-industriales\/calentador-de-aire-de-proceso-directo-mixbloc\/\",\"url\":\"https:\/\/www.babcock-wanson.com\/es\/productos\/calentadores-de-aire-industriales\/calentador-de-aire-de-proceso-directo-mixbloc\/\",\"name\":\"Calentador de aire de proceso directo MIXBLOC - Babcock Wanson\",\"isPartOf\":{\"@id\":\"https:\/\/www.babcock-wanson.com\/es\/#website\"},\"primaryImageOfPage\":{\"@id\":\"https:\/\/www.babcock-wanson.com\/es\/productos\/calentadores-de-aire-industriales\/calentador-de-aire-de-proceso-directo-mixbloc\/#primaryimage\"},\"image\":{\"@id\":\"https:\/\/www.babcock-wanson.com\/es\/productos\/calentadores-de-aire-industriales\/calentador-de-aire-de-proceso-directo-mixbloc\/#primaryimage\"},\"thumbnailUrl\":\"https:\/\/www.babcock-wanson.com\/wp-content\/uploads\/2018\/10\/Mlxbloc-1.png\",\"datePublished\":\"2018-10-23T14:00:15+00:00\",\"dateModified\":\"2022-01-14T00:00:18+00:00\",\"description\":\"El calentador de aire de proceso directo MIXBLOC se ha dise\u00f1ado para ofrecer aire a una temperatura elevada \u2014hasta 800 \u00b0C en su formato est\u00e1ndar\u2014 sin p\u00e9rdidas de gases de combusti\u00f3n.\",\"breadcrumb\":{\"@id\":\"https:\/\/www.babcock-wanson.com\/es\/productos\/calentadores-de-aire-industriales\/calentador-de-aire-de-proceso-directo-mixbloc\/#breadcrumb\"},\"inLanguage\":\"es\",\"potentialAction\":[{\"@type\":\"ReadAction\",\"target\":[\"https:\/\/www.babcock-wanson.com\/es\/productos\/calentadores-de-aire-industriales\/calentador-de-aire-de-proceso-directo-mixbloc\/\"]}]},{\"@type\":\"ImageObject\",\"inLanguage\":\"es\",\"@id\":\"https:\/\/www.babcock-wanson.com\/es\/productos\/calentadores-de-aire-industriales\/calentador-de-aire-de-proceso-directo-mixbloc\/#primaryimage\",\"url\":\"https:\/\/www.babcock-wanson.com\/wp-content\/uploads\/2018\/10\/Mlxbloc-1.png\",\"contentUrl\":\"https:\/\/www.babcock-wanson.com\/wp-content\/uploads\/2018\/10\/Mlxbloc-1.png\",\"width\":600,\"height\":400,\"caption\":\"Mlxbloc\"},{\"@type\":\"BreadcrumbList\",\"@id\":\"https:\/\/www.babcock-wanson.com\/es\/productos\/calentadores-de-aire-industriales\/calentador-de-aire-de-proceso-directo-mixbloc\/#breadcrumb\",\"itemListElement\":[{\"@type\":\"ListItem\",\"position\":1,\"name\":\"Inicio\",\"item\":\"https:\/\/www.babcock-wanson.com\/es\/\"},{\"@type\":\"ListItem\",\"position\":2,\"name\":\"Productos\",\"item\":\"https:\/\/www.babcock-wanson.com\/es\/shop\/\"},{\"@type\":\"ListItem\",\"position\":3,\"name\":\"Calentadores de aire industriales\",\"item\":\"https:\/\/www.babcock-wanson.com\/es\/categoria-producto\/calentadores-de-aire-industriales\/\"},{\"@type\":\"ListItem\",\"position\":4,\"name\":\"MIXBLOC\"}]},{\"@type\":\"WebSite\",\"@id\":\"https:\/\/www.babcock-wanson.com\/es\/#website\",\"url\":\"https:\/\/www.babcock-wanson.com\/es\/\",\"name\":\"Babcock Wanson\",\"description\":\"\",\"publisher\":{\"@id\":\"https:\/\/www.babcock-wanson.com\/es\/#organization\"},\"potentialAction\":[{\"@type\":\"SearchAction\",\"target\":{\"@type\":\"EntryPoint\",\"urlTemplate\":\"https:\/\/www.babcock-wanson.com\/es\/?s={search_term_string}\"},\"query-input\":{\"@type\":\"PropertyValueSpecification\",\"valueRequired\":true,\"valueName\":\"search_term_string\"}}],\"inLanguage\":\"es\"},{\"@type\":\"Organization\",\"@id\":\"https:\/\/www.babcock-wanson.com\/es\/#organization\",\"name\":\"Babcock Wanson\",\"url\":\"https:\/\/www.babcock-wanson.com\/es\/\",\"logo\":{\"@type\":\"ImageObject\",\"inLanguage\":\"es\",\"@id\":\"https:\/\/www.babcock-wanson.com\/es\/#\/schema\/logo\/image\/\",\"url\":\"https:\/\/www.babcock-wanson.com\/wp-content\/uploads\/2024\/02\/Babcock-Wanson-1200x1200-1.png\",\"contentUrl\":\"https:\/\/www.babcock-wanson.com\/wp-content\/uploads\/2024\/02\/Babcock-Wanson-1200x1200-1.png\",\"width\":1200,\"height\":1200,\"caption\":\"Babcock Wanson\"},\"image\":{\"@id\":\"https:\/\/www.babcock-wanson.com\/es\/#\/schema\/logo\/image\/\"},\"sameAs\":[\"https:\/\/www.linkedin.com\/company\/babcock-wanson\/\",\"https:\/\/www.youtube.com\/channel\/UCtxl25VieBBsP2kYmtlyv7A\"]}]}<\/script>\n<!-- \/ Yoast SEO Premium plugin. -->","yoast_head_json":{"title":"Calentador de aire de proceso directo MIXBLOC - Babcock Wanson","description":"El calentador de aire de proceso directo MIXBLOC se ha dise\u00f1ado para ofrecer aire a una temperatura elevada \u2014hasta 800 \u00b0C en su formato est\u00e1ndar\u2014 sin p\u00e9rdidas de gases de combusti\u00f3n.","robots":{"index":"index","follow":"follow","max-snippet":"max-snippet:-1","max-image-preview":"max-image-preview:large","max-video-preview":"max-video-preview:-1"},"canonical":"https:\/\/www.babcock-wanson.com\/es\/productos\/calentadores-de-aire-industriales\/calentador-de-aire-de-proceso-directo-mixbloc\/","og_locale":"es_ES","og_type":"article","og_title":"MIXBLOC","og_description":"El calentador de aire de proceso directo MIXBLOC se ha dise\u00f1ado para ofrecer aire a una temperatura elevada \u2014hasta 800 \u00b0C en su formato est\u00e1ndar\u2014 sin p\u00e9rdidas de gases de combusti\u00f3n.","og_url":"https:\/\/www.babcock-wanson.com\/es\/productos\/calentadores-de-aire-industriales\/calentador-de-aire-de-proceso-directo-mixbloc\/","og_site_name":"Babcock Wanson","article_modified_time":"2022-01-14T00:00:18+00:00","og_image":[{"width":600,"height":400,"url":"https:\/\/www.babcock-wanson.com\/wp-content\/uploads\/2018\/10\/Mlxbloc-1.png","type":"image\/png"}],"twitter_card":"summary_large_image","schema":{"@context":"https:\/\/schema.org","@graph":[{"@type":"WebPage","@id":"https:\/\/www.babcock-wanson.com\/es\/productos\/calentadores-de-aire-industriales\/calentador-de-aire-de-proceso-directo-mixbloc\/","url":"https:\/\/www.babcock-wanson.com\/es\/productos\/calentadores-de-aire-industriales\/calentador-de-aire-de-proceso-directo-mixbloc\/","name":"Calentador de aire de proceso directo MIXBLOC - Babcock Wanson","isPartOf":{"@id":"https:\/\/www.babcock-wanson.com\/es\/#website"},"primaryImageOfPage":{"@id":"https:\/\/www.babcock-wanson.com\/es\/productos\/calentadores-de-aire-industriales\/calentador-de-aire-de-proceso-directo-mixbloc\/#primaryimage"},"image":{"@id":"https:\/\/www.babcock-wanson.com\/es\/productos\/calentadores-de-aire-industriales\/calentador-de-aire-de-proceso-directo-mixbloc\/#primaryimage"},"thumbnailUrl":"https:\/\/www.babcock-wanson.com\/wp-content\/uploads\/2018\/10\/Mlxbloc-1.png","datePublished":"2018-10-23T14:00:15+00:00","dateModified":"2022-01-14T00:00:18+00:00","description":"El calentador de aire de proceso directo MIXBLOC se ha dise\u00f1ado para ofrecer aire a una temperatura elevada \u2014hasta 800 \u00b0C en su formato est\u00e1ndar\u2014 sin p\u00e9rdidas de gases de combusti\u00f3n.","breadcrumb":{"@id":"https:\/\/www.babcock-wanson.com\/es\/productos\/calentadores-de-aire-industriales\/calentador-de-aire-de-proceso-directo-mixbloc\/#breadcrumb"},"inLanguage":"es","potentialAction":[{"@type":"ReadAction","target":["https:\/\/www.babcock-wanson.com\/es\/productos\/calentadores-de-aire-industriales\/calentador-de-aire-de-proceso-directo-mixbloc\/"]}]},{"@type":"ImageObject","inLanguage":"es","@id":"https:\/\/www.babcock-wanson.com\/es\/productos\/calentadores-de-aire-industriales\/calentador-de-aire-de-proceso-directo-mixbloc\/#primaryimage","url":"https:\/\/www.babcock-wanson.com\/wp-content\/uploads\/2018\/10\/Mlxbloc-1.png","contentUrl":"https:\/\/www.babcock-wanson.com\/wp-content\/uploads\/2018\/10\/Mlxbloc-1.png","width":600,"height":400,"caption":"Mlxbloc"},{"@type":"BreadcrumbList","@id":"https:\/\/www.babcock-wanson.com\/es\/productos\/calentadores-de-aire-industriales\/calentador-de-aire-de-proceso-directo-mixbloc\/#breadcrumb","itemListElement":[{"@type":"ListItem","position":1,"name":"Inicio","item":"https:\/\/www.babcock-wanson.com\/es\/"},{"@type":"ListItem","position":2,"name":"Productos","item":"https:\/\/www.babcock-wanson.com\/es\/shop\/"},{"@type":"ListItem","position":3,"name":"Calentadores de aire industriales","item":"https:\/\/www.babcock-wanson.com\/es\/categoria-producto\/calentadores-de-aire-industriales\/"},{"@type":"ListItem","position":4,"name":"MIXBLOC"}]},{"@type":"WebSite","@id":"https:\/\/www.babcock-wanson.com\/es\/#website","url":"https:\/\/www.babcock-wanson.com\/es\/","name":"Babcock Wanson","description":"","publisher":{"@id":"https:\/\/www.babcock-wanson.com\/es\/#organization"},"potentialAction":[{"@type":"SearchAction","target":{"@type":"EntryPoint","urlTemplate":"https:\/\/www.babcock-wanson.com\/es\/?s={search_term_string}"},"query-input":{"@type":"PropertyValueSpecification","valueRequired":true,"valueName":"search_term_string"}}],"inLanguage":"es"},{"@type":"Organization","@id":"https:\/\/www.babcock-wanson.com\/es\/#organization","name":"Babcock Wanson","url":"https:\/\/www.babcock-wanson.com\/es\/","logo":{"@type":"ImageObject","inLanguage":"es","@id":"https:\/\/www.babcock-wanson.com\/es\/#\/schema\/logo\/image\/","url":"https:\/\/www.babcock-wanson.com\/wp-content\/uploads\/2024\/02\/Babcock-Wanson-1200x1200-1.png","contentUrl":"https:\/\/www.babcock-wanson.com\/wp-content\/uploads\/2024\/02\/Babcock-Wanson-1200x1200-1.png","width":1200,"height":1200,"caption":"Babcock Wanson"},"image":{"@id":"https:\/\/www.babcock-wanson.com\/es\/#\/schema\/logo\/image\/"},"sameAs":["https:\/\/www.linkedin.com\/company\/babcock-wanson\/","https:\/\/www.youtube.com\/channel\/UCtxl25VieBBsP2kYmtlyv7A"]}]}},"jetpack_sharing_enabled":true,"_links":{"self":[{"href":"https:\/\/www.babcock-wanson.com\/es\/wp-json\/wp\/v2\/product\/33814","targetHints":{"allow":["GET"]}}],"collection":[{"href":"https:\/\/www.babcock-wanson.com\/es\/wp-json\/wp\/v2\/product"}],"about":[{"href":"https:\/\/www.babcock-wanson.com\/es\/wp-json\/wp\/v2\/types\/product"}],"replies":[{"embeddable":true,"href":"https:\/\/www.babcock-wanson.com\/es\/wp-json\/wp\/v2\/comments?post=33814"}],"wp:featuredmedia":[{"embeddable":true,"href":"https:\/\/www.babcock-wanson.com\/es\/wp-json\/wp\/v2\/media\/32986"}],"wp:attachment":[{"href":"https:\/\/www.babcock-wanson.com\/es\/wp-json\/wp\/v2\/media?parent=33814"}],"wp:term":[{"taxonomy":"product_brand","embeddable":true,"href":"https:\/\/www.babcock-wanson.com\/es\/wp-json\/wp\/v2\/product_brand?post=33814"},{"taxonomy":"product_cat","embeddable":true,"href":"https:\/\/www.babcock-wanson.com\/es\/wp-json\/wp\/v2\/product_cat?post=33814"},{"taxonomy":"product_tag","embeddable":true,"href":"https:\/\/www.babcock-wanson.com\/es\/wp-json\/wp\/v2\/product_tag?post=33814"}],"curies":[{"name":"wp","href":"https:\/\/api.w.org\/{rel}","templated":true}]}}