{"id":33828,"date":"2018-08-15T11:40:28","date_gmt":"2018-08-15T10:40:28","guid":{"rendered":"https:\/\/www.babcock-wanson.com\/products\/sin%20categor\u00eda\/htv-n-indirect-process-air-heater\/"},"modified":"2022-01-13T23:56:10","modified_gmt":"2022-01-13T23:56:10","slug":"calentador-de-aire-de-proceso-indirecto-htv-n","status":"publish","type":"product","link":"https:\/\/www.babcock-wanson.com\/es\/productos\/calentadores-de-aire-industriales\/calentador-de-aire-de-proceso-indirecto-htv-n\/","title":{"rendered":"Calentador de aire de proceso indirecto HTV-N"},"content":{"rendered":"<div class=\"vgblk-rw-wrapper limit-wrapper\">\r\n<h3>Procesos t\u00edpicos<\/h3>\r\n<ul>\r\n<li>Secado de tabaco<\/li>\r\n<li>Secado de leche<\/li>\r\n<li>Secado de sal<\/li>\r\n<li>Procesos qu\u00edmicos<\/li>\r\n<li>Procesado de alimentos<\/li>\r\n<li>Fabricaci\u00f3n de fertilizantes<\/li>\r\n<li>Fabricaci\u00f3n de papel<\/li>\r\n<li>Producci\u00f3n de almid\u00f3n<\/li>\r\n<li>Producci\u00f3n de goma ar\u00e1biga<\/li>\r\n<\/ul>\r\n<h3>Caracter\u00edsticas importantes<\/h3>\r\n<p>El calentador HTV-N es la soluci\u00f3n ideal cuando se requiere aire a una temperatura elevada para satisfacer las necesidades del proceso. Con el modelo HTV-N, no existe ning\u00fan contacto directo entre el aire de proceso y los productos de combusti\u00f3n, por lo que se trata de una soluci\u00f3n especialmente compatible con aplicaciones en que el proceso requiera un flujo fijo de aire caliente limpio. Un quemador modulante ofrece un control preciso de la temperatura de salida del aire de proceso.<\/p>\r\n<p>El calentador HTV-N puede dise\u00f1arse con una proporci\u00f3n elevada de recirculaci\u00f3n del aire de proceso. Esta opci\u00f3n puede reducir significativamente el consumo de energ\u00eda global.<\/p>\r\n<p>El calentador HTV-N tambi\u00e9n puede dise\u00f1arse para flujos de aire de proceso con un contenido de humedad muy elevado o vapor de agua en suspensi\u00f3n. Estos calentadores de dise\u00f1o especial se equipan adicionalmente con puertas de inspecci\u00f3n y limpieza, drenajes de condensados o juntas impermeables, adem\u00e1s de soldarse siguiendo procedimientos espec\u00edficos para reducir el riesgo de que se acumulen dep\u00f3sitos de part\u00edculas en la superficie de calentamiento.<\/p>\r\n<h3>Flexibilidad<\/h3>\r\n<ul>\r\n<li>Disponibilidad de opciones de derivaci\u00f3n de aire.<\/li>\r\n<li>Fabricaci\u00f3n para un funcionamiento horizontal o vertical.<\/li>\r\n<\/ul>\r\n<h3>Ventajas del calentador HTV-N<\/h3>\r\n<ul>\r\n<li>Funcionamiento sencillo y altamente eficiente.<\/li>\r\n<li>Configuraci\u00f3n horizontal o vertical.<\/li>\r\n<li>Sin fluido intermedio.<\/li>\r\n<li>No requiere sistema de presi\u00f3n.<\/li>\r\n<li>No requiere <a href=\"https:\/\/www.babcock-wanson.com\/es\/categoria-producto\/tratamiento-de-agua-industrial\/\" target=\"_blank\" rel=\"noopener\">tratamiento de agua<\/a> o efluentes.<\/li>\r\n<li>Requisitos de inspecci\u00f3n y servicio m\u00ednimos.<\/li>\r\n<li>Fabricaci\u00f3n en acero inoxidable o acero al carbono siguiendo las especificaciones m\u00e1s estrictas.<\/li>\r\n<\/ul>\r\n<h3>Gran eficiencia<\/h3>\r\n<ul>\r\n<li>Quemador con regulaci\u00f3n modulante.<\/li>\r\n<li>Disponibilidad con recirculaci\u00f3n del aire caliente.<\/li>\r\n<li>90\u00a0% de eficiencia de serie con opci\u00f3n de economizador.<\/li>\r\n<li>Emisiones reducidas de conformidad con las normativas europeas actuales y previstas.<\/li>\r\n<\/ul>\r\n<\/div><!-- .vgblk-rw-wrapper -->","protected":false},"excerpt":{"rendered":"<p><strong>Potencias de 90 kW a 7 MW<\/strong><\/p>\n<p>Fabricados en acero inoxidable o acero al carbono siguiendo las especificaciones m\u00e1s estrictas, los <a href=\"https:\/\/www.babcock-wanson.com\/es\/categoria-producto\/calentadores-de-aire-industriales\/\" target=\"_blank\" rel=\"noopener\">calentadores de aire de proceso<\/a> indirectos HTV-N suministran aire caliente limpio hasta 350 \u00b0C. Los calentadores pueden equiparse con puertas de inspecci\u00f3n y limpieza, drenajes de condensados y juntas impermeables cuando as\u00ed lo exija el proceso, adem\u00e1s de soldarse siguiendo procedimientos espec\u00edficos para reducir el riesgo de que se acumulen dep\u00f3sitos de part\u00edculas en la superficie de calentamiento.<\/p>\n<p>La serie HTV-N se suministra \u00edntegramente con un quemador totalmente compatible para gas o gasoleo, as\u00ed como con un <a href=\"https:\/\/www.babcock-wanson.com\/es\/productos\/sistema-de-recuperacion-de-calor\/economizador\/\" target=\"_blank\" rel=\"noopener\">economizador<\/a> opcional para un funcionamiento altamente eficiente. El quemador modulante ofrece un control exacto de la temperatura de salida del aire de proceso.<\/p>\n<p>Todos los calentadores de aire de proceso indirectos HTV-N se dise\u00f1an a medida para satisfacer las demandas espec\u00edficas de cada instalaci\u00f3n. El intervalo de flujo de aire de proceso est\u00e1 comprendido entre 1.000 y 100.000 kg\/h, con una temperatura de salida del aire de hasta 350 \u00b0C.<\/p>\n<p>Los calentadores HTV-N simplifican y reducen el coste total de instalaci\u00f3n y funcionamiento en comparaci\u00f3n con los sistemas de calefacci\u00f3n indirectos tradicionales. Especialmente durante la planificaci\u00f3n de nuevas instalaciones, las dimensiones reducidas y la facilidad de uso reducen los costes globales y los requisitos de mantenimiento operativo habituales.<\/p>\n","protected":false},"featured_media":32779,"comment_status":"closed","ping_status":"closed","template":"","meta":{"_acf_changed":false,"_relevanssi_hide_post":"","_relevanssi_hide_content":"","_relevanssi_pin_for_all":"","_relevanssi_pin_keywords":"","_relevanssi_unpin_keywords":"","_relevanssi_related_keywords":"","_relevanssi_related_include_ids":"","_relevanssi_related_exclude_ids":"","_relevanssi_related_no_append":"","_relevanssi_related_not_related":"","_relevanssi_related_posts":"","_relevanssi_noindex_reason":""},"product_brand":[],"product_cat":[5827],"product_tag":[],"class_list":{"0":"post-33828","1":"product","2":"type-product","3":"status-publish","4":"has-post-thumbnail","6":"product_cat-calentadores-de-aire-industriales","8":"first","9":"instock","10":"shipping-taxable","11":"product-type-simple"},"acf":[],"yoast_head":"<!-- This site is optimized with the Yoast SEO Premium plugin v27.1 (Yoast SEO v27.1.1) - https:\/\/yoast.com\/product\/yoast-seo-premium-wordpress\/ -->\n<title>Calentadores de aire de proceso indirectos HTV-N<\/title>\n<meta name=\"description\" content=\"los calentadores de aire de proceso indirectos HTV-N suministran aire caliente limpio hasta 350 \u00b0C.\" \/>\n<meta name=\"robots\" content=\"index, follow, max-snippet:-1, max-image-preview:large, max-video-preview:-1\" \/>\n<link rel=\"canonical\" href=\"https:\/\/www.babcock-wanson.com\/es\/productos\/calentadores-de-aire-industriales\/calentador-de-aire-de-proceso-indirecto-htv-n\/\" \/>\n<meta property=\"og:locale\" content=\"es_ES\" \/>\n<meta property=\"og:type\" content=\"article\" \/>\n<meta property=\"og:title\" content=\"Calentador de aire de proceso indirecto HTV-N\" \/>\n<meta property=\"og:description\" content=\"los calentadores de aire de proceso indirectos HTV-N suministran aire caliente limpio hasta 350 \u00b0C.\" \/>\n<meta property=\"og:url\" content=\"https:\/\/www.babcock-wanson.com\/es\/productos\/calentadores-de-aire-industriales\/calentador-de-aire-de-proceso-indirecto-htv-n\/\" \/>\n<meta property=\"og:site_name\" content=\"Babcock Wanson\" \/>\n<meta property=\"article:modified_time\" content=\"2022-01-13T23:56:10+00:00\" \/>\n<meta property=\"og:image\" content=\"https:\/\/www.babcock-wanson.com\/wp-content\/uploads\/2018\/08\/HTV-Indirect-Process-Air-Heaters-3.jpg\" \/>\n\t<meta property=\"og:image:width\" content=\"600\" \/>\n\t<meta property=\"og:image:height\" content=\"400\" \/>\n\t<meta property=\"og:image:type\" content=\"image\/jpeg\" \/>\n<meta name=\"twitter:card\" content=\"summary_large_image\" \/>\n<meta name=\"twitter:label1\" content=\"Est. reading time\" \/>\n\t<meta name=\"twitter:data1\" content=\"2 minutos\" \/>\n<script type=\"application\/ld+json\" class=\"yoast-schema-graph\">{\"@context\":\"https:\/\/schema.org\",\"@graph\":[{\"@type\":\"WebPage\",\"@id\":\"https:\/\/www.babcock-wanson.com\/es\/productos\/calentadores-de-aire-industriales\/calentador-de-aire-de-proceso-indirecto-htv-n\/\",\"url\":\"https:\/\/www.babcock-wanson.com\/es\/productos\/calentadores-de-aire-industriales\/calentador-de-aire-de-proceso-indirecto-htv-n\/\",\"name\":\"Calentadores de aire de proceso indirectos HTV-N\",\"isPartOf\":{\"@id\":\"https:\/\/www.babcock-wanson.com\/es\/#website\"},\"primaryImageOfPage\":{\"@id\":\"https:\/\/www.babcock-wanson.com\/es\/productos\/calentadores-de-aire-industriales\/calentador-de-aire-de-proceso-indirecto-htv-n\/#primaryimage\"},\"image\":{\"@id\":\"https:\/\/www.babcock-wanson.com\/es\/productos\/calentadores-de-aire-industriales\/calentador-de-aire-de-proceso-indirecto-htv-n\/#primaryimage\"},\"thumbnailUrl\":\"https:\/\/www.babcock-wanson.com\/wp-content\/uploads\/2018\/08\/HTV-Indirect-Process-Air-Heaters-3.jpg\",\"datePublished\":\"2018-08-15T10:40:28+00:00\",\"dateModified\":\"2022-01-13T23:56:10+00:00\",\"description\":\"los calentadores de aire de proceso indirectos HTV-N suministran aire caliente limpio hasta 350 \u00b0C.\",\"breadcrumb\":{\"@id\":\"https:\/\/www.babcock-wanson.com\/es\/productos\/calentadores-de-aire-industriales\/calentador-de-aire-de-proceso-indirecto-htv-n\/#breadcrumb\"},\"inLanguage\":\"es\",\"potentialAction\":[{\"@type\":\"ReadAction\",\"target\":[\"https:\/\/www.babcock-wanson.com\/es\/productos\/calentadores-de-aire-industriales\/calentador-de-aire-de-proceso-indirecto-htv-n\/\"]}]},{\"@type\":\"ImageObject\",\"inLanguage\":\"es\",\"@id\":\"https:\/\/www.babcock-wanson.com\/es\/productos\/calentadores-de-aire-industriales\/calentador-de-aire-de-proceso-indirecto-htv-n\/#primaryimage\",\"url\":\"https:\/\/www.babcock-wanson.com\/wp-content\/uploads\/2018\/08\/HTV-Indirect-Process-Air-Heaters-3.jpg\",\"contentUrl\":\"https:\/\/www.babcock-wanson.com\/wp-content\/uploads\/2018\/08\/HTV-Indirect-Process-Air-Heaters-3.jpg\",\"width\":600,\"height\":400,\"caption\":\"Calentador de aire de proceso indirecto HTV-N\"},{\"@type\":\"BreadcrumbList\",\"@id\":\"https:\/\/www.babcock-wanson.com\/es\/productos\/calentadores-de-aire-industriales\/calentador-de-aire-de-proceso-indirecto-htv-n\/#breadcrumb\",\"itemListElement\":[{\"@type\":\"ListItem\",\"position\":1,\"name\":\"Inicio\",\"item\":\"https:\/\/www.babcock-wanson.com\/es\/\"},{\"@type\":\"ListItem\",\"position\":2,\"name\":\"Productos\",\"item\":\"https:\/\/www.babcock-wanson.com\/es\/shop\/\"},{\"@type\":\"ListItem\",\"position\":3,\"name\":\"Calentadores de aire industriales\",\"item\":\"https:\/\/www.babcock-wanson.com\/es\/categoria-producto\/calentadores-de-aire-industriales\/\"},{\"@type\":\"ListItem\",\"position\":4,\"name\":\"Calentador de aire de proceso indirecto HTV-N\"}]},{\"@type\":\"WebSite\",\"@id\":\"https:\/\/www.babcock-wanson.com\/es\/#website\",\"url\":\"https:\/\/www.babcock-wanson.com\/es\/\",\"name\":\"Babcock Wanson\",\"description\":\"\",\"publisher\":{\"@id\":\"https:\/\/www.babcock-wanson.com\/es\/#organization\"},\"potentialAction\":[{\"@type\":\"SearchAction\",\"target\":{\"@type\":\"EntryPoint\",\"urlTemplate\":\"https:\/\/www.babcock-wanson.com\/es\/?s={search_term_string}\"},\"query-input\":{\"@type\":\"PropertyValueSpecification\",\"valueRequired\":true,\"valueName\":\"search_term_string\"}}],\"inLanguage\":\"es\"},{\"@type\":\"Organization\",\"@id\":\"https:\/\/www.babcock-wanson.com\/es\/#organization\",\"name\":\"Babcock Wanson\",\"url\":\"https:\/\/www.babcock-wanson.com\/es\/\",\"logo\":{\"@type\":\"ImageObject\",\"inLanguage\":\"es\",\"@id\":\"https:\/\/www.babcock-wanson.com\/es\/#\/schema\/logo\/image\/\",\"url\":\"https:\/\/www.babcock-wanson.com\/wp-content\/uploads\/2024\/02\/Babcock-Wanson-1200x1200-1.png\",\"contentUrl\":\"https:\/\/www.babcock-wanson.com\/wp-content\/uploads\/2024\/02\/Babcock-Wanson-1200x1200-1.png\",\"width\":1200,\"height\":1200,\"caption\":\"Babcock Wanson\"},\"image\":{\"@id\":\"https:\/\/www.babcock-wanson.com\/es\/#\/schema\/logo\/image\/\"},\"sameAs\":[\"https:\/\/www.linkedin.com\/company\/babcock-wanson\/\",\"https:\/\/www.youtube.com\/channel\/UCtxl25VieBBsP2kYmtlyv7A\"]}]}<\/script>\n<!-- \/ Yoast SEO Premium plugin. -->","yoast_head_json":{"title":"Calentadores de aire de proceso indirectos HTV-N","description":"los calentadores de aire de proceso indirectos HTV-N suministran aire caliente limpio hasta 350 \u00b0C.","robots":{"index":"index","follow":"follow","max-snippet":"max-snippet:-1","max-image-preview":"max-image-preview:large","max-video-preview":"max-video-preview:-1"},"canonical":"https:\/\/www.babcock-wanson.com\/es\/productos\/calentadores-de-aire-industriales\/calentador-de-aire-de-proceso-indirecto-htv-n\/","og_locale":"es_ES","og_type":"article","og_title":"Calentador de aire de proceso indirecto HTV-N","og_description":"los calentadores de aire de proceso indirectos HTV-N suministran aire caliente limpio hasta 350 \u00b0C.","og_url":"https:\/\/www.babcock-wanson.com\/es\/productos\/calentadores-de-aire-industriales\/calentador-de-aire-de-proceso-indirecto-htv-n\/","og_site_name":"Babcock Wanson","article_modified_time":"2022-01-13T23:56:10+00:00","og_image":[{"width":600,"height":400,"url":"https:\/\/www.babcock-wanson.com\/wp-content\/uploads\/2018\/08\/HTV-Indirect-Process-Air-Heaters-3.jpg","type":"image\/jpeg"}],"twitter_card":"summary_large_image","twitter_misc":{"Est. reading time":"2 minutos"},"schema":{"@context":"https:\/\/schema.org","@graph":[{"@type":"WebPage","@id":"https:\/\/www.babcock-wanson.com\/es\/productos\/calentadores-de-aire-industriales\/calentador-de-aire-de-proceso-indirecto-htv-n\/","url":"https:\/\/www.babcock-wanson.com\/es\/productos\/calentadores-de-aire-industriales\/calentador-de-aire-de-proceso-indirecto-htv-n\/","name":"Calentadores de aire de proceso indirectos HTV-N","isPartOf":{"@id":"https:\/\/www.babcock-wanson.com\/es\/#website"},"primaryImageOfPage":{"@id":"https:\/\/www.babcock-wanson.com\/es\/productos\/calentadores-de-aire-industriales\/calentador-de-aire-de-proceso-indirecto-htv-n\/#primaryimage"},"image":{"@id":"https:\/\/www.babcock-wanson.com\/es\/productos\/calentadores-de-aire-industriales\/calentador-de-aire-de-proceso-indirecto-htv-n\/#primaryimage"},"thumbnailUrl":"https:\/\/www.babcock-wanson.com\/wp-content\/uploads\/2018\/08\/HTV-Indirect-Process-Air-Heaters-3.jpg","datePublished":"2018-08-15T10:40:28+00:00","dateModified":"2022-01-13T23:56:10+00:00","description":"los calentadores de aire de proceso indirectos HTV-N suministran aire caliente limpio hasta 350 \u00b0C.","breadcrumb":{"@id":"https:\/\/www.babcock-wanson.com\/es\/productos\/calentadores-de-aire-industriales\/calentador-de-aire-de-proceso-indirecto-htv-n\/#breadcrumb"},"inLanguage":"es","potentialAction":[{"@type":"ReadAction","target":["https:\/\/www.babcock-wanson.com\/es\/productos\/calentadores-de-aire-industriales\/calentador-de-aire-de-proceso-indirecto-htv-n\/"]}]},{"@type":"ImageObject","inLanguage":"es","@id":"https:\/\/www.babcock-wanson.com\/es\/productos\/calentadores-de-aire-industriales\/calentador-de-aire-de-proceso-indirecto-htv-n\/#primaryimage","url":"https:\/\/www.babcock-wanson.com\/wp-content\/uploads\/2018\/08\/HTV-Indirect-Process-Air-Heaters-3.jpg","contentUrl":"https:\/\/www.babcock-wanson.com\/wp-content\/uploads\/2018\/08\/HTV-Indirect-Process-Air-Heaters-3.jpg","width":600,"height":400,"caption":"Calentador de aire de proceso indirecto HTV-N"},{"@type":"BreadcrumbList","@id":"https:\/\/www.babcock-wanson.com\/es\/productos\/calentadores-de-aire-industriales\/calentador-de-aire-de-proceso-indirecto-htv-n\/#breadcrumb","itemListElement":[{"@type":"ListItem","position":1,"name":"Inicio","item":"https:\/\/www.babcock-wanson.com\/es\/"},{"@type":"ListItem","position":2,"name":"Productos","item":"https:\/\/www.babcock-wanson.com\/es\/shop\/"},{"@type":"ListItem","position":3,"name":"Calentadores de aire industriales","item":"https:\/\/www.babcock-wanson.com\/es\/categoria-producto\/calentadores-de-aire-industriales\/"},{"@type":"ListItem","position":4,"name":"Calentador de aire de proceso indirecto HTV-N"}]},{"@type":"WebSite","@id":"https:\/\/www.babcock-wanson.com\/es\/#website","url":"https:\/\/www.babcock-wanson.com\/es\/","name":"Babcock Wanson","description":"","publisher":{"@id":"https:\/\/www.babcock-wanson.com\/es\/#organization"},"potentialAction":[{"@type":"SearchAction","target":{"@type":"EntryPoint","urlTemplate":"https:\/\/www.babcock-wanson.com\/es\/?s={search_term_string}"},"query-input":{"@type":"PropertyValueSpecification","valueRequired":true,"valueName":"search_term_string"}}],"inLanguage":"es"},{"@type":"Organization","@id":"https:\/\/www.babcock-wanson.com\/es\/#organization","name":"Babcock Wanson","url":"https:\/\/www.babcock-wanson.com\/es\/","logo":{"@type":"ImageObject","inLanguage":"es","@id":"https:\/\/www.babcock-wanson.com\/es\/#\/schema\/logo\/image\/","url":"https:\/\/www.babcock-wanson.com\/wp-content\/uploads\/2024\/02\/Babcock-Wanson-1200x1200-1.png","contentUrl":"https:\/\/www.babcock-wanson.com\/wp-content\/uploads\/2024\/02\/Babcock-Wanson-1200x1200-1.png","width":1200,"height":1200,"caption":"Babcock Wanson"},"image":{"@id":"https:\/\/www.babcock-wanson.com\/es\/#\/schema\/logo\/image\/"},"sameAs":["https:\/\/www.linkedin.com\/company\/babcock-wanson\/","https:\/\/www.youtube.com\/channel\/UCtxl25VieBBsP2kYmtlyv7A"]}]}},"jetpack_sharing_enabled":true,"_links":{"self":[{"href":"https:\/\/www.babcock-wanson.com\/es\/wp-json\/wp\/v2\/product\/33828","targetHints":{"allow":["GET"]}}],"collection":[{"href":"https:\/\/www.babcock-wanson.com\/es\/wp-json\/wp\/v2\/product"}],"about":[{"href":"https:\/\/www.babcock-wanson.com\/es\/wp-json\/wp\/v2\/types\/product"}],"replies":[{"embeddable":true,"href":"https:\/\/www.babcock-wanson.com\/es\/wp-json\/wp\/v2\/comments?post=33828"}],"wp:featuredmedia":[{"embeddable":true,"href":"https:\/\/www.babcock-wanson.com\/es\/wp-json\/wp\/v2\/media\/32779"}],"wp:attachment":[{"href":"https:\/\/www.babcock-wanson.com\/es\/wp-json\/wp\/v2\/media?parent=33828"}],"wp:term":[{"taxonomy":"product_brand","embeddable":true,"href":"https:\/\/www.babcock-wanson.com\/es\/wp-json\/wp\/v2\/product_brand?post=33828"},{"taxonomy":"product_cat","embeddable":true,"href":"https:\/\/www.babcock-wanson.com\/es\/wp-json\/wp\/v2\/product_cat?post=33828"},{"taxonomy":"product_tag","embeddable":true,"href":"https:\/\/www.babcock-wanson.com\/es\/wp-json\/wp\/v2\/product_tag?post=33828"}],"curies":[{"name":"wp","href":"https:\/\/api.w.org\/{rel}","templated":true}]}}