{"id":33843,"date":"2019-02-12T16:21:00","date_gmt":"2019-02-12T16:21:00","guid":{"rendered":"https:\/\/www.babcock-wanson.com\/products\/sin%20categor\u00eda\/ext-series\/"},"modified":"2022-01-14T00:16:25","modified_gmt":"2022-01-14T00:16:25","slug":"caldera-de-recuperacion-de-calor-ext","status":"publish","type":"product","link":"https:\/\/www.babcock-wanson.com\/es\/productos\/sistemas-de-recuperacion-de-calor\/caldera-de-recuperacion-de-calor-ext\/","title":{"rendered":"EXT"},"content":{"rendered":"<div class=\"vgblk-rw-wrapper limit-wrapper\">\r\n<h3>Especificaciones de las calderas de recuperaci\u00f3n de calor de tipo serpent\u00edn EXT<\/h3>\r\n<p><strong>Configuraci\u00f3n:<\/strong> horizontal o vertical (tanto con flujo ascendente como descendente).<br \/><strong>Salida:<\/strong> agua caliente, agua sobrecalentada, vapor a alta\/baja presi\u00f3n, fluido t\u00e9rmico.<br \/><strong>Intervalo de presi\u00f3n:<\/strong> 25\u00a0bar.<\/p>\r\n<h3>Caracter\u00edsticas<\/h3>\r\n<ul>\r\n<li>Configuraci\u00f3n horizontal o vertical<\/li>\r\n<li>Resistencia a la corrosi\u00f3n<\/li>\r\n<li>Nivel de ruido reducido (a menudo, elimina la necesidad de emplear un silenciador de escape)<\/li>\r\n<li>Dise\u00f1o robusto<\/li>\r\n<li>Ca\u00edda de presi\u00f3n reducida<\/li>\r\n<li>Velocidad elevada del gas de autolimpieza<\/li>\r\n<li>Compatibilidad de uso con hornos, hornos para recalentado, incineradores, <a href=\"https:\/\/www.babcock-wanson.com\/es\/categoria-producto\/oxidadores-termicos\/\" target=\"_blank\" rel=\"noopener\">oxidadores t\u00e9rmicos<\/a>, motores di\u00e9sel, turbinas de gas, entre otros muchos equipos<\/li>\r\n<\/ul>\r\n<\/div><!-- .vgblk-rw-wrapper -->","protected":false},"excerpt":{"rendered":"<p>La caldera de recuperaci\u00f3n de calor de tipo serpent\u00edn EXT se construye con ayuda de m\u00faltiples serpentines tubulares conc\u00e9ntricos equipados con pasos de flujo de gas entre los diferentes serpentines para garantizar una ca\u00edda reducida de la presi\u00f3n y una velocidad elevada del gas de autolimpieza.<\/p>\n<p>Pueden emplearse en una configuraci\u00f3n vertical u horizontal y el sistema de derivaci\u00f3n de gases de escape puede incorporarse de manera conc\u00e9ntrica, interna o externa para una flexibilidad m\u00e1xima.<\/p>\n<p>Babcock Wanson cuenta con una extensa y variada lista de clientes y aplicaciones de referencia, muchas de las cuales incorporan una caldera de vapor (SOV) o una caldera de agua caliente\/sobrecalentada (SOAC\/S) \u2014 de nuevo, un componente dise\u00f1ado y fabricado por Babcock Wanson\u2014 como parte del suministro general.<\/p>\n","protected":false},"featured_media":33848,"comment_status":"closed","ping_status":"closed","template":"","meta":{"_acf_changed":false,"_relevanssi_hide_post":"","_relevanssi_hide_content":"","_relevanssi_pin_for_all":"","_relevanssi_pin_keywords":"","_relevanssi_unpin_keywords":"","_relevanssi_related_keywords":"","_relevanssi_related_include_ids":"","_relevanssi_related_exclude_ids":"","_relevanssi_related_no_append":"","_relevanssi_related_not_related":"","_relevanssi_related_posts":"","_relevanssi_noindex_reason":""},"product_brand":[],"product_cat":[5826],"product_tag":[],"class_list":{"0":"post-33843","1":"product","2":"type-product","3":"status-publish","4":"has-post-thumbnail","6":"product_cat-sistemas-de-recuperacion-de-calor","8":"first","9":"instock","10":"shipping-taxable","11":"product-type-simple"},"acf":[],"yoast_head":"<!-- This site is optimized with the Yoast SEO Premium plugin v27.1 (Yoast SEO v27.1.1) - https:\/\/yoast.com\/product\/yoast-seo-premium-wordpress\/ -->\n<title>caldera de recuperaci\u00f3n de calor EXT<\/title>\n<meta name=\"description\" content=\"La caldera de recuperaci\u00f3n de calor de tipo serpent\u00edn EXT se construye con ayuda de m\u00faltiples serpentines tubulares conc\u00e9ntricos equipados con pasos de flujo de gas entre los diferentes serpentines.\" \/>\n<meta name=\"robots\" content=\"index, follow, max-snippet:-1, max-image-preview:large, max-video-preview:-1\" \/>\n<link rel=\"canonical\" href=\"https:\/\/www.babcock-wanson.com\/es\/productos\/sistemas-de-recuperacion-de-calor\/caldera-de-recuperacion-de-calor-ext\/\" \/>\n<meta property=\"og:locale\" content=\"es_ES\" \/>\n<meta property=\"og:type\" content=\"article\" \/>\n<meta property=\"og:title\" content=\"EXT\" \/>\n<meta property=\"og:description\" content=\"La caldera de recuperaci\u00f3n de calor de tipo serpent\u00edn EXT se construye con ayuda de m\u00faltiples serpentines tubulares conc\u00e9ntricos equipados con pasos de flujo de gas entre los diferentes serpentines.\" \/>\n<meta property=\"og:url\" content=\"https:\/\/www.babcock-wanson.com\/es\/productos\/sistemas-de-recuperacion-de-calor\/caldera-de-recuperacion-de-calor-ext\/\" \/>\n<meta property=\"og:site_name\" content=\"Babcock Wanson\" \/>\n<meta property=\"article:modified_time\" content=\"2022-01-14T00:16:25+00:00\" \/>\n<meta property=\"og:image\" content=\"https:\/\/www.babcock-wanson.com\/wp-content\/uploads\/2019\/02\/EXT-3.jpg\" \/>\n\t<meta property=\"og:image:width\" content=\"600\" \/>\n\t<meta property=\"og:image:height\" content=\"400\" \/>\n\t<meta property=\"og:image:type\" content=\"image\/jpeg\" \/>\n<meta name=\"twitter:card\" content=\"summary_large_image\" \/>\n<meta name=\"twitter:label1\" content=\"Est. reading time\" \/>\n\t<meta name=\"twitter:data1\" content=\"1 minuto\" \/>\n<script type=\"application\/ld+json\" class=\"yoast-schema-graph\">{\"@context\":\"https:\/\/schema.org\",\"@graph\":[{\"@type\":\"WebPage\",\"@id\":\"https:\/\/www.babcock-wanson.com\/es\/productos\/sistemas-de-recuperacion-de-calor\/caldera-de-recuperacion-de-calor-ext\/\",\"url\":\"https:\/\/www.babcock-wanson.com\/es\/productos\/sistemas-de-recuperacion-de-calor\/caldera-de-recuperacion-de-calor-ext\/\",\"name\":\"caldera de recuperaci\u00f3n de calor EXT\",\"isPartOf\":{\"@id\":\"https:\/\/www.babcock-wanson.com\/es\/#website\"},\"primaryImageOfPage\":{\"@id\":\"https:\/\/www.babcock-wanson.com\/es\/productos\/sistemas-de-recuperacion-de-calor\/caldera-de-recuperacion-de-calor-ext\/#primaryimage\"},\"image\":{\"@id\":\"https:\/\/www.babcock-wanson.com\/es\/productos\/sistemas-de-recuperacion-de-calor\/caldera-de-recuperacion-de-calor-ext\/#primaryimage\"},\"thumbnailUrl\":\"https:\/\/www.babcock-wanson.com\/wp-content\/uploads\/2019\/02\/EXT-3.jpg\",\"datePublished\":\"2019-02-12T16:21:00+00:00\",\"dateModified\":\"2022-01-14T00:16:25+00:00\",\"description\":\"La caldera de recuperaci\u00f3n de calor de tipo serpent\u00edn EXT se construye con ayuda de m\u00faltiples serpentines tubulares conc\u00e9ntricos equipados con pasos de flujo de gas entre los diferentes serpentines.\",\"breadcrumb\":{\"@id\":\"https:\/\/www.babcock-wanson.com\/es\/productos\/sistemas-de-recuperacion-de-calor\/caldera-de-recuperacion-de-calor-ext\/#breadcrumb\"},\"inLanguage\":\"es\",\"potentialAction\":[{\"@type\":\"ReadAction\",\"target\":[\"https:\/\/www.babcock-wanson.com\/es\/productos\/sistemas-de-recuperacion-de-calor\/caldera-de-recuperacion-de-calor-ext\/\"]}]},{\"@type\":\"ImageObject\",\"inLanguage\":\"es\",\"@id\":\"https:\/\/www.babcock-wanson.com\/es\/productos\/sistemas-de-recuperacion-de-calor\/caldera-de-recuperacion-de-calor-ext\/#primaryimage\",\"url\":\"https:\/\/www.babcock-wanson.com\/wp-content\/uploads\/2019\/02\/EXT-3.jpg\",\"contentUrl\":\"https:\/\/www.babcock-wanson.com\/wp-content\/uploads\/2019\/02\/EXT-3.jpg\",\"width\":600,\"height\":400},{\"@type\":\"BreadcrumbList\",\"@id\":\"https:\/\/www.babcock-wanson.com\/es\/productos\/sistemas-de-recuperacion-de-calor\/caldera-de-recuperacion-de-calor-ext\/#breadcrumb\",\"itemListElement\":[{\"@type\":\"ListItem\",\"position\":1,\"name\":\"Inicio\",\"item\":\"https:\/\/www.babcock-wanson.com\/es\/\"},{\"@type\":\"ListItem\",\"position\":2,\"name\":\"Productos\",\"item\":\"https:\/\/www.babcock-wanson.com\/es\/shop\/\"},{\"@type\":\"ListItem\",\"position\":3,\"name\":\"Sistema de recuperaci\u00f3n de calor\",\"item\":\"https:\/\/www.babcock-wanson.com\/es\/categoria-producto\/sistemas-de-recuperacion-de-calor\/\"},{\"@type\":\"ListItem\",\"position\":4,\"name\":\"EXT\"}]},{\"@type\":\"WebSite\",\"@id\":\"https:\/\/www.babcock-wanson.com\/es\/#website\",\"url\":\"https:\/\/www.babcock-wanson.com\/es\/\",\"name\":\"Babcock Wanson\",\"description\":\"\",\"publisher\":{\"@id\":\"https:\/\/www.babcock-wanson.com\/es\/#organization\"},\"potentialAction\":[{\"@type\":\"SearchAction\",\"target\":{\"@type\":\"EntryPoint\",\"urlTemplate\":\"https:\/\/www.babcock-wanson.com\/es\/?s={search_term_string}\"},\"query-input\":{\"@type\":\"PropertyValueSpecification\",\"valueRequired\":true,\"valueName\":\"search_term_string\"}}],\"inLanguage\":\"es\"},{\"@type\":\"Organization\",\"@id\":\"https:\/\/www.babcock-wanson.com\/es\/#organization\",\"name\":\"Babcock Wanson\",\"url\":\"https:\/\/www.babcock-wanson.com\/es\/\",\"logo\":{\"@type\":\"ImageObject\",\"inLanguage\":\"es\",\"@id\":\"https:\/\/www.babcock-wanson.com\/es\/#\/schema\/logo\/image\/\",\"url\":\"https:\/\/www.babcock-wanson.com\/wp-content\/uploads\/2024\/02\/Babcock-Wanson-1200x1200-1.png\",\"contentUrl\":\"https:\/\/www.babcock-wanson.com\/wp-content\/uploads\/2024\/02\/Babcock-Wanson-1200x1200-1.png\",\"width\":1200,\"height\":1200,\"caption\":\"Babcock Wanson\"},\"image\":{\"@id\":\"https:\/\/www.babcock-wanson.com\/es\/#\/schema\/logo\/image\/\"},\"sameAs\":[\"https:\/\/www.linkedin.com\/company\/babcock-wanson\/\",\"https:\/\/www.youtube.com\/channel\/UCtxl25VieBBsP2kYmtlyv7A\"]}]}<\/script>\n<!-- \/ Yoast SEO Premium plugin. -->","yoast_head_json":{"title":"caldera de recuperaci\u00f3n de calor EXT","description":"La caldera de recuperaci\u00f3n de calor de tipo serpent\u00edn EXT se construye con ayuda de m\u00faltiples serpentines tubulares conc\u00e9ntricos equipados con pasos de flujo de gas entre los diferentes serpentines.","robots":{"index":"index","follow":"follow","max-snippet":"max-snippet:-1","max-image-preview":"max-image-preview:large","max-video-preview":"max-video-preview:-1"},"canonical":"https:\/\/www.babcock-wanson.com\/es\/productos\/sistemas-de-recuperacion-de-calor\/caldera-de-recuperacion-de-calor-ext\/","og_locale":"es_ES","og_type":"article","og_title":"EXT","og_description":"La caldera de recuperaci\u00f3n de calor de tipo serpent\u00edn EXT se construye con ayuda de m\u00faltiples serpentines tubulares conc\u00e9ntricos equipados con pasos de flujo de gas entre los diferentes serpentines.","og_url":"https:\/\/www.babcock-wanson.com\/es\/productos\/sistemas-de-recuperacion-de-calor\/caldera-de-recuperacion-de-calor-ext\/","og_site_name":"Babcock Wanson","article_modified_time":"2022-01-14T00:16:25+00:00","og_image":[{"width":600,"height":400,"url":"https:\/\/www.babcock-wanson.com\/wp-content\/uploads\/2019\/02\/EXT-3.jpg","type":"image\/jpeg"}],"twitter_card":"summary_large_image","twitter_misc":{"Est. reading time":"1 minuto"},"schema":{"@context":"https:\/\/schema.org","@graph":[{"@type":"WebPage","@id":"https:\/\/www.babcock-wanson.com\/es\/productos\/sistemas-de-recuperacion-de-calor\/caldera-de-recuperacion-de-calor-ext\/","url":"https:\/\/www.babcock-wanson.com\/es\/productos\/sistemas-de-recuperacion-de-calor\/caldera-de-recuperacion-de-calor-ext\/","name":"caldera de recuperaci\u00f3n de calor EXT","isPartOf":{"@id":"https:\/\/www.babcock-wanson.com\/es\/#website"},"primaryImageOfPage":{"@id":"https:\/\/www.babcock-wanson.com\/es\/productos\/sistemas-de-recuperacion-de-calor\/caldera-de-recuperacion-de-calor-ext\/#primaryimage"},"image":{"@id":"https:\/\/www.babcock-wanson.com\/es\/productos\/sistemas-de-recuperacion-de-calor\/caldera-de-recuperacion-de-calor-ext\/#primaryimage"},"thumbnailUrl":"https:\/\/www.babcock-wanson.com\/wp-content\/uploads\/2019\/02\/EXT-3.jpg","datePublished":"2019-02-12T16:21:00+00:00","dateModified":"2022-01-14T00:16:25+00:00","description":"La caldera de recuperaci\u00f3n de calor de tipo serpent\u00edn EXT se construye con ayuda de m\u00faltiples serpentines tubulares conc\u00e9ntricos equipados con pasos de flujo de gas entre los diferentes serpentines.","breadcrumb":{"@id":"https:\/\/www.babcock-wanson.com\/es\/productos\/sistemas-de-recuperacion-de-calor\/caldera-de-recuperacion-de-calor-ext\/#breadcrumb"},"inLanguage":"es","potentialAction":[{"@type":"ReadAction","target":["https:\/\/www.babcock-wanson.com\/es\/productos\/sistemas-de-recuperacion-de-calor\/caldera-de-recuperacion-de-calor-ext\/"]}]},{"@type":"ImageObject","inLanguage":"es","@id":"https:\/\/www.babcock-wanson.com\/es\/productos\/sistemas-de-recuperacion-de-calor\/caldera-de-recuperacion-de-calor-ext\/#primaryimage","url":"https:\/\/www.babcock-wanson.com\/wp-content\/uploads\/2019\/02\/EXT-3.jpg","contentUrl":"https:\/\/www.babcock-wanson.com\/wp-content\/uploads\/2019\/02\/EXT-3.jpg","width":600,"height":400},{"@type":"BreadcrumbList","@id":"https:\/\/www.babcock-wanson.com\/es\/productos\/sistemas-de-recuperacion-de-calor\/caldera-de-recuperacion-de-calor-ext\/#breadcrumb","itemListElement":[{"@type":"ListItem","position":1,"name":"Inicio","item":"https:\/\/www.babcock-wanson.com\/es\/"},{"@type":"ListItem","position":2,"name":"Productos","item":"https:\/\/www.babcock-wanson.com\/es\/shop\/"},{"@type":"ListItem","position":3,"name":"Sistema de recuperaci\u00f3n de calor","item":"https:\/\/www.babcock-wanson.com\/es\/categoria-producto\/sistemas-de-recuperacion-de-calor\/"},{"@type":"ListItem","position":4,"name":"EXT"}]},{"@type":"WebSite","@id":"https:\/\/www.babcock-wanson.com\/es\/#website","url":"https:\/\/www.babcock-wanson.com\/es\/","name":"Babcock Wanson","description":"","publisher":{"@id":"https:\/\/www.babcock-wanson.com\/es\/#organization"},"potentialAction":[{"@type":"SearchAction","target":{"@type":"EntryPoint","urlTemplate":"https:\/\/www.babcock-wanson.com\/es\/?s={search_term_string}"},"query-input":{"@type":"PropertyValueSpecification","valueRequired":true,"valueName":"search_term_string"}}],"inLanguage":"es"},{"@type":"Organization","@id":"https:\/\/www.babcock-wanson.com\/es\/#organization","name":"Babcock Wanson","url":"https:\/\/www.babcock-wanson.com\/es\/","logo":{"@type":"ImageObject","inLanguage":"es","@id":"https:\/\/www.babcock-wanson.com\/es\/#\/schema\/logo\/image\/","url":"https:\/\/www.babcock-wanson.com\/wp-content\/uploads\/2024\/02\/Babcock-Wanson-1200x1200-1.png","contentUrl":"https:\/\/www.babcock-wanson.com\/wp-content\/uploads\/2024\/02\/Babcock-Wanson-1200x1200-1.png","width":1200,"height":1200,"caption":"Babcock Wanson"},"image":{"@id":"https:\/\/www.babcock-wanson.com\/es\/#\/schema\/logo\/image\/"},"sameAs":["https:\/\/www.linkedin.com\/company\/babcock-wanson\/","https:\/\/www.youtube.com\/channel\/UCtxl25VieBBsP2kYmtlyv7A"]}]}},"jetpack_sharing_enabled":true,"_links":{"self":[{"href":"https:\/\/www.babcock-wanson.com\/es\/wp-json\/wp\/v2\/product\/33843","targetHints":{"allow":["GET"]}}],"collection":[{"href":"https:\/\/www.babcock-wanson.com\/es\/wp-json\/wp\/v2\/product"}],"about":[{"href":"https:\/\/www.babcock-wanson.com\/es\/wp-json\/wp\/v2\/types\/product"}],"replies":[{"embeddable":true,"href":"https:\/\/www.babcock-wanson.com\/es\/wp-json\/wp\/v2\/comments?post=33843"}],"wp:featuredmedia":[{"embeddable":true,"href":"https:\/\/www.babcock-wanson.com\/es\/wp-json\/wp\/v2\/media\/33848"}],"wp:attachment":[{"href":"https:\/\/www.babcock-wanson.com\/es\/wp-json\/wp\/v2\/media?parent=33843"}],"wp:term":[{"taxonomy":"product_brand","embeddable":true,"href":"https:\/\/www.babcock-wanson.com\/es\/wp-json\/wp\/v2\/product_brand?post=33843"},{"taxonomy":"product_cat","embeddable":true,"href":"https:\/\/www.babcock-wanson.com\/es\/wp-json\/wp\/v2\/product_cat?post=33843"},{"taxonomy":"product_tag","embeddable":true,"href":"https:\/\/www.babcock-wanson.com\/es\/wp-json\/wp\/v2\/product_tag?post=33843"}],"curies":[{"name":"wp","href":"https:\/\/api.w.org\/{rel}","templated":true}]}}