{"id":33849,"date":"2019-02-12T16:18:52","date_gmt":"2019-02-12T16:18:52","guid":{"rendered":"https:\/\/www.babcock-wanson.com\/products\/sin%20categor\u00eda\/rec-series\/"},"modified":"2021-11-08T16:02:30","modified_gmt":"2021-11-08T16:02:30","slug":"rec","status":"publish","type":"product","link":"https:\/\/www.babcock-wanson.com\/es\/productos\/sistemas-de-recuperacion-de-calor\/rec\/","title":{"rendered":"REC"},"content":{"rendered":"<div class=\"vgblk-rw-wrapper limit-wrapper\">\r\n<h3>Caracter\u00edsticas de la serie\u00a0REC<\/h3>\r\n<ul>\r\n<li>Configuraci\u00f3n horizontal<\/li>\r\n<li>Funcionamiento flexible: posibilidad de ajustar distintos vol\u00famenes y temperaturas de gases de escape<\/li>\r\n<li>Dise\u00f1o robusto<\/li>\r\n<li>Limpieza sencilla: tolerante al polvo<\/li>\r\n<li>Compatibilidad de uso con hornos, hornos para recalentado, incineradores, <a href=\"https:\/\/www.babcock-wanson.com\/es\/categoria-producto\/oxidadores-termicos\/\" target=\"_blank\" rel=\"noopener\">oxidadores t\u00e9rmicos<\/a>, motores di\u00e9sel, turbinas de gas, entre otros muchos equipos<\/li>\r\n<\/ul>\r\n<p>&nbsp;<\/p>\r\n<\/div><!-- .vgblk-rw-wrapper -->","protected":false},"excerpt":{"rendered":"<p>Ideal para la producci\u00f3n de vapor o agua a alta temperatura, la serie REC emplea los gases de combusti\u00f3n procedentes de motores di\u00e9sel, turbinas de gas (cogeneraci\u00f3n), hornos industriales, incineradores u otros equipos t\u00e9rmicos.<\/p>\n<p>Estas calderas horizontales se han dise\u00f1ado para equilibrar la recuperaci\u00f3n de calor con una ca\u00edda limitada de la presi\u00f3n en el lado de los gases para optimizar la transferencia de calor. Adem\u00e1s, se han dise\u00f1ado para ofrecer la calidad y la cantidad necesarias de calor recuperado.<\/p>\n<p><strong>Configuraci\u00f3n:<\/strong> horizontal<br \/><strong>Salida:<\/strong> vapor o agua caliente<br \/><strong>Capacidad:<\/strong> hasta 30\u00a0t\/h de vapor<br \/><strong>Intervalo de presi\u00f3n:<\/strong> 25\u00a0bar<br \/><strong>Temperatura de entrada:<\/strong> hasta 1000\u00a0\u00b0C<\/p>\n","protected":false},"featured_media":33850,"comment_status":"closed","ping_status":"closed","template":"","meta":{"_acf_changed":false,"_relevanssi_hide_post":"","_relevanssi_hide_content":"","_relevanssi_pin_for_all":"","_relevanssi_pin_keywords":"","_relevanssi_unpin_keywords":"","_relevanssi_related_keywords":"","_relevanssi_related_include_ids":"","_relevanssi_related_exclude_ids":"","_relevanssi_related_no_append":"","_relevanssi_related_not_related":"","_relevanssi_related_posts":"","_relevanssi_noindex_reason":""},"product_brand":[],"product_cat":[5826],"product_tag":[],"class_list":{"0":"post-33849","1":"product","2":"type-product","3":"status-publish","4":"has-post-thumbnail","6":"product_cat-sistemas-de-recuperacion-de-calor","8":"first","9":"instock","10":"shipping-taxable","11":"product-type-simple"},"acf":[],"yoast_head":"<!-- This site is optimized with the Yoast SEO Premium plugin v27.1 (Yoast SEO v27.1.1) - https:\/\/yoast.com\/product\/yoast-seo-premium-wordpress\/ -->\n<title>REC Series<\/title>\n<meta name=\"description\" content=\"The REC Series uses combustion gas and is ideal for producing steam or high temperature water. Visit us to find out about about this product today\" \/>\n<meta name=\"robots\" content=\"index, follow, max-snippet:-1, max-image-preview:large, max-video-preview:-1\" \/>\n<link rel=\"canonical\" href=\"https:\/\/www.babcock-wanson.com\/es\/productos\/sistemas-de-recuperacion-de-calor\/rec\/\" \/>\n<meta property=\"og:locale\" content=\"es_ES\" \/>\n<meta property=\"og:type\" content=\"article\" \/>\n<meta property=\"og:title\" content=\"REC\" \/>\n<meta property=\"og:description\" content=\"The REC Series uses combustion gas and is ideal for producing steam or high temperature water. Visit us to find out about about this product today\" \/>\n<meta property=\"og:url\" content=\"https:\/\/www.babcock-wanson.com\/es\/productos\/sistemas-de-recuperacion-de-calor\/rec\/\" \/>\n<meta property=\"og:site_name\" content=\"Babcock Wanson\" \/>\n<meta property=\"article:modified_time\" content=\"2021-11-08T16:02:30+00:00\" \/>\n<meta property=\"og:image\" content=\"https:\/\/www.babcock-wanson.com\/wp-content\/uploads\/2018\/08\/Rec-Series-2.jpg\" \/>\n\t<meta property=\"og:image:width\" content=\"600\" \/>\n\t<meta property=\"og:image:height\" content=\"400\" \/>\n\t<meta property=\"og:image:type\" content=\"image\/jpeg\" \/>\n<meta name=\"twitter:card\" content=\"summary_large_image\" \/>\n<meta name=\"twitter:label1\" content=\"Est. reading time\" \/>\n\t<meta name=\"twitter:data1\" content=\"1 minuto\" \/>\n<script type=\"application\/ld+json\" class=\"yoast-schema-graph\">{\"@context\":\"https:\/\/schema.org\",\"@graph\":[{\"@type\":\"WebPage\",\"@id\":\"https:\/\/www.babcock-wanson.com\/es\/productos\/sistemas-de-recuperacion-de-calor\/rec\/\",\"url\":\"https:\/\/www.babcock-wanson.com\/es\/productos\/sistemas-de-recuperacion-de-calor\/rec\/\",\"name\":\"REC Series\",\"isPartOf\":{\"@id\":\"https:\/\/www.babcock-wanson.com\/es\/#website\"},\"primaryImageOfPage\":{\"@id\":\"https:\/\/www.babcock-wanson.com\/es\/productos\/sistemas-de-recuperacion-de-calor\/rec\/#primaryimage\"},\"image\":{\"@id\":\"https:\/\/www.babcock-wanson.com\/es\/productos\/sistemas-de-recuperacion-de-calor\/rec\/#primaryimage\"},\"thumbnailUrl\":\"https:\/\/www.babcock-wanson.com\/wp-content\/uploads\/2018\/08\/Rec-Series-2.jpg\",\"datePublished\":\"2019-02-12T16:18:52+00:00\",\"dateModified\":\"2021-11-08T16:02:30+00:00\",\"description\":\"The REC Series uses combustion gas and is ideal for producing steam or high temperature water. Visit us to find out about about this product today\",\"breadcrumb\":{\"@id\":\"https:\/\/www.babcock-wanson.com\/es\/productos\/sistemas-de-recuperacion-de-calor\/rec\/#breadcrumb\"},\"inLanguage\":\"es\",\"potentialAction\":[{\"@type\":\"ReadAction\",\"target\":[\"https:\/\/www.babcock-wanson.com\/es\/productos\/sistemas-de-recuperacion-de-calor\/rec\/\"]}]},{\"@type\":\"ImageObject\",\"inLanguage\":\"es\",\"@id\":\"https:\/\/www.babcock-wanson.com\/es\/productos\/sistemas-de-recuperacion-de-calor\/rec\/#primaryimage\",\"url\":\"https:\/\/www.babcock-wanson.com\/wp-content\/uploads\/2018\/08\/Rec-Series-2.jpg\",\"contentUrl\":\"https:\/\/www.babcock-wanson.com\/wp-content\/uploads\/2018\/08\/Rec-Series-2.jpg\",\"width\":600,\"height\":400},{\"@type\":\"BreadcrumbList\",\"@id\":\"https:\/\/www.babcock-wanson.com\/es\/productos\/sistemas-de-recuperacion-de-calor\/rec\/#breadcrumb\",\"itemListElement\":[{\"@type\":\"ListItem\",\"position\":1,\"name\":\"Inicio\",\"item\":\"https:\/\/www.babcock-wanson.com\/es\/\"},{\"@type\":\"ListItem\",\"position\":2,\"name\":\"Productos\",\"item\":\"https:\/\/www.babcock-wanson.com\/es\/shop\/\"},{\"@type\":\"ListItem\",\"position\":3,\"name\":\"Sistema de recuperaci\u00f3n de calor\",\"item\":\"https:\/\/www.babcock-wanson.com\/es\/categoria-producto\/sistemas-de-recuperacion-de-calor\/\"},{\"@type\":\"ListItem\",\"position\":4,\"name\":\"REC\"}]},{\"@type\":\"WebSite\",\"@id\":\"https:\/\/www.babcock-wanson.com\/es\/#website\",\"url\":\"https:\/\/www.babcock-wanson.com\/es\/\",\"name\":\"Babcock Wanson\",\"description\":\"\",\"publisher\":{\"@id\":\"https:\/\/www.babcock-wanson.com\/es\/#organization\"},\"potentialAction\":[{\"@type\":\"SearchAction\",\"target\":{\"@type\":\"EntryPoint\",\"urlTemplate\":\"https:\/\/www.babcock-wanson.com\/es\/?s={search_term_string}\"},\"query-input\":{\"@type\":\"PropertyValueSpecification\",\"valueRequired\":true,\"valueName\":\"search_term_string\"}}],\"inLanguage\":\"es\"},{\"@type\":\"Organization\",\"@id\":\"https:\/\/www.babcock-wanson.com\/es\/#organization\",\"name\":\"Babcock Wanson\",\"url\":\"https:\/\/www.babcock-wanson.com\/es\/\",\"logo\":{\"@type\":\"ImageObject\",\"inLanguage\":\"es\",\"@id\":\"https:\/\/www.babcock-wanson.com\/es\/#\/schema\/logo\/image\/\",\"url\":\"https:\/\/www.babcock-wanson.com\/wp-content\/uploads\/2024\/02\/Babcock-Wanson-1200x1200-1.png\",\"contentUrl\":\"https:\/\/www.babcock-wanson.com\/wp-content\/uploads\/2024\/02\/Babcock-Wanson-1200x1200-1.png\",\"width\":1200,\"height\":1200,\"caption\":\"Babcock Wanson\"},\"image\":{\"@id\":\"https:\/\/www.babcock-wanson.com\/es\/#\/schema\/logo\/image\/\"},\"sameAs\":[\"https:\/\/www.linkedin.com\/company\/babcock-wanson\/\",\"https:\/\/www.youtube.com\/channel\/UCtxl25VieBBsP2kYmtlyv7A\"]}]}<\/script>\n<!-- \/ Yoast SEO Premium plugin. -->","yoast_head_json":{"title":"REC Series","description":"The REC Series uses combustion gas and is ideal for producing steam or high temperature water. Visit us to find out about about this product today","robots":{"index":"index","follow":"follow","max-snippet":"max-snippet:-1","max-image-preview":"max-image-preview:large","max-video-preview":"max-video-preview:-1"},"canonical":"https:\/\/www.babcock-wanson.com\/es\/productos\/sistemas-de-recuperacion-de-calor\/rec\/","og_locale":"es_ES","og_type":"article","og_title":"REC","og_description":"The REC Series uses combustion gas and is ideal for producing steam or high temperature water. Visit us to find out about about this product today","og_url":"https:\/\/www.babcock-wanson.com\/es\/productos\/sistemas-de-recuperacion-de-calor\/rec\/","og_site_name":"Babcock Wanson","article_modified_time":"2021-11-08T16:02:30+00:00","og_image":[{"width":600,"height":400,"url":"https:\/\/www.babcock-wanson.com\/wp-content\/uploads\/2018\/08\/Rec-Series-2.jpg","type":"image\/jpeg"}],"twitter_card":"summary_large_image","twitter_misc":{"Est. reading time":"1 minuto"},"schema":{"@context":"https:\/\/schema.org","@graph":[{"@type":"WebPage","@id":"https:\/\/www.babcock-wanson.com\/es\/productos\/sistemas-de-recuperacion-de-calor\/rec\/","url":"https:\/\/www.babcock-wanson.com\/es\/productos\/sistemas-de-recuperacion-de-calor\/rec\/","name":"REC Series","isPartOf":{"@id":"https:\/\/www.babcock-wanson.com\/es\/#website"},"primaryImageOfPage":{"@id":"https:\/\/www.babcock-wanson.com\/es\/productos\/sistemas-de-recuperacion-de-calor\/rec\/#primaryimage"},"image":{"@id":"https:\/\/www.babcock-wanson.com\/es\/productos\/sistemas-de-recuperacion-de-calor\/rec\/#primaryimage"},"thumbnailUrl":"https:\/\/www.babcock-wanson.com\/wp-content\/uploads\/2018\/08\/Rec-Series-2.jpg","datePublished":"2019-02-12T16:18:52+00:00","dateModified":"2021-11-08T16:02:30+00:00","description":"The REC Series uses combustion gas and is ideal for producing steam or high temperature water. Visit us to find out about about this product today","breadcrumb":{"@id":"https:\/\/www.babcock-wanson.com\/es\/productos\/sistemas-de-recuperacion-de-calor\/rec\/#breadcrumb"},"inLanguage":"es","potentialAction":[{"@type":"ReadAction","target":["https:\/\/www.babcock-wanson.com\/es\/productos\/sistemas-de-recuperacion-de-calor\/rec\/"]}]},{"@type":"ImageObject","inLanguage":"es","@id":"https:\/\/www.babcock-wanson.com\/es\/productos\/sistemas-de-recuperacion-de-calor\/rec\/#primaryimage","url":"https:\/\/www.babcock-wanson.com\/wp-content\/uploads\/2018\/08\/Rec-Series-2.jpg","contentUrl":"https:\/\/www.babcock-wanson.com\/wp-content\/uploads\/2018\/08\/Rec-Series-2.jpg","width":600,"height":400},{"@type":"BreadcrumbList","@id":"https:\/\/www.babcock-wanson.com\/es\/productos\/sistemas-de-recuperacion-de-calor\/rec\/#breadcrumb","itemListElement":[{"@type":"ListItem","position":1,"name":"Inicio","item":"https:\/\/www.babcock-wanson.com\/es\/"},{"@type":"ListItem","position":2,"name":"Productos","item":"https:\/\/www.babcock-wanson.com\/es\/shop\/"},{"@type":"ListItem","position":3,"name":"Sistema de recuperaci\u00f3n de calor","item":"https:\/\/www.babcock-wanson.com\/es\/categoria-producto\/sistemas-de-recuperacion-de-calor\/"},{"@type":"ListItem","position":4,"name":"REC"}]},{"@type":"WebSite","@id":"https:\/\/www.babcock-wanson.com\/es\/#website","url":"https:\/\/www.babcock-wanson.com\/es\/","name":"Babcock Wanson","description":"","publisher":{"@id":"https:\/\/www.babcock-wanson.com\/es\/#organization"},"potentialAction":[{"@type":"SearchAction","target":{"@type":"EntryPoint","urlTemplate":"https:\/\/www.babcock-wanson.com\/es\/?s={search_term_string}"},"query-input":{"@type":"PropertyValueSpecification","valueRequired":true,"valueName":"search_term_string"}}],"inLanguage":"es"},{"@type":"Organization","@id":"https:\/\/www.babcock-wanson.com\/es\/#organization","name":"Babcock Wanson","url":"https:\/\/www.babcock-wanson.com\/es\/","logo":{"@type":"ImageObject","inLanguage":"es","@id":"https:\/\/www.babcock-wanson.com\/es\/#\/schema\/logo\/image\/","url":"https:\/\/www.babcock-wanson.com\/wp-content\/uploads\/2024\/02\/Babcock-Wanson-1200x1200-1.png","contentUrl":"https:\/\/www.babcock-wanson.com\/wp-content\/uploads\/2024\/02\/Babcock-Wanson-1200x1200-1.png","width":1200,"height":1200,"caption":"Babcock Wanson"},"image":{"@id":"https:\/\/www.babcock-wanson.com\/es\/#\/schema\/logo\/image\/"},"sameAs":["https:\/\/www.linkedin.com\/company\/babcock-wanson\/","https:\/\/www.youtube.com\/channel\/UCtxl25VieBBsP2kYmtlyv7A"]}]}},"jetpack_sharing_enabled":true,"_links":{"self":[{"href":"https:\/\/www.babcock-wanson.com\/es\/wp-json\/wp\/v2\/product\/33849","targetHints":{"allow":["GET"]}}],"collection":[{"href":"https:\/\/www.babcock-wanson.com\/es\/wp-json\/wp\/v2\/product"}],"about":[{"href":"https:\/\/www.babcock-wanson.com\/es\/wp-json\/wp\/v2\/types\/product"}],"replies":[{"embeddable":true,"href":"https:\/\/www.babcock-wanson.com\/es\/wp-json\/wp\/v2\/comments?post=33849"}],"wp:featuredmedia":[{"embeddable":true,"href":"https:\/\/www.babcock-wanson.com\/es\/wp-json\/wp\/v2\/media\/33850"}],"wp:attachment":[{"href":"https:\/\/www.babcock-wanson.com\/es\/wp-json\/wp\/v2\/media?parent=33849"}],"wp:term":[{"taxonomy":"product_brand","embeddable":true,"href":"https:\/\/www.babcock-wanson.com\/es\/wp-json\/wp\/v2\/product_brand?post=33849"},{"taxonomy":"product_cat","embeddable":true,"href":"https:\/\/www.babcock-wanson.com\/es\/wp-json\/wp\/v2\/product_cat?post=33849"},{"taxonomy":"product_tag","embeddable":true,"href":"https:\/\/www.babcock-wanson.com\/es\/wp-json\/wp\/v2\/product_tag?post=33849"}],"curies":[{"name":"wp","href":"https:\/\/api.w.org\/{rel}","templated":true}]}}