{"id":33854,"date":"2018-09-19T14:07:29","date_gmt":"2018-09-19T13:07:29","guid":{"rendered":"https:\/\/www.babcock-wanson.com\/products\/sin%20categor\u00eda\/air-preheating-r-eco\/"},"modified":"2022-01-15T23:36:35","modified_gmt":"2022-01-15T23:36:35","slug":"precalentamiento-de-aire-r-eco","status":"publish","type":"product","link":"https:\/\/www.babcock-wanson.com\/es\/productos\/sistemas-de-recuperacion-de-calor\/precalentamiento-de-aire-r-eco\/","title":{"rendered":"Precalentamiento de aire R-Eco"},"content":{"rendered":"<div class=\"vgblk-rw-wrapper limit-wrapper\">\r\n<h3>Principio de funcionamiento: economizador de precalentamiento del aire de combusti\u00f3n con gases de escape<\/h3>\r\n<p>Las ventajas de instalar la tecnolog\u00eda R-ECO son m\u00e1s evidentes cuando existe un retorno de condensado por encima del 90\u00a0%. Dado que el condensado de retorno ya presenta una temperatura elevada, no es apto para su uso con economizadores de agua de alimentaci\u00f3n cl\u00e1sicos. Otras condiciones operativas necesarias para el buen funcionamiento de la tecnolog\u00eda R-ECO son una temperatura de entrada de los gases de combusti\u00f3n por encima de 130\u00a0\u00b0C, una temperatura de salida de los gases de combusti\u00f3n \u2248100\u00a0\u00b0C y gas natural como combustible.<\/p>\r\n<ul>\r\n<li>Construcci\u00f3n: placas del intercambiador de aluminio.<\/li>\r\n<li>Bastidor: acero galvanizado.<\/li>\r\n<\/ul>\r\n<h3>Condiciones operativas<\/h3>\r\n<ul>\r\n<li>Ninguna otra fuente de recuperaci\u00f3n de calor que el aire de combusti\u00f3n (p.\u00a0ej., en caso de un retorno de condensado \u226590\u00a0%)<\/li>\r\n<li>Temperatura de entrada de los gases de escape \u2265130\u00a0\u00b0C<\/li>\r\n<li>Temperatura de salida de los gases de escape \u224870\u00a0\u00b0C<\/li>\r\n<li>Combustible: gas natural<br \/><br \/><\/li>\r\n<\/ul>\r\n<ol>\r\n<li>Temperatura del agua de alimentaci\u00f3n de la caldera \u2265110\u00a0\u00b0C = aumento aproximado de la eficiencia del 2,5\u00a0%*<\/li>\r\n<li>Temperatura del agua de alimentaci\u00f3n de la caldera \u2265105\u00a0\u00b0C = aumento aproximado de la eficiencia del 3\u00a0%*<\/li>\r\n<\/ol>\r\n<p>* Este valor depende exclusivamente de las condiciones operativas.<\/p>\r\n<\/div><!-- .vgblk-rw-wrapper -->","protected":false},"excerpt":{"rendered":"<p>El ahorro energ\u00e9tico y la eficiencia son factores fundamentales para la industria moderna. Uno de los equipos que m\u00e1s energ\u00eda consume en una planta de producci\u00f3n convencional es la caldera y, partiendo de esta premisa, Babcock\u00a0Wanson ofrece la soluci\u00f3n R-ECO, que permite alcanzar mejoras en la eficiencia de la caldera de hasta un 98\u00a0%*.<\/p>\n<p>R-ECO es una combinaci\u00f3n de dos tecnolog\u00edas:<\/p>\n<ol>\n<li>Precalentamiento del aire de combusti\u00f3n: esta tecnolog\u00eda por s\u00ed sola aumenta la eficiencia global de la caldera, pero tambi\u00e9n puede incrementar las emisiones de NOx.<\/li>\n<li>Recirculaci\u00f3n de los gases de combusti\u00f3n (FGR): la FGR ayuda a reducir la formaci\u00f3n de emisiones de NOx en los gases de combusti\u00f3n para garantizar la conformidad con la reglamentaci\u00f3n ambiental.<\/li>\n<\/ol>\n","protected":false},"featured_media":33856,"comment_status":"closed","ping_status":"closed","template":"","meta":{"_acf_changed":false,"_relevanssi_hide_post":"","_relevanssi_hide_content":"","_relevanssi_pin_for_all":"","_relevanssi_pin_keywords":"","_relevanssi_unpin_keywords":"","_relevanssi_related_keywords":"","_relevanssi_related_include_ids":"","_relevanssi_related_exclude_ids":"","_relevanssi_related_no_append":"","_relevanssi_related_not_related":"","_relevanssi_related_posts":"","_relevanssi_noindex_reason":""},"product_brand":[],"product_cat":[5826],"product_tag":[],"class_list":{"0":"post-33854","1":"product","2":"type-product","3":"status-publish","4":"has-post-thumbnail","6":"product_cat-sistemas-de-recuperacion-de-calor","8":"first","9":"instock","10":"shipping-taxable","11":"product-type-simple"},"acf":[],"yoast_head":"<!-- This site is optimized with the Yoast SEO Premium plugin v27.4 (Yoast SEO v27.4) - https:\/\/yoast.com\/product\/yoast-seo-premium-wordpress\/ -->\n<title>Precalentamiento de aire R-Eco - Babcock Wanson<\/title>\n<meta name=\"description\" content=\"Babcock Wanson ofrece la soluci\u00f3n de precalentamiento de aire R-ECO, que permite alcanzar mejoras en la eficiencia de la caldera de hasta un 98 %\" \/>\n<meta name=\"robots\" content=\"index, follow, max-snippet:-1, max-image-preview:large, max-video-preview:-1\" \/>\n<link rel=\"canonical\" href=\"https:\/\/www.babcock-wanson.com\/es\/productos\/sistemas-de-recuperacion-de-calor\/precalentamiento-de-aire-r-eco\/\" \/>\n<meta property=\"og:locale\" content=\"es_ES\" \/>\n<meta property=\"og:type\" content=\"article\" \/>\n<meta property=\"og:title\" content=\"Precalentamiento de aire R-Eco\" \/>\n<meta property=\"og:description\" content=\"Babcock Wanson ofrece la soluci\u00f3n de precalentamiento de aire R-ECO, que permite alcanzar mejoras en la eficiencia de la caldera de hasta un 98 %\" \/>\n<meta property=\"og:url\" content=\"https:\/\/www.babcock-wanson.com\/es\/productos\/sistemas-de-recuperacion-de-calor\/precalentamiento-de-aire-r-eco\/\" \/>\n<meta property=\"og:site_name\" content=\"Babcock Wanson\" \/>\n<meta property=\"article:modified_time\" content=\"2022-01-15T23:36:35+00:00\" \/>\n<meta property=\"og:image\" content=\"https:\/\/www.babcock-wanson.com\/wp-content\/uploads\/2018\/09\/Air-Heating-R-Eco.png\" \/>\n\t<meta property=\"og:image:width\" content=\"600\" \/>\n\t<meta property=\"og:image:height\" content=\"400\" \/>\n\t<meta property=\"og:image:type\" content=\"image\/png\" \/>\n<meta name=\"twitter:card\" content=\"summary_large_image\" \/>\n<meta name=\"twitter:label1\" content=\"Est. reading time\" \/>\n\t<meta name=\"twitter:data1\" content=\"1 minuto\" \/>\n<script type=\"application\/ld+json\" class=\"yoast-schema-graph\">{\"@context\":\"https:\\\/\\\/schema.org\",\"@graph\":[{\"@type\":\"WebPage\",\"@id\":\"https:\\\/\\\/www.babcock-wanson.com\\\/es\\\/productos\\\/sistemas-de-recuperacion-de-calor\\\/precalentamiento-de-aire-r-eco\\\/\",\"url\":\"https:\\\/\\\/www.babcock-wanson.com\\\/es\\\/productos\\\/sistemas-de-recuperacion-de-calor\\\/precalentamiento-de-aire-r-eco\\\/\",\"name\":\"Precalentamiento de aire R-Eco - Babcock Wanson\",\"isPartOf\":{\"@id\":\"https:\\\/\\\/www.babcock-wanson.com\\\/es\\\/#website\"},\"primaryImageOfPage\":{\"@id\":\"https:\\\/\\\/www.babcock-wanson.com\\\/es\\\/productos\\\/sistemas-de-recuperacion-de-calor\\\/precalentamiento-de-aire-r-eco\\\/#primaryimage\"},\"image\":{\"@id\":\"https:\\\/\\\/www.babcock-wanson.com\\\/es\\\/productos\\\/sistemas-de-recuperacion-de-calor\\\/precalentamiento-de-aire-r-eco\\\/#primaryimage\"},\"thumbnailUrl\":\"https:\\\/\\\/www.babcock-wanson.com\\\/wp-content\\\/uploads\\\/2018\\\/09\\\/Air-Heating-R-Eco.png\",\"datePublished\":\"2018-09-19T13:07:29+00:00\",\"dateModified\":\"2022-01-15T23:36:35+00:00\",\"description\":\"Babcock Wanson ofrece la soluci\u00f3n de precalentamiento de aire R-ECO, que permite alcanzar mejoras en la eficiencia de la caldera de hasta un 98 %\",\"breadcrumb\":{\"@id\":\"https:\\\/\\\/www.babcock-wanson.com\\\/es\\\/productos\\\/sistemas-de-recuperacion-de-calor\\\/precalentamiento-de-aire-r-eco\\\/#breadcrumb\"},\"inLanguage\":\"es\",\"potentialAction\":[{\"@type\":\"ReadAction\",\"target\":[\"https:\\\/\\\/www.babcock-wanson.com\\\/es\\\/productos\\\/sistemas-de-recuperacion-de-calor\\\/precalentamiento-de-aire-r-eco\\\/\"]}]},{\"@type\":\"ImageObject\",\"inLanguage\":\"es\",\"@id\":\"https:\\\/\\\/www.babcock-wanson.com\\\/es\\\/productos\\\/sistemas-de-recuperacion-de-calor\\\/precalentamiento-de-aire-r-eco\\\/#primaryimage\",\"url\":\"https:\\\/\\\/www.babcock-wanson.com\\\/wp-content\\\/uploads\\\/2018\\\/09\\\/Air-Heating-R-Eco.png\",\"contentUrl\":\"https:\\\/\\\/www.babcock-wanson.com\\\/wp-content\\\/uploads\\\/2018\\\/09\\\/Air-Heating-R-Eco.png\",\"width\":600,\"height\":400,\"caption\":\"Pr\u00e9chauffage de l'air R-Eco\"},{\"@type\":\"BreadcrumbList\",\"@id\":\"https:\\\/\\\/www.babcock-wanson.com\\\/es\\\/productos\\\/sistemas-de-recuperacion-de-calor\\\/precalentamiento-de-aire-r-eco\\\/#breadcrumb\",\"itemListElement\":[{\"@type\":\"ListItem\",\"position\":1,\"name\":\"Inicio\",\"item\":\"https:\\\/\\\/www.babcock-wanson.com\\\/es\\\/\"},{\"@type\":\"ListItem\",\"position\":2,\"name\":\"Productos\",\"item\":\"https:\\\/\\\/www.babcock-wanson.com\\\/es\\\/shop\\\/\"},{\"@type\":\"ListItem\",\"position\":3,\"name\":\"Sistema de recuperaci\u00f3n de calor\",\"item\":\"https:\\\/\\\/www.babcock-wanson.com\\\/es\\\/categoria-producto\\\/sistemas-de-recuperacion-de-calor\\\/\"},{\"@type\":\"ListItem\",\"position\":4,\"name\":\"Precalentamiento de aire R-Eco\"}]},{\"@type\":\"WebSite\",\"@id\":\"https:\\\/\\\/www.babcock-wanson.com\\\/es\\\/#website\",\"url\":\"https:\\\/\\\/www.babcock-wanson.com\\\/es\\\/\",\"name\":\"Babcock Wanson\",\"description\":\"\",\"publisher\":{\"@id\":\"https:\\\/\\\/www.babcock-wanson.com\\\/es\\\/#organization\"},\"potentialAction\":[{\"@type\":\"SearchAction\",\"target\":{\"@type\":\"EntryPoint\",\"urlTemplate\":\"https:\\\/\\\/www.babcock-wanson.com\\\/es\\\/?s={search_term_string}\"},\"query-input\":{\"@type\":\"PropertyValueSpecification\",\"valueRequired\":true,\"valueName\":\"search_term_string\"}}],\"inLanguage\":\"es\"},{\"@type\":\"Organization\",\"@id\":\"https:\\\/\\\/www.babcock-wanson.com\\\/es\\\/#organization\",\"name\":\"Babcock Wanson\",\"url\":\"https:\\\/\\\/www.babcock-wanson.com\\\/es\\\/\",\"logo\":{\"@type\":\"ImageObject\",\"inLanguage\":\"es\",\"@id\":\"https:\\\/\\\/www.babcock-wanson.com\\\/es\\\/#\\\/schema\\\/logo\\\/image\\\/\",\"url\":\"https:\\\/\\\/www.babcock-wanson.com\\\/wp-content\\\/uploads\\\/2024\\\/02\\\/Babcock-Wanson-1200x1200-1.png\",\"contentUrl\":\"https:\\\/\\\/www.babcock-wanson.com\\\/wp-content\\\/uploads\\\/2024\\\/02\\\/Babcock-Wanson-1200x1200-1.png\",\"width\":1200,\"height\":1200,\"caption\":\"Babcock Wanson\"},\"image\":{\"@id\":\"https:\\\/\\\/www.babcock-wanson.com\\\/es\\\/#\\\/schema\\\/logo\\\/image\\\/\"},\"sameAs\":[\"https:\\\/\\\/www.linkedin.com\\\/company\\\/babcock-wanson\\\/\",\"https:\\\/\\\/www.youtube.com\\\/channel\\\/UCtxl25VieBBsP2kYmtlyv7A\"]}]}<\/script>\n<!-- \/ Yoast SEO Premium plugin. -->","yoast_head_json":{"title":"Precalentamiento de aire R-Eco - Babcock Wanson","description":"Babcock Wanson ofrece la soluci\u00f3n de precalentamiento de aire R-ECO, que permite alcanzar mejoras en la eficiencia de la caldera de hasta un 98 %","robots":{"index":"index","follow":"follow","max-snippet":"max-snippet:-1","max-image-preview":"max-image-preview:large","max-video-preview":"max-video-preview:-1"},"canonical":"https:\/\/www.babcock-wanson.com\/es\/productos\/sistemas-de-recuperacion-de-calor\/precalentamiento-de-aire-r-eco\/","og_locale":"es_ES","og_type":"article","og_title":"Precalentamiento de aire R-Eco","og_description":"Babcock Wanson ofrece la soluci\u00f3n de precalentamiento de aire R-ECO, que permite alcanzar mejoras en la eficiencia de la caldera de hasta un 98 %","og_url":"https:\/\/www.babcock-wanson.com\/es\/productos\/sistemas-de-recuperacion-de-calor\/precalentamiento-de-aire-r-eco\/","og_site_name":"Babcock Wanson","article_modified_time":"2022-01-15T23:36:35+00:00","og_image":[{"width":600,"height":400,"url":"https:\/\/www.babcock-wanson.com\/wp-content\/uploads\/2018\/09\/Air-Heating-R-Eco.png","type":"image\/png"}],"twitter_card":"summary_large_image","twitter_misc":{"Est. reading time":"1 minuto"},"schema":{"@context":"https:\/\/schema.org","@graph":[{"@type":"WebPage","@id":"https:\/\/www.babcock-wanson.com\/es\/productos\/sistemas-de-recuperacion-de-calor\/precalentamiento-de-aire-r-eco\/","url":"https:\/\/www.babcock-wanson.com\/es\/productos\/sistemas-de-recuperacion-de-calor\/precalentamiento-de-aire-r-eco\/","name":"Precalentamiento de aire R-Eco - Babcock Wanson","isPartOf":{"@id":"https:\/\/www.babcock-wanson.com\/es\/#website"},"primaryImageOfPage":{"@id":"https:\/\/www.babcock-wanson.com\/es\/productos\/sistemas-de-recuperacion-de-calor\/precalentamiento-de-aire-r-eco\/#primaryimage"},"image":{"@id":"https:\/\/www.babcock-wanson.com\/es\/productos\/sistemas-de-recuperacion-de-calor\/precalentamiento-de-aire-r-eco\/#primaryimage"},"thumbnailUrl":"https:\/\/www.babcock-wanson.com\/wp-content\/uploads\/2018\/09\/Air-Heating-R-Eco.png","datePublished":"2018-09-19T13:07:29+00:00","dateModified":"2022-01-15T23:36:35+00:00","description":"Babcock Wanson ofrece la soluci\u00f3n de precalentamiento de aire R-ECO, que permite alcanzar mejoras en la eficiencia de la caldera de hasta un 98 %","breadcrumb":{"@id":"https:\/\/www.babcock-wanson.com\/es\/productos\/sistemas-de-recuperacion-de-calor\/precalentamiento-de-aire-r-eco\/#breadcrumb"},"inLanguage":"es","potentialAction":[{"@type":"ReadAction","target":["https:\/\/www.babcock-wanson.com\/es\/productos\/sistemas-de-recuperacion-de-calor\/precalentamiento-de-aire-r-eco\/"]}]},{"@type":"ImageObject","inLanguage":"es","@id":"https:\/\/www.babcock-wanson.com\/es\/productos\/sistemas-de-recuperacion-de-calor\/precalentamiento-de-aire-r-eco\/#primaryimage","url":"https:\/\/www.babcock-wanson.com\/wp-content\/uploads\/2018\/09\/Air-Heating-R-Eco.png","contentUrl":"https:\/\/www.babcock-wanson.com\/wp-content\/uploads\/2018\/09\/Air-Heating-R-Eco.png","width":600,"height":400,"caption":"Pr\u00e9chauffage de l'air R-Eco"},{"@type":"BreadcrumbList","@id":"https:\/\/www.babcock-wanson.com\/es\/productos\/sistemas-de-recuperacion-de-calor\/precalentamiento-de-aire-r-eco\/#breadcrumb","itemListElement":[{"@type":"ListItem","position":1,"name":"Inicio","item":"https:\/\/www.babcock-wanson.com\/es\/"},{"@type":"ListItem","position":2,"name":"Productos","item":"https:\/\/www.babcock-wanson.com\/es\/shop\/"},{"@type":"ListItem","position":3,"name":"Sistema de recuperaci\u00f3n de calor","item":"https:\/\/www.babcock-wanson.com\/es\/categoria-producto\/sistemas-de-recuperacion-de-calor\/"},{"@type":"ListItem","position":4,"name":"Precalentamiento de aire R-Eco"}]},{"@type":"WebSite","@id":"https:\/\/www.babcock-wanson.com\/es\/#website","url":"https:\/\/www.babcock-wanson.com\/es\/","name":"Babcock Wanson","description":"","publisher":{"@id":"https:\/\/www.babcock-wanson.com\/es\/#organization"},"potentialAction":[{"@type":"SearchAction","target":{"@type":"EntryPoint","urlTemplate":"https:\/\/www.babcock-wanson.com\/es\/?s={search_term_string}"},"query-input":{"@type":"PropertyValueSpecification","valueRequired":true,"valueName":"search_term_string"}}],"inLanguage":"es"},{"@type":"Organization","@id":"https:\/\/www.babcock-wanson.com\/es\/#organization","name":"Babcock Wanson","url":"https:\/\/www.babcock-wanson.com\/es\/","logo":{"@type":"ImageObject","inLanguage":"es","@id":"https:\/\/www.babcock-wanson.com\/es\/#\/schema\/logo\/image\/","url":"https:\/\/www.babcock-wanson.com\/wp-content\/uploads\/2024\/02\/Babcock-Wanson-1200x1200-1.png","contentUrl":"https:\/\/www.babcock-wanson.com\/wp-content\/uploads\/2024\/02\/Babcock-Wanson-1200x1200-1.png","width":1200,"height":1200,"caption":"Babcock Wanson"},"image":{"@id":"https:\/\/www.babcock-wanson.com\/es\/#\/schema\/logo\/image\/"},"sameAs":["https:\/\/www.linkedin.com\/company\/babcock-wanson\/","https:\/\/www.youtube.com\/channel\/UCtxl25VieBBsP2kYmtlyv7A"]}]}},"jetpack_sharing_enabled":true,"_links":{"self":[{"href":"https:\/\/www.babcock-wanson.com\/es\/wp-json\/wp\/v2\/product\/33854","targetHints":{"allow":["GET"]}}],"collection":[{"href":"https:\/\/www.babcock-wanson.com\/es\/wp-json\/wp\/v2\/product"}],"about":[{"href":"https:\/\/www.babcock-wanson.com\/es\/wp-json\/wp\/v2\/types\/product"}],"replies":[{"embeddable":true,"href":"https:\/\/www.babcock-wanson.com\/es\/wp-json\/wp\/v2\/comments?post=33854"}],"wp:featuredmedia":[{"embeddable":true,"href":"https:\/\/www.babcock-wanson.com\/es\/wp-json\/wp\/v2\/media\/33856"}],"wp:attachment":[{"href":"https:\/\/www.babcock-wanson.com\/es\/wp-json\/wp\/v2\/media?parent=33854"}],"wp:term":[{"taxonomy":"product_brand","embeddable":true,"href":"https:\/\/www.babcock-wanson.com\/es\/wp-json\/wp\/v2\/product_brand?post=33854"},{"taxonomy":"product_cat","embeddable":true,"href":"https:\/\/www.babcock-wanson.com\/es\/wp-json\/wp\/v2\/product_cat?post=33854"},{"taxonomy":"product_tag","embeddable":true,"href":"https:\/\/www.babcock-wanson.com\/es\/wp-json\/wp\/v2\/product_tag?post=33854"}],"curies":[{"name":"wp","href":"https:\/\/api.w.org\/{rel}","templated":true}]}}