{"id":33855,"date":"2018-09-19T14:07:31","date_gmt":"2018-09-19T13:07:31","guid":{"rendered":"https:\/\/www.babcock-wanson.com\/products\/sin%20categor\u00eda\/economiser\/"},"modified":"2022-01-14T00:14:16","modified_gmt":"2022-01-14T00:14:16","slug":"economizadores","status":"publish","type":"product","link":"https:\/\/www.babcock-wanson.com\/es\/productos\/sistemas-de-recuperacion-de-calor\/economizadores\/","title":{"rendered":"Economizador"},"content":{"rendered":"<div class=\"vgblk-rw-wrapper limit-wrapper\">\r\n<h3>Calculamos su plusval\u00eda<\/h3>\r\n<p>Los economizadores de Babcock\u00a0Wanson pueden dise\u00f1arse para funcionar tanto con suministros de gas natural fijos como interrumpibles y, de este modo, eliminar la necesidad de recurrir a costosos y, a menudo, complejos sistemas de derivaci\u00f3n de gases de escape en la mayor\u00eda de las instalaciones.<\/p>\r\n<p>Construcci\u00f3n: \u00edntegramente en acero al carbono o acero inoxidable (dependiendo del tipo de equipo).<\/p>\r\n<h3>Condiciones operativas<\/h3>\r\n<ul>\r\n<li>Presi\u00f3n de dise\u00f1o m\u00e1xima de la caldera: normalmente, 28\u00a0bar.<\/li>\r\n<li>Temperatura m\u00e1xima de los gases de escape: 300\u00a0\u00b0C.<\/li>\r\n<li>En el caso de las calderas de gas natural, la temperatura del agua de entrada del economizador debe ser \u226560\u00a0\u00b0C. De este modo, se puede alcanzar un aumento normal de la eficiencia del 5-6\u00a0%.<\/li>\r\n<li>En el caso de las calderas de gas\u00f3leo, la temperatura del agua de entrada del economizador debe ser \u2265105\u00a0\u00b0C. De este modo, se puede alcanzar un aumento normal de la eficiencia del 5\u00a0%. Posibilidad de un funcionamiento continuo de hasta 350\u00a0horas, despu\u00e9s del cual podr\u00eda ser necesaria la limpieza de las superficies de intercambio con aire o vapor.<\/li>\r\n<\/ul>\r\n<p>Babcock\u00a0Wanson puede ofrecer una garant\u00eda de 5\u00a0a\u00f1os para los economizadores a cambio de que el mantenimiento del quemador y el <a href=\"https:\/\/www.babcock-wanson.com\/es\/categoria-producto\/tratamiento-de-agua-industrial\/\" target=\"_blank\" rel=\"noopener\">tratamiento del agua de alimentaci\u00f3n de la caldera<\/a> est\u00e9n cubiertos por sendos contratos de mantenimiento y tratamiento del agua de Babcock\u00a0Wanson.<\/p>\r\n<h2>Economizador &#8211; Sistema de recuperaci\u00f3n de calor<\/h2>\r\n<table>\r\n<tbody>\r\n<tr>\r\n<th>Tipo de economizador<\/th>\r\n<th style=\"text-align: center\">Economizador de gases de escape montado en un caj\u00f3n en la caja trasera de la caldera<\/th>\r\n<th style=\"text-align: center\">Economizador montado en la carcasa de la salida de humos<\/th>\r\n<th style=\"text-align: center\">Economizador de gases de escape m\u00e1s intercambiador de agua de alimentaci\u00f3n<\/th>\r\n<th style=\"text-align: center\">Economizador de gases de escape m\u00e1s intercambiador de humos\/agua\/aire de combusti\u00f3n<\/th>\r\n<\/tr>\r\n<tr>\r\n<th style=\"text-align: left\">Condiciones de aplicaci\u00f3n<\/th>\r\n<td style=\"text-align: center\">S\u00f3lo gas natural<\/td>\r\n<td style=\"text-align: center\">Gas natural \/ gas\u00f3leo, para aplicaciones mixtas<\/td>\r\n<td style=\"text-align: center\">Utilizado en conjunto con un desgasificador t\u00e9rmico y donde haya una alimentaci\u00f3n fr\u00eda, por ejemplo, agua tratada entrante, y una tasa de retorno de condensado &lt;50%<\/td>\r\n<td style=\"text-align: center\">Proceso con un retorno de condensado de 85 a 90%, y una salida de vapor superior a 15 t\/h<\/td>\r\n<\/tr>\r\n<tr>\r\n<th>Ganancia de rendimiento<\/th>\r\n<td style=\"text-align: center\">4 a 5%<\/td>\r\n<td style=\"text-align: center\">5 a 6%<\/td>\r\n<td style=\"text-align: center\">5 a 6%<\/td>\r\n<td style=\"text-align: center\">Dependiendo de las condiciones de funcionamiento<\/td>\r\n<\/tr>\r\n<tr>\r\n<th>Retorno de la inversi\u00f3n habitual*<\/th>\r\n<td style=\"text-align: center\">Menos de un a\u00f1o<\/td>\r\n<td style=\"text-align: center\">Menos de un a\u00f1o<\/td>\r\n<td style=\"text-align: center\">Menos de 3 a\u00f1os<\/td>\r\n<td style=\"text-align: center\">Menos de 3 a\u00f1os<\/td>\r\n<\/tr>\r\n<\/tbody>\r\n<\/table>\r\n<p>* Esta cifra depende estrictamente de las condiciones de funcionamiento.<\/p>\r\n<\/div><!-- .vgblk-rw-wrapper -->","protected":false},"excerpt":{"rendered":"<p>El ahorro energ\u00e9tico y la eficiencia son factores fundamentales para la industria moderna. Uno de los equipos que m\u00e1s energ\u00eda consume en una planta de producci\u00f3n convencional es la caldera de vapor y, por tanto, invertir en sistemas de ahorro energ\u00e9tico siempre producir\u00e1 un retorno de la inversi\u00f3n excelente.<\/p>\n<p>Partiendo de su gran experiencia tanto en eficiencia energ\u00e9tica como en dise\u00f1o y <a href=\"https:\/\/www.babcock-wanson.com\/es\/nuestros-servicios\/reacondicionamiento-y-mejora\/optimizacion-de-salas-de-calderas\/\" target=\"_blank\" rel=\"noopener\">optimizaci\u00f3n de calderas<\/a>, Babcock Wanson ofrece una gran variedad de economizadores de gases de escape perfectamente adaptados a la caldera en la que vayan a instalarse. Estos economizadores recuperan el calor de los gases de escape para, normalmente, calentar el agua de alimentaci\u00f3n de la caldera y, de este modo, optimizar la eficiencia global de la planta de la manera m\u00e1s compacta y rentable posible.<\/p>\n<p>Estos avanzados y robustos economizadores favorecen un aumento de la eficiencia de las calderas tan significativo que, a menudo, el retorno de la inversi\u00f3n se reduce a tan solo un a\u00f1o. Ya son m\u00e1s de 400 los economizadores de Babcock Wanson instalados en calderas existentes.<\/p>\n","protected":false},"featured_media":33858,"comment_status":"closed","ping_status":"closed","template":"","meta":{"_acf_changed":false,"_relevanssi_hide_post":"","_relevanssi_hide_content":"","_relevanssi_pin_for_all":"","_relevanssi_pin_keywords":"","_relevanssi_unpin_keywords":"","_relevanssi_related_keywords":"","_relevanssi_related_include_ids":"","_relevanssi_related_exclude_ids":"","_relevanssi_related_no_append":"","_relevanssi_related_not_related":"","_relevanssi_related_posts":"","_relevanssi_noindex_reason":""},"product_brand":[],"product_cat":[5826],"product_tag":[],"class_list":{"0":"post-33855","1":"product","2":"type-product","3":"status-publish","4":"has-post-thumbnail","6":"product_cat-sistemas-de-recuperacion-de-calor","8":"first","9":"instock","10":"shipping-taxable","11":"product-type-simple"},"acf":[],"yoast_head":"<!-- This site is optimized with the Yoast SEO Premium plugin v27.1 (Yoast SEO v27.1.1) - https:\/\/yoast.com\/product\/yoast-seo-premium-wordpress\/ -->\n<title>Economizador - Babcock Wanson<\/title>\n<meta name=\"description\" content=\"Babcock Wanson ofrece una gran variedad de economizadores de gases de escape perfectamente adaptados a la caldera en la que vayan a instalarse.\" \/>\n<meta name=\"robots\" content=\"index, follow, max-snippet:-1, max-image-preview:large, max-video-preview:-1\" \/>\n<link rel=\"canonical\" href=\"https:\/\/www.babcock-wanson.com\/es\/productos\/sistemas-de-recuperacion-de-calor\/economizadores\/\" \/>\n<meta property=\"og:locale\" content=\"es_ES\" \/>\n<meta property=\"og:type\" content=\"article\" \/>\n<meta property=\"og:title\" content=\"Economizador\" \/>\n<meta property=\"og:description\" content=\"Babcock Wanson ofrece una gran variedad de economizadores de gases de escape perfectamente adaptados a la caldera en la que vayan a instalarse.\" \/>\n<meta property=\"og:url\" content=\"https:\/\/www.babcock-wanson.com\/es\/productos\/sistemas-de-recuperacion-de-calor\/economizadores\/\" \/>\n<meta property=\"og:site_name\" content=\"Babcock Wanson\" \/>\n<meta property=\"article:modified_time\" content=\"2022-01-14T00:14:16+00:00\" \/>\n<meta property=\"og:image\" content=\"https:\/\/www.babcock-wanson.com\/wp-content\/uploads\/2018\/09\/Economiser-2.jpg\" \/>\n\t<meta property=\"og:image:width\" content=\"600\" \/>\n\t<meta property=\"og:image:height\" content=\"400\" \/>\n\t<meta property=\"og:image:type\" content=\"image\/jpeg\" \/>\n<meta name=\"twitter:card\" content=\"summary_large_image\" \/>\n<meta name=\"twitter:label1\" content=\"Est. reading time\" \/>\n\t<meta name=\"twitter:data1\" content=\"2 minutos\" \/>\n<script type=\"application\/ld+json\" class=\"yoast-schema-graph\">{\"@context\":\"https:\/\/schema.org\",\"@graph\":[{\"@type\":\"WebPage\",\"@id\":\"https:\/\/www.babcock-wanson.com\/es\/productos\/sistemas-de-recuperacion-de-calor\/economizadores\/\",\"url\":\"https:\/\/www.babcock-wanson.com\/es\/productos\/sistemas-de-recuperacion-de-calor\/economizadores\/\",\"name\":\"Economizador - Babcock Wanson\",\"isPartOf\":{\"@id\":\"https:\/\/www.babcock-wanson.com\/es\/#website\"},\"primaryImageOfPage\":{\"@id\":\"https:\/\/www.babcock-wanson.com\/es\/productos\/sistemas-de-recuperacion-de-calor\/economizadores\/#primaryimage\"},\"image\":{\"@id\":\"https:\/\/www.babcock-wanson.com\/es\/productos\/sistemas-de-recuperacion-de-calor\/economizadores\/#primaryimage\"},\"thumbnailUrl\":\"https:\/\/www.babcock-wanson.com\/wp-content\/uploads\/2018\/09\/Economiser-2.jpg\",\"datePublished\":\"2018-09-19T13:07:31+00:00\",\"dateModified\":\"2022-01-14T00:14:16+00:00\",\"description\":\"Babcock Wanson ofrece una gran variedad de economizadores de gases de escape perfectamente adaptados a la caldera en la que vayan a instalarse.\",\"breadcrumb\":{\"@id\":\"https:\/\/www.babcock-wanson.com\/es\/productos\/sistemas-de-recuperacion-de-calor\/economizadores\/#breadcrumb\"},\"inLanguage\":\"es\",\"potentialAction\":[{\"@type\":\"ReadAction\",\"target\":[\"https:\/\/www.babcock-wanson.com\/es\/productos\/sistemas-de-recuperacion-de-calor\/economizadores\/\"]}]},{\"@type\":\"ImageObject\",\"inLanguage\":\"es\",\"@id\":\"https:\/\/www.babcock-wanson.com\/es\/productos\/sistemas-de-recuperacion-de-calor\/economizadores\/#primaryimage\",\"url\":\"https:\/\/www.babcock-wanson.com\/wp-content\/uploads\/2018\/09\/Economiser-2.jpg\",\"contentUrl\":\"https:\/\/www.babcock-wanson.com\/wp-content\/uploads\/2018\/09\/Economiser-2.jpg\",\"width\":600,\"height\":400},{\"@type\":\"BreadcrumbList\",\"@id\":\"https:\/\/www.babcock-wanson.com\/es\/productos\/sistemas-de-recuperacion-de-calor\/economizadores\/#breadcrumb\",\"itemListElement\":[{\"@type\":\"ListItem\",\"position\":1,\"name\":\"Inicio\",\"item\":\"https:\/\/www.babcock-wanson.com\/es\/\"},{\"@type\":\"ListItem\",\"position\":2,\"name\":\"Productos\",\"item\":\"https:\/\/www.babcock-wanson.com\/es\/shop\/\"},{\"@type\":\"ListItem\",\"position\":3,\"name\":\"Sistema de recuperaci\u00f3n de calor\",\"item\":\"https:\/\/www.babcock-wanson.com\/es\/categoria-producto\/sistemas-de-recuperacion-de-calor\/\"},{\"@type\":\"ListItem\",\"position\":4,\"name\":\"Economizador\"}]},{\"@type\":\"WebSite\",\"@id\":\"https:\/\/www.babcock-wanson.com\/es\/#website\",\"url\":\"https:\/\/www.babcock-wanson.com\/es\/\",\"name\":\"Babcock Wanson\",\"description\":\"\",\"publisher\":{\"@id\":\"https:\/\/www.babcock-wanson.com\/es\/#organization\"},\"potentialAction\":[{\"@type\":\"SearchAction\",\"target\":{\"@type\":\"EntryPoint\",\"urlTemplate\":\"https:\/\/www.babcock-wanson.com\/es\/?s={search_term_string}\"},\"query-input\":{\"@type\":\"PropertyValueSpecification\",\"valueRequired\":true,\"valueName\":\"search_term_string\"}}],\"inLanguage\":\"es\"},{\"@type\":\"Organization\",\"@id\":\"https:\/\/www.babcock-wanson.com\/es\/#organization\",\"name\":\"Babcock Wanson\",\"url\":\"https:\/\/www.babcock-wanson.com\/es\/\",\"logo\":{\"@type\":\"ImageObject\",\"inLanguage\":\"es\",\"@id\":\"https:\/\/www.babcock-wanson.com\/es\/#\/schema\/logo\/image\/\",\"url\":\"https:\/\/www.babcock-wanson.com\/wp-content\/uploads\/2024\/02\/Babcock-Wanson-1200x1200-1.png\",\"contentUrl\":\"https:\/\/www.babcock-wanson.com\/wp-content\/uploads\/2024\/02\/Babcock-Wanson-1200x1200-1.png\",\"width\":1200,\"height\":1200,\"caption\":\"Babcock Wanson\"},\"image\":{\"@id\":\"https:\/\/www.babcock-wanson.com\/es\/#\/schema\/logo\/image\/\"},\"sameAs\":[\"https:\/\/www.linkedin.com\/company\/babcock-wanson\/\",\"https:\/\/www.youtube.com\/channel\/UCtxl25VieBBsP2kYmtlyv7A\"]}]}<\/script>\n<!-- \/ Yoast SEO Premium plugin. -->","yoast_head_json":{"title":"Economizador - Babcock Wanson","description":"Babcock Wanson ofrece una gran variedad de economizadores de gases de escape perfectamente adaptados a la caldera en la que vayan a instalarse.","robots":{"index":"index","follow":"follow","max-snippet":"max-snippet:-1","max-image-preview":"max-image-preview:large","max-video-preview":"max-video-preview:-1"},"canonical":"https:\/\/www.babcock-wanson.com\/es\/productos\/sistemas-de-recuperacion-de-calor\/economizadores\/","og_locale":"es_ES","og_type":"article","og_title":"Economizador","og_description":"Babcock Wanson ofrece una gran variedad de economizadores de gases de escape perfectamente adaptados a la caldera en la que vayan a instalarse.","og_url":"https:\/\/www.babcock-wanson.com\/es\/productos\/sistemas-de-recuperacion-de-calor\/economizadores\/","og_site_name":"Babcock Wanson","article_modified_time":"2022-01-14T00:14:16+00:00","og_image":[{"width":600,"height":400,"url":"https:\/\/www.babcock-wanson.com\/wp-content\/uploads\/2018\/09\/Economiser-2.jpg","type":"image\/jpeg"}],"twitter_card":"summary_large_image","twitter_misc":{"Est. reading time":"2 minutos"},"schema":{"@context":"https:\/\/schema.org","@graph":[{"@type":"WebPage","@id":"https:\/\/www.babcock-wanson.com\/es\/productos\/sistemas-de-recuperacion-de-calor\/economizadores\/","url":"https:\/\/www.babcock-wanson.com\/es\/productos\/sistemas-de-recuperacion-de-calor\/economizadores\/","name":"Economizador - Babcock Wanson","isPartOf":{"@id":"https:\/\/www.babcock-wanson.com\/es\/#website"},"primaryImageOfPage":{"@id":"https:\/\/www.babcock-wanson.com\/es\/productos\/sistemas-de-recuperacion-de-calor\/economizadores\/#primaryimage"},"image":{"@id":"https:\/\/www.babcock-wanson.com\/es\/productos\/sistemas-de-recuperacion-de-calor\/economizadores\/#primaryimage"},"thumbnailUrl":"https:\/\/www.babcock-wanson.com\/wp-content\/uploads\/2018\/09\/Economiser-2.jpg","datePublished":"2018-09-19T13:07:31+00:00","dateModified":"2022-01-14T00:14:16+00:00","description":"Babcock Wanson ofrece una gran variedad de economizadores de gases de escape perfectamente adaptados a la caldera en la que vayan a instalarse.","breadcrumb":{"@id":"https:\/\/www.babcock-wanson.com\/es\/productos\/sistemas-de-recuperacion-de-calor\/economizadores\/#breadcrumb"},"inLanguage":"es","potentialAction":[{"@type":"ReadAction","target":["https:\/\/www.babcock-wanson.com\/es\/productos\/sistemas-de-recuperacion-de-calor\/economizadores\/"]}]},{"@type":"ImageObject","inLanguage":"es","@id":"https:\/\/www.babcock-wanson.com\/es\/productos\/sistemas-de-recuperacion-de-calor\/economizadores\/#primaryimage","url":"https:\/\/www.babcock-wanson.com\/wp-content\/uploads\/2018\/09\/Economiser-2.jpg","contentUrl":"https:\/\/www.babcock-wanson.com\/wp-content\/uploads\/2018\/09\/Economiser-2.jpg","width":600,"height":400},{"@type":"BreadcrumbList","@id":"https:\/\/www.babcock-wanson.com\/es\/productos\/sistemas-de-recuperacion-de-calor\/economizadores\/#breadcrumb","itemListElement":[{"@type":"ListItem","position":1,"name":"Inicio","item":"https:\/\/www.babcock-wanson.com\/es\/"},{"@type":"ListItem","position":2,"name":"Productos","item":"https:\/\/www.babcock-wanson.com\/es\/shop\/"},{"@type":"ListItem","position":3,"name":"Sistema de recuperaci\u00f3n de calor","item":"https:\/\/www.babcock-wanson.com\/es\/categoria-producto\/sistemas-de-recuperacion-de-calor\/"},{"@type":"ListItem","position":4,"name":"Economizador"}]},{"@type":"WebSite","@id":"https:\/\/www.babcock-wanson.com\/es\/#website","url":"https:\/\/www.babcock-wanson.com\/es\/","name":"Babcock Wanson","description":"","publisher":{"@id":"https:\/\/www.babcock-wanson.com\/es\/#organization"},"potentialAction":[{"@type":"SearchAction","target":{"@type":"EntryPoint","urlTemplate":"https:\/\/www.babcock-wanson.com\/es\/?s={search_term_string}"},"query-input":{"@type":"PropertyValueSpecification","valueRequired":true,"valueName":"search_term_string"}}],"inLanguage":"es"},{"@type":"Organization","@id":"https:\/\/www.babcock-wanson.com\/es\/#organization","name":"Babcock Wanson","url":"https:\/\/www.babcock-wanson.com\/es\/","logo":{"@type":"ImageObject","inLanguage":"es","@id":"https:\/\/www.babcock-wanson.com\/es\/#\/schema\/logo\/image\/","url":"https:\/\/www.babcock-wanson.com\/wp-content\/uploads\/2024\/02\/Babcock-Wanson-1200x1200-1.png","contentUrl":"https:\/\/www.babcock-wanson.com\/wp-content\/uploads\/2024\/02\/Babcock-Wanson-1200x1200-1.png","width":1200,"height":1200,"caption":"Babcock Wanson"},"image":{"@id":"https:\/\/www.babcock-wanson.com\/es\/#\/schema\/logo\/image\/"},"sameAs":["https:\/\/www.linkedin.com\/company\/babcock-wanson\/","https:\/\/www.youtube.com\/channel\/UCtxl25VieBBsP2kYmtlyv7A"]}]}},"jetpack_sharing_enabled":true,"_links":{"self":[{"href":"https:\/\/www.babcock-wanson.com\/es\/wp-json\/wp\/v2\/product\/33855","targetHints":{"allow":["GET"]}}],"collection":[{"href":"https:\/\/www.babcock-wanson.com\/es\/wp-json\/wp\/v2\/product"}],"about":[{"href":"https:\/\/www.babcock-wanson.com\/es\/wp-json\/wp\/v2\/types\/product"}],"replies":[{"embeddable":true,"href":"https:\/\/www.babcock-wanson.com\/es\/wp-json\/wp\/v2\/comments?post=33855"}],"wp:featuredmedia":[{"embeddable":true,"href":"https:\/\/www.babcock-wanson.com\/es\/wp-json\/wp\/v2\/media\/33858"}],"wp:attachment":[{"href":"https:\/\/www.babcock-wanson.com\/es\/wp-json\/wp\/v2\/media?parent=33855"}],"wp:term":[{"taxonomy":"product_brand","embeddable":true,"href":"https:\/\/www.babcock-wanson.com\/es\/wp-json\/wp\/v2\/product_brand?post=33855"},{"taxonomy":"product_cat","embeddable":true,"href":"https:\/\/www.babcock-wanson.com\/es\/wp-json\/wp\/v2\/product_cat?post=33855"},{"taxonomy":"product_tag","embeddable":true,"href":"https:\/\/www.babcock-wanson.com\/es\/wp-json\/wp\/v2\/product_tag?post=33855"}],"curies":[{"name":"wp","href":"https:\/\/api.w.org\/{rel}","templated":true}]}}