{"id":33906,"date":"2018-09-19T13:42:13","date_gmt":"2018-09-19T12:42:13","guid":{"rendered":"https:\/\/www.babcock-wanson.com\/products\/sin%20categor\u00eda\/demineralisation-by-reverse-osmosis\/"},"modified":"2025-04-14T15:27:43","modified_gmt":"2025-04-14T14:27:43","slug":"desmineralizacion-por-osmosis-inversa","status":"publish","type":"product","link":"https:\/\/www.babcock-wanson.com\/es\/productos\/tratamiento-de-agua-industrial\/desmineralizacion-por-osmosis-inversa\/","title":{"rendered":"Desmineralizaci\u00f3n por \u00f3smosis inversa"},"content":{"rendered":"<div class=\"vgblk-rw-wrapper limit-wrapper\">\r\n<h3>Aplicaciones de la tecnolog\u00eda BWO en la industria<\/h3>\r\n<ul>\r\n<li><strong>Tratamiento del agua de proceso:<\/strong> la desmineralizaci\u00f3n BWO puede emplearse para tratar agua de proceso como, por ejemplo, la necesaria para el tratamiento de superficies o en laboratorios de cosm\u00e9tica, entre otros.<\/li>\r\n<li><strong>Tratamiento del agua de alimentaci\u00f3n para calderas:<\/strong> la desmineralizaci\u00f3n BWO tambi\u00e9n puede emplearse para el tratamiento del agua de alimentaci\u00f3n para calderas. El agua tratada obtenida mediante desmineralizaci\u00f3n BWO permite reducir el volumen de purga de depuraci\u00f3n de la caldera a cerca del 1\u00a0% y, por tanto, garantizar un funcionamiento correcto de la instalaci\u00f3n de generaci\u00f3n de vapor y minimizar las p\u00e9rdidas de energ\u00eda del proceso.<\/li>\r\n<\/ul>\r\n<h3>Una gama completa y flexible<\/h3>\r\n<ul>\r\n<li>La desmineralizaci\u00f3n por \u00f3smosis inversa BWO est\u00e1 disponible en skids tanto verticales como horizontales, dependiendo del flujo de permeado. Esta caracter\u00edstica garantiza una instalaci\u00f3n f\u00e1cil y r\u00e1pida en el emplazamiento.<\/li>\r\n<li>Gama est\u00e1ndar de 600 a 10.000\u00a0l\/h y gama espec\u00edfica con valores de flujo de permeado por encargo.<\/li>\r\n<li>Posibilidad de alcanzar una conductividad de permeado por debajo de 1\u00a0\u03bcS\/cm.<\/li>\r\n<li>La gama espec\u00edfica se configura a la medida de las demandas del cliente y se adapta a unos requisitos m\u00ednimos de uso de superficie \u00fatil.<\/li>\r\n<\/ul>\r\n<h3>Equipos seguros y fiables<\/h3>\r\n<ul>\r\n<li>La opci\u00f3n de control autom\u00e1tica de la unidad de \u00f3smosis garantiza el funcionamiento m\u00e1s seguro posible del proceso y la producci\u00f3n de vapor.<\/li>\r\n<li>La tecnolog\u00eda BWO permite garantizar una calidad del agua a medida y satisfacer las necesidades espec\u00edficas de los clientes.<\/li>\r\n<li>Mejora significativa de la relaci\u00f3n energ\u00e9tica global.<\/li>\r\n<li>Retorno de la inversi\u00f3n muy alto.<\/li>\r\n<\/ul>\r\n<h3>Mantenimiento sencillo<\/h3>\r\n<ul>\r\n<li>La desmineralizaci\u00f3n BWO incluye un mecanismo de protecci\u00f3n de las membranas sin ning\u00fan coste adicional de instalaci\u00f3n.<\/li>\r\n<li>Las v\u00e1lvulas de mezcla BWO favorecen el ahorro en productos de <a href=\"https:\/\/www.babcock-wanson.com\/es\/categoria-producto\/tratamiento-de-agua-industrial\/\" target=\"_blank\" rel=\"noopener\">tratamiento del agua<\/a>.<\/li>\r\n<\/ul>\r\n<h3>Respetuosa con el medioambiente<\/h3>\r\n<ul>\r\n<li>La desmineralizaci\u00f3n por \u00f3smosis inversa BWO garantiza un uso eficiente de los recursos, un mantenimiento sencillo y la conformidad con las normativas ambientales.<\/li>\r\n<li>La tecnolog\u00eda BWO presenta un impacto ambiental reducido gracias a la ausencia de reactivos qu\u00edmicos.<\/li>\r\n<\/ul>\r\n<h2>Desmineralizaci\u00f3n por \u00f3smosis inversa<\/h2>\r\n<h3>Modelo vertical<\/h3>\r\n<table>\r\n<tbody>\r\n<tr>\r\n<th>Modelo<\/th>\r\n<th>\u00a0<\/th>\r\n<th>BWOV 600<\/th>\r\n<th>BWOV 900<\/th>\r\n<th>BWOV 1500<\/th>\r\n<th>BWOV 2100<\/th>\r\n<th>BWOV 3000<\/th>\r\n<th>BWOV 4500<\/th>\r\n<th>BWOV 5500<\/th>\r\n<\/tr>\r\n<tr>\r\n<th>Tasa de permeabilidad a 15\u00b0C<\/th>\r\n<th>l\/h<\/th>\r\n<td>600<\/td>\r\n<td>900<\/td>\r\n<td>1500<\/td>\r\n<td>2100<\/td>\r\n<td>3000<\/td>\r\n<td>4500<\/td>\r\n<td>5500<\/td>\r\n<\/tr>\r\n<tr>\r\n<th>Tasa de alimentaci\u00f3n<\/th>\r\n<th>l\/h<\/th>\r\n<td>800<\/td>\r\n<td>1200<\/td>\r\n<td>2000<\/td>\r\n<td>2800<\/td>\r\n<td>4000<\/td>\r\n<td>6000<\/td>\r\n<td>7333<\/td>\r\n<\/tr>\r\n<tr>\r\n<th>Anchura<\/th>\r\n<th>mm<\/th>\r\n<td>900<\/td>\r\n<td>900<\/td>\r\n<td>1700<\/td>\r\n<td>1700<\/td>\r\n<td>1500<\/td>\r\n<td>1500<\/td>\r\n<td>1500<\/td>\r\n<\/tr>\r\n<tr>\r\n<th>Longitud<\/th>\r\n<th>mm<\/th>\r\n<td>560<\/td>\r\n<td>560<\/td>\r\n<td>560<\/td>\r\n<td>560<\/td>\r\n<td>1100<\/td>\r\n<td>1100<\/td>\r\n<td>1100<\/td>\r\n<\/tr>\r\n<tr>\r\n<th>Altura<\/th>\r\n<th>mm<\/th>\r\n<td>1500<\/td>\r\n<td>1500<\/td>\r\n<td>1700<\/td>\r\n<td>1700<\/td>\r\n<td>2100<\/td>\r\n<td>2100<\/td>\r\n<td>2100<\/td>\r\n<\/tr>\r\n<\/tbody>\r\n<\/table>\r\n<h3>Modelo horizontal<\/h3>\r\n<table>\r\n<tbody>\r\n<tr>\r\n<th>Modelo<\/th>\r\n<th>\u00a0<\/th>\r\n<th>BWOH 3000<\/th>\r\n<th>BWOH 3500<\/th>\r\n<th>BWOH 4500<\/th>\r\n<th>BWOH 5500<\/th>\r\n<th>BWOH 7500<\/th>\r\n<th>BWOH 10000<\/th>\r\n<\/tr>\r\n<tr>\r\n<th>Tasa de permeabilidad a 15\u00b0C<\/th>\r\n<th>l\/h<\/th>\r\n<td>3000<\/td>\r\n<td>3500<\/td>\r\n<td>4500<\/td>\r\n<td>5500<\/td>\r\n<td>7500<\/td>\r\n<td>10000<\/td>\r\n<\/tr>\r\n<tr>\r\n<th>Tasa de alimentaci\u00f3n<\/th>\r\n<th>l\/h<\/th>\r\n<td>4000<\/td>\r\n<td>4667<\/td>\r\n<td>6000<\/td>\r\n<td>7333<\/td>\r\n<td>10000<\/td>\r\n<td>13333<\/td>\r\n<\/tr>\r\n<tr>\r\n<th>Anchura<\/th>\r\n<th>mm<\/th>\r\n<td>2600<\/td>\r\n<td>3600<\/td>\r\n<td>3600<\/td>\r\n<td>3000<\/td>\r\n<td>3000<\/td>\r\n<td>3000<\/td>\r\n<\/tr>\r\n<tr>\r\n<th>Longitud<\/th>\r\n<th>mm<\/th>\r\n<td>600<\/td>\r\n<td>600<\/td>\r\n<td>600<\/td>\r\n<td>1000<\/td>\r\n<td>1000<\/td>\r\n<td>1000<\/td>\r\n<\/tr>\r\n<tr>\r\n<th>Altura<\/th>\r\n<th>mm<\/th>\r\n<td>1600<\/td>\r\n<td>1600<\/td>\r\n<td>1600<\/td>\r\n<td>2100<\/td>\r\n<td>2100<\/td>\r\n<td>2100<\/td>\r\n<\/tr>\r\n<\/tbody>\r\n<\/table>\r\n<\/div><!-- .vgblk-rw-wrapper -->","protected":false},"excerpt":{"rendered":"<p><strong>Est\u00e1ndar: flujo de permeado de 600 a 10.000 litros por hora <\/strong><br \/><strong>Espec\u00edfica: a medida de las demandas del emplazamiento<\/strong><\/p>\n<p>La desmineralizaci\u00f3n por \u00f3smosis inversa BWO es una tecnolog\u00eda de tratamiento del agua que emplea membranas semiselectivas y una presi\u00f3n externa para invertir el flujo natural del disolvente puro.<\/p>\n<p>La desmineralizaci\u00f3n BWO se ha dise\u00f1ado para eliminar de manera eficaz diversos tipos de elementos disueltos y suspendidos del agua, tal que iones, mol\u00e9culas, bacterias o part\u00edculas de mayor tama\u00f1o. Adem\u00e1s de emplear membranas de baja energ\u00eda, esta tecnolog\u00eda incluye equipos totalmente automatizados y un automata (PLC) totalmente configurable para la gesti\u00f3n de la seguridad y las alarmas.<\/p>\n<p>Babcock Wanson ha desarrollado una gama completa de equipos de \u00f3smosis inversa que permite satisfacer y optimizar las necesidades de la industria. La serie est\u00e1ndar ofrece un flujo de permeado de 600 a 10.000 litros por hora. Por su parte, nuestra gama espec\u00edfica se adapta a todas las demandas.<\/p>\n","protected":false},"featured_media":32617,"comment_status":"closed","ping_status":"closed","template":"","meta":{"_acf_changed":false,"_relevanssi_hide_post":"","_relevanssi_hide_content":"","_relevanssi_pin_for_all":"","_relevanssi_pin_keywords":"","_relevanssi_unpin_keywords":"","_relevanssi_related_keywords":"","_relevanssi_related_include_ids":"","_relevanssi_related_exclude_ids":"","_relevanssi_related_no_append":"","_relevanssi_related_not_related":"","_relevanssi_related_posts":"","_relevanssi_noindex_reason":""},"product_brand":[],"product_cat":[5829],"product_tag":[],"class_list":{"0":"post-33906","1":"product","2":"type-product","3":"status-publish","4":"has-post-thumbnail","6":"product_cat-tratamiento-de-agua-industrial","8":"first","9":"instock","10":"shipping-taxable","11":"product-type-simple"},"acf":[],"yoast_head":"<!-- This site is optimized with the Yoast SEO Premium plugin v27.4 (Yoast SEO v27.4) - https:\/\/yoast.com\/product\/yoast-seo-premium-wordpress\/ -->\n<title>Desmineralizaci\u00f3n por \u00f3smosis inversa - Babcock Wanson<\/title>\n<meta name=\"description\" content=\"La desmineralizaci\u00f3n por \u00f3smosis inversa BWO es una tecnolog\u00eda de tratamiento del agua que emplea membranas semiselectivas y una presi\u00f3n externa para invertir el flujo natural del disolvente puro.\" \/>\n<meta name=\"robots\" content=\"index, follow, max-snippet:-1, max-image-preview:large, max-video-preview:-1\" \/>\n<link rel=\"canonical\" href=\"https:\/\/www.babcock-wanson.com\/es\/productos\/tratamiento-de-agua-industrial\/desmineralizacion-por-osmosis-inversa\/\" \/>\n<meta property=\"og:locale\" content=\"es_ES\" \/>\n<meta property=\"og:type\" content=\"article\" \/>\n<meta property=\"og:title\" content=\"Desmineralizaci\u00f3n por \u00f3smosis inversa\" \/>\n<meta property=\"og:description\" content=\"La desmineralizaci\u00f3n por \u00f3smosis inversa BWO es una tecnolog\u00eda de tratamiento del agua que emplea membranas semiselectivas y una presi\u00f3n externa para invertir el flujo natural del disolvente puro.\" \/>\n<meta property=\"og:url\" content=\"https:\/\/www.babcock-wanson.com\/es\/productos\/tratamiento-de-agua-industrial\/desmineralizacion-por-osmosis-inversa\/\" \/>\n<meta property=\"og:site_name\" content=\"Babcock Wanson\" \/>\n<meta property=\"article:modified_time\" content=\"2025-04-14T14:27:43+00:00\" \/>\n<meta property=\"og:image\" content=\"https:\/\/www.babcock-wanson.com\/wp-content\/uploads\/2018\/09\/demineralisation-by-reverse-osmosis-2.jpg\" \/>\n\t<meta property=\"og:image:width\" content=\"600\" \/>\n\t<meta property=\"og:image:height\" content=\"400\" \/>\n\t<meta property=\"og:image:type\" content=\"image\/jpeg\" \/>\n<meta name=\"twitter:card\" content=\"summary_large_image\" \/>\n<meta name=\"twitter:label1\" content=\"Est. reading time\" \/>\n\t<meta name=\"twitter:data1\" content=\"3 minutos\" \/>\n<script type=\"application\/ld+json\" class=\"yoast-schema-graph\">{\"@context\":\"https:\\\/\\\/schema.org\",\"@graph\":[{\"@type\":\"WebPage\",\"@id\":\"https:\\\/\\\/www.babcock-wanson.com\\\/es\\\/productos\\\/tratamiento-de-agua-industrial\\\/desmineralizacion-por-osmosis-inversa\\\/\",\"url\":\"https:\\\/\\\/www.babcock-wanson.com\\\/es\\\/productos\\\/tratamiento-de-agua-industrial\\\/desmineralizacion-por-osmosis-inversa\\\/\",\"name\":\"Desmineralizaci\u00f3n por \u00f3smosis inversa - Babcock Wanson\",\"isPartOf\":{\"@id\":\"https:\\\/\\\/www.babcock-wanson.com\\\/es\\\/#website\"},\"primaryImageOfPage\":{\"@id\":\"https:\\\/\\\/www.babcock-wanson.com\\\/es\\\/productos\\\/tratamiento-de-agua-industrial\\\/desmineralizacion-por-osmosis-inversa\\\/#primaryimage\"},\"image\":{\"@id\":\"https:\\\/\\\/www.babcock-wanson.com\\\/es\\\/productos\\\/tratamiento-de-agua-industrial\\\/desmineralizacion-por-osmosis-inversa\\\/#primaryimage\"},\"thumbnailUrl\":\"https:\\\/\\\/www.babcock-wanson.com\\\/wp-content\\\/uploads\\\/2018\\\/09\\\/demineralisation-by-reverse-osmosis-2.jpg\",\"datePublished\":\"2018-09-19T12:42:13+00:00\",\"dateModified\":\"2025-04-14T14:27:43+00:00\",\"description\":\"La desmineralizaci\u00f3n por \u00f3smosis inversa BWO es una tecnolog\u00eda de tratamiento del agua que emplea membranas semiselectivas y una presi\u00f3n externa para invertir el flujo natural del disolvente puro.\",\"breadcrumb\":{\"@id\":\"https:\\\/\\\/www.babcock-wanson.com\\\/es\\\/productos\\\/tratamiento-de-agua-industrial\\\/desmineralizacion-por-osmosis-inversa\\\/#breadcrumb\"},\"inLanguage\":\"es\",\"potentialAction\":[{\"@type\":\"ReadAction\",\"target\":[\"https:\\\/\\\/www.babcock-wanson.com\\\/es\\\/productos\\\/tratamiento-de-agua-industrial\\\/desmineralizacion-por-osmosis-inversa\\\/\"]}]},{\"@type\":\"ImageObject\",\"inLanguage\":\"es\",\"@id\":\"https:\\\/\\\/www.babcock-wanson.com\\\/es\\\/productos\\\/tratamiento-de-agua-industrial\\\/desmineralizacion-por-osmosis-inversa\\\/#primaryimage\",\"url\":\"https:\\\/\\\/www.babcock-wanson.com\\\/wp-content\\\/uploads\\\/2018\\\/09\\\/demineralisation-by-reverse-osmosis-2.jpg\",\"contentUrl\":\"https:\\\/\\\/www.babcock-wanson.com\\\/wp-content\\\/uploads\\\/2018\\\/09\\\/demineralisation-by-reverse-osmosis-2.jpg\",\"width\":600,\"height\":400,\"caption\":\"Desmineralizaci\u00f3n por \u00f3smosis inversa\"},{\"@type\":\"BreadcrumbList\",\"@id\":\"https:\\\/\\\/www.babcock-wanson.com\\\/es\\\/productos\\\/tratamiento-de-agua-industrial\\\/desmineralizacion-por-osmosis-inversa\\\/#breadcrumb\",\"itemListElement\":[{\"@type\":\"ListItem\",\"position\":1,\"name\":\"Inicio\",\"item\":\"https:\\\/\\\/www.babcock-wanson.com\\\/es\\\/\"},{\"@type\":\"ListItem\",\"position\":2,\"name\":\"Productos\",\"item\":\"https:\\\/\\\/www.babcock-wanson.com\\\/es\\\/shop\\\/\"},{\"@type\":\"ListItem\",\"position\":3,\"name\":\"Tratamiento de agua industrial\",\"item\":\"https:\\\/\\\/www.babcock-wanson.com\\\/es\\\/categoria-producto\\\/tratamiento-de-agua-industrial\\\/\"},{\"@type\":\"ListItem\",\"position\":4,\"name\":\"Desmineralizaci\u00f3n por \u00f3smosis inversa\"}]},{\"@type\":\"WebSite\",\"@id\":\"https:\\\/\\\/www.babcock-wanson.com\\\/es\\\/#website\",\"url\":\"https:\\\/\\\/www.babcock-wanson.com\\\/es\\\/\",\"name\":\"Babcock Wanson\",\"description\":\"\",\"publisher\":{\"@id\":\"https:\\\/\\\/www.babcock-wanson.com\\\/es\\\/#organization\"},\"potentialAction\":[{\"@type\":\"SearchAction\",\"target\":{\"@type\":\"EntryPoint\",\"urlTemplate\":\"https:\\\/\\\/www.babcock-wanson.com\\\/es\\\/?s={search_term_string}\"},\"query-input\":{\"@type\":\"PropertyValueSpecification\",\"valueRequired\":true,\"valueName\":\"search_term_string\"}}],\"inLanguage\":\"es\"},{\"@type\":\"Organization\",\"@id\":\"https:\\\/\\\/www.babcock-wanson.com\\\/es\\\/#organization\",\"name\":\"Babcock Wanson\",\"url\":\"https:\\\/\\\/www.babcock-wanson.com\\\/es\\\/\",\"logo\":{\"@type\":\"ImageObject\",\"inLanguage\":\"es\",\"@id\":\"https:\\\/\\\/www.babcock-wanson.com\\\/es\\\/#\\\/schema\\\/logo\\\/image\\\/\",\"url\":\"https:\\\/\\\/www.babcock-wanson.com\\\/wp-content\\\/uploads\\\/2024\\\/02\\\/Babcock-Wanson-1200x1200-1.png\",\"contentUrl\":\"https:\\\/\\\/www.babcock-wanson.com\\\/wp-content\\\/uploads\\\/2024\\\/02\\\/Babcock-Wanson-1200x1200-1.png\",\"width\":1200,\"height\":1200,\"caption\":\"Babcock Wanson\"},\"image\":{\"@id\":\"https:\\\/\\\/www.babcock-wanson.com\\\/es\\\/#\\\/schema\\\/logo\\\/image\\\/\"},\"sameAs\":[\"https:\\\/\\\/www.linkedin.com\\\/company\\\/babcock-wanson\\\/\",\"https:\\\/\\\/www.youtube.com\\\/channel\\\/UCtxl25VieBBsP2kYmtlyv7A\"]}]}<\/script>\n<!-- \/ Yoast SEO Premium plugin. -->","yoast_head_json":{"title":"Desmineralizaci\u00f3n por \u00f3smosis inversa - Babcock Wanson","description":"La desmineralizaci\u00f3n por \u00f3smosis inversa BWO es una tecnolog\u00eda de tratamiento del agua que emplea membranas semiselectivas y una presi\u00f3n externa para invertir el flujo natural del disolvente puro.","robots":{"index":"index","follow":"follow","max-snippet":"max-snippet:-1","max-image-preview":"max-image-preview:large","max-video-preview":"max-video-preview:-1"},"canonical":"https:\/\/www.babcock-wanson.com\/es\/productos\/tratamiento-de-agua-industrial\/desmineralizacion-por-osmosis-inversa\/","og_locale":"es_ES","og_type":"article","og_title":"Desmineralizaci\u00f3n por \u00f3smosis inversa","og_description":"La desmineralizaci\u00f3n por \u00f3smosis inversa BWO es una tecnolog\u00eda de tratamiento del agua que emplea membranas semiselectivas y una presi\u00f3n externa para invertir el flujo natural del disolvente puro.","og_url":"https:\/\/www.babcock-wanson.com\/es\/productos\/tratamiento-de-agua-industrial\/desmineralizacion-por-osmosis-inversa\/","og_site_name":"Babcock Wanson","article_modified_time":"2025-04-14T14:27:43+00:00","og_image":[{"width":600,"height":400,"url":"https:\/\/www.babcock-wanson.com\/wp-content\/uploads\/2018\/09\/demineralisation-by-reverse-osmosis-2.jpg","type":"image\/jpeg"}],"twitter_card":"summary_large_image","twitter_misc":{"Est. reading time":"3 minutos"},"schema":{"@context":"https:\/\/schema.org","@graph":[{"@type":"WebPage","@id":"https:\/\/www.babcock-wanson.com\/es\/productos\/tratamiento-de-agua-industrial\/desmineralizacion-por-osmosis-inversa\/","url":"https:\/\/www.babcock-wanson.com\/es\/productos\/tratamiento-de-agua-industrial\/desmineralizacion-por-osmosis-inversa\/","name":"Desmineralizaci\u00f3n por \u00f3smosis inversa - Babcock Wanson","isPartOf":{"@id":"https:\/\/www.babcock-wanson.com\/es\/#website"},"primaryImageOfPage":{"@id":"https:\/\/www.babcock-wanson.com\/es\/productos\/tratamiento-de-agua-industrial\/desmineralizacion-por-osmosis-inversa\/#primaryimage"},"image":{"@id":"https:\/\/www.babcock-wanson.com\/es\/productos\/tratamiento-de-agua-industrial\/desmineralizacion-por-osmosis-inversa\/#primaryimage"},"thumbnailUrl":"https:\/\/www.babcock-wanson.com\/wp-content\/uploads\/2018\/09\/demineralisation-by-reverse-osmosis-2.jpg","datePublished":"2018-09-19T12:42:13+00:00","dateModified":"2025-04-14T14:27:43+00:00","description":"La desmineralizaci\u00f3n por \u00f3smosis inversa BWO es una tecnolog\u00eda de tratamiento del agua que emplea membranas semiselectivas y una presi\u00f3n externa para invertir el flujo natural del disolvente puro.","breadcrumb":{"@id":"https:\/\/www.babcock-wanson.com\/es\/productos\/tratamiento-de-agua-industrial\/desmineralizacion-por-osmosis-inversa\/#breadcrumb"},"inLanguage":"es","potentialAction":[{"@type":"ReadAction","target":["https:\/\/www.babcock-wanson.com\/es\/productos\/tratamiento-de-agua-industrial\/desmineralizacion-por-osmosis-inversa\/"]}]},{"@type":"ImageObject","inLanguage":"es","@id":"https:\/\/www.babcock-wanson.com\/es\/productos\/tratamiento-de-agua-industrial\/desmineralizacion-por-osmosis-inversa\/#primaryimage","url":"https:\/\/www.babcock-wanson.com\/wp-content\/uploads\/2018\/09\/demineralisation-by-reverse-osmosis-2.jpg","contentUrl":"https:\/\/www.babcock-wanson.com\/wp-content\/uploads\/2018\/09\/demineralisation-by-reverse-osmosis-2.jpg","width":600,"height":400,"caption":"Desmineralizaci\u00f3n por \u00f3smosis inversa"},{"@type":"BreadcrumbList","@id":"https:\/\/www.babcock-wanson.com\/es\/productos\/tratamiento-de-agua-industrial\/desmineralizacion-por-osmosis-inversa\/#breadcrumb","itemListElement":[{"@type":"ListItem","position":1,"name":"Inicio","item":"https:\/\/www.babcock-wanson.com\/es\/"},{"@type":"ListItem","position":2,"name":"Productos","item":"https:\/\/www.babcock-wanson.com\/es\/shop\/"},{"@type":"ListItem","position":3,"name":"Tratamiento de agua industrial","item":"https:\/\/www.babcock-wanson.com\/es\/categoria-producto\/tratamiento-de-agua-industrial\/"},{"@type":"ListItem","position":4,"name":"Desmineralizaci\u00f3n por \u00f3smosis inversa"}]},{"@type":"WebSite","@id":"https:\/\/www.babcock-wanson.com\/es\/#website","url":"https:\/\/www.babcock-wanson.com\/es\/","name":"Babcock Wanson","description":"","publisher":{"@id":"https:\/\/www.babcock-wanson.com\/es\/#organization"},"potentialAction":[{"@type":"SearchAction","target":{"@type":"EntryPoint","urlTemplate":"https:\/\/www.babcock-wanson.com\/es\/?s={search_term_string}"},"query-input":{"@type":"PropertyValueSpecification","valueRequired":true,"valueName":"search_term_string"}}],"inLanguage":"es"},{"@type":"Organization","@id":"https:\/\/www.babcock-wanson.com\/es\/#organization","name":"Babcock Wanson","url":"https:\/\/www.babcock-wanson.com\/es\/","logo":{"@type":"ImageObject","inLanguage":"es","@id":"https:\/\/www.babcock-wanson.com\/es\/#\/schema\/logo\/image\/","url":"https:\/\/www.babcock-wanson.com\/wp-content\/uploads\/2024\/02\/Babcock-Wanson-1200x1200-1.png","contentUrl":"https:\/\/www.babcock-wanson.com\/wp-content\/uploads\/2024\/02\/Babcock-Wanson-1200x1200-1.png","width":1200,"height":1200,"caption":"Babcock Wanson"},"image":{"@id":"https:\/\/www.babcock-wanson.com\/es\/#\/schema\/logo\/image\/"},"sameAs":["https:\/\/www.linkedin.com\/company\/babcock-wanson\/","https:\/\/www.youtube.com\/channel\/UCtxl25VieBBsP2kYmtlyv7A"]}]}},"jetpack_sharing_enabled":true,"_links":{"self":[{"href":"https:\/\/www.babcock-wanson.com\/es\/wp-json\/wp\/v2\/product\/33906","targetHints":{"allow":["GET"]}}],"collection":[{"href":"https:\/\/www.babcock-wanson.com\/es\/wp-json\/wp\/v2\/product"}],"about":[{"href":"https:\/\/www.babcock-wanson.com\/es\/wp-json\/wp\/v2\/types\/product"}],"replies":[{"embeddable":true,"href":"https:\/\/www.babcock-wanson.com\/es\/wp-json\/wp\/v2\/comments?post=33906"}],"wp:featuredmedia":[{"embeddable":true,"href":"https:\/\/www.babcock-wanson.com\/es\/wp-json\/wp\/v2\/media\/32617"}],"wp:attachment":[{"href":"https:\/\/www.babcock-wanson.com\/es\/wp-json\/wp\/v2\/media?parent=33906"}],"wp:term":[{"taxonomy":"product_brand","embeddable":true,"href":"https:\/\/www.babcock-wanson.com\/es\/wp-json\/wp\/v2\/product_brand?post=33906"},{"taxonomy":"product_cat","embeddable":true,"href":"https:\/\/www.babcock-wanson.com\/es\/wp-json\/wp\/v2\/product_cat?post=33906"},{"taxonomy":"product_tag","embeddable":true,"href":"https:\/\/www.babcock-wanson.com\/es\/wp-json\/wp\/v2\/product_tag?post=33906"}],"curies":[{"name":"wp","href":"https:\/\/api.w.org\/{rel}","templated":true}]}}