{"id":33910,"date":"2018-09-19T13:42:09","date_gmt":"2018-09-19T12:42:09","guid":{"rendered":"https:\/\/www.babcock-wanson.com\/products\/sin%20categor\u00eda\/filtration\/"},"modified":"2022-01-05T16:14:14","modified_gmt":"2022-01-05T16:14:14","slug":"filtracion","status":"publish","type":"product","link":"https:\/\/www.babcock-wanson.com\/es\/productos\/tratamiento-de-agua-industrial\/filtracion\/","title":{"rendered":"Filtraci\u00f2n"},"content":{"rendered":"<div class=\"vgblk-rw-wrapper limit-wrapper\">\r\n<h3>Aplicaciones de filtraci\u00f2n en la industria<\/h3>\r\n<ul>\r\n<li>Agua de proceso industrial.<\/li>\r\n<li>La filtraci\u00f2n puede emplearse para eliminar aceites suspendidos, s\u00f3lidos y otros contaminantes para la obtenci\u00f3n de agua de alta calidad.<\/li>\r\n<li>Agua potable.<\/li>\r\n<li>Agua de alimentaci\u00f3n de calderas.<\/li>\r\n<li>Las calderas de vapor necesitan agua de alimentaci\u00f3n de alta calidad para garantizar un control total del riesgo de corrosi\u00f3n y prevenir los dep\u00f3sitos de incrustaciones en las superficies h\u00famedas de la caldera. La filtraci\u00f2n tambi\u00e9n es necesaria como tratamiento previo antes de un proceso de ultrafiltrado u \u00f3smosis inversa.<\/li>\r\n<li>Tratamiento previo de sistemas de intercambio i\u00f3nico en circuitos de refrigeraci\u00f3n.<\/li>\r\n<\/ul>\r\n<h3>Una gama completa y flexible<\/h3>\r\n<ul>\r\n<li>Nuestra amplia gama de sistemas de filtraci\u00f2n nos permite adaptarnos a los requisitos de cada emplazamiento, al tiempo que optimizamos los costes operativos y de mantenimiento.<\/li>\r\n<li>El dise\u00f1o compacto sobre skid de nuestros equipos a menudo requiere el uso de una superficie \u00fatil menor que las instalaciones convencionales construidas en el emplazamiento.<\/li>\r\n<\/ul>\r\n<h3>Instalaci\u00f3n y mantenimiento sencillos<\/h3>\r\n<ul>\r\n<li>El sistema de control perfectamente integrado y probado en f\u00e1brica garantiza una instalaci\u00f3n sencilla en el emplazamiento.<\/li>\r\n<li>El sistema de filtrado puede adaptarse para aguas con una concentraci\u00f3n de entrada variable.<\/li>\r\n<li>El proceso de lavado puede adaptarse en funci\u00f3n del tiempo, el volumen o la diferencia de presi\u00f3n.<\/li>\r\n<li>El lavado puede realizarse con agua filtrada o agua bruta a contracorriente.<\/li>\r\n<\/ul>\r\n<h3>Fiabilidad y seguridad de los equipos<\/h3>\r\n<ul>\r\n<li>Babcock\u00a0Wanson eval\u00faa a fondo las caracter\u00edsticas del agua bruta, el tipo de caldera, la calidad del agua de proceso, el retorno de condensados, la calidad del vapor que debe producirse y otros par\u00e1metros de la instalaci\u00f3n para adaptar convenientemente el r\u00e9gimen de tratamiento.<\/li>\r\n<li>Nuestros contratos de mantenimiento contemplan una revisi\u00f3n anual de mejoras de la calidad y un control de costes detallado.<\/li>\r\n<\/ul>\r\n<h2>Filtraci\u00f2n<\/h2>\r\n<h3>D\u00faplex &#8211; 2750\/2850\/3150 &#8211; FMC &#8211; S\/D<\/h3>\r\n<table>\r\n<tbody>\r\n<tr>\r\n<th>Modelo d\u00faplex<\/th>\r\n<th>\u00a0<\/th>\r\n<th>1450<\/th>\r\n<th>1665<\/th>\r\n<th>1865<\/th>\r\n<th>2160<\/th>\r\n<th>2469<\/th>\r\n<th>3072<\/th>\r\n<th>3672<\/th>\r\n<th>4272<\/th>\r\n<\/tr>\r\n<tr>\r\n<th>Velocidad de caudal m\u00e1ximo*<\/th>\r\n<th>(m\u00b3\/h)<\/th>\r\n<td>1.5<\/td>\r\n<td>2.0<\/td>\r\n<td>2.8<\/td>\r\n<td>3.6<\/td>\r\n<td>4.6<\/td>\r\n<td>7.2<\/td>\r\n<td>10.4<\/td>\r\n<td>14.0<\/td>\r\n<\/tr>\r\n<tr>\r\n<th>Di\u00e1metro (A)<\/th>\r\n<th>mm<\/th>\r\n<td>268<\/td>\r\n<td>406<\/td>\r\n<td>469<\/td>\r\n<td>552<\/td>\r\n<td>610<\/td>\r\n<td>770<\/td>\r\n<td>927<\/td>\r\n<td>1074<\/td>\r\n<\/tr>\r\n<tr>\r\n<th>Altura (B)<\/th>\r\n<th>mm<\/th>\r\n<td>1815<\/td>\r\n<td>1802<\/td>\r\n<td>1896<\/td>\r\n<td>1795<\/td>\r\n<td>2040<\/td>\r\n<td>2502<\/td>\r\n<td>2559<\/td>\r\n<td>2669<\/td>\r\n<\/tr>\r\n<\/tbody>\r\n<\/table>\r\n<h3>Triplex &#8211; F &#8211; ECO &#8211; MV &#8211; T &#8211; S<\/h3>\r\n<table>\r\n<tbody>\r\n<tr>\r\n<th>Modelo Triplex<\/th>\r\n<th>\u00a0<\/th>\r\n<th>18<\/th>\r\n<th>21<\/th>\r\n<th>24<\/th>\r\n<th>30<\/th>\r\n<th>36<\/th>\r\n<th>42<\/th>\r\n<th>48<\/th>\r\n<th>63<\/th>\r\n<\/tr>\r\n<tr>\r\n<th>Velocidad de caudal m\u00e1ximo*<\/th>\r\n<th>(m\u00b3\/h)<\/th>\r\n<td>7.77<\/td>\r\n<td>10.77<\/td>\r\n<td>13.14<\/td>\r\n<td>20.94<\/td>\r\n<td>30.36<\/td>\r\n<td>40.74<\/td>\r\n<td>52.59<\/td>\r\n<td>93.06<\/td>\r\n<\/tr>\r\n<tr>\r\n<th>Di\u00e1metro (A)<\/th>\r\n<th>mm<\/th>\r\n<td>469<\/td>\r\n<td>552<\/td>\r\n<td>610<\/td>\r\n<td>770<\/td>\r\n<td>927<\/td>\r\n<td>1074<\/td>\r\n<td>1220<\/td>\r\n<td>1623<\/td>\r\n<\/tr>\r\n<tr>\r\n<th>Altura (B)<\/th>\r\n<th>mm<\/th>\r\n<td>2300<\/td>\r\n<td>2300<\/td>\r\n<td>2400<\/td>\r\n<td>2500<\/td>\r\n<td>2500<\/td>\r\n<td>2600<\/td>\r\n<td>2700<\/td>\r\n<td>2800<\/td>\r\n<\/tr>\r\n<\/tbody>\r\n<\/table>\r\n<p>*Caudal m\u00e1ximo con una tasa de filtraci\u00f3n de 15 m3\/h<\/p>\r\n<\/div><!-- .vgblk-rw-wrapper -->","protected":false},"excerpt":{"rendered":"<p><strong>Est\u00e1ndar: doble o triple. Flujo de agua desde 1 hasta 93 m3\/h <br \/>Espec\u00edfica: a medida de las demandas del emplazamiento<\/strong><\/p>\n<p>Babcock Wanson, especialista en <a href=\"https:\/\/www.babcock-wanson.com\/es\/categoria-producto\/tratamiento-de-agua-industrial\/\" target=\"_blank\" rel=\"noopener\">soluciones de tratamiento de agua<\/a> y salas de calderas, ofrece una gran variedad de sistemas industriales de filtrado de agua. Nuestro equipo est\u00e1 siempre preparado para dise\u00f1ar e instalar los equipos m\u00e1s eficientes y rentables para cada aplicaci\u00f3n espec\u00edfica. Cada sistema de filtraci\u00f2n se fabrica de manera exclusiva y a medida para satisfacer los requisitos del proceso.<\/p>\n<p>El uso de distintos medios de filtrado depende de las caracter\u00edsticas fisicoqu\u00edmicas y microbiol\u00f3gicas del agua bruta y la calidad final del agua deseada. El filtrado de arena\/s\u00edlex suele emplearse para eliminar part\u00edculas grandes de hasta 25 \u00b5m del agua. El lecho doble de hidroantracita\/s\u00edlex permite una retenci\u00f3n mejor de los s\u00f3lidos suspendidos. El filtrado de carb\u00f3n activo se emplea, fundamentalmente, para eliminar materia org\u00e1nica, metales pesados o sustancias halogenadas, tal que cloro, pesticidas y compuestos, que pueden alterar el gusto o desprender un olor desagradable.<\/p>\n<p>Babcock Wanson ha dise\u00f1ado filtros multiv\u00e1lvula simples que pueden funcionar en configuraciones dobles, triples y m\u00faltiples. Las unidades de control electr\u00f3nicas con distribuidores giratorios se conectan a cada secci\u00f3n mediante cables de comunicaci\u00f3n. La programaci\u00f3n de estas unidades de control permite tanto un funcionamiento alterno como en paralelo.<\/p>\n","protected":false},"featured_media":33911,"comment_status":"closed","ping_status":"closed","template":"","meta":{"_acf_changed":false,"_relevanssi_hide_post":"","_relevanssi_hide_content":"","_relevanssi_pin_for_all":"","_relevanssi_pin_keywords":"","_relevanssi_unpin_keywords":"","_relevanssi_related_keywords":"","_relevanssi_related_include_ids":"","_relevanssi_related_exclude_ids":"","_relevanssi_related_no_append":"","_relevanssi_related_not_related":"","_relevanssi_related_posts":"","_relevanssi_noindex_reason":""},"product_brand":[],"product_cat":[5829],"product_tag":[],"class_list":{"0":"post-33910","1":"product","2":"type-product","3":"status-publish","4":"has-post-thumbnail","6":"product_cat-tratamiento-de-agua-industrial","8":"first","9":"instock","10":"shipping-taxable","11":"product-type-simple"},"acf":[],"yoast_head":"<!-- This site is optimized with the Yoast SEO Premium plugin v27.4 (Yoast SEO v27.4) - https:\/\/yoast.com\/product\/yoast-seo-premium-wordpress\/ -->\n<title>Filtraci\u00f2n - Babcock Wanson<\/title>\n<meta name=\"description\" content=\"Nuestras sistemas de filtraci\u00f2n se fabrican de manera exclusiva y a medida para satisfacer los requisitos del proceso.\" \/>\n<meta name=\"robots\" content=\"index, follow, max-snippet:-1, max-image-preview:large, max-video-preview:-1\" \/>\n<link rel=\"canonical\" href=\"https:\/\/www.babcock-wanson.com\/es\/productos\/tratamiento-de-agua-industrial\/filtracion\/\" \/>\n<meta property=\"og:locale\" content=\"es_ES\" \/>\n<meta property=\"og:type\" content=\"article\" \/>\n<meta property=\"og:title\" content=\"Filtraci\u00f2n\" \/>\n<meta property=\"og:description\" content=\"Nuestras sistemas de filtraci\u00f2n se fabrican de manera exclusiva y a medida para satisfacer los requisitos del proceso.\" \/>\n<meta property=\"og:url\" content=\"https:\/\/www.babcock-wanson.com\/es\/productos\/tratamiento-de-agua-industrial\/filtracion\/\" \/>\n<meta property=\"og:site_name\" content=\"Babcock Wanson\" \/>\n<meta property=\"article:modified_time\" content=\"2022-01-05T16:14:14+00:00\" \/>\n<meta property=\"og:image\" content=\"https:\/\/www.babcock-wanson.com\/wp-content\/uploads\/2018\/09\/Filtration-2.jpg\" \/>\n\t<meta property=\"og:image:width\" content=\"600\" \/>\n\t<meta property=\"og:image:height\" content=\"400\" \/>\n\t<meta property=\"og:image:type\" content=\"image\/jpeg\" \/>\n<meta name=\"twitter:card\" content=\"summary_large_image\" \/>\n<meta name=\"twitter:label1\" content=\"Est. reading time\" \/>\n\t<meta name=\"twitter:data1\" content=\"2 minutos\" \/>\n<script type=\"application\/ld+json\" class=\"yoast-schema-graph\">{\"@context\":\"https:\\\/\\\/schema.org\",\"@graph\":[{\"@type\":\"WebPage\",\"@id\":\"https:\\\/\\\/www.babcock-wanson.com\\\/es\\\/productos\\\/tratamiento-de-agua-industrial\\\/filtracion\\\/\",\"url\":\"https:\\\/\\\/www.babcock-wanson.com\\\/es\\\/productos\\\/tratamiento-de-agua-industrial\\\/filtracion\\\/\",\"name\":\"Filtraci\u00f2n - Babcock Wanson\",\"isPartOf\":{\"@id\":\"https:\\\/\\\/www.babcock-wanson.com\\\/es\\\/#website\"},\"primaryImageOfPage\":{\"@id\":\"https:\\\/\\\/www.babcock-wanson.com\\\/es\\\/productos\\\/tratamiento-de-agua-industrial\\\/filtracion\\\/#primaryimage\"},\"image\":{\"@id\":\"https:\\\/\\\/www.babcock-wanson.com\\\/es\\\/productos\\\/tratamiento-de-agua-industrial\\\/filtracion\\\/#primaryimage\"},\"thumbnailUrl\":\"https:\\\/\\\/www.babcock-wanson.com\\\/wp-content\\\/uploads\\\/2018\\\/09\\\/Filtration-2.jpg\",\"datePublished\":\"2018-09-19T12:42:09+00:00\",\"dateModified\":\"2022-01-05T16:14:14+00:00\",\"description\":\"Nuestras sistemas de filtraci\u00f2n se fabrican de manera exclusiva y a medida para satisfacer los requisitos del proceso.\",\"breadcrumb\":{\"@id\":\"https:\\\/\\\/www.babcock-wanson.com\\\/es\\\/productos\\\/tratamiento-de-agua-industrial\\\/filtracion\\\/#breadcrumb\"},\"inLanguage\":\"es\",\"potentialAction\":[{\"@type\":\"ReadAction\",\"target\":[\"https:\\\/\\\/www.babcock-wanson.com\\\/es\\\/productos\\\/tratamiento-de-agua-industrial\\\/filtracion\\\/\"]}]},{\"@type\":\"ImageObject\",\"inLanguage\":\"es\",\"@id\":\"https:\\\/\\\/www.babcock-wanson.com\\\/es\\\/productos\\\/tratamiento-de-agua-industrial\\\/filtracion\\\/#primaryimage\",\"url\":\"https:\\\/\\\/www.babcock-wanson.com\\\/wp-content\\\/uploads\\\/2018\\\/09\\\/Filtration-2.jpg\",\"contentUrl\":\"https:\\\/\\\/www.babcock-wanson.com\\\/wp-content\\\/uploads\\\/2018\\\/09\\\/Filtration-2.jpg\",\"width\":600,\"height\":400},{\"@type\":\"BreadcrumbList\",\"@id\":\"https:\\\/\\\/www.babcock-wanson.com\\\/es\\\/productos\\\/tratamiento-de-agua-industrial\\\/filtracion\\\/#breadcrumb\",\"itemListElement\":[{\"@type\":\"ListItem\",\"position\":1,\"name\":\"Inicio\",\"item\":\"https:\\\/\\\/www.babcock-wanson.com\\\/es\\\/\"},{\"@type\":\"ListItem\",\"position\":2,\"name\":\"Productos\",\"item\":\"https:\\\/\\\/www.babcock-wanson.com\\\/es\\\/shop\\\/\"},{\"@type\":\"ListItem\",\"position\":3,\"name\":\"Tratamiento de agua industrial\",\"item\":\"https:\\\/\\\/www.babcock-wanson.com\\\/es\\\/categoria-producto\\\/tratamiento-de-agua-industrial\\\/\"},{\"@type\":\"ListItem\",\"position\":4,\"name\":\"Filtraci\u00f2n\"}]},{\"@type\":\"WebSite\",\"@id\":\"https:\\\/\\\/www.babcock-wanson.com\\\/es\\\/#website\",\"url\":\"https:\\\/\\\/www.babcock-wanson.com\\\/es\\\/\",\"name\":\"Babcock Wanson\",\"description\":\"\",\"publisher\":{\"@id\":\"https:\\\/\\\/www.babcock-wanson.com\\\/es\\\/#organization\"},\"potentialAction\":[{\"@type\":\"SearchAction\",\"target\":{\"@type\":\"EntryPoint\",\"urlTemplate\":\"https:\\\/\\\/www.babcock-wanson.com\\\/es\\\/?s={search_term_string}\"},\"query-input\":{\"@type\":\"PropertyValueSpecification\",\"valueRequired\":true,\"valueName\":\"search_term_string\"}}],\"inLanguage\":\"es\"},{\"@type\":\"Organization\",\"@id\":\"https:\\\/\\\/www.babcock-wanson.com\\\/es\\\/#organization\",\"name\":\"Babcock Wanson\",\"url\":\"https:\\\/\\\/www.babcock-wanson.com\\\/es\\\/\",\"logo\":{\"@type\":\"ImageObject\",\"inLanguage\":\"es\",\"@id\":\"https:\\\/\\\/www.babcock-wanson.com\\\/es\\\/#\\\/schema\\\/logo\\\/image\\\/\",\"url\":\"https:\\\/\\\/www.babcock-wanson.com\\\/wp-content\\\/uploads\\\/2024\\\/02\\\/Babcock-Wanson-1200x1200-1.png\",\"contentUrl\":\"https:\\\/\\\/www.babcock-wanson.com\\\/wp-content\\\/uploads\\\/2024\\\/02\\\/Babcock-Wanson-1200x1200-1.png\",\"width\":1200,\"height\":1200,\"caption\":\"Babcock Wanson\"},\"image\":{\"@id\":\"https:\\\/\\\/www.babcock-wanson.com\\\/es\\\/#\\\/schema\\\/logo\\\/image\\\/\"},\"sameAs\":[\"https:\\\/\\\/www.linkedin.com\\\/company\\\/babcock-wanson\\\/\",\"https:\\\/\\\/www.youtube.com\\\/channel\\\/UCtxl25VieBBsP2kYmtlyv7A\"]}]}<\/script>\n<!-- \/ Yoast SEO Premium plugin. -->","yoast_head_json":{"title":"Filtraci\u00f2n - Babcock Wanson","description":"Nuestras sistemas de filtraci\u00f2n se fabrican de manera exclusiva y a medida para satisfacer los requisitos del proceso.","robots":{"index":"index","follow":"follow","max-snippet":"max-snippet:-1","max-image-preview":"max-image-preview:large","max-video-preview":"max-video-preview:-1"},"canonical":"https:\/\/www.babcock-wanson.com\/es\/productos\/tratamiento-de-agua-industrial\/filtracion\/","og_locale":"es_ES","og_type":"article","og_title":"Filtraci\u00f2n","og_description":"Nuestras sistemas de filtraci\u00f2n se fabrican de manera exclusiva y a medida para satisfacer los requisitos del proceso.","og_url":"https:\/\/www.babcock-wanson.com\/es\/productos\/tratamiento-de-agua-industrial\/filtracion\/","og_site_name":"Babcock Wanson","article_modified_time":"2022-01-05T16:14:14+00:00","og_image":[{"width":600,"height":400,"url":"https:\/\/www.babcock-wanson.com\/wp-content\/uploads\/2018\/09\/Filtration-2.jpg","type":"image\/jpeg"}],"twitter_card":"summary_large_image","twitter_misc":{"Est. reading time":"2 minutos"},"schema":{"@context":"https:\/\/schema.org","@graph":[{"@type":"WebPage","@id":"https:\/\/www.babcock-wanson.com\/es\/productos\/tratamiento-de-agua-industrial\/filtracion\/","url":"https:\/\/www.babcock-wanson.com\/es\/productos\/tratamiento-de-agua-industrial\/filtracion\/","name":"Filtraci\u00f2n - Babcock Wanson","isPartOf":{"@id":"https:\/\/www.babcock-wanson.com\/es\/#website"},"primaryImageOfPage":{"@id":"https:\/\/www.babcock-wanson.com\/es\/productos\/tratamiento-de-agua-industrial\/filtracion\/#primaryimage"},"image":{"@id":"https:\/\/www.babcock-wanson.com\/es\/productos\/tratamiento-de-agua-industrial\/filtracion\/#primaryimage"},"thumbnailUrl":"https:\/\/www.babcock-wanson.com\/wp-content\/uploads\/2018\/09\/Filtration-2.jpg","datePublished":"2018-09-19T12:42:09+00:00","dateModified":"2022-01-05T16:14:14+00:00","description":"Nuestras sistemas de filtraci\u00f2n se fabrican de manera exclusiva y a medida para satisfacer los requisitos del proceso.","breadcrumb":{"@id":"https:\/\/www.babcock-wanson.com\/es\/productos\/tratamiento-de-agua-industrial\/filtracion\/#breadcrumb"},"inLanguage":"es","potentialAction":[{"@type":"ReadAction","target":["https:\/\/www.babcock-wanson.com\/es\/productos\/tratamiento-de-agua-industrial\/filtracion\/"]}]},{"@type":"ImageObject","inLanguage":"es","@id":"https:\/\/www.babcock-wanson.com\/es\/productos\/tratamiento-de-agua-industrial\/filtracion\/#primaryimage","url":"https:\/\/www.babcock-wanson.com\/wp-content\/uploads\/2018\/09\/Filtration-2.jpg","contentUrl":"https:\/\/www.babcock-wanson.com\/wp-content\/uploads\/2018\/09\/Filtration-2.jpg","width":600,"height":400},{"@type":"BreadcrumbList","@id":"https:\/\/www.babcock-wanson.com\/es\/productos\/tratamiento-de-agua-industrial\/filtracion\/#breadcrumb","itemListElement":[{"@type":"ListItem","position":1,"name":"Inicio","item":"https:\/\/www.babcock-wanson.com\/es\/"},{"@type":"ListItem","position":2,"name":"Productos","item":"https:\/\/www.babcock-wanson.com\/es\/shop\/"},{"@type":"ListItem","position":3,"name":"Tratamiento de agua industrial","item":"https:\/\/www.babcock-wanson.com\/es\/categoria-producto\/tratamiento-de-agua-industrial\/"},{"@type":"ListItem","position":4,"name":"Filtraci\u00f2n"}]},{"@type":"WebSite","@id":"https:\/\/www.babcock-wanson.com\/es\/#website","url":"https:\/\/www.babcock-wanson.com\/es\/","name":"Babcock Wanson","description":"","publisher":{"@id":"https:\/\/www.babcock-wanson.com\/es\/#organization"},"potentialAction":[{"@type":"SearchAction","target":{"@type":"EntryPoint","urlTemplate":"https:\/\/www.babcock-wanson.com\/es\/?s={search_term_string}"},"query-input":{"@type":"PropertyValueSpecification","valueRequired":true,"valueName":"search_term_string"}}],"inLanguage":"es"},{"@type":"Organization","@id":"https:\/\/www.babcock-wanson.com\/es\/#organization","name":"Babcock Wanson","url":"https:\/\/www.babcock-wanson.com\/es\/","logo":{"@type":"ImageObject","inLanguage":"es","@id":"https:\/\/www.babcock-wanson.com\/es\/#\/schema\/logo\/image\/","url":"https:\/\/www.babcock-wanson.com\/wp-content\/uploads\/2024\/02\/Babcock-Wanson-1200x1200-1.png","contentUrl":"https:\/\/www.babcock-wanson.com\/wp-content\/uploads\/2024\/02\/Babcock-Wanson-1200x1200-1.png","width":1200,"height":1200,"caption":"Babcock Wanson"},"image":{"@id":"https:\/\/www.babcock-wanson.com\/es\/#\/schema\/logo\/image\/"},"sameAs":["https:\/\/www.linkedin.com\/company\/babcock-wanson\/","https:\/\/www.youtube.com\/channel\/UCtxl25VieBBsP2kYmtlyv7A"]}]}},"jetpack_sharing_enabled":true,"_links":{"self":[{"href":"https:\/\/www.babcock-wanson.com\/es\/wp-json\/wp\/v2\/product\/33910","targetHints":{"allow":["GET"]}}],"collection":[{"href":"https:\/\/www.babcock-wanson.com\/es\/wp-json\/wp\/v2\/product"}],"about":[{"href":"https:\/\/www.babcock-wanson.com\/es\/wp-json\/wp\/v2\/types\/product"}],"replies":[{"embeddable":true,"href":"https:\/\/www.babcock-wanson.com\/es\/wp-json\/wp\/v2\/comments?post=33910"}],"wp:featuredmedia":[{"embeddable":true,"href":"https:\/\/www.babcock-wanson.com\/es\/wp-json\/wp\/v2\/media\/33911"}],"wp:attachment":[{"href":"https:\/\/www.babcock-wanson.com\/es\/wp-json\/wp\/v2\/media?parent=33910"}],"wp:term":[{"taxonomy":"product_brand","embeddable":true,"href":"https:\/\/www.babcock-wanson.com\/es\/wp-json\/wp\/v2\/product_brand?post=33910"},{"taxonomy":"product_cat","embeddable":true,"href":"https:\/\/www.babcock-wanson.com\/es\/wp-json\/wp\/v2\/product_cat?post=33910"},{"taxonomy":"product_tag","embeddable":true,"href":"https:\/\/www.babcock-wanson.com\/es\/wp-json\/wp\/v2\/product_tag?post=33910"}],"curies":[{"name":"wp","href":"https:\/\/api.w.org\/{rel}","templated":true}]}}