{"id":33918,"date":"2018-09-19T13:42:04","date_gmt":"2018-09-19T12:42:04","guid":{"rendered":"https:\/\/www.babcock-wanson.com\/products\/sin%20categor\u00eda\/thermal-deaeration\/"},"modified":"2022-01-05T15:10:07","modified_gmt":"2022-01-05T15:10:07","slug":"desgasificacion-termica","status":"publish","type":"product","link":"https:\/\/www.babcock-wanson.com\/es\/productos\/tratamiento-de-agua-industrial\/desgasificacion-termica\/","title":{"rendered":"Desgasificaci\u00f3n t\u00e9rmica"},"content":{"rendered":"<div class=\"vgblk-rw-wrapper limit-wrapper\">\r\n<h3>Desgasificador t\u00e9rmico presurizado<\/h3>\r\n<p>Un desgasificador t\u00e9rmico presurizado, con un funcionamiento aproximado a 0,3\u00a0barg, permite aumentar la temperatura del agua a unos 105\u00a0\u00b0C, lo que permite obtener agua de excelente calidad con un contenido muy bajo de ox\u00edgeno (por debajo de 0,01\u00a0mg\/l) y apta para instalaciones que funcionan con potencias y presiones elevadas.<\/p>\r\n<p>El dise\u00f1o de Babcock\u00a0Wanson optimiza la eliminaci\u00f3n de gases disueltos. Una columna de desgasificaci\u00f3n se instala sobre un recipiente de almacenamiento. Manteniendo la presi\u00f3n y la temperatura del agua, el vapor inyectado en el recipiente de almacenamiento asciende por la columna de desgasificaci\u00f3n, donde la gran superficie disponible permite el contacto necesario entre el agua de entrada y el vapor para expulsar los gases disueltos del agua. Los gases resultantes, junto con una peque\u00f1a cantidad del vapor portador, se expulsan por la parte superior de la columna. El agua de alimentaci\u00f3n obtenida es de muy alta calidad y apta para la mayor\u00eda de las aplicaciones.<\/p>\r\n<p>Se trata de un producto fabricado por encargo de acuerdo con los requisitos del proceso de los clientes. P\u00f3ngase en contacto con nosotros para obtener informaci\u00f3n adicional.<\/p>\r\n<h3>Desgasificador atmosf\u00e9rico<\/h3>\r\n<p>Este dise\u00f1o alternativo ofrece un rendimiento similar al de un desgasificador t\u00e9rmico (0,1 mg\/l), pero sin los requisitos t\u00e9cnicos del recipiente presurizado. Se trata de una opci\u00f3n id\u00f3nea para calderas de potencias y presiones medias que representa una alternativa muy econ\u00f3mica al empleo del tratamiento qu\u00edmico solamente para la eliminaci\u00f3n de ox\u00edgeno.<\/p>\r\n<p>Las condiciones operativas son similares a las del desgasificador t\u00e9rmico, si bien la torre de desgasificaci\u00f3n y sus conexiones se sustituyen por una sencilla b\u00f3veda que se instala en la parte superior del tanque de agua de alimentaci\u00f3n con un tubo de inmersi\u00f3n espec\u00edficamente construido y sumergido dentro del tanque.<\/p>\r\n<h3>Aplicaciones de la desgasificaci\u00f3n t\u00e9rmica en la industria<\/h3>\r\n<p>La calidad del agua es un factor importante para garantizar la durabilidad de los equipos del proceso, especialmente en el caso de las calderas de vapor. Si no se trata correctamente, el agua contendr\u00e1 ox\u00edgeno disuelto y di\u00f3xido de carbono, dos agentes corrosivos activos que pueden da\u00f1ar el acero al carbono. Por tanto, es fundamental limitar la cantidad de estos elementos para evitar la degradaci\u00f3n.<\/p>\r\n<p>Los equipos de desgasificaci\u00f3n t\u00e9rmica de Babcock\u00a0Wanson eliminan el ox\u00edgeno disuelto y otros gases del agua y, de este modo, ayudan a eliminar el riesgo de corrosi\u00f3n. La empresa Babcock\u00a0Wanson es experta en tratamiento de agua para calderas y pone todos sus conocimientos a disposici\u00f3n de los clientes para el c\u00e1lculo preciso del retorno de su inversi\u00f3n.<\/p>\r\n<h3>Instalaci\u00f3n sencilla<\/h3>\r\n<p>La desgasificaci\u00f3n t\u00e9rmica puede instalarse en el emplazamiento o suministrarse como un conjunto integrado montado sobre patines que permite una instalaci\u00f3n r\u00e1pida y sencilla.<\/p>\r\n<h3>Respetuosa con el medioambiente<\/h3>\r\n<p>La desgasificaci\u00f3n t\u00e9rmica es una alternativa f\u00edsica al tratamiento qu\u00edmico simple para eliminar gases disueltos. Puede disminuir significativamente la demanda de productos qu\u00edmicos del proceso y ayudar a reducir los requisitos de manipulaci\u00f3n de productos qu\u00edmicos del emplazamiento y sus necesidades de eliminaci\u00f3n como residuos.<\/p>\r\n<h3>Fiabilidad y seguridad<\/h3>\r\n<ul>\r\n<li>La desgasificaci\u00f3n t\u00e9rmica ayuda a disminuir los costes operativos globales y cualquier impacto ambiental derivado del tratamiento qu\u00edmico del agua de alimentaci\u00f3n.<\/li>\r\n<li>Contenido de ox\u00edgeno muy bajo, inferior a 0,05 \u00f2 0,01\u00a0mg\/l, dependiendo de la tecnolog\u00eda empleada.<\/li>\r\n<li>La desgasificaci\u00f3n t\u00e9rmica disminuye el riesgo de corrosi\u00f3n derivada del ox\u00edgeno y aumenta la longevidad de la caldera, asi como la instalacion.<\/li>\r\n<li>El mantenimiento del suministro de agua de alimentaci\u00f3n a la temperatura m\u00e1s elevada posible mejora el rendimiento de la instalaci\u00f3n mediante la reducci\u00f3n de la demanda energ\u00e9tica de la caldera.<\/li>\r\n<\/ul>\r\n<\/div><!-- .vgblk-rw-wrapper -->","protected":false},"excerpt":{"rendered":"<p><strong>Est\u00e1ndar: flujo de agua tratada desde 2 hasta 30 m3\/h<\/strong><br \/><strong>Espec\u00edfica: a medida de las demandas del cliente<\/strong><\/p>\n<p>La desgasificaci\u00f3n t\u00e9rmica es una tecnolog\u00eda de <a href=\"https:\/\/www.babcock-wanson.com\/es\/categoria-producto\/tratamiento-de-agua-industrial\/\" target=\"_blank\" rel=\"noopener\">tratamiento de agua<\/a> que se fundamenta en la ley de Henry, que enuncia que la cantidad de gas disuelto dentro de un l\u00edquido es proporcional a la presi\u00f3n parcial del gas en fase gaseosa. El ox\u00edgeno disuelto y otros gases disueltos pueden eliminarse del agua aumentando la temperatura y la presi\u00f3n de esta \u00faltima, algo que consigue nuestro desgasificador t\u00e9rmico por inyecci\u00f3n de vapor.<\/p>\n<p>Babcock Wanson dise\u00f1a y fabrica equipos de desgasificaci\u00f3n t\u00e9rmica a medida capaces de complementar a la perfecci\u00f3n cualquier instalaci\u00f3n. Mediante la eliminaci\u00f3n de todo tipo de gases disueltos del agua, la desgasificaci\u00f3n t\u00e9rmica reduce la necesidad de aplicar tratamientos qu\u00edmicos y, por tanto, garantiza una prolongada vida \u00fatil de los equipos, mejora la calidad del vapor y reduce los costes operativos.<\/p>\n","protected":false},"featured_media":33919,"comment_status":"closed","ping_status":"closed","template":"","meta":{"_acf_changed":false,"_relevanssi_hide_post":"","_relevanssi_hide_content":"","_relevanssi_pin_for_all":"","_relevanssi_pin_keywords":"","_relevanssi_unpin_keywords":"","_relevanssi_related_keywords":"","_relevanssi_related_include_ids":"","_relevanssi_related_exclude_ids":"","_relevanssi_related_no_append":"","_relevanssi_related_not_related":"","_relevanssi_related_posts":"","_relevanssi_noindex_reason":""},"product_brand":[],"product_cat":[5829],"product_tag":[],"class_list":{"0":"post-33918","1":"product","2":"type-product","3":"status-publish","4":"has-post-thumbnail","6":"product_cat-tratamiento-de-agua-industrial","8":"first","9":"instock","10":"shipping-taxable","11":"product-type-simple"},"acf":[],"yoast_head":"<!-- This site is optimized with the Yoast SEO Premium plugin v27.4 (Yoast SEO v27.4) - https:\/\/yoast.com\/product\/yoast-seo-premium-wordpress\/ -->\n<title>Desgasificaci\u00f3n t\u00e9rmica - Babcock Wanson<\/title>\n<meta name=\"description\" content=\"Babcock Wanson dise\u00f1a y fabrica equipos de desgasificaci\u00f3n t\u00e9rmica a medida capaces de complementar a la perfecci\u00f3n cualquier instalaci\u00f3n.\" \/>\n<meta name=\"robots\" content=\"index, follow, max-snippet:-1, max-image-preview:large, max-video-preview:-1\" \/>\n<link rel=\"canonical\" href=\"https:\/\/www.babcock-wanson.com\/es\/productos\/tratamiento-de-agua-industrial\/desgasificacion-termica\/\" \/>\n<meta property=\"og:locale\" content=\"es_ES\" \/>\n<meta property=\"og:type\" content=\"article\" \/>\n<meta property=\"og:title\" content=\"Desgasificaci\u00f3n t\u00e9rmica\" \/>\n<meta property=\"og:description\" content=\"Babcock Wanson dise\u00f1a y fabrica equipos de desgasificaci\u00f3n t\u00e9rmica a medida capaces de complementar a la perfecci\u00f3n cualquier instalaci\u00f3n.\" \/>\n<meta property=\"og:url\" content=\"https:\/\/www.babcock-wanson.com\/es\/productos\/tratamiento-de-agua-industrial\/desgasificacion-termica\/\" \/>\n<meta property=\"og:site_name\" content=\"Babcock Wanson\" \/>\n<meta property=\"article:modified_time\" content=\"2022-01-05T15:10:07+00:00\" \/>\n<meta property=\"og:image\" content=\"https:\/\/www.babcock-wanson.com\/wp-content\/uploads\/2018\/09\/Thermal-Deaeration-3.jpg\" \/>\n\t<meta property=\"og:image:width\" content=\"600\" \/>\n\t<meta property=\"og:image:height\" content=\"400\" \/>\n\t<meta property=\"og:image:type\" content=\"image\/jpeg\" \/>\n<meta name=\"twitter:card\" content=\"summary_large_image\" \/>\n<meta name=\"twitter:label1\" content=\"Est. reading time\" \/>\n\t<meta name=\"twitter:data1\" content=\"3 minutos\" \/>\n<script type=\"application\/ld+json\" class=\"yoast-schema-graph\">{\"@context\":\"https:\\\/\\\/schema.org\",\"@graph\":[{\"@type\":\"WebPage\",\"@id\":\"https:\\\/\\\/www.babcock-wanson.com\\\/es\\\/productos\\\/tratamiento-de-agua-industrial\\\/desgasificacion-termica\\\/\",\"url\":\"https:\\\/\\\/www.babcock-wanson.com\\\/es\\\/productos\\\/tratamiento-de-agua-industrial\\\/desgasificacion-termica\\\/\",\"name\":\"Desgasificaci\u00f3n t\u00e9rmica - Babcock Wanson\",\"isPartOf\":{\"@id\":\"https:\\\/\\\/www.babcock-wanson.com\\\/es\\\/#website\"},\"primaryImageOfPage\":{\"@id\":\"https:\\\/\\\/www.babcock-wanson.com\\\/es\\\/productos\\\/tratamiento-de-agua-industrial\\\/desgasificacion-termica\\\/#primaryimage\"},\"image\":{\"@id\":\"https:\\\/\\\/www.babcock-wanson.com\\\/es\\\/productos\\\/tratamiento-de-agua-industrial\\\/desgasificacion-termica\\\/#primaryimage\"},\"thumbnailUrl\":\"https:\\\/\\\/www.babcock-wanson.com\\\/wp-content\\\/uploads\\\/2018\\\/09\\\/Thermal-Deaeration-3.jpg\",\"datePublished\":\"2018-09-19T12:42:04+00:00\",\"dateModified\":\"2022-01-05T15:10:07+00:00\",\"description\":\"Babcock Wanson dise\u00f1a y fabrica equipos de desgasificaci\u00f3n t\u00e9rmica a medida capaces de complementar a la perfecci\u00f3n cualquier instalaci\u00f3n.\",\"breadcrumb\":{\"@id\":\"https:\\\/\\\/www.babcock-wanson.com\\\/es\\\/productos\\\/tratamiento-de-agua-industrial\\\/desgasificacion-termica\\\/#breadcrumb\"},\"inLanguage\":\"es\",\"potentialAction\":[{\"@type\":\"ReadAction\",\"target\":[\"https:\\\/\\\/www.babcock-wanson.com\\\/es\\\/productos\\\/tratamiento-de-agua-industrial\\\/desgasificacion-termica\\\/\"]}]},{\"@type\":\"ImageObject\",\"inLanguage\":\"es\",\"@id\":\"https:\\\/\\\/www.babcock-wanson.com\\\/es\\\/productos\\\/tratamiento-de-agua-industrial\\\/desgasificacion-termica\\\/#primaryimage\",\"url\":\"https:\\\/\\\/www.babcock-wanson.com\\\/wp-content\\\/uploads\\\/2018\\\/09\\\/Thermal-Deaeration-3.jpg\",\"contentUrl\":\"https:\\\/\\\/www.babcock-wanson.com\\\/wp-content\\\/uploads\\\/2018\\\/09\\\/Thermal-Deaeration-3.jpg\",\"width\":600,\"height\":400},{\"@type\":\"BreadcrumbList\",\"@id\":\"https:\\\/\\\/www.babcock-wanson.com\\\/es\\\/productos\\\/tratamiento-de-agua-industrial\\\/desgasificacion-termica\\\/#breadcrumb\",\"itemListElement\":[{\"@type\":\"ListItem\",\"position\":1,\"name\":\"Inicio\",\"item\":\"https:\\\/\\\/www.babcock-wanson.com\\\/es\\\/\"},{\"@type\":\"ListItem\",\"position\":2,\"name\":\"Productos\",\"item\":\"https:\\\/\\\/www.babcock-wanson.com\\\/es\\\/shop\\\/\"},{\"@type\":\"ListItem\",\"position\":3,\"name\":\"Tratamiento de agua industrial\",\"item\":\"https:\\\/\\\/www.babcock-wanson.com\\\/es\\\/categoria-producto\\\/tratamiento-de-agua-industrial\\\/\"},{\"@type\":\"ListItem\",\"position\":4,\"name\":\"Desgasificaci\u00f3n t\u00e9rmica\"}]},{\"@type\":\"WebSite\",\"@id\":\"https:\\\/\\\/www.babcock-wanson.com\\\/es\\\/#website\",\"url\":\"https:\\\/\\\/www.babcock-wanson.com\\\/es\\\/\",\"name\":\"Babcock Wanson\",\"description\":\"\",\"publisher\":{\"@id\":\"https:\\\/\\\/www.babcock-wanson.com\\\/es\\\/#organization\"},\"potentialAction\":[{\"@type\":\"SearchAction\",\"target\":{\"@type\":\"EntryPoint\",\"urlTemplate\":\"https:\\\/\\\/www.babcock-wanson.com\\\/es\\\/?s={search_term_string}\"},\"query-input\":{\"@type\":\"PropertyValueSpecification\",\"valueRequired\":true,\"valueName\":\"search_term_string\"}}],\"inLanguage\":\"es\"},{\"@type\":\"Organization\",\"@id\":\"https:\\\/\\\/www.babcock-wanson.com\\\/es\\\/#organization\",\"name\":\"Babcock Wanson\",\"url\":\"https:\\\/\\\/www.babcock-wanson.com\\\/es\\\/\",\"logo\":{\"@type\":\"ImageObject\",\"inLanguage\":\"es\",\"@id\":\"https:\\\/\\\/www.babcock-wanson.com\\\/es\\\/#\\\/schema\\\/logo\\\/image\\\/\",\"url\":\"https:\\\/\\\/www.babcock-wanson.com\\\/wp-content\\\/uploads\\\/2024\\\/02\\\/Babcock-Wanson-1200x1200-1.png\",\"contentUrl\":\"https:\\\/\\\/www.babcock-wanson.com\\\/wp-content\\\/uploads\\\/2024\\\/02\\\/Babcock-Wanson-1200x1200-1.png\",\"width\":1200,\"height\":1200,\"caption\":\"Babcock Wanson\"},\"image\":{\"@id\":\"https:\\\/\\\/www.babcock-wanson.com\\\/es\\\/#\\\/schema\\\/logo\\\/image\\\/\"},\"sameAs\":[\"https:\\\/\\\/www.linkedin.com\\\/company\\\/babcock-wanson\\\/\",\"https:\\\/\\\/www.youtube.com\\\/channel\\\/UCtxl25VieBBsP2kYmtlyv7A\"]}]}<\/script>\n<!-- \/ Yoast SEO Premium plugin. -->","yoast_head_json":{"title":"Desgasificaci\u00f3n t\u00e9rmica - Babcock Wanson","description":"Babcock Wanson dise\u00f1a y fabrica equipos de desgasificaci\u00f3n t\u00e9rmica a medida capaces de complementar a la perfecci\u00f3n cualquier instalaci\u00f3n.","robots":{"index":"index","follow":"follow","max-snippet":"max-snippet:-1","max-image-preview":"max-image-preview:large","max-video-preview":"max-video-preview:-1"},"canonical":"https:\/\/www.babcock-wanson.com\/es\/productos\/tratamiento-de-agua-industrial\/desgasificacion-termica\/","og_locale":"es_ES","og_type":"article","og_title":"Desgasificaci\u00f3n t\u00e9rmica","og_description":"Babcock Wanson dise\u00f1a y fabrica equipos de desgasificaci\u00f3n t\u00e9rmica a medida capaces de complementar a la perfecci\u00f3n cualquier instalaci\u00f3n.","og_url":"https:\/\/www.babcock-wanson.com\/es\/productos\/tratamiento-de-agua-industrial\/desgasificacion-termica\/","og_site_name":"Babcock Wanson","article_modified_time":"2022-01-05T15:10:07+00:00","og_image":[{"width":600,"height":400,"url":"https:\/\/www.babcock-wanson.com\/wp-content\/uploads\/2018\/09\/Thermal-Deaeration-3.jpg","type":"image\/jpeg"}],"twitter_card":"summary_large_image","twitter_misc":{"Est. reading time":"3 minutos"},"schema":{"@context":"https:\/\/schema.org","@graph":[{"@type":"WebPage","@id":"https:\/\/www.babcock-wanson.com\/es\/productos\/tratamiento-de-agua-industrial\/desgasificacion-termica\/","url":"https:\/\/www.babcock-wanson.com\/es\/productos\/tratamiento-de-agua-industrial\/desgasificacion-termica\/","name":"Desgasificaci\u00f3n t\u00e9rmica - Babcock Wanson","isPartOf":{"@id":"https:\/\/www.babcock-wanson.com\/es\/#website"},"primaryImageOfPage":{"@id":"https:\/\/www.babcock-wanson.com\/es\/productos\/tratamiento-de-agua-industrial\/desgasificacion-termica\/#primaryimage"},"image":{"@id":"https:\/\/www.babcock-wanson.com\/es\/productos\/tratamiento-de-agua-industrial\/desgasificacion-termica\/#primaryimage"},"thumbnailUrl":"https:\/\/www.babcock-wanson.com\/wp-content\/uploads\/2018\/09\/Thermal-Deaeration-3.jpg","datePublished":"2018-09-19T12:42:04+00:00","dateModified":"2022-01-05T15:10:07+00:00","description":"Babcock Wanson dise\u00f1a y fabrica equipos de desgasificaci\u00f3n t\u00e9rmica a medida capaces de complementar a la perfecci\u00f3n cualquier instalaci\u00f3n.","breadcrumb":{"@id":"https:\/\/www.babcock-wanson.com\/es\/productos\/tratamiento-de-agua-industrial\/desgasificacion-termica\/#breadcrumb"},"inLanguage":"es","potentialAction":[{"@type":"ReadAction","target":["https:\/\/www.babcock-wanson.com\/es\/productos\/tratamiento-de-agua-industrial\/desgasificacion-termica\/"]}]},{"@type":"ImageObject","inLanguage":"es","@id":"https:\/\/www.babcock-wanson.com\/es\/productos\/tratamiento-de-agua-industrial\/desgasificacion-termica\/#primaryimage","url":"https:\/\/www.babcock-wanson.com\/wp-content\/uploads\/2018\/09\/Thermal-Deaeration-3.jpg","contentUrl":"https:\/\/www.babcock-wanson.com\/wp-content\/uploads\/2018\/09\/Thermal-Deaeration-3.jpg","width":600,"height":400},{"@type":"BreadcrumbList","@id":"https:\/\/www.babcock-wanson.com\/es\/productos\/tratamiento-de-agua-industrial\/desgasificacion-termica\/#breadcrumb","itemListElement":[{"@type":"ListItem","position":1,"name":"Inicio","item":"https:\/\/www.babcock-wanson.com\/es\/"},{"@type":"ListItem","position":2,"name":"Productos","item":"https:\/\/www.babcock-wanson.com\/es\/shop\/"},{"@type":"ListItem","position":3,"name":"Tratamiento de agua industrial","item":"https:\/\/www.babcock-wanson.com\/es\/categoria-producto\/tratamiento-de-agua-industrial\/"},{"@type":"ListItem","position":4,"name":"Desgasificaci\u00f3n t\u00e9rmica"}]},{"@type":"WebSite","@id":"https:\/\/www.babcock-wanson.com\/es\/#website","url":"https:\/\/www.babcock-wanson.com\/es\/","name":"Babcock Wanson","description":"","publisher":{"@id":"https:\/\/www.babcock-wanson.com\/es\/#organization"},"potentialAction":[{"@type":"SearchAction","target":{"@type":"EntryPoint","urlTemplate":"https:\/\/www.babcock-wanson.com\/es\/?s={search_term_string}"},"query-input":{"@type":"PropertyValueSpecification","valueRequired":true,"valueName":"search_term_string"}}],"inLanguage":"es"},{"@type":"Organization","@id":"https:\/\/www.babcock-wanson.com\/es\/#organization","name":"Babcock Wanson","url":"https:\/\/www.babcock-wanson.com\/es\/","logo":{"@type":"ImageObject","inLanguage":"es","@id":"https:\/\/www.babcock-wanson.com\/es\/#\/schema\/logo\/image\/","url":"https:\/\/www.babcock-wanson.com\/wp-content\/uploads\/2024\/02\/Babcock-Wanson-1200x1200-1.png","contentUrl":"https:\/\/www.babcock-wanson.com\/wp-content\/uploads\/2024\/02\/Babcock-Wanson-1200x1200-1.png","width":1200,"height":1200,"caption":"Babcock Wanson"},"image":{"@id":"https:\/\/www.babcock-wanson.com\/es\/#\/schema\/logo\/image\/"},"sameAs":["https:\/\/www.linkedin.com\/company\/babcock-wanson\/","https:\/\/www.youtube.com\/channel\/UCtxl25VieBBsP2kYmtlyv7A"]}]}},"jetpack_sharing_enabled":true,"_links":{"self":[{"href":"https:\/\/www.babcock-wanson.com\/es\/wp-json\/wp\/v2\/product\/33918","targetHints":{"allow":["GET"]}}],"collection":[{"href":"https:\/\/www.babcock-wanson.com\/es\/wp-json\/wp\/v2\/product"}],"about":[{"href":"https:\/\/www.babcock-wanson.com\/es\/wp-json\/wp\/v2\/types\/product"}],"replies":[{"embeddable":true,"href":"https:\/\/www.babcock-wanson.com\/es\/wp-json\/wp\/v2\/comments?post=33918"}],"wp:featuredmedia":[{"embeddable":true,"href":"https:\/\/www.babcock-wanson.com\/es\/wp-json\/wp\/v2\/media\/33919"}],"wp:attachment":[{"href":"https:\/\/www.babcock-wanson.com\/es\/wp-json\/wp\/v2\/media?parent=33918"}],"wp:term":[{"taxonomy":"product_brand","embeddable":true,"href":"https:\/\/www.babcock-wanson.com\/es\/wp-json\/wp\/v2\/product_brand?post=33918"},{"taxonomy":"product_cat","embeddable":true,"href":"https:\/\/www.babcock-wanson.com\/es\/wp-json\/wp\/v2\/product_cat?post=33918"},{"taxonomy":"product_tag","embeddable":true,"href":"https:\/\/www.babcock-wanson.com\/es\/wp-json\/wp\/v2\/product_tag?post=33918"}],"curies":[{"name":"wp","href":"https:\/\/api.w.org\/{rel}","templated":true}]}}