{"id":33944,"date":"2018-09-19T12:36:05","date_gmt":"2018-09-19T11:36:05","guid":{"rendered":"https:\/\/www.babcock-wanson.com\/products\/sin%20categor\u00eda\/roto-concentrator\/"},"modified":"2022-01-15T23:32:59","modified_gmt":"2022-01-15T23:32:59","slug":"rotoconcentrador","status":"publish","type":"product","link":"https:\/\/www.babcock-wanson.com\/es\/productos\/oxidadores-termicos\/rotoconcentrador\/","title":{"rendered":"ROTOconcentrador"},"content":{"rendered":"<div class=\"vgblk-rw-wrapper limit-wrapper\">\r\n<h3>Dise\u00f1o y funcionamiento<\/h3>\r\n<p>La rueda giratoria presenta una estructura de nido de abeja formada por una matriz que contiene zeolitas. Las zeolitas son materiales aluminosilicatos microporosos que ofrecen una superficie muy amplia para la adsorci\u00f3n de COV. El rotoconcentrador gira con una velocidad variable, normalmente, de 1 a 3 revoluciones\/hora, dependiendo de las condiciones del proceso.<\/p>\r\n<p>Entre un 90 y un 95\u00a0% del flujo de efluente del proceso atraviesa la rueda del rotoconcentrador en su recorrido hacia la chimenea, con el resultado de que los COV se adsorben temporalmente en la zeolita.<\/p>\r\n<p>El 5-10\u00a0% del flujo restante se calienta y atraviesa una secci\u00f3n de la rueda del rotoconcentrador en que el calor provoca que los COV se desorban de la matriz de zeolita y recuperen, tras una fase de enfriamiento posterior, el estado necesario para continuar el ciclo. Este flujo de mayor concentraci\u00f3n se procesa a continuaci\u00f3n en un oxidador (normalmente, un oxidador regenerativo que a menudo puede funcionar en modo autot\u00e9rmico) situado despu\u00e9s del rotoconcentrador. Este enfoque elimina o reduce en gran medida el combustible auxiliar necesario para el tratamiento del caudal de flujo total del proceso.<\/p>\r\n<h3>Ventajas<\/h3>\r\n<ul>\r\n<li>Posibilidad de gestionar de un modo muy rentable un volumen elevado de aire de efluente con una gran variedad de COV<\/li>\r\n<li>\u00cdndice de reducci\u00f3n &gt;98\u00a0%<\/li>\r\n<li>La atenuaci\u00f3n de los picos de concentraci\u00f3n de COV genera unas emisiones muy fiables.<\/li>\r\n<li>Bajo consumo de energ\u00eda<\/li>\r\n<li>Reducci\u00f3n en 10\u00a0veces o m\u00e1s el tama\u00f1o del oxidador regenerativo para el flujo de proceso necesario<\/li>\r\n<li>Construcci\u00f3n de la rueda de larga duraci\u00f3n (no es necesario efectuar ninguna sustituci\u00f3n peri\u00f3dica)<\/li>\r\n<li>Sistema de funcionamiento intuitivo<\/li>\r\n<li>Costes de mantenimiento bajos<\/li>\r\n<li>Reducci\u00f3n de la superficie \u00fatil necesaria en comparaci\u00f3n con otras tecnolog\u00edas para el tratamiento del mismo flujo de proceso<\/li>\r\n<\/ul>\r\n<p><\/p><\/div><!-- .vgblk-rw-wrapper -->","protected":false},"excerpt":{"rendered":"<p>Una operaci\u00f3n t\u00edpica es tratar flujos de proceso de entre 25 000 y 300 000 Nm3\/h que contienen niveles bajos de COV. Un rotoconcentrador es una rueda giratoria cargada con zeolita que adsorbe temporalmente COV en su matriz y los elimina del flujo de efluente para, a su vez, proporcionar un flujo rico en COV con un caudal mucho menor para su tratamiento por t\u00e9cnicas de oxidaci\u00f3n tradicionales. Se trata de un sistema f\u00e1cil de usar, muy eficaz para reducir las emisiones de COV, seguro y muy rentable en comparaci\u00f3n con otras tecnolog\u00edas como, por ejemplo, el filtrado de carb\u00f3n activo.<\/p>\n","protected":false},"featured_media":33949,"comment_status":"closed","ping_status":"closed","template":"","meta":{"_acf_changed":false,"_relevanssi_hide_post":"","_relevanssi_hide_content":"","_relevanssi_pin_for_all":"","_relevanssi_pin_keywords":"","_relevanssi_unpin_keywords":"","_relevanssi_related_keywords":"","_relevanssi_related_include_ids":"","_relevanssi_related_exclude_ids":"","_relevanssi_related_no_append":"","_relevanssi_related_not_related":"","_relevanssi_related_posts":"","_relevanssi_noindex_reason":""},"product_brand":[],"product_cat":[5830],"product_tag":[],"class_list":{"0":"post-33944","1":"product","2":"type-product","3":"status-publish","4":"has-post-thumbnail","6":"product_cat-oxidadores-termicos","8":"first","9":"instock","10":"shipping-taxable","11":"product-type-simple"},"acf":[],"yoast_head":"<!-- This site is optimized with the Yoast SEO Premium plugin v27.4 (Yoast SEO v27.4) - https:\/\/yoast.com\/product\/yoast-seo-premium-wordpress\/ -->\n<title>ROTOconcentrador - Babcock Wanson<\/title>\n<meta name=\"description\" content=\"Un rotoconcentrador es f\u00e1cil de usar, muy eficaz en la reducci\u00f3n de las emisiones de COV, seguro y muy rentable en comparaci\u00f3n con otras tecnolog\u00edas.\" \/>\n<meta name=\"robots\" content=\"index, follow, max-snippet:-1, max-image-preview:large, max-video-preview:-1\" \/>\n<link rel=\"canonical\" href=\"https:\/\/www.babcock-wanson.com\/es\/productos\/oxidadores-termicos\/rotoconcentrador\/\" \/>\n<meta property=\"og:locale\" content=\"es_ES\" \/>\n<meta property=\"og:type\" content=\"article\" \/>\n<meta property=\"og:title\" content=\"ROTOconcentrador\" \/>\n<meta property=\"og:description\" content=\"Un rotoconcentrador es f\u00e1cil de usar, muy eficaz en la reducci\u00f3n de las emisiones de COV, seguro y muy rentable en comparaci\u00f3n con otras tecnolog\u00edas.\" \/>\n<meta property=\"og:url\" content=\"https:\/\/www.babcock-wanson.com\/es\/productos\/oxidadores-termicos\/rotoconcentrador\/\" \/>\n<meta property=\"og:site_name\" content=\"Babcock Wanson\" \/>\n<meta property=\"article:modified_time\" content=\"2022-01-15T23:32:59+00:00\" \/>\n<meta property=\"og:image\" content=\"https:\/\/www.babcock-wanson.com\/wp-content\/uploads\/2018\/09\/roto-concentrator-2.png\" \/>\n\t<meta property=\"og:image:width\" content=\"600\" \/>\n\t<meta property=\"og:image:height\" content=\"400\" \/>\n\t<meta property=\"og:image:type\" content=\"image\/png\" \/>\n<meta name=\"twitter:card\" content=\"summary_large_image\" \/>\n<meta name=\"twitter:label1\" content=\"Est. reading time\" \/>\n\t<meta name=\"twitter:data1\" content=\"2 minutos\" \/>\n<script type=\"application\/ld+json\" class=\"yoast-schema-graph\">{\"@context\":\"https:\\\/\\\/schema.org\",\"@graph\":[{\"@type\":\"WebPage\",\"@id\":\"https:\\\/\\\/www.babcock-wanson.com\\\/es\\\/productos\\\/oxidadores-termicos\\\/rotoconcentrador\\\/\",\"url\":\"https:\\\/\\\/www.babcock-wanson.com\\\/es\\\/productos\\\/oxidadores-termicos\\\/rotoconcentrador\\\/\",\"name\":\"ROTOconcentrador - Babcock Wanson\",\"isPartOf\":{\"@id\":\"https:\\\/\\\/www.babcock-wanson.com\\\/es\\\/#website\"},\"primaryImageOfPage\":{\"@id\":\"https:\\\/\\\/www.babcock-wanson.com\\\/es\\\/productos\\\/oxidadores-termicos\\\/rotoconcentrador\\\/#primaryimage\"},\"image\":{\"@id\":\"https:\\\/\\\/www.babcock-wanson.com\\\/es\\\/productos\\\/oxidadores-termicos\\\/rotoconcentrador\\\/#primaryimage\"},\"thumbnailUrl\":\"https:\\\/\\\/www.babcock-wanson.com\\\/wp-content\\\/uploads\\\/2018\\\/09\\\/roto-concentrator-2.png\",\"datePublished\":\"2018-09-19T11:36:05+00:00\",\"dateModified\":\"2022-01-15T23:32:59+00:00\",\"description\":\"Un rotoconcentrador es f\u00e1cil de usar, muy eficaz en la reducci\u00f3n de las emisiones de COV, seguro y muy rentable en comparaci\u00f3n con otras tecnolog\u00edas.\",\"breadcrumb\":{\"@id\":\"https:\\\/\\\/www.babcock-wanson.com\\\/es\\\/productos\\\/oxidadores-termicos\\\/rotoconcentrador\\\/#breadcrumb\"},\"inLanguage\":\"es\",\"potentialAction\":[{\"@type\":\"ReadAction\",\"target\":[\"https:\\\/\\\/www.babcock-wanson.com\\\/es\\\/productos\\\/oxidadores-termicos\\\/rotoconcentrador\\\/\"]}]},{\"@type\":\"ImageObject\",\"inLanguage\":\"es\",\"@id\":\"https:\\\/\\\/www.babcock-wanson.com\\\/es\\\/productos\\\/oxidadores-termicos\\\/rotoconcentrador\\\/#primaryimage\",\"url\":\"https:\\\/\\\/www.babcock-wanson.com\\\/wp-content\\\/uploads\\\/2018\\\/09\\\/roto-concentrator-2.png\",\"contentUrl\":\"https:\\\/\\\/www.babcock-wanson.com\\\/wp-content\\\/uploads\\\/2018\\\/09\\\/roto-concentrator-2.png\",\"width\":600,\"height\":400},{\"@type\":\"BreadcrumbList\",\"@id\":\"https:\\\/\\\/www.babcock-wanson.com\\\/es\\\/productos\\\/oxidadores-termicos\\\/rotoconcentrador\\\/#breadcrumb\",\"itemListElement\":[{\"@type\":\"ListItem\",\"position\":1,\"name\":\"Inicio\",\"item\":\"https:\\\/\\\/www.babcock-wanson.com\\\/es\\\/\"},{\"@type\":\"ListItem\",\"position\":2,\"name\":\"Productos\",\"item\":\"https:\\\/\\\/www.babcock-wanson.com\\\/es\\\/shop\\\/\"},{\"@type\":\"ListItem\",\"position\":3,\"name\":\"Oxidadores t\u00e9rmicos\",\"item\":\"https:\\\/\\\/www.babcock-wanson.com\\\/es\\\/categoria-producto\\\/oxidadores-termicos\\\/\"},{\"@type\":\"ListItem\",\"position\":4,\"name\":\"ROTOconcentrador\"}]},{\"@type\":\"WebSite\",\"@id\":\"https:\\\/\\\/www.babcock-wanson.com\\\/es\\\/#website\",\"url\":\"https:\\\/\\\/www.babcock-wanson.com\\\/es\\\/\",\"name\":\"Babcock Wanson\",\"description\":\"\",\"publisher\":{\"@id\":\"https:\\\/\\\/www.babcock-wanson.com\\\/es\\\/#organization\"},\"potentialAction\":[{\"@type\":\"SearchAction\",\"target\":{\"@type\":\"EntryPoint\",\"urlTemplate\":\"https:\\\/\\\/www.babcock-wanson.com\\\/es\\\/?s={search_term_string}\"},\"query-input\":{\"@type\":\"PropertyValueSpecification\",\"valueRequired\":true,\"valueName\":\"search_term_string\"}}],\"inLanguage\":\"es\"},{\"@type\":\"Organization\",\"@id\":\"https:\\\/\\\/www.babcock-wanson.com\\\/es\\\/#organization\",\"name\":\"Babcock Wanson\",\"url\":\"https:\\\/\\\/www.babcock-wanson.com\\\/es\\\/\",\"logo\":{\"@type\":\"ImageObject\",\"inLanguage\":\"es\",\"@id\":\"https:\\\/\\\/www.babcock-wanson.com\\\/es\\\/#\\\/schema\\\/logo\\\/image\\\/\",\"url\":\"https:\\\/\\\/www.babcock-wanson.com\\\/wp-content\\\/uploads\\\/2024\\\/02\\\/Babcock-Wanson-1200x1200-1.png\",\"contentUrl\":\"https:\\\/\\\/www.babcock-wanson.com\\\/wp-content\\\/uploads\\\/2024\\\/02\\\/Babcock-Wanson-1200x1200-1.png\",\"width\":1200,\"height\":1200,\"caption\":\"Babcock Wanson\"},\"image\":{\"@id\":\"https:\\\/\\\/www.babcock-wanson.com\\\/es\\\/#\\\/schema\\\/logo\\\/image\\\/\"},\"sameAs\":[\"https:\\\/\\\/www.linkedin.com\\\/company\\\/babcock-wanson\\\/\",\"https:\\\/\\\/www.youtube.com\\\/channel\\\/UCtxl25VieBBsP2kYmtlyv7A\"]}]}<\/script>\n<!-- \/ Yoast SEO Premium plugin. -->","yoast_head_json":{"title":"ROTOconcentrador - Babcock Wanson","description":"Un rotoconcentrador es f\u00e1cil de usar, muy eficaz en la reducci\u00f3n de las emisiones de COV, seguro y muy rentable en comparaci\u00f3n con otras tecnolog\u00edas.","robots":{"index":"index","follow":"follow","max-snippet":"max-snippet:-1","max-image-preview":"max-image-preview:large","max-video-preview":"max-video-preview:-1"},"canonical":"https:\/\/www.babcock-wanson.com\/es\/productos\/oxidadores-termicos\/rotoconcentrador\/","og_locale":"es_ES","og_type":"article","og_title":"ROTOconcentrador","og_description":"Un rotoconcentrador es f\u00e1cil de usar, muy eficaz en la reducci\u00f3n de las emisiones de COV, seguro y muy rentable en comparaci\u00f3n con otras tecnolog\u00edas.","og_url":"https:\/\/www.babcock-wanson.com\/es\/productos\/oxidadores-termicos\/rotoconcentrador\/","og_site_name":"Babcock Wanson","article_modified_time":"2022-01-15T23:32:59+00:00","og_image":[{"width":600,"height":400,"url":"https:\/\/www.babcock-wanson.com\/wp-content\/uploads\/2018\/09\/roto-concentrator-2.png","type":"image\/png"}],"twitter_card":"summary_large_image","twitter_misc":{"Est. reading time":"2 minutos"},"schema":{"@context":"https:\/\/schema.org","@graph":[{"@type":"WebPage","@id":"https:\/\/www.babcock-wanson.com\/es\/productos\/oxidadores-termicos\/rotoconcentrador\/","url":"https:\/\/www.babcock-wanson.com\/es\/productos\/oxidadores-termicos\/rotoconcentrador\/","name":"ROTOconcentrador - Babcock Wanson","isPartOf":{"@id":"https:\/\/www.babcock-wanson.com\/es\/#website"},"primaryImageOfPage":{"@id":"https:\/\/www.babcock-wanson.com\/es\/productos\/oxidadores-termicos\/rotoconcentrador\/#primaryimage"},"image":{"@id":"https:\/\/www.babcock-wanson.com\/es\/productos\/oxidadores-termicos\/rotoconcentrador\/#primaryimage"},"thumbnailUrl":"https:\/\/www.babcock-wanson.com\/wp-content\/uploads\/2018\/09\/roto-concentrator-2.png","datePublished":"2018-09-19T11:36:05+00:00","dateModified":"2022-01-15T23:32:59+00:00","description":"Un rotoconcentrador es f\u00e1cil de usar, muy eficaz en la reducci\u00f3n de las emisiones de COV, seguro y muy rentable en comparaci\u00f3n con otras tecnolog\u00edas.","breadcrumb":{"@id":"https:\/\/www.babcock-wanson.com\/es\/productos\/oxidadores-termicos\/rotoconcentrador\/#breadcrumb"},"inLanguage":"es","potentialAction":[{"@type":"ReadAction","target":["https:\/\/www.babcock-wanson.com\/es\/productos\/oxidadores-termicos\/rotoconcentrador\/"]}]},{"@type":"ImageObject","inLanguage":"es","@id":"https:\/\/www.babcock-wanson.com\/es\/productos\/oxidadores-termicos\/rotoconcentrador\/#primaryimage","url":"https:\/\/www.babcock-wanson.com\/wp-content\/uploads\/2018\/09\/roto-concentrator-2.png","contentUrl":"https:\/\/www.babcock-wanson.com\/wp-content\/uploads\/2018\/09\/roto-concentrator-2.png","width":600,"height":400},{"@type":"BreadcrumbList","@id":"https:\/\/www.babcock-wanson.com\/es\/productos\/oxidadores-termicos\/rotoconcentrador\/#breadcrumb","itemListElement":[{"@type":"ListItem","position":1,"name":"Inicio","item":"https:\/\/www.babcock-wanson.com\/es\/"},{"@type":"ListItem","position":2,"name":"Productos","item":"https:\/\/www.babcock-wanson.com\/es\/shop\/"},{"@type":"ListItem","position":3,"name":"Oxidadores t\u00e9rmicos","item":"https:\/\/www.babcock-wanson.com\/es\/categoria-producto\/oxidadores-termicos\/"},{"@type":"ListItem","position":4,"name":"ROTOconcentrador"}]},{"@type":"WebSite","@id":"https:\/\/www.babcock-wanson.com\/es\/#website","url":"https:\/\/www.babcock-wanson.com\/es\/","name":"Babcock Wanson","description":"","publisher":{"@id":"https:\/\/www.babcock-wanson.com\/es\/#organization"},"potentialAction":[{"@type":"SearchAction","target":{"@type":"EntryPoint","urlTemplate":"https:\/\/www.babcock-wanson.com\/es\/?s={search_term_string}"},"query-input":{"@type":"PropertyValueSpecification","valueRequired":true,"valueName":"search_term_string"}}],"inLanguage":"es"},{"@type":"Organization","@id":"https:\/\/www.babcock-wanson.com\/es\/#organization","name":"Babcock Wanson","url":"https:\/\/www.babcock-wanson.com\/es\/","logo":{"@type":"ImageObject","inLanguage":"es","@id":"https:\/\/www.babcock-wanson.com\/es\/#\/schema\/logo\/image\/","url":"https:\/\/www.babcock-wanson.com\/wp-content\/uploads\/2024\/02\/Babcock-Wanson-1200x1200-1.png","contentUrl":"https:\/\/www.babcock-wanson.com\/wp-content\/uploads\/2024\/02\/Babcock-Wanson-1200x1200-1.png","width":1200,"height":1200,"caption":"Babcock Wanson"},"image":{"@id":"https:\/\/www.babcock-wanson.com\/es\/#\/schema\/logo\/image\/"},"sameAs":["https:\/\/www.linkedin.com\/company\/babcock-wanson\/","https:\/\/www.youtube.com\/channel\/UCtxl25VieBBsP2kYmtlyv7A"]}]}},"jetpack_sharing_enabled":true,"_links":{"self":[{"href":"https:\/\/www.babcock-wanson.com\/es\/wp-json\/wp\/v2\/product\/33944","targetHints":{"allow":["GET"]}}],"collection":[{"href":"https:\/\/www.babcock-wanson.com\/es\/wp-json\/wp\/v2\/product"}],"about":[{"href":"https:\/\/www.babcock-wanson.com\/es\/wp-json\/wp\/v2\/types\/product"}],"replies":[{"embeddable":true,"href":"https:\/\/www.babcock-wanson.com\/es\/wp-json\/wp\/v2\/comments?post=33944"}],"wp:featuredmedia":[{"embeddable":true,"href":"https:\/\/www.babcock-wanson.com\/es\/wp-json\/wp\/v2\/media\/33949"}],"wp:attachment":[{"href":"https:\/\/www.babcock-wanson.com\/es\/wp-json\/wp\/v2\/media?parent=33944"}],"wp:term":[{"taxonomy":"product_brand","embeddable":true,"href":"https:\/\/www.babcock-wanson.com\/es\/wp-json\/wp\/v2\/product_brand?post=33944"},{"taxonomy":"product_cat","embeddable":true,"href":"https:\/\/www.babcock-wanson.com\/es\/wp-json\/wp\/v2\/product_cat?post=33944"},{"taxonomy":"product_tag","embeddable":true,"href":"https:\/\/www.babcock-wanson.com\/es\/wp-json\/wp\/v2\/product_tag?post=33944"}],"curies":[{"name":"wp","href":"https:\/\/api.w.org\/{rel}","templated":true}]}}