{"id":33950,"date":"2018-09-19T12:36:08","date_gmt":"2018-09-19T11:36:08","guid":{"rendered":"https:\/\/www.babcock-wanson.com\/products\/sin%20categor\u00eda\/deodorising-oxidisers\/"},"modified":"2020-09-03T11:37:45","modified_gmt":"2020-09-03T10:37:45","slug":"oxidadores-desodorizantes","status":"publish","type":"product","link":"https:\/\/www.babcock-wanson.com\/es\/productos\/oxidadores-termicos\/oxidadores-desodorizantes\/","title":{"rendered":"Oxidadores desodorizantes"},"content":{"rendered":"<div class=\"vgblk-rw-wrapper limit-wrapper\">\r\n<h3>Principio de funcionamiento<\/h3>\r\n<p>Los olores suelen tratarse a temperaturas de hasta 950\u00a0\u00b0C con un tiempo de permanencia aproximado de 0,8\u00a0segundos. Una caldera de recuperaci\u00f3n de calor recupera la energ\u00eda del flujo de gases de combusti\u00f3n y vuelve a introducirla en el proceso utilizando vapor o fluido t\u00e9rmico como medio de transferencia de calor. Los tiempos de permanencia se ajustan en funci\u00f3n del proceso y la normativa local.<\/p>\r\n<h3>\u00bfEn qu\u00e9 procesos son m\u00e1s \u00fatiles los oxidadores desodorizantes?<\/h3>\r\n<p>Las aplicaciones industriales son muy variadas, entre ellas:<\/p>\r\n<ul>\r\n<li>procesos industriales de fritura<\/li>\r\n<li>procesamiento de carne<\/li>\r\n<li>extracci\u00f3n de grasas animales<\/li>\r\n<li>torrefacci\u00f3n de caf\u00e9 y cebada<\/li>\r\n<li>vulcanizaci\u00f3n y moldeado de caucho<\/li>\r\n<\/ul>\r\n<h3>Ventajas de los oxidadores desodorizantes<\/h3>\r\n<ul>\r\n<li>Eficiencia global del sistema por encima del 99\u00a0%<\/li>\r\n<li>Excelente eficiencia en reducci\u00f3n de olores<\/li>\r\n<li>Posibilidad de emplear sebo animal como combustible principal, con fuel o gas natural como combustible auxiliar<\/li>\r\n<li>Optimizaci\u00f3n de los costes operativos y de inversi\u00f3n<\/li>\r\n<\/ul>\r\n<\/div><!-- .vgblk-rw-wrapper -->","protected":false},"excerpt":{"rendered":"<p>Los oxidadores desodorizantes de Babcock Wanson son conocidos en todo el mundo por ofrecer la mejor tecnolog\u00eda disponible para reducir los olores generados por diversos procesos productivos. Estos equipos se adaptan a cada aplicaci\u00f3n espec\u00edfica y se dise\u00f1an a medida para satisfacer los requisitos particulares de cada proceso industrial.<\/p>\n","protected":false},"featured_media":33957,"comment_status":"closed","ping_status":"closed","template":"","meta":{"_acf_changed":false,"_relevanssi_hide_post":"","_relevanssi_hide_content":"","_relevanssi_pin_for_all":"","_relevanssi_pin_keywords":"","_relevanssi_unpin_keywords":"","_relevanssi_related_keywords":"","_relevanssi_related_include_ids":"","_relevanssi_related_exclude_ids":"","_relevanssi_related_no_append":"","_relevanssi_related_not_related":"","_relevanssi_related_posts":"","_relevanssi_noindex_reason":""},"product_brand":[],"product_cat":[5830],"product_tag":[],"class_list":{"0":"post-33950","1":"product","2":"type-product","3":"status-publish","4":"has-post-thumbnail","6":"product_cat-oxidadores-termicos","8":"first","9":"instock","10":"shipping-taxable","11":"product-type-simple"},"acf":[],"yoast_head":"<!-- This site is optimized with the Yoast SEO Premium plugin v27.4 (Yoast SEO v27.4) - https:\/\/yoast.com\/product\/yoast-seo-premium-wordpress\/ -->\n<title>Oxidadores desodorizantes - Babcock Wanson<\/title>\n<meta name=\"description\" content=\"Los oxidadores desodorizantes Babcock Wanson son conocidos en todo el mundo como la mejor tecnolog\u00eda disponible para reducir los olores.\" \/>\n<meta name=\"robots\" content=\"index, follow, max-snippet:-1, max-image-preview:large, max-video-preview:-1\" \/>\n<link rel=\"canonical\" href=\"https:\/\/www.babcock-wanson.com\/es\/productos\/oxidadores-termicos\/oxidadores-desodorizantes\/\" \/>\n<meta property=\"og:locale\" content=\"es_ES\" \/>\n<meta property=\"og:type\" content=\"article\" \/>\n<meta property=\"og:title\" content=\"Oxidadores desodorizantes\" \/>\n<meta property=\"og:description\" content=\"Los oxidadores desodorizantes Babcock Wanson son conocidos en todo el mundo como la mejor tecnolog\u00eda disponible para reducir los olores.\" \/>\n<meta property=\"og:url\" content=\"https:\/\/www.babcock-wanson.com\/es\/productos\/oxidadores-termicos\/oxidadores-desodorizantes\/\" \/>\n<meta property=\"og:site_name\" content=\"Babcock Wanson\" \/>\n<meta property=\"article:modified_time\" content=\"2020-09-03T10:37:45+00:00\" \/>\n<meta property=\"og:image\" content=\"https:\/\/www.babcock-wanson.com\/wp-content\/uploads\/2018\/09\/Deodorising-Oxidisers-5.jpg\" \/>\n\t<meta property=\"og:image:width\" content=\"600\" \/>\n\t<meta property=\"og:image:height\" content=\"400\" \/>\n\t<meta property=\"og:image:type\" content=\"image\/jpeg\" \/>\n<meta name=\"twitter:card\" content=\"summary_large_image\" \/>\n<meta name=\"twitter:label1\" content=\"Est. reading time\" \/>\n\t<meta name=\"twitter:data1\" content=\"1 minuto\" \/>\n<script type=\"application\/ld+json\" class=\"yoast-schema-graph\">{\"@context\":\"https:\\\/\\\/schema.org\",\"@graph\":[{\"@type\":\"WebPage\",\"@id\":\"https:\\\/\\\/www.babcock-wanson.com\\\/es\\\/productos\\\/oxidadores-termicos\\\/oxidadores-desodorizantes\\\/\",\"url\":\"https:\\\/\\\/www.babcock-wanson.com\\\/es\\\/productos\\\/oxidadores-termicos\\\/oxidadores-desodorizantes\\\/\",\"name\":\"Oxidadores desodorizantes - Babcock Wanson\",\"isPartOf\":{\"@id\":\"https:\\\/\\\/www.babcock-wanson.com\\\/es\\\/#website\"},\"primaryImageOfPage\":{\"@id\":\"https:\\\/\\\/www.babcock-wanson.com\\\/es\\\/productos\\\/oxidadores-termicos\\\/oxidadores-desodorizantes\\\/#primaryimage\"},\"image\":{\"@id\":\"https:\\\/\\\/www.babcock-wanson.com\\\/es\\\/productos\\\/oxidadores-termicos\\\/oxidadores-desodorizantes\\\/#primaryimage\"},\"thumbnailUrl\":\"https:\\\/\\\/www.babcock-wanson.com\\\/wp-content\\\/uploads\\\/2018\\\/09\\\/Deodorising-Oxidisers-5.jpg\",\"datePublished\":\"2018-09-19T11:36:08+00:00\",\"dateModified\":\"2020-09-03T10:37:45+00:00\",\"description\":\"Los oxidadores desodorizantes Babcock Wanson son conocidos en todo el mundo como la mejor tecnolog\u00eda disponible para reducir los olores.\",\"breadcrumb\":{\"@id\":\"https:\\\/\\\/www.babcock-wanson.com\\\/es\\\/productos\\\/oxidadores-termicos\\\/oxidadores-desodorizantes\\\/#breadcrumb\"},\"inLanguage\":\"es\",\"potentialAction\":[{\"@type\":\"ReadAction\",\"target\":[\"https:\\\/\\\/www.babcock-wanson.com\\\/es\\\/productos\\\/oxidadores-termicos\\\/oxidadores-desodorizantes\\\/\"]}]},{\"@type\":\"ImageObject\",\"inLanguage\":\"es\",\"@id\":\"https:\\\/\\\/www.babcock-wanson.com\\\/es\\\/productos\\\/oxidadores-termicos\\\/oxidadores-desodorizantes\\\/#primaryimage\",\"url\":\"https:\\\/\\\/www.babcock-wanson.com\\\/wp-content\\\/uploads\\\/2018\\\/09\\\/Deodorising-Oxidisers-5.jpg\",\"contentUrl\":\"https:\\\/\\\/www.babcock-wanson.com\\\/wp-content\\\/uploads\\\/2018\\\/09\\\/Deodorising-Oxidisers-5.jpg\",\"width\":600,\"height\":400},{\"@type\":\"BreadcrumbList\",\"@id\":\"https:\\\/\\\/www.babcock-wanson.com\\\/es\\\/productos\\\/oxidadores-termicos\\\/oxidadores-desodorizantes\\\/#breadcrumb\",\"itemListElement\":[{\"@type\":\"ListItem\",\"position\":1,\"name\":\"Inicio\",\"item\":\"https:\\\/\\\/www.babcock-wanson.com\\\/es\\\/\"},{\"@type\":\"ListItem\",\"position\":2,\"name\":\"Productos\",\"item\":\"https:\\\/\\\/www.babcock-wanson.com\\\/es\\\/shop\\\/\"},{\"@type\":\"ListItem\",\"position\":3,\"name\":\"Oxidadores t\u00e9rmicos\",\"item\":\"https:\\\/\\\/www.babcock-wanson.com\\\/es\\\/categoria-producto\\\/oxidadores-termicos\\\/\"},{\"@type\":\"ListItem\",\"position\":4,\"name\":\"Oxidadores desodorizantes\"}]},{\"@type\":\"WebSite\",\"@id\":\"https:\\\/\\\/www.babcock-wanson.com\\\/es\\\/#website\",\"url\":\"https:\\\/\\\/www.babcock-wanson.com\\\/es\\\/\",\"name\":\"Babcock Wanson\",\"description\":\"\",\"publisher\":{\"@id\":\"https:\\\/\\\/www.babcock-wanson.com\\\/es\\\/#organization\"},\"potentialAction\":[{\"@type\":\"SearchAction\",\"target\":{\"@type\":\"EntryPoint\",\"urlTemplate\":\"https:\\\/\\\/www.babcock-wanson.com\\\/es\\\/?s={search_term_string}\"},\"query-input\":{\"@type\":\"PropertyValueSpecification\",\"valueRequired\":true,\"valueName\":\"search_term_string\"}}],\"inLanguage\":\"es\"},{\"@type\":\"Organization\",\"@id\":\"https:\\\/\\\/www.babcock-wanson.com\\\/es\\\/#organization\",\"name\":\"Babcock Wanson\",\"url\":\"https:\\\/\\\/www.babcock-wanson.com\\\/es\\\/\",\"logo\":{\"@type\":\"ImageObject\",\"inLanguage\":\"es\",\"@id\":\"https:\\\/\\\/www.babcock-wanson.com\\\/es\\\/#\\\/schema\\\/logo\\\/image\\\/\",\"url\":\"https:\\\/\\\/www.babcock-wanson.com\\\/wp-content\\\/uploads\\\/2024\\\/02\\\/Babcock-Wanson-1200x1200-1.png\",\"contentUrl\":\"https:\\\/\\\/www.babcock-wanson.com\\\/wp-content\\\/uploads\\\/2024\\\/02\\\/Babcock-Wanson-1200x1200-1.png\",\"width\":1200,\"height\":1200,\"caption\":\"Babcock Wanson\"},\"image\":{\"@id\":\"https:\\\/\\\/www.babcock-wanson.com\\\/es\\\/#\\\/schema\\\/logo\\\/image\\\/\"},\"sameAs\":[\"https:\\\/\\\/www.linkedin.com\\\/company\\\/babcock-wanson\\\/\",\"https:\\\/\\\/www.youtube.com\\\/channel\\\/UCtxl25VieBBsP2kYmtlyv7A\"]}]}<\/script>\n<!-- \/ Yoast SEO Premium plugin. -->","yoast_head_json":{"title":"Oxidadores desodorizantes - Babcock Wanson","description":"Los oxidadores desodorizantes Babcock Wanson son conocidos en todo el mundo como la mejor tecnolog\u00eda disponible para reducir los olores.","robots":{"index":"index","follow":"follow","max-snippet":"max-snippet:-1","max-image-preview":"max-image-preview:large","max-video-preview":"max-video-preview:-1"},"canonical":"https:\/\/www.babcock-wanson.com\/es\/productos\/oxidadores-termicos\/oxidadores-desodorizantes\/","og_locale":"es_ES","og_type":"article","og_title":"Oxidadores desodorizantes","og_description":"Los oxidadores desodorizantes Babcock Wanson son conocidos en todo el mundo como la mejor tecnolog\u00eda disponible para reducir los olores.","og_url":"https:\/\/www.babcock-wanson.com\/es\/productos\/oxidadores-termicos\/oxidadores-desodorizantes\/","og_site_name":"Babcock Wanson","article_modified_time":"2020-09-03T10:37:45+00:00","og_image":[{"width":600,"height":400,"url":"https:\/\/www.babcock-wanson.com\/wp-content\/uploads\/2018\/09\/Deodorising-Oxidisers-5.jpg","type":"image\/jpeg"}],"twitter_card":"summary_large_image","twitter_misc":{"Est. reading time":"1 minuto"},"schema":{"@context":"https:\/\/schema.org","@graph":[{"@type":"WebPage","@id":"https:\/\/www.babcock-wanson.com\/es\/productos\/oxidadores-termicos\/oxidadores-desodorizantes\/","url":"https:\/\/www.babcock-wanson.com\/es\/productos\/oxidadores-termicos\/oxidadores-desodorizantes\/","name":"Oxidadores desodorizantes - Babcock Wanson","isPartOf":{"@id":"https:\/\/www.babcock-wanson.com\/es\/#website"},"primaryImageOfPage":{"@id":"https:\/\/www.babcock-wanson.com\/es\/productos\/oxidadores-termicos\/oxidadores-desodorizantes\/#primaryimage"},"image":{"@id":"https:\/\/www.babcock-wanson.com\/es\/productos\/oxidadores-termicos\/oxidadores-desodorizantes\/#primaryimage"},"thumbnailUrl":"https:\/\/www.babcock-wanson.com\/wp-content\/uploads\/2018\/09\/Deodorising-Oxidisers-5.jpg","datePublished":"2018-09-19T11:36:08+00:00","dateModified":"2020-09-03T10:37:45+00:00","description":"Los oxidadores desodorizantes Babcock Wanson son conocidos en todo el mundo como la mejor tecnolog\u00eda disponible para reducir los olores.","breadcrumb":{"@id":"https:\/\/www.babcock-wanson.com\/es\/productos\/oxidadores-termicos\/oxidadores-desodorizantes\/#breadcrumb"},"inLanguage":"es","potentialAction":[{"@type":"ReadAction","target":["https:\/\/www.babcock-wanson.com\/es\/productos\/oxidadores-termicos\/oxidadores-desodorizantes\/"]}]},{"@type":"ImageObject","inLanguage":"es","@id":"https:\/\/www.babcock-wanson.com\/es\/productos\/oxidadores-termicos\/oxidadores-desodorizantes\/#primaryimage","url":"https:\/\/www.babcock-wanson.com\/wp-content\/uploads\/2018\/09\/Deodorising-Oxidisers-5.jpg","contentUrl":"https:\/\/www.babcock-wanson.com\/wp-content\/uploads\/2018\/09\/Deodorising-Oxidisers-5.jpg","width":600,"height":400},{"@type":"BreadcrumbList","@id":"https:\/\/www.babcock-wanson.com\/es\/productos\/oxidadores-termicos\/oxidadores-desodorizantes\/#breadcrumb","itemListElement":[{"@type":"ListItem","position":1,"name":"Inicio","item":"https:\/\/www.babcock-wanson.com\/es\/"},{"@type":"ListItem","position":2,"name":"Productos","item":"https:\/\/www.babcock-wanson.com\/es\/shop\/"},{"@type":"ListItem","position":3,"name":"Oxidadores t\u00e9rmicos","item":"https:\/\/www.babcock-wanson.com\/es\/categoria-producto\/oxidadores-termicos\/"},{"@type":"ListItem","position":4,"name":"Oxidadores desodorizantes"}]},{"@type":"WebSite","@id":"https:\/\/www.babcock-wanson.com\/es\/#website","url":"https:\/\/www.babcock-wanson.com\/es\/","name":"Babcock Wanson","description":"","publisher":{"@id":"https:\/\/www.babcock-wanson.com\/es\/#organization"},"potentialAction":[{"@type":"SearchAction","target":{"@type":"EntryPoint","urlTemplate":"https:\/\/www.babcock-wanson.com\/es\/?s={search_term_string}"},"query-input":{"@type":"PropertyValueSpecification","valueRequired":true,"valueName":"search_term_string"}}],"inLanguage":"es"},{"@type":"Organization","@id":"https:\/\/www.babcock-wanson.com\/es\/#organization","name":"Babcock Wanson","url":"https:\/\/www.babcock-wanson.com\/es\/","logo":{"@type":"ImageObject","inLanguage":"es","@id":"https:\/\/www.babcock-wanson.com\/es\/#\/schema\/logo\/image\/","url":"https:\/\/www.babcock-wanson.com\/wp-content\/uploads\/2024\/02\/Babcock-Wanson-1200x1200-1.png","contentUrl":"https:\/\/www.babcock-wanson.com\/wp-content\/uploads\/2024\/02\/Babcock-Wanson-1200x1200-1.png","width":1200,"height":1200,"caption":"Babcock Wanson"},"image":{"@id":"https:\/\/www.babcock-wanson.com\/es\/#\/schema\/logo\/image\/"},"sameAs":["https:\/\/www.linkedin.com\/company\/babcock-wanson\/","https:\/\/www.youtube.com\/channel\/UCtxl25VieBBsP2kYmtlyv7A"]}]}},"jetpack_sharing_enabled":true,"_links":{"self":[{"href":"https:\/\/www.babcock-wanson.com\/es\/wp-json\/wp\/v2\/product\/33950","targetHints":{"allow":["GET"]}}],"collection":[{"href":"https:\/\/www.babcock-wanson.com\/es\/wp-json\/wp\/v2\/product"}],"about":[{"href":"https:\/\/www.babcock-wanson.com\/es\/wp-json\/wp\/v2\/types\/product"}],"replies":[{"embeddable":true,"href":"https:\/\/www.babcock-wanson.com\/es\/wp-json\/wp\/v2\/comments?post=33950"}],"wp:featuredmedia":[{"embeddable":true,"href":"https:\/\/www.babcock-wanson.com\/es\/wp-json\/wp\/v2\/media\/33957"}],"wp:attachment":[{"href":"https:\/\/www.babcock-wanson.com\/es\/wp-json\/wp\/v2\/media?parent=33950"}],"wp:term":[{"taxonomy":"product_brand","embeddable":true,"href":"https:\/\/www.babcock-wanson.com\/es\/wp-json\/wp\/v2\/product_brand?post=33950"},{"taxonomy":"product_cat","embeddable":true,"href":"https:\/\/www.babcock-wanson.com\/es\/wp-json\/wp\/v2\/product_cat?post=33950"},{"taxonomy":"product_tag","embeddable":true,"href":"https:\/\/www.babcock-wanson.com\/es\/wp-json\/wp\/v2\/product_tag?post=33950"}],"curies":[{"name":"wp","href":"https:\/\/api.w.org\/{rel}","templated":true}]}}