{"id":33958,"date":"2018-09-19T12:36:12","date_gmt":"2018-09-19T11:36:12","guid":{"rendered":"https:\/\/www.babcock-wanson.com\/products\/sin%20categor\u00eda\/regenerative-oxidisers\/"},"modified":"2022-01-14T00:01:54","modified_gmt":"2022-01-14T00:01:54","slug":"oxidadores-regenerativos","status":"publish","type":"product","link":"https:\/\/www.babcock-wanson.com\/es\/productos\/oxidadores-termicos\/oxidadores-regenerativos\/","title":{"rendered":"Oxidadores regenerativos"},"content":{"rendered":"<div class=\"vgblk-rw-wrapper limit-wrapper\">\r\n<h3>Principio de funcionamiento<\/h3>\r\n<p>El aire cargado de COV procedente del proceso se introduce en el oxidador con ayuda de un ventilador de transferencia de efluentes de velocidad variable controlada. El efluente se calienta en la torre de entrada, atraviesa la c\u00e1mara de combusti\u00f3n y se enfr\u00eda en la torre de salida, donde cada uno de los componentes contiene un material cer\u00e1mico espec\u00edfico.<\/p>\r\n<p>Para lograr la mejor oxidaci\u00f3n t\u00e9rmica posible de los COV, deben cumplirse las condiciones siguientes:<\/p>\r\n<ul>\r\n<li>Temperatura de funcionamiento de entre 750 y 950\u00a0\u00b0C.<\/li>\r\n<li>Tiempo de permanencia del efluente en la c\u00e1mara de combusti\u00f3n de entre 0,6 y 1\u00a0segundo.<\/li>\r\n<li>Turbulencia adecuada para una mezcla eficaz de efluente y ox\u00edgeno.<\/li>\r\n<\/ul>\r\n<p>Una planta de oxidaci\u00f3n t\u00e9rmica regenerativa suele estar formada por:<\/p>\r\n<ul>\r\n<li>un ventilador de transferencia de efluentes con sistema de control autom\u00e1tico;<\/li>\r\n<li>torres de almacenamiento de calor con material cer\u00e1mico en su interior (2, 3 o 5 torres, en funci\u00f3n de los criterios de funcionamiento);<\/li>\r\n<li>un sistema de v\u00e1lvulas autom\u00e1ticas para la distribuci\u00f3n del efluente por las torres (dise\u00f1ado y fabricado por Babcock\u00a0Wanson);<\/li>\r\n<li>una c\u00e1mara de combusti\u00f3n con uno o varios quemadores de gas\/fuel modulados autom\u00e1ticos;<\/li>\r\n<li>un panel de control PLC y una pantalla de interfaz hombre-m\u00e1quina.<\/li>\r\n<\/ul>\r\n<h3>Ventajas de los oxidadores regenerativos<\/h3>\r\n<ul>\r\n<li>Eficacia id\u00e9ntica a la de los <a href=\"https:\/\/www.babcock-wanson.com\/es\/categoria-producto\/oxidadores-termicos\/\" target=\"_blank\" rel=\"noopener\">oxidadores t\u00e9rmicos<\/a> recuperativos, aunque con unas emisiones de NOx menores.<\/li>\r\n<li>Compatibilidad con flujos de gases de escape de alto caudal con un contenido de COV bajo.<\/li>\r\n<li>Control continuo de las emisiones.<\/li>\r\n<li>Gesti\u00f3n sencilla del funcionamiento.<\/li>\r\n<li>Mantenimiento reducido.<\/li>\r\n<li>Consumo reducido de gas\/fuel: los oxidadores regenerativos pueden alcanzar condiciones autot\u00e9rmicas con concentraciones de COV muy bajas.<\/li>\r\n<li>Plantas aut\u00f3nomas que no producen residuos o calor que requiera una recuperaci\u00f3n posterior.<\/li>\r\n<li>Intervalo desde 1000 hasta 150\u00a0000\u00a0Nm\u00b3\/h.<\/li>\r\n<\/ul>\r\n<\/div><!-- .vgblk-rw-wrapper -->","protected":false},"excerpt":{"rendered":"<p>Los oxidadores regenerativos se emplean cuando no existe ning\u00fan requisito de <a href=\"https:\/\/www.babcock-wanson.com\/es\/categoria-producto\/sistema-de-recuperacion-de-calor\/\" target=\"_blank\" rel=\"noopener\">recuperaci\u00f3n de calor<\/a> o cuando la cantidad de calor que puede recuperarse es demasiado peque\u00f1a como para justificar el uso de un oxidador t\u00e9rmico recuperativo. Tambi\u00e9n son aptos para procesos que evac\u00faan vol\u00famenes elevados de gases de escape con un contenido de COV relativamente bajo.<\/p>\n","protected":false},"featured_media":32662,"comment_status":"closed","ping_status":"closed","template":"","meta":{"_acf_changed":false,"_relevanssi_hide_post":"","_relevanssi_hide_content":"","_relevanssi_pin_for_all":"","_relevanssi_pin_keywords":"","_relevanssi_unpin_keywords":"","_relevanssi_related_keywords":"","_relevanssi_related_include_ids":"","_relevanssi_related_exclude_ids":"","_relevanssi_related_no_append":"","_relevanssi_related_not_related":"","_relevanssi_related_posts":"","_relevanssi_noindex_reason":""},"product_brand":[],"product_cat":[5830],"product_tag":[],"class_list":{"0":"post-33958","1":"product","2":"type-product","3":"status-publish","4":"has-post-thumbnail","6":"product_cat-oxidadores-termicos","8":"first","9":"instock","10":"shipping-taxable","11":"product-type-simple"},"acf":[],"yoast_head":"<!-- This site is optimized with the Yoast SEO Premium plugin v27.4 (Yoast SEO v27.4) - https:\/\/yoast.com\/product\/yoast-seo-premium-wordpress\/ -->\n<title>Oxidadores regenerativos - Babcock Wanson<\/title>\n<meta name=\"description\" content=\"Los oxidadores regenerativos se emplean cuando no existe ning\u00fan requisito de recuperaci\u00f3n de calor o cuando la cantidad de calor que puede recuperarse es demasiado peque\u00f1a\" \/>\n<meta name=\"robots\" content=\"index, follow, max-snippet:-1, max-image-preview:large, max-video-preview:-1\" \/>\n<link rel=\"canonical\" href=\"https:\/\/www.babcock-wanson.com\/es\/productos\/oxidadores-termicos\/oxidadores-regenerativos\/\" \/>\n<meta property=\"og:locale\" content=\"es_ES\" \/>\n<meta property=\"og:type\" content=\"article\" \/>\n<meta property=\"og:title\" content=\"Oxidadores regenerativos\" \/>\n<meta property=\"og:description\" content=\"Los oxidadores regenerativos se emplean cuando no existe ning\u00fan requisito de recuperaci\u00f3n de calor o cuando la cantidad de calor que puede recuperarse es demasiado peque\u00f1a\" \/>\n<meta property=\"og:url\" content=\"https:\/\/www.babcock-wanson.com\/es\/productos\/oxidadores-termicos\/oxidadores-regenerativos\/\" \/>\n<meta property=\"og:site_name\" content=\"Babcock Wanson\" \/>\n<meta property=\"article:modified_time\" content=\"2022-01-14T00:01:54+00:00\" \/>\n<meta property=\"og:image\" content=\"https:\/\/www.babcock-wanson.com\/wp-content\/uploads\/2018\/09\/Regenerative-Oxidisers-12.jpg\" \/>\n\t<meta property=\"og:image:width\" content=\"600\" \/>\n\t<meta property=\"og:image:height\" content=\"400\" \/>\n\t<meta property=\"og:image:type\" content=\"image\/jpeg\" \/>\n<meta name=\"twitter:card\" content=\"summary_large_image\" \/>\n<meta name=\"twitter:label1\" content=\"Est. reading time\" \/>\n\t<meta name=\"twitter:data1\" content=\"2 minutos\" \/>\n<script type=\"application\/ld+json\" class=\"yoast-schema-graph\">{\"@context\":\"https:\\\/\\\/schema.org\",\"@graph\":[{\"@type\":\"WebPage\",\"@id\":\"https:\\\/\\\/www.babcock-wanson.com\\\/es\\\/productos\\\/oxidadores-termicos\\\/oxidadores-regenerativos\\\/\",\"url\":\"https:\\\/\\\/www.babcock-wanson.com\\\/es\\\/productos\\\/oxidadores-termicos\\\/oxidadores-regenerativos\\\/\",\"name\":\"Oxidadores regenerativos - Babcock Wanson\",\"isPartOf\":{\"@id\":\"https:\\\/\\\/www.babcock-wanson.com\\\/es\\\/#website\"},\"primaryImageOfPage\":{\"@id\":\"https:\\\/\\\/www.babcock-wanson.com\\\/es\\\/productos\\\/oxidadores-termicos\\\/oxidadores-regenerativos\\\/#primaryimage\"},\"image\":{\"@id\":\"https:\\\/\\\/www.babcock-wanson.com\\\/es\\\/productos\\\/oxidadores-termicos\\\/oxidadores-regenerativos\\\/#primaryimage\"},\"thumbnailUrl\":\"https:\\\/\\\/www.babcock-wanson.com\\\/wp-content\\\/uploads\\\/2018\\\/09\\\/Regenerative-Oxidisers-12.jpg\",\"datePublished\":\"2018-09-19T11:36:12+00:00\",\"dateModified\":\"2022-01-14T00:01:54+00:00\",\"description\":\"Los oxidadores regenerativos se emplean cuando no existe ning\u00fan requisito de recuperaci\u00f3n de calor o cuando la cantidad de calor que puede recuperarse es demasiado peque\u00f1a\",\"breadcrumb\":{\"@id\":\"https:\\\/\\\/www.babcock-wanson.com\\\/es\\\/productos\\\/oxidadores-termicos\\\/oxidadores-regenerativos\\\/#breadcrumb\"},\"inLanguage\":\"es\",\"potentialAction\":[{\"@type\":\"ReadAction\",\"target\":[\"https:\\\/\\\/www.babcock-wanson.com\\\/es\\\/productos\\\/oxidadores-termicos\\\/oxidadores-regenerativos\\\/\"]}]},{\"@type\":\"ImageObject\",\"inLanguage\":\"es\",\"@id\":\"https:\\\/\\\/www.babcock-wanson.com\\\/es\\\/productos\\\/oxidadores-termicos\\\/oxidadores-regenerativos\\\/#primaryimage\",\"url\":\"https:\\\/\\\/www.babcock-wanson.com\\\/wp-content\\\/uploads\\\/2018\\\/09\\\/Regenerative-Oxidisers-12.jpg\",\"contentUrl\":\"https:\\\/\\\/www.babcock-wanson.com\\\/wp-content\\\/uploads\\\/2018\\\/09\\\/Regenerative-Oxidisers-12.jpg\",\"width\":600,\"height\":400,\"caption\":\"Oxidadores regenerativos\"},{\"@type\":\"BreadcrumbList\",\"@id\":\"https:\\\/\\\/www.babcock-wanson.com\\\/es\\\/productos\\\/oxidadores-termicos\\\/oxidadores-regenerativos\\\/#breadcrumb\",\"itemListElement\":[{\"@type\":\"ListItem\",\"position\":1,\"name\":\"Inicio\",\"item\":\"https:\\\/\\\/www.babcock-wanson.com\\\/es\\\/\"},{\"@type\":\"ListItem\",\"position\":2,\"name\":\"Productos\",\"item\":\"https:\\\/\\\/www.babcock-wanson.com\\\/es\\\/shop\\\/\"},{\"@type\":\"ListItem\",\"position\":3,\"name\":\"Oxidadores t\u00e9rmicos\",\"item\":\"https:\\\/\\\/www.babcock-wanson.com\\\/es\\\/categoria-producto\\\/oxidadores-termicos\\\/\"},{\"@type\":\"ListItem\",\"position\":4,\"name\":\"Oxidadores regenerativos\"}]},{\"@type\":\"WebSite\",\"@id\":\"https:\\\/\\\/www.babcock-wanson.com\\\/es\\\/#website\",\"url\":\"https:\\\/\\\/www.babcock-wanson.com\\\/es\\\/\",\"name\":\"Babcock Wanson\",\"description\":\"\",\"publisher\":{\"@id\":\"https:\\\/\\\/www.babcock-wanson.com\\\/es\\\/#organization\"},\"potentialAction\":[{\"@type\":\"SearchAction\",\"target\":{\"@type\":\"EntryPoint\",\"urlTemplate\":\"https:\\\/\\\/www.babcock-wanson.com\\\/es\\\/?s={search_term_string}\"},\"query-input\":{\"@type\":\"PropertyValueSpecification\",\"valueRequired\":true,\"valueName\":\"search_term_string\"}}],\"inLanguage\":\"es\"},{\"@type\":\"Organization\",\"@id\":\"https:\\\/\\\/www.babcock-wanson.com\\\/es\\\/#organization\",\"name\":\"Babcock Wanson\",\"url\":\"https:\\\/\\\/www.babcock-wanson.com\\\/es\\\/\",\"logo\":{\"@type\":\"ImageObject\",\"inLanguage\":\"es\",\"@id\":\"https:\\\/\\\/www.babcock-wanson.com\\\/es\\\/#\\\/schema\\\/logo\\\/image\\\/\",\"url\":\"https:\\\/\\\/www.babcock-wanson.com\\\/wp-content\\\/uploads\\\/2024\\\/02\\\/Babcock-Wanson-1200x1200-1.png\",\"contentUrl\":\"https:\\\/\\\/www.babcock-wanson.com\\\/wp-content\\\/uploads\\\/2024\\\/02\\\/Babcock-Wanson-1200x1200-1.png\",\"width\":1200,\"height\":1200,\"caption\":\"Babcock Wanson\"},\"image\":{\"@id\":\"https:\\\/\\\/www.babcock-wanson.com\\\/es\\\/#\\\/schema\\\/logo\\\/image\\\/\"},\"sameAs\":[\"https:\\\/\\\/www.linkedin.com\\\/company\\\/babcock-wanson\\\/\",\"https:\\\/\\\/www.youtube.com\\\/channel\\\/UCtxl25VieBBsP2kYmtlyv7A\"]}]}<\/script>\n<!-- \/ Yoast SEO Premium plugin. -->","yoast_head_json":{"title":"Oxidadores regenerativos - Babcock Wanson","description":"Los oxidadores regenerativos se emplean cuando no existe ning\u00fan requisito de recuperaci\u00f3n de calor o cuando la cantidad de calor que puede recuperarse es demasiado peque\u00f1a","robots":{"index":"index","follow":"follow","max-snippet":"max-snippet:-1","max-image-preview":"max-image-preview:large","max-video-preview":"max-video-preview:-1"},"canonical":"https:\/\/www.babcock-wanson.com\/es\/productos\/oxidadores-termicos\/oxidadores-regenerativos\/","og_locale":"es_ES","og_type":"article","og_title":"Oxidadores regenerativos","og_description":"Los oxidadores regenerativos se emplean cuando no existe ning\u00fan requisito de recuperaci\u00f3n de calor o cuando la cantidad de calor que puede recuperarse es demasiado peque\u00f1a","og_url":"https:\/\/www.babcock-wanson.com\/es\/productos\/oxidadores-termicos\/oxidadores-regenerativos\/","og_site_name":"Babcock Wanson","article_modified_time":"2022-01-14T00:01:54+00:00","og_image":[{"width":600,"height":400,"url":"https:\/\/www.babcock-wanson.com\/wp-content\/uploads\/2018\/09\/Regenerative-Oxidisers-12.jpg","type":"image\/jpeg"}],"twitter_card":"summary_large_image","twitter_misc":{"Est. reading time":"2 minutos"},"schema":{"@context":"https:\/\/schema.org","@graph":[{"@type":"WebPage","@id":"https:\/\/www.babcock-wanson.com\/es\/productos\/oxidadores-termicos\/oxidadores-regenerativos\/","url":"https:\/\/www.babcock-wanson.com\/es\/productos\/oxidadores-termicos\/oxidadores-regenerativos\/","name":"Oxidadores regenerativos - Babcock Wanson","isPartOf":{"@id":"https:\/\/www.babcock-wanson.com\/es\/#website"},"primaryImageOfPage":{"@id":"https:\/\/www.babcock-wanson.com\/es\/productos\/oxidadores-termicos\/oxidadores-regenerativos\/#primaryimage"},"image":{"@id":"https:\/\/www.babcock-wanson.com\/es\/productos\/oxidadores-termicos\/oxidadores-regenerativos\/#primaryimage"},"thumbnailUrl":"https:\/\/www.babcock-wanson.com\/wp-content\/uploads\/2018\/09\/Regenerative-Oxidisers-12.jpg","datePublished":"2018-09-19T11:36:12+00:00","dateModified":"2022-01-14T00:01:54+00:00","description":"Los oxidadores regenerativos se emplean cuando no existe ning\u00fan requisito de recuperaci\u00f3n de calor o cuando la cantidad de calor que puede recuperarse es demasiado peque\u00f1a","breadcrumb":{"@id":"https:\/\/www.babcock-wanson.com\/es\/productos\/oxidadores-termicos\/oxidadores-regenerativos\/#breadcrumb"},"inLanguage":"es","potentialAction":[{"@type":"ReadAction","target":["https:\/\/www.babcock-wanson.com\/es\/productos\/oxidadores-termicos\/oxidadores-regenerativos\/"]}]},{"@type":"ImageObject","inLanguage":"es","@id":"https:\/\/www.babcock-wanson.com\/es\/productos\/oxidadores-termicos\/oxidadores-regenerativos\/#primaryimage","url":"https:\/\/www.babcock-wanson.com\/wp-content\/uploads\/2018\/09\/Regenerative-Oxidisers-12.jpg","contentUrl":"https:\/\/www.babcock-wanson.com\/wp-content\/uploads\/2018\/09\/Regenerative-Oxidisers-12.jpg","width":600,"height":400,"caption":"Oxidadores regenerativos"},{"@type":"BreadcrumbList","@id":"https:\/\/www.babcock-wanson.com\/es\/productos\/oxidadores-termicos\/oxidadores-regenerativos\/#breadcrumb","itemListElement":[{"@type":"ListItem","position":1,"name":"Inicio","item":"https:\/\/www.babcock-wanson.com\/es\/"},{"@type":"ListItem","position":2,"name":"Productos","item":"https:\/\/www.babcock-wanson.com\/es\/shop\/"},{"@type":"ListItem","position":3,"name":"Oxidadores t\u00e9rmicos","item":"https:\/\/www.babcock-wanson.com\/es\/categoria-producto\/oxidadores-termicos\/"},{"@type":"ListItem","position":4,"name":"Oxidadores regenerativos"}]},{"@type":"WebSite","@id":"https:\/\/www.babcock-wanson.com\/es\/#website","url":"https:\/\/www.babcock-wanson.com\/es\/","name":"Babcock Wanson","description":"","publisher":{"@id":"https:\/\/www.babcock-wanson.com\/es\/#organization"},"potentialAction":[{"@type":"SearchAction","target":{"@type":"EntryPoint","urlTemplate":"https:\/\/www.babcock-wanson.com\/es\/?s={search_term_string}"},"query-input":{"@type":"PropertyValueSpecification","valueRequired":true,"valueName":"search_term_string"}}],"inLanguage":"es"},{"@type":"Organization","@id":"https:\/\/www.babcock-wanson.com\/es\/#organization","name":"Babcock Wanson","url":"https:\/\/www.babcock-wanson.com\/es\/","logo":{"@type":"ImageObject","inLanguage":"es","@id":"https:\/\/www.babcock-wanson.com\/es\/#\/schema\/logo\/image\/","url":"https:\/\/www.babcock-wanson.com\/wp-content\/uploads\/2024\/02\/Babcock-Wanson-1200x1200-1.png","contentUrl":"https:\/\/www.babcock-wanson.com\/wp-content\/uploads\/2024\/02\/Babcock-Wanson-1200x1200-1.png","width":1200,"height":1200,"caption":"Babcock Wanson"},"image":{"@id":"https:\/\/www.babcock-wanson.com\/es\/#\/schema\/logo\/image\/"},"sameAs":["https:\/\/www.linkedin.com\/company\/babcock-wanson\/","https:\/\/www.youtube.com\/channel\/UCtxl25VieBBsP2kYmtlyv7A"]}]}},"jetpack_sharing_enabled":true,"_links":{"self":[{"href":"https:\/\/www.babcock-wanson.com\/es\/wp-json\/wp\/v2\/product\/33958","targetHints":{"allow":["GET"]}}],"collection":[{"href":"https:\/\/www.babcock-wanson.com\/es\/wp-json\/wp\/v2\/product"}],"about":[{"href":"https:\/\/www.babcock-wanson.com\/es\/wp-json\/wp\/v2\/types\/product"}],"replies":[{"embeddable":true,"href":"https:\/\/www.babcock-wanson.com\/es\/wp-json\/wp\/v2\/comments?post=33958"}],"wp:featuredmedia":[{"embeddable":true,"href":"https:\/\/www.babcock-wanson.com\/es\/wp-json\/wp\/v2\/media\/32662"}],"wp:attachment":[{"href":"https:\/\/www.babcock-wanson.com\/es\/wp-json\/wp\/v2\/media?parent=33958"}],"wp:term":[{"taxonomy":"product_brand","embeddable":true,"href":"https:\/\/www.babcock-wanson.com\/es\/wp-json\/wp\/v2\/product_brand?post=33958"},{"taxonomy":"product_cat","embeddable":true,"href":"https:\/\/www.babcock-wanson.com\/es\/wp-json\/wp\/v2\/product_cat?post=33958"},{"taxonomy":"product_tag","embeddable":true,"href":"https:\/\/www.babcock-wanson.com\/es\/wp-json\/wp\/v2\/product_tag?post=33958"}],"curies":[{"name":"wp","href":"https:\/\/api.w.org\/{rel}","templated":true}]}}