{"id":40978,"date":"2021-11-18T16:02:43","date_gmt":"2021-11-18T16:02:43","guid":{"rendered":"https:\/\/www.babcock-wanson.com\/products\/sin%20categor\u00eda\/e-pack\/"},"modified":"2024-04-16T14:46:05","modified_gmt":"2024-04-16T13:46:05","slug":"e-pack","status":"publish","type":"product","link":"https:\/\/www.babcock-wanson.com\/es\/productos\/calderas-electricas-industriales\/e-pack\/","title":{"rendered":"e-Pack"},"content":{"rendered":"<div class=\"vgblk-rw-wrapper limit-wrapper\">\n<h2>Respetuoso con el medio ambiente<\/h2>\n<p><strong>La caldera industrial el\u00e9ctrica e-Pack ofrece muchas ventajas medioambientales y de funcionamiento:<\/strong><br \/>\nNo consume ning\u00fan combustible f\u00f3sil y, por tanto, no emite ning\u00fan efluente gaseoso a la atm\u00f3sfera. Desde este punto de vista, la instalaci\u00f3n es muy sencilla: no se requieren chimeneas, redes de suministro de combustible o tanques de almacenamiento. Adem\u00e1s, no es necesario un control peri\u00f3dico de las emisiones atmosf\u00e9ricas.<\/p>\n<p>Se pueden alcanzar rendimientos cercanos al 100%, ya que toda la energ\u00eda el\u00e9ctrica entrante se convierte en energ\u00eda t\u00e9rmica (s\u00f3lo hay que deducir las peque\u00f1as p\u00e9rdidas de calor a trav\u00e9s de las superficies).<\/p>\n<p>El control preciso de la presi\u00f3n con m\u00faltiples etapas de potencia permite a la caldera reaccionar r\u00e1pidamente a los cambios de carga. Esto permite realizar arranques r\u00e1pidos para absorber la energ\u00eda disponible de la red cuando sea necesario..<\/p>\n<h2>Construcci\u00f3n robusta para una mayor vida \u00fatil<\/h2>\n<p>Las calderas e-Pack constan de un cuerpo de acero con calentadores de inmersi\u00f3n de acero inoxidable, que ofrecen numerosas ventajas en t\u00e9rminos de rendimiento, implementaci\u00f3n y tambi\u00e9n para las operaciones de mantenimiento peri\u00f3dico. Est\u00e1n dise\u00f1adas para permitir una r\u00e1pida puesta en marcha y una r\u00e1pida producci\u00f3n de vapor, al tiempo que protegen los calentadores de inmersi\u00f3n de tensiones excesivas.<\/p>\n<h2>Explotaci\u00f3n econ\u00f3mica<\/h2>\n<p>El control y la instrumentaci\u00f3n permiten modos de <a href=\"https:\/\/www.babcock-wanson.com\/es\/recursos\/reglamentaciones\/modo-de-funcionamiento\/\" target=\"_blank\" rel=\"noopener\">funcionamiento exclusivos de Babcock Wanson<\/a> que se adaptan a las limitaciones de todos los procesos industriales. La caldera se entrega con el sistema de funcionamiento <a href=\"https:\/\/www.babcock-wanson.com\/2023\/02\/09\/navinergy-the-connected-boiler-room\/\" target=\"_blank\" rel=\"noopener\">Navinergy<\/a>, que permite la supervisi\u00f3n in situ y a distancia de los par\u00e1metros de funcionamiento.<\/p>\n<h2>F\u00e1cil instalaci\u00f3n y puesta en marcha<\/h2>\n<p>La caldera se entrega lista para funcionar. S\u00f3lo es necesario conectarla a la electricidad, al agua de alimentaci\u00f3n y a los usuarios de vapor. La puesta en marcha es controlada y repetible y evita las dificultades que pueden dificultar la puesta en marcha de una caldera con quemador de un sitio a otro.<\/p>\n<h3>\u00bfPor qu\u00e9 elegir el e-Pack de Babcock Wanson?<\/h3>\n<ul>\n<li>Emisi\u00f3n cero en el lugar de producci\u00f3n (CO2 &#8211; NOx\u2013 SOx)<\/li>\n<li>Eficiencia cercana al 100%<\/li>\n<li>Altos ratios de modulaci\u00f3n<\/li>\n<li>F\u00e1cil mantenimiento<\/li>\n<li>Construcci\u00f3n robusta para una larga vida \u00fatil<\/li>\n<li>Conectividad con nuestro sistema Navinergy<\/li>\n<li>F\u00e1cil modo de funcionamiento propio<\/li>\n<li>Alta disponibilidad<\/li>\n<li>F\u00e1cil de instalar<\/li>\n<li>Costes de funcionamiento reducidos<\/li>\n<\/ul>\n<p>&nbsp;<\/p>\n<h2>Calderas industriales el\u00e9ctricas e-Pack<\/h2>\n<table style=\"height: 340px;\" width=\"1139\">\n<tbody>\n<tr>\n<th class=\"bg-primary text-white\">e-Pack<\/th>\n<th class=\"bg-primary text-white\" style=\"text-align: center;\">modelo<\/th>\n<th class=\"bg-primary text-white\" style=\"text-align: center;\">300<\/th>\n<th class=\"bg-primary text-white\" style=\"text-align: center;\">600<\/th>\n<th class=\"bg-primary text-white\" style=\"text-align: center;\">900<\/th>\n<th class=\"bg-primary text-white\" style=\"text-align: center;\">1200<\/th>\n<th class=\"bg-primary text-white\" style=\"text-align: center;\">1500<\/th>\n<th class=\"bg-primary text-white\" style=\"text-align: center;\">1800<\/th>\n<th class=\"bg-primary text-white\" style=\"text-align: center;\">2250<\/th>\n<th class=\"bg-primary text-white\" style=\"text-align: center;\">3000<\/th>\n<th class=\"bg-primary text-white\" style=\"text-align: center;\">3600<\/th>\n<th class=\"bg-primary text-white\" style=\"text-align: center;\">4200<\/th>\n<\/tr>\n<tr>\n<th>Salida de vapor (1)<\/th>\n<th style=\"text-align: center;\">kg\/h<\/th>\n<td style=\"text-align: center;\">300<\/td>\n<td style=\"text-align: center;\">600<\/td>\n<td style=\"text-align: center;\">900<\/td>\n<td style=\"text-align: center;\">1200<\/td>\n<td style=\"text-align: center;\">1500<\/td>\n<td style=\"text-align: center;\">1800<\/td>\n<td style=\"text-align: center;\">2250<\/td>\n<td style=\"text-align: center;\">3000<\/td>\n<td style=\"text-align: center;\">3600<\/td>\n<td style=\"text-align: center;\">4200<\/td>\n<\/tr>\n<tr>\n<th>Potencia de salida (1)<\/th>\n<th style=\"text-align: center;\">kW<\/th>\n<td style=\"text-align: center;\">167<\/td>\n<td style=\"text-align: center;\">400<\/td>\n<td style=\"text-align: center;\">600<\/td>\n<td style=\"text-align: center;\">800<\/td>\n<td style=\"text-align: center;\">1000<\/td>\n<td style=\"text-align: center;\">1200<\/td>\n<td style=\"text-align: center;\">1500<\/td>\n<td style=\"text-align: center;\">2000<\/td>\n<td style=\"text-align: center;\">2400<\/td>\n<td style=\"text-align: center;\">2800<\/td>\n<\/tr>\n<tr class=\"table-secondary\">\n<th class=\"bg-secondary text-white\">Anchura A (2)<\/th>\n<th class=\"bg-secondary text-white\" style=\"text-align: center;\">mm<\/th>\n<td style=\"text-align: center;\">1400<\/td>\n<td style=\"text-align: center;\">1700<\/td>\n<td style=\"text-align: center;\">1700<\/td>\n<td style=\"text-align: center;\">1700<\/td>\n<td style=\"text-align: center;\">2000<\/td>\n<td style=\"text-align: center;\">2000<\/td>\n<td style=\"text-align: center;\">2000<\/td>\n<td style=\"text-align: center;\">2400<\/td>\n<td style=\"text-align: center;\">2700<\/td>\n<td style=\"text-align: center;\">2700<\/td>\n<\/tr>\n<tr class=\"table-dark\">\n<th class=\"bg-dark text-white\">Longitud B (2)<\/th>\n<th class=\"bg-dark text-white\" style=\"text-align: center;\">mm<\/th>\n<td style=\"text-align: center;\">3700<\/td>\n<td style=\"text-align: center;\">4400<\/td>\n<td style=\"text-align: center;\">4400<\/td>\n<td style=\"text-align: center;\">4400<\/td>\n<td style=\"text-align: center;\">4500<\/td>\n<td style=\"text-align: center;\">4500<\/td>\n<td style=\"text-align: center;\">4500<\/td>\n<td style=\"text-align: center;\">5100<\/td>\n<td style=\"text-align: center;\">5100<\/td>\n<td style=\"text-align: center;\">4900<\/td>\n<\/tr>\n<tr class=\"table-primary\">\n<th class=\"bg-primary text-white\">Altura C (2)<\/th>\n<th class=\"bg-primary text-white\" style=\"text-align: center;\">mm<\/th>\n<td style=\"text-align: center;\">1800<\/td>\n<td style=\"text-align: center;\">2000<\/td>\n<td style=\"text-align: center;\">2000<\/td>\n<td style=\"text-align: center;\">2000<\/td>\n<td style=\"text-align: center;\">2300<\/td>\n<td style=\"text-align: center;\">2300<\/td>\n<td style=\"text-align: center;\">2300<\/td>\n<td style=\"text-align: center;\">2700<\/td>\n<td style=\"text-align: center;\">2700<\/td>\n<td style=\"text-align: center;\">3000<\/td>\n<\/tr>\n<tr>\n<th>Peso (en orden de marcha)<\/th>\n<th style=\"text-align: center;\">kg<\/th>\n<td style=\"text-align: center;\">2300<\/td>\n<td style=\"text-align: center;\">3800<\/td>\n<td style=\"text-align: center;\">3900<\/td>\n<td style=\"text-align: center;\">3900<\/td>\n<td style=\"text-align: center;\">5700<\/td>\n<td style=\"text-align: center;\">5700<\/td>\n<td style=\"text-align: center;\">5800<\/td>\n<td style=\"text-align: center;\">10000<\/td>\n<td style=\"text-align: center;\">10100<\/td>\n<td style=\"text-align: center;\">13500<\/td>\n<\/tr>\n<\/tbody>\n<\/table>\n<p>(1) Potencia hasta 8 barg basada en agua de alimentaci\u00f3n a 90\u00b0C<br \/>\n(2) Las dimensiones totales incluyen los soportes del calentador de inmersi\u00f3n y de la caldera<\/p>\n<p>Armario el\u00e9ctrico no incluido en la medici\u00f3n<\/p>\n<table style=\"height: 340px;\" width=\"1139\">\n<tbody>\n<tr>\n<th class=\"bg-primary text-white\">e-Pack<\/th>\n<th class=\"bg-primary text-white\" style=\"text-align: center;\">modelo<\/th>\n<th class=\"bg-primary text-white\" style=\"text-align: center;\">4800<\/th>\n<th class=\"bg-primary text-white\" style=\"text-align: center;\">5400<\/th>\n<th class=\"bg-primary text-white\" style=\"text-align: center;\">6000<\/th>\n<th class=\"bg-primary text-white\" style=\"text-align: center;\">6600<\/th>\n<th class=\"bg-primary text-white\" style=\"text-align: center;\">7200<\/th>\n<th class=\"bg-primary text-white\" style=\"text-align: center;\">7800<\/th>\n<th class=\"bg-primary text-white\" style=\"text-align: center;\">8400<\/th>\n<th class=\"bg-primary text-white\" style=\"text-align: center;\">9600<\/th>\n<th class=\"bg-primary text-white\" style=\"text-align: center;\">10800<\/th>\n<th class=\"bg-primary text-white\" style=\"text-align: center;\">12000<\/th>\n<\/tr>\n<tr>\n<th>Salida de vapor (1)<\/th>\n<th style=\"text-align: center;\">kg\/h<\/th>\n<td style=\"text-align: center;\">4800<\/td>\n<td style=\"text-align: center;\">5400<\/td>\n<td style=\"text-align: center;\">6000<\/td>\n<td style=\"text-align: center;\">6600<\/td>\n<td style=\"text-align: center;\">7200<\/td>\n<td style=\"text-align: center;\">7800<\/td>\n<td style=\"text-align: center;\">8400<\/td>\n<td style=\"text-align: center;\">9600<\/td>\n<td style=\"text-align: center;\">10800<\/td>\n<td style=\"text-align: center;\">12000<\/td>\n<\/tr>\n<tr>\n<th>Potencia de salida (1)<\/th>\n<th style=\"text-align: center;\">kW<\/th>\n<td style=\"text-align: center;\">3200<\/td>\n<td style=\"text-align: center;\">3600<\/td>\n<td style=\"text-align: center;\">4000<\/td>\n<td style=\"text-align: center;\">4400<\/td>\n<td style=\"text-align: center;\">4800<\/td>\n<td style=\"text-align: center;\">5200<\/td>\n<td style=\"text-align: center;\">5600<\/td>\n<td style=\"text-align: center;\">6400<\/td>\n<td style=\"text-align: center;\">7200<\/td>\n<td style=\"text-align: center;\">8000<\/td>\n<\/tr>\n<tr class=\"table-secondary\">\n<th class=\"bg-secondary text-white\">Anchura A (2)<\/th>\n<th class=\"bg-secondary text-white\" style=\"text-align: center;\">mm<\/th>\n<td style=\"text-align: center;\">2700<\/td>\n<td style=\"text-align: center;\">2900<\/td>\n<td style=\"text-align: center;\">2900<\/td>\n<td style=\"text-align: center;\">2400<\/td>\n<td style=\"text-align: center;\">2400<\/td>\n<td style=\"text-align: center;\">2700<\/td>\n<td style=\"text-align: center;\">2700<\/td>\n<td style=\"text-align: center;\">2700<\/td>\n<td style=\"text-align: center;\">2900<\/td>\n<td style=\"text-align: center;\">2900<\/td>\n<\/tr>\n<tr class=\"table-dark\">\n<th class=\"bg-dark text-white\">Longitud B (2)<\/th>\n<th class=\"bg-dark text-white\" style=\"text-align: center;\">mm<\/th>\n<td style=\"text-align: center;\">4900<\/td>\n<td style=\"text-align: center;\">5000<\/td>\n<td style=\"text-align: center;\">5000<\/td>\n<td style=\"text-align: center;\">7200<\/td>\n<td style=\"text-align: center;\">7200<\/td>\n<td style=\"text-align: center;\">7400<\/td>\n<td style=\"text-align: center;\">7400<\/td>\n<td style=\"text-align: center;\">7400<\/td>\n<td style=\"text-align: center;\">7500<\/td>\n<td style=\"text-align: center;\">7500<\/td>\n<\/tr>\n<tr class=\"table-primary\">\n<th class=\"bg-primary text-white\">Altura C (2)<\/th>\n<th class=\"bg-primary text-white\" style=\"text-align: center;\">mm<\/th>\n<td style=\"text-align: center;\">3000<\/td>\n<td style=\"text-align: center;\">3200<\/td>\n<td style=\"text-align: center;\">3200<\/td>\n<td style=\"text-align: center;\">2700<\/td>\n<td style=\"text-align: center;\">2700<\/td>\n<td style=\"text-align: center;\">3000<\/td>\n<td style=\"text-align: center;\">3000<\/td>\n<td style=\"text-align: center;\">3000<\/td>\n<td style=\"text-align: center;\">3200<\/td>\n<td style=\"text-align: center;\">3200<\/td>\n<\/tr>\n<tr>\n<th>Peso (en orden de marcha)<\/th>\n<th style=\"text-align: center;\">kg<\/th>\n<td style=\"text-align: center;\">13600<\/td>\n<td style=\"text-align: center;\">16000<\/td>\n<td style=\"text-align: center;\">16100<\/td>\n<td style=\"text-align: center;\">15600<\/td>\n<td style=\"text-align: center;\">15600<\/td>\n<td style=\"text-align: center;\">21500<\/td>\n<td style=\"text-align: center;\">21600<\/td>\n<td style=\"text-align: center;\">21700<\/td>\n<td style=\"text-align: center;\">25600<\/td>\n<td style=\"text-align: center;\">25800<\/td>\n<\/tr>\n<\/tbody>\n<\/table>\n<p>(1) Potencia hasta 8 barg basada en agua de alimentaci\u00f3n a 90\u00b0C<br \/>\n(2) Las dimensiones totales incluyen los soportes del calentador de inmersi\u00f3n y de la caldera<\/p>\n<p>Armario el\u00e9ctrico no incluido en la medici\u00f3n<\/p><\/div>\n<p><!-- .vgblk-rw-wrapper --><\/p>\n","protected":false},"excerpt":{"rendered":"<p><strong>Producci\u00f3n de vapor desde 3500 kg\/h hasta 8000 kg\/h<\/strong><br \/>\nBabcock-Wanson tiene m\u00e1s de 50 a\u00f1os de experiencia en el dise\u00f1o y la fabricaci\u00f3n de <a href=\"https:\/\/www.babcock-wanson.com\/es\/categoria-producto\/calderas-electricas-industriales\/\" target=\"_blank\" rel=\"noopener\">calderas el\u00e9ctricas<\/a>. Estas calderas han sido dise\u00f1adas para responder a los retos actuales de optimizaci\u00f3n energ\u00e9tica y descarbonizaci\u00f3n de nuestros clientes industriales. Los gobiernos de cada pa\u00eds est\u00e1n aplicando medidas muy ambiciosas para lograr una reducci\u00f3n masiva de los gases de efecto invernadero.<\/p>\n<p>La caldera e-Pack se ha desarrollado combinando las mejores tecnolog\u00edas disponibles para lograr el m\u00e1s alto nivel de eficiencia, fiabilidad y flexibilidad con cero emisiones en el lugar de producci\u00f3n.<\/p>\n","protected":false},"featured_media":33760,"comment_status":"closed","ping_status":"closed","template":"","meta":{"_acf_changed":false,"_relevanssi_hide_post":"","_relevanssi_hide_content":"","_relevanssi_pin_for_all":"","_relevanssi_pin_keywords":"","_relevanssi_unpin_keywords":"","_relevanssi_related_keywords":"","_relevanssi_related_include_ids":"","_relevanssi_related_exclude_ids":"","_relevanssi_related_no_append":"","_relevanssi_related_not_related":"","_relevanssi_related_posts":"","_relevanssi_noindex_reason":""},"product_brand":[],"product_cat":[5823],"product_tag":[],"class_list":{"0":"post-40978","1":"product","2":"type-product","3":"status-publish","4":"has-post-thumbnail","6":"product_cat-calderas-electricas-industriales","8":"first","9":"instock","10":"shipping-taxable","11":"product-type-simple"},"acf":[],"yoast_head":"<!-- This site is optimized with the Yoast SEO Premium plugin v27.4 (Yoast SEO v27.4) - https:\/\/yoast.com\/product\/yoast-seo-premium-wordpress\/ -->\n<title>e-Pack - Babcock Wanson<\/title>\n<meta name=\"description\" content=\"La caldera industrial el\u00e9ctrica e-Pack se ha desarrollado para lograr el m\u00e1s alto nivel de eficiencia con cero emisiones en el lugar de producci\u00f3n.\" \/>\n<meta name=\"robots\" content=\"index, follow, max-snippet:-1, max-image-preview:large, max-video-preview:-1\" \/>\n<link rel=\"canonical\" href=\"https:\/\/www.babcock-wanson.com\/es\/productos\/calderas-electricas-industriales\/e-pack\/\" \/>\n<meta property=\"og:locale\" content=\"es_ES\" \/>\n<meta property=\"og:type\" content=\"article\" \/>\n<meta property=\"og:title\" content=\"e-Pack\" \/>\n<meta property=\"og:description\" content=\"La caldera industrial el\u00e9ctrica e-Pack se ha desarrollado para lograr el m\u00e1s alto nivel de eficiencia con cero emisiones en el lugar de producci\u00f3n.\" \/>\n<meta property=\"og:url\" content=\"https:\/\/www.babcock-wanson.com\/es\/productos\/calderas-electricas-industriales\/e-pack\/\" \/>\n<meta property=\"og:site_name\" content=\"Babcock Wanson\" \/>\n<meta property=\"article:modified_time\" content=\"2024-04-16T13:46:05+00:00\" \/>\n<meta property=\"og:image\" content=\"https:\/\/www.babcock-wanson.com\/wp-content\/uploads\/2018\/11\/VAP-EL-Electric-Boiler-3.jpg\" \/>\n\t<meta property=\"og:image:width\" content=\"600\" \/>\n\t<meta property=\"og:image:height\" content=\"400\" \/>\n\t<meta property=\"og:image:type\" content=\"image\/jpeg\" \/>\n<meta name=\"twitter:card\" content=\"summary_large_image\" \/>\n<meta name=\"twitter:label1\" content=\"Est. reading time\" \/>\n\t<meta name=\"twitter:data1\" content=\"4 minutos\" \/>\n<script type=\"application\/ld+json\" class=\"yoast-schema-graph\">{\"@context\":\"https:\\\/\\\/schema.org\",\"@graph\":[{\"@type\":\"WebPage\",\"@id\":\"https:\\\/\\\/www.babcock-wanson.com\\\/es\\\/productos\\\/calderas-electricas-industriales\\\/e-pack\\\/\",\"url\":\"https:\\\/\\\/www.babcock-wanson.com\\\/es\\\/productos\\\/calderas-electricas-industriales\\\/e-pack\\\/\",\"name\":\"e-Pack - Babcock Wanson\",\"isPartOf\":{\"@id\":\"https:\\\/\\\/www.babcock-wanson.com\\\/es\\\/#website\"},\"primaryImageOfPage\":{\"@id\":\"https:\\\/\\\/www.babcock-wanson.com\\\/es\\\/productos\\\/calderas-electricas-industriales\\\/e-pack\\\/#primaryimage\"},\"image\":{\"@id\":\"https:\\\/\\\/www.babcock-wanson.com\\\/es\\\/productos\\\/calderas-electricas-industriales\\\/e-pack\\\/#primaryimage\"},\"thumbnailUrl\":\"https:\\\/\\\/www.babcock-wanson.com\\\/wp-content\\\/uploads\\\/2018\\\/11\\\/VAP-EL-Electric-Boiler-3.jpg\",\"datePublished\":\"2021-11-18T16:02:43+00:00\",\"dateModified\":\"2024-04-16T13:46:05+00:00\",\"description\":\"La caldera industrial el\u00e9ctrica e-Pack se ha desarrollado para lograr el m\u00e1s alto nivel de eficiencia con cero emisiones en el lugar de producci\u00f3n.\",\"breadcrumb\":{\"@id\":\"https:\\\/\\\/www.babcock-wanson.com\\\/es\\\/productos\\\/calderas-electricas-industriales\\\/e-pack\\\/#breadcrumb\"},\"inLanguage\":\"es\",\"potentialAction\":[{\"@type\":\"ReadAction\",\"target\":[\"https:\\\/\\\/www.babcock-wanson.com\\\/es\\\/productos\\\/calderas-electricas-industriales\\\/e-pack\\\/\"]}]},{\"@type\":\"ImageObject\",\"inLanguage\":\"es\",\"@id\":\"https:\\\/\\\/www.babcock-wanson.com\\\/es\\\/productos\\\/calderas-electricas-industriales\\\/e-pack\\\/#primaryimage\",\"url\":\"https:\\\/\\\/www.babcock-wanson.com\\\/wp-content\\\/uploads\\\/2018\\\/11\\\/VAP-EL-Electric-Boiler-3.jpg\",\"contentUrl\":\"https:\\\/\\\/www.babcock-wanson.com\\\/wp-content\\\/uploads\\\/2018\\\/11\\\/VAP-EL-Electric-Boiler-3.jpg\",\"width\":600,\"height\":400},{\"@type\":\"BreadcrumbList\",\"@id\":\"https:\\\/\\\/www.babcock-wanson.com\\\/es\\\/productos\\\/calderas-electricas-industriales\\\/e-pack\\\/#breadcrumb\",\"itemListElement\":[{\"@type\":\"ListItem\",\"position\":1,\"name\":\"Inicio\",\"item\":\"https:\\\/\\\/www.babcock-wanson.com\\\/es\\\/\"},{\"@type\":\"ListItem\",\"position\":2,\"name\":\"Productos\",\"item\":\"https:\\\/\\\/www.babcock-wanson.com\\\/es\\\/shop\\\/\"},{\"@type\":\"ListItem\",\"position\":3,\"name\":\"Calderas el\u00e9ctricas industriales\",\"item\":\"https:\\\/\\\/www.babcock-wanson.com\\\/es\\\/categoria-producto\\\/calderas-electricas-industriales\\\/\"},{\"@type\":\"ListItem\",\"position\":4,\"name\":\"e-Pack\"}]},{\"@type\":\"WebSite\",\"@id\":\"https:\\\/\\\/www.babcock-wanson.com\\\/es\\\/#website\",\"url\":\"https:\\\/\\\/www.babcock-wanson.com\\\/es\\\/\",\"name\":\"Babcock Wanson\",\"description\":\"\",\"publisher\":{\"@id\":\"https:\\\/\\\/www.babcock-wanson.com\\\/es\\\/#organization\"},\"potentialAction\":[{\"@type\":\"SearchAction\",\"target\":{\"@type\":\"EntryPoint\",\"urlTemplate\":\"https:\\\/\\\/www.babcock-wanson.com\\\/es\\\/?s={search_term_string}\"},\"query-input\":{\"@type\":\"PropertyValueSpecification\",\"valueRequired\":true,\"valueName\":\"search_term_string\"}}],\"inLanguage\":\"es\"},{\"@type\":\"Organization\",\"@id\":\"https:\\\/\\\/www.babcock-wanson.com\\\/es\\\/#organization\",\"name\":\"Babcock Wanson\",\"url\":\"https:\\\/\\\/www.babcock-wanson.com\\\/es\\\/\",\"logo\":{\"@type\":\"ImageObject\",\"inLanguage\":\"es\",\"@id\":\"https:\\\/\\\/www.babcock-wanson.com\\\/es\\\/#\\\/schema\\\/logo\\\/image\\\/\",\"url\":\"https:\\\/\\\/www.babcock-wanson.com\\\/wp-content\\\/uploads\\\/2024\\\/02\\\/Babcock-Wanson-1200x1200-1.png\",\"contentUrl\":\"https:\\\/\\\/www.babcock-wanson.com\\\/wp-content\\\/uploads\\\/2024\\\/02\\\/Babcock-Wanson-1200x1200-1.png\",\"width\":1200,\"height\":1200,\"caption\":\"Babcock Wanson\"},\"image\":{\"@id\":\"https:\\\/\\\/www.babcock-wanson.com\\\/es\\\/#\\\/schema\\\/logo\\\/image\\\/\"},\"sameAs\":[\"https:\\\/\\\/www.linkedin.com\\\/company\\\/babcock-wanson\\\/\",\"https:\\\/\\\/www.youtube.com\\\/channel\\\/UCtxl25VieBBsP2kYmtlyv7A\"]}]}<\/script>\n<!-- \/ Yoast SEO Premium plugin. -->","yoast_head_json":{"title":"e-Pack - Babcock Wanson","description":"La caldera industrial el\u00e9ctrica e-Pack se ha desarrollado para lograr el m\u00e1s alto nivel de eficiencia con cero emisiones en el lugar de producci\u00f3n.","robots":{"index":"index","follow":"follow","max-snippet":"max-snippet:-1","max-image-preview":"max-image-preview:large","max-video-preview":"max-video-preview:-1"},"canonical":"https:\/\/www.babcock-wanson.com\/es\/productos\/calderas-electricas-industriales\/e-pack\/","og_locale":"es_ES","og_type":"article","og_title":"e-Pack","og_description":"La caldera industrial el\u00e9ctrica e-Pack se ha desarrollado para lograr el m\u00e1s alto nivel de eficiencia con cero emisiones en el lugar de producci\u00f3n.","og_url":"https:\/\/www.babcock-wanson.com\/es\/productos\/calderas-electricas-industriales\/e-pack\/","og_site_name":"Babcock Wanson","article_modified_time":"2024-04-16T13:46:05+00:00","og_image":[{"width":600,"height":400,"url":"https:\/\/www.babcock-wanson.com\/wp-content\/uploads\/2018\/11\/VAP-EL-Electric-Boiler-3.jpg","type":"image\/jpeg"}],"twitter_card":"summary_large_image","twitter_misc":{"Est. reading time":"4 minutos"},"schema":{"@context":"https:\/\/schema.org","@graph":[{"@type":"WebPage","@id":"https:\/\/www.babcock-wanson.com\/es\/productos\/calderas-electricas-industriales\/e-pack\/","url":"https:\/\/www.babcock-wanson.com\/es\/productos\/calderas-electricas-industriales\/e-pack\/","name":"e-Pack - Babcock Wanson","isPartOf":{"@id":"https:\/\/www.babcock-wanson.com\/es\/#website"},"primaryImageOfPage":{"@id":"https:\/\/www.babcock-wanson.com\/es\/productos\/calderas-electricas-industriales\/e-pack\/#primaryimage"},"image":{"@id":"https:\/\/www.babcock-wanson.com\/es\/productos\/calderas-electricas-industriales\/e-pack\/#primaryimage"},"thumbnailUrl":"https:\/\/www.babcock-wanson.com\/wp-content\/uploads\/2018\/11\/VAP-EL-Electric-Boiler-3.jpg","datePublished":"2021-11-18T16:02:43+00:00","dateModified":"2024-04-16T13:46:05+00:00","description":"La caldera industrial el\u00e9ctrica e-Pack se ha desarrollado para lograr el m\u00e1s alto nivel de eficiencia con cero emisiones en el lugar de producci\u00f3n.","breadcrumb":{"@id":"https:\/\/www.babcock-wanson.com\/es\/productos\/calderas-electricas-industriales\/e-pack\/#breadcrumb"},"inLanguage":"es","potentialAction":[{"@type":"ReadAction","target":["https:\/\/www.babcock-wanson.com\/es\/productos\/calderas-electricas-industriales\/e-pack\/"]}]},{"@type":"ImageObject","inLanguage":"es","@id":"https:\/\/www.babcock-wanson.com\/es\/productos\/calderas-electricas-industriales\/e-pack\/#primaryimage","url":"https:\/\/www.babcock-wanson.com\/wp-content\/uploads\/2018\/11\/VAP-EL-Electric-Boiler-3.jpg","contentUrl":"https:\/\/www.babcock-wanson.com\/wp-content\/uploads\/2018\/11\/VAP-EL-Electric-Boiler-3.jpg","width":600,"height":400},{"@type":"BreadcrumbList","@id":"https:\/\/www.babcock-wanson.com\/es\/productos\/calderas-electricas-industriales\/e-pack\/#breadcrumb","itemListElement":[{"@type":"ListItem","position":1,"name":"Inicio","item":"https:\/\/www.babcock-wanson.com\/es\/"},{"@type":"ListItem","position":2,"name":"Productos","item":"https:\/\/www.babcock-wanson.com\/es\/shop\/"},{"@type":"ListItem","position":3,"name":"Calderas el\u00e9ctricas industriales","item":"https:\/\/www.babcock-wanson.com\/es\/categoria-producto\/calderas-electricas-industriales\/"},{"@type":"ListItem","position":4,"name":"e-Pack"}]},{"@type":"WebSite","@id":"https:\/\/www.babcock-wanson.com\/es\/#website","url":"https:\/\/www.babcock-wanson.com\/es\/","name":"Babcock Wanson","description":"","publisher":{"@id":"https:\/\/www.babcock-wanson.com\/es\/#organization"},"potentialAction":[{"@type":"SearchAction","target":{"@type":"EntryPoint","urlTemplate":"https:\/\/www.babcock-wanson.com\/es\/?s={search_term_string}"},"query-input":{"@type":"PropertyValueSpecification","valueRequired":true,"valueName":"search_term_string"}}],"inLanguage":"es"},{"@type":"Organization","@id":"https:\/\/www.babcock-wanson.com\/es\/#organization","name":"Babcock Wanson","url":"https:\/\/www.babcock-wanson.com\/es\/","logo":{"@type":"ImageObject","inLanguage":"es","@id":"https:\/\/www.babcock-wanson.com\/es\/#\/schema\/logo\/image\/","url":"https:\/\/www.babcock-wanson.com\/wp-content\/uploads\/2024\/02\/Babcock-Wanson-1200x1200-1.png","contentUrl":"https:\/\/www.babcock-wanson.com\/wp-content\/uploads\/2024\/02\/Babcock-Wanson-1200x1200-1.png","width":1200,"height":1200,"caption":"Babcock Wanson"},"image":{"@id":"https:\/\/www.babcock-wanson.com\/es\/#\/schema\/logo\/image\/"},"sameAs":["https:\/\/www.linkedin.com\/company\/babcock-wanson\/","https:\/\/www.youtube.com\/channel\/UCtxl25VieBBsP2kYmtlyv7A"]}]}},"jetpack_sharing_enabled":true,"_links":{"self":[{"href":"https:\/\/www.babcock-wanson.com\/es\/wp-json\/wp\/v2\/product\/40978","targetHints":{"allow":["GET"]}}],"collection":[{"href":"https:\/\/www.babcock-wanson.com\/es\/wp-json\/wp\/v2\/product"}],"about":[{"href":"https:\/\/www.babcock-wanson.com\/es\/wp-json\/wp\/v2\/types\/product"}],"replies":[{"embeddable":true,"href":"https:\/\/www.babcock-wanson.com\/es\/wp-json\/wp\/v2\/comments?post=40978"}],"wp:featuredmedia":[{"embeddable":true,"href":"https:\/\/www.babcock-wanson.com\/es\/wp-json\/wp\/v2\/media\/33760"}],"wp:attachment":[{"href":"https:\/\/www.babcock-wanson.com\/es\/wp-json\/wp\/v2\/media?parent=40978"}],"wp:term":[{"taxonomy":"product_brand","embeddable":true,"href":"https:\/\/www.babcock-wanson.com\/es\/wp-json\/wp\/v2\/product_brand?post=40978"},{"taxonomy":"product_cat","embeddable":true,"href":"https:\/\/www.babcock-wanson.com\/es\/wp-json\/wp\/v2\/product_cat?post=40978"},{"taxonomy":"product_tag","embeddable":true,"href":"https:\/\/www.babcock-wanson.com\/es\/wp-json\/wp\/v2\/product_tag?post=40978"}],"curies":[{"name":"wp","href":"https:\/\/api.w.org\/{rel}","templated":true}]}}