{"id":48144,"date":"2023-10-06T16:39:37","date_gmt":"2024-04-28T21:35:17","guid":{"rendered":"https:\/\/www.babcock-wanson.com\/?post_type=product&#038;p=48144"},"modified":"2024-05-24T14:11:21","modified_gmt":"2024-05-24T13:11:21","slug":"powerpack","status":"publish","type":"product","link":"https:\/\/www.babcock-wanson.com\/es\/productos\/calderas-de-vapor-pirotubulares\/powerpack\/","title":{"rendered":"PowerPack"},"content":{"rendered":"<div class=\"vgblk-rw-wrapper limit-wrapper\">\n<h2>Respetuoso con el medio ambiente<\/h2>\n<p>La caldera PowerPack de Babcock Wanson combina la mejor tecnolog\u00eda disponible en el dise\u00f1o de calderas con una eficiencia muy alta, lo que resulta en bajos costos de operaci\u00f3n y en la reducci\u00f3n de las emisiones. La caldera est\u00e1 dise\u00f1ada para cumplir la \u00faltima legislaci\u00f3n medioambiental europea en cuanto a emisi\u00f3n de contaminantes y puede incluso superar los requisitos de la normativa cuando est\u00e1 equipada con el equipo de combusti\u00f3n Babcock Wanson.<\/p>\n<h2>Bajo consumo<\/h2>\n<p><strong>Eficiencia \u00f3ptima<\/strong><br \/>\nLa perfecta asociaci\u00f3n entre el cuerpo de la caldera y el quemador asegura un funcionamiento fiable y eficiente. En combinaci\u00f3n con un <a href=\"https:\/\/www.babcock-wanson.com\/es\/categoria-producto\/sistemas-de-recuperacion-de-calor\/\" target=\"_blank\" rel=\"noopener\">sistema de recuperaci\u00f3n de calor<\/a> de los gases de combusti\u00f3n adaptado al proceso (<a href=\"https:\/\/www.babcock-wanson.com\/es\/productos\/sistemas-de-recuperacion-de-calor\/economizadores\/\" target=\"_blank\" rel=\"noopener\">economizador<\/a>, precalentador de aire de combusti\u00f3n&#8230;) las calderas PowerPack consiguen una eficiencia \u00f3ptima del proceso en todo el rango de combusti\u00f3n.<br \/>\n<strong>Alto rendimiento en todo el rango de potencia<\/strong><br \/>\nEl rendimiento constante es la llave del equipo de Babcok Wanson. El dise\u00f1o de la cabeza de combusti\u00f3n del quemador unido a un alto ratio de modulaci\u00f3n proporcionan un control preciso del exceso de aire y unos ciclos m\u00ednimos de arranque y parada. Esto asegura el mejor rendimiento posible en un amplio rango de operaci\u00f3n del proceso.<br \/>\n<strong>Bajo consumo el\u00e9ctrico<\/strong><br \/>\nLa muy baja ca\u00edda de presi\u00f3n del lado del gas reduce masivamente el consumo el\u00e9ctrico de los ventiladores. Adem\u00e1s, las opciones disponibles para los accionamientos de aire y agua de alimentaci\u00f3n de velocidad variable reducen a\u00fan m\u00e1s la demanda el\u00e9ctrica del sitio y mejoran la eficiencia general.<\/p>\n<h2>Construcci\u00f3n robusta para una larga vida<\/h2>\n<p>Construidas sobre la gama de calderas BWR, conocidas por su construcci\u00f3n robusta para una larga vida, las calderas PowerPack tienen un dise\u00f1o de tres pasos e incorporan una c\u00e1mara de inversi\u00f3n de los gases de combusti\u00f3n de tubos de agua. Soldada fuera del cuerpo a presi\u00f3n, esta caracter\u00edstica probada, no requiere ning\u00fan tipo de tirante de la caldera o refuerzo de la c\u00e1mara de inversi\u00f3n y da una flexibilidad excepcional al armaz\u00f3n y a la expansi\u00f3n dela caldera, permitiendo grandes cambios de carga de vapor con un m\u00ednimo esfuerzo operacional. Esto confiere a la caldera una mayor resistencia a los arranques en fr\u00edo y una gran fuerza estructural para una vida muy larga. Al estar continuamente enfriada por la circulaci\u00f3n de agua, la c\u00e1mara de inversi\u00f3n de los gases de combusti\u00f3n no requiere ning\u00fan refractario.<\/p>\n<h2>Un funcionamiento sencillo y fiable<\/h2>\n<p><strong>F\u00e1cil acceso<\/strong><br \/>\nEl dise\u00f1o del PowerPack incluye un acceso total al humo frontal y a los tubos del horno a trav\u00e9s de grandes puertas de f\u00e1cil uso. El acceso a la placa posterior de tubos y al tubo del horno es sencillo y completo gracias a la exclusiva c\u00e1mara de inversi\u00f3n del tubo de agua que tambi\u00e9n minimiza los requisitos refractarios y elimina las complejas barras de uni\u00f3n.<br \/>\nLa construcci\u00f3n est\u00e1ndar del PowerPack incluye una plataforma de acceso de alto nivel integrada para un acceso sencillo y seguro y una facilidad de mantenimiento y operaciones.<br \/>\n<strong>Coste operativo reducido<\/strong><br \/>\nLas calderas PowerPack est\u00e1n equipadas con instrumentaci\u00f3n y controles completos, incluyendo los exclusivos modos de operaci\u00f3n desatendida de Babcock Wanson.<br \/>\n<strong>Monitoreo remoto<\/strong><br \/>\nPowerPack es compatible con el sistema Babcock Wanson Navinergy que permite un mejor monitoreo remoto y programaci\u00f3n de mantenimiento.<\/p>\n<h3>\u00bfPor qu\u00e9 elegir una caldera de vapor pirotubular PowerPack?<\/h3>\n<ul>\n<li>Alta eficiencia<\/li>\n<li>Quemadores de bajo NOx<\/li>\n<li>Altos \u00edndices de modulaci\u00f3n en quemadores<\/li>\n<li>Control de modulaci\u00f3n electr\u00f3nica como est\u00e1ndar<\/li>\n<li>Acceso simple para facilitar el mantenimiento<\/li>\n<li>Dise\u00f1o robusto para una vida muy larga<\/li>\n<li>Recuperaci\u00f3n del calor de los gases de combusti\u00f3n<\/li>\n<li>Opci\u00f3n de economizador de condensaci\u00f3n<\/li>\n<li>La conectividad con nuestro sistema Navinergy<\/li>\n<li>Opciones del precalentador de aire de combusti\u00f3n<\/li>\n<li>Opciones de disparo de combustible dual y mixto<\/li>\n<li>Opciones de ajuste de O2 y CO<\/li>\n<li>Una simple operaci\u00f3n desatendida de 3 y 7 d\u00edas<\/li>\n<li>Soluciones completas de sistemas de vapor<\/li>\n<\/ul>\n<p>&nbsp;<\/p>\n<h2>Calderas pirotubulares de vapor PowerPack<\/h2>\n<div class=\"table-responsive\">\n<table style=\"height: 372px;\" width=\"975\">\n<tbody>\n<tr>\n<th class=\"bg-primary text-white\">\n<h2>PowerPack<\/h2>\n<\/th>\n<th class=\"bg-primary text-white\">Modelo<\/th>\n<th>10.0<\/th>\n<th>12.0<\/th>\n<th>15.0<\/th>\n<th>17.0<\/th>\n<th>21.0<\/th>\n<th>25.0<\/th>\n<th>27.0<\/th>\n<th>30.0<\/th>\n<th>34.0<\/th>\n<\/tr>\n<tr>\n<th>Salida de vapor (1)<\/th>\n<th>Kg\/h<\/th>\n<td>10000<\/td>\n<td>12000<\/td>\n<td>15000<\/td>\n<td>17000<\/td>\n<td>21000<\/td>\n<td>25000<\/td>\n<td>27000<\/td>\n<td>30000<\/td>\n<td>34000<\/td>\n<\/tr>\n<tr>\n<th>Potencia de salida (1)<\/th>\n<th>kW<\/th>\n<td>7340<\/td>\n<td>8875<\/td>\n<td>11122<\/td>\n<td>12465<\/td>\n<td>15365<\/td>\n<td>18282<\/td>\n<td>19702<\/td>\n<td>22117<\/td>\n<td>24905<\/td>\n<\/tr>\n<tr class=\"table-secondary\">\n<th class=\"bg-secondary text-white\">Anchura A (2)<\/th>\n<th class=\"bg-secondary text-white\">mm<\/th>\n<td>3410<\/td>\n<td>3485<\/td>\n<td>3605<\/td>\n<td>3865<\/td>\n<td>3940<\/td>\n<td>4030<\/td>\n<td>4290<\/td>\n<td>4480<\/td>\n<td>4795<\/td>\n<\/tr>\n<tr class=\"table-dark\">\n<th class=\"bg-dark text-white\">Longueur B (2)<\/th>\n<th class=\"bg-dark text-white\">mm<\/th>\n<td>8770<\/td>\n<td>10460<\/td>\n<td>10600<\/td>\n<td>11300<\/td>\n<td>12430<\/td>\n<td>13880<\/td>\n<td>14130<\/td>\n<td>14000<\/td>\n<td>16100<\/td>\n<\/tr>\n<tr class=\"table-primary\">\n<th class=\"bg-primary text-white\">Longitud C (economizador incluido) (2)<\/th>\n<th class=\"bg-primary text-white\">mm<\/th>\n<td>3940<\/td>\n<td>4050<\/td>\n<td>4250<\/td>\n<td>4330<\/td>\n<td>4530<\/td>\n<td>4900<\/td>\n<td>5100<\/td>\n<td>5560<\/td>\n<td>6060<\/td>\n<\/tr>\n<tr>\n<th>Peso en orden de marcha<\/th>\n<th>Kg<\/th>\n<td>42000<\/td>\n<td>41500<\/td>\n<td>46500<\/td>\n<td>51500<\/td>\n<td>75000<\/td>\n<td>80500<\/td>\n<td>91200<\/td>\n<td>100800<\/td>\n<td>108200<\/td>\n<\/tr>\n<\/tbody>\n<\/table>\n<\/div>\n<p>(1) A 15 barg y con agua de alimentaci\u00f3n a 105\u00ba.<br \/>\n(2) Las dimensiones totales incluyen el quemador montado y los accesorios de la caldera<\/p>\n<p>&nbsp;<\/p><\/div>\n<p><!-- .vgblk-rw-wrapper --><\/p>\n","protected":false},"excerpt":{"rendered":"<p><strong>Producci\u00f3n de vapor desde 10 000 kg\/h hasta 34 000 kg\/h\/h<\/strong><br \/>\nLas calderas PowerPack tienen un dise\u00f1o de tres pasos e incorporan una c\u00e1mara de inversi\u00f3n de gases de combusti\u00f3n de tubos de agua. Esta tecnolog\u00eda \u00fanica de Babcock Wanson proporciona flexibilidad operativa y, por tanto, una eficiencia y fiabilidad a largo plazo inigualables.<\/p>\n","protected":false},"featured_media":46308,"comment_status":"closed","ping_status":"closed","template":"","meta":{"_acf_changed":false,"_relevanssi_hide_post":"","_relevanssi_hide_content":"","_relevanssi_pin_for_all":"","_relevanssi_pin_keywords":"","_relevanssi_unpin_keywords":"","_relevanssi_related_keywords":"","_relevanssi_related_include_ids":"","_relevanssi_related_exclude_ids":"","_relevanssi_related_no_append":"","_relevanssi_related_not_related":"","_relevanssi_related_posts":"","_relevanssi_noindex_reason":""},"product_brand":[],"product_cat":[5817,5822],"product_tag":[],"class_list":{"0":"post-48144","1":"product","2":"type-product","3":"status-publish","4":"has-post-thumbnail","6":"product_cat-calderas-de-vapor-industriales","7":"product_cat-calderas-de-vapor-pirotubulares","9":"first","10":"instock","11":"shipping-taxable","12":"product-type-simple"},"acf":[],"yoast_head":"<!-- This site is optimized with the Yoast SEO Premium plugin v27.1 (Yoast SEO v27.1.1) - https:\/\/yoast.com\/product\/yoast-seo-premium-wordpress\/ -->\n<title>PowerPack - Babcock Wanson<\/title>\n<meta name=\"description\" content=\"Las calderas PowerPack tienen un dise\u00f1o de tres pasos e incorporan una c\u00e1mara de inversi\u00f3n de gases de combusti\u00f3n de tubos de agua.\" \/>\n<meta name=\"robots\" content=\"index, follow, max-snippet:-1, max-image-preview:large, max-video-preview:-1\" \/>\n<link rel=\"canonical\" href=\"https:\/\/www.babcock-wanson.com\/es\/productos\/calderas-de-vapor-pirotubulares\/powerpack\/\" \/>\n<meta property=\"og:locale\" content=\"es_ES\" \/>\n<meta property=\"og:type\" content=\"article\" \/>\n<meta property=\"og:title\" content=\"PowerPack\" \/>\n<meta property=\"og:description\" content=\"Las calderas PowerPack tienen un dise\u00f1o de tres pasos e incorporan una c\u00e1mara de inversi\u00f3n de gases de combusti\u00f3n de tubos de agua.\" \/>\n<meta property=\"og:url\" content=\"https:\/\/www.babcock-wanson.com\/es\/productos\/calderas-de-vapor-pirotubulares\/powerpack\/\" \/>\n<meta property=\"og:site_name\" content=\"Babcock Wanson\" \/>\n<meta property=\"article:modified_time\" content=\"2024-05-24T13:11:21+00:00\" \/>\n<meta property=\"og:image\" content=\"https:\/\/www.babcock-wanson.com\/wp-content\/uploads\/2023\/10\/POWERPACK-1.jpg\" \/>\n\t<meta property=\"og:image:width\" content=\"800\" \/>\n\t<meta property=\"og:image:height\" content=\"600\" \/>\n\t<meta property=\"og:image:type\" content=\"image\/jpeg\" \/>\n<meta name=\"twitter:card\" content=\"summary_large_image\" \/>\n<meta name=\"twitter:label1\" content=\"Est. reading time\" \/>\n\t<meta name=\"twitter:data1\" content=\"5 minutos\" \/>\n<script type=\"application\/ld+json\" class=\"yoast-schema-graph\">{\"@context\":\"https:\/\/schema.org\",\"@graph\":[{\"@type\":\"WebPage\",\"@id\":\"https:\/\/www.babcock-wanson.com\/es\/productos\/calderas-de-vapor-pirotubulares\/powerpack\/\",\"url\":\"https:\/\/www.babcock-wanson.com\/es\/productos\/calderas-de-vapor-pirotubulares\/powerpack\/\",\"name\":\"PowerPack - Babcock Wanson\",\"isPartOf\":{\"@id\":\"https:\/\/www.babcock-wanson.com\/es\/#website\"},\"primaryImageOfPage\":{\"@id\":\"https:\/\/www.babcock-wanson.com\/es\/productos\/calderas-de-vapor-pirotubulares\/powerpack\/#primaryimage\"},\"image\":{\"@id\":\"https:\/\/www.babcock-wanson.com\/es\/productos\/calderas-de-vapor-pirotubulares\/powerpack\/#primaryimage\"},\"thumbnailUrl\":\"https:\/\/www.babcock-wanson.com\/wp-content\/uploads\/2023\/10\/POWERPACK-1.jpg\",\"datePublished\":\"2024-04-28T21:35:17+00:00\",\"dateModified\":\"2024-05-24T13:11:21+00:00\",\"description\":\"Las calderas PowerPack tienen un dise\u00f1o de tres pasos e incorporan una c\u00e1mara de inversi\u00f3n de gases de combusti\u00f3n de tubos de agua.\",\"breadcrumb\":{\"@id\":\"https:\/\/www.babcock-wanson.com\/es\/productos\/calderas-de-vapor-pirotubulares\/powerpack\/#breadcrumb\"},\"inLanguage\":\"es\",\"potentialAction\":[{\"@type\":\"ReadAction\",\"target\":[\"https:\/\/www.babcock-wanson.com\/es\/productos\/calderas-de-vapor-pirotubulares\/powerpack\/\"]}]},{\"@type\":\"ImageObject\",\"inLanguage\":\"es\",\"@id\":\"https:\/\/www.babcock-wanson.com\/es\/productos\/calderas-de-vapor-pirotubulares\/powerpack\/#primaryimage\",\"url\":\"https:\/\/www.babcock-wanson.com\/wp-content\/uploads\/2023\/10\/POWERPACK-1.jpg\",\"contentUrl\":\"https:\/\/www.babcock-wanson.com\/wp-content\/uploads\/2023\/10\/POWERPACK-1.jpg\",\"width\":800,\"height\":600,\"caption\":\"Chaudi\u00e8res \u00e0 tubes de fum\u00e9es\"},{\"@type\":\"BreadcrumbList\",\"@id\":\"https:\/\/www.babcock-wanson.com\/es\/productos\/calderas-de-vapor-pirotubulares\/powerpack\/#breadcrumb\",\"itemListElement\":[{\"@type\":\"ListItem\",\"position\":1,\"name\":\"Inicio\",\"item\":\"https:\/\/www.babcock-wanson.com\/es\/\"},{\"@type\":\"ListItem\",\"position\":2,\"name\":\"Productos\",\"item\":\"https:\/\/www.babcock-wanson.com\/es\/shop\/\"},{\"@type\":\"ListItem\",\"position\":3,\"name\":\"Calderas de vapor pirotubulares\",\"item\":\"https:\/\/www.babcock-wanson.com\/es\/categoria-producto\/calderas-de-vapor-pirotubulares\/\"},{\"@type\":\"ListItem\",\"position\":4,\"name\":\"PowerPack\"}]},{\"@type\":\"WebSite\",\"@id\":\"https:\/\/www.babcock-wanson.com\/es\/#website\",\"url\":\"https:\/\/www.babcock-wanson.com\/es\/\",\"name\":\"Babcock Wanson\",\"description\":\"\",\"publisher\":{\"@id\":\"https:\/\/www.babcock-wanson.com\/es\/#organization\"},\"potentialAction\":[{\"@type\":\"SearchAction\",\"target\":{\"@type\":\"EntryPoint\",\"urlTemplate\":\"https:\/\/www.babcock-wanson.com\/es\/?s={search_term_string}\"},\"query-input\":{\"@type\":\"PropertyValueSpecification\",\"valueRequired\":true,\"valueName\":\"search_term_string\"}}],\"inLanguage\":\"es\"},{\"@type\":\"Organization\",\"@id\":\"https:\/\/www.babcock-wanson.com\/es\/#organization\",\"name\":\"Babcock Wanson\",\"url\":\"https:\/\/www.babcock-wanson.com\/es\/\",\"logo\":{\"@type\":\"ImageObject\",\"inLanguage\":\"es\",\"@id\":\"https:\/\/www.babcock-wanson.com\/es\/#\/schema\/logo\/image\/\",\"url\":\"https:\/\/www.babcock-wanson.com\/wp-content\/uploads\/2024\/02\/Babcock-Wanson-1200x1200-1.png\",\"contentUrl\":\"https:\/\/www.babcock-wanson.com\/wp-content\/uploads\/2024\/02\/Babcock-Wanson-1200x1200-1.png\",\"width\":1200,\"height\":1200,\"caption\":\"Babcock Wanson\"},\"image\":{\"@id\":\"https:\/\/www.babcock-wanson.com\/es\/#\/schema\/logo\/image\/\"},\"sameAs\":[\"https:\/\/www.linkedin.com\/company\/babcock-wanson\/\",\"https:\/\/www.youtube.com\/channel\/UCtxl25VieBBsP2kYmtlyv7A\"]}]}<\/script>\n<!-- \/ Yoast SEO Premium plugin. -->","yoast_head_json":{"title":"PowerPack - Babcock Wanson","description":"Las calderas PowerPack tienen un dise\u00f1o de tres pasos e incorporan una c\u00e1mara de inversi\u00f3n de gases de combusti\u00f3n de tubos de agua.","robots":{"index":"index","follow":"follow","max-snippet":"max-snippet:-1","max-image-preview":"max-image-preview:large","max-video-preview":"max-video-preview:-1"},"canonical":"https:\/\/www.babcock-wanson.com\/es\/productos\/calderas-de-vapor-pirotubulares\/powerpack\/","og_locale":"es_ES","og_type":"article","og_title":"PowerPack","og_description":"Las calderas PowerPack tienen un dise\u00f1o de tres pasos e incorporan una c\u00e1mara de inversi\u00f3n de gases de combusti\u00f3n de tubos de agua.","og_url":"https:\/\/www.babcock-wanson.com\/es\/productos\/calderas-de-vapor-pirotubulares\/powerpack\/","og_site_name":"Babcock Wanson","article_modified_time":"2024-05-24T13:11:21+00:00","og_image":[{"width":800,"height":600,"url":"https:\/\/www.babcock-wanson.com\/wp-content\/uploads\/2023\/10\/POWERPACK-1.jpg","type":"image\/jpeg"}],"twitter_card":"summary_large_image","twitter_misc":{"Est. reading time":"5 minutos"},"schema":{"@context":"https:\/\/schema.org","@graph":[{"@type":"WebPage","@id":"https:\/\/www.babcock-wanson.com\/es\/productos\/calderas-de-vapor-pirotubulares\/powerpack\/","url":"https:\/\/www.babcock-wanson.com\/es\/productos\/calderas-de-vapor-pirotubulares\/powerpack\/","name":"PowerPack - Babcock Wanson","isPartOf":{"@id":"https:\/\/www.babcock-wanson.com\/es\/#website"},"primaryImageOfPage":{"@id":"https:\/\/www.babcock-wanson.com\/es\/productos\/calderas-de-vapor-pirotubulares\/powerpack\/#primaryimage"},"image":{"@id":"https:\/\/www.babcock-wanson.com\/es\/productos\/calderas-de-vapor-pirotubulares\/powerpack\/#primaryimage"},"thumbnailUrl":"https:\/\/www.babcock-wanson.com\/wp-content\/uploads\/2023\/10\/POWERPACK-1.jpg","datePublished":"2024-04-28T21:35:17+00:00","dateModified":"2024-05-24T13:11:21+00:00","description":"Las calderas PowerPack tienen un dise\u00f1o de tres pasos e incorporan una c\u00e1mara de inversi\u00f3n de gases de combusti\u00f3n de tubos de agua.","breadcrumb":{"@id":"https:\/\/www.babcock-wanson.com\/es\/productos\/calderas-de-vapor-pirotubulares\/powerpack\/#breadcrumb"},"inLanguage":"es","potentialAction":[{"@type":"ReadAction","target":["https:\/\/www.babcock-wanson.com\/es\/productos\/calderas-de-vapor-pirotubulares\/powerpack\/"]}]},{"@type":"ImageObject","inLanguage":"es","@id":"https:\/\/www.babcock-wanson.com\/es\/productos\/calderas-de-vapor-pirotubulares\/powerpack\/#primaryimage","url":"https:\/\/www.babcock-wanson.com\/wp-content\/uploads\/2023\/10\/POWERPACK-1.jpg","contentUrl":"https:\/\/www.babcock-wanson.com\/wp-content\/uploads\/2023\/10\/POWERPACK-1.jpg","width":800,"height":600,"caption":"Chaudi\u00e8res \u00e0 tubes de fum\u00e9es"},{"@type":"BreadcrumbList","@id":"https:\/\/www.babcock-wanson.com\/es\/productos\/calderas-de-vapor-pirotubulares\/powerpack\/#breadcrumb","itemListElement":[{"@type":"ListItem","position":1,"name":"Inicio","item":"https:\/\/www.babcock-wanson.com\/es\/"},{"@type":"ListItem","position":2,"name":"Productos","item":"https:\/\/www.babcock-wanson.com\/es\/shop\/"},{"@type":"ListItem","position":3,"name":"Calderas de vapor pirotubulares","item":"https:\/\/www.babcock-wanson.com\/es\/categoria-producto\/calderas-de-vapor-pirotubulares\/"},{"@type":"ListItem","position":4,"name":"PowerPack"}]},{"@type":"WebSite","@id":"https:\/\/www.babcock-wanson.com\/es\/#website","url":"https:\/\/www.babcock-wanson.com\/es\/","name":"Babcock Wanson","description":"","publisher":{"@id":"https:\/\/www.babcock-wanson.com\/es\/#organization"},"potentialAction":[{"@type":"SearchAction","target":{"@type":"EntryPoint","urlTemplate":"https:\/\/www.babcock-wanson.com\/es\/?s={search_term_string}"},"query-input":{"@type":"PropertyValueSpecification","valueRequired":true,"valueName":"search_term_string"}}],"inLanguage":"es"},{"@type":"Organization","@id":"https:\/\/www.babcock-wanson.com\/es\/#organization","name":"Babcock Wanson","url":"https:\/\/www.babcock-wanson.com\/es\/","logo":{"@type":"ImageObject","inLanguage":"es","@id":"https:\/\/www.babcock-wanson.com\/es\/#\/schema\/logo\/image\/","url":"https:\/\/www.babcock-wanson.com\/wp-content\/uploads\/2024\/02\/Babcock-Wanson-1200x1200-1.png","contentUrl":"https:\/\/www.babcock-wanson.com\/wp-content\/uploads\/2024\/02\/Babcock-Wanson-1200x1200-1.png","width":1200,"height":1200,"caption":"Babcock Wanson"},"image":{"@id":"https:\/\/www.babcock-wanson.com\/es\/#\/schema\/logo\/image\/"},"sameAs":["https:\/\/www.linkedin.com\/company\/babcock-wanson\/","https:\/\/www.youtube.com\/channel\/UCtxl25VieBBsP2kYmtlyv7A"]}]}},"jetpack_sharing_enabled":true,"_links":{"self":[{"href":"https:\/\/www.babcock-wanson.com\/es\/wp-json\/wp\/v2\/product\/48144","targetHints":{"allow":["GET"]}}],"collection":[{"href":"https:\/\/www.babcock-wanson.com\/es\/wp-json\/wp\/v2\/product"}],"about":[{"href":"https:\/\/www.babcock-wanson.com\/es\/wp-json\/wp\/v2\/types\/product"}],"replies":[{"embeddable":true,"href":"https:\/\/www.babcock-wanson.com\/es\/wp-json\/wp\/v2\/comments?post=48144"}],"wp:featuredmedia":[{"embeddable":true,"href":"https:\/\/www.babcock-wanson.com\/es\/wp-json\/wp\/v2\/media\/46308"}],"wp:attachment":[{"href":"https:\/\/www.babcock-wanson.com\/es\/wp-json\/wp\/v2\/media?parent=48144"}],"wp:term":[{"taxonomy":"product_brand","embeddable":true,"href":"https:\/\/www.babcock-wanson.com\/es\/wp-json\/wp\/v2\/product_brand?post=48144"},{"taxonomy":"product_cat","embeddable":true,"href":"https:\/\/www.babcock-wanson.com\/es\/wp-json\/wp\/v2\/product_cat?post=48144"},{"taxonomy":"product_tag","embeddable":true,"href":"https:\/\/www.babcock-wanson.com\/es\/wp-json\/wp\/v2\/product_tag?post=48144"}],"curies":[{"name":"wp","href":"https:\/\/api.w.org\/{rel}","templated":true}]}}