{"id":48339,"date":"2024-03-28T14:40:21","date_gmt":"2024-03-28T14:40:21","guid":{"rendered":"https:\/\/www.babcock-wanson.com\/products\/uncategorized\/lv-pack\/"},"modified":"2024-07-03T16:53:44","modified_gmt":"2024-07-03T15:53:44","slug":"lv-pack","status":"publish","type":"product","link":"https:\/\/www.babcock-wanson.com\/es\/productos\/calderas-electricas-industriales\/lv-pack\/","title":{"rendered":"LV-Pack"},"content":{"rendered":"<div class=\"vgblk-rw-wrapper limit-wrapper\">\n<h2>Impacto medioambiental reducido<\/h2>\n<p><strong>La caldera LV-Pack ofrece numerosas ventajas medioambientales y una explotaci\u00f3n diaria sencilla<\/strong><\/p>\n<p>No consume combustibles f\u00f3siles ni libera efluentes gaseosos en la atm\u00f3sfera. Desde este punto de vista, la instalaci\u00f3n se ha simplificado de manera significativa: no precisa chimenea ni red alguna para el suministro de combustible, ni dep\u00f3sito de almacenamiento. Adem\u00e1s, no se requiere control peri\u00f3dico alguno de los vertidos atmosf\u00e9ricos.<\/p>\n<p>Se puede alcanzar un rendimiento superior al 99 % pues toda la energ\u00eda el\u00e9ctrica entrante se transforma en energ\u00eda t\u00e9rmica (solo tendr\u00e1n en cuenta algunas p\u00e9rdidas t\u00e9rmicas menores por las paredes).<\/p>\n<p>La caldera est\u00e1 equipada con varios calentadores el\u00e9ctricos de inmersi\u00f3n que permiten alcanzar una potencia el\u00e9ctrica multietapas con un m\u00ednimo t\u00e9cnico de 50 kW, lo cual le confiere una capacidad de modulaci\u00f3n excelente y le permite funcionar con una carga reducida.<\/p>\n<h2>Solidez y durabilidad<\/h2>\n<p>Las calderas LV-Pack se componen de camisas de acero y fondos planos sostenidos por tirantes que reciben los calentadores el\u00e9ctricos de inmersi\u00f3n, que presentan numerosas ventajas en t\u00e9rminos de rendimiento, puesta en funcionamiento y mantenimiento peri\u00f3dico. Se han concebido para permitir, tanto un arranque como una producci\u00f3n de vapor r\u00e1pidos, al tiempo que se evita solicitar en exceso los calentadores el\u00e9ctricos de inmersi\u00f3n.<\/p>\n<h2>Explotaci\u00f3n econ\u00f3mica<\/h2>\n<p>La regulaci\u00f3n y la instrumentaci\u00f3n permiten modos de explotaci\u00f3n exclusivos de Babcock Wanson, adaptados a las restricciones de todos los procesos industriales. La caldera lleva integrada la interfaz de supervisi\u00f3n Navinergy, que permite realizar un seguimiento local y remoto de los ajustes de funcionamiento.<\/p>\n<h2>Facilidad de instalaci\u00f3n y puesta en servicio<\/h2>\n<p>La caldera se entrega lista para funcionar. Solo hay que conectarla a la red el\u00e9ctrica, a un suministro de agua tratada (descalcificaci\u00f3n, desmineralizaci\u00f3n) y a los conductos de vapor.<\/p>\n<h3>\u00bfPor qu\u00e9 elegir la gama LV-Pack de Babcock Wanson?<\/h3>\n<ul>\n<li>Cero emisiones in situ (CO2 &#8211; NOx\u2013 SOx)<\/li>\n<li>Rendimiento superior al 99\u00a0%<\/li>\n<li>Modulaci\u00f3n elevada<\/li>\n<li>Mantenimiento sencillo y c\u00f3modo<\/li>\n<li>Solidez y durabilidad<\/li>\n<li>Conectividad con nuestro sistema Navinergy<\/li>\n<li>Modo de explotaci\u00f3n flexible y adaptado a las necesidades<\/li>\n<li>Alta disponibilidad<\/li>\n<li>Sencillez de instalaci\u00f3n<\/li>\n<li>Costes de explotaci\u00f3n reducidos<\/li>\n<\/ul>\n<p>&nbsp;<\/p>\n<h2>Calderas el\u00e9ctricas industriales LV-Pack<\/h2>\n<p>&nbsp;<\/p>\n<table style=\"height: 340px;\" width=\"1139\">\n<tbody>\n<tr>\n<th class=\"bg-primary text-white\">LV-Pack<\/th>\n<th class=\"bg-primary text-white\" style=\"text-align: center;\">modelo<\/th>\n<th class=\"bg-primary text-white\" style=\"text-align: center;\">600<\/th>\n<th class=\"bg-primary text-white\" style=\"text-align: center;\">900<\/th>\n<th class=\"bg-primary text-white\" style=\"text-align: center;\">1200<\/th>\n<th class=\"bg-primary text-white\" style=\"text-align: center;\">1500<\/th>\n<th class=\"bg-primary text-white\" style=\"text-align: center;\">1800<\/th>\n<th class=\"bg-primary text-white\" style=\"text-align: center;\">2250<\/th>\n<th class=\"bg-primary text-white\" style=\"text-align: center;\">3000<\/th>\n<\/tr>\n<tr>\n<th>Producci\u00f3n de vapor ( (1)<\/th>\n<th style=\"text-align: center;\">kg\/h<\/th>\n<th style=\"text-align: center;\">600<\/th>\n<th style=\"text-align: center;\">900<\/th>\n<th style=\"text-align: center;\">1200<\/th>\n<th style=\"text-align: center;\">1500<\/th>\n<th style=\"text-align: center;\">1800<\/th>\n<th style=\"text-align: center;\">2250<\/th>\n<th style=\"text-align: center;\">3000<\/th>\n<\/tr>\n<tr>\n<th>Potencia (1)<\/th>\n<th style=\"text-align: center;\">kW<\/th>\n<th style=\"text-align: center;\">400<\/th>\n<th style=\"text-align: center;\">600<\/th>\n<th style=\"text-align: center;\">800<\/th>\n<th style=\"text-align: center;\">1000<\/th>\n<th style=\"text-align: center;\">1200<\/th>\n<th style=\"text-align: center;\">1500<\/th>\n<th style=\"text-align: center;\">2000<\/th>\n<\/tr>\n<tr>\n<th>Tensi\u00f3n nominal<\/th>\n<th style=\"text-align: center;\">V<\/th>\n<td style=\"text-align: center;\">\u00a0400<br \/>\no<br \/>\n690<\/td>\n<td style=\"text-align: center;\">\u00a0400<br \/>\no<br \/>\n690<\/td>\n<td style=\"text-align: center;\">\u00a0400<br \/>\no<br \/>\n690<\/td>\n<td style=\"text-align: center;\">690<\/td>\n<td style=\"text-align: center;\">690<\/td>\n<td style=\"text-align: center;\">690<\/td>\n<td style=\"text-align: center;\">690<\/td>\n<\/tr>\n<tr class=\"table-secondary\">\n<th class=\"bg-secondary text-white\">Anchura I (2)<\/th>\n<th class=\"bg-secondary text-white\" style=\"text-align: center;\">mm<\/th>\n<td style=\"text-align: center;\">\u00a01400<\/td>\n<td style=\"text-align: center;\">1400<\/td>\n<td style=\"text-align: center;\">1700<\/td>\n<td style=\"text-align: center;\">1700<\/td>\n<td style=\"text-align: center;\">1700<\/td>\n<td style=\"text-align: center;\">2000<\/td>\n<td style=\"text-align: center;\">2000<\/td>\n<\/tr>\n<tr class=\"table-dark\">\n<th class=\"bg-dark text-white\">Longitud L2<\/th>\n<th class=\"bg-dark text-white\" style=\"text-align: center;\">mm<\/th>\n<td style=\"text-align: center;\">\u00a03400<\/td>\n<td style=\"text-align: center;\">3400<\/td>\n<td style=\"text-align: center;\">3400<\/td>\n<td style=\"text-align: center;\">3400<\/td>\n<td style=\"text-align: center;\">3400<\/td>\n<td style=\"text-align: center;\">3400<\/td>\n<td style=\"text-align: center;\">3400<\/td>\n<\/tr>\n<tr class=\"table-primary\">\n<th class=\"bg-primary text-white\">Altura H2<\/th>\n<th class=\"bg-primary text-white\" style=\"text-align: center;\">mm<\/th>\n<td style=\"text-align: center;\">\u00a01930<\/td>\n<td style=\"text-align: center;\">1930<\/td>\n<td style=\"text-align: center;\">2250<\/td>\n<td style=\"text-align: center;\">2250<\/td>\n<td style=\"text-align: center;\">2310<\/td>\n<td style=\"text-align: center;\">2610<\/td>\n<td style=\"text-align: center;\">2695<\/td>\n<\/tr>\n<tr>\n<th>Peso (en orden de marcha)<\/th>\n<th style=\"text-align: center;\">kg (+\/-10%)<\/th>\n<td style=\"text-align: center;\">\u00a03900<\/td>\n<td style=\"text-align: center;\">3900<\/td>\n<td style=\"text-align: center;\">5400<\/td>\n<td style=\"text-align: center;\">5500<\/td>\n<td style=\"text-align: center;\">5500<\/td>\n<td style=\"text-align: center;\">7600<\/td>\n<td style=\"text-align: center;\">7600<\/td>\n<\/tr>\n<tr>\n<th class=\"bg-secondary text-white\">Calentadores el\u00e9ctricos de inmersi\u00f3n de cada lado<\/th>\n<th class=\"bg-secondary text-white\"><\/th>\n<td class=\"bg-secondary text-white\" style=\"text-align: center;\">\u00a0NO<\/td>\n<td class=\"bg-secondary text-white\" style=\"text-align: center;\">NO<\/td>\n<td class=\"bg-secondary text-white\" style=\"text-align: center;\">NO<\/td>\n<td class=\"bg-secondary text-white\" style=\"text-align: center;\">NO<\/td>\n<td class=\"bg-secondary text-white\" style=\"text-align: center;\">NO<\/td>\n<td class=\"bg-secondary text-white\" style=\"text-align: center;\">NO<\/td>\n<td class=\"bg-secondary text-white\" style=\"text-align: center;\">NO<\/td>\n<\/tr>\n<\/tbody>\n<\/table>\n<p>(1) La potencia \u00fatil se indica para 8 barg con agua potable a 95 \u00b0C<\/p>\n<p>(2) Ancho (I) indicado sin el fondo del armario de control-mando (ancho adicional a tener en cuenta de 500 mm)<\/p>\n<p>Presi\u00f3n de dise\u00f1o est\u00e1ndar: 15 barg &#8211; Presi\u00f3n de dise\u00f1o m\u00e1xima espec\u00edfica: 18 barg<\/p>\n<p><strong>LTP: 1000 mm m\u00ednimo<\/strong><\/p>\n<table style=\"height: 340px;\" width=\"1139\">\n<tbody>\n<tr>\n<th class=\"bg-primary text-white\">LV-Pack<\/th>\n<th class=\"bg-primary text-white\" style=\"text-align: center;\">modelo<\/th>\n<th class=\"bg-primary text-white\" style=\"text-align: center;\">3600<\/th>\n<th class=\"bg-primary text-white\" style=\"text-align: center;\">4200<\/th>\n<th class=\"bg-primary text-white\" style=\"text-align: center;\">4800<\/th>\n<th class=\"bg-primary text-white\" style=\"text-align: center;\">5400<\/th>\n<th class=\"bg-primary text-white\" style=\"text-align: center;\">6000<\/th>\n<th class=\"bg-primary text-white\" style=\"text-align: center;\">6600<\/th>\n<th class=\"bg-primary text-white\" style=\"text-align: center;\">7200<\/th>\n<th class=\"bg-primary text-white\" style=\"text-align: center;\">7800<\/th>\n<th class=\"bg-primary text-white\" style=\"text-align: center;\">8400<\/th>\n<\/tr>\n<tr>\n<th>Producci\u00f3n de vapor (1)<\/th>\n<th style=\"text-align: center;\">kg\/h<\/th>\n<th style=\"text-align: center;\">3600<\/th>\n<th style=\"text-align: center;\">4200<\/th>\n<th style=\"text-align: center;\">4800<\/th>\n<th style=\"text-align: center;\">5400<\/th>\n<th style=\"text-align: center;\">6000<\/th>\n<th style=\"text-align: center;\">6600<\/th>\n<th style=\"text-align: center;\">7200<\/th>\n<th style=\"text-align: center;\">7800<\/th>\n<th style=\"text-align: center;\">8400<\/th>\n<\/tr>\n<tr>\n<th>Potencia (1)<\/th>\n<th style=\"text-align: center;\">kW<\/th>\n<th style=\"text-align: center;\">2400<\/th>\n<th style=\"text-align: center;\">2800<\/th>\n<th style=\"text-align: center;\">3000<\/th>\n<th style=\"text-align: center;\">3600<\/th>\n<th style=\"text-align: center;\">4000<\/th>\n<th style=\"text-align: center;\">4400<\/th>\n<th style=\"text-align: center;\">4800<\/th>\n<th style=\"text-align: center;\">5200<\/th>\n<th style=\"text-align: center;\">5600<\/th>\n<\/tr>\n<tr>\n<th>Tensi\u00f3n nominal<\/th>\n<th style=\"text-align: center;\">V<\/th>\n<td style=\"text-align: center;\">690<\/td>\n<td style=\"text-align: center;\">690<\/td>\n<td style=\"text-align: center;\">690<\/td>\n<td style=\"text-align: center;\">690<\/td>\n<td style=\"text-align: center;\">690<\/td>\n<td style=\"text-align: center;\">690<\/td>\n<td style=\"text-align: center;\">690<\/td>\n<th style=\"text-align: center;\">690<\/th>\n<th style=\"text-align: center;\">690<\/th>\n<\/tr>\n<tr class=\"table-secondary\">\n<th class=\"bg-secondary text-white\">Anchura I (2)<\/th>\n<th class=\"bg-secondary text-white\" style=\"text-align: center;\">mm<\/th>\n<td style=\"text-align: center;\">2010<\/td>\n<td style=\"text-align: center;\">2010<\/td>\n<td style=\"text-align: center;\">2010<\/td>\n<td style=\"text-align: center;\">2010<\/td>\n<td style=\"text-align: center;\">2410<\/td>\n<td style=\"text-align: center;\">2410<\/td>\n<td style=\"text-align: center;\">2410<\/td>\n<th style=\"text-align: center;\">2410<\/th>\n<th style=\"text-align: center;\">2410<\/th>\n<\/tr>\n<tr class=\"table-dark\">\n<th class=\"bg-dark text-white\">Longitud L2<\/th>\n<th class=\"bg-dark text-white\" style=\"text-align: center;\">mm<\/th>\n<td style=\"text-align: center;\">4490<\/td>\n<td style=\"text-align: center;\">4490<\/td>\n<td style=\"text-align: center;\">4490<\/td>\n<td style=\"text-align: center;\">4490<\/td>\n<td style=\"text-align: center;\">4490<\/td>\n<td style=\"text-align: center;\">4490<\/td>\n<td style=\"text-align: center;\">4490<\/td>\n<td style=\"text-align: center;\">4490<\/td>\n<td style=\"text-align: center;\">4490<\/td>\n<\/tr>\n<tr class=\"table-primary\">\n<th class=\"bg-primary text-white\">Altura H2<\/th>\n<th class=\"bg-primary text-white\" style=\"text-align: center;\">mm<\/th>\n<td style=\"text-align: center;\">2355<\/td>\n<td style=\"text-align: center;\">2355<\/td>\n<td style=\"text-align: center;\">2410<\/td>\n<td style=\"text-align: center;\">2410<\/td>\n<td style=\"text-align: center;\">2810<\/td>\n<td style=\"text-align: center;\">2940<\/td>\n<td style=\"text-align: center;\">2940<\/td>\n<th style=\"text-align: center;\">2940<\/th>\n<th style=\"text-align: center;\">2940<\/th>\n<\/tr>\n<tr>\n<th>Peso (en orden de marcha)<\/th>\n<th style=\"text-align: center;\">kg (+\/-10%)<\/th>\n<td style=\"text-align: center;\">10500<\/td>\n<td style=\"text-align: center;\">10600<\/td>\n<td style=\"text-align: center;\">10600<\/td>\n<td style=\"text-align: center;\">12200<\/td>\n<td style=\"text-align: center;\">12600<\/td>\n<td style=\"text-align: center;\">16100<\/td>\n<td style=\"text-align: center;\">16200<\/td>\n<th style=\"text-align: center;\">16200<\/th>\n<th style=\"text-align: center;\">16300<\/th>\n<\/tr>\n<tr>\n<th class=\"bg-secondary text-white\">Calentadores el\u00e9ctricos de inmersi\u00f3n de cada lado<\/th>\n<th class=\"bg-secondary text-white\"><\/th>\n<td class=\"bg-secondary text-white\" style=\"text-align: center;\">SI<\/td>\n<td class=\"bg-secondary text-white\" style=\"text-align: center;\">SI<\/td>\n<td class=\"bg-secondary text-white\" style=\"text-align: center;\">SI<\/td>\n<td class=\"bg-secondary text-white\" style=\"text-align: center;\">SI<\/td>\n<td class=\"bg-secondary text-white\" style=\"text-align: center;\">SI<\/td>\n<td class=\"bg-secondary text-white\" style=\"text-align: center;\">SI<\/td>\n<td class=\"bg-secondary text-white\" style=\"text-align: center;\">SI<\/td>\n<td class=\"bg-secondary text-white\" style=\"text-align: center;\">SI<\/td>\n<td class=\"bg-secondary text-white\" style=\"text-align: center;\">SI<\/td>\n<\/tr>\n<\/tbody>\n<\/table>\n<p>(1) La potencia \u00fatil se indica para 8 barg con agua potable a 95 \u00b0C<\/p>\n<p>(2) Ancho (I) indicado sin el fondo del armario de control-mando (ancho adicional a tener en cuenta de 500 mm)<\/p>\n<p>Presi\u00f3n de dise\u00f1o est\u00e1ndar: 15 barg &#8211; Presi\u00f3n de dise\u00f1o m\u00e1xima espec\u00edfica: 18 barg<\/p>\n<p><strong>LTP: 1000 mm m\u00ednimo<\/strong><\/p>\n<p><strong>Las dimensiones y caracter\u00edsticas de los armarios de potencia figuran en el folleto<\/strong><\/div>\n<p><!-- .vgblk-rw-wrapper --><\/p>\n","protected":false},"excerpt":{"rendered":"<p><strong>Producci\u00f3n de vapor desde 600 kg\/h hasta 8400 kg\/h<\/strong><\/p>\n<p>Babcock Wanson, especialista reconocido en la fabricaci\u00f3n de calderas el\u00e9ctricas con calentadores el\u00e9ctricos de inmersi\u00f3n desde hace m\u00e1s de 50 a\u00f1os, ofrece la serie LV-Pack para que los fabricantes puedan cumplir los requisitos europeos de optimizaci\u00f3n energ\u00e9tica y reducci\u00f3n de las emisiones de gases de efecto invernadero.<\/p>\n<p>La LV-Pack es una caldera el\u00e9ctrica industrial de bajo voltaje especialmente dise\u00f1ada para ofrecer la m\u00e1xima eficiencia con cero emisiones de CO<sub>2 <\/sub>y NOx.<\/p>\n","protected":false},"featured_media":47728,"comment_status":"closed","ping_status":"closed","template":"","meta":{"_acf_changed":false,"_relevanssi_hide_post":"","_relevanssi_hide_content":"","_relevanssi_pin_for_all":"","_relevanssi_pin_keywords":"","_relevanssi_unpin_keywords":"","_relevanssi_related_keywords":"","_relevanssi_related_include_ids":"","_relevanssi_related_exclude_ids":"","_relevanssi_related_no_append":"","_relevanssi_related_not_related":"","_relevanssi_related_posts":"","_relevanssi_noindex_reason":""},"product_brand":[],"product_cat":[5823],"product_tag":[],"class_list":{"0":"post-48339","1":"product","2":"type-product","3":"status-publish","4":"has-post-thumbnail","6":"product_cat-calderas-electricas-industriales","8":"first","9":"instock","10":"shipping-taxable","11":"product-type-simple"},"acf":[],"yoast_head":"<!-- This site is optimized with the Yoast SEO Premium plugin v27.1 (Yoast SEO v27.1.1) - https:\/\/yoast.com\/product\/yoast-seo-premium-wordpress\/ -->\n<title>LV-Pack - Babcock Wanson<\/title>\n<meta name=\"description\" content=\"La LV-Pack es una caldera el\u00e9ctrica industrial de bajo voltaje especialmente dise\u00f1ada para ofrecer la m\u00e1xima eficiencia con cero emisiones de CO2 y NOx.\" \/>\n<meta name=\"robots\" content=\"index, follow, max-snippet:-1, max-image-preview:large, max-video-preview:-1\" \/>\n<link rel=\"canonical\" href=\"https:\/\/www.babcock-wanson.com\/es\/productos\/calderas-electricas-industriales\/lv-pack\/\" \/>\n<meta property=\"og:locale\" content=\"es_ES\" \/>\n<meta property=\"og:type\" content=\"article\" \/>\n<meta property=\"og:title\" content=\"LV-Pack\" \/>\n<meta property=\"og:description\" content=\"La LV-Pack es una caldera el\u00e9ctrica industrial de bajo voltaje especialmente dise\u00f1ada para ofrecer la m\u00e1xima eficiencia con cero emisiones de CO2 y NOx.\" \/>\n<meta property=\"og:url\" content=\"https:\/\/www.babcock-wanson.com\/es\/productos\/calderas-electricas-industriales\/lv-pack\/\" \/>\n<meta property=\"og:site_name\" content=\"Babcock Wanson\" \/>\n<meta property=\"article:modified_time\" content=\"2024-07-03T15:53:44+00:00\" \/>\n<meta property=\"og:image\" content=\"https:\/\/www.babcock-wanson.com\/wp-content\/uploads\/2024\/03\/Electrical-Boilers_LV-Pack_1.jpg\" \/>\n\t<meta property=\"og:image:width\" content=\"600\" \/>\n\t<meta property=\"og:image:height\" content=\"400\" \/>\n\t<meta property=\"og:image:type\" content=\"image\/jpeg\" \/>\n<meta name=\"twitter:card\" content=\"summary_large_image\" \/>\n<meta name=\"twitter:label1\" content=\"Est. reading time\" \/>\n\t<meta name=\"twitter:data1\" content=\"4 minutos\" \/>\n<script type=\"application\/ld+json\" class=\"yoast-schema-graph\">{\"@context\":\"https:\/\/schema.org\",\"@graph\":[{\"@type\":\"WebPage\",\"@id\":\"https:\/\/www.babcock-wanson.com\/es\/productos\/calderas-electricas-industriales\/lv-pack\/\",\"url\":\"https:\/\/www.babcock-wanson.com\/es\/productos\/calderas-electricas-industriales\/lv-pack\/\",\"name\":\"LV-Pack - Babcock Wanson\",\"isPartOf\":{\"@id\":\"https:\/\/www.babcock-wanson.com\/es\/#website\"},\"primaryImageOfPage\":{\"@id\":\"https:\/\/www.babcock-wanson.com\/es\/productos\/calderas-electricas-industriales\/lv-pack\/#primaryimage\"},\"image\":{\"@id\":\"https:\/\/www.babcock-wanson.com\/es\/productos\/calderas-electricas-industriales\/lv-pack\/#primaryimage\"},\"thumbnailUrl\":\"https:\/\/www.babcock-wanson.com\/wp-content\/uploads\/2024\/03\/Electrical-Boilers_LV-Pack_1.jpg\",\"datePublished\":\"2024-03-28T14:40:21+00:00\",\"dateModified\":\"2024-07-03T15:53:44+00:00\",\"description\":\"La LV-Pack es una caldera el\u00e9ctrica industrial de bajo voltaje especialmente dise\u00f1ada para ofrecer la m\u00e1xima eficiencia con cero emisiones de CO2 y NOx.\",\"breadcrumb\":{\"@id\":\"https:\/\/www.babcock-wanson.com\/es\/productos\/calderas-electricas-industriales\/lv-pack\/#breadcrumb\"},\"inLanguage\":\"es\",\"potentialAction\":[{\"@type\":\"ReadAction\",\"target\":[\"https:\/\/www.babcock-wanson.com\/es\/productos\/calderas-electricas-industriales\/lv-pack\/\"]}]},{\"@type\":\"ImageObject\",\"inLanguage\":\"es\",\"@id\":\"https:\/\/www.babcock-wanson.com\/es\/productos\/calderas-electricas-industriales\/lv-pack\/#primaryimage\",\"url\":\"https:\/\/www.babcock-wanson.com\/wp-content\/uploads\/2024\/03\/Electrical-Boilers_LV-Pack_1.jpg\",\"contentUrl\":\"https:\/\/www.babcock-wanson.com\/wp-content\/uploads\/2024\/03\/Electrical-Boilers_LV-Pack_1.jpg\",\"width\":600,\"height\":400},{\"@type\":\"BreadcrumbList\",\"@id\":\"https:\/\/www.babcock-wanson.com\/es\/productos\/calderas-electricas-industriales\/lv-pack\/#breadcrumb\",\"itemListElement\":[{\"@type\":\"ListItem\",\"position\":1,\"name\":\"Inicio\",\"item\":\"https:\/\/www.babcock-wanson.com\/es\/\"},{\"@type\":\"ListItem\",\"position\":2,\"name\":\"Productos\",\"item\":\"https:\/\/www.babcock-wanson.com\/es\/shop\/\"},{\"@type\":\"ListItem\",\"position\":3,\"name\":\"Calderas el\u00e9ctricas industriales\",\"item\":\"https:\/\/www.babcock-wanson.com\/es\/categoria-producto\/calderas-electricas-industriales\/\"},{\"@type\":\"ListItem\",\"position\":4,\"name\":\"LV-Pack\"}]},{\"@type\":\"WebSite\",\"@id\":\"https:\/\/www.babcock-wanson.com\/es\/#website\",\"url\":\"https:\/\/www.babcock-wanson.com\/es\/\",\"name\":\"Babcock Wanson\",\"description\":\"\",\"publisher\":{\"@id\":\"https:\/\/www.babcock-wanson.com\/es\/#organization\"},\"potentialAction\":[{\"@type\":\"SearchAction\",\"target\":{\"@type\":\"EntryPoint\",\"urlTemplate\":\"https:\/\/www.babcock-wanson.com\/es\/?s={search_term_string}\"},\"query-input\":{\"@type\":\"PropertyValueSpecification\",\"valueRequired\":true,\"valueName\":\"search_term_string\"}}],\"inLanguage\":\"es\"},{\"@type\":\"Organization\",\"@id\":\"https:\/\/www.babcock-wanson.com\/es\/#organization\",\"name\":\"Babcock Wanson\",\"url\":\"https:\/\/www.babcock-wanson.com\/es\/\",\"logo\":{\"@type\":\"ImageObject\",\"inLanguage\":\"es\",\"@id\":\"https:\/\/www.babcock-wanson.com\/es\/#\/schema\/logo\/image\/\",\"url\":\"https:\/\/www.babcock-wanson.com\/wp-content\/uploads\/2024\/02\/Babcock-Wanson-1200x1200-1.png\",\"contentUrl\":\"https:\/\/www.babcock-wanson.com\/wp-content\/uploads\/2024\/02\/Babcock-Wanson-1200x1200-1.png\",\"width\":1200,\"height\":1200,\"caption\":\"Babcock Wanson\"},\"image\":{\"@id\":\"https:\/\/www.babcock-wanson.com\/es\/#\/schema\/logo\/image\/\"},\"sameAs\":[\"https:\/\/www.linkedin.com\/company\/babcock-wanson\/\",\"https:\/\/www.youtube.com\/channel\/UCtxl25VieBBsP2kYmtlyv7A\"]}]}<\/script>\n<!-- \/ Yoast SEO Premium plugin. -->","yoast_head_json":{"title":"LV-Pack - Babcock Wanson","description":"La LV-Pack es una caldera el\u00e9ctrica industrial de bajo voltaje especialmente dise\u00f1ada para ofrecer la m\u00e1xima eficiencia con cero emisiones de CO2 y NOx.","robots":{"index":"index","follow":"follow","max-snippet":"max-snippet:-1","max-image-preview":"max-image-preview:large","max-video-preview":"max-video-preview:-1"},"canonical":"https:\/\/www.babcock-wanson.com\/es\/productos\/calderas-electricas-industriales\/lv-pack\/","og_locale":"es_ES","og_type":"article","og_title":"LV-Pack","og_description":"La LV-Pack es una caldera el\u00e9ctrica industrial de bajo voltaje especialmente dise\u00f1ada para ofrecer la m\u00e1xima eficiencia con cero emisiones de CO2 y NOx.","og_url":"https:\/\/www.babcock-wanson.com\/es\/productos\/calderas-electricas-industriales\/lv-pack\/","og_site_name":"Babcock Wanson","article_modified_time":"2024-07-03T15:53:44+00:00","og_image":[{"width":600,"height":400,"url":"https:\/\/www.babcock-wanson.com\/wp-content\/uploads\/2024\/03\/Electrical-Boilers_LV-Pack_1.jpg","type":"image\/jpeg"}],"twitter_card":"summary_large_image","twitter_misc":{"Est. reading time":"4 minutos"},"schema":{"@context":"https:\/\/schema.org","@graph":[{"@type":"WebPage","@id":"https:\/\/www.babcock-wanson.com\/es\/productos\/calderas-electricas-industriales\/lv-pack\/","url":"https:\/\/www.babcock-wanson.com\/es\/productos\/calderas-electricas-industriales\/lv-pack\/","name":"LV-Pack - Babcock Wanson","isPartOf":{"@id":"https:\/\/www.babcock-wanson.com\/es\/#website"},"primaryImageOfPage":{"@id":"https:\/\/www.babcock-wanson.com\/es\/productos\/calderas-electricas-industriales\/lv-pack\/#primaryimage"},"image":{"@id":"https:\/\/www.babcock-wanson.com\/es\/productos\/calderas-electricas-industriales\/lv-pack\/#primaryimage"},"thumbnailUrl":"https:\/\/www.babcock-wanson.com\/wp-content\/uploads\/2024\/03\/Electrical-Boilers_LV-Pack_1.jpg","datePublished":"2024-03-28T14:40:21+00:00","dateModified":"2024-07-03T15:53:44+00:00","description":"La LV-Pack es una caldera el\u00e9ctrica industrial de bajo voltaje especialmente dise\u00f1ada para ofrecer la m\u00e1xima eficiencia con cero emisiones de CO2 y NOx.","breadcrumb":{"@id":"https:\/\/www.babcock-wanson.com\/es\/productos\/calderas-electricas-industriales\/lv-pack\/#breadcrumb"},"inLanguage":"es","potentialAction":[{"@type":"ReadAction","target":["https:\/\/www.babcock-wanson.com\/es\/productos\/calderas-electricas-industriales\/lv-pack\/"]}]},{"@type":"ImageObject","inLanguage":"es","@id":"https:\/\/www.babcock-wanson.com\/es\/productos\/calderas-electricas-industriales\/lv-pack\/#primaryimage","url":"https:\/\/www.babcock-wanson.com\/wp-content\/uploads\/2024\/03\/Electrical-Boilers_LV-Pack_1.jpg","contentUrl":"https:\/\/www.babcock-wanson.com\/wp-content\/uploads\/2024\/03\/Electrical-Boilers_LV-Pack_1.jpg","width":600,"height":400},{"@type":"BreadcrumbList","@id":"https:\/\/www.babcock-wanson.com\/es\/productos\/calderas-electricas-industriales\/lv-pack\/#breadcrumb","itemListElement":[{"@type":"ListItem","position":1,"name":"Inicio","item":"https:\/\/www.babcock-wanson.com\/es\/"},{"@type":"ListItem","position":2,"name":"Productos","item":"https:\/\/www.babcock-wanson.com\/es\/shop\/"},{"@type":"ListItem","position":3,"name":"Calderas el\u00e9ctricas industriales","item":"https:\/\/www.babcock-wanson.com\/es\/categoria-producto\/calderas-electricas-industriales\/"},{"@type":"ListItem","position":4,"name":"LV-Pack"}]},{"@type":"WebSite","@id":"https:\/\/www.babcock-wanson.com\/es\/#website","url":"https:\/\/www.babcock-wanson.com\/es\/","name":"Babcock Wanson","description":"","publisher":{"@id":"https:\/\/www.babcock-wanson.com\/es\/#organization"},"potentialAction":[{"@type":"SearchAction","target":{"@type":"EntryPoint","urlTemplate":"https:\/\/www.babcock-wanson.com\/es\/?s={search_term_string}"},"query-input":{"@type":"PropertyValueSpecification","valueRequired":true,"valueName":"search_term_string"}}],"inLanguage":"es"},{"@type":"Organization","@id":"https:\/\/www.babcock-wanson.com\/es\/#organization","name":"Babcock Wanson","url":"https:\/\/www.babcock-wanson.com\/es\/","logo":{"@type":"ImageObject","inLanguage":"es","@id":"https:\/\/www.babcock-wanson.com\/es\/#\/schema\/logo\/image\/","url":"https:\/\/www.babcock-wanson.com\/wp-content\/uploads\/2024\/02\/Babcock-Wanson-1200x1200-1.png","contentUrl":"https:\/\/www.babcock-wanson.com\/wp-content\/uploads\/2024\/02\/Babcock-Wanson-1200x1200-1.png","width":1200,"height":1200,"caption":"Babcock Wanson"},"image":{"@id":"https:\/\/www.babcock-wanson.com\/es\/#\/schema\/logo\/image\/"},"sameAs":["https:\/\/www.linkedin.com\/company\/babcock-wanson\/","https:\/\/www.youtube.com\/channel\/UCtxl25VieBBsP2kYmtlyv7A"]}]}},"jetpack_sharing_enabled":true,"_links":{"self":[{"href":"https:\/\/www.babcock-wanson.com\/es\/wp-json\/wp\/v2\/product\/48339","targetHints":{"allow":["GET"]}}],"collection":[{"href":"https:\/\/www.babcock-wanson.com\/es\/wp-json\/wp\/v2\/product"}],"about":[{"href":"https:\/\/www.babcock-wanson.com\/es\/wp-json\/wp\/v2\/types\/product"}],"replies":[{"embeddable":true,"href":"https:\/\/www.babcock-wanson.com\/es\/wp-json\/wp\/v2\/comments?post=48339"}],"wp:featuredmedia":[{"embeddable":true,"href":"https:\/\/www.babcock-wanson.com\/es\/wp-json\/wp\/v2\/media\/47728"}],"wp:attachment":[{"href":"https:\/\/www.babcock-wanson.com\/es\/wp-json\/wp\/v2\/media?parent=48339"}],"wp:term":[{"taxonomy":"product_brand","embeddable":true,"href":"https:\/\/www.babcock-wanson.com\/es\/wp-json\/wp\/v2\/product_brand?post=48339"},{"taxonomy":"product_cat","embeddable":true,"href":"https:\/\/www.babcock-wanson.com\/es\/wp-json\/wp\/v2\/product_cat?post=48339"},{"taxonomy":"product_tag","embeddable":true,"href":"https:\/\/www.babcock-wanson.com\/es\/wp-json\/wp\/v2\/product_tag?post=48339"}],"curies":[{"name":"wp","href":"https:\/\/api.w.org\/{rel}","templated":true}]}}