{"id":22712,"date":"2018-05-22T09:30:40","date_gmt":"2018-05-22T08:30:40","guid":{"rendered":"https:\/\/www.babcock-wanson.com\/qui-sommes-nous\/"},"modified":"2025-04-18T09:05:39","modified_gmt":"2025-04-18T08:05:39","slug":"qui-sommes-nous","status":"publish","type":"page","link":"https:\/\/www.babcock-wanson.com\/fr\/qui-sommes-nous\/","title":{"rendered":"Qui sommes-nous?"},"content":{"rendered":"<div class=\"vgblk-rw-wrapper limit-wrapper\">\n\n\t<h2><strong>Babcock Wanson<\/strong> est un fournisseur international majeur d&rsquo;\u00e9quipements et de solutions de chaufferie industrielle.<\/h2>\n\t<h4>Fort de plus de 100 ans d&rsquo;exp\u00e9rience, <strong>Babcock Wanson<\/strong> est un fournisseur international majeur d&rsquo;\u00e9quipements et de solutions de chaufferie industrielle. Nous avons des filiales dans huit pays en Europe et au-del\u00e0, deux sites de fabrication, et un r\u00e9seau mondial de partenaires commerciaux et techniques.<\/h4>\n<h2>\n\tPourquoi choisir Babcock Wanson ? \n\t<\/h2>\n\t<p>Nous donnons le meilleur de nous-m\u00eame pour nous am\u00e9liorer jour apr\u00e8s jour, et sommes fiers d&rsquo;\u00eatre l&rsquo;un des principaux fournisseurs mondiaux de mat\u00e9riel de chaufferie industrielle et de services associ\u00e9s.<\/p>\n<p>Les clients <strong>Babcock Wanson<\/strong> b\u00e9n\u00e9ficient ainsi\u00a0:<\/p>\n<ul>\n<li>D&rsquo;une gamme de produits m\u00ealant efficacit\u00e9 \u00e9nerg\u00e9tique et performance \u00e9cologique<\/li>\n<li>De produits \u00e0 la pointe de l&rsquo;innovation<\/li>\n<li>De la force d&rsquo;un r\u00e9seau international, soutenu par un service de proximit\u00e9<\/li>\n<li>D&rsquo;une gamme exceptionnellement large de solutions de chaufferies industrielles pour r\u00e9pondre aux besoins des clients<\/li>\n<li>De plus d&rsquo;un si\u00e8cle d&rsquo;exp\u00e9rience et d&rsquo;expertise en ing\u00e9nierie<\/li>\n<li>Des solutions sur mesure allant du produit aux contrats de maintenance et de <a href=\"https:\/\/www.babcock-wanson.com\/fr\/nos-services\/formation\/\" rel=\"noopener\" target=\"_blank\">formation<\/a> (solutions cl\u00e9s en main)<\/li>\n<li>D&rsquo;un <a href=\"https:\/\/www.babcock-wanson.com\/fr\/nos-services\/services-apres-vente\/\" rel=\"noopener\" target=\"_blank\">service apr\u00e8s-vente<\/a> complet<\/li>\n<li>D&rsquo;une approche bas\u00e9e sur la recherche de solutions adapt\u00e9es et personnalis\u00e9es<\/li>\n<li>De milliers d&rsquo;installations et de clients satisfaits<\/li>\n<\/ul>\n<h2>\n\t\u00c9tudes de cas &amp; <b>Projets<\/b>\n\t<\/h2>\n\t\t\t100,000+\n<h5>\n\tProduits Install\u00e9s\n\t<\/h5>\n\t<p>+ de 100 000 produits et \u00e9quipements install\u00e9s dans plus de 100 pays \u00e0 travers le monde.<\/p>\n\t\t\t100+\n<h5>\n\tPays Couverts\n\t<\/h5>\n\t<p>+ de 430 installations d&rsquo;<a href=\"https:\/\/www.babcock-wanson.com\/fr\/categorie-produit\/oxydateurs-thermiques\/\" rel=\"noopener\" target=\"_blank\">oxydateurs thermiques<\/a> de COV et de r\u00e9duction des odeurs \u00e0 travers le monde.<\/p>\n\t\t\t50k\n<h5>\n\tClients Satisfaits \n\t<\/h5>\n\t<p>7 000 <a href=\"https:\/\/www.babcock-wanson.com\/fr\/categorie-produit\/chaudieres-vapeur\/\" rel=\"noopener\" target=\"_blank\">chaudi\u00e8res industrielles<\/a> op\u00e9rationnelles et plus de 4500 contrats d&rsquo;entretien.<\/p>\n<h4>\n\tVision \n\t<\/h4>\n\t<p>Babcock Wanson aspire \u00e0 \u00eatre la soci\u00e9t\u00e9 leader dans la conception, la vente et l&rsquo;installation de <a href=\"https:\/\/www.babcock-wanson.com\/fr\/categorie-produit\/chaudieres-vapeur\/\" rel=\"noopener\" target=\"_blank\">chaudi\u00e8res industrielles<\/a>, d&rsquo;<a href=\"https:\/\/www.babcock-wanson.com\/fr\/categorie-produit\/oxydateurs-thermiques\/\" rel=\"noopener\" target=\"_blank\">oxydateurs thermiques<\/a>, de br\u00fbleurs et de syst\u00e8mes de traitement des eaux industrielles.<\/p>\n<h4>\n\tMission\n\t<\/h4>\n\t<p>Convaincus que la gestion des ressources \u00e9nerg\u00e9tiques d\u00e9terminera le monde de demain, nous visons \u00e0 optimiser la consommation d&rsquo;\u00e9nergie et \u00e0 r\u00e9duire l&rsquo;impact environnemental de tous nos clients industriels.<\/p>\n<h4>\n\tValeurs\n\t<\/h4>\n\t<p>Nos ma\u00eetres mots : fiabilit\u00e9, innovation, compr\u00e9hension des besoins du client et bienveillance envers nos collaborateurs.<\/p>\n<h2>\n\tUne dimension <b>internationale<\/b>\n\t<\/h2>\n\t<p>Depuis ses d\u00e9buts \u00e0 la fin du 19e si\u00e8cle, <strong>Babcock Wanson<\/strong> s&rsquo;est impos\u00e9 comme un important fournisseur international d&rsquo;\u00e9quipements et de solutions de chaufferie industrielle.<\/p>\n<ul>\n<li>Une organisation internationale avec huit filiales en Europe et au-del\u00e0.<\/li>\n<li>Deux usines de fabrication de premier plan en Europe, ainsi que plusieurs centres d&rsquo;ing\u00e9nierie et d&rsquo;assemblage.<\/li>\n<li>+ de 600 collaborateurs, dont plus de la moiti\u00e9\u00a0d\u00e9di\u00e9e au service apr\u00e8s-vente<\/li>\n<li>Un r\u00e9seau mondial de partenaires commerciaux et techniques<\/li>\n<li>+ de 300 techniciens en Europe<\/li>\n<\/ul>\n<h2>\n\t\u00c9thique et <b>Conformit\u00e9<\/b>\n\t<\/h2>\n\t<p><strong>Babcock Wanson<\/strong> est r\u00e9put\u00e9 pour la qualit\u00e9 de ses solutions de chaufferie industrielle, du conseil \u00e0 la fabrication, en passant par la maintenance et le support.<\/p>\n<p>Le facteur cl\u00e9 de notre r\u00e9ussite r\u00e9side dans notre capacit\u00e9 \u00e0 offrir une gamme compl\u00e8te de produits et services pour les chaufferies et chauffage de proc\u00e9d\u00e9 ; tous adapt\u00e9s aux exigences individuelles des clients.<\/p>\n<ul>\n<li>Chaudi\u00e8res vapeur<\/li>\n<li><a href=\"https:\/\/www.babcock-wanson.com\/fr\/categorie-produit\/chaudieres-fluide-thermique\/\" rel=\"noopener\" target=\"_blank\">Chaudi\u00e8res \u00e0 fluide thermique<\/a><\/li>\n<li>Chaudi\u00e8res eau chaude<\/li>\n<li><a href=\"https:\/\/www.babcock-wanson.com\/fr\/categorie-produit\/chaudieres-de-recuperation\/\" rel=\"noopener\" target=\"_blank\">Syst\u00e8mes de r\u00e9cup\u00e9ration de chaleur<\/a><\/li>\n<li><a href=\"https:\/\/www.babcock-wanson.com\/fr\/categorie-produit\/bruleurs-industriels\/\" rel=\"noopener\" target=\"_blank\">Br\u00fbleurs industriels<\/a><\/li>\n<li><a href=\"https:\/\/www.babcock-wanson.com\/fr\/categorie-produit\/chauffage-de-procedes-et-locaux\/\" rel=\"noopener\" target=\"_blank\">Chauffage de proc\u00e9des et locaux<\/a><\/li>\n<li><a href=\"https:\/\/www.babcock-wanson.com\/fr\/categorie-produit\/traitement-de-leau\/\" rel=\"noopener\" target=\"_blank\">Traitement de l&rsquo;eau<\/a><\/li>\n<li><a href=\"https:\/\/www.babcock-wanson.com\/fr\/categorie-produit\/oxydateurs-thermiques\/\" rel=\"noopener\" target=\"_blank\">Oxydateurs de COV<\/a><\/li>\n<\/ul>\n<p>L&rsquo;installation et la maintenance des <a href=\"https:\/\/www.babcock-wanson.com\/fr\/produits\/\" rel=\"noopener\" target=\"_blank\">\u00e9quipements <strong>Babcock Wanson<\/strong><\/a> est enti\u00e8rement prise en charge, notamment par le biais de nos <a href=\"https:\/\/www.babcock-wanson.com\/fr\/nos-services\/contrats-de-maintenance\/\" rel=\"noopener\" target=\"_blank\">contrats de services et maintenance<\/a> sur mesure.<\/p>\n<h2>\n\tIndex <b>\u00e9galit\u00e9 professionnelle<\/b>\n\t<\/h2>\n\t<p>L&rsquo;<strong>index de l&rsquo;\u00e9galit\u00e9 professionnelle<\/strong> a \u00e9t\u00e9 con\u00e7u pour faire progresser au sein des entreprises l&rsquo;\u00e9galit\u00e9 salariale entre les femmes et les hommes. Il permet de mesurer, en toute transparence, les \u00e9carts de r\u00e9mun\u00e9ration entre les sexes et de mettre en \u00e9vidence leurs points de progression.<\/p>\n<p>Babcock Wanson obtient un score de <strong>89\/100<\/strong> \u00e0 l&rsquo;index \u00e9galit\u00e9 professionnelle 2024\u00a0!<\/p>\n<p>Un r\u00e9sultat qui t\u00e9moigne de nos actions concr\u00e8tes pour faire avancer l&rsquo;\u00e9galit\u00e9 au quotidien.<\/p>\n<ul>\n<li><strong>R\u00e9mun\u00e9ration 39\/40<\/strong><\/li>\n<li><strong>Augmentations 20\/20<\/strong><\/li>\n<li><strong>Promotions 15\/15<\/strong><\/li>\n<li><strong>Augmentations retour cong\u00e9s maternit\u00e9 15\/15<\/strong><\/li>\n<li><strong>R\u00e9partition parmi les plus hautes r\u00e9mun\u00e9rations 0\/10<\/strong><\/li>\n<\/ul>\n\t\t\t\t<a href=\"\/fr?product_cat=chaudieres-a-vapeur\" target=\"_self\" itemprop=\"url\" title=\"Techniciens chaufferie industrielle\">\n\t\t\t\t\t\t\t<img loading=\"lazy\" decoding=\"async\" src=\"https:\/\/www.babcock-wanson.com\/wp-content\/uploads\/2018\/07\/Technicians-small.jpg\" alt=\"Techniciens chaufferie industrielle\" itemprop=\"image\" height=\"372\" width=\"324\" data-link-type=\"url\" title=\"Techniciens chaufferie industrielle\" onerror=\"this.style.display='none'\"  sizes=\"auto, (max-width: 768px) 100vw, 100vw\"\/>\t\t\t\t\t\t<\/a>\n\t<p><a href=\"https:\/\/www.babcock-wanson.com\/fr\/categorie-produit\/chaudieres-vapeur\/\">La Solution Chaufferie<\/a><\/p>\n\t\t\t\t<a href=\"\/fr?product_cat=rechauffeurs-de-fluide-thermique\" target=\"_self\" itemprop=\"url\" title=\"Fluide thermique\">\n\t\t\t\t\t\t\t<img loading=\"lazy\" decoding=\"async\" src=\"https:\/\/www.babcock-wanson.com\/wp-content\/uploads\/2019\/04\/thermal-fluid-small.jpg\" alt=\"Fluide thermique\" itemprop=\"image\" height=\"372\" width=\"324\" data-link-type=\"url\" title=\"Fluide thermique\" onerror=\"this.style.display='none'\"  sizes=\"auto, (max-width: 768px) 100vw, 100vw\" srcset=\"https:\/\/www.babcock-wanson.com\/wp-content\/uploads\/2019\/04\/thermal-fluid-small.jpg 324w, https:\/\/www.babcock-wanson.com\/wp-content\/uploads\/2019\/04\/thermal-fluid-small-261x300.jpg 261w, https:\/\/www.babcock-wanson.com\/wp-content\/uploads\/2019\/04\/thermal-fluid-small-315x362.jpg 315w\" \/>\t\t\t\t\t\t<\/a>\n\t<p><a href=\"https:\/\/www.babcock-wanson.com\/fr\/categorie-produit\/chaudieres-fluide-thermique\/\">Chaudi\u00e8res Fluide Thermique<\/a><\/p>\n\t\t\t\t<a href=\"\/fr?product_cat=rechauffeurs-dair-industriels\" target=\"_self\" itemprop=\"url\" title=\"Chauffage de proc\u00e9d\u00e9s\">\n\t\t\t\t\t\t\t<img loading=\"lazy\" decoding=\"async\" src=\"https:\/\/www.babcock-wanson.com\/wp-content\/uploads\/2019\/04\/process-air-heating-small.jpg\" alt=\"Chauffage de proc\u00e9d\u00e9s\" itemprop=\"image\" height=\"372\" width=\"324\" data-link-type=\"url\" title=\"Chauffage de proc\u00e9d\u00e9s\" onerror=\"this.style.display='none'\"  sizes=\"auto, (max-width: 768px) 100vw, 100vw\" srcset=\"https:\/\/www.babcock-wanson.com\/wp-content\/uploads\/2019\/04\/process-air-heating-small.jpg 324w, https:\/\/www.babcock-wanson.com\/wp-content\/uploads\/2019\/04\/process-air-heating-small-261x300.jpg 261w, https:\/\/www.babcock-wanson.com\/wp-content\/uploads\/2019\/04\/process-air-heating-small-315x362.jpg 315w\" \/>\t\t\t\t\t\t<\/a>\n\t<p><a href=\"https:\/\/www.babcock-wanson.com\/fr\/categorie-produit\/chauffage-de-procedes-et-locaux\/\">Chauffage de Proc\u00e9d\u00e9s et Locaux<\/a><\/p>\n\t\t\t\t<a href=\"\/fr?product_cat=oxydants-thermiques\" target=\"_self\" itemprop=\"url\" title=\"Oxydateurs thermiques\">\n\t\t\t\t\t\t\t<img loading=\"lazy\" decoding=\"async\" src=\"https:\/\/www.babcock-wanson.com\/wp-content\/uploads\/2019\/04\/thermal-oxidisers-small.jpg\" alt=\"Oxydateurs thermiques\" itemprop=\"image\" height=\"372\" width=\"324\" data-link-type=\"url\" title=\"Oxydateurs thermiques\" onerror=\"this.style.display='none'\"  sizes=\"auto, (max-width: 768px) 100vw, 100vw\" srcset=\"https:\/\/www.babcock-wanson.com\/wp-content\/uploads\/2019\/04\/thermal-oxidisers-small.jpg 324w, https:\/\/www.babcock-wanson.com\/wp-content\/uploads\/2019\/04\/thermal-oxidisers-small-261x300.jpg 261w, https:\/\/www.babcock-wanson.com\/wp-content\/uploads\/2019\/04\/thermal-oxidisers-small-315x362.jpg 315w\" \/>\t\t\t\t\t\t<\/a>\n\t<p><a href=\"https:\/\/www.babcock-wanson.com\/fr\/categorie-produit\/oxydateurs-thermiques\/\">Expert en Oxydation Thermique<\/a><\/p>\n<h5>\n\tChaudi\u00e8res industrielles et services associ\u00e9s\n\t<\/h5>\n\t<a href=\"https:\/\/www.babcock-wanson.com\/fr\/nos-produits\/\" target=\"_self\" role=\"button\">\n\t\t\t\t\tD\u00e9couvrez notre vaste gamme de produits\n\t<\/a>\n\t<ul>\n<li>Br\u00fbleurs int\u00e9gr\u00e9s (gaz, fioul ou bicombustible)<\/li>\n<li>Adapt\u00e9s aux exigences de l&rsquo;industrie moderne<\/li>\n<li>Peu encombrants, faciles \u00e0 utiliser et \u00e9conomes en \u00e9nergie<\/li>\n<\/ul>\n\t<ul>\n<li>Large gamme de d\u00e9bits et de pression de l&rsquo;air puls\u00e9<\/li>\n<li>Grande variation des temp\u00e9ratures en sortie<\/li>\n<li>Emp\u00eache la mise en contact des flux d&rsquo;air trait\u00e9s avec les produits de combustion<\/li>\n<\/ul>\n\t<ul>\n<li>Une expertise in\u00e9gal\u00e9e en mati\u00e8re d&rsquo;oxydation thermique<\/li>\n<li>Faibles d\u00e9penses de fonctionnement \u00e0 long terme<\/li>\n<li>Technologie de concentration des adsorption<\/li>\n<\/ul>\n<h2>\n\t\u00catre <b>rappel\u00e9 &#8230; <\/b>\n\t<\/h2>\n<h4>\n\tLa conception de nos produits et l&rsquo;organisation de nos services sont pens\u00e9es pour r\u00e9pondre aux besoins de nos clients.\n\t<\/h4>\n\tRemarque &#8211; JavaScript est requis pour ce contenu.\n        <!-- That data is being printed as a workaround to page builders reordering the order of the scripts loaded-->\n        \n<\/div><!-- .vgblk-rw-wrapper -->","protected":false},"excerpt":{"rendered":"<p>Babcock Wanson est un fournisseur international majeur d&rsquo;\u00e9quipements et de solutions de chaufferie industrielle. Fort de plus de 100 ans d&rsquo;exp\u00e9rience, Babcock Wanson est un fournisseur international majeur d&rsquo;\u00e9quipements et de solutions de chaufferie industrielle. Nous avons des filiales dans huit pays en Europe et au-del\u00e0, deux sites de fabrication, et un r\u00e9seau mondial de&#8230;<\/p>\n","protected":false},"author":1,"featured_media":0,"parent":0,"menu_order":0,"comment_status":"closed","ping_status":"closed","template":"","meta":{"_acf_changed":false,"_relevanssi_hide_post":"","_relevanssi_hide_content":"","_relevanssi_pin_for_all":"","_relevanssi_pin_keywords":"","_relevanssi_unpin_keywords":"","_relevanssi_related_keywords":"","_relevanssi_related_include_ids":"","_relevanssi_related_exclude_ids":"","_relevanssi_related_no_append":"","_relevanssi_related_not_related":"","_relevanssi_related_posts":"","_relevanssi_noindex_reason":"","footnotes":""},"class_list":["post-22712","page","type-page","status-publish","hentry"],"acf":[],"yoast_head":"<!-- This site is optimized with the Yoast SEO Premium plugin v27.4 (Yoast SEO v27.4) - https:\/\/yoast.com\/product\/yoast-seo-premium-wordpress\/ -->\n<title>Qui sommes-nous? - Babcock Wanson<\/title>\n<meta name=\"description\" content=\"Babcock Wanson est un fournisseur international majeur d\u2019\u00e9quipements et de solutions de chaufferie industrielle.\" \/>\n<meta name=\"robots\" content=\"index, follow, max-snippet:-1, max-image-preview:large, max-video-preview:-1\" \/>\n<link rel=\"canonical\" href=\"https:\/\/www.babcock-wanson.com\/fr\/qui-sommes-nous\/\" \/>\n<meta property=\"og:locale\" content=\"fr_FR\" \/>\n<meta property=\"og:type\" content=\"article\" \/>\n<meta property=\"og:title\" content=\"Qui sommes-nous?\" \/>\n<meta property=\"og:description\" content=\"Babcock Wanson est un fournisseur international majeur d\u2019\u00e9quipements et de solutions de chaufferie industrielle.\" \/>\n<meta property=\"og:url\" content=\"https:\/\/www.babcock-wanson.com\/fr\/qui-sommes-nous\/\" \/>\n<meta property=\"og:site_name\" content=\"Babcock Wanson\" \/>\n<meta property=\"article:modified_time\" content=\"2025-04-18T08:05:39+00:00\" \/>\n<meta property=\"og:image\" content=\"https:\/\/www.babcock-wanson.com\/wp-content\/uploads\/2018\/07\/Technicians-small.jpg\" \/>\n<meta name=\"twitter:card\" content=\"summary_large_image\" \/>\n<meta name=\"twitter:label1\" content=\"Est. reading time\" \/>\n\t<meta name=\"twitter:data1\" content=\"4 minutes\" \/>\n<script type=\"application\/ld+json\" class=\"yoast-schema-graph\">{\"@context\":\"https:\\\/\\\/schema.org\",\"@graph\":[{\"@type\":\"WebPage\",\"@id\":\"https:\\\/\\\/www.babcock-wanson.com\\\/fr\\\/qui-sommes-nous\\\/\",\"url\":\"https:\\\/\\\/www.babcock-wanson.com\\\/fr\\\/qui-sommes-nous\\\/\",\"name\":\"Qui sommes-nous? - Babcock Wanson\",\"isPartOf\":{\"@id\":\"https:\\\/\\\/www.babcock-wanson.com\\\/fr\\\/#website\"},\"primaryImageOfPage\":{\"@id\":\"https:\\\/\\\/www.babcock-wanson.com\\\/fr\\\/qui-sommes-nous\\\/#primaryimage\"},\"image\":{\"@id\":\"https:\\\/\\\/www.babcock-wanson.com\\\/fr\\\/qui-sommes-nous\\\/#primaryimage\"},\"thumbnailUrl\":\"https:\\\/\\\/www.babcock-wanson.com\\\/wp-content\\\/uploads\\\/2018\\\/07\\\/Technicians-small.jpg\",\"datePublished\":\"2018-05-22T08:30:40+00:00\",\"dateModified\":\"2025-04-18T08:05:39+00:00\",\"description\":\"Babcock Wanson est un fournisseur international majeur d\u2019\u00e9quipements et de solutions de chaufferie industrielle.\",\"breadcrumb\":{\"@id\":\"https:\\\/\\\/www.babcock-wanson.com\\\/fr\\\/qui-sommes-nous\\\/#breadcrumb\"},\"inLanguage\":\"fr-FR\",\"potentialAction\":[{\"@type\":\"ReadAction\",\"target\":[\"https:\\\/\\\/www.babcock-wanson.com\\\/fr\\\/qui-sommes-nous\\\/\"]}]},{\"@type\":\"ImageObject\",\"inLanguage\":\"fr-FR\",\"@id\":\"https:\\\/\\\/www.babcock-wanson.com\\\/fr\\\/qui-sommes-nous\\\/#primaryimage\",\"url\":\"https:\\\/\\\/www.babcock-wanson.com\\\/wp-content\\\/uploads\\\/2018\\\/07\\\/Technicians-small.jpg\",\"contentUrl\":\"https:\\\/\\\/www.babcock-wanson.com\\\/wp-content\\\/uploads\\\/2018\\\/07\\\/Technicians-small.jpg\"},{\"@type\":\"BreadcrumbList\",\"@id\":\"https:\\\/\\\/www.babcock-wanson.com\\\/fr\\\/qui-sommes-nous\\\/#breadcrumb\",\"itemListElement\":[{\"@type\":\"ListItem\",\"position\":1,\"name\":\"Accueil\",\"item\":\"https:\\\/\\\/www.babcock-wanson.com\\\/fr\\\/\"},{\"@type\":\"ListItem\",\"position\":2,\"name\":\"Qui sommes-nous?\"}]},{\"@type\":\"WebSite\",\"@id\":\"https:\\\/\\\/www.babcock-wanson.com\\\/fr\\\/#website\",\"url\":\"https:\\\/\\\/www.babcock-wanson.com\\\/fr\\\/\",\"name\":\"Babcock Wanson\",\"description\":\"\",\"publisher\":{\"@id\":\"https:\\\/\\\/www.babcock-wanson.com\\\/fr\\\/#organization\"},\"potentialAction\":[{\"@type\":\"SearchAction\",\"target\":{\"@type\":\"EntryPoint\",\"urlTemplate\":\"https:\\\/\\\/www.babcock-wanson.com\\\/fr\\\/?s={search_term_string}\"},\"query-input\":{\"@type\":\"PropertyValueSpecification\",\"valueRequired\":true,\"valueName\":\"search_term_string\"}}],\"inLanguage\":\"fr-FR\"},{\"@type\":\"Organization\",\"@id\":\"https:\\\/\\\/www.babcock-wanson.com\\\/fr\\\/#organization\",\"name\":\"Babcock Wanson\",\"url\":\"https:\\\/\\\/www.babcock-wanson.com\\\/fr\\\/\",\"logo\":{\"@type\":\"ImageObject\",\"inLanguage\":\"fr-FR\",\"@id\":\"https:\\\/\\\/www.babcock-wanson.com\\\/fr\\\/#\\\/schema\\\/logo\\\/image\\\/\",\"url\":\"https:\\\/\\\/www.babcock-wanson.com\\\/wp-content\\\/uploads\\\/2024\\\/02\\\/Babcock-Wanson-1200x1200-1.png\",\"contentUrl\":\"https:\\\/\\\/www.babcock-wanson.com\\\/wp-content\\\/uploads\\\/2024\\\/02\\\/Babcock-Wanson-1200x1200-1.png\",\"width\":1200,\"height\":1200,\"caption\":\"Babcock Wanson\"},\"image\":{\"@id\":\"https:\\\/\\\/www.babcock-wanson.com\\\/fr\\\/#\\\/schema\\\/logo\\\/image\\\/\"},\"sameAs\":[\"https:\\\/\\\/www.linkedin.com\\\/company\\\/babcock-wanson\\\/\",\"https:\\\/\\\/www.youtube.com\\\/channel\\\/UCtxl25VieBBsP2kYmtlyv7A\"]}]}<\/script>\n<!-- \/ Yoast SEO Premium plugin. -->","yoast_head_json":{"title":"Qui sommes-nous? - Babcock Wanson","description":"Babcock Wanson est un fournisseur international majeur d\u2019\u00e9quipements et de solutions de chaufferie industrielle.","robots":{"index":"index","follow":"follow","max-snippet":"max-snippet:-1","max-image-preview":"max-image-preview:large","max-video-preview":"max-video-preview:-1"},"canonical":"https:\/\/www.babcock-wanson.com\/fr\/qui-sommes-nous\/","og_locale":"fr_FR","og_type":"article","og_title":"Qui sommes-nous?","og_description":"Babcock Wanson est un fournisseur international majeur d\u2019\u00e9quipements et de solutions de chaufferie industrielle.","og_url":"https:\/\/www.babcock-wanson.com\/fr\/qui-sommes-nous\/","og_site_name":"Babcock Wanson","article_modified_time":"2025-04-18T08:05:39+00:00","og_image":[{"url":"https:\/\/www.babcock-wanson.com\/wp-content\/uploads\/2018\/07\/Technicians-small.jpg","type":"","width":"","height":""}],"twitter_card":"summary_large_image","twitter_misc":{"Est. reading time":"4 minutes"},"schema":{"@context":"https:\/\/schema.org","@graph":[{"@type":"WebPage","@id":"https:\/\/www.babcock-wanson.com\/fr\/qui-sommes-nous\/","url":"https:\/\/www.babcock-wanson.com\/fr\/qui-sommes-nous\/","name":"Qui sommes-nous? - Babcock Wanson","isPartOf":{"@id":"https:\/\/www.babcock-wanson.com\/fr\/#website"},"primaryImageOfPage":{"@id":"https:\/\/www.babcock-wanson.com\/fr\/qui-sommes-nous\/#primaryimage"},"image":{"@id":"https:\/\/www.babcock-wanson.com\/fr\/qui-sommes-nous\/#primaryimage"},"thumbnailUrl":"https:\/\/www.babcock-wanson.com\/wp-content\/uploads\/2018\/07\/Technicians-small.jpg","datePublished":"2018-05-22T08:30:40+00:00","dateModified":"2025-04-18T08:05:39+00:00","description":"Babcock Wanson est un fournisseur international majeur d\u2019\u00e9quipements et de solutions de chaufferie industrielle.","breadcrumb":{"@id":"https:\/\/www.babcock-wanson.com\/fr\/qui-sommes-nous\/#breadcrumb"},"inLanguage":"fr-FR","potentialAction":[{"@type":"ReadAction","target":["https:\/\/www.babcock-wanson.com\/fr\/qui-sommes-nous\/"]}]},{"@type":"ImageObject","inLanguage":"fr-FR","@id":"https:\/\/www.babcock-wanson.com\/fr\/qui-sommes-nous\/#primaryimage","url":"https:\/\/www.babcock-wanson.com\/wp-content\/uploads\/2018\/07\/Technicians-small.jpg","contentUrl":"https:\/\/www.babcock-wanson.com\/wp-content\/uploads\/2018\/07\/Technicians-small.jpg"},{"@type":"BreadcrumbList","@id":"https:\/\/www.babcock-wanson.com\/fr\/qui-sommes-nous\/#breadcrumb","itemListElement":[{"@type":"ListItem","position":1,"name":"Accueil","item":"https:\/\/www.babcock-wanson.com\/fr\/"},{"@type":"ListItem","position":2,"name":"Qui sommes-nous?"}]},{"@type":"WebSite","@id":"https:\/\/www.babcock-wanson.com\/fr\/#website","url":"https:\/\/www.babcock-wanson.com\/fr\/","name":"Babcock Wanson","description":"","publisher":{"@id":"https:\/\/www.babcock-wanson.com\/fr\/#organization"},"potentialAction":[{"@type":"SearchAction","target":{"@type":"EntryPoint","urlTemplate":"https:\/\/www.babcock-wanson.com\/fr\/?s={search_term_string}"},"query-input":{"@type":"PropertyValueSpecification","valueRequired":true,"valueName":"search_term_string"}}],"inLanguage":"fr-FR"},{"@type":"Organization","@id":"https:\/\/www.babcock-wanson.com\/fr\/#organization","name":"Babcock Wanson","url":"https:\/\/www.babcock-wanson.com\/fr\/","logo":{"@type":"ImageObject","inLanguage":"fr-FR","@id":"https:\/\/www.babcock-wanson.com\/fr\/#\/schema\/logo\/image\/","url":"https:\/\/www.babcock-wanson.com\/wp-content\/uploads\/2024\/02\/Babcock-Wanson-1200x1200-1.png","contentUrl":"https:\/\/www.babcock-wanson.com\/wp-content\/uploads\/2024\/02\/Babcock-Wanson-1200x1200-1.png","width":1200,"height":1200,"caption":"Babcock Wanson"},"image":{"@id":"https:\/\/www.babcock-wanson.com\/fr\/#\/schema\/logo\/image\/"},"sameAs":["https:\/\/www.linkedin.com\/company\/babcock-wanson\/","https:\/\/www.youtube.com\/channel\/UCtxl25VieBBsP2kYmtlyv7A"]}]}},"jetpack_sharing_enabled":true,"_links":{"self":[{"href":"https:\/\/www.babcock-wanson.com\/fr\/wp-json\/wp\/v2\/pages\/22712","targetHints":{"allow":["GET"]}}],"collection":[{"href":"https:\/\/www.babcock-wanson.com\/fr\/wp-json\/wp\/v2\/pages"}],"about":[{"href":"https:\/\/www.babcock-wanson.com\/fr\/wp-json\/wp\/v2\/types\/page"}],"author":[{"embeddable":true,"href":"https:\/\/www.babcock-wanson.com\/fr\/wp-json\/wp\/v2\/users\/1"}],"replies":[{"embeddable":true,"href":"https:\/\/www.babcock-wanson.com\/fr\/wp-json\/wp\/v2\/comments?post=22712"}],"version-history":[{"count":15,"href":"https:\/\/www.babcock-wanson.com\/fr\/wp-json\/wp\/v2\/pages\/22712\/revisions"}],"predecessor-version":[{"id":51955,"href":"https:\/\/www.babcock-wanson.com\/fr\/wp-json\/wp\/v2\/pages\/22712\/revisions\/51955"}],"wp:attachment":[{"href":"https:\/\/www.babcock-wanson.com\/fr\/wp-json\/wp\/v2\/media?parent=22712"}],"curies":[{"name":"wp","href":"https:\/\/api.w.org\/{rel}","templated":true}]}}