{"id":22747,"date":"2020-02-07T13:52:06","date_gmt":"2020-02-07T13:52:06","guid":{"rendered":"https:\/\/www.babcock-wanson.com\/qui-sommes-nous\/notre-histoire\/"},"modified":"2026-01-26T15:51:25","modified_gmt":"2026-01-26T15:51:25","slug":"notre-histoire","status":"publish","type":"page","link":"https:\/\/www.babcock-wanson.com\/fr\/qui-sommes-nous\/notre-histoire\/","title":{"rendered":"Notre histoire"},"content":{"rendered":"<div class=\"vgblk-rw-wrapper limit-wrapper\">\n<h2>\n\tAux origines de <strong>Babcock Wanson<\/strong>\n\t<\/h2>\n\t<p>Au fil des ans, Babcock Wanson a construit son expertise en int\u00e9grant des marques reconnues, comme Parent, Babcock, Bloctherm, Duquenne, Fluidothermus, Seum, Lardet, Goemine, Cobra, Vapor ou encore Safmat.<\/p>\n<h2>\n\tPremiers pas\n\t<\/h2>\n\t<p><strong>1898<\/strong>\u00a0Fondation de la soci\u00e9t\u00e9 fran\u00e7aise de construction Babcock &amp; Wilcox, issue de la Soci\u00e9t\u00e9 Am\u00e9ricaine de Production d&rsquo;\u00c9lectricit\u00e9.<\/p>\n<p><strong>1929\u00a0<\/strong>L\u00e9on Wanson cr\u00e9e la Wanson Company, appel\u00e9e \u00e0 l&rsquo;origine C.M.T (Thermal Equipment Construction).<\/p>\n<h2>\n\tB\u00e2tir sur des fondations solides\n\t<\/h2>\n\t<p><strong>1931<\/strong> L\u00e9on Wanson et son ami Alfred Parent choisissent un bison comme embl\u00e8me, pour refl\u00e9ter la stature et l&rsquo;\u00e9nergie de la compagnie.<\/p>\n<p><strong>1951<\/strong> Alfred Parent cr\u00e9e la soci\u00e9t\u00e9 Parent, dont le si\u00e8ge est \u00e0 N\u00e9rac (Lot-et-Garonne, France).<\/p>\n<h2>\n\tImplantation aux Royaume-Uni\n\t<\/h2>\n\t<p><strong>1956<\/strong> Cr\u00e9ation de Wanson Company au Royaume-Uni, qui deviendra plus tard Babcock Wanson UK.<\/p>\n<p><strong>1987<\/strong> La soci\u00e9t\u00e9 Parent int\u00e8gre le groupe Wanson.<\/p>\n<p><strong>1988<\/strong> Cr\u00e9ation de Babcock Entreprise par la fusion de la division chaudi\u00e8res Babcock &amp; Wilcox et de la soci\u00e9t\u00e9 Lardet Babcock.<\/p>\n<h2>\n\tL&rsquo;\u00e9poque CNIM\n\t<\/h2>\n\t<p><strong>1989<\/strong> Babcock Entreprise devient une filiale (\u00e0 100%) du groupe CNIM.<\/p>\n<p><strong>1990<\/strong> Acquisition par CNIM de Wanson et fusion avec la soci\u00e9t\u00e9 Babcock pour donner naissance \u00e0 Babcock Wanson.<\/p>\n<h2>\n\tExpansion europ\u00e9enne \n\t<\/h2>\n\t<p><strong>1992<\/strong> CNIM fait l&rsquo;acquisition de Italwanson qui devient Babcock Wanson Italiana.<\/p>\n<p><strong>1998<\/strong> CNIM cr\u00e9e une filiale en Europe centrale : CNIM Babcock Central Europe, qui deviendra plus tard Babcock Wanson Polska.<\/p>\n<p><strong>2008<\/strong> CYP Babcock Wanson est renomm\u00e9 Babcock Wanson Espa\u00f1a.<\/p>\n<h2>\n\tBabcock Wanson prend son ind\u00e9pendance\n\t<\/h2>\n\t<p><strong>2016<\/strong> Babcock Wanson devient ind\u00e9pendante du CNIM avec le soutien de la FCDE (Fonds de Consolidation et de D\u00e9veloppement des Entreprises &#8211; Consolidation and Business Development Fund) et se renouvelle avec une orientation plus internationale.<\/p>\n<p><strong>2017<\/strong> Babcock Wanson fait l&rsquo;acquisition de Reputabel Warmtetechniek aux Pays-Bas.<\/p>\n<p><strong>2020<\/strong> Babcock Wanson affirme sa strat\u00e9gie de proximit\u00e9 avec l&rsquo;acquisition de la soci\u00e9t\u00e9 Maes, en Belgique.<\/p>\n<p><strong>2021 :<\/strong> Kart\u00e9sia devient le nouvel actionnaire majoritaire de Babcock Wanson en lieu et place du F.C.D.E.<\/p>\n<p><strong>2021 :<\/strong> Babcock Wanson d\u00e9ploie sa politique de croissance externe. 3 nouvelles soci\u00e9t\u00e9s int\u00e8grent le groupe :  Thermigas (France), Steam Plant Engineering (Royaume-Uni) et Standard Fasel (Pays-Bas).<\/p>\n<h2>\n\tBabcock Wanson Group\n\t<\/h2>\n\t<p><strong>2022 :<\/strong> La politique de croissance et d&rsquo;acquisition men\u00e9e par Babcock Wanson d\u00e9bouche sur la cr\u00e9ation du <strong>Babcock Wanson Group<\/strong>, articul\u00e9 autour de 5 divisions : Chaudi\u00e8res &amp; br\u00fbleurs, Traitement de l&rsquo;air, Traitement de l&rsquo;eau, Solutions environnementales, Services<\/p>\n<p><strong>2022 :<\/strong> Donau Carbon Technologies rejoint le groupe Babcock Wanson qui renforce ainsi son offre de solutions environnementales.<\/p>\n<p><strong>2022 :<\/strong> Parat, acteur cl\u00e9 dans le domaine des chaudi\u00e8res \u00e0 \u00e9lectrodes int\u00e8gre le groupe Babcock Wanson.<\/p>\n<p><strong>2023 :<\/strong> PBS Power Equipements, fabricant tch\u00e8que de chaudi\u00e8res et de br\u00fbleurs rejoint le groupe Babcock Wanson.<\/p>\n<p><strong>2024 :<\/strong> Babcock Wanson Group entre sur le march\u00e9 allemand avec l&rsquo;acquisition du groupe VKK, expert dans le domaine de la technologie des chaudi\u00e8res industrielles.<\/p>\n<h3>\n\t\t\t<a href=\"https:\/\/www.babcock-wanson-group.com\/fr\/\" title=\"Le groupe Babcock Wanson comprend aujourd&#039;hui les entit\u00e9s suivantes :\" target=\"_blank\" rel=\"noopener\">\n\tLe groupe Babcock Wanson comprend aujourd&rsquo;hui les entit\u00e9s suivantes :\n\t\t\t<\/a>\n\t<\/h3>\n\t<ul>\n<li>Babcock Wanson (France)<\/li>\n<li>Thermigas (France)<\/li>\n<li>Babcock Wanson Italiana (Italie)<\/li>\n<li>Donau Carbon Technologies SRL (Italie)<\/li>\n<li>Reputabel Warmtetechniek (Pays-Bas)<\/li>\n<li>Standard Fasel (Pays-Bas)<\/li>\n<li>VKK Standard Kessel K\u00f6then Group (Allemagne)<\/li>\n<li>Parat Halvorsen AS (Norv\u00e8ge)<\/li>\n<li>Maes BVBA (Belgique)<\/li>\n<li>PBS Power Equipements (R\u00e9publique Tch\u00e8que)<\/li>\n<li>Babcock Wanson Polska (Pologne)<\/li>\n<li>Babcock-Wanson Portugal Unip, Lda (Portugal)<\/li>\n<li>Babcock Wanson Espa\u00f1a (Espagne)<\/li>\n<li>Babcock Wanson Tunisie (Tunisie)<\/li>\n<li>Babcock Wanson UK (Royaume-Uni)<\/li>\n<li>Steam Plant Engineering Ltd (Royaume-Uni)<\/li>\n<li>Babcock Wanson USA LLC (USA)<\/li>\n<\/ul>\n<p>Si vous souhaitez contacter l&rsquo;une de nos agences, veuillez visiter notre page d\u00e9di\u00e9e.<\/p>\n\n<\/div><!-- .vgblk-rw-wrapper -->","protected":false},"excerpt":{"rendered":"<p>Aux origines de Babcock Wanson Au fil des ans, Babcock Wanson a construit son expertise en int\u00e9grant des marques reconnues, comme Parent, Babcock, Bloctherm, Duquenne, Fluidothermus, Seum, Lardet, Goemine, Cobra, Vapor ou encore Safmat. Premiers pas 1898\u00a0Fondation de la soci\u00e9t\u00e9 fran\u00e7aise de construction Babcock &amp; Wilcox, issue de la Soci\u00e9t\u00e9 Am\u00e9ricaine de Production d&rsquo;\u00c9lectricit\u00e9. 1929\u00a0L\u00e9on&#8230;<\/p>\n","protected":false},"author":1,"featured_media":0,"parent":22712,"menu_order":13,"comment_status":"closed","ping_status":"closed","template":"","meta":{"_acf_changed":false,"_relevanssi_hide_post":"","_relevanssi_hide_content":"","_relevanssi_pin_for_all":"","_relevanssi_pin_keywords":"","_relevanssi_unpin_keywords":"","_relevanssi_related_keywords":"","_relevanssi_related_include_ids":"","_relevanssi_related_exclude_ids":"","_relevanssi_related_no_append":"","_relevanssi_related_not_related":"","_relevanssi_related_posts":"","_relevanssi_noindex_reason":"","footnotes":""},"class_list":["post-22747","page","type-page","status-publish","hentry"],"acf":[],"yoast_head":"<!-- This site is optimized with the Yoast SEO Premium plugin v27.4 (Yoast SEO v27.4) - https:\/\/yoast.com\/product\/yoast-seo-premium-wordpress\/ -->\n<title>Notre histoire - Babcock Wanson<\/title>\n<meta name=\"description\" content=\"Le Babcock Wanson d&#039;aujourd&#039;hui est le fruit d\u2019une aventure industrielle commenc\u00e9e en 1898. D\u00e9couvrez notre histoire, notre exp\u00e9rience et ce que nous pouvons vous apporter.\" \/>\n<meta name=\"robots\" content=\"index, follow, max-snippet:-1, max-image-preview:large, max-video-preview:-1\" \/>\n<link rel=\"canonical\" href=\"https:\/\/www.babcock-wanson.com\/fr\/qui-sommes-nous\/notre-histoire\/\" \/>\n<meta property=\"og:locale\" content=\"fr_FR\" \/>\n<meta property=\"og:type\" content=\"article\" \/>\n<meta property=\"og:title\" content=\"Notre histoire\" \/>\n<meta property=\"og:description\" content=\"Le Babcock Wanson d&#039;aujourd&#039;hui est le fruit d\u2019une aventure industrielle commenc\u00e9e en 1898. D\u00e9couvrez notre histoire, notre exp\u00e9rience et ce que nous pouvons vous apporter.\" \/>\n<meta property=\"og:url\" content=\"https:\/\/www.babcock-wanson.com\/fr\/qui-sommes-nous\/notre-histoire\/\" \/>\n<meta property=\"og:site_name\" content=\"Babcock Wanson\" \/>\n<meta property=\"article:modified_time\" content=\"2026-01-26T15:51:25+00:00\" \/>\n<meta property=\"og:image\" content=\"https:\/\/www.babcock-wanson.com\/wp-content\/uploads\/2024\/02\/Babcock-Wanson-1200x1200-1.png\" \/>\n\t<meta property=\"og:image:width\" content=\"1200\" \/>\n\t<meta property=\"og:image:height\" content=\"1200\" \/>\n\t<meta property=\"og:image:type\" content=\"image\/png\" \/>\n<meta name=\"twitter:card\" content=\"summary_large_image\" \/>\n<meta name=\"twitter:label1\" content=\"Est. reading time\" \/>\n\t<meta name=\"twitter:data1\" content=\"3 minutes\" \/>\n<script type=\"application\/ld+json\" class=\"yoast-schema-graph\">{\"@context\":\"https:\\\/\\\/schema.org\",\"@graph\":[{\"@type\":\"WebPage\",\"@id\":\"https:\\\/\\\/www.babcock-wanson.com\\\/fr\\\/qui-sommes-nous\\\/notre-histoire\\\/\",\"url\":\"https:\\\/\\\/www.babcock-wanson.com\\\/fr\\\/qui-sommes-nous\\\/notre-histoire\\\/\",\"name\":\"Notre histoire - Babcock Wanson\",\"isPartOf\":{\"@id\":\"https:\\\/\\\/www.babcock-wanson.com\\\/fr\\\/#website\"},\"datePublished\":\"2020-02-07T13:52:06+00:00\",\"dateModified\":\"2026-01-26T15:51:25+00:00\",\"description\":\"Le Babcock Wanson d'aujourd'hui est le fruit d\u2019une aventure industrielle commenc\u00e9e en 1898. D\u00e9couvrez notre histoire, notre exp\u00e9rience et ce que nous pouvons vous apporter.\",\"breadcrumb\":{\"@id\":\"https:\\\/\\\/www.babcock-wanson.com\\\/fr\\\/qui-sommes-nous\\\/notre-histoire\\\/#breadcrumb\"},\"inLanguage\":\"fr-FR\",\"potentialAction\":[{\"@type\":\"ReadAction\",\"target\":[\"https:\\\/\\\/www.babcock-wanson.com\\\/fr\\\/qui-sommes-nous\\\/notre-histoire\\\/\"]}]},{\"@type\":\"BreadcrumbList\",\"@id\":\"https:\\\/\\\/www.babcock-wanson.com\\\/fr\\\/qui-sommes-nous\\\/notre-histoire\\\/#breadcrumb\",\"itemListElement\":[{\"@type\":\"ListItem\",\"position\":1,\"name\":\"Accueil\",\"item\":\"https:\\\/\\\/www.babcock-wanson.com\\\/fr\\\/\"},{\"@type\":\"ListItem\",\"position\":2,\"name\":\"Qui sommes-nous?\",\"item\":\"https:\\\/\\\/www.babcock-wanson.com\\\/fr\\\/qui-sommes-nous\\\/\"},{\"@type\":\"ListItem\",\"position\":3,\"name\":\"Notre histoire\"}]},{\"@type\":\"WebSite\",\"@id\":\"https:\\\/\\\/www.babcock-wanson.com\\\/fr\\\/#website\",\"url\":\"https:\\\/\\\/www.babcock-wanson.com\\\/fr\\\/\",\"name\":\"Babcock Wanson\",\"description\":\"\",\"publisher\":{\"@id\":\"https:\\\/\\\/www.babcock-wanson.com\\\/fr\\\/#organization\"},\"potentialAction\":[{\"@type\":\"SearchAction\",\"target\":{\"@type\":\"EntryPoint\",\"urlTemplate\":\"https:\\\/\\\/www.babcock-wanson.com\\\/fr\\\/?s={search_term_string}\"},\"query-input\":{\"@type\":\"PropertyValueSpecification\",\"valueRequired\":true,\"valueName\":\"search_term_string\"}}],\"inLanguage\":\"fr-FR\"},{\"@type\":\"Organization\",\"@id\":\"https:\\\/\\\/www.babcock-wanson.com\\\/fr\\\/#organization\",\"name\":\"Babcock Wanson\",\"url\":\"https:\\\/\\\/www.babcock-wanson.com\\\/fr\\\/\",\"logo\":{\"@type\":\"ImageObject\",\"inLanguage\":\"fr-FR\",\"@id\":\"https:\\\/\\\/www.babcock-wanson.com\\\/fr\\\/#\\\/schema\\\/logo\\\/image\\\/\",\"url\":\"https:\\\/\\\/www.babcock-wanson.com\\\/wp-content\\\/uploads\\\/2024\\\/02\\\/Babcock-Wanson-1200x1200-1.png\",\"contentUrl\":\"https:\\\/\\\/www.babcock-wanson.com\\\/wp-content\\\/uploads\\\/2024\\\/02\\\/Babcock-Wanson-1200x1200-1.png\",\"width\":1200,\"height\":1200,\"caption\":\"Babcock Wanson\"},\"image\":{\"@id\":\"https:\\\/\\\/www.babcock-wanson.com\\\/fr\\\/#\\\/schema\\\/logo\\\/image\\\/\"},\"sameAs\":[\"https:\\\/\\\/www.linkedin.com\\\/company\\\/babcock-wanson\\\/\",\"https:\\\/\\\/www.youtube.com\\\/channel\\\/UCtxl25VieBBsP2kYmtlyv7A\"]}]}<\/script>\n<!-- \/ Yoast SEO Premium plugin. -->","yoast_head_json":{"title":"Notre histoire - Babcock Wanson","description":"Le Babcock Wanson d'aujourd'hui est le fruit d\u2019une aventure industrielle commenc\u00e9e en 1898. D\u00e9couvrez notre histoire, notre exp\u00e9rience et ce que nous pouvons vous apporter.","robots":{"index":"index","follow":"follow","max-snippet":"max-snippet:-1","max-image-preview":"max-image-preview:large","max-video-preview":"max-video-preview:-1"},"canonical":"https:\/\/www.babcock-wanson.com\/fr\/qui-sommes-nous\/notre-histoire\/","og_locale":"fr_FR","og_type":"article","og_title":"Notre histoire","og_description":"Le Babcock Wanson d'aujourd'hui est le fruit d\u2019une aventure industrielle commenc\u00e9e en 1898. D\u00e9couvrez notre histoire, notre exp\u00e9rience et ce que nous pouvons vous apporter.","og_url":"https:\/\/www.babcock-wanson.com\/fr\/qui-sommes-nous\/notre-histoire\/","og_site_name":"Babcock Wanson","article_modified_time":"2026-01-26T15:51:25+00:00","og_image":[{"width":1200,"height":1200,"url":"https:\/\/www.babcock-wanson.com\/wp-content\/uploads\/2024\/02\/Babcock-Wanson-1200x1200-1.png","type":"image\/png"}],"twitter_card":"summary_large_image","twitter_misc":{"Est. reading time":"3 minutes"},"schema":{"@context":"https:\/\/schema.org","@graph":[{"@type":"WebPage","@id":"https:\/\/www.babcock-wanson.com\/fr\/qui-sommes-nous\/notre-histoire\/","url":"https:\/\/www.babcock-wanson.com\/fr\/qui-sommes-nous\/notre-histoire\/","name":"Notre histoire - Babcock Wanson","isPartOf":{"@id":"https:\/\/www.babcock-wanson.com\/fr\/#website"},"datePublished":"2020-02-07T13:52:06+00:00","dateModified":"2026-01-26T15:51:25+00:00","description":"Le Babcock Wanson d'aujourd'hui est le fruit d\u2019une aventure industrielle commenc\u00e9e en 1898. D\u00e9couvrez notre histoire, notre exp\u00e9rience et ce que nous pouvons vous apporter.","breadcrumb":{"@id":"https:\/\/www.babcock-wanson.com\/fr\/qui-sommes-nous\/notre-histoire\/#breadcrumb"},"inLanguage":"fr-FR","potentialAction":[{"@type":"ReadAction","target":["https:\/\/www.babcock-wanson.com\/fr\/qui-sommes-nous\/notre-histoire\/"]}]},{"@type":"BreadcrumbList","@id":"https:\/\/www.babcock-wanson.com\/fr\/qui-sommes-nous\/notre-histoire\/#breadcrumb","itemListElement":[{"@type":"ListItem","position":1,"name":"Accueil","item":"https:\/\/www.babcock-wanson.com\/fr\/"},{"@type":"ListItem","position":2,"name":"Qui sommes-nous?","item":"https:\/\/www.babcock-wanson.com\/fr\/qui-sommes-nous\/"},{"@type":"ListItem","position":3,"name":"Notre histoire"}]},{"@type":"WebSite","@id":"https:\/\/www.babcock-wanson.com\/fr\/#website","url":"https:\/\/www.babcock-wanson.com\/fr\/","name":"Babcock Wanson","description":"","publisher":{"@id":"https:\/\/www.babcock-wanson.com\/fr\/#organization"},"potentialAction":[{"@type":"SearchAction","target":{"@type":"EntryPoint","urlTemplate":"https:\/\/www.babcock-wanson.com\/fr\/?s={search_term_string}"},"query-input":{"@type":"PropertyValueSpecification","valueRequired":true,"valueName":"search_term_string"}}],"inLanguage":"fr-FR"},{"@type":"Organization","@id":"https:\/\/www.babcock-wanson.com\/fr\/#organization","name":"Babcock Wanson","url":"https:\/\/www.babcock-wanson.com\/fr\/","logo":{"@type":"ImageObject","inLanguage":"fr-FR","@id":"https:\/\/www.babcock-wanson.com\/fr\/#\/schema\/logo\/image\/","url":"https:\/\/www.babcock-wanson.com\/wp-content\/uploads\/2024\/02\/Babcock-Wanson-1200x1200-1.png","contentUrl":"https:\/\/www.babcock-wanson.com\/wp-content\/uploads\/2024\/02\/Babcock-Wanson-1200x1200-1.png","width":1200,"height":1200,"caption":"Babcock Wanson"},"image":{"@id":"https:\/\/www.babcock-wanson.com\/fr\/#\/schema\/logo\/image\/"},"sameAs":["https:\/\/www.linkedin.com\/company\/babcock-wanson\/","https:\/\/www.youtube.com\/channel\/UCtxl25VieBBsP2kYmtlyv7A"]}]}},"jetpack_sharing_enabled":true,"_links":{"self":[{"href":"https:\/\/www.babcock-wanson.com\/fr\/wp-json\/wp\/v2\/pages\/22747","targetHints":{"allow":["GET"]}}],"collection":[{"href":"https:\/\/www.babcock-wanson.com\/fr\/wp-json\/wp\/v2\/pages"}],"about":[{"href":"https:\/\/www.babcock-wanson.com\/fr\/wp-json\/wp\/v2\/types\/page"}],"author":[{"embeddable":true,"href":"https:\/\/www.babcock-wanson.com\/fr\/wp-json\/wp\/v2\/users\/1"}],"replies":[{"embeddable":true,"href":"https:\/\/www.babcock-wanson.com\/fr\/wp-json\/wp\/v2\/comments?post=22747"}],"version-history":[{"count":21,"href":"https:\/\/www.babcock-wanson.com\/fr\/wp-json\/wp\/v2\/pages\/22747\/revisions"}],"predecessor-version":[{"id":47434,"href":"https:\/\/www.babcock-wanson.com\/fr\/wp-json\/wp\/v2\/pages\/22747\/revisions\/47434"}],"up":[{"embeddable":true,"href":"https:\/\/www.babcock-wanson.com\/fr\/wp-json\/wp\/v2\/pages\/22712"}],"wp:attachment":[{"href":"https:\/\/www.babcock-wanson.com\/fr\/wp-json\/wp\/v2\/media?parent=22747"}],"curies":[{"name":"wp","href":"https:\/\/api.w.org\/{rel}","templated":true}]}}