{"id":22788,"date":"2018-07-12T11:59:30","date_gmt":"2018-07-12T10:59:30","guid":{"rendered":"https:\/\/www.babcock-wanson.com\/nous-contacter\/nos-agences\/"},"modified":"2022-03-16T10:47:19","modified_gmt":"2022-03-16T10:47:19","slug":"filiales-internationales","status":"publish","type":"page","link":"https:\/\/www.babcock-wanson.com\/fr\/nous-contacter\/filiales-internationales\/","title":{"rendered":"Filiales Internationales"},"content":{"rendered":"<div class=\"vgblk-rw-wrapper limit-wrapper\"><h3>\n\tBelgique\n\t<\/h3>\n\t<strong>Maes BVBA<br \/>\nSi\u00e8ge social<\/strong><br \/>\nIndustriedijk 2<br \/>\n2300 Turnhout<br \/>\nBELGIUM\n\t<strong>T\u00e9l\u00e9phone :<\/strong>+32 14 45 08 31<br \/>\n<strong>Email :<\/strong>\u00a0<a href=\"mailto:info@maes-bvba.com\">info@maes-bvba.com<\/a><br \/>\n<strong>Site web :<\/strong>\u00a0<a href=\"http:\/\/www.maes.biz\" target=\"_blank\" rel=\"noopener\">http:\/\/www.maes.biz<\/a>\n\t<p><img loading=\"lazy\" decoding=\"async\" src=\"https:\/\/www.babcock-wanson.com\/wp-content\/uploads\/2020\/10\/antwerp-belguim.jpg\" alt=\"\" width=\"300\" height=\"200\" \/><\/p>\n<h3>\n\tFrance\n\t<\/h3>\n\t<strong>Babcock Wanson<br \/>\nSi\u00e8ge social\u00a0<\/strong><br \/>\n106-110 rue du Petit-Le-Roy<br \/>\n94669 Chevilly-Larue Cedex<br \/>\nFRANCE\n\t<strong>Babcock Wanson<br \/>\nSite de production\u00a0<\/strong><br \/>\n7 boulevard Alfred Parent \u2013 BP 52<br \/>\n47600 N\u00e9rac<br \/>\nFRANCE\n\t<strong>T\u00e9l\u00e9phone :<\/strong> +33 1 49 78 44 00<br \/>\n<strong>Fax :<\/strong> +33 1 46 86 14 16<br \/>\n<strong>Email :<\/strong>\u00a0<a href=\"mailto:commercial@babcock-wanson.com\">commercial@babcock-wanson.com<\/a><br \/>\n<strong>Site web :<\/strong>\u00a0<a href=\"http:\/\/www.babcock-wanson.fr\/\" target=\"_blank\" rel=\"noopener\">www.babcock-wanson.fr<\/a>\n\t<strong>T\u00e9l\u00e9phone :<\/strong> +33 5 53 65 19 00<br \/>\n<strong>Fax :<\/strong> +33 5 53 65 17 33<br \/>\n<strong>Email :<\/strong>\u00a0<a href=\"mailto:commercial@babcock-wanson.fr\">commercial@babcock-wanson.fr<\/a><br \/>\n<strong>Site web :<\/strong>\u00a0<a href=\"http:\/\/www.babcock-wanson.fr\/\" target=\"_blank\" rel=\"noopener\">www.babcock-wanson.fr<\/a>\n\t<p><img loading=\"lazy\" decoding=\"async\" src=\"\/wp-content\/uploads\/2018\/09\/Babcock-Wanson-Paris-France.png\" alt=\"Babcock Wanson Paris France\" width=\"300\" height=\"200\" \/><\/p>\n<h3>\n\tItalie\n\t<\/h3>\n\t<p><strong>Babcock Wanson Italiana<br \/>Si\u00e8ge social &amp; Site de production <\/strong><br \/>Via Roma 147<br \/>20873 Cavenago di Brianza &#8211; Monza Brianza<br \/>ITALY<\/p>\n\t<strong>T\u00e9l\u00e9phone :<\/strong> +39 02 95 91 21<br \/>\n<strong>Fax :<\/strong> +39 02 95 01 92 52<br \/>\n<strong>Email :<\/strong> <a href=\"mailto:bwi@babcock-wanson.com\">bwi@babcock-wanson.com<\/a><br \/>\n<strong>Site web :<\/strong>\u00a0<a href=\"http:\/\/www.babcock-wanson.it\/\" target=\"_blank\" rel=\"noopener\">www.babcock-wanson.it<\/a>\n\t<p><img loading=\"lazy\" decoding=\"async\" src=\"\/wp-content\/uploads\/2018\/09\/Babcock-Wanson-Milan-Italy.png\" alt=\"Babcock Wanson Milan-Italy\" data-mce-src=\"\/wp-content\/uploads\/2018\/09\/Babcock-Wanson-Milan-Italy.png\" width=\"300\" height=\"200\"><\/p>\n<h3>\n\tPays-Bas\n\t<\/h3>\n\t<p><strong>Reputabel Warmtetechniek B.V.<br \/>Si\u00e8ge social <\/strong><br \/>Hanzestraat 5<br \/>7622 AX Borne<br \/>NETHERLANDS<\/p>\n\t<p><strong>T\u00e9l\u00e9phone :<\/strong> +31 294 415 950<br \/><strong>Email :<\/strong>&nbsp;<a href=\"mailto:info@reputabel.nl\" data-mce-href=\"mailto:info@reputabel.nl\">info@reputabel.nl&nbsp;<\/a><br \/><strong>Site web :<\/strong>&nbsp;<a href=\"http:\/\/www.reputabel.nl\/\" target=\"_blank\" rel=\"noopener\" data-mce-href=\"http:\/\/www.reputabel.nl\/\">www.reputabel.nl<\/a><br data-mce-bogus=\"1\"><\/p>\n<p><\/p>\n\t<p><img loading=\"lazy\" decoding=\"async\" src=\"\/wp-content\/uploads\/2018\/09\/Babcock-Wanson-Amsterdam-NL.png\" alt=\"Babcock Wanson Amsterdam-NL\" data-mce-src=\"\/wp-content\/uploads\/2018\/09\/Babcock-Wanson-Amsterdam-NL.png\" width=\"300\" height=\"200\"><\/p>\n<h3>\n\tPologne\n\t<\/h3>\n\t<p><strong>Babcock Wanson Polska Sp. z o.o.<\/strong><br \/>ul. Kosciuski 1c<br \/>44-100 GLIWICE<br \/>POLOGNE<\/p>\n\t<p><strong>T\u00e9l\u00e9phone :<\/strong> +48 32 230 6894<br \/><strong>Email :<\/strong>&nbsp;<a href=\"mailto:info.pl@babcock-wanson.com\" data-mce-href=\"mailto:info.pl@babcock-wanson.com\">info.pl@babcock-wanson.com<\/a><br \/><strong>Site web :<\/strong>&nbsp;<a href=\"http:\/\/www.babcock-wanson.pl\/\" target=\"_blank\" rel=\"noopener\" data-mce-href=\"http:\/\/www.babcock-wanson.pl\/\">www.babcock-wanson.pl<\/a><br data-mce-bogus=\"1\"><\/p>\n\t<p><img loading=\"lazy\" decoding=\"async\" src=\"\/wp-content\/uploads\/2018\/09\/Babcock-Wanson-Gliwice.png\" alt=\"Babcock Wanson Gliwice Poland\" data-mce-src=\"\/wp-content\/uploads\/2018\/09\/Babcock-Wanson-Gliwice.png\" width=\"300\" height=\"201\"><\/p>\n<h3>\n\tPortugal\n\t<\/h3>\n\t<p><strong>Babcock-Wanson Portugal Unip, Lda.<\/strong><br \/><strong>Si\u00e8ge social<\/strong><br \/>Rua Gon\u00e7alves Zarco,<br \/>1843 \/ 1867 Salas B e J<br \/>4450-685 MATOSINHOS<br \/>PORTUGAL<\/p>\n\t<p><strong>Babcock-Wanson Portugal Unip, Lda. <\/strong><br \/><strong>Bureau Lisbonne<\/strong><br \/>Rua Prof Dr Jorge Mineiro 16, 1\u00b0B,<br \/>Queluz de Baixo<br \/>2730-146 BARCARENA<br \/>PORTUGAL<\/p>\n\t<p><strong>T\u00e9l\u00e9phone :<\/strong> +351 229 999 490<br \/><strong>Fax :<\/strong> +351 229 999 659<br \/><strong>Email :<\/strong> <a href=\"mailto:bwc@babcock-wanson.com\" data-mce-href=\"mailto:bwc@babcock-wanson.com\">bwc@babcock-wanson.com<\/a><br \/><strong>Site web :<\/strong>&nbsp;<a href=\"http:\/\/www.babcock-wanson.pt\" target=\"_blank\" rel=\"noopener\" data-mce-href=\"http:\/\/www.babcock-wanson.pt\">www.babcock-wanson.pt<\/a><br data-mce-bogus=\"1\"><\/p>\n\t<p><strong>T\u00e9l\u00e9phone :<\/strong> +351 216 036 002<br \/><strong>T\u00e9l\u00e9phone 2 :<\/strong> +351 218 049 017<br \/><strong>Email :<\/strong> <a href=\"mailto:bwc@babcock-wanson.com\" data-mce-href=\"mailto:bwc@babcock-wanson.com\">bwc@babcock-wanson.com<\/a><br \/><strong>Site web :<\/strong>&nbsp;<a href=\"http:\/\/www.babcock-wanson.pt\" target=\"_blank\" rel=\"noopener\" data-mce-href=\"http:\/\/www.babcock-wanson.pt\">www.babcock-wanson.pt<\/a><br data-mce-bogus=\"1\"><\/p>\n\t<p><img loading=\"lazy\" decoding=\"async\" src=\"https:\/\/www.babcock-wanson.com\/wp-content\/uploads\/2019\/04\/lisbon-BW-300x200.jpg\" alt=\"lisbon-BW\" data-mce-src=\"https:\/\/www.babcock-wanson.com\/wp-content\/uploads\/2019\/04\/lisbon-BW-300x200.jpg\" width=\"300\" height=\"200\"><\/p>\n<h3>\n\tEspagne\n\t<\/h3>\n\t<strong>Babcock Wanson Espa\u00f1a<\/strong><br \/>\nCarretera Bilbao-Plentzia, 31<br \/>\nEdificio Inbisa \u2013 Planta 1a \u2013 Dpto 107<br \/>\n48950 Erandio (Biscaye)<br \/>\nESPAGNE\n\t<strong>T\u00e9l\u00e9phone :<\/strong> +34 94 452 30 36<br \/>\n<strong>Fax :<\/strong> +34 94 452 30 54<br \/>\n<strong>Email :<\/strong>\u00a0<a href=\"mailto:comercial@babcock-wanson.com\">comercial@babcock-wanson.com <\/a><br \/>\n<strong>Site web :<\/strong>\u00a0<a href=\"http:\/\/www.babcock-wanson.es\" target=\"_blank\" rel=\"noopener\">www.babcock-wanson.es<\/a>\n\t<p><img loading=\"lazy\" decoding=\"async\" src=\"\/wp-content\/uploads\/2018\/09\/Babcock-Wanson-Bilbo-Spain.png\" alt=\"Babcock Wanson Bilbo-Spain\" data-mce-src=\"\/wp-content\/uploads\/2018\/09\/Babcock-Wanson-Bilbo-Spain.png\" width=\"300\" height=\"200\"><\/p>\n<h3>\n\tTunisie\n\t<\/h3>\n\t<p><strong>Babcock Wanson Tunisie<\/strong><br \/>Si\u00e8ge &#8211; Usine<br \/>Route Ezzahra<br \/>Cit\u00e9 El Ouilija<br \/>RADES BEN AROUS<\/p>\n\t<strong>T\u00e9l\u00e9phone :<\/strong> +216 52 356 356<br \/>\n<strong>Email :<\/strong><a href=\"mailto:international.service@babcock-wanson.com\"> international.service@babcock-wanson.com<\/a><br \/>\n<strong>Site web :<\/strong> <a href=\"http:\/\/www.babcock-wanson.fr\">www.babcock-wanson.fr<\/a>\n\t<p><img loading=\"lazy\" decoding=\"async\" src=\"\/wp-content\/uploads\/2018\/09\/Babcock-Wanson-Tunis.png\" alt=\"Babcock Wanson Tunis\" data-mce-src=\"\/wp-content\/uploads\/2018\/09\/Babcock-Wanson-Tunis.png\" width=\"300\" height=\"200\"><\/p>\n<h3>\n\tRoyaume-Uni\n\t<\/h3>\n\t<p><strong>Babcock Wanson UK Ltd<\/strong><br \/>Elstree Way 7<br \/>Borehamwood<br \/>HERTFORDSHIRE WD6 1SA<br \/>ROYAUME-UNI<\/p>\n\t<p><strong>T\u00e9l\u00e9phone :<\/strong> +44 208 953 7111<br \/><strong>Fax :<\/strong> +44 208 207 5177<br \/><strong>Email :<\/strong>&nbsp;<a href=\"mailto:info@babcock-wanson.co.uk\" data-mce-href=\"mailto:info@babcock-wanson.co.uk\">info@babcock-wanson.co.uk<\/a><br \/><strong>Site web :<\/strong> <a href=\"https:\/\/www.babcock-wanson.com\/\" data-mce-href=\"https:\/\/www.babcock-wanson.com\/\">www.babcock-wanson.com<\/a><br data-mce-bogus=\"1\"><\/p>\n\t<p><img loading=\"lazy\" decoding=\"async\" src=\"\/wp-content\/uploads\/2018\/09\/Babcock-Wanson-London-UK.png\" alt=\"Babcock Wanson London-UK\" data-mce-src=\"\/wp-content\/uploads\/2018\/09\/Babcock-Wanson-London-UK.png\" width=\"300\" height=\"200\"><\/p>\n<h3>\n\tUSA\n\t<\/h3>\n\t<p><strong>Babcock Wanson USA LLC<\/strong><br \/>9505N Congress Avenue<br \/>Kansas City,<br \/>64153 MO Missouri<br \/>U.S.A.<\/p>\n\t<p><strong>Repr\u00e9sent\u00e9 par :<\/strong><br \/>Scan American Corporation<br \/><strong>T\u00e9l\u00e9phone :<\/strong> +1 816 880 9321<br \/><strong>T\u00e9l\u00e9phone 2:<\/strong> +1 800 427 6498 Ext. 15 ou 16<br \/><strong>Email :<\/strong>&nbsp;<a href=\"mailto:cparker@scanamcorp.com\" data-mce-href=\"mailto:cparker@scanamcorp.com \">Mr. Charlie PARKER <\/a><br \/><strong>Email 2:<\/strong>&nbsp;<a href=\"mailto:achabino@scanamcorp.com\" data-mce-href=\"mailto:achabino@scanamcorp.com\">Mr. Aaron CHABINO<\/a><br data-mce-bogus=\"1\"><\/p>\n\t<p><img loading=\"lazy\" decoding=\"async\" src=\"\/wp-content\/uploads\/2018\/09\/Babcock-Wanson-Kansas-USA.png\" alt=\"Babcock Wanson Kansas-USA\" data-mce-src=\"\/wp-content\/uploads\/2018\/09\/Babcock-Wanson-Kansas-USA.png\" width=\"300\" height=\"200\"><\/p>\n<\/div><!-- .vgblk-rw-wrapper -->","protected":false},"excerpt":{"rendered":"<p>Belgique Maes BVBA Si\u00e8ge social Industriedijk 2 2300 Turnhout BELGIUM T\u00e9l\u00e9phone :+32 14 45 08 31 Email :\u00a0info@maes-bvba.com Site web :\u00a0http:\/\/www.maes.biz France Babcock Wanson Si\u00e8ge social\u00a0 106-110 rue du Petit-Le-Roy 94669 Chevilly-Larue Cedex FRANCE Babcock Wanson Site de production\u00a0 7 boulevard Alfred Parent \u2013 BP 52 47600 N\u00e9rac FRANCE T\u00e9l\u00e9phone : +33 1 49 78&#8230;<\/p>\n","protected":false},"author":1,"featured_media":0,"parent":22783,"menu_order":0,"comment_status":"closed","ping_status":"closed","template":"","meta":{"_acf_changed":false,"_relevanssi_hide_post":"","_relevanssi_hide_content":"","_relevanssi_pin_for_all":"","_relevanssi_pin_keywords":"","_relevanssi_unpin_keywords":"","_relevanssi_related_keywords":"","_relevanssi_related_include_ids":"","_relevanssi_related_exclude_ids":"","_relevanssi_related_no_append":"","_relevanssi_related_not_related":"","_relevanssi_related_posts":"","_relevanssi_noindex_reason":"","footnotes":""},"class_list":["post-22788","page","type-page","status-publish","hentry"],"acf":[],"yoast_head":"<!-- This site is optimized with the Yoast SEO Premium plugin v27.4 (Yoast SEO v27.4) - https:\/\/yoast.com\/product\/yoast-seo-premium-wordpress\/ -->\n<title>Filiales Internationales - Babcock Wanson<\/title>\n<meta name=\"description\" content=\"Babcock Wanson est pr\u00e9sent dans toute l&#039;Europe, en Afrique du Nord et en Am\u00e9rique du Nord. Localisez ici l&#039;\u00e9tablissement le plus proche de chez vous.\" \/>\n<meta name=\"robots\" content=\"index, follow, max-snippet:-1, max-image-preview:large, max-video-preview:-1\" \/>\n<link rel=\"canonical\" href=\"https:\/\/www.babcock-wanson.com\/fr\/nous-contacter\/filiales-internationales\/\" \/>\n<meta property=\"og:locale\" content=\"fr_FR\" \/>\n<meta property=\"og:type\" content=\"article\" \/>\n<meta property=\"og:title\" content=\"Filiales Internationales\" \/>\n<meta property=\"og:description\" content=\"Babcock Wanson est pr\u00e9sent dans toute l&#039;Europe, en Afrique du Nord et en Am\u00e9rique du Nord. Localisez ici l&#039;\u00e9tablissement le plus proche de chez vous.\" \/>\n<meta property=\"og:url\" content=\"https:\/\/www.babcock-wanson.com\/fr\/nous-contacter\/filiales-internationales\/\" \/>\n<meta property=\"og:site_name\" content=\"Babcock Wanson\" \/>\n<meta property=\"article:modified_time\" content=\"2022-03-16T10:47:19+00:00\" \/>\n<meta property=\"og:image\" content=\"https:\/\/www.babcock-wanson.com\/wp-content\/uploads\/2020\/10\/antwerp-belguim.jpg\" \/>\n<meta name=\"twitter:card\" content=\"summary_large_image\" \/>\n<meta name=\"twitter:label1\" content=\"Est. reading time\" \/>\n\t<meta name=\"twitter:data1\" content=\"2 minutes\" \/>\n<script type=\"application\/ld+json\" class=\"yoast-schema-graph\">{\"@context\":\"https:\\\/\\\/schema.org\",\"@graph\":[{\"@type\":\"WebPage\",\"@id\":\"https:\\\/\\\/www.babcock-wanson.com\\\/fr\\\/nous-contacter\\\/filiales-internationales\\\/\",\"url\":\"https:\\\/\\\/www.babcock-wanson.com\\\/fr\\\/nous-contacter\\\/filiales-internationales\\\/\",\"name\":\"Filiales Internationales - Babcock Wanson\",\"isPartOf\":{\"@id\":\"https:\\\/\\\/www.babcock-wanson.com\\\/fr\\\/#website\"},\"primaryImageOfPage\":{\"@id\":\"https:\\\/\\\/www.babcock-wanson.com\\\/fr\\\/nous-contacter\\\/filiales-internationales\\\/#primaryimage\"},\"image\":{\"@id\":\"https:\\\/\\\/www.babcock-wanson.com\\\/fr\\\/nous-contacter\\\/filiales-internationales\\\/#primaryimage\"},\"thumbnailUrl\":\"https:\\\/\\\/www.babcock-wanson.com\\\/wp-content\\\/uploads\\\/2020\\\/10\\\/antwerp-belguim.jpg\",\"datePublished\":\"2018-07-12T10:59:30+00:00\",\"dateModified\":\"2022-03-16T10:47:19+00:00\",\"description\":\"Babcock Wanson est pr\u00e9sent dans toute l'Europe, en Afrique du Nord et en Am\u00e9rique du Nord. Localisez ici l'\u00e9tablissement le plus proche de chez vous.\",\"breadcrumb\":{\"@id\":\"https:\\\/\\\/www.babcock-wanson.com\\\/fr\\\/nous-contacter\\\/filiales-internationales\\\/#breadcrumb\"},\"inLanguage\":\"fr-FR\",\"potentialAction\":[{\"@type\":\"ReadAction\",\"target\":[\"https:\\\/\\\/www.babcock-wanson.com\\\/fr\\\/nous-contacter\\\/filiales-internationales\\\/\"]}]},{\"@type\":\"ImageObject\",\"inLanguage\":\"fr-FR\",\"@id\":\"https:\\\/\\\/www.babcock-wanson.com\\\/fr\\\/nous-contacter\\\/filiales-internationales\\\/#primaryimage\",\"url\":\"https:\\\/\\\/www.babcock-wanson.com\\\/wp-content\\\/uploads\\\/2020\\\/10\\\/antwerp-belguim.jpg\",\"contentUrl\":\"https:\\\/\\\/www.babcock-wanson.com\\\/wp-content\\\/uploads\\\/2020\\\/10\\\/antwerp-belguim.jpg\"},{\"@type\":\"BreadcrumbList\",\"@id\":\"https:\\\/\\\/www.babcock-wanson.com\\\/fr\\\/nous-contacter\\\/filiales-internationales\\\/#breadcrumb\",\"itemListElement\":[{\"@type\":\"ListItem\",\"position\":1,\"name\":\"Accueil\",\"item\":\"https:\\\/\\\/www.babcock-wanson.com\\\/fr\\\/\"},{\"@type\":\"ListItem\",\"position\":2,\"name\":\"Nous contacter\",\"item\":\"https:\\\/\\\/www.babcock-wanson.com\\\/fr\\\/nous-contacter\\\/\"},{\"@type\":\"ListItem\",\"position\":3,\"name\":\"Filiales Internationales\"}]},{\"@type\":\"WebSite\",\"@id\":\"https:\\\/\\\/www.babcock-wanson.com\\\/fr\\\/#website\",\"url\":\"https:\\\/\\\/www.babcock-wanson.com\\\/fr\\\/\",\"name\":\"Babcock Wanson\",\"description\":\"\",\"publisher\":{\"@id\":\"https:\\\/\\\/www.babcock-wanson.com\\\/fr\\\/#organization\"},\"potentialAction\":[{\"@type\":\"SearchAction\",\"target\":{\"@type\":\"EntryPoint\",\"urlTemplate\":\"https:\\\/\\\/www.babcock-wanson.com\\\/fr\\\/?s={search_term_string}\"},\"query-input\":{\"@type\":\"PropertyValueSpecification\",\"valueRequired\":true,\"valueName\":\"search_term_string\"}}],\"inLanguage\":\"fr-FR\"},{\"@type\":\"Organization\",\"@id\":\"https:\\\/\\\/www.babcock-wanson.com\\\/fr\\\/#organization\",\"name\":\"Babcock Wanson\",\"url\":\"https:\\\/\\\/www.babcock-wanson.com\\\/fr\\\/\",\"logo\":{\"@type\":\"ImageObject\",\"inLanguage\":\"fr-FR\",\"@id\":\"https:\\\/\\\/www.babcock-wanson.com\\\/fr\\\/#\\\/schema\\\/logo\\\/image\\\/\",\"url\":\"https:\\\/\\\/www.babcock-wanson.com\\\/wp-content\\\/uploads\\\/2024\\\/02\\\/Babcock-Wanson-1200x1200-1.png\",\"contentUrl\":\"https:\\\/\\\/www.babcock-wanson.com\\\/wp-content\\\/uploads\\\/2024\\\/02\\\/Babcock-Wanson-1200x1200-1.png\",\"width\":1200,\"height\":1200,\"caption\":\"Babcock Wanson\"},\"image\":{\"@id\":\"https:\\\/\\\/www.babcock-wanson.com\\\/fr\\\/#\\\/schema\\\/logo\\\/image\\\/\"},\"sameAs\":[\"https:\\\/\\\/www.linkedin.com\\\/company\\\/babcock-wanson\\\/\",\"https:\\\/\\\/www.youtube.com\\\/channel\\\/UCtxl25VieBBsP2kYmtlyv7A\"]}]}<\/script>\n<!-- \/ Yoast SEO Premium plugin. -->","yoast_head_json":{"title":"Filiales Internationales - Babcock Wanson","description":"Babcock Wanson est pr\u00e9sent dans toute l'Europe, en Afrique du Nord et en Am\u00e9rique du Nord. Localisez ici l'\u00e9tablissement le plus proche de chez vous.","robots":{"index":"index","follow":"follow","max-snippet":"max-snippet:-1","max-image-preview":"max-image-preview:large","max-video-preview":"max-video-preview:-1"},"canonical":"https:\/\/www.babcock-wanson.com\/fr\/nous-contacter\/filiales-internationales\/","og_locale":"fr_FR","og_type":"article","og_title":"Filiales Internationales","og_description":"Babcock Wanson est pr\u00e9sent dans toute l'Europe, en Afrique du Nord et en Am\u00e9rique du Nord. Localisez ici l'\u00e9tablissement le plus proche de chez vous.","og_url":"https:\/\/www.babcock-wanson.com\/fr\/nous-contacter\/filiales-internationales\/","og_site_name":"Babcock Wanson","article_modified_time":"2022-03-16T10:47:19+00:00","og_image":[{"url":"https:\/\/www.babcock-wanson.com\/wp-content\/uploads\/2020\/10\/antwerp-belguim.jpg","type":"","width":"","height":""}],"twitter_card":"summary_large_image","twitter_misc":{"Est. reading time":"2 minutes"},"schema":{"@context":"https:\/\/schema.org","@graph":[{"@type":"WebPage","@id":"https:\/\/www.babcock-wanson.com\/fr\/nous-contacter\/filiales-internationales\/","url":"https:\/\/www.babcock-wanson.com\/fr\/nous-contacter\/filiales-internationales\/","name":"Filiales Internationales - Babcock Wanson","isPartOf":{"@id":"https:\/\/www.babcock-wanson.com\/fr\/#website"},"primaryImageOfPage":{"@id":"https:\/\/www.babcock-wanson.com\/fr\/nous-contacter\/filiales-internationales\/#primaryimage"},"image":{"@id":"https:\/\/www.babcock-wanson.com\/fr\/nous-contacter\/filiales-internationales\/#primaryimage"},"thumbnailUrl":"https:\/\/www.babcock-wanson.com\/wp-content\/uploads\/2020\/10\/antwerp-belguim.jpg","datePublished":"2018-07-12T10:59:30+00:00","dateModified":"2022-03-16T10:47:19+00:00","description":"Babcock Wanson est pr\u00e9sent dans toute l'Europe, en Afrique du Nord et en Am\u00e9rique du Nord. Localisez ici l'\u00e9tablissement le plus proche de chez vous.","breadcrumb":{"@id":"https:\/\/www.babcock-wanson.com\/fr\/nous-contacter\/filiales-internationales\/#breadcrumb"},"inLanguage":"fr-FR","potentialAction":[{"@type":"ReadAction","target":["https:\/\/www.babcock-wanson.com\/fr\/nous-contacter\/filiales-internationales\/"]}]},{"@type":"ImageObject","inLanguage":"fr-FR","@id":"https:\/\/www.babcock-wanson.com\/fr\/nous-contacter\/filiales-internationales\/#primaryimage","url":"https:\/\/www.babcock-wanson.com\/wp-content\/uploads\/2020\/10\/antwerp-belguim.jpg","contentUrl":"https:\/\/www.babcock-wanson.com\/wp-content\/uploads\/2020\/10\/antwerp-belguim.jpg"},{"@type":"BreadcrumbList","@id":"https:\/\/www.babcock-wanson.com\/fr\/nous-contacter\/filiales-internationales\/#breadcrumb","itemListElement":[{"@type":"ListItem","position":1,"name":"Accueil","item":"https:\/\/www.babcock-wanson.com\/fr\/"},{"@type":"ListItem","position":2,"name":"Nous contacter","item":"https:\/\/www.babcock-wanson.com\/fr\/nous-contacter\/"},{"@type":"ListItem","position":3,"name":"Filiales Internationales"}]},{"@type":"WebSite","@id":"https:\/\/www.babcock-wanson.com\/fr\/#website","url":"https:\/\/www.babcock-wanson.com\/fr\/","name":"Babcock Wanson","description":"","publisher":{"@id":"https:\/\/www.babcock-wanson.com\/fr\/#organization"},"potentialAction":[{"@type":"SearchAction","target":{"@type":"EntryPoint","urlTemplate":"https:\/\/www.babcock-wanson.com\/fr\/?s={search_term_string}"},"query-input":{"@type":"PropertyValueSpecification","valueRequired":true,"valueName":"search_term_string"}}],"inLanguage":"fr-FR"},{"@type":"Organization","@id":"https:\/\/www.babcock-wanson.com\/fr\/#organization","name":"Babcock Wanson","url":"https:\/\/www.babcock-wanson.com\/fr\/","logo":{"@type":"ImageObject","inLanguage":"fr-FR","@id":"https:\/\/www.babcock-wanson.com\/fr\/#\/schema\/logo\/image\/","url":"https:\/\/www.babcock-wanson.com\/wp-content\/uploads\/2024\/02\/Babcock-Wanson-1200x1200-1.png","contentUrl":"https:\/\/www.babcock-wanson.com\/wp-content\/uploads\/2024\/02\/Babcock-Wanson-1200x1200-1.png","width":1200,"height":1200,"caption":"Babcock Wanson"},"image":{"@id":"https:\/\/www.babcock-wanson.com\/fr\/#\/schema\/logo\/image\/"},"sameAs":["https:\/\/www.linkedin.com\/company\/babcock-wanson\/","https:\/\/www.youtube.com\/channel\/UCtxl25VieBBsP2kYmtlyv7A"]}]}},"jetpack_sharing_enabled":true,"_links":{"self":[{"href":"https:\/\/www.babcock-wanson.com\/fr\/wp-json\/wp\/v2\/pages\/22788","targetHints":{"allow":["GET"]}}],"collection":[{"href":"https:\/\/www.babcock-wanson.com\/fr\/wp-json\/wp\/v2\/pages"}],"about":[{"href":"https:\/\/www.babcock-wanson.com\/fr\/wp-json\/wp\/v2\/types\/page"}],"author":[{"embeddable":true,"href":"https:\/\/www.babcock-wanson.com\/fr\/wp-json\/wp\/v2\/users\/1"}],"replies":[{"embeddable":true,"href":"https:\/\/www.babcock-wanson.com\/fr\/wp-json\/wp\/v2\/comments?post=22788"}],"version-history":[{"count":25,"href":"https:\/\/www.babcock-wanson.com\/fr\/wp-json\/wp\/v2\/pages\/22788\/revisions"}],"predecessor-version":[{"id":42033,"href":"https:\/\/www.babcock-wanson.com\/fr\/wp-json\/wp\/v2\/pages\/22788\/revisions\/42033"}],"up":[{"embeddable":true,"href":"https:\/\/www.babcock-wanson.com\/fr\/wp-json\/wp\/v2\/pages\/22783"}],"wp:attachment":[{"href":"https:\/\/www.babcock-wanson.com\/fr\/wp-json\/wp\/v2\/media?parent=22788"}],"curies":[{"name":"wp","href":"https:\/\/api.w.org\/{rel}","templated":true}]}}