{"id":22836,"date":"2020-02-07T15:08:07","date_gmt":"2020-02-07T15:08:07","guid":{"rendered":"https:\/\/www.babcock-wanson.com\/nos-services\/"},"modified":"2021-08-24T07:32:38","modified_gmt":"2021-08-24T06:32:38","slug":"nos-services","status":"publish","type":"page","link":"https:\/\/www.babcock-wanson.com\/fr\/nos-services\/","title":{"rendered":"Nos services"},"content":{"rendered":"<div class=\"vgblk-rw-wrapper limit-wrapper\">\n\t<h2>L&rsquo;engagement <strong> de Babcock Wanson <\/strong> envers la qualit\u00e9 va bien au-del\u00e0 du produit.<\/h2>\n<h4>Notre gamme de services est con\u00e7ue pour assurer le meilleur support apr\u00e8s-vente possible, que ce soit une simple pi\u00e8ce de remplacement, un contrat de maintenance ou de formation, ou encore la r\u00e9novation compl\u00e8te d\u2019une chaufferie.<\/h4>\n\t<h4>Notre objectif est de nous assurer que les \u00e9quipement fournis et entretenus par Babcock Wanson fonctionnent aussi efficacement que possible, aussi longtemps que possible, avec un minimum de temps d\u2019arr\u00eat.<\/h4>\n<h4>De plus, nous proposons un service innovant de location de chaudi\u00e8res afin de r\u00e9pondre aux besoins \u00e9nerg\u00e9tiques de nos clients quelle que soit la situation. Une large gamme de chaudi\u00e8res est disponible jusqu\u2019\u00e0 12.000 kW, y compris des syst\u00e8mes \u00e0 fluide thermique.<\/h4>\n<h3>\n\t\t\t<a href=\"https:\/\/www.babcock-wanson.com\/fr\/nos-services\/service-apres-vente\/\" title=\"Services apr\u00e8s-vente\" target=\"_self\" rel=\"noopener\">\n\tServices apr\u00e8s-vente\n\t\t\t<\/a>\n\t<\/h3>\n<p>Notre vaste \u00e9quipe d\u2019ing\u00e9nieurs et de techniciens est enti\u00e8rement qualifi\u00e9e et form\u00e9e pour r\u00e9pondre \u00e0 tous les besoins de service li\u00e9s aux chaufferies.<\/p>\n\t<a href=\"https:\/\/www.babcock-wanson.com\/fr\/nos-services\/service-apres-vente\/\" target=\"_self\" role=\"button\" rel=\"noopener\">\n\t\t\t\t\tEn savoir plus\n\t<\/a>\n<h3>\n\tR\u00e9novation de chaudi\u00e8res\n\t<\/h3>\n\t<p>Nous proposons des offres attractives de remise \u00e0 neuf et de mise \u00e0 niveau pour toutes les chaudi\u00e8res vapeur, eau chaude et fluide thermique ainsi que pour l\u2019ensemble des installation et \u00e9quipements.<\/p>\n\t<a href=\"https:\/\/www.babcock-wanson.com\/fr\/nos-services\/renovation-et-mise-a-niveau-de-chaudieres\/\" target=\"_self\" role=\"button\" rel=\"noopener\">\n\t\t\t\t\tEn savoir plus\n\t<\/a>\n<h3>\n\tContrats de maintenance\n\t<\/h3>\n\t<p>Nous offrons une gamme compl\u00e8te de contrats de maintenance pr\u00e9ventive et corrective individualis\u00e9s selon les besoins de nos clients.<\/p>\n\t<a href=\"https:\/\/www.babcock-wanson.com\/fr\/nos-services\/contrats-de-maintenance\/\" target=\"_self\" role=\"button\" rel=\"noopener\">\n\t\t\t\t\tEn savoir plus\n\t<\/a>\n<h3>\n\tPi\u00e8ces de rechange\n\t<\/h3>\n\t<p>Nous mettons \u00e0 la disposition de nos clients un stock de plus de 30.000 pi\u00e8ces de rechange et garantissons la r\u00e9paration de toute panne dans un d\u00e9lai minimum.<\/p>\n\t<a href=\"https:\/\/www.babcock-wanson.com\/fr\/nos-services\/pieces-detaches\/\" target=\"_self\" role=\"button\" rel=\"noopener\">\n\t\t\t\t\tEn savoir plus\n\t<\/a>\n<h5>\n\tMAIS AUSSI\n\t<\/h5>\n<h2>\n\t<strong>Services<\/strong> Suppl\u00e9mentaires<br \/>\n\t<\/h2>\n<h4>\n\t\t\t<a href=\"https:\/\/www.babcock-wanson.com\/fr\/nos-services\/location-de-chaudieres\/\" title=\"Location de chaudi\u00e8res\" target=\"_self\" rel=\"noopener\">\n\tLocation de chaudi\u00e8res\n\t\t\t<\/a>\n\t<\/h4>\n\t<p><strong>Babcock Wanson<\/strong> propose une large gamme de chaudi\u00e8res \u00e0 la location, apte \u00e0 r\u00e9pondre \u00e0 tous les besoins \u00e9nerg\u00e9tiques, quelle que soit la situation (urgence, arr\u00eat programm\u00e9, pic d\u2019activit\u00e9\u2026).<\/p>\n\t<a href=\"https:\/\/www.babcock-wanson.com\/fr\/nos-services\/location-de-chaudieres\/\" target=\"_self\" role=\"button\" rel=\"noopener\">\n\t\t\t\t\tEn savoir plus\n\t<\/a>\n<h4>\n\t\t\t<a href=\"https:\/\/www.babcock-wanson.com\/fr\/nos-services\/formations-en-conduite-de-chaudiere\/\" title=\"Formation en conduite de chaufferie\" target=\"_self\" rel=\"noopener\">\n\tFormation en conduite de chaufferie\n\t\t\t<\/a>\n\t<\/h4>\n\t<p>Afin de tirer le meilleur parti des \u00e9quipements\u00a0<strong>Babcock Wanson<\/strong>, nous proposons un large \u00e9ventail de formations, flexibles et individualis\u00e9es, sur les chaudi\u00e8res industrielles.<\/p>\n\t<a href=\"https:\/\/www.babcock-wanson.com\/fr\/nos-services\/formations-en-conduite-de-chaudiere\/\" target=\"_self\" role=\"button\" rel=\"noopener\">\n\t\t\t\t\tEn savoir plus\n\t<\/a>\n<h4>\n\t\t\t<a href=\"https:\/\/www.babcock-wanson.com\/fr\/nos-services\/reparation-et-modernisation\/optimisation-de-chaufferie-industrielle\/\" title=\"Optimisation de chaufferies\" target=\"_self\" rel=\"noopener\">\n\tOptimisation de chaufferies\n\t\t\t<\/a>\n\t<\/h4>\n\t<p>Les experts <strong>Babcock Wanson<\/strong> sont en mesure de fournir un audit de la chaufferie et de pr\u00e9coniser des solutions permettant de maximiser les performances de l\u2019\u00e9quipement.<\/p>\n\t<a href=\"https:\/\/www.babcock-wanson.com\/fr\/nos-services\/reparation-et-modernisation\/optimisation-de-chaufferie-industrielle\/\" target=\"_self\" role=\"button\" rel=\"noopener\">\n\t\t\t\t\tEn savoir plus\n\t<\/a>\n<h4>\n\t\t\t<a href=\"https:\/\/www.babcock-wanson.com\/fr\/nous-contacter\/\" title=\"Besoin d&#039;aide?\" target=\"_self\" rel=\"noopener\">\n\tBesoin d&rsquo;aide?\n\t\t\t<\/a>\n\t<\/h4>\n\t<p>Pour obtenir de l\u2019aide, contactez <a href=\"https:\/\/www.babcock-wanson.com\/fr\/nous-contacter\/filiales-internationales\/\"> l\u2019agence Babcock Wanson le plus pr\u00e8s de chez vous<\/a>.<\/p>\n\t<a href=\"https:\/\/www.babcock-wanson.com\/fr\/nous-contacter\/nos-agences\/\" target=\"_self\" role=\"button\" rel=\"noopener\">\n\t\t\t\t\tEn savoir plus\n\t<\/a>\n<h4>\n\t\tPolitique d\u2019innovation\n\t<\/h4>\n<h2>\n\t\tEngagement <strong>\u00e9co-responsable<\/strong>\n\t<\/h2>\n\t<p>En tant qu\u2019acteur de la transition \u00e9nerg\u00e9tique, <strong>Babcock Wanson<\/strong> s\u2019engage sur le long terme pour une industrie \u00e9co-responsable et durable.<\/p>\n\t\t\t<a href=\"https:\/\/www.babcock-wanson.com\/fr\/qui-sommes-nous\/developpement-durable\/\" target=\"_self\" role=\"button\" rel=\"noopener\">\n\t\t\t\t\t\t\tEn savoir plus\n\t\t\t<\/a>\n<h2>\n\t\u00catre <b>rappel\u00e9 &#8230; <\/b>\n\t<\/h2>\n<h4>\n\tLa conception de nos produits et l\u2019organisation de nos services sont pens\u00e9es pour r\u00e9pondre aux besoins de nos clients.\n\t<\/h4>\n    Remarque \u2013 JavaScript est requis pour ce contenu.\n        <!-- TODO: Move to Template File. -->\n        <\/div><!-- .vgblk-rw-wrapper -->","protected":false},"excerpt":{"rendered":"<p>L&rsquo;engagement de Babcock Wanson envers la qualit\u00e9 va bien au-del\u00e0 du produit. Notre gamme de services est con\u00e7ue pour assurer le meilleur support apr\u00e8s-vente possible, que ce soit une simple pi\u00e8ce de remplacement, un contrat de maintenance ou de formation, ou encore la r\u00e9novation compl\u00e8te d\u2019une chaufferie. Notre objectif est de nous assurer que les&#8230;<\/p>\n","protected":false},"author":1,"featured_media":0,"parent":0,"menu_order":0,"comment_status":"closed","ping_status":"closed","template":"","meta":{"_acf_changed":false,"_relevanssi_hide_post":"","_relevanssi_hide_content":"","_relevanssi_pin_for_all":"","_relevanssi_pin_keywords":"","_relevanssi_unpin_keywords":"","_relevanssi_related_keywords":"","_relevanssi_related_include_ids":"","_relevanssi_related_exclude_ids":"","_relevanssi_related_no_append":"","_relevanssi_related_not_related":"","_relevanssi_related_posts":"","_relevanssi_noindex_reason":"","footnotes":""},"class_list":["post-22836","page","type-page","status-publish","hentry"],"acf":[],"yoast_head":"<!-- This site is optimized with the Yoast SEO Premium plugin v27.4 (Yoast SEO v27.4) - https:\/\/yoast.com\/product\/yoast-seo-premium-wordpress\/ -->\n<title>Nos services - Babcock Wanson<\/title>\n<meta name=\"description\" content=\"Notre gamme de services est con\u00e7ue pour vous assurer le meilleur service apr\u00e8s-vente possible. Visitez notre site web pour d\u00e9couvrir ce que nous pouvons vous offrir\" \/>\n<meta name=\"robots\" content=\"index, follow, max-snippet:-1, max-image-preview:large, max-video-preview:-1\" \/>\n<link rel=\"canonical\" href=\"https:\/\/www.babcock-wanson.com\/fr\/nos-services\/\" \/>\n<meta property=\"og:locale\" content=\"fr_FR\" \/>\n<meta property=\"og:type\" content=\"article\" \/>\n<meta property=\"og:title\" content=\"Nos services\" \/>\n<meta property=\"og:description\" content=\"Notre gamme de services est con\u00e7ue pour vous assurer le meilleur service apr\u00e8s-vente possible. Visitez notre site web pour d\u00e9couvrir ce que nous pouvons vous offrir\" \/>\n<meta property=\"og:url\" content=\"https:\/\/www.babcock-wanson.com\/fr\/nos-services\/\" \/>\n<meta property=\"og:site_name\" content=\"Babcock Wanson\" \/>\n<meta property=\"article:modified_time\" content=\"2021-08-24T06:32:38+00:00\" \/>\n<meta property=\"og:image\" content=\"https:\/\/www.babcock-wanson.com\/wp-content\/uploads\/2024\/02\/Babcock-Wanson-1200x1200-1.png\" \/>\n\t<meta property=\"og:image:width\" content=\"1200\" \/>\n\t<meta property=\"og:image:height\" content=\"1200\" \/>\n\t<meta property=\"og:image:type\" content=\"image\/png\" \/>\n<meta name=\"twitter:card\" content=\"summary_large_image\" \/>\n<meta name=\"twitter:label1\" content=\"Est. reading time\" \/>\n\t<meta name=\"twitter:data1\" content=\"2 minutes\" \/>\n<script type=\"application\/ld+json\" class=\"yoast-schema-graph\">{\"@context\":\"https:\\\/\\\/schema.org\",\"@graph\":[{\"@type\":\"WebPage\",\"@id\":\"https:\\\/\\\/www.babcock-wanson.com\\\/fr\\\/nos-services\\\/\",\"url\":\"https:\\\/\\\/www.babcock-wanson.com\\\/fr\\\/nos-services\\\/\",\"name\":\"Nos services - Babcock Wanson\",\"isPartOf\":{\"@id\":\"https:\\\/\\\/www.babcock-wanson.com\\\/fr\\\/#website\"},\"datePublished\":\"2020-02-07T15:08:07+00:00\",\"dateModified\":\"2021-08-24T06:32:38+00:00\",\"description\":\"Notre gamme de services est con\u00e7ue pour vous assurer le meilleur service apr\u00e8s-vente possible. Visitez notre site web pour d\u00e9couvrir ce que nous pouvons vous offrir\",\"breadcrumb\":{\"@id\":\"https:\\\/\\\/www.babcock-wanson.com\\\/fr\\\/nos-services\\\/#breadcrumb\"},\"inLanguage\":\"fr-FR\",\"potentialAction\":[{\"@type\":\"ReadAction\",\"target\":[\"https:\\\/\\\/www.babcock-wanson.com\\\/fr\\\/nos-services\\\/\"]}]},{\"@type\":\"BreadcrumbList\",\"@id\":\"https:\\\/\\\/www.babcock-wanson.com\\\/fr\\\/nos-services\\\/#breadcrumb\",\"itemListElement\":[{\"@type\":\"ListItem\",\"position\":1,\"name\":\"Accueil\",\"item\":\"https:\\\/\\\/www.babcock-wanson.com\\\/fr\\\/\"},{\"@type\":\"ListItem\",\"position\":2,\"name\":\"Nos services\"}]},{\"@type\":\"WebSite\",\"@id\":\"https:\\\/\\\/www.babcock-wanson.com\\\/fr\\\/#website\",\"url\":\"https:\\\/\\\/www.babcock-wanson.com\\\/fr\\\/\",\"name\":\"Babcock Wanson\",\"description\":\"\",\"publisher\":{\"@id\":\"https:\\\/\\\/www.babcock-wanson.com\\\/fr\\\/#organization\"},\"potentialAction\":[{\"@type\":\"SearchAction\",\"target\":{\"@type\":\"EntryPoint\",\"urlTemplate\":\"https:\\\/\\\/www.babcock-wanson.com\\\/fr\\\/?s={search_term_string}\"},\"query-input\":{\"@type\":\"PropertyValueSpecification\",\"valueRequired\":true,\"valueName\":\"search_term_string\"}}],\"inLanguage\":\"fr-FR\"},{\"@type\":\"Organization\",\"@id\":\"https:\\\/\\\/www.babcock-wanson.com\\\/fr\\\/#organization\",\"name\":\"Babcock Wanson\",\"url\":\"https:\\\/\\\/www.babcock-wanson.com\\\/fr\\\/\",\"logo\":{\"@type\":\"ImageObject\",\"inLanguage\":\"fr-FR\",\"@id\":\"https:\\\/\\\/www.babcock-wanson.com\\\/fr\\\/#\\\/schema\\\/logo\\\/image\\\/\",\"url\":\"https:\\\/\\\/www.babcock-wanson.com\\\/wp-content\\\/uploads\\\/2024\\\/02\\\/Babcock-Wanson-1200x1200-1.png\",\"contentUrl\":\"https:\\\/\\\/www.babcock-wanson.com\\\/wp-content\\\/uploads\\\/2024\\\/02\\\/Babcock-Wanson-1200x1200-1.png\",\"width\":1200,\"height\":1200,\"caption\":\"Babcock Wanson\"},\"image\":{\"@id\":\"https:\\\/\\\/www.babcock-wanson.com\\\/fr\\\/#\\\/schema\\\/logo\\\/image\\\/\"},\"sameAs\":[\"https:\\\/\\\/www.linkedin.com\\\/company\\\/babcock-wanson\\\/\",\"https:\\\/\\\/www.youtube.com\\\/channel\\\/UCtxl25VieBBsP2kYmtlyv7A\"]}]}<\/script>\n<!-- \/ Yoast SEO Premium plugin. -->","yoast_head_json":{"title":"Nos services - Babcock Wanson","description":"Notre gamme de services est con\u00e7ue pour vous assurer le meilleur service apr\u00e8s-vente possible. Visitez notre site web pour d\u00e9couvrir ce que nous pouvons vous offrir","robots":{"index":"index","follow":"follow","max-snippet":"max-snippet:-1","max-image-preview":"max-image-preview:large","max-video-preview":"max-video-preview:-1"},"canonical":"https:\/\/www.babcock-wanson.com\/fr\/nos-services\/","og_locale":"fr_FR","og_type":"article","og_title":"Nos services","og_description":"Notre gamme de services est con\u00e7ue pour vous assurer le meilleur service apr\u00e8s-vente possible. Visitez notre site web pour d\u00e9couvrir ce que nous pouvons vous offrir","og_url":"https:\/\/www.babcock-wanson.com\/fr\/nos-services\/","og_site_name":"Babcock Wanson","article_modified_time":"2021-08-24T06:32:38+00:00","og_image":[{"width":1200,"height":1200,"url":"https:\/\/www.babcock-wanson.com\/wp-content\/uploads\/2024\/02\/Babcock-Wanson-1200x1200-1.png","type":"image\/png"}],"twitter_card":"summary_large_image","twitter_misc":{"Est. reading time":"2 minutes"},"schema":{"@context":"https:\/\/schema.org","@graph":[{"@type":"WebPage","@id":"https:\/\/www.babcock-wanson.com\/fr\/nos-services\/","url":"https:\/\/www.babcock-wanson.com\/fr\/nos-services\/","name":"Nos services - Babcock Wanson","isPartOf":{"@id":"https:\/\/www.babcock-wanson.com\/fr\/#website"},"datePublished":"2020-02-07T15:08:07+00:00","dateModified":"2021-08-24T06:32:38+00:00","description":"Notre gamme de services est con\u00e7ue pour vous assurer le meilleur service apr\u00e8s-vente possible. Visitez notre site web pour d\u00e9couvrir ce que nous pouvons vous offrir","breadcrumb":{"@id":"https:\/\/www.babcock-wanson.com\/fr\/nos-services\/#breadcrumb"},"inLanguage":"fr-FR","potentialAction":[{"@type":"ReadAction","target":["https:\/\/www.babcock-wanson.com\/fr\/nos-services\/"]}]},{"@type":"BreadcrumbList","@id":"https:\/\/www.babcock-wanson.com\/fr\/nos-services\/#breadcrumb","itemListElement":[{"@type":"ListItem","position":1,"name":"Accueil","item":"https:\/\/www.babcock-wanson.com\/fr\/"},{"@type":"ListItem","position":2,"name":"Nos services"}]},{"@type":"WebSite","@id":"https:\/\/www.babcock-wanson.com\/fr\/#website","url":"https:\/\/www.babcock-wanson.com\/fr\/","name":"Babcock Wanson","description":"","publisher":{"@id":"https:\/\/www.babcock-wanson.com\/fr\/#organization"},"potentialAction":[{"@type":"SearchAction","target":{"@type":"EntryPoint","urlTemplate":"https:\/\/www.babcock-wanson.com\/fr\/?s={search_term_string}"},"query-input":{"@type":"PropertyValueSpecification","valueRequired":true,"valueName":"search_term_string"}}],"inLanguage":"fr-FR"},{"@type":"Organization","@id":"https:\/\/www.babcock-wanson.com\/fr\/#organization","name":"Babcock Wanson","url":"https:\/\/www.babcock-wanson.com\/fr\/","logo":{"@type":"ImageObject","inLanguage":"fr-FR","@id":"https:\/\/www.babcock-wanson.com\/fr\/#\/schema\/logo\/image\/","url":"https:\/\/www.babcock-wanson.com\/wp-content\/uploads\/2024\/02\/Babcock-Wanson-1200x1200-1.png","contentUrl":"https:\/\/www.babcock-wanson.com\/wp-content\/uploads\/2024\/02\/Babcock-Wanson-1200x1200-1.png","width":1200,"height":1200,"caption":"Babcock Wanson"},"image":{"@id":"https:\/\/www.babcock-wanson.com\/fr\/#\/schema\/logo\/image\/"},"sameAs":["https:\/\/www.linkedin.com\/company\/babcock-wanson\/","https:\/\/www.youtube.com\/channel\/UCtxl25VieBBsP2kYmtlyv7A"]}]}},"jetpack_sharing_enabled":true,"_links":{"self":[{"href":"https:\/\/www.babcock-wanson.com\/fr\/wp-json\/wp\/v2\/pages\/22836","targetHints":{"allow":["GET"]}}],"collection":[{"href":"https:\/\/www.babcock-wanson.com\/fr\/wp-json\/wp\/v2\/pages"}],"about":[{"href":"https:\/\/www.babcock-wanson.com\/fr\/wp-json\/wp\/v2\/types\/page"}],"author":[{"embeddable":true,"href":"https:\/\/www.babcock-wanson.com\/fr\/wp-json\/wp\/v2\/users\/1"}],"replies":[{"embeddable":true,"href":"https:\/\/www.babcock-wanson.com\/fr\/wp-json\/wp\/v2\/comments?post=22836"}],"version-history":[{"count":3,"href":"https:\/\/www.babcock-wanson.com\/fr\/wp-json\/wp\/v2\/pages\/22836\/revisions"}],"predecessor-version":[{"id":39249,"href":"https:\/\/www.babcock-wanson.com\/fr\/wp-json\/wp\/v2\/pages\/22836\/revisions\/39249"}],"wp:attachment":[{"href":"https:\/\/www.babcock-wanson.com\/fr\/wp-json\/wp\/v2\/media?parent=22836"}],"curies":[{"name":"wp","href":"https:\/\/api.w.org\/{rel}","templated":true}]}}