{"id":22847,"date":"2020-02-07T15:11:45","date_gmt":"2020-02-07T15:11:45","guid":{"rendered":"https:\/\/www.babcock-wanson.com\/nos-services\/service-apres-vente\/"},"modified":"2022-01-12T15:39:37","modified_gmt":"2022-01-12T15:39:37","slug":"services-apres-vente","status":"publish","type":"page","link":"https:\/\/www.babcock-wanson.com\/fr\/nos-services\/services-apres-vente\/","title":{"rendered":"Services Apr\u00e8s-Vente"},"content":{"rendered":"<div class=\"vgblk-rw-wrapper limit-wrapper\"><h2>\n\t<strong>Babcock Wanson<\/strong> \u00e0 votre service\n\t<\/h2>\n\t<p>Le service et l\u2019entretien sont fondamentaux pour toutes les installations et tous les process industriels, y compris les syst\u00e8mes de chauffage. Un mauvais entretien peut entra\u00eener un ralentissement de la production ou la stopper totalement ; comme nous le savons tous, les temps d\u2019arr\u00eat entra\u00eenent une perte de production et de revenus.<\/p>\n<p>La mise en \u0153uvre d\u2019un plan d\u2019entretien et de maintenance rigoureux et planifi\u00e9 assure la fiabilit\u00e9 et l\u2019efficacit\u00e9 de nos \u00e9quipements.<\/p>\n<p>Le vaste r\u00e9seau de techniciens Babcock Wanson est enti\u00e8rement qualifi\u00e9 et form\u00e9 pour r\u00e9pondre \u00e0 toutes les exigences de service de chaufferie. En cas de panne de la chaudi\u00e8re, nos ing\u00e9nieurs peuvent se rendre sur le site rapidement et amener une s\u00e9lection de <a href=\"https:\/\/www.babcock-wanson.com\/fr\/nos-services\/pieces-de-rechange\/\" rel=\"noopener\" target=\"_blank\">pi\u00e8ces de rechange<\/a> pour remettre l\u2019\u00e9quipement en marche dans un d\u00e9lai minimum.<\/p>\n<p>Choisir Babcock Wanson pour effectuer des missions d\u2019entretien et de maintenance, c\u2019est s\u2019assurer de minimiser les risques de pannes. Nos techniciens poss\u00e8dent de nombreuses ann\u00e9es d\u2019exp\u00e9rience et l\u2019expertise n\u00e9cessaire pour analyser le fonctionnement des \u00e9quipements et d\u00e9tecter les sympt\u00f4mes d\u2019un probl\u00e8me \u00e0 venir. Ils peuvent d\u00e9terminer quels correctifs doivent \u00eatre apport\u00e9s et la fa\u00e7on la plus rentable de le faire.<\/p>\n<p>Babcock Wanson propose non seulement des \u00e9quipements mais aussi des solutions pour garantir un rendement optimal pendant toute la dur\u00e9e de vie de l&rsquo;\u00e9quipement. Ces solutions sont possibles gr\u00e2ce \u00e0 :<\/p>\n<ul>\n<li>Un large r\u00e9seau de techniciens de maintenance exp\u00e9riment\u00e9s capables d\u2019intervenir sur les sites de nos clients dans un d\u00e9lai minimum.<\/li>\n<li>Un stock important de pi\u00e8ces de rechange pr\u00eates \u00e0 \u00eatre exp\u00e9di\u00e9es pour r\u00e9pondre aux besoins urgents.<\/li>\n<li>Des programmes de maintenance pr\u00e9ventive via des contrats de service standards ou personnalis\u00e9s.<\/li>\n<li>Des chaudi\u00e8res intelligentes permettant une surveillance \u00e0 distance par nos experts capables d\u2019analyser les variations dans les caract\u00e9ristiques de fonctionnement et d\u2019anticiper les \u00e9ventuelles d\u00e9faillances.<\/li>\n<li>Des solutions mobiles pour la production de vapeur, d\u2019eau chaude ou de fluide thermique afin de r\u00e9pondre aux besoins ponctuels ou urgents.<\/li>\n<\/ul>\n<p>&nbsp;<\/p>\n<p>Pour Babcock Wanson, le service apr\u00e8s-vente s&rsquo;\u00e9tend de l\u2019optimisation des \u00e9quipements \u00e0 l&rsquo;anticipation et la r\u00e9paration des pannes. Nos \u00e9quipes sont aptes \u00e0 fournir \u00e0 nos clients un gamme compl\u00e8te de services adapt\u00e9s aux exigences des proc\u00e9d\u00e9s industriels.<\/p>\n<h5>\n\tMAIS AUSSI\n\t<\/h5>\n<h2>\n\t<strong>Services<\/strong> Suppl\u00e9mentaires<br \/>\n\t<\/h2>\n<h4>\n\t\t\t<a href=\"https:\/\/www.babcock-wanson.com\/fr\/nos-services\/location-de-chaudieres\/\" title=\"Location de chaudi\u00e8res\" target=\"_self\" rel=\"noopener\">\n\tLocation de chaudi\u00e8res\n\t\t\t<\/a>\n\t<\/h4>\n\t<p><strong>Babcock Wanson<\/strong> propose une large gamme de chaudi\u00e8res \u00e0 la location, apte \u00e0 r\u00e9pondre \u00e0 tous les besoins \u00e9nerg\u00e9tiques, quelle que soit la situation (urgence, arr\u00eat programm\u00e9, pic d\u2019activit\u00e9\u2026).<\/p>\n<h4>\n\t\t\t<a href=\"https:\/\/www.babcock-wanson.com\/fr\/nos-services\/formations-en-conduite-de-chaudiere\/\" title=\"Formation en conduite de chaufferie\" target=\"_self\" rel=\"noopener\">\n\tFormation en conduite de chaufferie\n\t\t\t<\/a>\n\t<\/h4>\n\t<p>Afin de tirer le meilleur parti des \u00e9quipements\u00a0<strong>Babcock Wanson<\/strong>, nous proposons un large \u00e9ventail de formations, flexibles et individualis\u00e9es, sur les chaudi\u00e8res industrielles.<\/p>\n<h4>\n\t\t\t<a href=\"https:\/\/www.babcock-wanson.com\/fr\/nos-services\/reparation-et-modernisation\/optimisation-de-chaufferie-industrielle\/\" title=\"Optimisation de chaufferies\" target=\"_self\" rel=\"noopener\">\n\tOptimisation de chaufferies\n\t\t\t<\/a>\n\t<\/h4>\n\t<p>Les experts <strong>Babcock Wanson<\/strong> sont en mesure de fournir un audit de la chaufferie et de pr\u00e9coniser des solutions permettant de maximiser les performances de l\u2019\u00e9quipement.<\/p>\n<\/div><!-- .vgblk-rw-wrapper -->","protected":false},"excerpt":{"rendered":"<p>Babcock Wanson \u00e0 votre service Le service et l\u2019entretien sont fondamentaux pour toutes les installations et tous les process industriels, y compris les syst\u00e8mes de chauffage. Un mauvais entretien peut entra\u00eener un ralentissement de la production ou la stopper totalement ; comme nous le savons tous, les temps d\u2019arr\u00eat entra\u00eenent une perte de production et&#8230;<\/p>\n","protected":false},"author":1,"featured_media":0,"parent":22836,"menu_order":0,"comment_status":"closed","ping_status":"closed","template":"","meta":{"_acf_changed":false,"_relevanssi_hide_post":"","_relevanssi_hide_content":"","_relevanssi_pin_for_all":"","_relevanssi_pin_keywords":"","_relevanssi_unpin_keywords":"","_relevanssi_related_keywords":"","_relevanssi_related_include_ids":"","_relevanssi_related_exclude_ids":"","_relevanssi_related_no_append":"","_relevanssi_related_not_related":"","_relevanssi_related_posts":"","_relevanssi_noindex_reason":"","footnotes":""},"class_list":["post-22847","page","type-page","status-publish","hentry"],"acf":[],"yoast_head":"<!-- This site is optimized with the Yoast SEO Premium plugin v27.4 (Yoast SEO v27.4) - https:\/\/yoast.com\/product\/yoast-seo-premium-wordpress\/ -->\n<title>Services Apr\u00e8s-Vente - Babcock Wanson<\/title>\n<meta name=\"description\" content=\"Le service apr\u00e8s-vente et la maintenance sont fondamentaux pour toutes les installations et tous les process, quels que soient leur qualit\u00e9 et leur fiabilit\u00e9. Visitez notre site web pour en savoir plus\" \/>\n<meta name=\"robots\" content=\"index, follow, max-snippet:-1, max-image-preview:large, max-video-preview:-1\" \/>\n<link rel=\"canonical\" href=\"https:\/\/www.babcock-wanson.com\/fr\/nos-services\/services-apres-vente\/\" \/>\n<meta property=\"og:locale\" content=\"fr_FR\" \/>\n<meta property=\"og:type\" content=\"article\" \/>\n<meta property=\"og:title\" content=\"Services Apr\u00e8s-Vente\" \/>\n<meta property=\"og:description\" content=\"Le service apr\u00e8s-vente et la maintenance sont fondamentaux pour toutes les installations et tous les process, quels que soient leur qualit\u00e9 et leur fiabilit\u00e9. Visitez notre site web pour en savoir plus\" \/>\n<meta property=\"og:url\" content=\"https:\/\/www.babcock-wanson.com\/fr\/nos-services\/services-apres-vente\/\" \/>\n<meta property=\"og:site_name\" content=\"Babcock Wanson\" \/>\n<meta property=\"article:modified_time\" content=\"2022-01-12T15:39:37+00:00\" \/>\n<meta property=\"og:image\" content=\"https:\/\/www.babcock-wanson.com\/wp-content\/uploads\/2024\/02\/Babcock-Wanson-1200x1200-1.png\" \/>\n\t<meta property=\"og:image:width\" content=\"1200\" \/>\n\t<meta property=\"og:image:height\" content=\"1200\" \/>\n\t<meta property=\"og:image:type\" content=\"image\/png\" \/>\n<meta name=\"twitter:card\" content=\"summary_large_image\" \/>\n<meta name=\"twitter:label1\" content=\"Est. reading time\" \/>\n\t<meta name=\"twitter:data1\" content=\"3 minutes\" \/>\n<script type=\"application\/ld+json\" class=\"yoast-schema-graph\">{\"@context\":\"https:\\\/\\\/schema.org\",\"@graph\":[{\"@type\":\"WebPage\",\"@id\":\"https:\\\/\\\/www.babcock-wanson.com\\\/fr\\\/nos-services\\\/services-apres-vente\\\/\",\"url\":\"https:\\\/\\\/www.babcock-wanson.com\\\/fr\\\/nos-services\\\/services-apres-vente\\\/\",\"name\":\"Services Apr\u00e8s-Vente - Babcock Wanson\",\"isPartOf\":{\"@id\":\"https:\\\/\\\/www.babcock-wanson.com\\\/fr\\\/#website\"},\"datePublished\":\"2020-02-07T15:11:45+00:00\",\"dateModified\":\"2022-01-12T15:39:37+00:00\",\"description\":\"Le service apr\u00e8s-vente et la maintenance sont fondamentaux pour toutes les installations et tous les process, quels que soient leur qualit\u00e9 et leur fiabilit\u00e9. Visitez notre site web pour en savoir plus\",\"breadcrumb\":{\"@id\":\"https:\\\/\\\/www.babcock-wanson.com\\\/fr\\\/nos-services\\\/services-apres-vente\\\/#breadcrumb\"},\"inLanguage\":\"fr-FR\",\"potentialAction\":[{\"@type\":\"ReadAction\",\"target\":[\"https:\\\/\\\/www.babcock-wanson.com\\\/fr\\\/nos-services\\\/services-apres-vente\\\/\"]}]},{\"@type\":\"BreadcrumbList\",\"@id\":\"https:\\\/\\\/www.babcock-wanson.com\\\/fr\\\/nos-services\\\/services-apres-vente\\\/#breadcrumb\",\"itemListElement\":[{\"@type\":\"ListItem\",\"position\":1,\"name\":\"Accueil\",\"item\":\"https:\\\/\\\/www.babcock-wanson.com\\\/fr\\\/\"},{\"@type\":\"ListItem\",\"position\":2,\"name\":\"Nos services\",\"item\":\"https:\\\/\\\/www.babcock-wanson.com\\\/fr\\\/nos-services\\\/\"},{\"@type\":\"ListItem\",\"position\":3,\"name\":\"Services Apr\u00e8s-Vente\"}]},{\"@type\":\"WebSite\",\"@id\":\"https:\\\/\\\/www.babcock-wanson.com\\\/fr\\\/#website\",\"url\":\"https:\\\/\\\/www.babcock-wanson.com\\\/fr\\\/\",\"name\":\"Babcock Wanson\",\"description\":\"\",\"publisher\":{\"@id\":\"https:\\\/\\\/www.babcock-wanson.com\\\/fr\\\/#organization\"},\"potentialAction\":[{\"@type\":\"SearchAction\",\"target\":{\"@type\":\"EntryPoint\",\"urlTemplate\":\"https:\\\/\\\/www.babcock-wanson.com\\\/fr\\\/?s={search_term_string}\"},\"query-input\":{\"@type\":\"PropertyValueSpecification\",\"valueRequired\":true,\"valueName\":\"search_term_string\"}}],\"inLanguage\":\"fr-FR\"},{\"@type\":\"Organization\",\"@id\":\"https:\\\/\\\/www.babcock-wanson.com\\\/fr\\\/#organization\",\"name\":\"Babcock Wanson\",\"url\":\"https:\\\/\\\/www.babcock-wanson.com\\\/fr\\\/\",\"logo\":{\"@type\":\"ImageObject\",\"inLanguage\":\"fr-FR\",\"@id\":\"https:\\\/\\\/www.babcock-wanson.com\\\/fr\\\/#\\\/schema\\\/logo\\\/image\\\/\",\"url\":\"https:\\\/\\\/www.babcock-wanson.com\\\/wp-content\\\/uploads\\\/2024\\\/02\\\/Babcock-Wanson-1200x1200-1.png\",\"contentUrl\":\"https:\\\/\\\/www.babcock-wanson.com\\\/wp-content\\\/uploads\\\/2024\\\/02\\\/Babcock-Wanson-1200x1200-1.png\",\"width\":1200,\"height\":1200,\"caption\":\"Babcock Wanson\"},\"image\":{\"@id\":\"https:\\\/\\\/www.babcock-wanson.com\\\/fr\\\/#\\\/schema\\\/logo\\\/image\\\/\"},\"sameAs\":[\"https:\\\/\\\/www.linkedin.com\\\/company\\\/babcock-wanson\\\/\",\"https:\\\/\\\/www.youtube.com\\\/channel\\\/UCtxl25VieBBsP2kYmtlyv7A\"]}]}<\/script>\n<!-- \/ Yoast SEO Premium plugin. -->","yoast_head_json":{"title":"Services Apr\u00e8s-Vente - Babcock Wanson","description":"Le service apr\u00e8s-vente et la maintenance sont fondamentaux pour toutes les installations et tous les process, quels que soient leur qualit\u00e9 et leur fiabilit\u00e9. Visitez notre site web pour en savoir plus","robots":{"index":"index","follow":"follow","max-snippet":"max-snippet:-1","max-image-preview":"max-image-preview:large","max-video-preview":"max-video-preview:-1"},"canonical":"https:\/\/www.babcock-wanson.com\/fr\/nos-services\/services-apres-vente\/","og_locale":"fr_FR","og_type":"article","og_title":"Services Apr\u00e8s-Vente","og_description":"Le service apr\u00e8s-vente et la maintenance sont fondamentaux pour toutes les installations et tous les process, quels que soient leur qualit\u00e9 et leur fiabilit\u00e9. Visitez notre site web pour en savoir plus","og_url":"https:\/\/www.babcock-wanson.com\/fr\/nos-services\/services-apres-vente\/","og_site_name":"Babcock Wanson","article_modified_time":"2022-01-12T15:39:37+00:00","og_image":[{"width":1200,"height":1200,"url":"https:\/\/www.babcock-wanson.com\/wp-content\/uploads\/2024\/02\/Babcock-Wanson-1200x1200-1.png","type":"image\/png"}],"twitter_card":"summary_large_image","twitter_misc":{"Est. reading time":"3 minutes"},"schema":{"@context":"https:\/\/schema.org","@graph":[{"@type":"WebPage","@id":"https:\/\/www.babcock-wanson.com\/fr\/nos-services\/services-apres-vente\/","url":"https:\/\/www.babcock-wanson.com\/fr\/nos-services\/services-apres-vente\/","name":"Services Apr\u00e8s-Vente - Babcock Wanson","isPartOf":{"@id":"https:\/\/www.babcock-wanson.com\/fr\/#website"},"datePublished":"2020-02-07T15:11:45+00:00","dateModified":"2022-01-12T15:39:37+00:00","description":"Le service apr\u00e8s-vente et la maintenance sont fondamentaux pour toutes les installations et tous les process, quels que soient leur qualit\u00e9 et leur fiabilit\u00e9. Visitez notre site web pour en savoir plus","breadcrumb":{"@id":"https:\/\/www.babcock-wanson.com\/fr\/nos-services\/services-apres-vente\/#breadcrumb"},"inLanguage":"fr-FR","potentialAction":[{"@type":"ReadAction","target":["https:\/\/www.babcock-wanson.com\/fr\/nos-services\/services-apres-vente\/"]}]},{"@type":"BreadcrumbList","@id":"https:\/\/www.babcock-wanson.com\/fr\/nos-services\/services-apres-vente\/#breadcrumb","itemListElement":[{"@type":"ListItem","position":1,"name":"Accueil","item":"https:\/\/www.babcock-wanson.com\/fr\/"},{"@type":"ListItem","position":2,"name":"Nos services","item":"https:\/\/www.babcock-wanson.com\/fr\/nos-services\/"},{"@type":"ListItem","position":3,"name":"Services Apr\u00e8s-Vente"}]},{"@type":"WebSite","@id":"https:\/\/www.babcock-wanson.com\/fr\/#website","url":"https:\/\/www.babcock-wanson.com\/fr\/","name":"Babcock Wanson","description":"","publisher":{"@id":"https:\/\/www.babcock-wanson.com\/fr\/#organization"},"potentialAction":[{"@type":"SearchAction","target":{"@type":"EntryPoint","urlTemplate":"https:\/\/www.babcock-wanson.com\/fr\/?s={search_term_string}"},"query-input":{"@type":"PropertyValueSpecification","valueRequired":true,"valueName":"search_term_string"}}],"inLanguage":"fr-FR"},{"@type":"Organization","@id":"https:\/\/www.babcock-wanson.com\/fr\/#organization","name":"Babcock Wanson","url":"https:\/\/www.babcock-wanson.com\/fr\/","logo":{"@type":"ImageObject","inLanguage":"fr-FR","@id":"https:\/\/www.babcock-wanson.com\/fr\/#\/schema\/logo\/image\/","url":"https:\/\/www.babcock-wanson.com\/wp-content\/uploads\/2024\/02\/Babcock-Wanson-1200x1200-1.png","contentUrl":"https:\/\/www.babcock-wanson.com\/wp-content\/uploads\/2024\/02\/Babcock-Wanson-1200x1200-1.png","width":1200,"height":1200,"caption":"Babcock Wanson"},"image":{"@id":"https:\/\/www.babcock-wanson.com\/fr\/#\/schema\/logo\/image\/"},"sameAs":["https:\/\/www.linkedin.com\/company\/babcock-wanson\/","https:\/\/www.youtube.com\/channel\/UCtxl25VieBBsP2kYmtlyv7A"]}]}},"jetpack_sharing_enabled":true,"_links":{"self":[{"href":"https:\/\/www.babcock-wanson.com\/fr\/wp-json\/wp\/v2\/pages\/22847","targetHints":{"allow":["GET"]}}],"collection":[{"href":"https:\/\/www.babcock-wanson.com\/fr\/wp-json\/wp\/v2\/pages"}],"about":[{"href":"https:\/\/www.babcock-wanson.com\/fr\/wp-json\/wp\/v2\/types\/page"}],"author":[{"embeddable":true,"href":"https:\/\/www.babcock-wanson.com\/fr\/wp-json\/wp\/v2\/users\/1"}],"replies":[{"embeddable":true,"href":"https:\/\/www.babcock-wanson.com\/fr\/wp-json\/wp\/v2\/comments?post=22847"}],"version-history":[{"count":4,"href":"https:\/\/www.babcock-wanson.com\/fr\/wp-json\/wp\/v2\/pages\/22847\/revisions"}],"predecessor-version":[{"id":41542,"href":"https:\/\/www.babcock-wanson.com\/fr\/wp-json\/wp\/v2\/pages\/22847\/revisions\/41542"}],"up":[{"embeddable":true,"href":"https:\/\/www.babcock-wanson.com\/fr\/wp-json\/wp\/v2\/pages\/22836"}],"wp:attachment":[{"href":"https:\/\/www.babcock-wanson.com\/fr\/wp-json\/wp\/v2\/media?parent=22847"}],"curies":[{"name":"wp","href":"https:\/\/api.w.org\/{rel}","templated":true}]}}