{"id":22854,"date":"2020-02-07T15:14:51","date_gmt":"2020-02-07T15:14:51","guid":{"rendered":"https:\/\/www.babcock-wanson.com\/nos-services\/formations-en-conduite-de-chaudiere\/"},"modified":"2026-03-16T15:42:54","modified_gmt":"2026-03-16T15:42:54","slug":"formation","status":"publish","type":"page","link":"https:\/\/www.babcock-wanson.com\/fr\/nos-services\/formation\/","title":{"rendered":"Formation"},"content":{"rendered":"<div class=\"vgblk-rw-wrapper limit-wrapper\">\n<h2>\n\t<strong>Formations<\/strong> chaufferies industrielles\n\t<\/h2>\n\tMaintenir un niveau \u00e9lev\u00e9 de performance \u00e9nerg\u00e9tique et environnementale, garantir une disponibilit\u00e9 maximale des \u00e9quipements et s&rsquo;assurer d&rsquo;une bonne gestion des risques demande une attention quotidienne.<br \/>\nPour effectuer des op\u00e9rations de routine ou pour intervenir efficacement en cas d&rsquo;urgence, il est essentiel d&rsquo;avoir du personnel form\u00e9 et comp\u00e9tent.\n<p>Pour tirer le meilleur parti des \u00e9quipements Babcock Wanson, nous offrons un vaste \u00e9ventail de formations personnalis\u00e9es et flexibles :<\/p>\n<ul>\n<li>Conduite et exploitation \u00e9conomique des <a href=\"https:\/\/www.babcock-wanson.com\/fr\/categorie-produit\/chaudieres-vapeur\/\" target=\"_blank\" rel=\"noopener\">chaudi\u00e8res industrielles<\/a><\/li>\n<li>Surveillance intermittente des chaudi\u00e8res<\/li>\n<li>Fonctionnement des chaudi\u00e8res fluide thermique<\/li>\n<li>Traitement des eaux<\/li>\n<\/ul>\n<p>Nos formateurs se d\u00e9placent chez nos clients et organisent in situ ou dans nos locaux un stage adapt\u00e9 au mat\u00e9riel install\u00e9 et au personnel d&rsquo;exploitation (managers, op\u00e9rateurs ou personnel d&rsquo;entretien). Toute formation comprend une explication d\u00e9taill\u00e9e du fonctionnement de l&rsquo;\u00e9quipement et du diagnostic des pannes, ainsi qu&rsquo;une formation pratique si n\u00e9cessaire.<\/p>\n<p><img loading=\"lazy\" decoding=\"async\" src=\"https:\/\/www.babcock-wanson.com\/wp-content\/uploads\/2023\/10\/AF-logo-300x181.png\" alt=\"Certification Qualiopi\" width=\"300\" height=\"181\" \/><\/p>\n<p><em>Accessibilit\u00e9 des personnes en situation de handicap (PSH) : En cas de situation n\u00e9cessitant une adaptation sp\u00e9cifique, <a href=\"mailto:referent.handicap@babcock-wanson.com\">contactez-nous<\/a> avant l&rsquo;inscription pour envisager ensemble les solutions vous permettant d&rsquo;atteindre vos objectifs.<\/em><\/p>\n<p><a href=\"https:\/\/www.babcock-wanson.com\/fr\/nous-contacter\/\">Contactez-nous<\/a> pour en savoir plus sur nos formations ou d\u00e9couvrez le <a href=\"https:\/\/www.babcock-wanson.com\/wp-content\/uploads\/2026\/03\/catalogue-formation-2026-web.pdf\" target=\"_blank\" rel=\"noopener\">catalogue 2026 des formations Babcock Wanson<\/a>.<\/p>\n<h5>\n\tMAIS AUSSI\n\t<\/h5>\n<h2>\n\t<strong>Services<\/strong> Suppl\u00e9mentaires<br \/>\n\t<\/h2>\n<h4>\n\t\t\t<a href=\"https:\/\/www.babcock-wanson.com\/fr\/nos-services\/location-de-chaudieres\/\" title=\"Location de chaudi\u00e8res\" target=\"_self\">\n\tLocation de chaudi\u00e8res\n\t\t\t<\/a>\n\t<\/h4>\n\t<p><strong>Babcock Wanson<\/strong> propose une large gamme de chaudi\u00e8res \u00e0 la location, apte \u00e0 r\u00e9pondre \u00e0 tous les besoins \u00e9nerg\u00e9tiques, quelle que soit la situation (urgence, arr\u00eat programm\u00e9, pic d&rsquo;activit\u00e9&#8230;).<\/p>\n<h4>\n\t\t\t<a href=\"https:\/\/www.babcock-wanson.com\/fr\/nos-services\/formations-en-conduite-de-chaudiere\/\" title=\"Formation en conduite de chaufferie\" target=\"_self\">\n\tFormation en conduite de chaufferie\n\t\t\t<\/a>\n\t<\/h4>\n\t<p>Afin de tirer le meilleur parti des \u00e9quipements\u00a0<strong>Babcock Wanson<\/strong>, nous proposons un large \u00e9ventail de formations, flexibles et individualis\u00e9es, sur les chaudi\u00e8res industrielles.<\/p>\n<h4>\n\t\t\t<a href=\"https:\/\/www.babcock-wanson.com\/fr\/nos-services\/reparation-et-modernisation\/optimisation-de-chaufferie-industrielle\/\" title=\"Optimisation de chaufferies\" target=\"_self\">\n\tOptimisation de chaufferies\n\t\t\t<\/a>\n\t<\/h4>\n\t<p>Les experts <strong>Babcock Wanson<\/strong> sont en mesure de fournir un audit de la chaufferie et de pr\u00e9coniser des solutions permettant de maximiser les performances de l&rsquo;\u00e9quipement.<\/p>\n\n<\/div><!-- .vgblk-rw-wrapper -->","protected":false},"excerpt":{"rendered":"<p>Formations chaufferies industrielles Maintenir un niveau \u00e9lev\u00e9 de performance \u00e9nerg\u00e9tique et environnementale, garantir une disponibilit\u00e9 maximale des \u00e9quipements et s&rsquo;assurer d&rsquo;une bonne gestion des risques demande une attention quotidienne. Pour effectuer des op\u00e9rations de routine ou pour intervenir efficacement en cas d&rsquo;urgence, il est essentiel d&rsquo;avoir du personnel form\u00e9 et comp\u00e9tent. Pour tirer le meilleur&#8230;<\/p>\n","protected":false},"author":1,"featured_media":0,"parent":22836,"menu_order":0,"comment_status":"closed","ping_status":"closed","template":"","meta":{"_acf_changed":false,"_relevanssi_hide_post":"","_relevanssi_hide_content":"","_relevanssi_pin_for_all":"","_relevanssi_pin_keywords":"","_relevanssi_unpin_keywords":"","_relevanssi_related_keywords":"","_relevanssi_related_include_ids":"","_relevanssi_related_exclude_ids":"","_relevanssi_related_no_append":"","_relevanssi_related_not_related":"","_relevanssi_related_posts":"","_relevanssi_noindex_reason":"","footnotes":""},"class_list":["post-22854","page","type-page","status-publish","hentry"],"acf":[],"yoast_head":"<!-- This site is optimized with the Yoast SEO Premium plugin v27.4 (Yoast SEO v27.4) - https:\/\/yoast.com\/product\/yoast-seo-premium-wordpress\/ -->\n<title>Formation - Babcock Wanson<\/title>\n<meta name=\"description\" content=\"Pour tirer le meilleur parti de votre \u00e9quipement Babcock Wanson, nous proposons une gamme de formations personnalis\u00e9es en conduite de chaudi\u00e8re. Visitez notre site web pour trouver celle qui vous convient le mieux\" \/>\n<meta name=\"robots\" content=\"index, follow, max-snippet:-1, max-image-preview:large, max-video-preview:-1\" \/>\n<link rel=\"canonical\" href=\"https:\/\/www.babcock-wanson.com\/fr\/nos-services\/formation\/\" \/>\n<meta property=\"og:locale\" content=\"fr_FR\" \/>\n<meta property=\"og:type\" content=\"article\" \/>\n<meta property=\"og:title\" content=\"Formation\" \/>\n<meta property=\"og:description\" content=\"Pour tirer le meilleur parti de votre \u00e9quipement Babcock Wanson, nous proposons une gamme de formations personnalis\u00e9es en conduite de chaudi\u00e8re. Visitez notre site web pour trouver celle qui vous convient le mieux\" \/>\n<meta property=\"og:url\" content=\"https:\/\/www.babcock-wanson.com\/fr\/nos-services\/formation\/\" \/>\n<meta property=\"og:site_name\" content=\"Babcock Wanson\" \/>\n<meta property=\"article:modified_time\" content=\"2026-03-16T15:42:54+00:00\" \/>\n<meta property=\"og:image\" content=\"https:\/\/www.babcock-wanson.com\/wp-content\/uploads\/2023\/10\/AF-logo-300x181.png\" \/>\n<meta name=\"twitter:card\" content=\"summary_large_image\" \/>\n<meta name=\"twitter:label1\" content=\"Est. reading time\" \/>\n\t<meta name=\"twitter:data1\" content=\"2 minutes\" \/>\n<script type=\"application\/ld+json\" class=\"yoast-schema-graph\">{\"@context\":\"https:\\\/\\\/schema.org\",\"@graph\":[{\"@type\":\"WebPage\",\"@id\":\"https:\\\/\\\/www.babcock-wanson.com\\\/fr\\\/nos-services\\\/formation\\\/\",\"url\":\"https:\\\/\\\/www.babcock-wanson.com\\\/fr\\\/nos-services\\\/formation\\\/\",\"name\":\"Formation - Babcock Wanson\",\"isPartOf\":{\"@id\":\"https:\\\/\\\/www.babcock-wanson.com\\\/fr\\\/#website\"},\"primaryImageOfPage\":{\"@id\":\"https:\\\/\\\/www.babcock-wanson.com\\\/fr\\\/nos-services\\\/formation\\\/#primaryimage\"},\"image\":{\"@id\":\"https:\\\/\\\/www.babcock-wanson.com\\\/fr\\\/nos-services\\\/formation\\\/#primaryimage\"},\"thumbnailUrl\":\"https:\\\/\\\/www.babcock-wanson.com\\\/wp-content\\\/uploads\\\/2023\\\/10\\\/AF-logo-300x181.png\",\"datePublished\":\"2020-02-07T15:14:51+00:00\",\"dateModified\":\"2026-03-16T15:42:54+00:00\",\"description\":\"Pour tirer le meilleur parti de votre \u00e9quipement Babcock Wanson, nous proposons une gamme de formations personnalis\u00e9es en conduite de chaudi\u00e8re. Visitez notre site web pour trouver celle qui vous convient le mieux\",\"breadcrumb\":{\"@id\":\"https:\\\/\\\/www.babcock-wanson.com\\\/fr\\\/nos-services\\\/formation\\\/#breadcrumb\"},\"inLanguage\":\"fr-FR\",\"potentialAction\":[{\"@type\":\"ReadAction\",\"target\":[\"https:\\\/\\\/www.babcock-wanson.com\\\/fr\\\/nos-services\\\/formation\\\/\"]}]},{\"@type\":\"ImageObject\",\"inLanguage\":\"fr-FR\",\"@id\":\"https:\\\/\\\/www.babcock-wanson.com\\\/fr\\\/nos-services\\\/formation\\\/#primaryimage\",\"url\":\"https:\\\/\\\/www.babcock-wanson.com\\\/wp-content\\\/uploads\\\/2023\\\/10\\\/AF-logo-300x181.png\",\"contentUrl\":\"https:\\\/\\\/www.babcock-wanson.com\\\/wp-content\\\/uploads\\\/2023\\\/10\\\/AF-logo-300x181.png\"},{\"@type\":\"BreadcrumbList\",\"@id\":\"https:\\\/\\\/www.babcock-wanson.com\\\/fr\\\/nos-services\\\/formation\\\/#breadcrumb\",\"itemListElement\":[{\"@type\":\"ListItem\",\"position\":1,\"name\":\"Accueil\",\"item\":\"https:\\\/\\\/www.babcock-wanson.com\\\/fr\\\/\"},{\"@type\":\"ListItem\",\"position\":2,\"name\":\"Nos services\",\"item\":\"https:\\\/\\\/www.babcock-wanson.com\\\/fr\\\/nos-services\\\/\"},{\"@type\":\"ListItem\",\"position\":3,\"name\":\"Formation\"}]},{\"@type\":\"WebSite\",\"@id\":\"https:\\\/\\\/www.babcock-wanson.com\\\/fr\\\/#website\",\"url\":\"https:\\\/\\\/www.babcock-wanson.com\\\/fr\\\/\",\"name\":\"Babcock Wanson\",\"description\":\"\",\"publisher\":{\"@id\":\"https:\\\/\\\/www.babcock-wanson.com\\\/fr\\\/#organization\"},\"potentialAction\":[{\"@type\":\"SearchAction\",\"target\":{\"@type\":\"EntryPoint\",\"urlTemplate\":\"https:\\\/\\\/www.babcock-wanson.com\\\/fr\\\/?s={search_term_string}\"},\"query-input\":{\"@type\":\"PropertyValueSpecification\",\"valueRequired\":true,\"valueName\":\"search_term_string\"}}],\"inLanguage\":\"fr-FR\"},{\"@type\":\"Organization\",\"@id\":\"https:\\\/\\\/www.babcock-wanson.com\\\/fr\\\/#organization\",\"name\":\"Babcock Wanson\",\"url\":\"https:\\\/\\\/www.babcock-wanson.com\\\/fr\\\/\",\"logo\":{\"@type\":\"ImageObject\",\"inLanguage\":\"fr-FR\",\"@id\":\"https:\\\/\\\/www.babcock-wanson.com\\\/fr\\\/#\\\/schema\\\/logo\\\/image\\\/\",\"url\":\"https:\\\/\\\/www.babcock-wanson.com\\\/wp-content\\\/uploads\\\/2024\\\/02\\\/Babcock-Wanson-1200x1200-1.png\",\"contentUrl\":\"https:\\\/\\\/www.babcock-wanson.com\\\/wp-content\\\/uploads\\\/2024\\\/02\\\/Babcock-Wanson-1200x1200-1.png\",\"width\":1200,\"height\":1200,\"caption\":\"Babcock Wanson\"},\"image\":{\"@id\":\"https:\\\/\\\/www.babcock-wanson.com\\\/fr\\\/#\\\/schema\\\/logo\\\/image\\\/\"},\"sameAs\":[\"https:\\\/\\\/www.linkedin.com\\\/company\\\/babcock-wanson\\\/\",\"https:\\\/\\\/www.youtube.com\\\/channel\\\/UCtxl25VieBBsP2kYmtlyv7A\"]}]}<\/script>\n<!-- \/ Yoast SEO Premium plugin. -->","yoast_head_json":{"title":"Formation - Babcock Wanson","description":"Pour tirer le meilleur parti de votre \u00e9quipement Babcock Wanson, nous proposons une gamme de formations personnalis\u00e9es en conduite de chaudi\u00e8re. Visitez notre site web pour trouver celle qui vous convient le mieux","robots":{"index":"index","follow":"follow","max-snippet":"max-snippet:-1","max-image-preview":"max-image-preview:large","max-video-preview":"max-video-preview:-1"},"canonical":"https:\/\/www.babcock-wanson.com\/fr\/nos-services\/formation\/","og_locale":"fr_FR","og_type":"article","og_title":"Formation","og_description":"Pour tirer le meilleur parti de votre \u00e9quipement Babcock Wanson, nous proposons une gamme de formations personnalis\u00e9es en conduite de chaudi\u00e8re. Visitez notre site web pour trouver celle qui vous convient le mieux","og_url":"https:\/\/www.babcock-wanson.com\/fr\/nos-services\/formation\/","og_site_name":"Babcock Wanson","article_modified_time":"2026-03-16T15:42:54+00:00","og_image":[{"url":"https:\/\/www.babcock-wanson.com\/wp-content\/uploads\/2023\/10\/AF-logo-300x181.png","type":"","width":"","height":""}],"twitter_card":"summary_large_image","twitter_misc":{"Est. reading time":"2 minutes"},"schema":{"@context":"https:\/\/schema.org","@graph":[{"@type":"WebPage","@id":"https:\/\/www.babcock-wanson.com\/fr\/nos-services\/formation\/","url":"https:\/\/www.babcock-wanson.com\/fr\/nos-services\/formation\/","name":"Formation - Babcock Wanson","isPartOf":{"@id":"https:\/\/www.babcock-wanson.com\/fr\/#website"},"primaryImageOfPage":{"@id":"https:\/\/www.babcock-wanson.com\/fr\/nos-services\/formation\/#primaryimage"},"image":{"@id":"https:\/\/www.babcock-wanson.com\/fr\/nos-services\/formation\/#primaryimage"},"thumbnailUrl":"https:\/\/www.babcock-wanson.com\/wp-content\/uploads\/2023\/10\/AF-logo-300x181.png","datePublished":"2020-02-07T15:14:51+00:00","dateModified":"2026-03-16T15:42:54+00:00","description":"Pour tirer le meilleur parti de votre \u00e9quipement Babcock Wanson, nous proposons une gamme de formations personnalis\u00e9es en conduite de chaudi\u00e8re. Visitez notre site web pour trouver celle qui vous convient le mieux","breadcrumb":{"@id":"https:\/\/www.babcock-wanson.com\/fr\/nos-services\/formation\/#breadcrumb"},"inLanguage":"fr-FR","potentialAction":[{"@type":"ReadAction","target":["https:\/\/www.babcock-wanson.com\/fr\/nos-services\/formation\/"]}]},{"@type":"ImageObject","inLanguage":"fr-FR","@id":"https:\/\/www.babcock-wanson.com\/fr\/nos-services\/formation\/#primaryimage","url":"https:\/\/www.babcock-wanson.com\/wp-content\/uploads\/2023\/10\/AF-logo-300x181.png","contentUrl":"https:\/\/www.babcock-wanson.com\/wp-content\/uploads\/2023\/10\/AF-logo-300x181.png"},{"@type":"BreadcrumbList","@id":"https:\/\/www.babcock-wanson.com\/fr\/nos-services\/formation\/#breadcrumb","itemListElement":[{"@type":"ListItem","position":1,"name":"Accueil","item":"https:\/\/www.babcock-wanson.com\/fr\/"},{"@type":"ListItem","position":2,"name":"Nos services","item":"https:\/\/www.babcock-wanson.com\/fr\/nos-services\/"},{"@type":"ListItem","position":3,"name":"Formation"}]},{"@type":"WebSite","@id":"https:\/\/www.babcock-wanson.com\/fr\/#website","url":"https:\/\/www.babcock-wanson.com\/fr\/","name":"Babcock Wanson","description":"","publisher":{"@id":"https:\/\/www.babcock-wanson.com\/fr\/#organization"},"potentialAction":[{"@type":"SearchAction","target":{"@type":"EntryPoint","urlTemplate":"https:\/\/www.babcock-wanson.com\/fr\/?s={search_term_string}"},"query-input":{"@type":"PropertyValueSpecification","valueRequired":true,"valueName":"search_term_string"}}],"inLanguage":"fr-FR"},{"@type":"Organization","@id":"https:\/\/www.babcock-wanson.com\/fr\/#organization","name":"Babcock Wanson","url":"https:\/\/www.babcock-wanson.com\/fr\/","logo":{"@type":"ImageObject","inLanguage":"fr-FR","@id":"https:\/\/www.babcock-wanson.com\/fr\/#\/schema\/logo\/image\/","url":"https:\/\/www.babcock-wanson.com\/wp-content\/uploads\/2024\/02\/Babcock-Wanson-1200x1200-1.png","contentUrl":"https:\/\/www.babcock-wanson.com\/wp-content\/uploads\/2024\/02\/Babcock-Wanson-1200x1200-1.png","width":1200,"height":1200,"caption":"Babcock Wanson"},"image":{"@id":"https:\/\/www.babcock-wanson.com\/fr\/#\/schema\/logo\/image\/"},"sameAs":["https:\/\/www.linkedin.com\/company\/babcock-wanson\/","https:\/\/www.youtube.com\/channel\/UCtxl25VieBBsP2kYmtlyv7A"]}]}},"jetpack_sharing_enabled":true,"_links":{"self":[{"href":"https:\/\/www.babcock-wanson.com\/fr\/wp-json\/wp\/v2\/pages\/22854","targetHints":{"allow":["GET"]}}],"collection":[{"href":"https:\/\/www.babcock-wanson.com\/fr\/wp-json\/wp\/v2\/pages"}],"about":[{"href":"https:\/\/www.babcock-wanson.com\/fr\/wp-json\/wp\/v2\/types\/page"}],"author":[{"embeddable":true,"href":"https:\/\/www.babcock-wanson.com\/fr\/wp-json\/wp\/v2\/users\/1"}],"replies":[{"embeddable":true,"href":"https:\/\/www.babcock-wanson.com\/fr\/wp-json\/wp\/v2\/comments?post=22854"}],"version-history":[{"count":30,"href":"https:\/\/www.babcock-wanson.com\/fr\/wp-json\/wp\/v2\/pages\/22854\/revisions"}],"predecessor-version":[{"id":53746,"href":"https:\/\/www.babcock-wanson.com\/fr\/wp-json\/wp\/v2\/pages\/22854\/revisions\/53746"}],"up":[{"embeddable":true,"href":"https:\/\/www.babcock-wanson.com\/fr\/wp-json\/wp\/v2\/pages\/22836"}],"wp:attachment":[{"href":"https:\/\/www.babcock-wanson.com\/fr\/wp-json\/wp\/v2\/media?parent=22854"}],"curies":[{"name":"wp","href":"https:\/\/api.w.org\/{rel}","templated":true}]}}