{"id":22861,"date":"2020-02-07T15:21:40","date_gmt":"2020-02-07T15:21:40","guid":{"rendered":"https:\/\/www.babcock-wanson.com\/nos-services\/renovation-et-mise-a-niveau-de-chaudieres\/"},"modified":"2021-08-30T10:31:46","modified_gmt":"2021-08-30T09:31:46","slug":"reparation-et-modernisation","status":"publish","type":"page","link":"https:\/\/www.babcock-wanson.com\/fr\/nos-services\/reparation-et-modernisation\/","title":{"rendered":"R\u00e9paration et modernisation"},"content":{"rendered":"<div class=\"vgblk-rw-wrapper limit-wrapper\"><h2>\n\t<strong>R\u00e9paration et modernisation<\/strong>\n\t<\/h2>\n\t<p>La r\u00e9novation ou la mise \u00e0 niveau d&rsquo;une chaufferie est une bonne solution pour optimiser votre budget. Les \u00e9quipements vieillissants sont souvent inefficaces car ils consomment beaucoup de combustible et ne disposent pas d&rsquo;une instrumentation suffisante pour une bonne r\u00e9gulation. La conjoncture \u00e9conomique ne permet pas \u00e0 toutes les entreprises d\u2019investir dans de nouvelles installations. C\u2019est la raison pour laquelle Babcock Wanson propose des services de r\u00e9novation et de mise \u00e0 niveau pour toutes les chaudi\u00e8res \u00e0 vapeur, \u00e0 eau chaude et \u00e0 fluide thermique pour accro\u00eetre leur efficacit\u00e9 et leurs performances environnementales.<\/p>\n<p>Que ce soit d&rsquo;importants travaux de r\u00e9novation, ou une optimisation des performances de la chaufferie, Babcock Wanson apporte son expertise pour conseiller sur le meilleur investissement possible.<\/p>\n<ul>\n<li>R\u00e9paration et r\u00e9novation de chaudi\u00e8res de tous types et de toutes marques. Babcock Wanson propose une \u00e9valuation approfondie de la chaudi\u00e8re et des \u00e9quipements auxiliaires par l\u2019inspection et la r\u00e9alisation d\u2019essais non destructifs. Cela permet d\u2019\u00e9valuer les avantages potentiels de travaux de remplacement ou de remise \u00e0 neuf d\u2019une chaudi\u00e8re.<\/li>\n<li>Mise \u00e0 jour des modes d\u2019automatisation et de fonctionnement : La r\u00e9gulation des <a href=\"https:\/\/www.babcock-wanson.com\/fr\/categorie-produit\/chaudieres-vapeur\/\" rel=\"noopener\" target=\"_blank\">chaudi\u00e8res industrielles<\/a> a beaucoup \u00e9volu\u00e9 ces derni\u00e8res ann\u00e9es. Babcock Wanson est en mesure d\u2019entreprendre une mise \u00e0 niveau des chaudi\u00e8res existantes et de les \u00e9quiper pour permettre une exploitation plus ais\u00e9es (Mise en place de modes d\u2019exploitation SPHP, mises \u00e0 niveau des API, mises \u00e0 jour des capteurs, ajustement des boucles de contr\u00f4les SIL et de nombreuses autres am\u00e9liorations).<\/li>\n<\/ul>\n<p>Audisteam Energy Audit : Pour anticiper les r\u00e9ductions de co\u00fbts associ\u00e9es aux am\u00e9liorations de l\u2019\u00e9quipement et \u00e0 l\u2019exploitation, Babcock Wanson a d\u00e9velopp\u00e9 Audisteam, un outil d\u2019analyse des chaudi\u00e8res \u00e0 vapeur qui peut quantifier les \u00e9conomies potentielles de combustible avant investissement.<\/p>\n<h5>\n\tMAIS AUSSI\n\t<\/h5>\n<h2>\n\t<strong>Services<\/strong> Suppl\u00e9mentaires<br \/>\n\t<\/h2>\n<h4>\n\t\t\t<a href=\"https:\/\/www.babcock-wanson.com\/fr\/nos-services\/location-de-chaudieres\/\" title=\"Location de chaudi\u00e8res\" target=\"_self\" rel=\"noopener\">\n\tLocation de chaudi\u00e8res\n\t\t\t<\/a>\n\t<\/h4>\n\t<p><strong>Babcock Wanson<\/strong> propose une large gamme de chaudi\u00e8res \u00e0 la location, apte \u00e0 r\u00e9pondre \u00e0 tous les besoins \u00e9nerg\u00e9tiques, quelle que soit la situation (urgence, arr\u00eat programm\u00e9, pic d\u2019activit\u00e9\u2026).<\/p>\n<h4>\n\t\t\t<a href=\"https:\/\/www.babcock-wanson.com\/fr\/nos-services\/formations-en-conduite-de-chaudiere\/\" title=\"Formation en conduite de chaufferie\" target=\"_self\" rel=\"noopener\">\n\tFormation en conduite de chaufferie\n\t\t\t<\/a>\n\t<\/h4>\n\t<p>Afin de tirer le meilleur parti des \u00e9quipements\u00a0<strong>Babcock Wanson<\/strong>, nous proposons un large \u00e9ventail de formations, flexibles et individualis\u00e9es, sur les chaudi\u00e8res industrielles.<\/p>\n<h4>\n\t\t\t<a href=\"https:\/\/www.babcock-wanson.com\/fr\/nos-services\/reparation-et-modernisation\/optimisation-de-chaufferie-industrielle\/\" title=\"Optimisation de chaufferies\" target=\"_self\" rel=\"noopener\">\n\tOptimisation de chaufferies\n\t\t\t<\/a>\n\t<\/h4>\n\t<p>Les experts <strong>Babcock Wanson<\/strong> sont en mesure de fournir un audit de la chaufferie et de pr\u00e9coniser des solutions permettant de maximiser les performances de l\u2019\u00e9quipement.<\/p>\n<\/div><!-- .vgblk-rw-wrapper -->","protected":false},"excerpt":{"rendered":"<p>R\u00e9paration et modernisation La r\u00e9novation ou la mise \u00e0 niveau d&rsquo;une chaufferie est une bonne solution pour optimiser votre budget. Les \u00e9quipements vieillissants sont souvent inefficaces car ils consomment beaucoup de combustible et ne disposent pas d&rsquo;une instrumentation suffisante pour une bonne r\u00e9gulation. La conjoncture \u00e9conomique ne permet pas \u00e0 toutes les entreprises d\u2019investir dans&#8230;<\/p>\n","protected":false},"author":1,"featured_media":0,"parent":22836,"menu_order":0,"comment_status":"closed","ping_status":"closed","template":"","meta":{"_acf_changed":false,"_relevanssi_hide_post":"","_relevanssi_hide_content":"","_relevanssi_pin_for_all":"","_relevanssi_pin_keywords":"","_relevanssi_unpin_keywords":"","_relevanssi_related_keywords":"","_relevanssi_related_include_ids":"","_relevanssi_related_exclude_ids":"","_relevanssi_related_no_append":"","_relevanssi_related_not_related":"","_relevanssi_related_posts":"","_relevanssi_noindex_reason":"","footnotes":""},"class_list":["post-22861","page","type-page","status-publish","hentry"],"acf":[],"yoast_head":"<!-- This site is optimized with the Yoast SEO Premium plugin v27.1 (Yoast SEO v27.1.1) - https:\/\/yoast.com\/product\/yoast-seo-premium-wordpress\/ -->\n<title>R\u00e9paration et modernisation - Babcock Wanson<\/title>\n<meta name=\"description\" content=\"La r\u00e9novation ou la mise \u00e0 niveau d&#039;une chaufferie est une bonne solution pour optimiser votre budget.\" \/>\n<meta name=\"robots\" content=\"index, follow, max-snippet:-1, max-image-preview:large, max-video-preview:-1\" \/>\n<link rel=\"canonical\" href=\"https:\/\/www.babcock-wanson.com\/fr\/nos-services\/reparation-et-modernisation\/\" \/>\n<meta property=\"og:locale\" content=\"fr_FR\" \/>\n<meta property=\"og:type\" content=\"article\" \/>\n<meta property=\"og:title\" content=\"R\u00e9paration et modernisation\" \/>\n<meta property=\"og:description\" content=\"La r\u00e9novation ou la mise \u00e0 niveau d&#039;une chaufferie est une bonne solution pour optimiser votre budget.\" \/>\n<meta property=\"og:url\" content=\"https:\/\/www.babcock-wanson.com\/fr\/nos-services\/reparation-et-modernisation\/\" \/>\n<meta property=\"og:site_name\" content=\"Babcock Wanson\" \/>\n<meta property=\"article:modified_time\" content=\"2021-08-30T09:31:46+00:00\" \/>\n<meta property=\"og:image\" content=\"https:\/\/www.babcock-wanson.com\/wp-content\/uploads\/2024\/02\/Babcock-Wanson-1200x1200-1.png\" \/>\n\t<meta property=\"og:image:width\" content=\"1200\" \/>\n\t<meta property=\"og:image:height\" content=\"1200\" \/>\n\t<meta property=\"og:image:type\" content=\"image\/png\" \/>\n<meta name=\"twitter:card\" content=\"summary_large_image\" \/>\n<meta name=\"twitter:label1\" content=\"Est. reading time\" \/>\n\t<meta name=\"twitter:data1\" content=\"2 minutes\" \/>\n<script type=\"application\/ld+json\" class=\"yoast-schema-graph\">{\"@context\":\"https:\/\/schema.org\",\"@graph\":[{\"@type\":\"WebPage\",\"@id\":\"https:\/\/www.babcock-wanson.com\/fr\/nos-services\/reparation-et-modernisation\/\",\"url\":\"https:\/\/www.babcock-wanson.com\/fr\/nos-services\/reparation-et-modernisation\/\",\"name\":\"R\u00e9paration et modernisation - Babcock Wanson\",\"isPartOf\":{\"@id\":\"https:\/\/www.babcock-wanson.com\/fr\/#website\"},\"datePublished\":\"2020-02-07T15:21:40+00:00\",\"dateModified\":\"2021-08-30T09:31:46+00:00\",\"description\":\"La r\u00e9novation ou la mise \u00e0 niveau d'une chaufferie est une bonne solution pour optimiser votre budget.\",\"breadcrumb\":{\"@id\":\"https:\/\/www.babcock-wanson.com\/fr\/nos-services\/reparation-et-modernisation\/#breadcrumb\"},\"inLanguage\":\"fr-FR\",\"potentialAction\":[{\"@type\":\"ReadAction\",\"target\":[\"https:\/\/www.babcock-wanson.com\/fr\/nos-services\/reparation-et-modernisation\/\"]}]},{\"@type\":\"BreadcrumbList\",\"@id\":\"https:\/\/www.babcock-wanson.com\/fr\/nos-services\/reparation-et-modernisation\/#breadcrumb\",\"itemListElement\":[{\"@type\":\"ListItem\",\"position\":1,\"name\":\"Accueil\",\"item\":\"https:\/\/www.babcock-wanson.com\/fr\/\"},{\"@type\":\"ListItem\",\"position\":2,\"name\":\"Nos services\",\"item\":\"https:\/\/www.babcock-wanson.com\/fr\/nos-services\/\"},{\"@type\":\"ListItem\",\"position\":3,\"name\":\"R\u00e9paration et modernisation\"}]},{\"@type\":\"WebSite\",\"@id\":\"https:\/\/www.babcock-wanson.com\/fr\/#website\",\"url\":\"https:\/\/www.babcock-wanson.com\/fr\/\",\"name\":\"Babcock Wanson\",\"description\":\"\",\"publisher\":{\"@id\":\"https:\/\/www.babcock-wanson.com\/fr\/#organization\"},\"potentialAction\":[{\"@type\":\"SearchAction\",\"target\":{\"@type\":\"EntryPoint\",\"urlTemplate\":\"https:\/\/www.babcock-wanson.com\/fr\/?s={search_term_string}\"},\"query-input\":{\"@type\":\"PropertyValueSpecification\",\"valueRequired\":true,\"valueName\":\"search_term_string\"}}],\"inLanguage\":\"fr-FR\"},{\"@type\":\"Organization\",\"@id\":\"https:\/\/www.babcock-wanson.com\/fr\/#organization\",\"name\":\"Babcock Wanson\",\"url\":\"https:\/\/www.babcock-wanson.com\/fr\/\",\"logo\":{\"@type\":\"ImageObject\",\"inLanguage\":\"fr-FR\",\"@id\":\"https:\/\/www.babcock-wanson.com\/fr\/#\/schema\/logo\/image\/\",\"url\":\"https:\/\/www.babcock-wanson.com\/wp-content\/uploads\/2024\/02\/Babcock-Wanson-1200x1200-1.png\",\"contentUrl\":\"https:\/\/www.babcock-wanson.com\/wp-content\/uploads\/2024\/02\/Babcock-Wanson-1200x1200-1.png\",\"width\":1200,\"height\":1200,\"caption\":\"Babcock Wanson\"},\"image\":{\"@id\":\"https:\/\/www.babcock-wanson.com\/fr\/#\/schema\/logo\/image\/\"},\"sameAs\":[\"https:\/\/www.linkedin.com\/company\/babcock-wanson\/\",\"https:\/\/www.youtube.com\/channel\/UCtxl25VieBBsP2kYmtlyv7A\"]}]}<\/script>\n<!-- \/ Yoast SEO Premium plugin. -->","yoast_head_json":{"title":"R\u00e9paration et modernisation - Babcock Wanson","description":"La r\u00e9novation ou la mise \u00e0 niveau d'une chaufferie est une bonne solution pour optimiser votre budget.","robots":{"index":"index","follow":"follow","max-snippet":"max-snippet:-1","max-image-preview":"max-image-preview:large","max-video-preview":"max-video-preview:-1"},"canonical":"https:\/\/www.babcock-wanson.com\/fr\/nos-services\/reparation-et-modernisation\/","og_locale":"fr_FR","og_type":"article","og_title":"R\u00e9paration et modernisation","og_description":"La r\u00e9novation ou la mise \u00e0 niveau d'une chaufferie est une bonne solution pour optimiser votre budget.","og_url":"https:\/\/www.babcock-wanson.com\/fr\/nos-services\/reparation-et-modernisation\/","og_site_name":"Babcock Wanson","article_modified_time":"2021-08-30T09:31:46+00:00","og_image":[{"width":1200,"height":1200,"url":"https:\/\/www.babcock-wanson.com\/wp-content\/uploads\/2024\/02\/Babcock-Wanson-1200x1200-1.png","type":"image\/png"}],"twitter_card":"summary_large_image","twitter_misc":{"Est. reading time":"2 minutes"},"schema":{"@context":"https:\/\/schema.org","@graph":[{"@type":"WebPage","@id":"https:\/\/www.babcock-wanson.com\/fr\/nos-services\/reparation-et-modernisation\/","url":"https:\/\/www.babcock-wanson.com\/fr\/nos-services\/reparation-et-modernisation\/","name":"R\u00e9paration et modernisation - Babcock Wanson","isPartOf":{"@id":"https:\/\/www.babcock-wanson.com\/fr\/#website"},"datePublished":"2020-02-07T15:21:40+00:00","dateModified":"2021-08-30T09:31:46+00:00","description":"La r\u00e9novation ou la mise \u00e0 niveau d'une chaufferie est une bonne solution pour optimiser votre budget.","breadcrumb":{"@id":"https:\/\/www.babcock-wanson.com\/fr\/nos-services\/reparation-et-modernisation\/#breadcrumb"},"inLanguage":"fr-FR","potentialAction":[{"@type":"ReadAction","target":["https:\/\/www.babcock-wanson.com\/fr\/nos-services\/reparation-et-modernisation\/"]}]},{"@type":"BreadcrumbList","@id":"https:\/\/www.babcock-wanson.com\/fr\/nos-services\/reparation-et-modernisation\/#breadcrumb","itemListElement":[{"@type":"ListItem","position":1,"name":"Accueil","item":"https:\/\/www.babcock-wanson.com\/fr\/"},{"@type":"ListItem","position":2,"name":"Nos services","item":"https:\/\/www.babcock-wanson.com\/fr\/nos-services\/"},{"@type":"ListItem","position":3,"name":"R\u00e9paration et modernisation"}]},{"@type":"WebSite","@id":"https:\/\/www.babcock-wanson.com\/fr\/#website","url":"https:\/\/www.babcock-wanson.com\/fr\/","name":"Babcock Wanson","description":"","publisher":{"@id":"https:\/\/www.babcock-wanson.com\/fr\/#organization"},"potentialAction":[{"@type":"SearchAction","target":{"@type":"EntryPoint","urlTemplate":"https:\/\/www.babcock-wanson.com\/fr\/?s={search_term_string}"},"query-input":{"@type":"PropertyValueSpecification","valueRequired":true,"valueName":"search_term_string"}}],"inLanguage":"fr-FR"},{"@type":"Organization","@id":"https:\/\/www.babcock-wanson.com\/fr\/#organization","name":"Babcock Wanson","url":"https:\/\/www.babcock-wanson.com\/fr\/","logo":{"@type":"ImageObject","inLanguage":"fr-FR","@id":"https:\/\/www.babcock-wanson.com\/fr\/#\/schema\/logo\/image\/","url":"https:\/\/www.babcock-wanson.com\/wp-content\/uploads\/2024\/02\/Babcock-Wanson-1200x1200-1.png","contentUrl":"https:\/\/www.babcock-wanson.com\/wp-content\/uploads\/2024\/02\/Babcock-Wanson-1200x1200-1.png","width":1200,"height":1200,"caption":"Babcock Wanson"},"image":{"@id":"https:\/\/www.babcock-wanson.com\/fr\/#\/schema\/logo\/image\/"},"sameAs":["https:\/\/www.linkedin.com\/company\/babcock-wanson\/","https:\/\/www.youtube.com\/channel\/UCtxl25VieBBsP2kYmtlyv7A"]}]}},"jetpack_sharing_enabled":true,"_links":{"self":[{"href":"https:\/\/www.babcock-wanson.com\/fr\/wp-json\/wp\/v2\/pages\/22861","targetHints":{"allow":["GET"]}}],"collection":[{"href":"https:\/\/www.babcock-wanson.com\/fr\/wp-json\/wp\/v2\/pages"}],"about":[{"href":"https:\/\/www.babcock-wanson.com\/fr\/wp-json\/wp\/v2\/types\/page"}],"author":[{"embeddable":true,"href":"https:\/\/www.babcock-wanson.com\/fr\/wp-json\/wp\/v2\/users\/1"}],"replies":[{"embeddable":true,"href":"https:\/\/www.babcock-wanson.com\/fr\/wp-json\/wp\/v2\/comments?post=22861"}],"version-history":[{"count":4,"href":"https:\/\/www.babcock-wanson.com\/fr\/wp-json\/wp\/v2\/pages\/22861\/revisions"}],"predecessor-version":[{"id":39878,"href":"https:\/\/www.babcock-wanson.com\/fr\/wp-json\/wp\/v2\/pages\/22861\/revisions\/39878"}],"up":[{"embeddable":true,"href":"https:\/\/www.babcock-wanson.com\/fr\/wp-json\/wp\/v2\/pages\/22836"}],"wp:attachment":[{"href":"https:\/\/www.babcock-wanson.com\/fr\/wp-json\/wp\/v2\/media?parent=22861"}],"curies":[{"name":"wp","href":"https:\/\/api.w.org\/{rel}","templated":true}]}}