{"id":22880,"date":"2020-02-07T15:24:48","date_gmt":"2020-02-07T15:24:48","guid":{"rendered":"https:\/\/www.babcock-wanson.com\/nos-services\/renovation-et-mise-a-niveau-de-chaudieres\/optimisation-de-chaufferie-industrielle\/"},"modified":"2021-08-27T15:11:52","modified_gmt":"2021-08-27T14:11:52","slug":"optimisation-de-chaufferie-industrielle","status":"publish","type":"page","link":"https:\/\/www.babcock-wanson.com\/fr\/nos-services\/reparation-et-modernisation\/optimisation-de-chaufferie-industrielle\/","title":{"rendered":"Optimisation de chaufferie"},"content":{"rendered":"<div class=\"vgblk-rw-wrapper limit-wrapper\"><h2>\n\t\t<strong>Optimisation de chaufferie<\/strong> \n\t<\/h2>\n\tQu\u2019il y ait ou non des produits Babcock Wanson dans la chaufferie, nous avons les connaissances et l&rsquo;exp\u00e9rience des \u00e9quipements et des processus de fonctionnement. Nous proposons les solutions technologiques les plus adapt\u00e9es et les plus actuelles pour moderniser ces \u00e9quipements afin de r\u00e9pondre aux exigences des clients en mati\u00e8re d\u2019optimisation de chaufferie.<br \/>\nCela peut inclure :\n<ul>\n<li>Am\u00e9lioration du rendement (temporaire ou permanent)<\/li>\n<li>Optimisation de la chaudi\u00e8re pour r\u00e9pondre aux normes en vigueur et la pr\u00e9parer \u00e0 des inspections p\u00e9riodiques par des tiers<\/li>\n<li>Revamping et r\u00e9paration des installations<\/li>\n<li>Augmentation de l&rsquo;efficacit\u00e9 globale de la chaufferie<\/li>\n<\/ul>\n<p>L\u2019\u00e9nergie est souvent la principale d\u00e9pense des entreprises industrielles et la chaufferie en repr\u00e9sente une grande partie. Il est donc n\u00e9cessaire de d\u00e9tecter toutes les opportunit\u00e9s de r\u00e9duire la consommation d\u2019\u00e9nergie. C\u2019est pourquoi, pour anticiper les r\u00e9ductions de co\u00fbts associ\u00e9es \u00e0 l\u2019\u00e9quipement et aux am\u00e9liorations d\u2019exploitation, les services d\u2019ing\u00e9nierie de Babcock Wanson ont d\u00e9velopp\u00e9 Audisteam, un outil d\u2019analyse des chaudi\u00e8res \u00e0 vapeur qui peut quantifier les \u00e9conomies potentielles de carburant avant investissement. Cet outil tient compte de tous les param\u00e8tres de fonctionnement des chaudi\u00e8res, du traitement de l\u2019eau au combustible et aux \u00e9missions. Des centaines d\u2019entreprises ont vu les avantages de cet outil novateur, sp\u00e9cialement sur le plan du retour sur investissement.<\/p>\n<p>Les r\u00e9sultats de l\u2019audit permettent d\u2019examiner toutes les options d\u2019optimisation de la chaufferie :<\/p>\n<ul>\n<li><b>Solutions de r\u00e9cup\u00e9ration de chaleur :<\/b> installation d\u2019un <a href=\"https:\/\/www.babcock-wanson.com\/fr\/produits\/chaudieres-de-recuperation\/economiseur\/\" rel=\"noopener\" target=\"_blank\">\u00e9conomiseur<\/a>, d\u2019un syst\u00e8me de pr\u00e9chauffage d\u2019air comburant et mise en place d\u2019un \u00e9changeur de chaleur associ\u00e9 au proc\u00e9d\u00e9.<\/li>\n<li><b>Remplacement du br\u00fbleur :<\/b> Augmentation du taux de modulation pour \u00e9viter les cycles d\u2019arr\u00eat et de d\u00e9marrage, diminution de l\u2019exc\u00e8s d\u2019air et contr\u00f4le de l\u2019O2 et du CO. La diminution des \u00e9missions de NOx qui en r\u00e9sulte peut faciliter la mise en conformit\u00e9 de l\u2019installation en termes de limites d\u2019\u00e9missions.<\/li>\n<li><strong>Am\u00e9lioration des syst\u00e8mes de <a href=\"https:\/\/www.babcock-wanson.com\/fr\/categorie-produit\/traitement-de-leau\/\" rel=\"noopener\" target=\"_blank\">traitement de l\u2019eau<\/a><\/strong> : Installation de purge automatique et am\u00e9lioration des syst\u00e8mes de pr\u00e9traitement de l\u2019eau.<\/li>\n<\/ul>\n<h5>\n\tMAIS AUSSI\n\t<\/h5>\n<h2>\n\t<strong>Services<\/strong> Suppl\u00e9mentaires<br \/>\n\t<\/h2>\n<h4>\n\t\t\t<a href=\"https:\/\/www.babcock-wanson.com\/fr\/nos-services\/location-de-chaudieres\/\" title=\"Location de chaudi\u00e8res\" target=\"_self\" rel=\"noopener\">\n\tLocation de chaudi\u00e8res\n\t\t\t<\/a>\n\t<\/h4>\n\t<p><strong>Babcock Wanson<\/strong> propose une large gamme de chaudi\u00e8res \u00e0 la location, apte \u00e0 r\u00e9pondre \u00e0 tous les besoins \u00e9nerg\u00e9tiques, quelle que soit la situation (urgence, arr\u00eat programm\u00e9, pic d\u2019activit\u00e9\u2026).<\/p>\n<h4>\n\t\t\t<a href=\"https:\/\/www.babcock-wanson.com\/fr\/nos-services\/formations-en-conduite-de-chaudiere\/\" title=\"Formation en conduite de chaufferie\" target=\"_self\" rel=\"noopener\">\n\tFormation en conduite de chaufferie\n\t\t\t<\/a>\n\t<\/h4>\n\t<p>Afin de tirer le meilleur parti des \u00e9quipements\u00a0<strong>Babcock Wanson<\/strong>, nous proposons un large \u00e9ventail de formations, flexibles et individualis\u00e9es, sur les chaudi\u00e8res industrielles.<\/p>\n<h4>\n\t\t\t<a href=\"https:\/\/www.babcock-wanson.com\/fr\/nos-services\/reparation-et-modernisation\/optimisation-de-chaufferie-industrielle\/\" title=\"Optimisation de chaufferies\" target=\"_self\" rel=\"noopener\">\n\tOptimisation de chaufferies\n\t\t\t<\/a>\n\t<\/h4>\n\t<p>Les experts <strong>Babcock Wanson<\/strong> sont en mesure de fournir un audit de la chaufferie et de pr\u00e9coniser des solutions permettant de maximiser les performances de l\u2019\u00e9quipement.<\/p>\n<\/div><!-- .vgblk-rw-wrapper -->","protected":false},"excerpt":{"rendered":"<p>Optimisation de chaufferie Qu\u2019il y ait ou non des produits Babcock Wanson dans la chaufferie, nous avons les connaissances et l&rsquo;exp\u00e9rience des \u00e9quipements et des processus de fonctionnement. Nous proposons les solutions technologiques les plus adapt\u00e9es et les plus actuelles pour moderniser ces \u00e9quipements afin de r\u00e9pondre aux exigences des clients en mati\u00e8re d\u2019optimisation de&#8230;<\/p>\n","protected":false},"author":1,"featured_media":0,"parent":22861,"menu_order":0,"comment_status":"closed","ping_status":"closed","template":"","meta":{"_acf_changed":false,"_relevanssi_hide_post":"","_relevanssi_hide_content":"","_relevanssi_pin_for_all":"","_relevanssi_pin_keywords":"","_relevanssi_unpin_keywords":"","_relevanssi_related_keywords":"","_relevanssi_related_include_ids":"","_relevanssi_related_exclude_ids":"","_relevanssi_related_no_append":"","_relevanssi_related_not_related":"","_relevanssi_related_posts":"","_relevanssi_noindex_reason":"","footnotes":""},"class_list":["post-22880","page","type-page","status-publish","hentry"],"acf":[],"yoast_head":"<!-- This site is optimized with the Yoast SEO Premium plugin v27.4 (Yoast SEO v27.4) - https:\/\/yoast.com\/product\/yoast-seo-premium-wordpress\/ -->\n<title>Optimisation de chaufferie - Babcock Wanson<\/title>\n<meta name=\"description\" content=\"Qu\u2019il y ait ou non des produits Babcock Wanson dans votre chaufferie, nous avons les connaissances et l&#039;exp\u00e9rience des \u00e9quipements et des processus de fonctionnement. Visitez notre site web pour plus d&#039;informations\" \/>\n<meta name=\"robots\" content=\"index, follow, max-snippet:-1, max-image-preview:large, max-video-preview:-1\" \/>\n<link rel=\"canonical\" href=\"https:\/\/www.babcock-wanson.com\/fr\/nos-services\/reparation-et-modernisation\/optimisation-de-chaufferie-industrielle\/\" \/>\n<meta property=\"og:locale\" content=\"fr_FR\" \/>\n<meta property=\"og:type\" content=\"article\" \/>\n<meta property=\"og:title\" content=\"Optimisation de chaufferie\" \/>\n<meta property=\"og:description\" content=\"Qu\u2019il y ait ou non des produits Babcock Wanson dans votre chaufferie, nous avons les connaissances et l&#039;exp\u00e9rience des \u00e9quipements et des processus de fonctionnement. Visitez notre site web pour plus d&#039;informations\" \/>\n<meta property=\"og:url\" content=\"https:\/\/www.babcock-wanson.com\/fr\/nos-services\/reparation-et-modernisation\/optimisation-de-chaufferie-industrielle\/\" \/>\n<meta property=\"og:site_name\" content=\"Babcock Wanson\" \/>\n<meta property=\"article:modified_time\" content=\"2021-08-27T14:11:52+00:00\" \/>\n<meta property=\"og:image\" content=\"https:\/\/www.babcock-wanson.com\/wp-content\/uploads\/2024\/02\/Babcock-Wanson-1200x1200-1.png\" \/>\n\t<meta property=\"og:image:width\" content=\"1200\" \/>\n\t<meta property=\"og:image:height\" content=\"1200\" \/>\n\t<meta property=\"og:image:type\" content=\"image\/png\" \/>\n<meta name=\"twitter:card\" content=\"summary_large_image\" \/>\n<meta name=\"twitter:label1\" content=\"Est. reading time\" \/>\n\t<meta name=\"twitter:data1\" content=\"2 minutes\" \/>\n<script type=\"application\/ld+json\" class=\"yoast-schema-graph\">{\"@context\":\"https:\\\/\\\/schema.org\",\"@graph\":[{\"@type\":\"WebPage\",\"@id\":\"https:\\\/\\\/www.babcock-wanson.com\\\/fr\\\/nos-services\\\/reparation-et-modernisation\\\/optimisation-de-chaufferie-industrielle\\\/\",\"url\":\"https:\\\/\\\/www.babcock-wanson.com\\\/fr\\\/nos-services\\\/reparation-et-modernisation\\\/optimisation-de-chaufferie-industrielle\\\/\",\"name\":\"Optimisation de chaufferie - Babcock Wanson\",\"isPartOf\":{\"@id\":\"https:\\\/\\\/www.babcock-wanson.com\\\/fr\\\/#website\"},\"datePublished\":\"2020-02-07T15:24:48+00:00\",\"dateModified\":\"2021-08-27T14:11:52+00:00\",\"description\":\"Qu\u2019il y ait ou non des produits Babcock Wanson dans votre chaufferie, nous avons les connaissances et l'exp\u00e9rience des \u00e9quipements et des processus de fonctionnement. Visitez notre site web pour plus d'informations\",\"breadcrumb\":{\"@id\":\"https:\\\/\\\/www.babcock-wanson.com\\\/fr\\\/nos-services\\\/reparation-et-modernisation\\\/optimisation-de-chaufferie-industrielle\\\/#breadcrumb\"},\"inLanguage\":\"fr-FR\",\"potentialAction\":[{\"@type\":\"ReadAction\",\"target\":[\"https:\\\/\\\/www.babcock-wanson.com\\\/fr\\\/nos-services\\\/reparation-et-modernisation\\\/optimisation-de-chaufferie-industrielle\\\/\"]}]},{\"@type\":\"BreadcrumbList\",\"@id\":\"https:\\\/\\\/www.babcock-wanson.com\\\/fr\\\/nos-services\\\/reparation-et-modernisation\\\/optimisation-de-chaufferie-industrielle\\\/#breadcrumb\",\"itemListElement\":[{\"@type\":\"ListItem\",\"position\":1,\"name\":\"Accueil\",\"item\":\"https:\\\/\\\/www.babcock-wanson.com\\\/fr\\\/\"},{\"@type\":\"ListItem\",\"position\":2,\"name\":\"Nos services\",\"item\":\"https:\\\/\\\/www.babcock-wanson.com\\\/fr\\\/nos-services\\\/\"},{\"@type\":\"ListItem\",\"position\":3,\"name\":\"R\u00e9paration et modernisation\",\"item\":\"https:\\\/\\\/www.babcock-wanson.com\\\/fr\\\/nos-services\\\/reparation-et-modernisation\\\/\"},{\"@type\":\"ListItem\",\"position\":4,\"name\":\"Optimisation de chaufferie\"}]},{\"@type\":\"WebSite\",\"@id\":\"https:\\\/\\\/www.babcock-wanson.com\\\/fr\\\/#website\",\"url\":\"https:\\\/\\\/www.babcock-wanson.com\\\/fr\\\/\",\"name\":\"Babcock Wanson\",\"description\":\"\",\"publisher\":{\"@id\":\"https:\\\/\\\/www.babcock-wanson.com\\\/fr\\\/#organization\"},\"potentialAction\":[{\"@type\":\"SearchAction\",\"target\":{\"@type\":\"EntryPoint\",\"urlTemplate\":\"https:\\\/\\\/www.babcock-wanson.com\\\/fr\\\/?s={search_term_string}\"},\"query-input\":{\"@type\":\"PropertyValueSpecification\",\"valueRequired\":true,\"valueName\":\"search_term_string\"}}],\"inLanguage\":\"fr-FR\"},{\"@type\":\"Organization\",\"@id\":\"https:\\\/\\\/www.babcock-wanson.com\\\/fr\\\/#organization\",\"name\":\"Babcock Wanson\",\"url\":\"https:\\\/\\\/www.babcock-wanson.com\\\/fr\\\/\",\"logo\":{\"@type\":\"ImageObject\",\"inLanguage\":\"fr-FR\",\"@id\":\"https:\\\/\\\/www.babcock-wanson.com\\\/fr\\\/#\\\/schema\\\/logo\\\/image\\\/\",\"url\":\"https:\\\/\\\/www.babcock-wanson.com\\\/wp-content\\\/uploads\\\/2024\\\/02\\\/Babcock-Wanson-1200x1200-1.png\",\"contentUrl\":\"https:\\\/\\\/www.babcock-wanson.com\\\/wp-content\\\/uploads\\\/2024\\\/02\\\/Babcock-Wanson-1200x1200-1.png\",\"width\":1200,\"height\":1200,\"caption\":\"Babcock Wanson\"},\"image\":{\"@id\":\"https:\\\/\\\/www.babcock-wanson.com\\\/fr\\\/#\\\/schema\\\/logo\\\/image\\\/\"},\"sameAs\":[\"https:\\\/\\\/www.linkedin.com\\\/company\\\/babcock-wanson\\\/\",\"https:\\\/\\\/www.youtube.com\\\/channel\\\/UCtxl25VieBBsP2kYmtlyv7A\"]}]}<\/script>\n<!-- \/ Yoast SEO Premium plugin. -->","yoast_head_json":{"title":"Optimisation de chaufferie - Babcock Wanson","description":"Qu\u2019il y ait ou non des produits Babcock Wanson dans votre chaufferie, nous avons les connaissances et l'exp\u00e9rience des \u00e9quipements et des processus de fonctionnement. Visitez notre site web pour plus d'informations","robots":{"index":"index","follow":"follow","max-snippet":"max-snippet:-1","max-image-preview":"max-image-preview:large","max-video-preview":"max-video-preview:-1"},"canonical":"https:\/\/www.babcock-wanson.com\/fr\/nos-services\/reparation-et-modernisation\/optimisation-de-chaufferie-industrielle\/","og_locale":"fr_FR","og_type":"article","og_title":"Optimisation de chaufferie","og_description":"Qu\u2019il y ait ou non des produits Babcock Wanson dans votre chaufferie, nous avons les connaissances et l'exp\u00e9rience des \u00e9quipements et des processus de fonctionnement. Visitez notre site web pour plus d'informations","og_url":"https:\/\/www.babcock-wanson.com\/fr\/nos-services\/reparation-et-modernisation\/optimisation-de-chaufferie-industrielle\/","og_site_name":"Babcock Wanson","article_modified_time":"2021-08-27T14:11:52+00:00","og_image":[{"width":1200,"height":1200,"url":"https:\/\/www.babcock-wanson.com\/wp-content\/uploads\/2024\/02\/Babcock-Wanson-1200x1200-1.png","type":"image\/png"}],"twitter_card":"summary_large_image","twitter_misc":{"Est. reading time":"2 minutes"},"schema":{"@context":"https:\/\/schema.org","@graph":[{"@type":"WebPage","@id":"https:\/\/www.babcock-wanson.com\/fr\/nos-services\/reparation-et-modernisation\/optimisation-de-chaufferie-industrielle\/","url":"https:\/\/www.babcock-wanson.com\/fr\/nos-services\/reparation-et-modernisation\/optimisation-de-chaufferie-industrielle\/","name":"Optimisation de chaufferie - Babcock Wanson","isPartOf":{"@id":"https:\/\/www.babcock-wanson.com\/fr\/#website"},"datePublished":"2020-02-07T15:24:48+00:00","dateModified":"2021-08-27T14:11:52+00:00","description":"Qu\u2019il y ait ou non des produits Babcock Wanson dans votre chaufferie, nous avons les connaissances et l'exp\u00e9rience des \u00e9quipements et des processus de fonctionnement. Visitez notre site web pour plus d'informations","breadcrumb":{"@id":"https:\/\/www.babcock-wanson.com\/fr\/nos-services\/reparation-et-modernisation\/optimisation-de-chaufferie-industrielle\/#breadcrumb"},"inLanguage":"fr-FR","potentialAction":[{"@type":"ReadAction","target":["https:\/\/www.babcock-wanson.com\/fr\/nos-services\/reparation-et-modernisation\/optimisation-de-chaufferie-industrielle\/"]}]},{"@type":"BreadcrumbList","@id":"https:\/\/www.babcock-wanson.com\/fr\/nos-services\/reparation-et-modernisation\/optimisation-de-chaufferie-industrielle\/#breadcrumb","itemListElement":[{"@type":"ListItem","position":1,"name":"Accueil","item":"https:\/\/www.babcock-wanson.com\/fr\/"},{"@type":"ListItem","position":2,"name":"Nos services","item":"https:\/\/www.babcock-wanson.com\/fr\/nos-services\/"},{"@type":"ListItem","position":3,"name":"R\u00e9paration et modernisation","item":"https:\/\/www.babcock-wanson.com\/fr\/nos-services\/reparation-et-modernisation\/"},{"@type":"ListItem","position":4,"name":"Optimisation de chaufferie"}]},{"@type":"WebSite","@id":"https:\/\/www.babcock-wanson.com\/fr\/#website","url":"https:\/\/www.babcock-wanson.com\/fr\/","name":"Babcock Wanson","description":"","publisher":{"@id":"https:\/\/www.babcock-wanson.com\/fr\/#organization"},"potentialAction":[{"@type":"SearchAction","target":{"@type":"EntryPoint","urlTemplate":"https:\/\/www.babcock-wanson.com\/fr\/?s={search_term_string}"},"query-input":{"@type":"PropertyValueSpecification","valueRequired":true,"valueName":"search_term_string"}}],"inLanguage":"fr-FR"},{"@type":"Organization","@id":"https:\/\/www.babcock-wanson.com\/fr\/#organization","name":"Babcock Wanson","url":"https:\/\/www.babcock-wanson.com\/fr\/","logo":{"@type":"ImageObject","inLanguage":"fr-FR","@id":"https:\/\/www.babcock-wanson.com\/fr\/#\/schema\/logo\/image\/","url":"https:\/\/www.babcock-wanson.com\/wp-content\/uploads\/2024\/02\/Babcock-Wanson-1200x1200-1.png","contentUrl":"https:\/\/www.babcock-wanson.com\/wp-content\/uploads\/2024\/02\/Babcock-Wanson-1200x1200-1.png","width":1200,"height":1200,"caption":"Babcock Wanson"},"image":{"@id":"https:\/\/www.babcock-wanson.com\/fr\/#\/schema\/logo\/image\/"},"sameAs":["https:\/\/www.linkedin.com\/company\/babcock-wanson\/","https:\/\/www.youtube.com\/channel\/UCtxl25VieBBsP2kYmtlyv7A"]}]}},"jetpack_sharing_enabled":true,"_links":{"self":[{"href":"https:\/\/www.babcock-wanson.com\/fr\/wp-json\/wp\/v2\/pages\/22880","targetHints":{"allow":["GET"]}}],"collection":[{"href":"https:\/\/www.babcock-wanson.com\/fr\/wp-json\/wp\/v2\/pages"}],"about":[{"href":"https:\/\/www.babcock-wanson.com\/fr\/wp-json\/wp\/v2\/types\/page"}],"author":[{"embeddable":true,"href":"https:\/\/www.babcock-wanson.com\/fr\/wp-json\/wp\/v2\/users\/1"}],"replies":[{"embeddable":true,"href":"https:\/\/www.babcock-wanson.com\/fr\/wp-json\/wp\/v2\/comments?post=22880"}],"version-history":[{"count":3,"href":"https:\/\/www.babcock-wanson.com\/fr\/wp-json\/wp\/v2\/pages\/22880\/revisions"}],"predecessor-version":[{"id":39834,"href":"https:\/\/www.babcock-wanson.com\/fr\/wp-json\/wp\/v2\/pages\/22880\/revisions\/39834"}],"up":[{"embeddable":true,"href":"https:\/\/www.babcock-wanson.com\/fr\/wp-json\/wp\/v2\/pages\/22861"}],"wp:attachment":[{"href":"https:\/\/www.babcock-wanson.com\/fr\/wp-json\/wp\/v2\/media?parent=22880"}],"curies":[{"name":"wp","href":"https:\/\/api.w.org\/{rel}","templated":true}]}}