{"id":22890,"date":"2020-02-07T15:34:45","date_gmt":"2020-02-07T15:34:45","guid":{"rendered":"https:\/\/www.babcock-wanson.com\/nos-services\/renovation-et-mise-a-niveau-de-chaudieres\/reparation-et-modernisation-des-chaudieres-industrielles\/"},"modified":"2021-08-27T15:14:51","modified_gmt":"2021-08-27T14:14:51","slug":"reparation-et-rehabilitation","status":"publish","type":"page","link":"https:\/\/www.babcock-wanson.com\/fr\/nos-services\/reparation-et-modernisation\/reparation-et-rehabilitation\/","title":{"rendered":"R\u00e9paration et r\u00e9habilitation"},"content":{"rendered":"<div class=\"vgblk-rw-wrapper limit-wrapper\"><h2>\n\t\t<strong>R\u00e9paration et r\u00e9habilitation<\/strong> de chaudi\u00e8res\n\t<\/h2>\n\t<p>Babcock Wanson propose un service d\u00e9di\u00e9 pour la r\u00e9paration et la mise \u00e0 niveau de tout type de chaudi\u00e8res industrielles (des petites <a href=\"https:\/\/www.babcock-wanson.com\/fr\/categorie-produit\/chaudieres-vapeur\/\" rel=\"noopener\" target=\"_blank\">chaudi\u00e8res industrielles<\/a> jusqu\u2019aux chaudi\u00e8res \u00e0 tubes d\u2019eau) et toutes marques de chaudi\u00e8res, Babcock Wanson dispose des ressources n\u00e9cessaires :<\/p>\n<ul>\n<li>Des \u00e9quipes projets pour la r\u00e9alisation des travaux et la gestion des chantiers<\/li>\n<li>Un bureau d\u2019\u00e9tudes capable de produire les notes de calculs selon les codes en vigueur (NFE 32-100, CODAP etc.) et de satisfaire \u00e0 toutes les exigences relatives \u00e0 la fabrication d\u2019\u00e9quipements sous pression (PED 97\/23)<\/li>\n<li>Un service de contr\u00f4le et de tests non destructifs (MT, US, PT, RT COFREND)<\/li>\n<li>Des sp\u00e9cialistes du soudage qualifi\u00e9s pour intervenir dans les conditions les plus difficiles<\/li>\n<li>Une usine de fabrication d\u2019\u00e9quipements sous pression (plaques tubulaires de chaudi\u00e8re, tubes de foyer ondul\u00e9s, d\u00e9flecteurs de tubes d\u2019eau, trappes d\u2019entr\u00e9e de chaudi\u00e8re)<\/li>\n<\/ul>\n<p>Les \u00e9quipes de Babcock Wanson r\u00e9pondent \u00e0 une vari\u00e9t\u00e9 de besoins :<\/p>\n<ul>\n<li>Remplacement de panneaux tubulaires sur chaudi\u00e8re tubes d\u2019eau<\/li>\n<li>La retubage des chaudi\u00e8res \u00e0 tubes de fum\u00e9e<\/li>\n<li>Remplacement de zone de plaques tubulaires<\/li>\n<li>R\u00e9paration des foyer et des r\u00e9fractaires.<\/li>\n<li>Construction et installation d\u2019<a href=\"https:\/\/www.babcock-wanson.com\/fr\/produits\/chaudieres-de-recuperation\/economiseur\/\" rel=\"noopener\" target=\"_blank\">\u00e9conomiseurs<\/a> pour chaudi\u00e8res existantes<\/li>\n<li>R\u00e9paration ou modification des r\u00e9seaux de vapeur<\/li>\n<\/ul>\n<p>Babcock Wanson offre son expertise dans le domaine des \u00e9quipements sous pression afin de r\u00e9habiliter ces \u00e9quipements et de les rendre fiables pour l\u2019avenir.<\/p>\n<h5>\n\tMAIS AUSSI\n\t<\/h5>\n<h2>\n\t<strong>Services<\/strong> Suppl\u00e9mentaires<br \/>\n\t<\/h2>\n<h4>\n\t\t\t<a href=\"https:\/\/www.babcock-wanson.com\/fr\/nos-services\/location-de-chaudieres\/\" title=\"Location de chaudi\u00e8res\" target=\"_self\" rel=\"noopener\">\n\tLocation de chaudi\u00e8res\n\t\t\t<\/a>\n\t<\/h4>\n\t<p><strong>Babcock Wanson<\/strong> propose une large gamme de chaudi\u00e8res \u00e0 la location, apte \u00e0 r\u00e9pondre \u00e0 tous les besoins \u00e9nerg\u00e9tiques, quelle que soit la situation (urgence, arr\u00eat programm\u00e9, pic d\u2019activit\u00e9\u2026).<\/p>\n<h4>\n\t\t\t<a href=\"https:\/\/www.babcock-wanson.com\/fr\/nos-services\/formations-en-conduite-de-chaudiere\/\" title=\"Formation en conduite de chaufferie\" target=\"_self\" rel=\"noopener\">\n\tFormation en conduite de chaufferie\n\t\t\t<\/a>\n\t<\/h4>\n\t<p>Afin de tirer le meilleur parti des \u00e9quipements\u00a0<strong>Babcock Wanson<\/strong>, nous proposons un large \u00e9ventail de formations, flexibles et individualis\u00e9es, sur les chaudi\u00e8res industrielles.<\/p>\n<h4>\n\t\t\t<a href=\"https:\/\/www.babcock-wanson.com\/fr\/nos-services\/reparation-et-modernisation\/optimisation-de-chaufferie-industrielle\/\" title=\"Optimisation de chaufferies\" target=\"_self\" rel=\"noopener\">\n\tOptimisation de chaufferies\n\t\t\t<\/a>\n\t<\/h4>\n\t<p>Les experts <strong>Babcock Wanson<\/strong> sont en mesure de fournir un audit de la chaufferie et de pr\u00e9coniser des solutions permettant de maximiser les performances de l\u2019\u00e9quipement.<\/p>\n<\/div><!-- .vgblk-rw-wrapper -->","protected":false},"excerpt":{"rendered":"<p>R\u00e9paration et r\u00e9habilitation de chaudi\u00e8res Babcock Wanson propose un service d\u00e9di\u00e9 pour la r\u00e9paration et la mise \u00e0 niveau de tout type de chaudi\u00e8res industrielles (des petites chaudi\u00e8res industrielles jusqu\u2019aux chaudi\u00e8res \u00e0 tubes d\u2019eau) et toutes marques de chaudi\u00e8res, Babcock Wanson dispose des ressources n\u00e9cessaires : Des \u00e9quipes projets pour la r\u00e9alisation des travaux et&#8230;<\/p>\n","protected":false},"author":1,"featured_media":0,"parent":22861,"menu_order":0,"comment_status":"closed","ping_status":"closed","template":"","meta":{"_acf_changed":false,"_relevanssi_hide_post":"","_relevanssi_hide_content":"","_relevanssi_pin_for_all":"","_relevanssi_pin_keywords":"","_relevanssi_unpin_keywords":"","_relevanssi_related_keywords":"","_relevanssi_related_include_ids":"","_relevanssi_related_exclude_ids":"","_relevanssi_related_no_append":"","_relevanssi_related_not_related":"","_relevanssi_related_posts":"","_relevanssi_noindex_reason":"","footnotes":""},"class_list":["post-22890","page","type-page","status-publish","hentry"],"acf":[],"yoast_head":"<!-- This site is optimized with the Yoast SEO Premium plugin v27.4 (Yoast SEO v27.4) - https:\/\/yoast.com\/product\/yoast-seo-premium-wordpress\/ -->\n<title>R\u00e9paration et r\u00e9habilitation - Babcock Wanson<\/title>\n<meta name=\"description\" content=\"Babcock Wanson propose un service d\u00e9di\u00e9 pour la r\u00e9paration et la mise \u00e0 niveau de tout type de chaudi\u00e8res industrielles. Visitez notre site web pour en savoir plus\" \/>\n<meta name=\"robots\" content=\"index, follow, max-snippet:-1, max-image-preview:large, max-video-preview:-1\" \/>\n<link rel=\"canonical\" href=\"https:\/\/www.babcock-wanson.com\/fr\/nos-services\/reparation-et-modernisation\/reparation-et-rehabilitation\/\" \/>\n<meta property=\"og:locale\" content=\"fr_FR\" \/>\n<meta property=\"og:type\" content=\"article\" \/>\n<meta property=\"og:title\" content=\"R\u00e9paration et r\u00e9habilitation\" \/>\n<meta property=\"og:description\" content=\"Babcock Wanson propose un service d\u00e9di\u00e9 pour la r\u00e9paration et la mise \u00e0 niveau de tout type de chaudi\u00e8res industrielles. Visitez notre site web pour en savoir plus\" \/>\n<meta property=\"og:url\" content=\"https:\/\/www.babcock-wanson.com\/fr\/nos-services\/reparation-et-modernisation\/reparation-et-rehabilitation\/\" \/>\n<meta property=\"og:site_name\" content=\"Babcock Wanson\" \/>\n<meta property=\"article:modified_time\" content=\"2021-08-27T14:14:51+00:00\" \/>\n<meta property=\"og:image\" content=\"https:\/\/www.babcock-wanson.com\/wp-content\/uploads\/2024\/02\/Babcock-Wanson-1200x1200-1.png\" \/>\n\t<meta property=\"og:image:width\" content=\"1200\" \/>\n\t<meta property=\"og:image:height\" content=\"1200\" \/>\n\t<meta property=\"og:image:type\" content=\"image\/png\" \/>\n<meta name=\"twitter:card\" content=\"summary_large_image\" \/>\n<meta name=\"twitter:label1\" content=\"Est. reading time\" \/>\n\t<meta name=\"twitter:data1\" content=\"2 minutes\" \/>\n<script type=\"application\/ld+json\" class=\"yoast-schema-graph\">{\"@context\":\"https:\\\/\\\/schema.org\",\"@graph\":[{\"@type\":\"WebPage\",\"@id\":\"https:\\\/\\\/www.babcock-wanson.com\\\/fr\\\/nos-services\\\/reparation-et-modernisation\\\/reparation-et-rehabilitation\\\/\",\"url\":\"https:\\\/\\\/www.babcock-wanson.com\\\/fr\\\/nos-services\\\/reparation-et-modernisation\\\/reparation-et-rehabilitation\\\/\",\"name\":\"R\u00e9paration et r\u00e9habilitation - Babcock Wanson\",\"isPartOf\":{\"@id\":\"https:\\\/\\\/www.babcock-wanson.com\\\/fr\\\/#website\"},\"datePublished\":\"2020-02-07T15:34:45+00:00\",\"dateModified\":\"2021-08-27T14:14:51+00:00\",\"description\":\"Babcock Wanson propose un service d\u00e9di\u00e9 pour la r\u00e9paration et la mise \u00e0 niveau de tout type de chaudi\u00e8res industrielles. Visitez notre site web pour en savoir plus\",\"breadcrumb\":{\"@id\":\"https:\\\/\\\/www.babcock-wanson.com\\\/fr\\\/nos-services\\\/reparation-et-modernisation\\\/reparation-et-rehabilitation\\\/#breadcrumb\"},\"inLanguage\":\"fr-FR\",\"potentialAction\":[{\"@type\":\"ReadAction\",\"target\":[\"https:\\\/\\\/www.babcock-wanson.com\\\/fr\\\/nos-services\\\/reparation-et-modernisation\\\/reparation-et-rehabilitation\\\/\"]}]},{\"@type\":\"BreadcrumbList\",\"@id\":\"https:\\\/\\\/www.babcock-wanson.com\\\/fr\\\/nos-services\\\/reparation-et-modernisation\\\/reparation-et-rehabilitation\\\/#breadcrumb\",\"itemListElement\":[{\"@type\":\"ListItem\",\"position\":1,\"name\":\"Accueil\",\"item\":\"https:\\\/\\\/www.babcock-wanson.com\\\/fr\\\/\"},{\"@type\":\"ListItem\",\"position\":2,\"name\":\"Nos services\",\"item\":\"https:\\\/\\\/www.babcock-wanson.com\\\/fr\\\/nos-services\\\/\"},{\"@type\":\"ListItem\",\"position\":3,\"name\":\"R\u00e9paration et modernisation\",\"item\":\"https:\\\/\\\/www.babcock-wanson.com\\\/fr\\\/nos-services\\\/reparation-et-modernisation\\\/\"},{\"@type\":\"ListItem\",\"position\":4,\"name\":\"R\u00e9paration et r\u00e9habilitation\"}]},{\"@type\":\"WebSite\",\"@id\":\"https:\\\/\\\/www.babcock-wanson.com\\\/fr\\\/#website\",\"url\":\"https:\\\/\\\/www.babcock-wanson.com\\\/fr\\\/\",\"name\":\"Babcock Wanson\",\"description\":\"\",\"publisher\":{\"@id\":\"https:\\\/\\\/www.babcock-wanson.com\\\/fr\\\/#organization\"},\"potentialAction\":[{\"@type\":\"SearchAction\",\"target\":{\"@type\":\"EntryPoint\",\"urlTemplate\":\"https:\\\/\\\/www.babcock-wanson.com\\\/fr\\\/?s={search_term_string}\"},\"query-input\":{\"@type\":\"PropertyValueSpecification\",\"valueRequired\":true,\"valueName\":\"search_term_string\"}}],\"inLanguage\":\"fr-FR\"},{\"@type\":\"Organization\",\"@id\":\"https:\\\/\\\/www.babcock-wanson.com\\\/fr\\\/#organization\",\"name\":\"Babcock Wanson\",\"url\":\"https:\\\/\\\/www.babcock-wanson.com\\\/fr\\\/\",\"logo\":{\"@type\":\"ImageObject\",\"inLanguage\":\"fr-FR\",\"@id\":\"https:\\\/\\\/www.babcock-wanson.com\\\/fr\\\/#\\\/schema\\\/logo\\\/image\\\/\",\"url\":\"https:\\\/\\\/www.babcock-wanson.com\\\/wp-content\\\/uploads\\\/2024\\\/02\\\/Babcock-Wanson-1200x1200-1.png\",\"contentUrl\":\"https:\\\/\\\/www.babcock-wanson.com\\\/wp-content\\\/uploads\\\/2024\\\/02\\\/Babcock-Wanson-1200x1200-1.png\",\"width\":1200,\"height\":1200,\"caption\":\"Babcock Wanson\"},\"image\":{\"@id\":\"https:\\\/\\\/www.babcock-wanson.com\\\/fr\\\/#\\\/schema\\\/logo\\\/image\\\/\"},\"sameAs\":[\"https:\\\/\\\/www.linkedin.com\\\/company\\\/babcock-wanson\\\/\",\"https:\\\/\\\/www.youtube.com\\\/channel\\\/UCtxl25VieBBsP2kYmtlyv7A\"]}]}<\/script>\n<!-- \/ Yoast SEO Premium plugin. -->","yoast_head_json":{"title":"R\u00e9paration et r\u00e9habilitation - Babcock Wanson","description":"Babcock Wanson propose un service d\u00e9di\u00e9 pour la r\u00e9paration et la mise \u00e0 niveau de tout type de chaudi\u00e8res industrielles. Visitez notre site web pour en savoir plus","robots":{"index":"index","follow":"follow","max-snippet":"max-snippet:-1","max-image-preview":"max-image-preview:large","max-video-preview":"max-video-preview:-1"},"canonical":"https:\/\/www.babcock-wanson.com\/fr\/nos-services\/reparation-et-modernisation\/reparation-et-rehabilitation\/","og_locale":"fr_FR","og_type":"article","og_title":"R\u00e9paration et r\u00e9habilitation","og_description":"Babcock Wanson propose un service d\u00e9di\u00e9 pour la r\u00e9paration et la mise \u00e0 niveau de tout type de chaudi\u00e8res industrielles. Visitez notre site web pour en savoir plus","og_url":"https:\/\/www.babcock-wanson.com\/fr\/nos-services\/reparation-et-modernisation\/reparation-et-rehabilitation\/","og_site_name":"Babcock Wanson","article_modified_time":"2021-08-27T14:14:51+00:00","og_image":[{"width":1200,"height":1200,"url":"https:\/\/www.babcock-wanson.com\/wp-content\/uploads\/2024\/02\/Babcock-Wanson-1200x1200-1.png","type":"image\/png"}],"twitter_card":"summary_large_image","twitter_misc":{"Est. reading time":"2 minutes"},"schema":{"@context":"https:\/\/schema.org","@graph":[{"@type":"WebPage","@id":"https:\/\/www.babcock-wanson.com\/fr\/nos-services\/reparation-et-modernisation\/reparation-et-rehabilitation\/","url":"https:\/\/www.babcock-wanson.com\/fr\/nos-services\/reparation-et-modernisation\/reparation-et-rehabilitation\/","name":"R\u00e9paration et r\u00e9habilitation - Babcock Wanson","isPartOf":{"@id":"https:\/\/www.babcock-wanson.com\/fr\/#website"},"datePublished":"2020-02-07T15:34:45+00:00","dateModified":"2021-08-27T14:14:51+00:00","description":"Babcock Wanson propose un service d\u00e9di\u00e9 pour la r\u00e9paration et la mise \u00e0 niveau de tout type de chaudi\u00e8res industrielles. Visitez notre site web pour en savoir plus","breadcrumb":{"@id":"https:\/\/www.babcock-wanson.com\/fr\/nos-services\/reparation-et-modernisation\/reparation-et-rehabilitation\/#breadcrumb"},"inLanguage":"fr-FR","potentialAction":[{"@type":"ReadAction","target":["https:\/\/www.babcock-wanson.com\/fr\/nos-services\/reparation-et-modernisation\/reparation-et-rehabilitation\/"]}]},{"@type":"BreadcrumbList","@id":"https:\/\/www.babcock-wanson.com\/fr\/nos-services\/reparation-et-modernisation\/reparation-et-rehabilitation\/#breadcrumb","itemListElement":[{"@type":"ListItem","position":1,"name":"Accueil","item":"https:\/\/www.babcock-wanson.com\/fr\/"},{"@type":"ListItem","position":2,"name":"Nos services","item":"https:\/\/www.babcock-wanson.com\/fr\/nos-services\/"},{"@type":"ListItem","position":3,"name":"R\u00e9paration et modernisation","item":"https:\/\/www.babcock-wanson.com\/fr\/nos-services\/reparation-et-modernisation\/"},{"@type":"ListItem","position":4,"name":"R\u00e9paration et r\u00e9habilitation"}]},{"@type":"WebSite","@id":"https:\/\/www.babcock-wanson.com\/fr\/#website","url":"https:\/\/www.babcock-wanson.com\/fr\/","name":"Babcock Wanson","description":"","publisher":{"@id":"https:\/\/www.babcock-wanson.com\/fr\/#organization"},"potentialAction":[{"@type":"SearchAction","target":{"@type":"EntryPoint","urlTemplate":"https:\/\/www.babcock-wanson.com\/fr\/?s={search_term_string}"},"query-input":{"@type":"PropertyValueSpecification","valueRequired":true,"valueName":"search_term_string"}}],"inLanguage":"fr-FR"},{"@type":"Organization","@id":"https:\/\/www.babcock-wanson.com\/fr\/#organization","name":"Babcock Wanson","url":"https:\/\/www.babcock-wanson.com\/fr\/","logo":{"@type":"ImageObject","inLanguage":"fr-FR","@id":"https:\/\/www.babcock-wanson.com\/fr\/#\/schema\/logo\/image\/","url":"https:\/\/www.babcock-wanson.com\/wp-content\/uploads\/2024\/02\/Babcock-Wanson-1200x1200-1.png","contentUrl":"https:\/\/www.babcock-wanson.com\/wp-content\/uploads\/2024\/02\/Babcock-Wanson-1200x1200-1.png","width":1200,"height":1200,"caption":"Babcock Wanson"},"image":{"@id":"https:\/\/www.babcock-wanson.com\/fr\/#\/schema\/logo\/image\/"},"sameAs":["https:\/\/www.linkedin.com\/company\/babcock-wanson\/","https:\/\/www.youtube.com\/channel\/UCtxl25VieBBsP2kYmtlyv7A"]}]}},"jetpack_sharing_enabled":true,"_links":{"self":[{"href":"https:\/\/www.babcock-wanson.com\/fr\/wp-json\/wp\/v2\/pages\/22890","targetHints":{"allow":["GET"]}}],"collection":[{"href":"https:\/\/www.babcock-wanson.com\/fr\/wp-json\/wp\/v2\/pages"}],"about":[{"href":"https:\/\/www.babcock-wanson.com\/fr\/wp-json\/wp\/v2\/types\/page"}],"author":[{"embeddable":true,"href":"https:\/\/www.babcock-wanson.com\/fr\/wp-json\/wp\/v2\/users\/1"}],"replies":[{"embeddable":true,"href":"https:\/\/www.babcock-wanson.com\/fr\/wp-json\/wp\/v2\/comments?post=22890"}],"version-history":[{"count":3,"href":"https:\/\/www.babcock-wanson.com\/fr\/wp-json\/wp\/v2\/pages\/22890\/revisions"}],"predecessor-version":[{"id":39862,"href":"https:\/\/www.babcock-wanson.com\/fr\/wp-json\/wp\/v2\/pages\/22890\/revisions\/39862"}],"up":[{"embeddable":true,"href":"https:\/\/www.babcock-wanson.com\/fr\/wp-json\/wp\/v2\/pages\/22861"}],"wp:attachment":[{"href":"https:\/\/www.babcock-wanson.com\/fr\/wp-json\/wp\/v2\/media?parent=22890"}],"curies":[{"name":"wp","href":"https:\/\/api.w.org\/{rel}","templated":true}]}}