{"id":22897,"date":"2020-02-07T15:52:32","date_gmt":"2020-02-07T15:52:32","guid":{"rendered":"https:\/\/www.babcock-wanson.com\/nos-services\/location-de-chaudieres\/"},"modified":"2025-01-28T16:12:48","modified_gmt":"2025-01-28T16:12:48","slug":"location-de-chaudieres","status":"publish","type":"page","link":"https:\/\/www.babcock-wanson.com\/fr\/nos-services\/location-de-chaudieres\/","title":{"rendered":"Location de chaudi\u00e8res"},"content":{"rendered":"<div class=\"vgblk-rw-wrapper limit-wrapper\">\n<h2>\n\tNous avons <strong>la chaudi\u00e8re dont vous avez besoin<\/strong>\n\t<\/h2>\n\t<p>Babcock Wanson propose une large gamme de chaudi\u00e8res \u00e0 la location pour r\u00e9pondre aux besoins \u00e9nerg\u00e9tiques de ses clients, quelle que soit la situation.<\/p>\n<p>Gamme de chaudi\u00e8res, de 90 kW \u00e0 12 000 kW :<\/p>\n<ul>\n<li>Chaudi\u00e8res vapeur<\/li>\n<li><a href=\"https:\/\/www.babcock-wanson.com\/fr\/categorie-produit\/chaudieres-serpentins\/\" rel=\"noopener\" target=\"_blank\">Chaudi\u00e8res \u00e0 serpentins<\/a><\/li>\n<li><a href=\"https:\/\/www.babcock-wanson.com\/fr\/categorie-produit\/chaudieres-fluide-thermique\/\" rel=\"noopener\" target=\"_blank\">Chaudi\u00e8res fluide thermique<\/a><\/li>\n<li>Chaudi\u00e8res en container<\/li>\n<li>Chaudi\u00e8res sur skid<\/li>\n<\/ul>\n<p>Notre flotte de chaudi\u00e8res de location est constamment renouvel\u00e9e et inspect\u00e9e par des organismes agr\u00e9\u00e9s pour mettre \u00e0 disposition des chaufferies mobiles automatis\u00e9es. Nous avons plus de 200 \u00e9quipements disponibles \u00e0 la location, comprenant des chaudi\u00e8res sur skid ou en conteneurs, pr\u00eates \u00e0 \u00eatre raccord\u00e9es imm\u00e9diatement.<\/p>\n<p>Nous fournissons \u00e9galement \u00e0 la location d&rsquo;autres \u00e9quipements : skids de <a href=\"https:\/\/www.babcock-wanson.com\/fr\/categorie-produit\/traitement-de-leau\/\" rel=\"noopener\" target=\"_blank\">traitement de l&rsquo;eau<\/a>, <a href=\"https:\/\/www.babcock-wanson.com\/fr\/produits\/traitement-de-leau\/adoucissement\/\" rel=\"noopener\" target=\"_blank\">adoucisseurs<\/a>, cuves de stockage de fioul, pompes et flexibles de raccordement.<\/p>\n<h3>\n\tPourquoi <strong>louer une chaudi\u00e8re<\/strong> ? \n\t<\/h3>\n\t<p>La location de chaudi\u00e8res est une solution pratique, flexible et rentable \u00e0 court et \u00e0 moyen terme pour r\u00e9pondre aux besoins ponctuels de production de chaleur, en raison de demandes saisonni\u00e8res, de travaux sur la chaufferie ou d&rsquo;exigences de s\u00e9curit\u00e9 suppl\u00e9mentaires, d&rsquo;un arr\u00eat planifi\u00e9 ou impr\u00e9vu, ou pour toute autre \u00e9ventualit\u00e9.<\/p>\n<p>Nous pouvons fournir des chaudi\u00e8res sur skid ou dans des conteneurs partout en Europe et en Afrique du Nord.\u00a0 Nos techniciens peuvent prendre en charge l&rsquo;installation de la chaudi\u00e8re, sa mise en service, et fournir une assistance technique et la <a href=\"https:\/\/www.babcock-wanson.com\/fr\/nos-services\/formation\/\" target=\"_blank\" rel=\"noopener\">formation du personnel<\/a> si cela est n\u00e9cessaire.<\/p>\n<p>Le service de location de chaudi\u00e8res Babcock Wanson offre:<\/p>\n<ul>\n<li>Aucune contrainte li\u00e9e \u00e0 la r\u00e9glementation du g\u00e9nie civil ou de la construction (chaufferie outdoor)<\/li>\n<li>Facilit\u00e9 de transport pour les tailles standard (conteneurs standard pour le transport routier)<\/li>\n<li>Rapidit\u00e9 d&rsquo;installation, de raccordement et de mise en route<\/li>\n<li>Des co\u00fbts ma\u00eetris\u00e9s avec possibilit\u00e9 de financement complet<\/li>\n<li>Chaufferie pr\u00e9fabriqu\u00e9e, \u00e9quip\u00e9e et test\u00e9e avec garantie du fabricant<\/li>\n<\/ul>\n\n<h3><strong>D\u00e9couvrez notre site d\u00e9di\u00e9 \u00e0 la location : <\/strong><a href=\"https:\/\/www.babcock-wanson-rental.com\/fr\" target=\"_blank\" rel=\"noopener\">https:\/\/www.babcock-wanson-rental.com\/fr<\/a><\/h3>\n<h5>\n\tMAIS AUSSI\n\t<\/h5>\n<h2>\n\t<strong>Services<\/strong> Suppl\u00e9mentaires<br \/>\n\t<\/h2>\n<h4>\n\t\t\t<a href=\"https:\/\/www.babcock-wanson.com\/fr\/nos-services\/location-de-chaudieres\/\" title=\"Location de chaudi\u00e8res\" target=\"_self\">\n\tLocation de chaudi\u00e8res\n\t\t\t<\/a>\n\t<\/h4>\n\t<p><strong>Babcock Wanson<\/strong> propose une large gamme de chaudi\u00e8res \u00e0 la location, apte \u00e0 r\u00e9pondre \u00e0 tous les besoins \u00e9nerg\u00e9tiques, quelle que soit la situation (urgence, arr\u00eat programm\u00e9, pic d&rsquo;activit\u00e9&#8230;).<\/p>\n<h4>\n\t\t\t<a href=\"https:\/\/www.babcock-wanson.com\/fr\/nos-services\/formations-en-conduite-de-chaudiere\/\" title=\"Formation en conduite de chaufferie\" target=\"_self\">\n\tFormation en conduite de chaufferie\n\t\t\t<\/a>\n\t<\/h4>\n\t<p>Afin de tirer le meilleur parti des \u00e9quipements\u00a0<strong>Babcock Wanson<\/strong>, nous proposons un large \u00e9ventail de formations, flexibles et individualis\u00e9es, sur les chaudi\u00e8res industrielles.<\/p>\n<h4>\n\t\t\t<a href=\"https:\/\/www.babcock-wanson.com\/fr\/nos-services\/reparation-et-modernisation\/optimisation-de-chaufferie-industrielle\/\" title=\"Optimisation de chaufferies\" target=\"_self\">\n\tOptimisation de chaufferies\n\t\t\t<\/a>\n\t<\/h4>\n\t<p>Les experts <strong>Babcock Wanson<\/strong> sont en mesure de fournir un audit de la chaufferie et de pr\u00e9coniser des solutions permettant de maximiser les performances de l&rsquo;\u00e9quipement.<\/p>\n\n<\/div><!-- .vgblk-rw-wrapper -->","protected":false},"excerpt":{"rendered":"<p>Nous avons la chaudi\u00e8re dont vous avez besoin Babcock Wanson propose une large gamme de chaudi\u00e8res \u00e0 la location pour r\u00e9pondre aux besoins \u00e9nerg\u00e9tiques de ses clients, quelle que soit la situation. Gamme de chaudi\u00e8res, de 90 kW \u00e0 12 000 kW : Chaudi\u00e8res vapeur Chaudi\u00e8res \u00e0 serpentins Chaudi\u00e8res fluide thermique Chaudi\u00e8res en container Chaudi\u00e8res&#8230;<\/p>\n","protected":false},"author":1,"featured_media":0,"parent":22836,"menu_order":0,"comment_status":"closed","ping_status":"closed","template":"","meta":{"_acf_changed":false,"_relevanssi_hide_post":"","_relevanssi_hide_content":"","_relevanssi_pin_for_all":"","_relevanssi_pin_keywords":"","_relevanssi_unpin_keywords":"","_relevanssi_related_keywords":"","_relevanssi_related_include_ids":"","_relevanssi_related_exclude_ids":"","_relevanssi_related_no_append":"","_relevanssi_related_not_related":"","_relevanssi_related_posts":"","_relevanssi_noindex_reason":"","footnotes":""},"class_list":["post-22897","page","type-page","status-publish","hentry"],"acf":[],"yoast_head":"<!-- This site is optimized with the Yoast SEO Premium plugin v27.4 (Yoast SEO v27.4) - https:\/\/yoast.com\/product\/yoast-seo-premium-wordpress\/ -->\n<title>Location de chaudi\u00e8res - Babcock Wanson<\/title>\n<meta name=\"description\" content=\"Babcock Wanson propose une large gamme de chaudi\u00e8res \u00e0 la location pour r\u00e9pondre aux besoins \u00e9nerg\u00e9tiques de ses clients, quelle que soit la situation. Visitez notre site web pour en savoir plus\" \/>\n<meta name=\"robots\" content=\"index, follow, max-snippet:-1, max-image-preview:large, max-video-preview:-1\" \/>\n<link rel=\"canonical\" href=\"https:\/\/www.babcock-wanson.com\/fr\/nos-services\/location-de-chaudieres\/\" \/>\n<meta property=\"og:locale\" content=\"fr_FR\" \/>\n<meta property=\"og:type\" content=\"article\" \/>\n<meta property=\"og:title\" content=\"Location de chaudi\u00e8res\" \/>\n<meta property=\"og:description\" content=\"Babcock Wanson propose une large gamme de chaudi\u00e8res \u00e0 la location pour r\u00e9pondre aux besoins \u00e9nerg\u00e9tiques de ses clients, quelle que soit la situation. Visitez notre site web pour en savoir plus\" \/>\n<meta property=\"og:url\" content=\"https:\/\/www.babcock-wanson.com\/fr\/nos-services\/location-de-chaudieres\/\" \/>\n<meta property=\"og:site_name\" content=\"Babcock Wanson\" \/>\n<meta property=\"article:modified_time\" content=\"2025-01-28T16:12:48+00:00\" \/>\n<meta property=\"og:image\" content=\"https:\/\/www.babcock-wanson.com\/wp-content\/uploads\/2024\/02\/Babcock-Wanson-1200x1200-1.png\" \/>\n\t<meta property=\"og:image:width\" content=\"1200\" \/>\n\t<meta property=\"og:image:height\" content=\"1200\" \/>\n\t<meta property=\"og:image:type\" content=\"image\/png\" \/>\n<meta name=\"twitter:card\" content=\"summary_large_image\" \/>\n<meta name=\"twitter:label1\" content=\"Est. reading time\" \/>\n\t<meta name=\"twitter:data1\" content=\"2 minutes\" \/>\n<script type=\"application\/ld+json\" class=\"yoast-schema-graph\">{\"@context\":\"https:\\\/\\\/schema.org\",\"@graph\":[{\"@type\":\"WebPage\",\"@id\":\"https:\\\/\\\/www.babcock-wanson.com\\\/fr\\\/nos-services\\\/location-de-chaudieres\\\/\",\"url\":\"https:\\\/\\\/www.babcock-wanson.com\\\/fr\\\/nos-services\\\/location-de-chaudieres\\\/\",\"name\":\"Location de chaudi\u00e8res - Babcock Wanson\",\"isPartOf\":{\"@id\":\"https:\\\/\\\/www.babcock-wanson.com\\\/fr\\\/#website\"},\"datePublished\":\"2020-02-07T15:52:32+00:00\",\"dateModified\":\"2025-01-28T16:12:48+00:00\",\"description\":\"Babcock Wanson propose une large gamme de chaudi\u00e8res \u00e0 la location pour r\u00e9pondre aux besoins \u00e9nerg\u00e9tiques de ses clients, quelle que soit la situation. Visitez notre site web pour en savoir plus\",\"breadcrumb\":{\"@id\":\"https:\\\/\\\/www.babcock-wanson.com\\\/fr\\\/nos-services\\\/location-de-chaudieres\\\/#breadcrumb\"},\"inLanguage\":\"fr-FR\",\"potentialAction\":[{\"@type\":\"ReadAction\",\"target\":[\"https:\\\/\\\/www.babcock-wanson.com\\\/fr\\\/nos-services\\\/location-de-chaudieres\\\/\"]}]},{\"@type\":\"BreadcrumbList\",\"@id\":\"https:\\\/\\\/www.babcock-wanson.com\\\/fr\\\/nos-services\\\/location-de-chaudieres\\\/#breadcrumb\",\"itemListElement\":[{\"@type\":\"ListItem\",\"position\":1,\"name\":\"Accueil\",\"item\":\"https:\\\/\\\/www.babcock-wanson.com\\\/fr\\\/\"},{\"@type\":\"ListItem\",\"position\":2,\"name\":\"Nos services\",\"item\":\"https:\\\/\\\/www.babcock-wanson.com\\\/fr\\\/nos-services\\\/\"},{\"@type\":\"ListItem\",\"position\":3,\"name\":\"Location de chaudi\u00e8res\"}]},{\"@type\":\"WebSite\",\"@id\":\"https:\\\/\\\/www.babcock-wanson.com\\\/fr\\\/#website\",\"url\":\"https:\\\/\\\/www.babcock-wanson.com\\\/fr\\\/\",\"name\":\"Babcock Wanson\",\"description\":\"\",\"publisher\":{\"@id\":\"https:\\\/\\\/www.babcock-wanson.com\\\/fr\\\/#organization\"},\"potentialAction\":[{\"@type\":\"SearchAction\",\"target\":{\"@type\":\"EntryPoint\",\"urlTemplate\":\"https:\\\/\\\/www.babcock-wanson.com\\\/fr\\\/?s={search_term_string}\"},\"query-input\":{\"@type\":\"PropertyValueSpecification\",\"valueRequired\":true,\"valueName\":\"search_term_string\"}}],\"inLanguage\":\"fr-FR\"},{\"@type\":\"Organization\",\"@id\":\"https:\\\/\\\/www.babcock-wanson.com\\\/fr\\\/#organization\",\"name\":\"Babcock Wanson\",\"url\":\"https:\\\/\\\/www.babcock-wanson.com\\\/fr\\\/\",\"logo\":{\"@type\":\"ImageObject\",\"inLanguage\":\"fr-FR\",\"@id\":\"https:\\\/\\\/www.babcock-wanson.com\\\/fr\\\/#\\\/schema\\\/logo\\\/image\\\/\",\"url\":\"https:\\\/\\\/www.babcock-wanson.com\\\/wp-content\\\/uploads\\\/2024\\\/02\\\/Babcock-Wanson-1200x1200-1.png\",\"contentUrl\":\"https:\\\/\\\/www.babcock-wanson.com\\\/wp-content\\\/uploads\\\/2024\\\/02\\\/Babcock-Wanson-1200x1200-1.png\",\"width\":1200,\"height\":1200,\"caption\":\"Babcock Wanson\"},\"image\":{\"@id\":\"https:\\\/\\\/www.babcock-wanson.com\\\/fr\\\/#\\\/schema\\\/logo\\\/image\\\/\"},\"sameAs\":[\"https:\\\/\\\/www.linkedin.com\\\/company\\\/babcock-wanson\\\/\",\"https:\\\/\\\/www.youtube.com\\\/channel\\\/UCtxl25VieBBsP2kYmtlyv7A\"]}]}<\/script>\n<!-- \/ Yoast SEO Premium plugin. -->","yoast_head_json":{"title":"Location de chaudi\u00e8res - Babcock Wanson","description":"Babcock Wanson propose une large gamme de chaudi\u00e8res \u00e0 la location pour r\u00e9pondre aux besoins \u00e9nerg\u00e9tiques de ses clients, quelle que soit la situation. Visitez notre site web pour en savoir plus","robots":{"index":"index","follow":"follow","max-snippet":"max-snippet:-1","max-image-preview":"max-image-preview:large","max-video-preview":"max-video-preview:-1"},"canonical":"https:\/\/www.babcock-wanson.com\/fr\/nos-services\/location-de-chaudieres\/","og_locale":"fr_FR","og_type":"article","og_title":"Location de chaudi\u00e8res","og_description":"Babcock Wanson propose une large gamme de chaudi\u00e8res \u00e0 la location pour r\u00e9pondre aux besoins \u00e9nerg\u00e9tiques de ses clients, quelle que soit la situation. Visitez notre site web pour en savoir plus","og_url":"https:\/\/www.babcock-wanson.com\/fr\/nos-services\/location-de-chaudieres\/","og_site_name":"Babcock Wanson","article_modified_time":"2025-01-28T16:12:48+00:00","og_image":[{"width":1200,"height":1200,"url":"https:\/\/www.babcock-wanson.com\/wp-content\/uploads\/2024\/02\/Babcock-Wanson-1200x1200-1.png","type":"image\/png"}],"twitter_card":"summary_large_image","twitter_misc":{"Est. reading time":"2 minutes"},"schema":{"@context":"https:\/\/schema.org","@graph":[{"@type":"WebPage","@id":"https:\/\/www.babcock-wanson.com\/fr\/nos-services\/location-de-chaudieres\/","url":"https:\/\/www.babcock-wanson.com\/fr\/nos-services\/location-de-chaudieres\/","name":"Location de chaudi\u00e8res - Babcock Wanson","isPartOf":{"@id":"https:\/\/www.babcock-wanson.com\/fr\/#website"},"datePublished":"2020-02-07T15:52:32+00:00","dateModified":"2025-01-28T16:12:48+00:00","description":"Babcock Wanson propose une large gamme de chaudi\u00e8res \u00e0 la location pour r\u00e9pondre aux besoins \u00e9nerg\u00e9tiques de ses clients, quelle que soit la situation. Visitez notre site web pour en savoir plus","breadcrumb":{"@id":"https:\/\/www.babcock-wanson.com\/fr\/nos-services\/location-de-chaudieres\/#breadcrumb"},"inLanguage":"fr-FR","potentialAction":[{"@type":"ReadAction","target":["https:\/\/www.babcock-wanson.com\/fr\/nos-services\/location-de-chaudieres\/"]}]},{"@type":"BreadcrumbList","@id":"https:\/\/www.babcock-wanson.com\/fr\/nos-services\/location-de-chaudieres\/#breadcrumb","itemListElement":[{"@type":"ListItem","position":1,"name":"Accueil","item":"https:\/\/www.babcock-wanson.com\/fr\/"},{"@type":"ListItem","position":2,"name":"Nos services","item":"https:\/\/www.babcock-wanson.com\/fr\/nos-services\/"},{"@type":"ListItem","position":3,"name":"Location de chaudi\u00e8res"}]},{"@type":"WebSite","@id":"https:\/\/www.babcock-wanson.com\/fr\/#website","url":"https:\/\/www.babcock-wanson.com\/fr\/","name":"Babcock Wanson","description":"","publisher":{"@id":"https:\/\/www.babcock-wanson.com\/fr\/#organization"},"potentialAction":[{"@type":"SearchAction","target":{"@type":"EntryPoint","urlTemplate":"https:\/\/www.babcock-wanson.com\/fr\/?s={search_term_string}"},"query-input":{"@type":"PropertyValueSpecification","valueRequired":true,"valueName":"search_term_string"}}],"inLanguage":"fr-FR"},{"@type":"Organization","@id":"https:\/\/www.babcock-wanson.com\/fr\/#organization","name":"Babcock Wanson","url":"https:\/\/www.babcock-wanson.com\/fr\/","logo":{"@type":"ImageObject","inLanguage":"fr-FR","@id":"https:\/\/www.babcock-wanson.com\/fr\/#\/schema\/logo\/image\/","url":"https:\/\/www.babcock-wanson.com\/wp-content\/uploads\/2024\/02\/Babcock-Wanson-1200x1200-1.png","contentUrl":"https:\/\/www.babcock-wanson.com\/wp-content\/uploads\/2024\/02\/Babcock-Wanson-1200x1200-1.png","width":1200,"height":1200,"caption":"Babcock Wanson"},"image":{"@id":"https:\/\/www.babcock-wanson.com\/fr\/#\/schema\/logo\/image\/"},"sameAs":["https:\/\/www.linkedin.com\/company\/babcock-wanson\/","https:\/\/www.youtube.com\/channel\/UCtxl25VieBBsP2kYmtlyv7A"]}]}},"jetpack_sharing_enabled":true,"_links":{"self":[{"href":"https:\/\/www.babcock-wanson.com\/fr\/wp-json\/wp\/v2\/pages\/22897","targetHints":{"allow":["GET"]}}],"collection":[{"href":"https:\/\/www.babcock-wanson.com\/fr\/wp-json\/wp\/v2\/pages"}],"about":[{"href":"https:\/\/www.babcock-wanson.com\/fr\/wp-json\/wp\/v2\/types\/page"}],"author":[{"embeddable":true,"href":"https:\/\/www.babcock-wanson.com\/fr\/wp-json\/wp\/v2\/users\/1"}],"replies":[{"embeddable":true,"href":"https:\/\/www.babcock-wanson.com\/fr\/wp-json\/wp\/v2\/comments?post=22897"}],"version-history":[{"count":7,"href":"https:\/\/www.babcock-wanson.com\/fr\/wp-json\/wp\/v2\/pages\/22897\/revisions"}],"predecessor-version":[{"id":50730,"href":"https:\/\/www.babcock-wanson.com\/fr\/wp-json\/wp\/v2\/pages\/22897\/revisions\/50730"}],"up":[{"embeddable":true,"href":"https:\/\/www.babcock-wanson.com\/fr\/wp-json\/wp\/v2\/pages\/22836"}],"wp:attachment":[{"href":"https:\/\/www.babcock-wanson.com\/fr\/wp-json\/wp\/v2\/media?parent=22897"}],"curies":[{"name":"wp","href":"https:\/\/api.w.org\/{rel}","templated":true}]}}