{"id":22910,"date":"2020-02-07T15:59:25","date_gmt":"2020-02-07T15:59:25","guid":{"rendered":"https:\/\/www.babcock-wanson.com\/nos-services\/contrats-de-maintenance\/"},"modified":"2022-01-12T14:52:02","modified_gmt":"2022-01-12T14:52:02","slug":"contrats-de-maintenance","status":"publish","type":"page","link":"https:\/\/www.babcock-wanson.com\/fr\/nos-services\/contrats-de-maintenance\/","title":{"rendered":"Contrats de maintenance"},"content":{"rendered":"<div class=\"vgblk-rw-wrapper limit-wrapper\"><h2>\n\tChoisir <strong>Babcock Wanson<\/strong>\n\t<\/h2>\n\t<p>Babcock Wanson propose une gamme compl\u00e8te de contrats de maintenance pr\u00e9ventive et corrective, adapt\u00e9s aux besoins des industriels.<\/p>\n<p>Notre r\u00e9seau de techniciens hautement qualifi\u00e9s et sp\u00e9cialis\u00e9s conna\u00eet parfaitement les \u00e9quipements Babcock Wanson et plus g\u00e9n\u00e9ralement les \u00e9quipements de chauffage des process industriels. Au fil des ann\u00e9es ils ont \u00e9t\u00e9 t\u00e9moins de tous les probl\u00e8mes qui peuvent se poser sur les installations de combustion. Ils sont capables d\u2019identifier rapidement les probl\u00e8mes et savent les r\u00e9soudre. Les techniciens de Babcock Wanson sont exp\u00e9riment\u00e9s, efficaces et s\u2019assurent de r\u00e9duire au maximum la dur\u00e9e d\u2019immobilisation des \u00e9quipements.<\/p>\n<p>Les contrats de maintenance industrielle Babcock Wanson comprennent :<\/p>\n<ul>\n<li>Maintenance pr\u00e9ventive adapt\u00e9e aux enjeux du process<\/li>\n<li>S\u00e9curit\u00e9 am\u00e9lior\u00e9e<\/li>\n<li>Fiabilit\u00e9 accrue des \u00e9quipements<\/li>\n<li>Prolongement de la dur\u00e9e de vie des \u00e9quipements<\/li>\n<li>R\u00e9duction des co\u00fbts de fonctionnement<\/li>\n<\/ul>\n<p>Plus de 4000 contrats de maintenance \u00e0 ce jour dans le monde entier.<\/p>\n<h3>\n\tR\u00e9pondre aux <strong>exigences l\u00e9gales<\/strong>\n\t<\/h3>\n\t<p>Lorsqu\u2019on g\u00e8re une chaufferie ou un syst\u00e8me de chauffage de proc\u00e9d\u00e9 quelconque, il est obligatoire de prendre en compte les risques encourus et de s\u2019assurer de la s\u00e9curisation des \u00e9quipements.<\/p>\n<p>De nombreux facteurs contribuent \u00e0 la s\u00e9curit\u00e9 de fonctionnement d&rsquo;une chaudi\u00e8re, notamment :<\/p>\n<ul>\n<li>Sp\u00e9cification, \u00e9tat et installation de la chaudi\u00e8re et des \u00e9quipements associ\u00e9s<\/li>\n<li>Fonctionnement et maintenance de la chaudi\u00e8re<\/li>\n<li>Process s\u00e9curis\u00e9, y compris la gestion et la supervision<\/li>\n<li><a href=\"https:\/\/www.babcock-wanson.com\/fr\/nos-services\/formation\/\" rel=\"noopener\" target=\"_blank\">Formation<\/a> et comp\u00e9tence du personnel<\/li>\n<li>Fiabilit\u00e9 du syst\u00e8me de contr\u00f4le \u00e9lectronique<\/li>\n<li>La r\u00e9gularit\u00e9 et la pr\u00e9cision des contr\u00f4les et des tests sur les \u00e9quipements<\/li>\n<li>Qualit\u00e9 de l\u2019eau en chaufferie<\/li>\n<li>La chaufferie en g\u00e9n\u00e9ral<\/li>\n<\/ul>\n<p>L\u2019entretien de la chaudi\u00e8re est essentiel pour assurer un fonctionnement fluide et s\u00fbr. Les contrats de maintenance Babcock Wanson sont adapt\u00e9s aux exigences l\u00e9gales locales. Non seulement ils offrent des avantages d\u2019un point de vue op\u00e9rationnel car ils garantissent que le travail est effectu\u00e9 \u00e0 intervalles r\u00e9guliers, mais ils d\u00e9montrent \u00e9galement un engagement \u00e0 assurer le respect de la r\u00e9glementation en vigueur, dans un environnement de travail s\u00e9curis\u00e9.<\/p>\n<h3>\n\t<strong>Les contrats de maintenance<\/strong> Babcock Wanson\n\t<\/h3>\n\t<p>Chaque client diff\u00e8re par sa configuration et ses exigences de maintenance. C&rsquo;est pourquoi tous les contrats de maintenance industrielle de Babcock Wanson sont con\u00e7us sur mesure. Selon les besoins, nous pouvons fournir :<\/p>\n<ul>\n<li>Visites de maintenance p\u00e9riodiques des techniciens de maintenance<\/li>\n<li>Remplacement des <a href=\"https:\/\/www.babcock-wanson.com\/fr\/nos-services\/pieces-de-rechange\/\" rel=\"noopener\" target=\"_blank\">pi\u00e8ces de rechange<\/a> et des consommables<\/li>\n<li><a href=\"https:\/\/www.babcock-wanson.com\/fr\/categorie-produit\/traitement-de-leau\/\" rel=\"noopener\" target=\"_blank\">Traitement de l&rsquo;eau<\/a>, y compris l&rsquo;approvisionnement en produits de conditionnement et le suivi de la qualit\u00e9<\/li>\n<li>Services d\u2019astreinte<\/li>\n<li>Assistance num\u00e9rique \u00e0 distance, y compris la surveillance de la chaudi\u00e8re (suivi des seuils et alerte), le suivi de l&rsquo;efficacit\u00e9 \u00e9nerg\u00e9tique, l\u2019analyse de la qualit\u00e9 de l&rsquo;eau via une application d\u00e9di\u00e9e (e-Water) et un portail client pour un acc\u00e8s instantan\u00e9 \u00e0 l&rsquo;information.<\/li>\n<li>Une gamme de services suppl\u00e9mentaires personnalis\u00e9s selon les besoins, y compris pour la thermographie et l\u2019analyse des fluides thermiques<\/li>\n<\/ul>\n<h3>\n\t<strong>Extension de garantie<\/strong>\n\t<\/h3>\n\t<p>Combin\u00e9 avec un contrat de service, Babcock Wanson peut offrir des garanties prolong\u00e9es :<\/p>\n<ul>\n<li>Br\u00fbleur : le br\u00fbleur est un concentr\u00e9 de technologies compl\u00e9mentaires sur lesquelles repose la performance de la chaufferie. Avec un contrat de service, nous pouvons assurer la performance du br\u00fbleur sur le long terme (jusqu\u2019\u00e0 10 ans de garantie).<\/li>\n<li>Br\u00fbleur + chaudi\u00e8re : Dans le cadre de l\u2019utilisation de notre service de traitement de l&rsquo;eau, nous pouvons offrir une garantie prolong\u00e9e jusqu&rsquo;\u00e0 10 ans pour les chaudi\u00e8res \u00e0 serpentin ou \u00e0 <a href=\"https:\/\/www.babcock-wanson.com\/fr\/categorie-produit\/chaudieres-tubes-de-fumees\/\" rel=\"noopener\" target=\"_blank\">tubes de fum\u00e9es<\/a>.<\/li>\n<li><a href=\"https:\/\/www.babcock-wanson.com\/fr\/categorie-produit\/chaudieres-fluide-thermique\/\" rel=\"noopener\" target=\"_blank\">Chaudi\u00e8re fluide thermique<\/a> TPC : garantie jusqu\u2019\u00e0 5 ans et au del\u00e0, couvrant la chaudi\u00e8re et certains dispositifs auxiliaires, notamment la pompe de circulation.<\/li>\n<\/ul>\n<h3>\n\tNous sommes <strong>garants de vos performances<\/strong>\n\t<\/h3>\n\t<p>Comme nous savons qu&rsquo;une panne de chaudi\u00e8re se traduit souvent par une perte de production, nous sommes convaincus que la haute performance de nos contrats de service assurera \u00e0 nos clients un temps d&rsquo;arr\u00eat minimal.<\/p>\n<ul>\n<li>L&rsquo;entretien pr\u00e9ventif, le service d&rsquo;appel et le suivi \u00e0 distance des installation nous permettent de promettre un haut niveau de disponibilit\u00e9 des \u00e9quipements, minimisant ainsi les probl\u00e8mes potentiels de la chaufferie.<\/li>\n<\/ul>\n<p>Nous garantissons \u00e9galement un haut niveau de performance en mati\u00e8re d&rsquo;efficacit\u00e9 \u00e9nerg\u00e9tique et d&rsquo;impact environnemental. \u00c0 long terme, une chaudi\u00e8re peut d\u00e9river du r\u00e9glage initial, ce qui peut entra\u00eener une augmentation de la consommation de combustible ou des \u00e9missions de polluants. Gr\u00e2ce aux contrats de service, Babcock Wanson peut garantir \u00e0 ses clients une performance constante de leur chaudi\u00e8re.<\/p>\n<h5>\n\tMAIS AUSSI\n\t<\/h5>\n<h2>\n\t<strong>Services<\/strong> Suppl\u00e9mentaires<br \/>\n\t<\/h2>\n<h4>\n\t\t\t<a href=\"https:\/\/www.babcock-wanson.com\/fr\/nos-services\/location-de-chaudieres\/\" title=\"Location de chaudi\u00e8res\" target=\"_self\" rel=\"noopener\">\n\tLocation de chaudi\u00e8res\n\t\t\t<\/a>\n\t<\/h4>\n\t<p><strong>Babcock Wanson<\/strong> propose une large gamme de chaudi\u00e8res \u00e0 la location, apte \u00e0 r\u00e9pondre \u00e0 tous les besoins \u00e9nerg\u00e9tiques, quelle que soit la situation (urgence, arr\u00eat programm\u00e9, pic d\u2019activit\u00e9\u2026).<\/p>\n<h4>\n\t\t\t<a href=\"https:\/\/www.babcock-wanson.com\/fr\/nos-services\/formations-en-conduite-de-chaudiere\/\" title=\"Formation en conduite de chaufferie\" target=\"_self\" rel=\"noopener\">\n\tFormation en conduite de chaufferie\n\t\t\t<\/a>\n\t<\/h4>\n\t<p>Afin de tirer le meilleur parti des \u00e9quipements\u00a0<strong>Babcock Wanson<\/strong>, nous proposons un large \u00e9ventail de formations, flexibles et individualis\u00e9es, sur les chaudi\u00e8res industrielles.<\/p>\n<h4>\n\t\t\t<a href=\"https:\/\/www.babcock-wanson.com\/fr\/nos-services\/reparation-et-modernisation\/optimisation-de-chaufferie-industrielle\/\" title=\"Optimisation de chaufferies\" target=\"_self\" rel=\"noopener\">\n\tOptimisation de chaufferies\n\t\t\t<\/a>\n\t<\/h4>\n\t<p>Les experts <strong>Babcock Wanson<\/strong> sont en mesure de fournir un audit de la chaufferie et de pr\u00e9coniser des solutions permettant de maximiser les performances de l\u2019\u00e9quipement.<\/p>\n<\/div><!-- .vgblk-rw-wrapper -->","protected":false},"excerpt":{"rendered":"<p>Choisir Babcock Wanson Babcock Wanson propose une gamme compl\u00e8te de contrats de maintenance pr\u00e9ventive et corrective, adapt\u00e9s aux besoins des industriels. Notre r\u00e9seau de techniciens hautement qualifi\u00e9s et sp\u00e9cialis\u00e9s conna\u00eet parfaitement les \u00e9quipements Babcock Wanson et plus g\u00e9n\u00e9ralement les \u00e9quipements de chauffage des process industriels. Au fil des ann\u00e9es ils ont \u00e9t\u00e9 t\u00e9moins de tous&#8230;<\/p>\n","protected":false},"author":1,"featured_media":0,"parent":22836,"menu_order":0,"comment_status":"closed","ping_status":"closed","template":"","meta":{"_acf_changed":false,"_relevanssi_hide_post":"","_relevanssi_hide_content":"","_relevanssi_pin_for_all":"","_relevanssi_pin_keywords":"","_relevanssi_unpin_keywords":"","_relevanssi_related_keywords":"","_relevanssi_related_include_ids":"","_relevanssi_related_exclude_ids":"","_relevanssi_related_no_append":"","_relevanssi_related_not_related":"","_relevanssi_related_posts":"","_relevanssi_noindex_reason":"","footnotes":""},"class_list":["post-22910","page","type-page","status-publish","hentry"],"acf":[],"yoast_head":"<!-- This site is optimized with the Yoast SEO Premium plugin v27.4 (Yoast SEO v27.4) - https:\/\/yoast.com\/product\/yoast-seo-premium-wordpress\/ -->\n<title>Contrats de maintenance - Babcock Wanson<\/title>\n<meta name=\"description\" content=\"Babcock Wanson propose une gamme compl\u00e8te de contrats de maintenance pr\u00e9ventive et corrective, adapt\u00e9s aux besoins des industriels. Visitez notre site web pour en savoir plus\" \/>\n<meta name=\"robots\" content=\"index, follow, max-snippet:-1, max-image-preview:large, max-video-preview:-1\" \/>\n<link rel=\"canonical\" href=\"https:\/\/www.babcock-wanson.com\/fr\/nos-services\/contrats-de-maintenance\/\" \/>\n<meta property=\"og:locale\" content=\"fr_FR\" \/>\n<meta property=\"og:type\" content=\"article\" \/>\n<meta property=\"og:title\" content=\"Contrats de maintenance\" \/>\n<meta property=\"og:description\" content=\"Babcock Wanson propose une gamme compl\u00e8te de contrats de maintenance pr\u00e9ventive et corrective, adapt\u00e9s aux besoins des industriels. Visitez notre site web pour en savoir plus\" \/>\n<meta property=\"og:url\" content=\"https:\/\/www.babcock-wanson.com\/fr\/nos-services\/contrats-de-maintenance\/\" \/>\n<meta property=\"og:site_name\" content=\"Babcock Wanson\" \/>\n<meta property=\"article:modified_time\" content=\"2022-01-12T14:52:02+00:00\" \/>\n<meta property=\"og:image\" content=\"https:\/\/www.babcock-wanson.com\/wp-content\/uploads\/2024\/02\/Babcock-Wanson-1200x1200-1.png\" \/>\n\t<meta property=\"og:image:width\" content=\"1200\" \/>\n\t<meta property=\"og:image:height\" content=\"1200\" \/>\n\t<meta property=\"og:image:type\" content=\"image\/png\" \/>\n<meta name=\"twitter:card\" content=\"summary_large_image\" \/>\n<meta name=\"twitter:label1\" content=\"Est. reading time\" \/>\n\t<meta name=\"twitter:data1\" content=\"4 minutes\" \/>\n<script type=\"application\/ld+json\" class=\"yoast-schema-graph\">{\"@context\":\"https:\\\/\\\/schema.org\",\"@graph\":[{\"@type\":\"WebPage\",\"@id\":\"https:\\\/\\\/www.babcock-wanson.com\\\/fr\\\/nos-services\\\/contrats-de-maintenance\\\/\",\"url\":\"https:\\\/\\\/www.babcock-wanson.com\\\/fr\\\/nos-services\\\/contrats-de-maintenance\\\/\",\"name\":\"Contrats de maintenance - Babcock Wanson\",\"isPartOf\":{\"@id\":\"https:\\\/\\\/www.babcock-wanson.com\\\/fr\\\/#website\"},\"datePublished\":\"2020-02-07T15:59:25+00:00\",\"dateModified\":\"2022-01-12T14:52:02+00:00\",\"description\":\"Babcock Wanson propose une gamme compl\u00e8te de contrats de maintenance pr\u00e9ventive et corrective, adapt\u00e9s aux besoins des industriels. Visitez notre site web pour en savoir plus\",\"breadcrumb\":{\"@id\":\"https:\\\/\\\/www.babcock-wanson.com\\\/fr\\\/nos-services\\\/contrats-de-maintenance\\\/#breadcrumb\"},\"inLanguage\":\"fr-FR\",\"potentialAction\":[{\"@type\":\"ReadAction\",\"target\":[\"https:\\\/\\\/www.babcock-wanson.com\\\/fr\\\/nos-services\\\/contrats-de-maintenance\\\/\"]}]},{\"@type\":\"BreadcrumbList\",\"@id\":\"https:\\\/\\\/www.babcock-wanson.com\\\/fr\\\/nos-services\\\/contrats-de-maintenance\\\/#breadcrumb\",\"itemListElement\":[{\"@type\":\"ListItem\",\"position\":1,\"name\":\"Accueil\",\"item\":\"https:\\\/\\\/www.babcock-wanson.com\\\/fr\\\/\"},{\"@type\":\"ListItem\",\"position\":2,\"name\":\"Nos services\",\"item\":\"https:\\\/\\\/www.babcock-wanson.com\\\/fr\\\/nos-services\\\/\"},{\"@type\":\"ListItem\",\"position\":3,\"name\":\"Contrats de maintenance\"}]},{\"@type\":\"WebSite\",\"@id\":\"https:\\\/\\\/www.babcock-wanson.com\\\/fr\\\/#website\",\"url\":\"https:\\\/\\\/www.babcock-wanson.com\\\/fr\\\/\",\"name\":\"Babcock Wanson\",\"description\":\"\",\"publisher\":{\"@id\":\"https:\\\/\\\/www.babcock-wanson.com\\\/fr\\\/#organization\"},\"potentialAction\":[{\"@type\":\"SearchAction\",\"target\":{\"@type\":\"EntryPoint\",\"urlTemplate\":\"https:\\\/\\\/www.babcock-wanson.com\\\/fr\\\/?s={search_term_string}\"},\"query-input\":{\"@type\":\"PropertyValueSpecification\",\"valueRequired\":true,\"valueName\":\"search_term_string\"}}],\"inLanguage\":\"fr-FR\"},{\"@type\":\"Organization\",\"@id\":\"https:\\\/\\\/www.babcock-wanson.com\\\/fr\\\/#organization\",\"name\":\"Babcock Wanson\",\"url\":\"https:\\\/\\\/www.babcock-wanson.com\\\/fr\\\/\",\"logo\":{\"@type\":\"ImageObject\",\"inLanguage\":\"fr-FR\",\"@id\":\"https:\\\/\\\/www.babcock-wanson.com\\\/fr\\\/#\\\/schema\\\/logo\\\/image\\\/\",\"url\":\"https:\\\/\\\/www.babcock-wanson.com\\\/wp-content\\\/uploads\\\/2024\\\/02\\\/Babcock-Wanson-1200x1200-1.png\",\"contentUrl\":\"https:\\\/\\\/www.babcock-wanson.com\\\/wp-content\\\/uploads\\\/2024\\\/02\\\/Babcock-Wanson-1200x1200-1.png\",\"width\":1200,\"height\":1200,\"caption\":\"Babcock Wanson\"},\"image\":{\"@id\":\"https:\\\/\\\/www.babcock-wanson.com\\\/fr\\\/#\\\/schema\\\/logo\\\/image\\\/\"},\"sameAs\":[\"https:\\\/\\\/www.linkedin.com\\\/company\\\/babcock-wanson\\\/\",\"https:\\\/\\\/www.youtube.com\\\/channel\\\/UCtxl25VieBBsP2kYmtlyv7A\"]}]}<\/script>\n<!-- \/ Yoast SEO Premium plugin. -->","yoast_head_json":{"title":"Contrats de maintenance - Babcock Wanson","description":"Babcock Wanson propose une gamme compl\u00e8te de contrats de maintenance pr\u00e9ventive et corrective, adapt\u00e9s aux besoins des industriels. Visitez notre site web pour en savoir plus","robots":{"index":"index","follow":"follow","max-snippet":"max-snippet:-1","max-image-preview":"max-image-preview:large","max-video-preview":"max-video-preview:-1"},"canonical":"https:\/\/www.babcock-wanson.com\/fr\/nos-services\/contrats-de-maintenance\/","og_locale":"fr_FR","og_type":"article","og_title":"Contrats de maintenance","og_description":"Babcock Wanson propose une gamme compl\u00e8te de contrats de maintenance pr\u00e9ventive et corrective, adapt\u00e9s aux besoins des industriels. Visitez notre site web pour en savoir plus","og_url":"https:\/\/www.babcock-wanson.com\/fr\/nos-services\/contrats-de-maintenance\/","og_site_name":"Babcock Wanson","article_modified_time":"2022-01-12T14:52:02+00:00","og_image":[{"width":1200,"height":1200,"url":"https:\/\/www.babcock-wanson.com\/wp-content\/uploads\/2024\/02\/Babcock-Wanson-1200x1200-1.png","type":"image\/png"}],"twitter_card":"summary_large_image","twitter_misc":{"Est. reading time":"4 minutes"},"schema":{"@context":"https:\/\/schema.org","@graph":[{"@type":"WebPage","@id":"https:\/\/www.babcock-wanson.com\/fr\/nos-services\/contrats-de-maintenance\/","url":"https:\/\/www.babcock-wanson.com\/fr\/nos-services\/contrats-de-maintenance\/","name":"Contrats de maintenance - Babcock Wanson","isPartOf":{"@id":"https:\/\/www.babcock-wanson.com\/fr\/#website"},"datePublished":"2020-02-07T15:59:25+00:00","dateModified":"2022-01-12T14:52:02+00:00","description":"Babcock Wanson propose une gamme compl\u00e8te de contrats de maintenance pr\u00e9ventive et corrective, adapt\u00e9s aux besoins des industriels. Visitez notre site web pour en savoir plus","breadcrumb":{"@id":"https:\/\/www.babcock-wanson.com\/fr\/nos-services\/contrats-de-maintenance\/#breadcrumb"},"inLanguage":"fr-FR","potentialAction":[{"@type":"ReadAction","target":["https:\/\/www.babcock-wanson.com\/fr\/nos-services\/contrats-de-maintenance\/"]}]},{"@type":"BreadcrumbList","@id":"https:\/\/www.babcock-wanson.com\/fr\/nos-services\/contrats-de-maintenance\/#breadcrumb","itemListElement":[{"@type":"ListItem","position":1,"name":"Accueil","item":"https:\/\/www.babcock-wanson.com\/fr\/"},{"@type":"ListItem","position":2,"name":"Nos services","item":"https:\/\/www.babcock-wanson.com\/fr\/nos-services\/"},{"@type":"ListItem","position":3,"name":"Contrats de maintenance"}]},{"@type":"WebSite","@id":"https:\/\/www.babcock-wanson.com\/fr\/#website","url":"https:\/\/www.babcock-wanson.com\/fr\/","name":"Babcock Wanson","description":"","publisher":{"@id":"https:\/\/www.babcock-wanson.com\/fr\/#organization"},"potentialAction":[{"@type":"SearchAction","target":{"@type":"EntryPoint","urlTemplate":"https:\/\/www.babcock-wanson.com\/fr\/?s={search_term_string}"},"query-input":{"@type":"PropertyValueSpecification","valueRequired":true,"valueName":"search_term_string"}}],"inLanguage":"fr-FR"},{"@type":"Organization","@id":"https:\/\/www.babcock-wanson.com\/fr\/#organization","name":"Babcock Wanson","url":"https:\/\/www.babcock-wanson.com\/fr\/","logo":{"@type":"ImageObject","inLanguage":"fr-FR","@id":"https:\/\/www.babcock-wanson.com\/fr\/#\/schema\/logo\/image\/","url":"https:\/\/www.babcock-wanson.com\/wp-content\/uploads\/2024\/02\/Babcock-Wanson-1200x1200-1.png","contentUrl":"https:\/\/www.babcock-wanson.com\/wp-content\/uploads\/2024\/02\/Babcock-Wanson-1200x1200-1.png","width":1200,"height":1200,"caption":"Babcock Wanson"},"image":{"@id":"https:\/\/www.babcock-wanson.com\/fr\/#\/schema\/logo\/image\/"},"sameAs":["https:\/\/www.linkedin.com\/company\/babcock-wanson\/","https:\/\/www.youtube.com\/channel\/UCtxl25VieBBsP2kYmtlyv7A"]}]}},"jetpack_sharing_enabled":true,"_links":{"self":[{"href":"https:\/\/www.babcock-wanson.com\/fr\/wp-json\/wp\/v2\/pages\/22910","targetHints":{"allow":["GET"]}}],"collection":[{"href":"https:\/\/www.babcock-wanson.com\/fr\/wp-json\/wp\/v2\/pages"}],"about":[{"href":"https:\/\/www.babcock-wanson.com\/fr\/wp-json\/wp\/v2\/types\/page"}],"author":[{"embeddable":true,"href":"https:\/\/www.babcock-wanson.com\/fr\/wp-json\/wp\/v2\/users\/1"}],"replies":[{"embeddable":true,"href":"https:\/\/www.babcock-wanson.com\/fr\/wp-json\/wp\/v2\/comments?post=22910"}],"version-history":[{"count":5,"href":"https:\/\/www.babcock-wanson.com\/fr\/wp-json\/wp\/v2\/pages\/22910\/revisions"}],"predecessor-version":[{"id":41538,"href":"https:\/\/www.babcock-wanson.com\/fr\/wp-json\/wp\/v2\/pages\/22910\/revisions\/41538"}],"up":[{"embeddable":true,"href":"https:\/\/www.babcock-wanson.com\/fr\/wp-json\/wp\/v2\/pages\/22836"}],"wp:attachment":[{"href":"https:\/\/www.babcock-wanson.com\/fr\/wp-json\/wp\/v2\/media?parent=22910"}],"curies":[{"name":"wp","href":"https:\/\/api.w.org\/{rel}","templated":true}]}}