{"id":22930,"date":"2018-07-16T20:44:54","date_gmt":"2018-07-16T19:44:54","guid":{"rendered":"https:\/\/www.babcock-wanson.com\/documentation\/"},"modified":"2021-08-30T10:41:34","modified_gmt":"2021-08-30T09:41:34","slug":"documentation","status":"publish","type":"page","link":"https:\/\/www.babcock-wanson.com\/fr\/documentation\/","title":{"rendered":"Documentation"},"content":{"rendered":"<div class=\"vgblk-rw-wrapper limit-wrapper\"><h2>\n\t<br>Espace t\u00e9l\u00e9chargement<\/br>\n\t<\/h2>\n\t<p>Notre espace t\u00e9l\u00e9chargement vous permet de t\u00e9l\u00e9charger les brochures et fiches techniques de notre gamme de produits au format PDF.<\/p>\n\t<a href=\"https:\/\/www.babcock-wanson.com\/fr\/documentation\/espace-telechargement\/\" target=\"_self\" role=\"button\" rel=\"noopener\">\n\t\t\t\t\tEn savoir plus\n\t<\/a>\n<h2>\n\t<br>R\u00e9glementation<\/br>\n\t<\/h2>\n\t<p>Normes r\u00e9glementaires europ\u00e9ennes relatives aux \u00e9quipements sous-pression qui doivent \u00eatre respect\u00e9es avant mise sur le march\u00e9 ou mise en service.<\/p>\n\t<a href=\"https:\/\/www.babcock-wanson.com\/fr\/documentation\/reglementations\/\" target=\"_self\" role=\"button\" rel=\"noopener\">\n\t\t\t\t\tEn savoir plus\n\t<\/a>\n<h2>\n\t<br>Blog Technique<\/br>\n\t<\/h2>\n\t<p>Une s\u00e9lection d&rsquo;articles sign\u00e9s par nos sp\u00e9cialistes et couvrant un large \u00e9ventail de sujets techniques et op\u00e9rationnels.<\/p>\n\t<a href=\"https:\/\/www.babcock-wanson.com\/fr\/documentation\/blog-technique\/\" target=\"_self\" role=\"button\" rel=\"noopener\">\n\t\t\t\t\tEn savoir plus\n\t<\/a>\n<h2>\n\tNos produits\n\t<\/h2>\n\t<p><strong>Babcock Wanson<\/strong> propose une gamme compl\u00e8te de produits et d\u2019\u00e9quipements pour chaufferie industrielle.<\/p>\n<p>Chaudi\u00e8res \u00e0 tubes de fum\u00e9es, \u00e0 vaporisation rapide, \u00e0 fluide thermique ou <a href=\"https:\/\/www.babcock-wanson.com\/fr\/categorie-produit\/chaudieres-eau-chaude\/\" rel=\"noopener\" target=\"_blank\">eau surchauff\u00e9e<\/a>, installations de traitement des COV et odeurs par oxydation thermique, <a href=\"https:\/\/www.babcock-wanson.com\/fr\/categorie-produit\/traitement-de-leau\/\" rel=\"noopener\" target=\"_blank\">traitement de l&rsquo;eau<\/a> et solutions de chauffage de proc\u00e9d\u00e9s et locaux industriels.<\/p>\n\t<a href=\"https:\/\/www.babcock-wanson.com\/fr\/nos-produits\/\" target=\"_self\" role=\"button\" rel=\"noopener\">\n\t\t\t\t\tEn savoir plus\n\t<\/a>\n<h2>\n\t\t\t<a href=\"https:\/\/www.babcock-wanson.com\/fr\/nos-services\/\" title=\"Nos Services\" target=\"_self\" rel=\"noopener\">\n\tNos Services\n\t\t\t<\/a>\n\t<\/h2>\n\t<p><strong>Babcock Wanson<\/strong> propose une gamme compl\u00e8te de services pour chaufferie industrielle.<\/p>\n<p>Nous aidons nos clients \u00e0 optimiser leur production d\u2019\u00e9nergie avec des produits de haute qualit\u00e9 et un service efficace. Notre large \u00e9quipe de techniciens de maintenance est enti\u00e8rement qualifi\u00e9e et form\u00e9e pour r\u00e9pondre \u00e0 tous les besoins de service li\u00e9s \u00e0 l&rsquo;exploitation d&rsquo;une chaufferie industrielle.<\/p>\n\t<a href=\"https:\/\/www.babcock-wanson.com\/fr\/nos-services\/\" target=\"_self\" role=\"button\" rel=\"noopener\">\n\t\t\t\t\tEn savoir plus\n\t<\/a>\n\t\t\tCOMMERCIALE\n\t\t\nNos conseillers techniques guident le client tout au long du processus de sp\u00e9cification et d\u2019achat. Notre \u00e9quipe de vente veille \u00e0 ce que chaque projet se d\u00e9roule sans probl\u00e8me, de la sp\u00e9cification jusqu\u2019\u00e0 la livraison et la mise en service.\n\n\n<strong>Babcock Wanson<\/strong> est reconnue pour ses solutions de chaufferie industrielle, de la fabrication jusqu\u2019\u00e0 l\u2019entretien et l\u2019assistance \u00e0 l\u2019exploitation.\n\n\n<strong>Babcock Wanson<\/strong> tire son succ\u00e8s de sa capacit\u00e9 \u00e0 proposer une gamme compl\u00e8te de <a href=\"https:\/\/www.babcock-wanson.com\/fr\/produits\/\">produits<\/a> et <a href=\"https:\/\/www.babcock-wanson.com\/fr\/nos-services\/\">services<\/a> pour les chaudi\u00e8res et chauffages des proc\u00e9d\u00e9s, tous adapt\u00e9s aux besoins individuels des clients.\n\n\nTous les produits fournis par <strong>Babcock Wanson<\/strong> sont enti\u00e8rement pris en charge, notamment gr\u00e2ce aux contrats de service et de maintenance sur mesure.\n\n\nEn plus d&rsquo;une gamme de produits de qualit\u00e9, <strong>Babcock Wanson Fournit \u00e9galement des solutions cl\u00e9 en main. Nous avons l&rsquo;expertise et l&rsquo;exp\u00e9rience pour personnaliser nos produits et nos syst\u00e8mes afin de d\u00e9velopper des solutions innovantes.<\/strong>\n\n\t\t\tTECHNIQUE\n\t\t\nNous sommes fiers d\u2019\u00eatre l\u2019un des principaux fournisseurs mondiaux d\u2019\u00e9quipements de chauffage industriel. Nous offrons \u00e0 nos clients industriels :\n\n<ul>\n<li> Efficacit\u00e9 \u00e9nerg\u00e9tique et performances environnementales<\/li>\n<li>Une gamme de produits \u00e0 l\u2019avant-garde de l\u2019innovation<\/li>\n<li>La force d\u2019un r\u00e9seau international, soutenu par un service local<\/li>\n<li>Une gamme exceptionnellement large de solutions de chauffage pour r\u00e9pondre aux besoins des clients<\/li>\n<li>Plus d\u2019un si\u00e8cle d\u2019expertise et d\u2019exp\u00e9rience en ing\u00e9nierie<\/li>\n<li>Solutions sur mesure, du produit aux contrats de service et de maintenance<\/li>\n<li>Assistance apr\u00e8s-vente compl\u00e8te<\/li>\n<li>Une approche ax\u00e9e sur les solutions<\/li>\n<li>Des milliers d\u2019installations et des clients satisfaits<\/li>\n<\/ul>\n\t\t\tIMPLANTATION\n\t\t<p>Depuis <a href=\"https:\/\/www.babcock-wanson.com\/fr\/qui-sommes-nous\/notre-histoire\/\">ses d\u00e9buts \u00e0 la fin du 19e si\u00e8cle<\/a>, <strong>Babcock Wanson<\/strong> s\u2019est impos\u00e9 comme un fournisseur international majeur d\u2019\u00e9quipements et de solutions de chauffage industriel.<\/p>\n<ul>\n<li>Une organisation internationale avec huit soci\u00e9t\u00e9s op\u00e9rant en Europe et dans le monde<\/li>\n<li>Deux usines principales en Europe, ainsi que d\u2019autres installations d\u2019ing\u00e9nierie et d\u2019assemblage<\/li>\n<li>Plus de 600 employ\u00e9s, dont plus de la moiti\u00e9 sont d\u00e9di\u00e9s \u00e0 la maintenance et au service apr\u00e8s-vente<\/li>\n<li>Un r\u00e9seau mondial de partenaires commerciaux et techniques<\/li>\n<li>Plus de 300 techniciens de maintenance \u00e0 travers l\u2019Europe<\/li>\n<\/ul>\n\t\t\t\t10,000+\n<h3>\n\tInstallations Globales\n\t<\/h3>\n\t<p>Plus de 600 employ\u00e9s, dont plus de la moiti\u00e9 d\u00e9di\u00e9e aux services apr\u00e8s-vente. Plus de 300 techniciens de maintenance en Europe, un r\u00e9seau mondial de partenaires techniques et commerciaux.<\/p>\n\t\t\t\t100+\n<h3>\n\tPays desservis\n\t<\/h3>\n\t<p>Une organisation internationale avec huit soci\u00e9t\u00e9s d\u2019exploitation en Europe et dans le monde. Deux principales usines de fabrication en Europe, en plus des diff\u00e9rents sites d\u2019ing\u00e9nierie et d\u2019assemblage.<\/p>\n<h2>\n\t\t<strong>Blog<\/strong> Technique\n\t<\/h2>\n<\/div><!-- .vgblk-rw-wrapper -->","protected":false},"excerpt":{"rendered":"<p>Espace t\u00e9l\u00e9chargement Notre espace t\u00e9l\u00e9chargement vous permet de t\u00e9l\u00e9charger les brochures et fiches techniques de notre gamme de produits au format PDF. En savoir plus R\u00e9glementation Normes r\u00e9glementaires europ\u00e9ennes relatives aux \u00e9quipements sous-pression qui doivent \u00eatre respect\u00e9es avant mise sur le march\u00e9 ou mise en service. En savoir plus Blog Technique Une s\u00e9lection d&rsquo;articles sign\u00e9s&#8230;<\/p>\n","protected":false},"author":1,"featured_media":0,"parent":0,"menu_order":0,"comment_status":"closed","ping_status":"closed","template":"","meta":{"_acf_changed":false,"_relevanssi_hide_post":"","_relevanssi_hide_content":"","_relevanssi_pin_for_all":"","_relevanssi_pin_keywords":"","_relevanssi_unpin_keywords":"","_relevanssi_related_keywords":"","_relevanssi_related_include_ids":"","_relevanssi_related_exclude_ids":"","_relevanssi_related_no_append":"","_relevanssi_related_not_related":"","_relevanssi_related_posts":"","_relevanssi_noindex_reason":"","footnotes":""},"class_list":["post-22930","page","type-page","status-publish","hentry"],"acf":[],"yoast_head":"<!-- This site is optimized with the Yoast SEO Premium plugin v27.4 (Yoast SEO v27.4) - https:\/\/yoast.com\/product\/yoast-seo-premium-wordpress\/ -->\n<title>Documentation Chaudi\u00e8res Industrielles - Babcock Wanson<\/title>\n<meta name=\"description\" content=\"Babcock Wanson pense qu&#039;un bon \u00e9quipement doit \u00eatre accompagn\u00e9 par un support de qualit\u00e9. Visitez notre site web pour consulter notre documentation en mati\u00e8re de chaudi\u00e8res industrielles ou pour nous contacter\" \/>\n<meta name=\"robots\" content=\"index, follow, max-snippet:-1, max-image-preview:large, max-video-preview:-1\" \/>\n<link rel=\"canonical\" href=\"https:\/\/www.babcock-wanson.com\/fr\/documentation\/\" \/>\n<meta property=\"og:locale\" content=\"fr_FR\" \/>\n<meta property=\"og:type\" content=\"article\" \/>\n<meta property=\"og:title\" content=\"Documentation\" \/>\n<meta property=\"og:description\" content=\"Babcock Wanson pense qu&#039;un bon \u00e9quipement doit \u00eatre accompagn\u00e9 par un support de qualit\u00e9. Visitez notre site web pour consulter notre documentation en mati\u00e8re de chaudi\u00e8res industrielles ou pour nous contacter\" \/>\n<meta property=\"og:url\" content=\"https:\/\/www.babcock-wanson.com\/fr\/documentation\/\" \/>\n<meta property=\"og:site_name\" content=\"Babcock Wanson\" \/>\n<meta property=\"article:modified_time\" content=\"2021-08-30T09:41:34+00:00\" \/>\n<meta property=\"og:image\" content=\"https:\/\/www.babcock-wanson.com\/wp-content\/uploads\/2024\/02\/Babcock-Wanson-1200x1200-1.png\" \/>\n\t<meta property=\"og:image:width\" content=\"1200\" \/>\n\t<meta property=\"og:image:height\" content=\"1200\" \/>\n\t<meta property=\"og:image:type\" content=\"image\/png\" \/>\n<meta name=\"twitter:card\" content=\"summary_large_image\" \/>\n<meta name=\"twitter:label1\" content=\"Est. reading time\" \/>\n\t<meta name=\"twitter:data1\" content=\"3 minutes\" \/>\n<script type=\"application\/ld+json\" class=\"yoast-schema-graph\">{\"@context\":\"https:\\\/\\\/schema.org\",\"@graph\":[{\"@type\":\"WebPage\",\"@id\":\"https:\\\/\\\/www.babcock-wanson.com\\\/fr\\\/documentation\\\/\",\"url\":\"https:\\\/\\\/www.babcock-wanson.com\\\/fr\\\/documentation\\\/\",\"name\":\"Documentation Chaudi\u00e8res Industrielles - Babcock Wanson\",\"isPartOf\":{\"@id\":\"https:\\\/\\\/www.babcock-wanson.com\\\/fr\\\/#website\"},\"datePublished\":\"2018-07-16T19:44:54+00:00\",\"dateModified\":\"2021-08-30T09:41:34+00:00\",\"description\":\"Babcock Wanson pense qu'un bon \u00e9quipement doit \u00eatre accompagn\u00e9 par un support de qualit\u00e9. Visitez notre site web pour consulter notre documentation en mati\u00e8re de chaudi\u00e8res industrielles ou pour nous contacter\",\"breadcrumb\":{\"@id\":\"https:\\\/\\\/www.babcock-wanson.com\\\/fr\\\/documentation\\\/#breadcrumb\"},\"inLanguage\":\"fr-FR\",\"potentialAction\":[{\"@type\":\"ReadAction\",\"target\":[\"https:\\\/\\\/www.babcock-wanson.com\\\/fr\\\/documentation\\\/\"]}]},{\"@type\":\"BreadcrumbList\",\"@id\":\"https:\\\/\\\/www.babcock-wanson.com\\\/fr\\\/documentation\\\/#breadcrumb\",\"itemListElement\":[{\"@type\":\"ListItem\",\"position\":1,\"name\":\"Accueil\",\"item\":\"https:\\\/\\\/www.babcock-wanson.com\\\/fr\\\/\"},{\"@type\":\"ListItem\",\"position\":2,\"name\":\"Documentation\"}]},{\"@type\":\"WebSite\",\"@id\":\"https:\\\/\\\/www.babcock-wanson.com\\\/fr\\\/#website\",\"url\":\"https:\\\/\\\/www.babcock-wanson.com\\\/fr\\\/\",\"name\":\"Babcock Wanson\",\"description\":\"\",\"publisher\":{\"@id\":\"https:\\\/\\\/www.babcock-wanson.com\\\/fr\\\/#organization\"},\"potentialAction\":[{\"@type\":\"SearchAction\",\"target\":{\"@type\":\"EntryPoint\",\"urlTemplate\":\"https:\\\/\\\/www.babcock-wanson.com\\\/fr\\\/?s={search_term_string}\"},\"query-input\":{\"@type\":\"PropertyValueSpecification\",\"valueRequired\":true,\"valueName\":\"search_term_string\"}}],\"inLanguage\":\"fr-FR\"},{\"@type\":\"Organization\",\"@id\":\"https:\\\/\\\/www.babcock-wanson.com\\\/fr\\\/#organization\",\"name\":\"Babcock Wanson\",\"url\":\"https:\\\/\\\/www.babcock-wanson.com\\\/fr\\\/\",\"logo\":{\"@type\":\"ImageObject\",\"inLanguage\":\"fr-FR\",\"@id\":\"https:\\\/\\\/www.babcock-wanson.com\\\/fr\\\/#\\\/schema\\\/logo\\\/image\\\/\",\"url\":\"https:\\\/\\\/www.babcock-wanson.com\\\/wp-content\\\/uploads\\\/2024\\\/02\\\/Babcock-Wanson-1200x1200-1.png\",\"contentUrl\":\"https:\\\/\\\/www.babcock-wanson.com\\\/wp-content\\\/uploads\\\/2024\\\/02\\\/Babcock-Wanson-1200x1200-1.png\",\"width\":1200,\"height\":1200,\"caption\":\"Babcock Wanson\"},\"image\":{\"@id\":\"https:\\\/\\\/www.babcock-wanson.com\\\/fr\\\/#\\\/schema\\\/logo\\\/image\\\/\"},\"sameAs\":[\"https:\\\/\\\/www.linkedin.com\\\/company\\\/babcock-wanson\\\/\",\"https:\\\/\\\/www.youtube.com\\\/channel\\\/UCtxl25VieBBsP2kYmtlyv7A\"]}]}<\/script>\n<!-- \/ Yoast SEO Premium plugin. -->","yoast_head_json":{"title":"Documentation Chaudi\u00e8res Industrielles - Babcock Wanson","description":"Babcock Wanson pense qu'un bon \u00e9quipement doit \u00eatre accompagn\u00e9 par un support de qualit\u00e9. Visitez notre site web pour consulter notre documentation en mati\u00e8re de chaudi\u00e8res industrielles ou pour nous contacter","robots":{"index":"index","follow":"follow","max-snippet":"max-snippet:-1","max-image-preview":"max-image-preview:large","max-video-preview":"max-video-preview:-1"},"canonical":"https:\/\/www.babcock-wanson.com\/fr\/documentation\/","og_locale":"fr_FR","og_type":"article","og_title":"Documentation","og_description":"Babcock Wanson pense qu'un bon \u00e9quipement doit \u00eatre accompagn\u00e9 par un support de qualit\u00e9. Visitez notre site web pour consulter notre documentation en mati\u00e8re de chaudi\u00e8res industrielles ou pour nous contacter","og_url":"https:\/\/www.babcock-wanson.com\/fr\/documentation\/","og_site_name":"Babcock Wanson","article_modified_time":"2021-08-30T09:41:34+00:00","og_image":[{"width":1200,"height":1200,"url":"https:\/\/www.babcock-wanson.com\/wp-content\/uploads\/2024\/02\/Babcock-Wanson-1200x1200-1.png","type":"image\/png"}],"twitter_card":"summary_large_image","twitter_misc":{"Est. reading time":"3 minutes"},"schema":{"@context":"https:\/\/schema.org","@graph":[{"@type":"WebPage","@id":"https:\/\/www.babcock-wanson.com\/fr\/documentation\/","url":"https:\/\/www.babcock-wanson.com\/fr\/documentation\/","name":"Documentation Chaudi\u00e8res Industrielles - Babcock Wanson","isPartOf":{"@id":"https:\/\/www.babcock-wanson.com\/fr\/#website"},"datePublished":"2018-07-16T19:44:54+00:00","dateModified":"2021-08-30T09:41:34+00:00","description":"Babcock Wanson pense qu'un bon \u00e9quipement doit \u00eatre accompagn\u00e9 par un support de qualit\u00e9. Visitez notre site web pour consulter notre documentation en mati\u00e8re de chaudi\u00e8res industrielles ou pour nous contacter","breadcrumb":{"@id":"https:\/\/www.babcock-wanson.com\/fr\/documentation\/#breadcrumb"},"inLanguage":"fr-FR","potentialAction":[{"@type":"ReadAction","target":["https:\/\/www.babcock-wanson.com\/fr\/documentation\/"]}]},{"@type":"BreadcrumbList","@id":"https:\/\/www.babcock-wanson.com\/fr\/documentation\/#breadcrumb","itemListElement":[{"@type":"ListItem","position":1,"name":"Accueil","item":"https:\/\/www.babcock-wanson.com\/fr\/"},{"@type":"ListItem","position":2,"name":"Documentation"}]},{"@type":"WebSite","@id":"https:\/\/www.babcock-wanson.com\/fr\/#website","url":"https:\/\/www.babcock-wanson.com\/fr\/","name":"Babcock Wanson","description":"","publisher":{"@id":"https:\/\/www.babcock-wanson.com\/fr\/#organization"},"potentialAction":[{"@type":"SearchAction","target":{"@type":"EntryPoint","urlTemplate":"https:\/\/www.babcock-wanson.com\/fr\/?s={search_term_string}"},"query-input":{"@type":"PropertyValueSpecification","valueRequired":true,"valueName":"search_term_string"}}],"inLanguage":"fr-FR"},{"@type":"Organization","@id":"https:\/\/www.babcock-wanson.com\/fr\/#organization","name":"Babcock Wanson","url":"https:\/\/www.babcock-wanson.com\/fr\/","logo":{"@type":"ImageObject","inLanguage":"fr-FR","@id":"https:\/\/www.babcock-wanson.com\/fr\/#\/schema\/logo\/image\/","url":"https:\/\/www.babcock-wanson.com\/wp-content\/uploads\/2024\/02\/Babcock-Wanson-1200x1200-1.png","contentUrl":"https:\/\/www.babcock-wanson.com\/wp-content\/uploads\/2024\/02\/Babcock-Wanson-1200x1200-1.png","width":1200,"height":1200,"caption":"Babcock Wanson"},"image":{"@id":"https:\/\/www.babcock-wanson.com\/fr\/#\/schema\/logo\/image\/"},"sameAs":["https:\/\/www.linkedin.com\/company\/babcock-wanson\/","https:\/\/www.youtube.com\/channel\/UCtxl25VieBBsP2kYmtlyv7A"]}]}},"jetpack_sharing_enabled":true,"_links":{"self":[{"href":"https:\/\/www.babcock-wanson.com\/fr\/wp-json\/wp\/v2\/pages\/22930","targetHints":{"allow":["GET"]}}],"collection":[{"href":"https:\/\/www.babcock-wanson.com\/fr\/wp-json\/wp\/v2\/pages"}],"about":[{"href":"https:\/\/www.babcock-wanson.com\/fr\/wp-json\/wp\/v2\/types\/page"}],"author":[{"embeddable":true,"href":"https:\/\/www.babcock-wanson.com\/fr\/wp-json\/wp\/v2\/users\/1"}],"replies":[{"embeddable":true,"href":"https:\/\/www.babcock-wanson.com\/fr\/wp-json\/wp\/v2\/comments?post=22930"}],"version-history":[{"count":15,"href":"https:\/\/www.babcock-wanson.com\/fr\/wp-json\/wp\/v2\/pages\/22930\/revisions"}],"predecessor-version":[{"id":39882,"href":"https:\/\/www.babcock-wanson.com\/fr\/wp-json\/wp\/v2\/pages\/22930\/revisions\/39882"}],"wp:attachment":[{"href":"https:\/\/www.babcock-wanson.com\/fr\/wp-json\/wp\/v2\/media?parent=22930"}],"curies":[{"name":"wp","href":"https:\/\/api.w.org\/{rel}","templated":true}]}}